{"id":42349,"date":"2023-06-08T18:44:09","date_gmt":"2023-06-08T16:44:09","guid":{"rendered":"https:\/\/prismagamers.com\/produkt\/halaszat-eszak-atlanti-halaszat-2\/"},"modified":"2023-06-08T18:44:09","modified_gmt":"2023-06-08T16:44:09","slug":"halaszat-eszak-atlanti-halaszat-2","status":"publish","type":"product","link":"https:\/\/prismagamers.com\/hu\/produkt\/halaszat-eszak-atlanti-halaszat-2\/","title":{"rendered":"Hal\u00e1szat: \u00c9szak-atlanti hal\u00e1szat"},"content":{"rendered":"<p><span lang=\"pl-PL\">A Fishing: Barents Sea c\u00edm\u0171 n\u00e9pszer\u0171 szimul\u00e1ci\u00f3s j\u00e1t\u00e9k folytat\u00e1sa ism\u00e9t a kezedbe adja a kapit\u00e1nyi kalapot: Fedezze fel az \u00daj-Sk\u00f3cia el\u0151tti nagy \u00f3ce\u00e1nt, pr\u00f3b\u00e1lja ki a vadonat\u00faj hal\u00e1szati m\u00f3dszereket, \u00e9s \u00e9lvezze a rendk\u00edv\u00fcl r\u00e9szletes haj\u00f3k sz\u00e9les v\u00e1laszt\u00e9k\u00e1t a Fishing: North Atlantic kereskedelmi hal\u00e1szati szimul\u00e1torban.<\/span><\/p>\n<p><span lang=\"pl-PL\"><b>VAD\u00c1SZNI \u00c9S FELFEDEZNI<\/b><\/span><\/p>\n<p><span lang=\"pl-PL\">Fedezze fel a [i]kanadai \u00daj-Sk\u00f3cia[\/i] fens\u00e9ges vil\u00e1g\u00e1t, mik\u00f6zben \u00e9lvezheti az \u00f3ce\u00e1n \u00e9l\u0151vil\u00e1g\u00e1nak soksz\u00edn\u0171s\u00e9g\u00e9t. Fedezd fel a hal\u00e1szati z\u00f3n\u00e1kat fejleszthet\u0151 haj\u00f3kkal \u00e9s felszerel\u00e9sekkel, fokozatosan haladva a karrieredben. <\/span><\/p>\n<p><span lang=\"pl-PL\"><b>RE\u00c1LIS VIL\u00c1G<\/b><\/span><\/p>\n<p><span lang=\"pl-PL\">El\u0151z\u0151 j\u00e1t\u00e9kunkhoz, a Fishing Barents Sea-hez hasonl\u00f3an a Fishing: North Atlantic is egy hangulatos \u00e9s val\u00f3s\u00e1gh\u0171 j\u00e1t\u00e9kvil\u00e1got k\u00edn\u00e1l, amely val\u00f3di t\u00e9rk\u00e9peken, haj\u00f3kon \u00e9s halfajokon alapul. K\u00e9sz\u00fclj fel a tov\u00e1bbfejlesztett l\u00e9gk\u00f6ri effektusokkal ell\u00e1tott \u00faj id\u0151j\u00e1r\u00e1si rendszerekre, az \u00e9szak-amerikai haj\u00f3kra \u00e9s olyan hal\u00e1szati technik\u00e1kra, mint a szigonyos hal\u00e1szat, a m\u00e9lytengeri zsin\u00f3rok \u00e9s a hom\u00e1rcsapd\u00e1k. A nagyobb haj\u00f3k \u00e9s jobb felszerel\u00e9sek megv\u00e1s\u00e1rl\u00e1s\u00e1val fejlesztheted hal\u00e1szati k\u00e9pess\u00e9geidet.  <\/span><\/p>\n<p><span lang=\"pl-PL\"><b>HAL\u00c1SZHAJ\u00d3K<\/b><\/span><\/p>\n<p><span lang=\"pl-PL\">[b]Horg\u00e1szat: \u00c9szak-Atlanti[\/b] 27 haj\u00f3t k\u00edn\u00e1l, amelyek k\u00e9szen \u00e1llnak a hal\u00e1szat minden st\u00edlus\u00e1ra \u00e9s technik\u00e1j\u00e1ra, p\u00e9ld\u00e1ul a kardhal \u00e9s tonhal hal\u00e1szat\u00e1ra szolg\u00e1l\u00f3 szigonyos hal\u00e1szatra. Kezdje a szigonyos vad\u00e1szatot, majd t\u00e9rjen \u00e1t a m\u00e9lytengeri zsin\u00f3rok bedob\u00e1s\u00e1ra vagy a hom\u00e1r \u00e9s a h\u00f3rihorgas r\u00e1kok fog\u00e1s\u00e1ra. Megismerkedhet a horogsoros, a h\u00e1l\u00f3s \u00e9s a von\u00f3h\u00e1l\u00f3s hal\u00e1szattal is. K\u00e9szen \u00e1llsz a kih\u00edv\u00e1sra?   <\/span><\/p>\n<p><span lang=\"pl-PL\"><b>KARRIERE<\/b><\/span><\/p>\n<p><span lang=\"pl-PL\">Tervezze meg horg\u00e1szkarrierj\u00e9nek eg\u00e9sz \u00e9ves menet\u00e9t: N\u00e9zz szembe az es\u0151vel \u00e9s a h\u00f3val, mik\u00f6zben a legjobb horg\u00e1szhelyeket keresed, de vigy\u00e1zz, hogy ne l\u00e9pd t\u00fal a fog\u00e1si limitet! Az \u00faj, fejlett halak mesters\u00e9ges intelligenci\u00e1ja azt jelenti, hogy id\u0151j\u00e1r\u00e1st\u00f3l \u00e9s \u00e9vszakt\u00f3l f\u00fcggetlen\u00fcl GPS \u00e9s szon\u00e1r seg\u00edts\u00e9g\u00e9vel kell k\u00f6vetned a potenci\u00e1lis zs\u00e1km\u00e1ny mozg\u00e1s\u00e1t. <\/span><\/p>\n","protected":false},"excerpt":{"rendered":"<p>Kereskedelmi hal\u00e1szat az Atlanti-\u00f3ce\u00e1n \u00e9szaki r\u00e9sz\u00e9n! Fedezze fel a kanadai \u00daj-Sk\u00f3cia fens\u00e9ges vil\u00e1g\u00e1t, mik\u00f6zben \u00e9lvezheti az \u00f3ce\u00e1ni \u00e9let soksz\u00edn\u0171s\u00e9g\u00e9t. Keresd a szerencs\u00e9det a tengeren a korszer\u0171s\u00edtett haj\u00f3k \u00e9s a k\u00fcl\u00f6nf\u00e9le hal\u00e1szfelszerel\u00e9sek seg\u00edts\u00e9g\u00e9vel, mik\u00f6zben lassan fejl\u0151dsz a karrieredben.  <\/p>\n<p><img decoding=\"async\" class=\"emoji\" role=\"img\" draggable=\"false\" src=\"https:\/\/s.w.org\/images\/core\/emoji\/14.0.0\/svg\/1f30d.svg\" alt=\"\ud83c\udf0d\">  Glob\u00e1lis<br \/>\n<img decoding=\"async\" class=\"emoji\" role=\"img\" draggable=\"false\" src=\"https:\/\/s.w.org\/images\/core\/emoji\/14.0.0\/svg\/2699.svg\" alt=\"\u2699\ufe0f\">  G\u0151z<br \/>\n<img decoding=\"async\" class=\"emoji\" role=\"img\" draggable=\"false\" src=\"https:\/\/s.w.org\/images\/core\/emoji\/14.0.0\/svg\/1f5dd.svg\" alt=\"\ud83d\udddd\">  Digit\u00e1lis kulcs<\/p>\n","protected":false},"featured_media":37069,"template":"","meta":{"_acf_changed":false,"site-sidebar-layout":"default","site-content-layout":"default","ast-site-content-layout":"default","site-content-style":"default","site-sidebar-style":"default","ast-global-header-display":"","ast-banner-title-visibility":"","ast-main-header-display":"","ast-hfb-above-header-display":"","ast-hfb-below-header-display":"","ast-hfb-mobile-header-display":"","site-post-title":"","ast-breadcrumbs-content":"","ast-featured-img":"","footer-sml-layout":"","ast-disable-related-posts":"","theme-transparent-header-meta":"default","adv-header-id-meta":"","stick-header-meta":"","header-above-stick-meta":"","header-main-stick-meta":"","header-below-stick-meta":"","astra-migrate-meta-layouts":"default","ast-page-background-enabled":"default","ast-page-background-meta":{"desktop":{"background-color":"var(--ast-global-color-4)","background-image":"","background-repeat":"repeat","background-position":"center center","background-size":"auto","background-attachment":"scroll","background-type":"","background-media":"","overlay-type":"","overlay-color":"","overlay-opacity":"","overlay-gradient":""},"tablet":{"background-color":"","background-image":"","background-repeat":"repeat","background-position":"center center","background-size":"auto","background-attachment":"scroll","background-type":"","background-media":"","overlay-type":"","overlay-color":"","overlay-opacity":"","overlay-gradient":""},"mobile":{"background-color":"","background-image":"","background-repeat":"repeat","background-position":"center center","background-size":"auto","background-attachment":"scroll","background-type":"","background-media":"","overlay-type":"","overlay-color":"","overlay-opacity":"","overlay-gradient":""}},"ast-content-background-meta":{"desktop":{"background-color":"var(--ast-global-color-5)","background-image":"","background-repeat":"repeat","background-position":"center center","background-size":"auto","background-attachment":"scroll","background-type":"","background-media":"","overlay-type":"","overlay-color":"","overlay-opacity":"","overlay-gradient":""},"tablet":{"background-color":"var(--ast-global-color-5)","background-image":"","background-repeat":"repeat","background-position":"center center","background-size":"auto","background-attachment":"scroll","background-type":"","background-media":"","overlay-type":"","overlay-color":"","overlay-opacity":"","overlay-gradient":""},"mobile":{"background-color":"var(--ast-global-color-5)","background-image":"","background-repeat":"repeat","background-position":"center center","background-size":"auto","background-attachment":"scroll","background-type":"","background-media":"","overlay-type":"","overlay-color":"","overlay-opacity":"","overlay-gradient":""}}},"product_brand":[],"product_cat":[394,365,372,378,367],"product_tag":[],"class_list":{"0":"post-42349","1":"product","2":"type-product","3":"status-publish","4":"has-post-thumbnail","6":"product_cat-digitalis-jatekok","7":"product_cat-goz","8":"product_cat-jatekok-szimulatorok","9":"product_cat-minden-digitalis-jatek","10":"product_cat-pc-jatekok","11":"desktop-align-left","12":"tablet-align-left","13":"mobile-align-left","15":"first","16":"instock","17":"shipping-taxable","18":"purchasable","19":"product-type-simple"},"acf":[],"yoast_head":"<!-- This site is optimized with the Yoast SEO Premium plugin v27.4 (Yoast SEO v27.4) - https:\/\/yoast.com\/product\/yoast-seo-premium-wordpress\/ -->\n<title>Hal\u00e1szat: \u00c9szak-atlanti hal\u00e1szat - Prismagamers.com<\/title>\n<meta name=\"description\" content=\"Kereskedelmi hal\u00e1szat az Atlanti-\u00f3ce\u00e1n \u00e9szaki r\u00e9sz\u00e9n! Fedezze fel a kanadai \u00daj-Sk\u00f3cia fens\u00e9ges vil\u00e1g\u00e1t, mik\u00f6zben \u00e9lvezheti az \u00f3ce\u00e1ni \u00e9let soksz\u00edn\u0171s\u00e9g\u00e9t. Keresd a szerencs\u00e9det a tengeren a korszer\u0171s\u00edtett haj\u00f3k \u00e9s a k\u00fcl\u00f6nf\u00e9le hal\u00e1szfelszerel\u00e9sek seg\u00edts\u00e9g\u00e9vel, mik\u00f6zben lassan fejl\u0151dsz a karrieredben.   Glob\u00e1lis  G\u0151z  Digit\u00e1lis kulcs\" \/>\n<meta name=\"robots\" content=\"index, follow, max-snippet:-1, max-image-preview:large, max-video-preview:-1\" \/>\n<link rel=\"canonical\" href=\"https:\/\/prismagamers.com\/hu\/produkt\/halaszat-eszak-atlanti-halaszat-2\/\" \/>\n<meta property=\"og:locale\" content=\"hu_HU\" \/>\n<meta property=\"og:type\" content=\"article\" \/>\n<meta property=\"og:title\" content=\"Hal\u00e1szat: \u00c9szak-atlanti hal\u00e1szat\" \/>\n<meta property=\"og:description\" content=\"Kereskedelmi hal\u00e1szat az Atlanti-\u00f3ce\u00e1n \u00e9szaki r\u00e9sz\u00e9n! Fedezze fel a kanadai \u00daj-Sk\u00f3cia fens\u00e9ges vil\u00e1g\u00e1t, mik\u00f6zben \u00e9lvezheti az \u00f3ce\u00e1ni \u00e9let soksz\u00edn\u0171s\u00e9g\u00e9t. Keresd a szerencs\u00e9det a tengeren a korszer\u0171s\u00edtett haj\u00f3k \u00e9s a k\u00fcl\u00f6nf\u00e9le hal\u00e1szfelszerel\u00e9sek seg\u00edts\u00e9g\u00e9vel, mik\u00f6zben lassan fejl\u0151dsz a karrieredben.   Glob\u00e1lis  G\u0151z  Digit\u00e1lis kulcs\" \/>\n<meta property=\"og:url\" content=\"https:\/\/prismagamers.com\/hu\/produkt\/halaszat-eszak-atlanti-halaszat-2\/\" \/>\n<meta property=\"og:site_name\" content=\"Prismagamers.com\" \/>\n<meta property=\"article:publisher\" content=\"https:\/\/www.facebook.com\/prismagamers\" \/>\n<meta property=\"og:image\" content=\"https:\/\/prismagamers.com\/wp-content\/uploads\/2023\/06\/Fishing_North_Atlantic_gb.jpeg\" \/>\n\t<meta property=\"og:image:width\" content=\"700\" \/>\n\t<meta property=\"og:image:height\" content=\"1011\" \/>\n\t<meta property=\"og:image:type\" content=\"image\/jpeg\" \/>\n<meta name=\"twitter:card\" content=\"summary_large_image\" \/>\n<meta name=\"twitter:label1\" content=\"Becs\u00fclt olvas\u00e1si id\u0151\" \/>\n\t<meta name=\"twitter:data1\" content=\"2 perc\" \/>\n<script type=\"application\/ld+json\" class=\"yoast-schema-graph\">{\"@context\":\"https:\\\/\\\/schema.org\",\"@graph\":[{\"@type\":\"WebPage\",\"@id\":\"https:\\\/\\\/prismagamers.com\\\/hu\\\/produkt\\\/halaszat-eszak-atlanti-halaszat-2\\\/\",\"url\":\"https:\\\/\\\/prismagamers.com\\\/hu\\\/produkt\\\/halaszat-eszak-atlanti-halaszat-2\\\/\",\"name\":\"Hal\u00e1szat: \u00c9szak-atlanti hal\u00e1szat - Prismagamers.com\",\"isPartOf\":{\"@id\":\"https:\\\/\\\/prismagamers.com\\\/hu\\\/#website\"},\"primaryImageOfPage\":{\"@id\":\"https:\\\/\\\/prismagamers.com\\\/hu\\\/produkt\\\/halaszat-eszak-atlanti-halaszat-2\\\/#primaryimage\"},\"image\":{\"@id\":\"https:\\\/\\\/prismagamers.com\\\/hu\\\/produkt\\\/halaszat-eszak-atlanti-halaszat-2\\\/#primaryimage\"},\"thumbnailUrl\":\"https:\\\/\\\/prismagamers.com\\\/wp-content\\\/uploads\\\/2023\\\/06\\\/Fishing_North_Atlantic_gb.jpeg\",\"datePublished\":\"2023-06-08T16:44:09+00:00\",\"description\":\"Kereskedelmi hal\u00e1szat az Atlanti-\u00f3ce\u00e1n \u00e9szaki r\u00e9sz\u00e9n! Fedezze fel a kanadai \u00daj-Sk\u00f3cia fens\u00e9ges vil\u00e1g\u00e1t, mik\u00f6zben \u00e9lvezheti az \u00f3ce\u00e1ni \u00e9let soksz\u00edn\u0171s\u00e9g\u00e9t. Keresd a szerencs\u00e9det a tengeren a korszer\u0171s\u00edtett haj\u00f3k \u00e9s a k\u00fcl\u00f6nf\u00e9le hal\u00e1szfelszerel\u00e9sek seg\u00edts\u00e9g\u00e9vel, mik\u00f6zben lassan fejl\u0151dsz a karrieredben. Glob\u00e1lis G\u0151z Digit\u00e1lis kulcs\",\"breadcrumb\":{\"@id\":\"https:\\\/\\\/prismagamers.com\\\/hu\\\/produkt\\\/halaszat-eszak-atlanti-halaszat-2\\\/#breadcrumb\"},\"inLanguage\":\"hu\",\"potentialAction\":[{\"@type\":\"ReadAction\",\"target\":[\"https:\\\/\\\/prismagamers.com\\\/hu\\\/produkt\\\/halaszat-eszak-atlanti-halaszat-2\\\/\"]}]},{\"@type\":\"ImageObject\",\"inLanguage\":\"hu\",\"@id\":\"https:\\\/\\\/prismagamers.com\\\/hu\\\/produkt\\\/halaszat-eszak-atlanti-halaszat-2\\\/#primaryimage\",\"url\":\"https:\\\/\\\/prismagamers.com\\\/wp-content\\\/uploads\\\/2023\\\/06\\\/Fishing_North_Atlantic_gb.jpeg\",\"contentUrl\":\"https:\\\/\\\/prismagamers.com\\\/wp-content\\\/uploads\\\/2023\\\/06\\\/Fishing_North_Atlantic_gb.jpeg\",\"width\":700,\"height\":1011},{\"@type\":\"BreadcrumbList\",\"@id\":\"https:\\\/\\\/prismagamers.com\\\/hu\\\/produkt\\\/halaszat-eszak-atlanti-halaszat-2\\\/#breadcrumb\",\"itemListElement\":[{\"@type\":\"ListItem\",\"position\":1,\"name\":\"Strona g\u0142\u00f3wna\",\"item\":\"https:\\\/\\\/prismagamers.com\\\/hu\\\/prismagamers\\\/\"},{\"@type\":\"ListItem\",\"position\":2,\"name\":\"Shop\",\"item\":\"https:\\\/\\\/prismagamers.com\\\/hu\\\/shop\\\/\"},{\"@type\":\"ListItem\",\"position\":3,\"name\":\"Hal\u00e1szat: \u00c9szak-atlanti hal\u00e1szat\"}]},{\"@type\":\"WebSite\",\"@id\":\"https:\\\/\\\/prismagamers.com\\\/hu\\\/#website\",\"url\":\"https:\\\/\\\/prismagamers.com\\\/hu\\\/\",\"name\":\"Prismagamers\",\"description\":\"Sklep z grami PC I Sklep klucze Steam\",\"publisher\":{\"@id\":\"https:\\\/\\\/prismagamers.com\\\/hu\\\/#organization\"},\"potentialAction\":[{\"@type\":\"SearchAction\",\"target\":{\"@type\":\"EntryPoint\",\"urlTemplate\":\"https:\\\/\\\/prismagamers.com\\\/hu\\\/?s={search_term_string}\"},\"query-input\":{\"@type\":\"PropertyValueSpecification\",\"valueRequired\":true,\"valueName\":\"search_term_string\"}}],\"inLanguage\":\"hu\"},{\"@type\":\"Organization\",\"@id\":\"https:\\\/\\\/prismagamers.com\\\/hu\\\/#organization\",\"name\":\"Prismagamers\",\"url\":\"https:\\\/\\\/prismagamers.com\\\/hu\\\/\",\"logo\":{\"@type\":\"ImageObject\",\"inLanguage\":\"hu\",\"@id\":\"https:\\\/\\\/prismagamers.com\\\/hu\\\/#\\\/schema\\\/logo\\\/image\\\/\",\"url\":\"https:\\\/\\\/prismagamers.com\\\/wp-content\\\/uploads\\\/2022\\\/04\\\/cropped-logo-Prismagamers-01-scaled-1.jpg\",\"contentUrl\":\"https:\\\/\\\/prismagamers.com\\\/wp-content\\\/uploads\\\/2022\\\/04\\\/cropped-logo-Prismagamers-01-scaled-1.jpg\",\"width\":512,\"height\":512,\"caption\":\"Prismagamers\"},\"image\":{\"@id\":\"https:\\\/\\\/prismagamers.com\\\/hu\\\/#\\\/schema\\\/logo\\\/image\\\/\"},\"sameAs\":[\"https:\\\/\\\/www.facebook.com\\\/prismagamers\",\"https:\\\/\\\/www.instagram.com\\\/prismagamers_grycyfrowe\\\/\"],\"description\":\"Prismagamers.com to dynamiczny sklep z grami cyfrowymi, stworzony z my\u015bl\u0105 o entuzjastach gier wideo. Nasza strona oferuje szerok\u0105 gam\u0119 gier komputerowych, w tym najnowsze tytu\u0142y, dobrze znane klasyki oraz gry stworzone przez niezale\u017cne studia Ca\u0142y czas d\u0105\u017cymy do rozszerzenia naszej oferty. Do\u0142\u0105cz do nas i sta\u0144 si\u0119 cz\u0119\u015bci\u0105 naszej rosn\u0105cej spo\u0142eczno\u015bci graczy!\",\"email\":\"shop@prismagamers.com\",\"telephone\":\"48795541705\",\"legalName\":\"East Caravan Maksym \u017bukow\",\"foundingDate\":\"2012-05-10\",\"vatID\":\"PL8943038612\",\"taxID\":\"PL8943038612\",\"numberOfEmployees\":{\"@type\":\"QuantitativeValue\",\"minValue\":\"11\",\"maxValue\":\"50\"}}]}<\/script>\n<!-- \/ Yoast SEO Premium plugin. -->","yoast_head_json":{"title":"Hal\u00e1szat: \u00c9szak-atlanti hal\u00e1szat - Prismagamers.com","description":"Kereskedelmi hal\u00e1szat az Atlanti-\u00f3ce\u00e1n \u00e9szaki r\u00e9sz\u00e9n! Fedezze fel a kanadai \u00daj-Sk\u00f3cia fens\u00e9ges vil\u00e1g\u00e1t, mik\u00f6zben \u00e9lvezheti az \u00f3ce\u00e1ni \u00e9let soksz\u00edn\u0171s\u00e9g\u00e9t. Keresd a szerencs\u00e9det a tengeren a korszer\u0171s\u00edtett haj\u00f3k \u00e9s a k\u00fcl\u00f6nf\u00e9le hal\u00e1szfelszerel\u00e9sek seg\u00edts\u00e9g\u00e9vel, mik\u00f6zben lassan fejl\u0151dsz a karrieredben.   Glob\u00e1lis  G\u0151z  Digit\u00e1lis kulcs","robots":{"index":"index","follow":"follow","max-snippet":"max-snippet:-1","max-image-preview":"max-image-preview:large","max-video-preview":"max-video-preview:-1"},"canonical":"https:\/\/prismagamers.com\/hu\/produkt\/halaszat-eszak-atlanti-halaszat-2\/","og_locale":"hu_HU","og_type":"article","og_title":"Hal\u00e1szat: \u00c9szak-atlanti hal\u00e1szat","og_description":"Kereskedelmi hal\u00e1szat az Atlanti-\u00f3ce\u00e1n \u00e9szaki r\u00e9sz\u00e9n! Fedezze fel a kanadai \u00daj-Sk\u00f3cia fens\u00e9ges vil\u00e1g\u00e1t, mik\u00f6zben \u00e9lvezheti az \u00f3ce\u00e1ni \u00e9let soksz\u00edn\u0171s\u00e9g\u00e9t. Keresd a szerencs\u00e9det a tengeren a korszer\u0171s\u00edtett haj\u00f3k \u00e9s a k\u00fcl\u00f6nf\u00e9le hal\u00e1szfelszerel\u00e9sek seg\u00edts\u00e9g\u00e9vel, mik\u00f6zben lassan fejl\u0151dsz a karrieredben.   Glob\u00e1lis  G\u0151z  Digit\u00e1lis kulcs","og_url":"https:\/\/prismagamers.com\/hu\/produkt\/halaszat-eszak-atlanti-halaszat-2\/","og_site_name":"Prismagamers.com","article_publisher":"https:\/\/www.facebook.com\/prismagamers","og_image":[{"width":700,"height":1011,"url":"https:\/\/prismagamers.com\/wp-content\/uploads\/2023\/06\/Fishing_North_Atlantic_gb.jpeg","type":"image\/jpeg"}],"twitter_card":"summary_large_image","twitter_misc":{"Becs\u00fclt olvas\u00e1si id\u0151":"2 perc"},"schema":{"@context":"https:\/\/schema.org","@graph":[{"@type":"WebPage","@id":"https:\/\/prismagamers.com\/hu\/produkt\/halaszat-eszak-atlanti-halaszat-2\/","url":"https:\/\/prismagamers.com\/hu\/produkt\/halaszat-eszak-atlanti-halaszat-2\/","name":"Hal\u00e1szat: \u00c9szak-atlanti hal\u00e1szat - Prismagamers.com","isPartOf":{"@id":"https:\/\/prismagamers.com\/hu\/#website"},"primaryImageOfPage":{"@id":"https:\/\/prismagamers.com\/hu\/produkt\/halaszat-eszak-atlanti-halaszat-2\/#primaryimage"},"image":{"@id":"https:\/\/prismagamers.com\/hu\/produkt\/halaszat-eszak-atlanti-halaszat-2\/#primaryimage"},"thumbnailUrl":"https:\/\/prismagamers.com\/wp-content\/uploads\/2023\/06\/Fishing_North_Atlantic_gb.jpeg","datePublished":"2023-06-08T16:44:09+00:00","description":"Kereskedelmi hal\u00e1szat az Atlanti-\u00f3ce\u00e1n \u00e9szaki r\u00e9sz\u00e9n! Fedezze fel a kanadai \u00daj-Sk\u00f3cia fens\u00e9ges vil\u00e1g\u00e1t, mik\u00f6zben \u00e9lvezheti az \u00f3ce\u00e1ni \u00e9let soksz\u00edn\u0171s\u00e9g\u00e9t. Keresd a szerencs\u00e9det a tengeren a korszer\u0171s\u00edtett haj\u00f3k \u00e9s a k\u00fcl\u00f6nf\u00e9le hal\u00e1szfelszerel\u00e9sek seg\u00edts\u00e9g\u00e9vel, mik\u00f6zben lassan fejl\u0151dsz a karrieredben. Glob\u00e1lis G\u0151z Digit\u00e1lis kulcs","breadcrumb":{"@id":"https:\/\/prismagamers.com\/hu\/produkt\/halaszat-eszak-atlanti-halaszat-2\/#breadcrumb"},"inLanguage":"hu","potentialAction":[{"@type":"ReadAction","target":["https:\/\/prismagamers.com\/hu\/produkt\/halaszat-eszak-atlanti-halaszat-2\/"]}]},{"@type":"ImageObject","inLanguage":"hu","@id":"https:\/\/prismagamers.com\/hu\/produkt\/halaszat-eszak-atlanti-halaszat-2\/#primaryimage","url":"https:\/\/prismagamers.com\/wp-content\/uploads\/2023\/06\/Fishing_North_Atlantic_gb.jpeg","contentUrl":"https:\/\/prismagamers.com\/wp-content\/uploads\/2023\/06\/Fishing_North_Atlantic_gb.jpeg","width":700,"height":1011},{"@type":"BreadcrumbList","@id":"https:\/\/prismagamers.com\/hu\/produkt\/halaszat-eszak-atlanti-halaszat-2\/#breadcrumb","itemListElement":[{"@type":"ListItem","position":1,"name":"Strona g\u0142\u00f3wna","item":"https:\/\/prismagamers.com\/hu\/prismagamers\/"},{"@type":"ListItem","position":2,"name":"Shop","item":"https:\/\/prismagamers.com\/hu\/shop\/"},{"@type":"ListItem","position":3,"name":"Hal\u00e1szat: \u00c9szak-atlanti hal\u00e1szat"}]},{"@type":"WebSite","@id":"https:\/\/prismagamers.com\/hu\/#website","url":"https:\/\/prismagamers.com\/hu\/","name":"Prismagamers","description":"Sklep z grami PC I Sklep klucze Steam","publisher":{"@id":"https:\/\/prismagamers.com\/hu\/#organization"},"potentialAction":[{"@type":"SearchAction","target":{"@type":"EntryPoint","urlTemplate":"https:\/\/prismagamers.com\/hu\/?s={search_term_string}"},"query-input":{"@type":"PropertyValueSpecification","valueRequired":true,"valueName":"search_term_string"}}],"inLanguage":"hu"},{"@type":"Organization","@id":"https:\/\/prismagamers.com\/hu\/#organization","name":"Prismagamers","url":"https:\/\/prismagamers.com\/hu\/","logo":{"@type":"ImageObject","inLanguage":"hu","@id":"https:\/\/prismagamers.com\/hu\/#\/schema\/logo\/image\/","url":"https:\/\/prismagamers.com\/wp-content\/uploads\/2022\/04\/cropped-logo-Prismagamers-01-scaled-1.jpg","contentUrl":"https:\/\/prismagamers.com\/wp-content\/uploads\/2022\/04\/cropped-logo-Prismagamers-01-scaled-1.jpg","width":512,"height":512,"caption":"Prismagamers"},"image":{"@id":"https:\/\/prismagamers.com\/hu\/#\/schema\/logo\/image\/"},"sameAs":["https:\/\/www.facebook.com\/prismagamers","https:\/\/www.instagram.com\/prismagamers_grycyfrowe\/"],"description":"Prismagamers.com to dynamiczny sklep z grami cyfrowymi, stworzony z my\u015bl\u0105 o entuzjastach gier wideo. Nasza strona oferuje szerok\u0105 gam\u0119 gier komputerowych, w tym najnowsze tytu\u0142y, dobrze znane klasyki oraz gry stworzone przez niezale\u017cne studia Ca\u0142y czas d\u0105\u017cymy do rozszerzenia naszej oferty. Do\u0142\u0105cz do nas i sta\u0144 si\u0119 cz\u0119\u015bci\u0105 naszej rosn\u0105cej spo\u0142eczno\u015bci graczy!","email":"shop@prismagamers.com","telephone":"48795541705","legalName":"East Caravan Maksym \u017bukow","foundingDate":"2012-05-10","vatID":"PL8943038612","taxID":"PL8943038612","numberOfEmployees":{"@type":"QuantitativeValue","minValue":"11","maxValue":"50"}}]}},"_links":{"self":[{"href":"https:\/\/prismagamers.com\/hu\/wp-json\/wp\/v2\/product\/42349","targetHints":{"allow":["GET"]}}],"collection":[{"href":"https:\/\/prismagamers.com\/hu\/wp-json\/wp\/v2\/product"}],"about":[{"href":"https:\/\/prismagamers.com\/hu\/wp-json\/wp\/v2\/types\/product"}],"wp:featuredmedia":[{"embeddable":true,"href":"https:\/\/prismagamers.com\/hu\/wp-json\/wp\/v2\/media\/37069"}],"wp:attachment":[{"href":"https:\/\/prismagamers.com\/hu\/wp-json\/wp\/v2\/media?parent=42349"}],"wp:term":[{"taxonomy":"product_brand","embeddable":true,"href":"https:\/\/prismagamers.com\/hu\/wp-json\/wp\/v2\/product_brand?post=42349"},{"taxonomy":"product_cat","embeddable":true,"href":"https:\/\/prismagamers.com\/hu\/wp-json\/wp\/v2\/product_cat?post=42349"},{"taxonomy":"product_tag","embeddable":true,"href":"https:\/\/prismagamers.com\/hu\/wp-json\/wp\/v2\/product_tag?post=42349"}],"curies":[{"name":"wp","href":"https:\/\/api.w.org\/{rel}","templated":true}]}}