{"id":42353,"date":"2023-06-08T19:05:38","date_gmt":"2023-06-08T17:05:38","guid":{"rendered":"https:\/\/prismagamers.com\/produkt\/rock-of-ages-3-make-break\/"},"modified":"2026-01-08T23:00:32","modified_gmt":"2026-01-08T22:00:32","slug":"rock-of-ages-3-make-break","status":"publish","type":"product","link":"https:\/\/prismagamers.com\/hu\/produkt\/rock-of-ages-3-make-break\/","title":{"rendered":"Rock of Ages 3: Make &amp; Break"},"content":{"rendered":"<h2 class=\"bb_tag\">Hozzon l\u00e9tre saj\u00e1t szinteket. Puszt\u00edtsd el m\u00e1sok szintjeit. <\/h2>\n<p>Az ACE Team st\u00fadi\u00f3t\u00f3l sz\u00e1rmaz\u00f3 &#8222;Rock of Ages 3: Make &amp; Break&#8221; egy olyan c\u00edm, amely egy kompetens tower defense j\u00e1t\u00e9k tulajdons\u00e1gait \u00f6tv\u00f6zi az arcade j\u00e1t\u00e9kmenettel \u00e9s a Monty Python-szer\u0171, excentrikus humorral. Ez egy nagyszer\u0171 kreat\u00edv j\u00e1t\u00e9k a koroszt\u00e1ly sz\u00e1m\u00e1ra. <\/p>\n<p>Mer\u00fclj el egy izgalmas, puszt\u00edt\u00f3 t\u00f6rt\u00e9netben, amelyben sz\u00e1mos eklektikus kalandot \u00e9lhetsz \u00e1t abszol\u00fat zavarba ejt\u0151 \u00e9s l\u00e9nyegtelen karakterek k\u00f6r\u00fcl. Emellett most el\u0151sz\u00f6r saj\u00e1t p\u00e1ly\u00e1kat is l\u00e9trehozhatsz, megoszthatod \u0151ket online bar\u00e1taiddal \u00e9s idegenekkel, \u00e9s val\u00f3s id\u0151ben j\u00e1tszhatsz epikus p\u00e1rbajokat, amelyekben egy v\u00e1r rettegett v\u00e9delm\u00e9t vagy egy szikl\u00e1val val\u00f3 frenetikus puszt\u00edt\u00e1si k\u00eds\u00e9rletet kell v\u00e9grehajtanod. <\/p>\n<h2 class=\"bb_tag\">F\u0151 jellemz\u0151k<\/h2>\n<p><strong>Teremts vil\u00e1gokat \u00e9s puszt\u00edts el vil\u00e1gokat:<\/strong><br \/>\nTervezd meg \u00e9s \u00e9p\u00edtsd meg saj\u00e1t szintjeidet a k\u00f6nnyen haszn\u00e1lhat\u00f3 szerkeszt\u0151vel. Azzal, hogy megoszthatod alkot\u00e1saidat a vil\u00e1g minden t\u00e1j\u00e1r\u00f3l \u00e9rkez\u0151 j\u00e1t\u00e9kosokkal, a kreat\u00edv m\u00f3ka sosem \u00e9r v\u00e9get! <\/p>\n<p><strong>Kompetens toronyv\u00e9delem:<\/strong><br \/>\nTervezd meg a v\u00e9delmet \u00e9s tervezd meg a t\u00e1mad\u00e1st, hogy legy\u0151zd az ellens\u00e9get ak\u00e1r 4 j\u00e1t\u00e9kos t\u00f6bbj\u00e1t\u00e9kos m\u00f3dban vagy k\u00e9t j\u00e1t\u00e9kos osztott k\u00e9perny\u0151s j\u00e1t\u00e9kban.<\/p>\n<p><strong>Roll the Boulder:<\/strong><br \/>\nA feladatod az lesz, hogy 20 bonyolult szikla seg\u00edts\u00e9g\u00e9vel min\u00e9l gyorsabban elpuszt\u00edts mindent, ami az utadba ker\u00fcl 6 k\u00fcl\u00f6nb\u00f6z\u0151 j\u00e1t\u00e9km\u00f3dban!<\/p>\n<p><strong>Abszurd humor:<\/strong><br \/>\nIndulj el az ACE Team \u00e1ltal tervezett nevets\u00e9ges vil\u00e1gokban. Sz\u00e1m\u00edtsatok b\u00e1rmire \u00e9s mindenkire, Caesart\u00f3l Moctezum\u00e1ig \u00e9s Krampuszt\u00f3l a Rep\u00fcl\u0151 Spagettisz\u00f6rnyig, akiknek jelenl\u00e9te az ismert t\u00f6rt\u00e9nelmen \u00e9s dimenzi\u00f3n t\u00fall\u00e9p\u0151 j\u00e1t\u00e9kmenetbe \u00e1gyaz\u00f3dik. <\/p>\n<p><strong>Rengeteg j\u00e1t\u00e9km\u00f3d:<\/strong><br \/>\nV\u00e9dd meg a b\u00e1zisodat az \u00faj Boulder Avalanche m\u00f3dban, csiszold a labdagur\u00edt\u00f3 k\u00e9pess\u00e9geidet a Humpty-Dumpty m\u00f3dban, vagy versenyezz az id\u0151vel a Time Trialsban. Ha pedig m\u00e9gsem, akkor a var\u00e1zsl\u00f3ban k\u00fcl\u00f6nb\u00f6z\u0151 t\u00f6rv\u00e9nyszer\u0171s\u00e9gekkel saj\u00e1t j\u00e1t\u00e9kot hozhatsz l\u00e9tre, \u00edgy biztosan nem fogsz unatkozni m\u00e9g t\u00f6bb sz\u00e1z \u00f3r\u00e1n kereszt\u00fcl! <\/p>\n","protected":false},"excerpt":{"rendered":"<p>Az ACE Team st\u00fadi\u00f3t\u00f3l sz\u00e1rmaz\u00f3 &#8222;Rock of Ages 3: Make &amp; Break&#8221; egy olyan c\u00edm, amely egy kompetens tower defense j\u00e1t\u00e9k tulajdons\u00e1gait \u00f6tv\u00f6zi az arcade j\u00e1t\u00e9kmenettel \u00e9s a Monty Python-szer\u0171, excentrikus humorral. Ez egy nagyszer\u0171 kreat\u00edv j\u00e1t\u00e9k a koroszt\u00e1ly sz\u00e1m\u00e1ra. <\/p>\n<p><img decoding=\"async\" class=\"emoji\" role=\"img\" draggable=\"false\" src=\"https:\/\/s.w.org\/images\/core\/emoji\/14.0.0\/svg\/1f30d.svg\" alt=\"\ud83c\udf0d\">  Glob\u00e1lis<br \/>\n<img decoding=\"async\" class=\"emoji\" role=\"img\" draggable=\"false\" src=\"https:\/\/s.w.org\/images\/core\/emoji\/14.0.0\/svg\/2699.svg\" alt=\"\u2699\ufe0f\">  G\u0151z<br \/>\n<img decoding=\"async\" class=\"emoji\" role=\"img\" draggable=\"false\" src=\"https:\/\/s.w.org\/images\/core\/emoji\/14.0.0\/svg\/1f5dd.svg\" alt=\"\ud83d\udddd\">  Digit\u00e1lis kulcs<\/p>\n","protected":false},"featured_media":25488,"template":"","meta":{"_acf_changed":false,"site-sidebar-layout":"default","site-content-layout":"default","ast-site-content-layout":"default","site-content-style":"default","site-sidebar-style":"default","ast-global-header-display":"","ast-banner-title-visibility":"","ast-main-header-display":"","ast-hfb-above-header-display":"","ast-hfb-below-header-display":"","ast-hfb-mobile-header-display":"","site-post-title":"","ast-breadcrumbs-content":"","ast-featured-img":"","footer-sml-layout":"","ast-disable-related-posts":"","theme-transparent-header-meta":"default","adv-header-id-meta":"","stick-header-meta":"","header-above-stick-meta":"","header-main-stick-meta":"","header-below-stick-meta":"","astra-migrate-meta-layouts":"default","ast-page-background-enabled":"default","ast-page-background-meta":{"desktop":{"background-color":"var(--ast-global-color-4)","background-image":"","background-repeat":"repeat","background-position":"center center","background-size":"auto","background-attachment":"scroll","background-type":"","background-media":"","overlay-type":"","overlay-color":"","overlay-opacity":"","overlay-gradient":""},"tablet":{"background-color":"","background-image":"","background-repeat":"repeat","background-position":"center center","background-size":"auto","background-attachment":"scroll","background-type":"","background-media":"","overlay-type":"","overlay-color":"","overlay-opacity":"","overlay-gradient":""},"mobile":{"background-color":"","background-image":"","background-repeat":"repeat","background-position":"center center","background-size":"auto","background-attachment":"scroll","background-type":"","background-media":"","overlay-type":"","overlay-color":"","overlay-opacity":"","overlay-gradient":""}},"ast-content-background-meta":{"desktop":{"background-color":"var(--ast-global-color-5)","background-image":"","background-repeat":"repeat","background-position":"center center","background-size":"auto","background-attachment":"scroll","background-type":"","background-media":"","overlay-type":"","overlay-color":"","overlay-opacity":"","overlay-gradient":""},"tablet":{"background-color":"var(--ast-global-color-5)","background-image":"","background-repeat":"repeat","background-position":"center center","background-size":"auto","background-attachment":"scroll","background-type":"","background-media":"","overlay-type":"","overlay-color":"","overlay-opacity":"","overlay-gradient":""},"mobile":{"background-color":"var(--ast-global-color-5)","background-image":"","background-repeat":"repeat","background-position":"center center","background-size":"auto","background-attachment":"scroll","background-type":"","background-media":"","overlay-type":"","overlay-color":"","overlay-opacity":"","overlay-gradient":""}}},"product_brand":[],"product_cat":[371,394,365,363,378,367,386],"product_tag":[],"class_list":{"0":"post-42353","1":"product","2":"type-product","3":"status-publish","4":"has-post-thumbnail","6":"product_cat-akcio-jatekok","7":"product_cat-digitalis-jatekok","8":"product_cat-goz","9":"product_cat-kaland-jatekok","10":"product_cat-minden-digitalis-jatek","11":"product_cat-pc-jatekok","12":"product_cat-strategiai-jatekok","13":"desktop-align-left","14":"tablet-align-left","15":"mobile-align-left","17":"first","18":"instock","19":"shipping-taxable","20":"purchasable","21":"product-type-simple"},"acf":[],"yoast_head":"<!-- This site is optimized with the Yoast SEO Premium plugin v27.4 (Yoast SEO v27.4) - https:\/\/yoast.com\/product\/yoast-seo-premium-wordpress\/ -->\n<title>Rock of Ages 3: Make &amp; Break - Prismagamers.com<\/title>\n<meta name=\"description\" content=\"Az ACE Team st\u00fadi\u00f3t\u00f3l sz\u00e1rmaz\u00f3 &quot;Rock of Ages 3: Make &amp; Break&quot; egy olyan c\u00edm, amely egy kompetens tower defense j\u00e1t\u00e9k tulajdons\u00e1gait \u00f6tv\u00f6zi az arcade j\u00e1t\u00e9kmenettel \u00e9s a Monty Python-szer\u0171, excentrikus humorral. Ez egy nagyszer\u0171 kreat\u00edv j\u00e1t\u00e9k a koroszt\u00e1ly sz\u00e1m\u00e1ra.   Glob\u00e1lis  G\u0151z  Digit\u00e1lis kulcs\" \/>\n<meta name=\"robots\" content=\"index, follow, max-snippet:-1, max-image-preview:large, max-video-preview:-1\" \/>\n<link rel=\"canonical\" href=\"https:\/\/prismagamers.com\/hu\/produkt\/rock-of-ages-3-make-break\/\" \/>\n<meta property=\"og:locale\" content=\"hu_HU\" \/>\n<meta property=\"og:type\" content=\"article\" \/>\n<meta property=\"og:title\" content=\"Rock of Ages 3: Make &amp; Break\" \/>\n<meta property=\"og:description\" content=\"Az ACE Team st\u00fadi\u00f3t\u00f3l sz\u00e1rmaz\u00f3 &quot;Rock of Ages 3: Make &amp; Break&quot; egy olyan c\u00edm, amely egy kompetens tower defense j\u00e1t\u00e9k tulajdons\u00e1gait \u00f6tv\u00f6zi az arcade j\u00e1t\u00e9kmenettel \u00e9s a Monty Python-szer\u0171, excentrikus humorral. Ez egy nagyszer\u0171 kreat\u00edv j\u00e1t\u00e9k a koroszt\u00e1ly sz\u00e1m\u00e1ra.   Glob\u00e1lis  G\u0151z  Digit\u00e1lis kulcs\" \/>\n<meta property=\"og:url\" content=\"https:\/\/prismagamers.com\/hu\/produkt\/rock-of-ages-3-make-break\/\" \/>\n<meta property=\"og:site_name\" content=\"Prismagamers.com\" \/>\n<meta property=\"article:publisher\" content=\"https:\/\/www.facebook.com\/prismagamers\" \/>\n<meta property=\"article:modified_time\" content=\"2026-01-08T22:00:32+00:00\" \/>\n<meta property=\"og:image\" content=\"https:\/\/prismagamers.com\/wp-content\/uploads\/2023\/06\/boxshot-2.jpg\" \/>\n\t<meta property=\"og:image:width\" content=\"600\" \/>\n\t<meta property=\"og:image:height\" content=\"900\" \/>\n\t<meta property=\"og:image:type\" content=\"image\/jpeg\" \/>\n<meta name=\"twitter:card\" content=\"summary_large_image\" \/>\n<meta name=\"twitter:label1\" content=\"Becs\u00fclt olvas\u00e1si id\u0151\" \/>\n\t<meta name=\"twitter:data1\" content=\"2 perc\" \/>\n<script type=\"application\/ld+json\" class=\"yoast-schema-graph\">{\"@context\":\"https:\\\/\\\/schema.org\",\"@graph\":[{\"@type\":\"WebPage\",\"@id\":\"https:\\\/\\\/prismagamers.com\\\/hu\\\/produkt\\\/rock-of-ages-3-make-break\\\/\",\"url\":\"https:\\\/\\\/prismagamers.com\\\/hu\\\/produkt\\\/rock-of-ages-3-make-break\\\/\",\"name\":\"Rock of Ages 3: Make &amp; Break - Prismagamers.com\",\"isPartOf\":{\"@id\":\"https:\\\/\\\/prismagamers.com\\\/hu\\\/#website\"},\"primaryImageOfPage\":{\"@id\":\"https:\\\/\\\/prismagamers.com\\\/hu\\\/produkt\\\/rock-of-ages-3-make-break\\\/#primaryimage\"},\"image\":{\"@id\":\"https:\\\/\\\/prismagamers.com\\\/hu\\\/produkt\\\/rock-of-ages-3-make-break\\\/#primaryimage\"},\"thumbnailUrl\":\"https:\\\/\\\/prismagamers.com\\\/wp-content\\\/uploads\\\/2023\\\/06\\\/boxshot-2.jpg\",\"datePublished\":\"2023-06-08T17:05:38+00:00\",\"dateModified\":\"2026-01-08T22:00:32+00:00\",\"description\":\"Az ACE Team st\u00fadi\u00f3t\u00f3l sz\u00e1rmaz\u00f3 \\\"Rock of Ages 3: Make &amp; Break\\\" egy olyan c\u00edm, amely egy kompetens tower defense j\u00e1t\u00e9k tulajdons\u00e1gait \u00f6tv\u00f6zi az arcade j\u00e1t\u00e9kmenettel \u00e9s a Monty Python-szer\u0171, excentrikus humorral. Ez egy nagyszer\u0171 kreat\u00edv j\u00e1t\u00e9k a koroszt\u00e1ly sz\u00e1m\u00e1ra. Glob\u00e1lis G\u0151z Digit\u00e1lis kulcs\",\"breadcrumb\":{\"@id\":\"https:\\\/\\\/prismagamers.com\\\/hu\\\/produkt\\\/rock-of-ages-3-make-break\\\/#breadcrumb\"},\"inLanguage\":\"hu\",\"potentialAction\":[{\"@type\":\"ReadAction\",\"target\":[\"https:\\\/\\\/prismagamers.com\\\/hu\\\/produkt\\\/rock-of-ages-3-make-break\\\/\"]}]},{\"@type\":\"ImageObject\",\"inLanguage\":\"hu\",\"@id\":\"https:\\\/\\\/prismagamers.com\\\/hu\\\/produkt\\\/rock-of-ages-3-make-break\\\/#primaryimage\",\"url\":\"https:\\\/\\\/prismagamers.com\\\/wp-content\\\/uploads\\\/2023\\\/06\\\/boxshot-2.jpg\",\"contentUrl\":\"https:\\\/\\\/prismagamers.com\\\/wp-content\\\/uploads\\\/2023\\\/06\\\/boxshot-2.jpg\",\"width\":600,\"height\":900},{\"@type\":\"BreadcrumbList\",\"@id\":\"https:\\\/\\\/prismagamers.com\\\/hu\\\/produkt\\\/rock-of-ages-3-make-break\\\/#breadcrumb\",\"itemListElement\":[{\"@type\":\"ListItem\",\"position\":1,\"name\":\"Strona g\u0142\u00f3wna\",\"item\":\"https:\\\/\\\/prismagamers.com\\\/hu\\\/prismagamers\\\/\"},{\"@type\":\"ListItem\",\"position\":2,\"name\":\"Shop\",\"item\":\"https:\\\/\\\/prismagamers.com\\\/hu\\\/shop\\\/\"},{\"@type\":\"ListItem\",\"position\":3,\"name\":\"Rock of Ages 3: Make &amp; Break\"}]},{\"@type\":\"WebSite\",\"@id\":\"https:\\\/\\\/prismagamers.com\\\/hu\\\/#website\",\"url\":\"https:\\\/\\\/prismagamers.com\\\/hu\\\/\",\"name\":\"Prismagamers\",\"description\":\"Sklep z grami PC I Sklep klucze Steam\",\"publisher\":{\"@id\":\"https:\\\/\\\/prismagamers.com\\\/hu\\\/#organization\"},\"potentialAction\":[{\"@type\":\"SearchAction\",\"target\":{\"@type\":\"EntryPoint\",\"urlTemplate\":\"https:\\\/\\\/prismagamers.com\\\/hu\\\/?s={search_term_string}\"},\"query-input\":{\"@type\":\"PropertyValueSpecification\",\"valueRequired\":true,\"valueName\":\"search_term_string\"}}],\"inLanguage\":\"hu\"},{\"@type\":\"Organization\",\"@id\":\"https:\\\/\\\/prismagamers.com\\\/hu\\\/#organization\",\"name\":\"Prismagamers\",\"url\":\"https:\\\/\\\/prismagamers.com\\\/hu\\\/\",\"logo\":{\"@type\":\"ImageObject\",\"inLanguage\":\"hu\",\"@id\":\"https:\\\/\\\/prismagamers.com\\\/hu\\\/#\\\/schema\\\/logo\\\/image\\\/\",\"url\":\"https:\\\/\\\/prismagamers.com\\\/wp-content\\\/uploads\\\/2022\\\/04\\\/cropped-logo-Prismagamers-01-scaled-1.jpg\",\"contentUrl\":\"https:\\\/\\\/prismagamers.com\\\/wp-content\\\/uploads\\\/2022\\\/04\\\/cropped-logo-Prismagamers-01-scaled-1.jpg\",\"width\":512,\"height\":512,\"caption\":\"Prismagamers\"},\"image\":{\"@id\":\"https:\\\/\\\/prismagamers.com\\\/hu\\\/#\\\/schema\\\/logo\\\/image\\\/\"},\"sameAs\":[\"https:\\\/\\\/www.facebook.com\\\/prismagamers\",\"https:\\\/\\\/www.instagram.com\\\/prismagamers_grycyfrowe\\\/\"],\"description\":\"Prismagamers.com to dynamiczny sklep z grami cyfrowymi, stworzony z my\u015bl\u0105 o entuzjastach gier wideo. Nasza strona oferuje szerok\u0105 gam\u0119 gier komputerowych, w tym najnowsze tytu\u0142y, dobrze znane klasyki oraz gry stworzone przez niezale\u017cne studia Ca\u0142y czas d\u0105\u017cymy do rozszerzenia naszej oferty. Do\u0142\u0105cz do nas i sta\u0144 si\u0119 cz\u0119\u015bci\u0105 naszej rosn\u0105cej spo\u0142eczno\u015bci graczy!\",\"email\":\"shop@prismagamers.com\",\"telephone\":\"48795541705\",\"legalName\":\"East Caravan Maksym \u017bukow\",\"foundingDate\":\"2012-05-10\",\"vatID\":\"PL8943038612\",\"taxID\":\"PL8943038612\",\"numberOfEmployees\":{\"@type\":\"QuantitativeValue\",\"minValue\":\"11\",\"maxValue\":\"50\"}}]}<\/script>\n<!-- \/ Yoast SEO Premium plugin. -->","yoast_head_json":{"title":"Rock of Ages 3: Make &amp; Break - Prismagamers.com","description":"Az ACE Team st\u00fadi\u00f3t\u00f3l sz\u00e1rmaz\u00f3 \"Rock of Ages 3: Make &amp; Break\" egy olyan c\u00edm, amely egy kompetens tower defense j\u00e1t\u00e9k tulajdons\u00e1gait \u00f6tv\u00f6zi az arcade j\u00e1t\u00e9kmenettel \u00e9s a Monty Python-szer\u0171, excentrikus humorral. Ez egy nagyszer\u0171 kreat\u00edv j\u00e1t\u00e9k a koroszt\u00e1ly sz\u00e1m\u00e1ra.   Glob\u00e1lis  G\u0151z  Digit\u00e1lis kulcs","robots":{"index":"index","follow":"follow","max-snippet":"max-snippet:-1","max-image-preview":"max-image-preview:large","max-video-preview":"max-video-preview:-1"},"canonical":"https:\/\/prismagamers.com\/hu\/produkt\/rock-of-ages-3-make-break\/","og_locale":"hu_HU","og_type":"article","og_title":"Rock of Ages 3: Make &amp; Break","og_description":"Az ACE Team st\u00fadi\u00f3t\u00f3l sz\u00e1rmaz\u00f3 \"Rock of Ages 3: Make &amp; Break\" egy olyan c\u00edm, amely egy kompetens tower defense j\u00e1t\u00e9k tulajdons\u00e1gait \u00f6tv\u00f6zi az arcade j\u00e1t\u00e9kmenettel \u00e9s a Monty Python-szer\u0171, excentrikus humorral. Ez egy nagyszer\u0171 kreat\u00edv j\u00e1t\u00e9k a koroszt\u00e1ly sz\u00e1m\u00e1ra.   Glob\u00e1lis  G\u0151z  Digit\u00e1lis kulcs","og_url":"https:\/\/prismagamers.com\/hu\/produkt\/rock-of-ages-3-make-break\/","og_site_name":"Prismagamers.com","article_publisher":"https:\/\/www.facebook.com\/prismagamers","article_modified_time":"2026-01-08T22:00:32+00:00","og_image":[{"width":600,"height":900,"url":"https:\/\/prismagamers.com\/wp-content\/uploads\/2023\/06\/boxshot-2.jpg","type":"image\/jpeg"}],"twitter_card":"summary_large_image","twitter_misc":{"Becs\u00fclt olvas\u00e1si id\u0151":"2 perc"},"schema":{"@context":"https:\/\/schema.org","@graph":[{"@type":"WebPage","@id":"https:\/\/prismagamers.com\/hu\/produkt\/rock-of-ages-3-make-break\/","url":"https:\/\/prismagamers.com\/hu\/produkt\/rock-of-ages-3-make-break\/","name":"Rock of Ages 3: Make &amp; Break - Prismagamers.com","isPartOf":{"@id":"https:\/\/prismagamers.com\/hu\/#website"},"primaryImageOfPage":{"@id":"https:\/\/prismagamers.com\/hu\/produkt\/rock-of-ages-3-make-break\/#primaryimage"},"image":{"@id":"https:\/\/prismagamers.com\/hu\/produkt\/rock-of-ages-3-make-break\/#primaryimage"},"thumbnailUrl":"https:\/\/prismagamers.com\/wp-content\/uploads\/2023\/06\/boxshot-2.jpg","datePublished":"2023-06-08T17:05:38+00:00","dateModified":"2026-01-08T22:00:32+00:00","description":"Az ACE Team st\u00fadi\u00f3t\u00f3l sz\u00e1rmaz\u00f3 \"Rock of Ages 3: Make &amp; Break\" egy olyan c\u00edm, amely egy kompetens tower defense j\u00e1t\u00e9k tulajdons\u00e1gait \u00f6tv\u00f6zi az arcade j\u00e1t\u00e9kmenettel \u00e9s a Monty Python-szer\u0171, excentrikus humorral. Ez egy nagyszer\u0171 kreat\u00edv j\u00e1t\u00e9k a koroszt\u00e1ly sz\u00e1m\u00e1ra. Glob\u00e1lis G\u0151z Digit\u00e1lis kulcs","breadcrumb":{"@id":"https:\/\/prismagamers.com\/hu\/produkt\/rock-of-ages-3-make-break\/#breadcrumb"},"inLanguage":"hu","potentialAction":[{"@type":"ReadAction","target":["https:\/\/prismagamers.com\/hu\/produkt\/rock-of-ages-3-make-break\/"]}]},{"@type":"ImageObject","inLanguage":"hu","@id":"https:\/\/prismagamers.com\/hu\/produkt\/rock-of-ages-3-make-break\/#primaryimage","url":"https:\/\/prismagamers.com\/wp-content\/uploads\/2023\/06\/boxshot-2.jpg","contentUrl":"https:\/\/prismagamers.com\/wp-content\/uploads\/2023\/06\/boxshot-2.jpg","width":600,"height":900},{"@type":"BreadcrumbList","@id":"https:\/\/prismagamers.com\/hu\/produkt\/rock-of-ages-3-make-break\/#breadcrumb","itemListElement":[{"@type":"ListItem","position":1,"name":"Strona g\u0142\u00f3wna","item":"https:\/\/prismagamers.com\/hu\/prismagamers\/"},{"@type":"ListItem","position":2,"name":"Shop","item":"https:\/\/prismagamers.com\/hu\/shop\/"},{"@type":"ListItem","position":3,"name":"Rock of Ages 3: Make &amp; Break"}]},{"@type":"WebSite","@id":"https:\/\/prismagamers.com\/hu\/#website","url":"https:\/\/prismagamers.com\/hu\/","name":"Prismagamers","description":"Sklep z grami PC I Sklep klucze Steam","publisher":{"@id":"https:\/\/prismagamers.com\/hu\/#organization"},"potentialAction":[{"@type":"SearchAction","target":{"@type":"EntryPoint","urlTemplate":"https:\/\/prismagamers.com\/hu\/?s={search_term_string}"},"query-input":{"@type":"PropertyValueSpecification","valueRequired":true,"valueName":"search_term_string"}}],"inLanguage":"hu"},{"@type":"Organization","@id":"https:\/\/prismagamers.com\/hu\/#organization","name":"Prismagamers","url":"https:\/\/prismagamers.com\/hu\/","logo":{"@type":"ImageObject","inLanguage":"hu","@id":"https:\/\/prismagamers.com\/hu\/#\/schema\/logo\/image\/","url":"https:\/\/prismagamers.com\/wp-content\/uploads\/2022\/04\/cropped-logo-Prismagamers-01-scaled-1.jpg","contentUrl":"https:\/\/prismagamers.com\/wp-content\/uploads\/2022\/04\/cropped-logo-Prismagamers-01-scaled-1.jpg","width":512,"height":512,"caption":"Prismagamers"},"image":{"@id":"https:\/\/prismagamers.com\/hu\/#\/schema\/logo\/image\/"},"sameAs":["https:\/\/www.facebook.com\/prismagamers","https:\/\/www.instagram.com\/prismagamers_grycyfrowe\/"],"description":"Prismagamers.com to dynamiczny sklep z grami cyfrowymi, stworzony z my\u015bl\u0105 o entuzjastach gier wideo. Nasza strona oferuje szerok\u0105 gam\u0119 gier komputerowych, w tym najnowsze tytu\u0142y, dobrze znane klasyki oraz gry stworzone przez niezale\u017cne studia Ca\u0142y czas d\u0105\u017cymy do rozszerzenia naszej oferty. Do\u0142\u0105cz do nas i sta\u0144 si\u0119 cz\u0119\u015bci\u0105 naszej rosn\u0105cej spo\u0142eczno\u015bci graczy!","email":"shop@prismagamers.com","telephone":"48795541705","legalName":"East Caravan Maksym \u017bukow","foundingDate":"2012-05-10","vatID":"PL8943038612","taxID":"PL8943038612","numberOfEmployees":{"@type":"QuantitativeValue","minValue":"11","maxValue":"50"}}]}},"_links":{"self":[{"href":"https:\/\/prismagamers.com\/hu\/wp-json\/wp\/v2\/product\/42353","targetHints":{"allow":["GET"]}}],"collection":[{"href":"https:\/\/prismagamers.com\/hu\/wp-json\/wp\/v2\/product"}],"about":[{"href":"https:\/\/prismagamers.com\/hu\/wp-json\/wp\/v2\/types\/product"}],"wp:featuredmedia":[{"embeddable":true,"href":"https:\/\/prismagamers.com\/hu\/wp-json\/wp\/v2\/media\/25488"}],"wp:attachment":[{"href":"https:\/\/prismagamers.com\/hu\/wp-json\/wp\/v2\/media?parent=42353"}],"wp:term":[{"taxonomy":"product_brand","embeddable":true,"href":"https:\/\/prismagamers.com\/hu\/wp-json\/wp\/v2\/product_brand?post=42353"},{"taxonomy":"product_cat","embeddable":true,"href":"https:\/\/prismagamers.com\/hu\/wp-json\/wp\/v2\/product_cat?post=42353"},{"taxonomy":"product_tag","embeddable":true,"href":"https:\/\/prismagamers.com\/hu\/wp-json\/wp\/v2\/product_tag?post=42353"}],"curies":[{"name":"wp","href":"https:\/\/api.w.org\/{rel}","templated":true}]}}