{"id":42354,"date":"2023-06-16T21:33:52","date_gmt":"2023-06-16T19:33:52","guid":{"rendered":"https:\/\/prismagamers.com\/produkt\/kenguru-kao-kangoo-kango-kango-2-fordulo\/"},"modified":"2023-06-16T21:33:52","modified_gmt":"2023-06-16T19:33:52","slug":"kenguru-kao-kangoo-kango-kango-2-fordulo","status":"publish","type":"product","link":"https:\/\/prismagamers.com\/hu\/produkt\/kenguru-kao-kangoo-kango-kango-2-fordulo\/","title":{"rendered":"Kenguru Kao: Kangoo Kango Kango: 2. fordul\u00f3"},"content":{"rendered":"<p>J\u00e1tssz Kao-k\u00e9nt! A videoj\u00e1t\u00e9kok t\u00f6rt\u00e9net\u00e9nek legaranyosabb \u00e9s legb\u00e1trabb kenguruja visszat\u00e9r a &#8222;Kenguru Kao&#8221; c\u00edm\u0171 j\u00e1t\u00e9k digit\u00e1lis v\u00e1ltozat\u00e1ban: Round 2&#8243;<br \/>\n\u00c9rezd \u00e1t a j\u00e1t\u00e9k \u00f6r\u00f6m\u00e9t ebben a klasszikus 3D-s platformj\u00e1t\u00e9kban, amely tele van k\u00fcl\u00f6nf\u00e9le kih\u00edv\u00e1sokkal, mint p\u00e9ld\u00e1ul harc, versenyz\u00e9s \u00e9s rejtv\u00e9nyfejt\u00e9s.<br \/>\nUgorj \u00e1t 25 p\u00e1ly\u00e1n, amelyek 5 egyedi, sz\u00ednes vil\u00e1gban j\u00e1tsz\u00f3dnak, hogy megmentsd a bar\u00e1taidat, akiket a gonosz Vad\u00e1sz \u00e9s seg\u00edt\u0151inek serege ejtett csapd\u00e1ba! <\/p>\n<p>Tapasztald meg a digit\u00e1lis 3D-s klasszikus platformj\u00e1t\u00e9kot, amely a k\u00f6vetkez\u0151kkel b\u0151v\u00fclt:<br \/>\n*Steam eredm\u00e9nyek<br \/>\n*Ment\u00e9s a Steam felh\u0151be<br \/>\n*Nagy felbont\u00e1s t\u00e1mogat\u00e1sa<br \/>\n*Controller t\u00e1mogat\u00e1s (Xbox 360 \/ One \u00e9s PS4).<\/p>\n<p>* Ugr\u00e1lj \u00e1t 25 p\u00e1ly\u00e1n 5 egyedi, sz\u00ednes vil\u00e1gban<br \/>\n* Mutasd meg a rosszfi\u00faknak, hol telelnek a r\u00e1kok! Haszn\u00e1ld a k\u00fcl\u00f6nb\u00f6z\u0151 harci technik\u00e1kat, hogy kiszabad\u00edtsd bar\u00e1taidat<br \/>\n*Nagyj\u00e1b\u00f3l 30 f\u00e9le ellens\u00e9get kell legy\u0151zn\u00f6d<br \/>\n*Boss csat\u00e1k! <\/p>\n<p>&nbsp;<\/p>\n","protected":false},"excerpt":{"rendered":"<p>Tegy\u00e9l nosztalgikus utaz\u00e1st a csod\u00e1latos \u00e9s im\u00e1dnival\u00f3 Kenguru Ka\u00f3val. Mer\u00fclj el a klasszikus 3D platformer vil\u00e1g\u00e1ban, ahol Kao, a b\u00e1tor kenguru szerep\u00e9ben j\u00e1tszhatsz. Fuss, ugorj \u00e9s k\u00fczdd \u00e1t magad ellens\u00e9gek eg\u00e9sz sereg\u00e9n.  <\/p>\n<p>\ud83c\udf0d Glob\u00e1lis<br \/>\n\u2699\ufe0f Steam<br \/>\n\ud83d\udddd Digit\u00e1lis kulcs<\/p>\n","protected":false},"featured_media":25628,"template":"","meta":{"_acf_changed":false,"site-sidebar-layout":"default","site-content-layout":"default","ast-site-content-layout":"default","site-content-style":"default","site-sidebar-style":"default","ast-global-header-display":"","ast-banner-title-visibility":"","ast-main-header-display":"","ast-hfb-above-header-display":"","ast-hfb-below-header-display":"","ast-hfb-mobile-header-display":"","site-post-title":"","ast-breadcrumbs-content":"","ast-featured-img":"","footer-sml-layout":"","ast-disable-related-posts":"","theme-transparent-header-meta":"default","adv-header-id-meta":"","stick-header-meta":"","header-above-stick-meta":"","header-main-stick-meta":"","header-below-stick-meta":"","astra-migrate-meta-layouts":"default","ast-page-background-enabled":"default","ast-page-background-meta":{"desktop":{"background-color":"var(--ast-global-color-4)","background-image":"","background-repeat":"repeat","background-position":"center center","background-size":"auto","background-attachment":"scroll","background-type":"","background-media":"","overlay-type":"","overlay-color":"","overlay-opacity":"","overlay-gradient":""},"tablet":{"background-color":"","background-image":"","background-repeat":"repeat","background-position":"center center","background-size":"auto","background-attachment":"scroll","background-type":"","background-media":"","overlay-type":"","overlay-color":"","overlay-opacity":"","overlay-gradient":""},"mobile":{"background-color":"","background-image":"","background-repeat":"repeat","background-position":"center center","background-size":"auto","background-attachment":"scroll","background-type":"","background-media":"","overlay-type":"","overlay-color":"","overlay-opacity":"","overlay-gradient":""}},"ast-content-background-meta":{"desktop":{"background-color":"var(--ast-global-color-5)","background-image":"","background-repeat":"repeat","background-position":"center center","background-size":"auto","background-attachment":"scroll","background-type":"","background-media":"","overlay-type":"","overlay-color":"","overlay-opacity":"","overlay-gradient":""},"tablet":{"background-color":"var(--ast-global-color-5)","background-image":"","background-repeat":"repeat","background-position":"center center","background-size":"auto","background-attachment":"scroll","background-type":"","background-media":"","overlay-type":"","overlay-color":"","overlay-opacity":"","overlay-gradient":""},"mobile":{"background-color":"var(--ast-global-color-5)","background-image":"","background-repeat":"repeat","background-position":"center center","background-size":"auto","background-attachment":"scroll","background-type":"","background-media":"","overlay-type":"","overlay-color":"","overlay-opacity":"","overlay-gradient":""}}},"product_brand":[],"product_cat":[371,394,365,363,378,367],"product_tag":[],"class_list":{"0":"post-42354","1":"product","2":"type-product","3":"status-publish","4":"has-post-thumbnail","6":"product_cat-akcio-jatekok","7":"product_cat-digitalis-jatekok","8":"product_cat-goz","9":"product_cat-kaland-jatekok","10":"product_cat-minden-digitalis-jatek","11":"product_cat-pc-jatekok","12":"desktop-align-left","13":"tablet-align-left","14":"mobile-align-left","16":"first","17":"instock","18":"shipping-taxable","19":"purchasable","20":"product-type-simple"},"acf":[],"yoast_head":"<!-- This site is optimized with the Yoast SEO Premium plugin v27.5 (Yoast SEO v27.5) - https:\/\/yoast.com\/product\/yoast-seo-premium-wordpress\/ -->\n<title>Kenguru Kao: Kangoo Kango Kango: 2. fordul\u00f3 - Prismagamers.com<\/title>\n<meta name=\"description\" content=\"Tegy\u00e9l nosztalgikus utaz\u00e1st a csod\u00e1latos \u00e9s im\u00e1dnival\u00f3 Kenguru Ka\u00f3val. Mer\u00fclj el a klasszikus 3D platformer vil\u00e1g\u00e1ban, ahol Kao, a b\u00e1tor kenguru szerep\u00e9ben j\u00e1tszhatsz. Fuss, ugorj \u00e9s k\u00fczdd \u00e1t magad ellens\u00e9gek eg\u00e9sz sereg\u00e9n.  \ud83c\udf0d Glob\u00e1lis \u2699\ufe0f Steam \ud83d\udddd Digit\u00e1lis kulcs\" \/>\n<meta name=\"robots\" content=\"index, follow, max-snippet:-1, max-image-preview:large, max-video-preview:-1\" \/>\n<link rel=\"canonical\" href=\"https:\/\/prismagamers.com\/hu\/produkt\/kenguru-kao-kangoo-kango-kango-2-fordulo\/\" \/>\n<meta property=\"og:locale\" content=\"hu_HU\" \/>\n<meta property=\"og:type\" content=\"article\" \/>\n<meta property=\"og:title\" content=\"Kenguru Kao: Kangoo Kango Kango: 2. fordul\u00f3\" \/>\n<meta property=\"og:description\" content=\"Tegy\u00e9l nosztalgikus utaz\u00e1st a csod\u00e1latos \u00e9s im\u00e1dnival\u00f3 Kenguru Ka\u00f3val. Mer\u00fclj el a klasszikus 3D platformer vil\u00e1g\u00e1ban, ahol Kao, a b\u00e1tor kenguru szerep\u00e9ben j\u00e1tszhatsz. Fuss, ugorj \u00e9s k\u00fczdd \u00e1t magad ellens\u00e9gek eg\u00e9sz sereg\u00e9n.  \ud83c\udf0d Glob\u00e1lis \u2699\ufe0f Steam \ud83d\udddd Digit\u00e1lis kulcs\" \/>\n<meta property=\"og:url\" content=\"https:\/\/prismagamers.com\/hu\/produkt\/kenguru-kao-kangoo-kango-kango-2-fordulo\/\" \/>\n<meta property=\"og:site_name\" content=\"Prismagamers.com\" \/>\n<meta property=\"article:publisher\" content=\"https:\/\/www.facebook.com\/prismagamers\" \/>\n<meta property=\"og:image\" content=\"https:\/\/prismagamers.com\/wp-content\/uploads\/2023\/06\/kao_the_kangaroo.jpeg\" \/>\n\t<meta property=\"og:image:width\" content=\"350\" \/>\n\t<meta property=\"og:image:height\" content=\"525\" \/>\n\t<meta property=\"og:image:type\" content=\"image\/jpeg\" \/>\n<meta name=\"twitter:card\" content=\"summary_large_image\" \/>\n<meta name=\"twitter:label1\" content=\"Becs\u00fclt olvas\u00e1si id\u0151\" \/>\n\t<meta name=\"twitter:data1\" content=\"1 perc\" \/>\n<script type=\"application\/ld+json\" class=\"yoast-schema-graph\">{\"@context\":\"https:\\\/\\\/schema.org\",\"@graph\":[{\"@type\":\"WebPage\",\"@id\":\"https:\\\/\\\/prismagamers.com\\\/hu\\\/produkt\\\/kenguru-kao-kangoo-kango-kango-2-fordulo\\\/\",\"url\":\"https:\\\/\\\/prismagamers.com\\\/hu\\\/produkt\\\/kenguru-kao-kangoo-kango-kango-2-fordulo\\\/\",\"name\":\"Kenguru Kao: Kangoo Kango Kango: 2. fordul\u00f3 - Prismagamers.com\",\"isPartOf\":{\"@id\":\"https:\\\/\\\/prismagamers.com\\\/hu\\\/#website\"},\"primaryImageOfPage\":{\"@id\":\"https:\\\/\\\/prismagamers.com\\\/hu\\\/produkt\\\/kenguru-kao-kangoo-kango-kango-2-fordulo\\\/#primaryimage\"},\"image\":{\"@id\":\"https:\\\/\\\/prismagamers.com\\\/hu\\\/produkt\\\/kenguru-kao-kangoo-kango-kango-2-fordulo\\\/#primaryimage\"},\"thumbnailUrl\":\"https:\\\/\\\/prismagamers.com\\\/wp-content\\\/uploads\\\/2023\\\/06\\\/kao_the_kangaroo.jpeg\",\"datePublished\":\"2023-06-16T19:33:52+00:00\",\"description\":\"Tegy\u00e9l nosztalgikus utaz\u00e1st a csod\u00e1latos \u00e9s im\u00e1dnival\u00f3 Kenguru Ka\u00f3val. Mer\u00fclj el a klasszikus 3D platformer vil\u00e1g\u00e1ban, ahol Kao, a b\u00e1tor kenguru szerep\u00e9ben j\u00e1tszhatsz. Fuss, ugorj \u00e9s k\u00fczdd \u00e1t magad ellens\u00e9gek eg\u00e9sz sereg\u00e9n. \ud83c\udf0d Glob\u00e1lis \u2699\ufe0f Steam \ud83d\udddd Digit\u00e1lis kulcs\",\"breadcrumb\":{\"@id\":\"https:\\\/\\\/prismagamers.com\\\/hu\\\/produkt\\\/kenguru-kao-kangoo-kango-kango-2-fordulo\\\/#breadcrumb\"},\"inLanguage\":\"hu\",\"potentialAction\":[{\"@type\":\"ReadAction\",\"target\":[\"https:\\\/\\\/prismagamers.com\\\/hu\\\/produkt\\\/kenguru-kao-kangoo-kango-kango-2-fordulo\\\/\"]}]},{\"@type\":\"ImageObject\",\"inLanguage\":\"hu\",\"@id\":\"https:\\\/\\\/prismagamers.com\\\/hu\\\/produkt\\\/kenguru-kao-kangoo-kango-kango-2-fordulo\\\/#primaryimage\",\"url\":\"https:\\\/\\\/prismagamers.com\\\/wp-content\\\/uploads\\\/2023\\\/06\\\/kao_the_kangaroo.jpeg\",\"contentUrl\":\"https:\\\/\\\/prismagamers.com\\\/wp-content\\\/uploads\\\/2023\\\/06\\\/kao_the_kangaroo.jpeg\",\"width\":350,\"height\":525},{\"@type\":\"BreadcrumbList\",\"@id\":\"https:\\\/\\\/prismagamers.com\\\/hu\\\/produkt\\\/kenguru-kao-kangoo-kango-kango-2-fordulo\\\/#breadcrumb\",\"itemListElement\":[{\"@type\":\"ListItem\",\"position\":1,\"name\":\"Strona g\u0142\u00f3wna\",\"item\":\"https:\\\/\\\/prismagamers.com\\\/hu\\\/prismagamers\\\/\"},{\"@type\":\"ListItem\",\"position\":2,\"name\":\"Shop\",\"item\":\"https:\\\/\\\/prismagamers.com\\\/hu\\\/shop\\\/\"},{\"@type\":\"ListItem\",\"position\":3,\"name\":\"Kenguru Kao: Kangoo Kango Kango: 2. fordul\u00f3\"}]},{\"@type\":\"WebSite\",\"@id\":\"https:\\\/\\\/prismagamers.com\\\/hu\\\/#website\",\"url\":\"https:\\\/\\\/prismagamers.com\\\/hu\\\/\",\"name\":\"Prismagamers\",\"description\":\"Sklep z grami PC I Sklep klucze Steam\",\"publisher\":{\"@id\":\"https:\\\/\\\/prismagamers.com\\\/hu\\\/#organization\"},\"potentialAction\":[{\"@type\":\"SearchAction\",\"target\":{\"@type\":\"EntryPoint\",\"urlTemplate\":\"https:\\\/\\\/prismagamers.com\\\/hu\\\/?s={search_term_string}\"},\"query-input\":{\"@type\":\"PropertyValueSpecification\",\"valueRequired\":true,\"valueName\":\"search_term_string\"}}],\"inLanguage\":\"hu\"},{\"@type\":\"Organization\",\"@id\":\"https:\\\/\\\/prismagamers.com\\\/hu\\\/#organization\",\"name\":\"Prismagamers\",\"url\":\"https:\\\/\\\/prismagamers.com\\\/hu\\\/\",\"logo\":{\"@type\":\"ImageObject\",\"inLanguage\":\"hu\",\"@id\":\"https:\\\/\\\/prismagamers.com\\\/hu\\\/#\\\/schema\\\/logo\\\/image\\\/\",\"url\":\"https:\\\/\\\/prismagamers.com\\\/wp-content\\\/uploads\\\/2022\\\/04\\\/cropped-logo-Prismagamers-01-scaled-1.jpg\",\"contentUrl\":\"https:\\\/\\\/prismagamers.com\\\/wp-content\\\/uploads\\\/2022\\\/04\\\/cropped-logo-Prismagamers-01-scaled-1.jpg\",\"width\":512,\"height\":512,\"caption\":\"Prismagamers\"},\"image\":{\"@id\":\"https:\\\/\\\/prismagamers.com\\\/hu\\\/#\\\/schema\\\/logo\\\/image\\\/\"},\"sameAs\":[\"https:\\\/\\\/www.facebook.com\\\/prismagamers\",\"https:\\\/\\\/www.instagram.com\\\/prismagamers_grycyfrowe\\\/\"],\"description\":\"Prismagamers.com to dynamiczny sklep z grami cyfrowymi, stworzony z my\u015bl\u0105 o entuzjastach gier wideo. Nasza strona oferuje szerok\u0105 gam\u0119 gier komputerowych, w tym najnowsze tytu\u0142y, dobrze znane klasyki oraz gry stworzone przez niezale\u017cne studia Ca\u0142y czas d\u0105\u017cymy do rozszerzenia naszej oferty. Do\u0142\u0105cz do nas i sta\u0144 si\u0119 cz\u0119\u015bci\u0105 naszej rosn\u0105cej spo\u0142eczno\u015bci graczy!\",\"email\":\"shop@prismagamers.com\",\"telephone\":\"48795541705\",\"legalName\":\"East Caravan Maksym \u017bukow\",\"foundingDate\":\"2012-05-10\",\"vatID\":\"PL8943038612\",\"taxID\":\"PL8943038612\",\"numberOfEmployees\":{\"@type\":\"QuantitativeValue\",\"minValue\":\"11\",\"maxValue\":\"50\"}}]}<\/script>\n<!-- \/ Yoast SEO Premium plugin. -->","yoast_head_json":{"title":"Kenguru Kao: Kangoo Kango Kango: 2. fordul\u00f3 - Prismagamers.com","description":"Tegy\u00e9l nosztalgikus utaz\u00e1st a csod\u00e1latos \u00e9s im\u00e1dnival\u00f3 Kenguru Ka\u00f3val. Mer\u00fclj el a klasszikus 3D platformer vil\u00e1g\u00e1ban, ahol Kao, a b\u00e1tor kenguru szerep\u00e9ben j\u00e1tszhatsz. Fuss, ugorj \u00e9s k\u00fczdd \u00e1t magad ellens\u00e9gek eg\u00e9sz sereg\u00e9n.  \ud83c\udf0d Glob\u00e1lis \u2699\ufe0f Steam \ud83d\udddd Digit\u00e1lis kulcs","robots":{"index":"index","follow":"follow","max-snippet":"max-snippet:-1","max-image-preview":"max-image-preview:large","max-video-preview":"max-video-preview:-1"},"canonical":"https:\/\/prismagamers.com\/hu\/produkt\/kenguru-kao-kangoo-kango-kango-2-fordulo\/","og_locale":"hu_HU","og_type":"article","og_title":"Kenguru Kao: Kangoo Kango Kango: 2. fordul\u00f3","og_description":"Tegy\u00e9l nosztalgikus utaz\u00e1st a csod\u00e1latos \u00e9s im\u00e1dnival\u00f3 Kenguru Ka\u00f3val. Mer\u00fclj el a klasszikus 3D platformer vil\u00e1g\u00e1ban, ahol Kao, a b\u00e1tor kenguru szerep\u00e9ben j\u00e1tszhatsz. Fuss, ugorj \u00e9s k\u00fczdd \u00e1t magad ellens\u00e9gek eg\u00e9sz sereg\u00e9n.  \ud83c\udf0d Glob\u00e1lis \u2699\ufe0f Steam \ud83d\udddd Digit\u00e1lis kulcs","og_url":"https:\/\/prismagamers.com\/hu\/produkt\/kenguru-kao-kangoo-kango-kango-2-fordulo\/","og_site_name":"Prismagamers.com","article_publisher":"https:\/\/www.facebook.com\/prismagamers","og_image":[{"width":350,"height":525,"url":"https:\/\/prismagamers.com\/wp-content\/uploads\/2023\/06\/kao_the_kangaroo.jpeg","type":"image\/jpeg"}],"twitter_card":"summary_large_image","twitter_misc":{"Becs\u00fclt olvas\u00e1si id\u0151":"1 perc"},"schema":{"@context":"https:\/\/schema.org","@graph":[{"@type":"WebPage","@id":"https:\/\/prismagamers.com\/hu\/produkt\/kenguru-kao-kangoo-kango-kango-2-fordulo\/","url":"https:\/\/prismagamers.com\/hu\/produkt\/kenguru-kao-kangoo-kango-kango-2-fordulo\/","name":"Kenguru Kao: Kangoo Kango Kango: 2. fordul\u00f3 - Prismagamers.com","isPartOf":{"@id":"https:\/\/prismagamers.com\/hu\/#website"},"primaryImageOfPage":{"@id":"https:\/\/prismagamers.com\/hu\/produkt\/kenguru-kao-kangoo-kango-kango-2-fordulo\/#primaryimage"},"image":{"@id":"https:\/\/prismagamers.com\/hu\/produkt\/kenguru-kao-kangoo-kango-kango-2-fordulo\/#primaryimage"},"thumbnailUrl":"https:\/\/prismagamers.com\/wp-content\/uploads\/2023\/06\/kao_the_kangaroo.jpeg","datePublished":"2023-06-16T19:33:52+00:00","description":"Tegy\u00e9l nosztalgikus utaz\u00e1st a csod\u00e1latos \u00e9s im\u00e1dnival\u00f3 Kenguru Ka\u00f3val. Mer\u00fclj el a klasszikus 3D platformer vil\u00e1g\u00e1ban, ahol Kao, a b\u00e1tor kenguru szerep\u00e9ben j\u00e1tszhatsz. Fuss, ugorj \u00e9s k\u00fczdd \u00e1t magad ellens\u00e9gek eg\u00e9sz sereg\u00e9n. \ud83c\udf0d Glob\u00e1lis \u2699\ufe0f Steam \ud83d\udddd Digit\u00e1lis kulcs","breadcrumb":{"@id":"https:\/\/prismagamers.com\/hu\/produkt\/kenguru-kao-kangoo-kango-kango-2-fordulo\/#breadcrumb"},"inLanguage":"hu","potentialAction":[{"@type":"ReadAction","target":["https:\/\/prismagamers.com\/hu\/produkt\/kenguru-kao-kangoo-kango-kango-2-fordulo\/"]}]},{"@type":"ImageObject","inLanguage":"hu","@id":"https:\/\/prismagamers.com\/hu\/produkt\/kenguru-kao-kangoo-kango-kango-2-fordulo\/#primaryimage","url":"https:\/\/prismagamers.com\/wp-content\/uploads\/2023\/06\/kao_the_kangaroo.jpeg","contentUrl":"https:\/\/prismagamers.com\/wp-content\/uploads\/2023\/06\/kao_the_kangaroo.jpeg","width":350,"height":525},{"@type":"BreadcrumbList","@id":"https:\/\/prismagamers.com\/hu\/produkt\/kenguru-kao-kangoo-kango-kango-2-fordulo\/#breadcrumb","itemListElement":[{"@type":"ListItem","position":1,"name":"Strona g\u0142\u00f3wna","item":"https:\/\/prismagamers.com\/hu\/prismagamers\/"},{"@type":"ListItem","position":2,"name":"Shop","item":"https:\/\/prismagamers.com\/hu\/shop\/"},{"@type":"ListItem","position":3,"name":"Kenguru Kao: Kangoo Kango Kango: 2. fordul\u00f3"}]},{"@type":"WebSite","@id":"https:\/\/prismagamers.com\/hu\/#website","url":"https:\/\/prismagamers.com\/hu\/","name":"Prismagamers","description":"Sklep z grami PC I Sklep klucze Steam","publisher":{"@id":"https:\/\/prismagamers.com\/hu\/#organization"},"potentialAction":[{"@type":"SearchAction","target":{"@type":"EntryPoint","urlTemplate":"https:\/\/prismagamers.com\/hu\/?s={search_term_string}"},"query-input":{"@type":"PropertyValueSpecification","valueRequired":true,"valueName":"search_term_string"}}],"inLanguage":"hu"},{"@type":"Organization","@id":"https:\/\/prismagamers.com\/hu\/#organization","name":"Prismagamers","url":"https:\/\/prismagamers.com\/hu\/","logo":{"@type":"ImageObject","inLanguage":"hu","@id":"https:\/\/prismagamers.com\/hu\/#\/schema\/logo\/image\/","url":"https:\/\/prismagamers.com\/wp-content\/uploads\/2022\/04\/cropped-logo-Prismagamers-01-scaled-1.jpg","contentUrl":"https:\/\/prismagamers.com\/wp-content\/uploads\/2022\/04\/cropped-logo-Prismagamers-01-scaled-1.jpg","width":512,"height":512,"caption":"Prismagamers"},"image":{"@id":"https:\/\/prismagamers.com\/hu\/#\/schema\/logo\/image\/"},"sameAs":["https:\/\/www.facebook.com\/prismagamers","https:\/\/www.instagram.com\/prismagamers_grycyfrowe\/"],"description":"Prismagamers.com to dynamiczny sklep z grami cyfrowymi, stworzony z my\u015bl\u0105 o entuzjastach gier wideo. Nasza strona oferuje szerok\u0105 gam\u0119 gier komputerowych, w tym najnowsze tytu\u0142y, dobrze znane klasyki oraz gry stworzone przez niezale\u017cne studia Ca\u0142y czas d\u0105\u017cymy do rozszerzenia naszej oferty. Do\u0142\u0105cz do nas i sta\u0144 si\u0119 cz\u0119\u015bci\u0105 naszej rosn\u0105cej spo\u0142eczno\u015bci graczy!","email":"shop@prismagamers.com","telephone":"48795541705","legalName":"East Caravan Maksym \u017bukow","foundingDate":"2012-05-10","vatID":"PL8943038612","taxID":"PL8943038612","numberOfEmployees":{"@type":"QuantitativeValue","minValue":"11","maxValue":"50"}}]}},"_links":{"self":[{"href":"https:\/\/prismagamers.com\/hu\/wp-json\/wp\/v2\/product\/42354","targetHints":{"allow":["GET"]}}],"collection":[{"href":"https:\/\/prismagamers.com\/hu\/wp-json\/wp\/v2\/product"}],"about":[{"href":"https:\/\/prismagamers.com\/hu\/wp-json\/wp\/v2\/types\/product"}],"wp:featuredmedia":[{"embeddable":true,"href":"https:\/\/prismagamers.com\/hu\/wp-json\/wp\/v2\/media\/25628"}],"wp:attachment":[{"href":"https:\/\/prismagamers.com\/hu\/wp-json\/wp\/v2\/media?parent=42354"}],"wp:term":[{"taxonomy":"product_brand","embeddable":true,"href":"https:\/\/prismagamers.com\/hu\/wp-json\/wp\/v2\/product_brand?post=42354"},{"taxonomy":"product_cat","embeddable":true,"href":"https:\/\/prismagamers.com\/hu\/wp-json\/wp\/v2\/product_cat?post=42354"},{"taxonomy":"product_tag","embeddable":true,"href":"https:\/\/prismagamers.com\/hu\/wp-json\/wp\/v2\/product_tag?post=42354"}],"curies":[{"name":"wp","href":"https:\/\/api.w.org\/{rel}","templated":true}]}}