{"id":42360,"date":"2023-10-05T23:34:31","date_gmt":"2023-10-05T21:34:31","guid":{"rendered":"https:\/\/prismagamers.com\/produkt\/spirit-of-the-island\/"},"modified":"2023-10-05T23:34:31","modified_gmt":"2023-10-05T21:34:31","slug":"spirit-of-the-island","status":"publish","type":"product","link":"https:\/\/prismagamers.com\/hu\/produkt\/spirit-of-the-island\/","title":{"rendered":"Spirit of the Island"},"content":{"rendered":"<p>Tartsa fenn a l\u00e1tnival\u00f3kat, d\u00edsz\u00edtse fel a parkot, vonzza az \u00faj l\u00e1togat\u00f3kat, \u00e9s hozzon l\u00e9tre egy olyan \u00fcd\u00fcl\u0151helyet, amit\u0151l m\u00e9g a legv\u00e1logat\u00f3sabb l\u00e1togat\u00f3knak is \u00f6sszefut a ny\u00e1la!<\/p>\n<p>NEONF\u00c9NYEK, ELEG\u00c1NS KIL\u00c1T\u00c1S<\/p>\n<p>A l\u00e1tnival\u00f3k \u00e9p\u00edt\u00e9se csak egy r\u00e9sze a munk\u00e1nak. V\u00e9g\u00fcl is mindenki szereti az exkluz\u00edv \u00e9s sz\u00e9p helyeket, \u00edgy az \u00faj parkj\u00e1nak meg kell felelnie az el\u0151\u00edr\u00e1soknak. Min\u00e9l jobban kidekor\u00e1lod a f\u00e9nyes \u00faj parkodat, ann\u00e1l kellemesebb lesz a turist\u00e1k sz\u00e1m\u00e1ra. Ez pedig csak egy dolgot jelent: t\u00f6bb profitot az \u00d6n sz\u00e1m\u00e1ra. Engedd szabadj\u00e1ra kreativit\u00e1sodat, \u00e9s hozd l\u00e9tre a lehet\u0151 legjobban kidolgozott vid\u00e1mparkot!    <\/p>\n<p>JELENT\u0150S V\u00c1LASZT\u00c1SOK<\/p>\n<p>De minden \u00fajdons\u00e1g azt jelenti, hogy t\u00f6bb d\u00f6nt\u00e9st kell hoznod. Sziget\u00e9t\u0151l f\u00fcgg\u0151en &#8211; legyen az kicsi vagy nagy &#8211; el kell d\u00f6ntenie, hogy mit szeretne l\u00e9trehozni: egy vid\u00e1mparkot vagy egy eleg\u00e1ns \u00fcd\u00fcl\u0151helyet \u00fczletekkel. Kezeld hat\u00e9konyan a f\u00f6ldter\u00fcletedet, \u00e9s hozd ki bel\u0151le a legt\u00f6bbet.  <\/p>\n<p><strong>A kieg\u00e9sz\u00edt\u0151h\u00f6z a <a href=\"https:\/\/prismagamers.com\/hu\/produkt\/spirit-of-the-island-2\/\">Spirit of the Island<\/a> alapverzi\u00f3ja sz\u00fcks\u00e9ges.<\/strong><\/p>\n","protected":false},"excerpt":{"rendered":"<p>Tartsa fenn a l\u00e1tnival\u00f3kat, d\u00edsz\u00edtse fel a parkot, vonzza az \u00faj l\u00e1togat\u00f3kat, \u00e9s hozzon l\u00e9tre egy olyan \u00fcd\u00fcl\u0151helyet, amit\u0151l m\u00e9g a legv\u00e1logat\u00f3sabb l\u00e1togat\u00f3knak is \u00f6sszefut a ny\u00e1la! NEONF\u00c9NYEK, ELEG\u00c1NS KIL\u00c1T\u00c1S A l\u00e1tnival\u00f3k \u00e9p\u00edt\u00e9se csak egy r\u00e9sze a munk\u00e1nak. V\u00e9g\u00fcl is mindenki szereti az exkluz\u00edv \u00e9s sz\u00e9p helyeket, \u00edgy az \u00faj parkj\u00e1nak meg kell felelnie az [&hellip;]<\/p>\n","protected":false},"featured_media":26007,"template":"","meta":{"_acf_changed":false,"site-sidebar-layout":"default","site-content-layout":"","ast-site-content-layout":"default","site-content-style":"default","site-sidebar-style":"default","ast-global-header-display":"","ast-banner-title-visibility":"","ast-main-header-display":"","ast-hfb-above-header-display":"","ast-hfb-below-header-display":"","ast-hfb-mobile-header-display":"","site-post-title":"","ast-breadcrumbs-content":"","ast-featured-img":"","footer-sml-layout":"","ast-disable-related-posts":"","theme-transparent-header-meta":"default","adv-header-id-meta":"","stick-header-meta":"","header-above-stick-meta":"","header-main-stick-meta":"","header-below-stick-meta":"","astra-migrate-meta-layouts":"default","ast-page-background-enabled":"default","ast-page-background-meta":{"desktop":{"background-color":"var(--ast-global-color-4)","background-image":"","background-repeat":"repeat","background-position":"center center","background-size":"auto","background-attachment":"scroll","background-type":"","background-media":"","overlay-type":"","overlay-color":"","overlay-opacity":"","overlay-gradient":""},"tablet":{"background-color":"","background-image":"","background-repeat":"repeat","background-position":"center center","background-size":"auto","background-attachment":"scroll","background-type":"","background-media":"","overlay-type":"","overlay-color":"","overlay-opacity":"","overlay-gradient":""},"mobile":{"background-color":"","background-image":"","background-repeat":"repeat","background-position":"center center","background-size":"auto","background-attachment":"scroll","background-type":"","background-media":"","overlay-type":"","overlay-color":"","overlay-opacity":"","overlay-gradient":""}},"ast-content-background-meta":{"desktop":{"background-color":"var(--ast-global-color-5)","background-image":"","background-repeat":"repeat","background-position":"center center","background-size":"auto","background-attachment":"scroll","background-type":"","background-media":"","overlay-type":"","overlay-color":"","overlay-opacity":"","overlay-gradient":""},"tablet":{"background-color":"var(--ast-global-color-5)","background-image":"","background-repeat":"repeat","background-position":"center center","background-size":"auto","background-attachment":"scroll","background-type":"","background-media":"","overlay-type":"","overlay-color":"","overlay-opacity":"","overlay-gradient":""},"mobile":{"background-color":"var(--ast-global-color-5)","background-image":"","background-repeat":"repeat","background-position":"center center","background-size":"auto","background-attachment":"scroll","background-type":"","background-media":"","overlay-type":"","overlay-color":"","overlay-opacity":"","overlay-gradient":""}}},"product_brand":[],"product_cat":[394,368,365,378],"product_tag":[],"class_list":{"0":"post-42360","1":"product","2":"type-product","3":"status-publish","4":"has-post-thumbnail","6":"product_cat-digitalis-jatekok","7":"product_cat-dlc-hu","8":"product_cat-goz","9":"product_cat-minden-digitalis-jatek","10":"desktop-align-left","11":"tablet-align-left","12":"mobile-align-left","14":"first","15":"instock","16":"shipping-taxable","17":"purchasable","18":"product-type-simple"},"acf":[],"yoast_head":"<!-- This site is optimized with the Yoast SEO Premium plugin v27.4 (Yoast SEO v27.4) - https:\/\/yoast.com\/product\/yoast-seo-premium-wordpress\/ -->\n<title>Spirit of the Island - Prismagamers.com<\/title>\n<meta name=\"description\" content=\"Tartsa fenn a l\u00e1tnival\u00f3kat, d\u00edsz\u00edtse fel a parkot, vonzza az \u00faj l\u00e1togat\u00f3kat, \u00e9s hozzon l\u00e9tre egy olyan \u00fcd\u00fcl\u0151helyet, amit\u0151l m\u00e9g a legv\u00e1logat\u00f3sabb\" \/>\n<meta name=\"robots\" content=\"index, follow, max-snippet:-1, max-image-preview:large, max-video-preview:-1\" \/>\n<link rel=\"canonical\" href=\"https:\/\/prismagamers.com\/hu\/produkt\/spirit-of-the-island\/\" \/>\n<meta property=\"og:locale\" content=\"hu_HU\" \/>\n<meta property=\"og:type\" content=\"article\" \/>\n<meta property=\"og:title\" content=\"Spirit of the Island\" \/>\n<meta property=\"og:description\" content=\"Tartsa fenn a l\u00e1tnival\u00f3kat, d\u00edsz\u00edtse fel a parkot, vonzza az \u00faj l\u00e1togat\u00f3kat, \u00e9s hozzon l\u00e9tre egy olyan \u00fcd\u00fcl\u0151helyet, amit\u0151l m\u00e9g a legv\u00e1logat\u00f3sabb\" \/>\n<meta property=\"og:url\" content=\"https:\/\/prismagamers.com\/hu\/produkt\/spirit-of-the-island\/\" \/>\n<meta property=\"og:site_name\" content=\"Prismagamers.com\" \/>\n<meta property=\"article:publisher\" content=\"https:\/\/www.facebook.com\/prismagamers\" \/>\n<meta property=\"og:image\" content=\"https:\/\/prismagamers.com\/wp-content\/uploads\/2023\/10\/Spirit-of-the-Island-Adventureland_box_n.jpg\" \/>\n\t<meta property=\"og:image:width\" content=\"1200\" \/>\n\t<meta property=\"og:image:height\" content=\"1600\" \/>\n\t<meta property=\"og:image:type\" content=\"image\/jpeg\" \/>\n<meta name=\"twitter:card\" content=\"summary_large_image\" \/>\n<meta name=\"twitter:label1\" content=\"Becs\u00fclt olvas\u00e1si id\u0151\" \/>\n\t<meta name=\"twitter:data1\" content=\"1 perc\" \/>\n<script type=\"application\/ld+json\" class=\"yoast-schema-graph\">{\"@context\":\"https:\\\/\\\/schema.org\",\"@graph\":[{\"@type\":\"WebPage\",\"@id\":\"https:\\\/\\\/prismagamers.com\\\/hu\\\/produkt\\\/spirit-of-the-island\\\/\",\"url\":\"https:\\\/\\\/prismagamers.com\\\/hu\\\/produkt\\\/spirit-of-the-island\\\/\",\"name\":\"Spirit of the Island - Prismagamers.com\",\"isPartOf\":{\"@id\":\"https:\\\/\\\/prismagamers.com\\\/hu\\\/#website\"},\"primaryImageOfPage\":{\"@id\":\"https:\\\/\\\/prismagamers.com\\\/hu\\\/produkt\\\/spirit-of-the-island\\\/#primaryimage\"},\"image\":{\"@id\":\"https:\\\/\\\/prismagamers.com\\\/hu\\\/produkt\\\/spirit-of-the-island\\\/#primaryimage\"},\"thumbnailUrl\":\"https:\\\/\\\/prismagamers.com\\\/wp-content\\\/uploads\\\/2023\\\/10\\\/Spirit-of-the-Island-Adventureland_box_n.jpg\",\"datePublished\":\"2023-10-05T21:34:31+00:00\",\"description\":\"Tartsa fenn a l\u00e1tnival\u00f3kat, d\u00edsz\u00edtse fel a parkot, vonzza az \u00faj l\u00e1togat\u00f3kat, \u00e9s hozzon l\u00e9tre egy olyan \u00fcd\u00fcl\u0151helyet, amit\u0151l m\u00e9g a legv\u00e1logat\u00f3sabb\",\"breadcrumb\":{\"@id\":\"https:\\\/\\\/prismagamers.com\\\/hu\\\/produkt\\\/spirit-of-the-island\\\/#breadcrumb\"},\"inLanguage\":\"hu\",\"potentialAction\":[{\"@type\":\"ReadAction\",\"target\":[\"https:\\\/\\\/prismagamers.com\\\/hu\\\/produkt\\\/spirit-of-the-island\\\/\"]}]},{\"@type\":\"ImageObject\",\"inLanguage\":\"hu\",\"@id\":\"https:\\\/\\\/prismagamers.com\\\/hu\\\/produkt\\\/spirit-of-the-island\\\/#primaryimage\",\"url\":\"https:\\\/\\\/prismagamers.com\\\/wp-content\\\/uploads\\\/2023\\\/10\\\/Spirit-of-the-Island-Adventureland_box_n.jpg\",\"contentUrl\":\"https:\\\/\\\/prismagamers.com\\\/wp-content\\\/uploads\\\/2023\\\/10\\\/Spirit-of-the-Island-Adventureland_box_n.jpg\",\"width\":1200,\"height\":1600},{\"@type\":\"BreadcrumbList\",\"@id\":\"https:\\\/\\\/prismagamers.com\\\/hu\\\/produkt\\\/spirit-of-the-island\\\/#breadcrumb\",\"itemListElement\":[{\"@type\":\"ListItem\",\"position\":1,\"name\":\"Strona g\u0142\u00f3wna\",\"item\":\"https:\\\/\\\/prismagamers.com\\\/hu\\\/prismagamers\\\/\"},{\"@type\":\"ListItem\",\"position\":2,\"name\":\"Shop\",\"item\":\"https:\\\/\\\/prismagamers.com\\\/hu\\\/shop\\\/\"},{\"@type\":\"ListItem\",\"position\":3,\"name\":\"Spirit of the Island\"}]},{\"@type\":\"WebSite\",\"@id\":\"https:\\\/\\\/prismagamers.com\\\/hu\\\/#website\",\"url\":\"https:\\\/\\\/prismagamers.com\\\/hu\\\/\",\"name\":\"Prismagamers\",\"description\":\"Sklep z grami PC I Sklep klucze Steam\",\"publisher\":{\"@id\":\"https:\\\/\\\/prismagamers.com\\\/hu\\\/#organization\"},\"potentialAction\":[{\"@type\":\"SearchAction\",\"target\":{\"@type\":\"EntryPoint\",\"urlTemplate\":\"https:\\\/\\\/prismagamers.com\\\/hu\\\/?s={search_term_string}\"},\"query-input\":{\"@type\":\"PropertyValueSpecification\",\"valueRequired\":true,\"valueName\":\"search_term_string\"}}],\"inLanguage\":\"hu\"},{\"@type\":\"Organization\",\"@id\":\"https:\\\/\\\/prismagamers.com\\\/hu\\\/#organization\",\"name\":\"Prismagamers\",\"url\":\"https:\\\/\\\/prismagamers.com\\\/hu\\\/\",\"logo\":{\"@type\":\"ImageObject\",\"inLanguage\":\"hu\",\"@id\":\"https:\\\/\\\/prismagamers.com\\\/hu\\\/#\\\/schema\\\/logo\\\/image\\\/\",\"url\":\"https:\\\/\\\/prismagamers.com\\\/wp-content\\\/uploads\\\/2022\\\/04\\\/cropped-logo-Prismagamers-01-scaled-1.jpg\",\"contentUrl\":\"https:\\\/\\\/prismagamers.com\\\/wp-content\\\/uploads\\\/2022\\\/04\\\/cropped-logo-Prismagamers-01-scaled-1.jpg\",\"width\":512,\"height\":512,\"caption\":\"Prismagamers\"},\"image\":{\"@id\":\"https:\\\/\\\/prismagamers.com\\\/hu\\\/#\\\/schema\\\/logo\\\/image\\\/\"},\"sameAs\":[\"https:\\\/\\\/www.facebook.com\\\/prismagamers\",\"https:\\\/\\\/www.instagram.com\\\/prismagamers_grycyfrowe\\\/\"],\"description\":\"Prismagamers.com to dynamiczny sklep z grami cyfrowymi, stworzony z my\u015bl\u0105 o entuzjastach gier wideo. Nasza strona oferuje szerok\u0105 gam\u0119 gier komputerowych, w tym najnowsze tytu\u0142y, dobrze znane klasyki oraz gry stworzone przez niezale\u017cne studia Ca\u0142y czas d\u0105\u017cymy do rozszerzenia naszej oferty. Do\u0142\u0105cz do nas i sta\u0144 si\u0119 cz\u0119\u015bci\u0105 naszej rosn\u0105cej spo\u0142eczno\u015bci graczy!\",\"email\":\"shop@prismagamers.com\",\"telephone\":\"48795541705\",\"legalName\":\"East Caravan Maksym \u017bukow\",\"foundingDate\":\"2012-05-10\",\"vatID\":\"PL8943038612\",\"taxID\":\"PL8943038612\",\"numberOfEmployees\":{\"@type\":\"QuantitativeValue\",\"minValue\":\"11\",\"maxValue\":\"50\"}}]}<\/script>\n<!-- \/ Yoast SEO Premium plugin. -->","yoast_head_json":{"title":"Spirit of the Island - Prismagamers.com","description":"Tartsa fenn a l\u00e1tnival\u00f3kat, d\u00edsz\u00edtse fel a parkot, vonzza az \u00faj l\u00e1togat\u00f3kat, \u00e9s hozzon l\u00e9tre egy olyan \u00fcd\u00fcl\u0151helyet, amit\u0151l m\u00e9g a legv\u00e1logat\u00f3sabb","robots":{"index":"index","follow":"follow","max-snippet":"max-snippet:-1","max-image-preview":"max-image-preview:large","max-video-preview":"max-video-preview:-1"},"canonical":"https:\/\/prismagamers.com\/hu\/produkt\/spirit-of-the-island\/","og_locale":"hu_HU","og_type":"article","og_title":"Spirit of the Island","og_description":"Tartsa fenn a l\u00e1tnival\u00f3kat, d\u00edsz\u00edtse fel a parkot, vonzza az \u00faj l\u00e1togat\u00f3kat, \u00e9s hozzon l\u00e9tre egy olyan \u00fcd\u00fcl\u0151helyet, amit\u0151l m\u00e9g a legv\u00e1logat\u00f3sabb","og_url":"https:\/\/prismagamers.com\/hu\/produkt\/spirit-of-the-island\/","og_site_name":"Prismagamers.com","article_publisher":"https:\/\/www.facebook.com\/prismagamers","og_image":[{"width":1200,"height":1600,"url":"https:\/\/prismagamers.com\/wp-content\/uploads\/2023\/10\/Spirit-of-the-Island-Adventureland_box_n.jpg","type":"image\/jpeg"}],"twitter_card":"summary_large_image","twitter_misc":{"Becs\u00fclt olvas\u00e1si id\u0151":"1 perc"},"schema":{"@context":"https:\/\/schema.org","@graph":[{"@type":"WebPage","@id":"https:\/\/prismagamers.com\/hu\/produkt\/spirit-of-the-island\/","url":"https:\/\/prismagamers.com\/hu\/produkt\/spirit-of-the-island\/","name":"Spirit of the Island - Prismagamers.com","isPartOf":{"@id":"https:\/\/prismagamers.com\/hu\/#website"},"primaryImageOfPage":{"@id":"https:\/\/prismagamers.com\/hu\/produkt\/spirit-of-the-island\/#primaryimage"},"image":{"@id":"https:\/\/prismagamers.com\/hu\/produkt\/spirit-of-the-island\/#primaryimage"},"thumbnailUrl":"https:\/\/prismagamers.com\/wp-content\/uploads\/2023\/10\/Spirit-of-the-Island-Adventureland_box_n.jpg","datePublished":"2023-10-05T21:34:31+00:00","description":"Tartsa fenn a l\u00e1tnival\u00f3kat, d\u00edsz\u00edtse fel a parkot, vonzza az \u00faj l\u00e1togat\u00f3kat, \u00e9s hozzon l\u00e9tre egy olyan \u00fcd\u00fcl\u0151helyet, amit\u0151l m\u00e9g a legv\u00e1logat\u00f3sabb","breadcrumb":{"@id":"https:\/\/prismagamers.com\/hu\/produkt\/spirit-of-the-island\/#breadcrumb"},"inLanguage":"hu","potentialAction":[{"@type":"ReadAction","target":["https:\/\/prismagamers.com\/hu\/produkt\/spirit-of-the-island\/"]}]},{"@type":"ImageObject","inLanguage":"hu","@id":"https:\/\/prismagamers.com\/hu\/produkt\/spirit-of-the-island\/#primaryimage","url":"https:\/\/prismagamers.com\/wp-content\/uploads\/2023\/10\/Spirit-of-the-Island-Adventureland_box_n.jpg","contentUrl":"https:\/\/prismagamers.com\/wp-content\/uploads\/2023\/10\/Spirit-of-the-Island-Adventureland_box_n.jpg","width":1200,"height":1600},{"@type":"BreadcrumbList","@id":"https:\/\/prismagamers.com\/hu\/produkt\/spirit-of-the-island\/#breadcrumb","itemListElement":[{"@type":"ListItem","position":1,"name":"Strona g\u0142\u00f3wna","item":"https:\/\/prismagamers.com\/hu\/prismagamers\/"},{"@type":"ListItem","position":2,"name":"Shop","item":"https:\/\/prismagamers.com\/hu\/shop\/"},{"@type":"ListItem","position":3,"name":"Spirit of the Island"}]},{"@type":"WebSite","@id":"https:\/\/prismagamers.com\/hu\/#website","url":"https:\/\/prismagamers.com\/hu\/","name":"Prismagamers","description":"Sklep z grami PC I Sklep klucze Steam","publisher":{"@id":"https:\/\/prismagamers.com\/hu\/#organization"},"potentialAction":[{"@type":"SearchAction","target":{"@type":"EntryPoint","urlTemplate":"https:\/\/prismagamers.com\/hu\/?s={search_term_string}"},"query-input":{"@type":"PropertyValueSpecification","valueRequired":true,"valueName":"search_term_string"}}],"inLanguage":"hu"},{"@type":"Organization","@id":"https:\/\/prismagamers.com\/hu\/#organization","name":"Prismagamers","url":"https:\/\/prismagamers.com\/hu\/","logo":{"@type":"ImageObject","inLanguage":"hu","@id":"https:\/\/prismagamers.com\/hu\/#\/schema\/logo\/image\/","url":"https:\/\/prismagamers.com\/wp-content\/uploads\/2022\/04\/cropped-logo-Prismagamers-01-scaled-1.jpg","contentUrl":"https:\/\/prismagamers.com\/wp-content\/uploads\/2022\/04\/cropped-logo-Prismagamers-01-scaled-1.jpg","width":512,"height":512,"caption":"Prismagamers"},"image":{"@id":"https:\/\/prismagamers.com\/hu\/#\/schema\/logo\/image\/"},"sameAs":["https:\/\/www.facebook.com\/prismagamers","https:\/\/www.instagram.com\/prismagamers_grycyfrowe\/"],"description":"Prismagamers.com to dynamiczny sklep z grami cyfrowymi, stworzony z my\u015bl\u0105 o entuzjastach gier wideo. Nasza strona oferuje szerok\u0105 gam\u0119 gier komputerowych, w tym najnowsze tytu\u0142y, dobrze znane klasyki oraz gry stworzone przez niezale\u017cne studia Ca\u0142y czas d\u0105\u017cymy do rozszerzenia naszej oferty. Do\u0142\u0105cz do nas i sta\u0144 si\u0119 cz\u0119\u015bci\u0105 naszej rosn\u0105cej spo\u0142eczno\u015bci graczy!","email":"shop@prismagamers.com","telephone":"48795541705","legalName":"East Caravan Maksym \u017bukow","foundingDate":"2012-05-10","vatID":"PL8943038612","taxID":"PL8943038612","numberOfEmployees":{"@type":"QuantitativeValue","minValue":"11","maxValue":"50"}}]}},"_links":{"self":[{"href":"https:\/\/prismagamers.com\/hu\/wp-json\/wp\/v2\/product\/42360","targetHints":{"allow":["GET"]}}],"collection":[{"href":"https:\/\/prismagamers.com\/hu\/wp-json\/wp\/v2\/product"}],"about":[{"href":"https:\/\/prismagamers.com\/hu\/wp-json\/wp\/v2\/types\/product"}],"wp:featuredmedia":[{"embeddable":true,"href":"https:\/\/prismagamers.com\/hu\/wp-json\/wp\/v2\/media\/26007"}],"wp:attachment":[{"href":"https:\/\/prismagamers.com\/hu\/wp-json\/wp\/v2\/media?parent=42360"}],"wp:term":[{"taxonomy":"product_brand","embeddable":true,"href":"https:\/\/prismagamers.com\/hu\/wp-json\/wp\/v2\/product_brand?post=42360"},{"taxonomy":"product_cat","embeddable":true,"href":"https:\/\/prismagamers.com\/hu\/wp-json\/wp\/v2\/product_cat?post=42360"},{"taxonomy":"product_tag","embeddable":true,"href":"https:\/\/prismagamers.com\/hu\/wp-json\/wp\/v2\/product_tag?post=42360"}],"curies":[{"name":"wp","href":"https:\/\/api.w.org\/{rel}","templated":true}]}}