{"id":42371,"date":"2023-09-14T22:40:15","date_gmt":"2023-09-14T20:40:15","guid":{"rendered":"https:\/\/prismagamers.com\/produkt\/before-your-eyes\/"},"modified":"2023-09-14T22:40:15","modified_gmt":"2023-09-14T20:40:15","slug":"before-your-eyes","status":"publish","type":"product","link":"https:\/\/prismagamers.com\/hu\/produkt\/before-your-eyes\/","title":{"rendered":"Before Your Eyes"},"content":{"rendered":"<p>A Before Your Eyes egy els\u0151 szem\u00e9ly\u0171 narrat\u00edv kalandj\u00e1t\u00e9k, amely egy l\u00e9lek t\u00f6rt\u00e9net\u00e9t mes\u00e9li el a t\u00falvil\u00e1gra vezet\u0151 \u00faton, az interakci\u00f3 egy \u00faj \u00e9s innovat\u00edv form\u00e1j\u00e1t haszn\u00e1lva &#8211; a t\u00e9nyleges pislog\u00e1sodat.<\/p>\n<p>A t\u00f6rt\u00e9net a hal\u00e1lod ut\u00e1n kezd\u0151dik, a mitikus Lelkek \u00c1rul\u00f3ja fed\u00e9lzet\u00e9n, amelynek feladata a lelkek \u00e1tvezet\u00e9se a t\u00falvil\u00e1gra. Ahhoz, hogy seg\u00edthessen tov\u00e1bbl\u00e9pni, el\u0151bb meg kell ismernie \u00e9leted t\u00f6rt\u00e9net\u00e9t. \u00cdgy h\u00e1t elk\u00fcld t\u00e9ged, hogy \u00fajra \u00e1t\u00e9ld a legfontosabb pillanataidat.  <\/p>\n<p><img decoding=\"async\" class=\"aligncenter\" src=\"https:\/\/cdn.akamai.steamstatic.com\/steam\/apps\/1082430\/extras\/BYE_BANNER_EN.png?t=1681496393\"><\/p>\n<p>A j\u00e1t\u00e9k webkamer\u00e1t haszn\u00e1l, hogy olyan m\u00f3don vonja be a t\u00f6rt\u00e9netbe, ahogyan m\u00e9g soha nem tapasztaltad. Megtanulod, hogyan ir\u00e1ny\u00edtsd az elbesz\u00e9l\u00e9s folyam\u00e1t a val\u00f3di szemeiddel &#8211; hunyorogva n\u00e9zhetsz v\u00e9gig a csal\u00e1dr\u00f3l, az els\u0151 szerelemr\u0151l \u00e9s a m\u0171v\u00e9szi karrier fejl\u0151d\u00e9s\u00e9r\u0151l sz\u00f3l\u00f3 \u00e9rt\u00e9kes eml\u00e9keken. \u00c1m hamarosan Tragarz gyan\u00fat fog, hogy nem mutatsz meg neki mindent, amit l\u00e1tnia kell. \u00cdgy arra k\u00e9nyszer\u00edt, hogy a legelnyomottabb eml\u00e9keid s\u00f6t\u00e9t bugyraiba \u00e1ss, \u00e9s v\u00e9g\u00fcl felt\u00e1rja el\u0151tted a meghat\u00f3 igazs\u00e1got.   <\/p>\n<p>A Before Your Eyes a kacsint\u00e1sokon kereszt\u00fcl t\u00f6rt\u00e9n\u0151 interakci\u00f3 innovat\u00edv mechanizmus\u00e1t egy elb\u0171v\u00f6l\u0151 vil\u00e1ggal \u00e9s egy teljesen elj\u00e1tszott elbesz\u00e9l\u00e9ssel kombin\u00e1lva egy m\u00e9lyen \u00e9rzelmi \u00e9s kapcsolati utaz\u00e1s &#8211; egy t\u00f6rt\u00e9net a magunkkal szemben t\u00e1masztott lehetetlen elv\u00e1r\u00e1sokr\u00f3l \u00e9s a sz\u00edv\u00fcnkben hordozott megb\u00e1n\u00e1sokr\u00f3l.<\/p>\n<p>A j\u00e1t\u00e9k kor\u00e1bbi, &#8222;Close Your&#8221; nev\u0171 v\u00e1ltozata elnyerte az Indiecade-en a Game Developers Choice d\u00edjat, valamint az Independent Game Awards (IGF) Student Award d\u00edj\u00e1t, miel\u0151tt sikeres Kickstarter kamp\u00e1nyon kereszt\u00fcl finansz\u00edroz\u00e1st kapott.<\/p>\n","protected":false},"excerpt":{"rendered":"<p>Indulj el egy \u00e9rzelmes elbesz\u00e9l\u0151 kalandban els\u0151 szem\u00e9ly\u0171 perspekt\u00edv\u00e1b\u00f3l, ahol te ir\u00e1ny\u00edtod a t\u00f6rt\u00e9netet, \u00e9s t\u00e9nyleges szemhunyorg\u00e1ssal befoly\u00e1solhatod a v\u00e9gkifejletet. Ezzel az innovat\u00edv technik\u00e1val teljesen elmer\u00fclhetsz az eml\u00e9kek vil\u00e1g\u00e1ban, amelyek egyszerre boldogok \u00e9s szomor\u00faak, mik\u00f6zben az eg\u00e9sz \u00e9leted lepereg a szemed el\u0151tt. <\/p>\n<p>\ud83c\udf0d Glob\u00e1lis<br \/>\n\u2699\ufe0f Steam<br \/>\n\ud83d\udddd Digit\u00e1lis kulcs<\/p>\n","protected":false},"featured_media":25947,"template":"","meta":{"_acf_changed":false,"site-sidebar-layout":"default","site-content-layout":"","ast-site-content-layout":"default","site-content-style":"default","site-sidebar-style":"default","ast-global-header-display":"","ast-banner-title-visibility":"","ast-main-header-display":"","ast-hfb-above-header-display":"","ast-hfb-below-header-display":"","ast-hfb-mobile-header-display":"","site-post-title":"","ast-breadcrumbs-content":"","ast-featured-img":"","footer-sml-layout":"","ast-disable-related-posts":"","theme-transparent-header-meta":"default","adv-header-id-meta":"","stick-header-meta":"","header-above-stick-meta":"","header-main-stick-meta":"","header-below-stick-meta":"","astra-migrate-meta-layouts":"default","ast-page-background-enabled":"default","ast-page-background-meta":{"desktop":{"background-color":"var(--ast-global-color-4)","background-image":"","background-repeat":"repeat","background-position":"center center","background-size":"auto","background-attachment":"scroll","background-type":"","background-media":"","overlay-type":"","overlay-color":"","overlay-opacity":"","overlay-gradient":""},"tablet":{"background-color":"","background-image":"","background-repeat":"repeat","background-position":"center center","background-size":"auto","background-attachment":"scroll","background-type":"","background-media":"","overlay-type":"","overlay-color":"","overlay-opacity":"","overlay-gradient":""},"mobile":{"background-color":"","background-image":"","background-repeat":"repeat","background-position":"center center","background-size":"auto","background-attachment":"scroll","background-type":"","background-media":"","overlay-type":"","overlay-color":"","overlay-opacity":"","overlay-gradient":""}},"ast-content-background-meta":{"desktop":{"background-color":"var(--ast-global-color-5)","background-image":"","background-repeat":"repeat","background-position":"center center","background-size":"auto","background-attachment":"scroll","background-type":"","background-media":"","overlay-type":"","overlay-color":"","overlay-opacity":"","overlay-gradient":""},"tablet":{"background-color":"var(--ast-global-color-5)","background-image":"","background-repeat":"repeat","background-position":"center center","background-size":"auto","background-attachment":"scroll","background-type":"","background-media":"","overlay-type":"","overlay-color":"","overlay-opacity":"","overlay-gradient":""},"mobile":{"background-color":"var(--ast-global-color-5)","background-image":"","background-repeat":"repeat","background-position":"center center","background-size":"auto","background-attachment":"scroll","background-type":"","background-media":"","overlay-type":"","overlay-color":"","overlay-opacity":"","overlay-gradient":""}}},"product_brand":[],"product_cat":[394,365,372,363,367],"product_tag":[],"class_list":{"0":"post-42371","1":"product","2":"type-product","3":"status-publish","4":"has-post-thumbnail","6":"product_cat-digitalis-jatekok","7":"product_cat-goz","8":"product_cat-jatekok-szimulatorok","9":"product_cat-kaland-jatekok","10":"product_cat-pc-jatekok","11":"desktop-align-left","12":"tablet-align-left","13":"mobile-align-left","15":"first","16":"instock","17":"shipping-taxable","18":"purchasable","19":"product-type-simple"},"acf":[],"yoast_head":"<!-- This site is optimized with the Yoast SEO Premium plugin v27.5 (Yoast SEO v27.5) - https:\/\/yoast.com\/product\/yoast-seo-premium-wordpress\/ -->\n<title>Before Your Eyes - Prismagamers.com<\/title>\n<meta name=\"description\" content=\"Indulj el egy \u00e9rzelmes elbesz\u00e9l\u0151 kalandban els\u0151 szem\u00e9ly\u0171 perspekt\u00edv\u00e1b\u00f3l, ahol te ir\u00e1ny\u00edtod a t\u00f6rt\u00e9netet, \u00e9s t\u00e9nyleges szemhunyorg\u00e1ssal befoly\u00e1solhatod a v\u00e9gkifejletet. Ezzel az innovat\u00edv technik\u00e1val teljesen elmer\u00fclhetsz az eml\u00e9kek vil\u00e1g\u00e1ban, amelyek egyszerre boldogok \u00e9s szomor\u00faak, mik\u00f6zben az eg\u00e9sz \u00e9leted lepereg a szemed el\u0151tt.  \ud83c\udf0d Glob\u00e1lis \u2699\ufe0f Steam \ud83d\udddd Digit\u00e1lis kulcs\" \/>\n<meta name=\"robots\" content=\"index, follow, max-snippet:-1, max-image-preview:large, max-video-preview:-1\" \/>\n<link rel=\"canonical\" href=\"https:\/\/prismagamers.com\/hu\/produkt\/before-your-eyes\/\" \/>\n<meta property=\"og:locale\" content=\"hu_HU\" \/>\n<meta property=\"og:type\" content=\"article\" \/>\n<meta property=\"og:title\" content=\"Before Your Eyes\" \/>\n<meta property=\"og:description\" content=\"Indulj el egy \u00e9rzelmes elbesz\u00e9l\u0151 kalandban els\u0151 szem\u00e9ly\u0171 perspekt\u00edv\u00e1b\u00f3l, ahol te ir\u00e1ny\u00edtod a t\u00f6rt\u00e9netet, \u00e9s t\u00e9nyleges szemhunyorg\u00e1ssal befoly\u00e1solhatod a v\u00e9gkifejletet. Ezzel az innovat\u00edv technik\u00e1val teljesen elmer\u00fclhetsz az eml\u00e9kek vil\u00e1g\u00e1ban, amelyek egyszerre boldogok \u00e9s szomor\u00faak, mik\u00f6zben az eg\u00e9sz \u00e9leted lepereg a szemed el\u0151tt.  \ud83c\udf0d Glob\u00e1lis \u2699\ufe0f Steam \ud83d\udddd Digit\u00e1lis kulcs\" \/>\n<meta property=\"og:url\" content=\"https:\/\/prismagamers.com\/hu\/produkt\/before-your-eyes\/\" \/>\n<meta property=\"og:site_name\" content=\"Prismagamers.com\" \/>\n<meta property=\"article:publisher\" content=\"https:\/\/www.facebook.com\/prismagamers\" \/>\n<meta property=\"og:image\" content=\"https:\/\/prismagamers.com\/wp-content\/uploads\/2023\/09\/librarycapsule.png\" \/>\n\t<meta property=\"og:image:width\" content=\"600\" \/>\n\t<meta property=\"og:image:height\" content=\"900\" \/>\n\t<meta property=\"og:image:type\" content=\"image\/png\" \/>\n<meta name=\"twitter:card\" content=\"summary_large_image\" \/>\n<meta name=\"twitter:label1\" content=\"Becs\u00fclt olvas\u00e1si id\u0151\" \/>\n\t<meta name=\"twitter:data1\" content=\"2 perc\" \/>\n<script type=\"application\/ld+json\" class=\"yoast-schema-graph\">{\"@context\":\"https:\\\/\\\/schema.org\",\"@graph\":[{\"@type\":\"WebPage\",\"@id\":\"https:\\\/\\\/prismagamers.com\\\/hu\\\/produkt\\\/before-your-eyes\\\/\",\"url\":\"https:\\\/\\\/prismagamers.com\\\/hu\\\/produkt\\\/before-your-eyes\\\/\",\"name\":\"Before Your Eyes - Prismagamers.com\",\"isPartOf\":{\"@id\":\"https:\\\/\\\/prismagamers.com\\\/hu\\\/#website\"},\"primaryImageOfPage\":{\"@id\":\"https:\\\/\\\/prismagamers.com\\\/hu\\\/produkt\\\/before-your-eyes\\\/#primaryimage\"},\"image\":{\"@id\":\"https:\\\/\\\/prismagamers.com\\\/hu\\\/produkt\\\/before-your-eyes\\\/#primaryimage\"},\"thumbnailUrl\":\"https:\\\/\\\/prismagamers.com\\\/wp-content\\\/uploads\\\/2023\\\/09\\\/librarycapsule.png\",\"datePublished\":\"2023-09-14T20:40:15+00:00\",\"description\":\"Indulj el egy \u00e9rzelmes elbesz\u00e9l\u0151 kalandban els\u0151 szem\u00e9ly\u0171 perspekt\u00edv\u00e1b\u00f3l, ahol te ir\u00e1ny\u00edtod a t\u00f6rt\u00e9netet, \u00e9s t\u00e9nyleges szemhunyorg\u00e1ssal befoly\u00e1solhatod a v\u00e9gkifejletet. Ezzel az innovat\u00edv technik\u00e1val teljesen elmer\u00fclhetsz az eml\u00e9kek vil\u00e1g\u00e1ban, amelyek egyszerre boldogok \u00e9s szomor\u00faak, mik\u00f6zben az eg\u00e9sz \u00e9leted lepereg a szemed el\u0151tt. \ud83c\udf0d Glob\u00e1lis \u2699\ufe0f Steam \ud83d\udddd Digit\u00e1lis kulcs\",\"breadcrumb\":{\"@id\":\"https:\\\/\\\/prismagamers.com\\\/hu\\\/produkt\\\/before-your-eyes\\\/#breadcrumb\"},\"inLanguage\":\"hu\",\"potentialAction\":[{\"@type\":\"ReadAction\",\"target\":[\"https:\\\/\\\/prismagamers.com\\\/hu\\\/produkt\\\/before-your-eyes\\\/\"]}]},{\"@type\":\"ImageObject\",\"inLanguage\":\"hu\",\"@id\":\"https:\\\/\\\/prismagamers.com\\\/hu\\\/produkt\\\/before-your-eyes\\\/#primaryimage\",\"url\":\"https:\\\/\\\/prismagamers.com\\\/wp-content\\\/uploads\\\/2023\\\/09\\\/librarycapsule.png\",\"contentUrl\":\"https:\\\/\\\/prismagamers.com\\\/wp-content\\\/uploads\\\/2023\\\/09\\\/librarycapsule.png\",\"width\":600,\"height\":900},{\"@type\":\"BreadcrumbList\",\"@id\":\"https:\\\/\\\/prismagamers.com\\\/hu\\\/produkt\\\/before-your-eyes\\\/#breadcrumb\",\"itemListElement\":[{\"@type\":\"ListItem\",\"position\":1,\"name\":\"Strona g\u0142\u00f3wna\",\"item\":\"https:\\\/\\\/prismagamers.com\\\/hu\\\/prismagamers\\\/\"},{\"@type\":\"ListItem\",\"position\":2,\"name\":\"Shop\",\"item\":\"https:\\\/\\\/prismagamers.com\\\/hu\\\/shop\\\/\"},{\"@type\":\"ListItem\",\"position\":3,\"name\":\"Before Your Eyes\"}]},{\"@type\":\"WebSite\",\"@id\":\"https:\\\/\\\/prismagamers.com\\\/hu\\\/#website\",\"url\":\"https:\\\/\\\/prismagamers.com\\\/hu\\\/\",\"name\":\"Prismagamers\",\"description\":\"Sklep z grami PC I Sklep klucze Steam\",\"publisher\":{\"@id\":\"https:\\\/\\\/prismagamers.com\\\/hu\\\/#organization\"},\"potentialAction\":[{\"@type\":\"SearchAction\",\"target\":{\"@type\":\"EntryPoint\",\"urlTemplate\":\"https:\\\/\\\/prismagamers.com\\\/hu\\\/?s={search_term_string}\"},\"query-input\":{\"@type\":\"PropertyValueSpecification\",\"valueRequired\":true,\"valueName\":\"search_term_string\"}}],\"inLanguage\":\"hu\"},{\"@type\":\"Organization\",\"@id\":\"https:\\\/\\\/prismagamers.com\\\/hu\\\/#organization\",\"name\":\"Prismagamers\",\"url\":\"https:\\\/\\\/prismagamers.com\\\/hu\\\/\",\"logo\":{\"@type\":\"ImageObject\",\"inLanguage\":\"hu\",\"@id\":\"https:\\\/\\\/prismagamers.com\\\/hu\\\/#\\\/schema\\\/logo\\\/image\\\/\",\"url\":\"https:\\\/\\\/prismagamers.com\\\/wp-content\\\/uploads\\\/2022\\\/04\\\/cropped-logo-Prismagamers-01-scaled-1.jpg\",\"contentUrl\":\"https:\\\/\\\/prismagamers.com\\\/wp-content\\\/uploads\\\/2022\\\/04\\\/cropped-logo-Prismagamers-01-scaled-1.jpg\",\"width\":512,\"height\":512,\"caption\":\"Prismagamers\"},\"image\":{\"@id\":\"https:\\\/\\\/prismagamers.com\\\/hu\\\/#\\\/schema\\\/logo\\\/image\\\/\"},\"sameAs\":[\"https:\\\/\\\/www.facebook.com\\\/prismagamers\",\"https:\\\/\\\/www.instagram.com\\\/prismagamers_grycyfrowe\\\/\"],\"description\":\"Prismagamers.com to dynamiczny sklep z grami cyfrowymi, stworzony z my\u015bl\u0105 o entuzjastach gier wideo. Nasza strona oferuje szerok\u0105 gam\u0119 gier komputerowych, w tym najnowsze tytu\u0142y, dobrze znane klasyki oraz gry stworzone przez niezale\u017cne studia Ca\u0142y czas d\u0105\u017cymy do rozszerzenia naszej oferty. Do\u0142\u0105cz do nas i sta\u0144 si\u0119 cz\u0119\u015bci\u0105 naszej rosn\u0105cej spo\u0142eczno\u015bci graczy!\",\"email\":\"shop@prismagamers.com\",\"telephone\":\"48795541705\",\"legalName\":\"East Caravan Maksym \u017bukow\",\"foundingDate\":\"2012-05-10\",\"vatID\":\"PL8943038612\",\"taxID\":\"PL8943038612\",\"numberOfEmployees\":{\"@type\":\"QuantitativeValue\",\"minValue\":\"11\",\"maxValue\":\"50\"}}]}<\/script>\n<!-- \/ Yoast SEO Premium plugin. -->","yoast_head_json":{"title":"Before Your Eyes - Prismagamers.com","description":"Indulj el egy \u00e9rzelmes elbesz\u00e9l\u0151 kalandban els\u0151 szem\u00e9ly\u0171 perspekt\u00edv\u00e1b\u00f3l, ahol te ir\u00e1ny\u00edtod a t\u00f6rt\u00e9netet, \u00e9s t\u00e9nyleges szemhunyorg\u00e1ssal befoly\u00e1solhatod a v\u00e9gkifejletet. Ezzel az innovat\u00edv technik\u00e1val teljesen elmer\u00fclhetsz az eml\u00e9kek vil\u00e1g\u00e1ban, amelyek egyszerre boldogok \u00e9s szomor\u00faak, mik\u00f6zben az eg\u00e9sz \u00e9leted lepereg a szemed el\u0151tt.  \ud83c\udf0d Glob\u00e1lis \u2699\ufe0f Steam \ud83d\udddd Digit\u00e1lis kulcs","robots":{"index":"index","follow":"follow","max-snippet":"max-snippet:-1","max-image-preview":"max-image-preview:large","max-video-preview":"max-video-preview:-1"},"canonical":"https:\/\/prismagamers.com\/hu\/produkt\/before-your-eyes\/","og_locale":"hu_HU","og_type":"article","og_title":"Before Your Eyes","og_description":"Indulj el egy \u00e9rzelmes elbesz\u00e9l\u0151 kalandban els\u0151 szem\u00e9ly\u0171 perspekt\u00edv\u00e1b\u00f3l, ahol te ir\u00e1ny\u00edtod a t\u00f6rt\u00e9netet, \u00e9s t\u00e9nyleges szemhunyorg\u00e1ssal befoly\u00e1solhatod a v\u00e9gkifejletet. Ezzel az innovat\u00edv technik\u00e1val teljesen elmer\u00fclhetsz az eml\u00e9kek vil\u00e1g\u00e1ban, amelyek egyszerre boldogok \u00e9s szomor\u00faak, mik\u00f6zben az eg\u00e9sz \u00e9leted lepereg a szemed el\u0151tt.  \ud83c\udf0d Glob\u00e1lis \u2699\ufe0f Steam \ud83d\udddd Digit\u00e1lis kulcs","og_url":"https:\/\/prismagamers.com\/hu\/produkt\/before-your-eyes\/","og_site_name":"Prismagamers.com","article_publisher":"https:\/\/www.facebook.com\/prismagamers","og_image":[{"width":600,"height":900,"url":"https:\/\/prismagamers.com\/wp-content\/uploads\/2023\/09\/librarycapsule.png","type":"image\/png"}],"twitter_card":"summary_large_image","twitter_misc":{"Becs\u00fclt olvas\u00e1si id\u0151":"2 perc"},"schema":{"@context":"https:\/\/schema.org","@graph":[{"@type":"WebPage","@id":"https:\/\/prismagamers.com\/hu\/produkt\/before-your-eyes\/","url":"https:\/\/prismagamers.com\/hu\/produkt\/before-your-eyes\/","name":"Before Your Eyes - Prismagamers.com","isPartOf":{"@id":"https:\/\/prismagamers.com\/hu\/#website"},"primaryImageOfPage":{"@id":"https:\/\/prismagamers.com\/hu\/produkt\/before-your-eyes\/#primaryimage"},"image":{"@id":"https:\/\/prismagamers.com\/hu\/produkt\/before-your-eyes\/#primaryimage"},"thumbnailUrl":"https:\/\/prismagamers.com\/wp-content\/uploads\/2023\/09\/librarycapsule.png","datePublished":"2023-09-14T20:40:15+00:00","description":"Indulj el egy \u00e9rzelmes elbesz\u00e9l\u0151 kalandban els\u0151 szem\u00e9ly\u0171 perspekt\u00edv\u00e1b\u00f3l, ahol te ir\u00e1ny\u00edtod a t\u00f6rt\u00e9netet, \u00e9s t\u00e9nyleges szemhunyorg\u00e1ssal befoly\u00e1solhatod a v\u00e9gkifejletet. Ezzel az innovat\u00edv technik\u00e1val teljesen elmer\u00fclhetsz az eml\u00e9kek vil\u00e1g\u00e1ban, amelyek egyszerre boldogok \u00e9s szomor\u00faak, mik\u00f6zben az eg\u00e9sz \u00e9leted lepereg a szemed el\u0151tt. \ud83c\udf0d Glob\u00e1lis \u2699\ufe0f Steam \ud83d\udddd Digit\u00e1lis kulcs","breadcrumb":{"@id":"https:\/\/prismagamers.com\/hu\/produkt\/before-your-eyes\/#breadcrumb"},"inLanguage":"hu","potentialAction":[{"@type":"ReadAction","target":["https:\/\/prismagamers.com\/hu\/produkt\/before-your-eyes\/"]}]},{"@type":"ImageObject","inLanguage":"hu","@id":"https:\/\/prismagamers.com\/hu\/produkt\/before-your-eyes\/#primaryimage","url":"https:\/\/prismagamers.com\/wp-content\/uploads\/2023\/09\/librarycapsule.png","contentUrl":"https:\/\/prismagamers.com\/wp-content\/uploads\/2023\/09\/librarycapsule.png","width":600,"height":900},{"@type":"BreadcrumbList","@id":"https:\/\/prismagamers.com\/hu\/produkt\/before-your-eyes\/#breadcrumb","itemListElement":[{"@type":"ListItem","position":1,"name":"Strona g\u0142\u00f3wna","item":"https:\/\/prismagamers.com\/hu\/prismagamers\/"},{"@type":"ListItem","position":2,"name":"Shop","item":"https:\/\/prismagamers.com\/hu\/shop\/"},{"@type":"ListItem","position":3,"name":"Before Your Eyes"}]},{"@type":"WebSite","@id":"https:\/\/prismagamers.com\/hu\/#website","url":"https:\/\/prismagamers.com\/hu\/","name":"Prismagamers","description":"Sklep z grami PC I Sklep klucze Steam","publisher":{"@id":"https:\/\/prismagamers.com\/hu\/#organization"},"potentialAction":[{"@type":"SearchAction","target":{"@type":"EntryPoint","urlTemplate":"https:\/\/prismagamers.com\/hu\/?s={search_term_string}"},"query-input":{"@type":"PropertyValueSpecification","valueRequired":true,"valueName":"search_term_string"}}],"inLanguage":"hu"},{"@type":"Organization","@id":"https:\/\/prismagamers.com\/hu\/#organization","name":"Prismagamers","url":"https:\/\/prismagamers.com\/hu\/","logo":{"@type":"ImageObject","inLanguage":"hu","@id":"https:\/\/prismagamers.com\/hu\/#\/schema\/logo\/image\/","url":"https:\/\/prismagamers.com\/wp-content\/uploads\/2022\/04\/cropped-logo-Prismagamers-01-scaled-1.jpg","contentUrl":"https:\/\/prismagamers.com\/wp-content\/uploads\/2022\/04\/cropped-logo-Prismagamers-01-scaled-1.jpg","width":512,"height":512,"caption":"Prismagamers"},"image":{"@id":"https:\/\/prismagamers.com\/hu\/#\/schema\/logo\/image\/"},"sameAs":["https:\/\/www.facebook.com\/prismagamers","https:\/\/www.instagram.com\/prismagamers_grycyfrowe\/"],"description":"Prismagamers.com to dynamiczny sklep z grami cyfrowymi, stworzony z my\u015bl\u0105 o entuzjastach gier wideo. Nasza strona oferuje szerok\u0105 gam\u0119 gier komputerowych, w tym najnowsze tytu\u0142y, dobrze znane klasyki oraz gry stworzone przez niezale\u017cne studia Ca\u0142y czas d\u0105\u017cymy do rozszerzenia naszej oferty. Do\u0142\u0105cz do nas i sta\u0144 si\u0119 cz\u0119\u015bci\u0105 naszej rosn\u0105cej spo\u0142eczno\u015bci graczy!","email":"shop@prismagamers.com","telephone":"48795541705","legalName":"East Caravan Maksym \u017bukow","foundingDate":"2012-05-10","vatID":"PL8943038612","taxID":"PL8943038612","numberOfEmployees":{"@type":"QuantitativeValue","minValue":"11","maxValue":"50"}}]}},"_links":{"self":[{"href":"https:\/\/prismagamers.com\/hu\/wp-json\/wp\/v2\/product\/42371","targetHints":{"allow":["GET"]}}],"collection":[{"href":"https:\/\/prismagamers.com\/hu\/wp-json\/wp\/v2\/product"}],"about":[{"href":"https:\/\/prismagamers.com\/hu\/wp-json\/wp\/v2\/types\/product"}],"wp:featuredmedia":[{"embeddable":true,"href":"https:\/\/prismagamers.com\/hu\/wp-json\/wp\/v2\/media\/25947"}],"wp:attachment":[{"href":"https:\/\/prismagamers.com\/hu\/wp-json\/wp\/v2\/media?parent=42371"}],"wp:term":[{"taxonomy":"product_brand","embeddable":true,"href":"https:\/\/prismagamers.com\/hu\/wp-json\/wp\/v2\/product_brand?post=42371"},{"taxonomy":"product_cat","embeddable":true,"href":"https:\/\/prismagamers.com\/hu\/wp-json\/wp\/v2\/product_cat?post=42371"},{"taxonomy":"product_tag","embeddable":true,"href":"https:\/\/prismagamers.com\/hu\/wp-json\/wp\/v2\/product_tag?post=42371"}],"curies":[{"name":"wp","href":"https:\/\/api.w.org\/{rel}","templated":true}]}}