{"id":42372,"date":"2023-09-14T22:47:32","date_gmt":"2023-09-14T20:47:32","guid":{"rendered":"https:\/\/prismagamers.com\/produkt\/mary-skelter-finale\/"},"modified":"2026-03-04T01:23:44","modified_gmt":"2026-03-04T00:23:44","slug":"mary-skelter-finale","status":"publish","type":"product","link":"https:\/\/prismagamers.com\/hu\/produkt\/mary-skelter-finale\/","title":{"rendered":"Mary Skelter Finale"},"content":{"rendered":"<p>A dungeon-crawling szerepj\u00e1t\u00e9k-tril\u00f3gia utols\u00f3 r\u00e9sze dics\u0151s\u00e9ges cs\u00facspontra \u00e9r! Vajon a V\u00e9res Sz\u00fczek v\u00e9gre meg\u00e9lik a &#8222;boldogan \u00e9ltek, m\u00edg meg nem haltak&#8221;? <\/p>\n<p>A b\u00f6rt\u00f6n &#8211; egy \u00e9l\u0151 ketrec az emberek sz\u00e1m\u00e1ra, 666 m\u00e9ter m\u00e9lyen a f\u00f6ld alatt. N\u00e9h\u00e1ny \u00e9vtizeddel ezel\u0151tt hirtelen jelent meg, \u00e9s Marchen nev\u0171 sz\u00f6rnyeket sz\u00fclt, amelyeket \u0151r\u00fcletbe kerget\u0151 R\u00e9m\u00e1lmok j\u00e1r\u0151r\u00f6ztek. <\/p>\n<p>A foglyok egy csoportja, Jack \u00e9s a V\u00e9res Le\u00e1nyok, a mes\u00e9k reinkarn\u00e1ci\u00f3i voltak, akik sz\u00f6kni mertek. Rem\u00e9nnyel telve m\u00e1sztak fel a torony alj\u00e1r\u00f3l a felsz\u00ednre&#8230;.. <\/p>\n<p>De odakint holttestek ezrei v\u00e1rtak, amelyekb\u0151l v\u00e9rtenger \u00f6ml\u00f6tt. Ott \u00e1lltak mosolyogva a R\u00f3zsasz\u00edn M\u00e9sz\u00e1ros n\u00e9ven ismert l\u00e9nyek. Abban a pillanatban a rem\u00e9ny megsemmis\u00fclt. A csoport sz\u00e9tszakadt, Jack \u00e9s a V\u00e9rsz\u00fczek pedig sz\u00e9tsz\u00e9ledtek a saj\u00e1t \u00fatjukra.   <\/p>\n<p>Elv\u00e1lasztva, mindegyiket mag\u00e1val ragadja az \u00e9gen lebeg\u0151, em\u00e9szt\u0151 B\u00f6rt\u00f6n&#8230;.. Ez a V\u00e9rsz\u00fczek t\u00f6rt\u00e9net\u00e9nek fin\u00e1l\u00e9ja. <\/p>\n","protected":false},"excerpt":{"rendered":"<p>A dungeon-crawling RPG tril\u00f3gia utols\u00f3 r\u00e9sze el\u00e9ri leny\u0171g\u00f6z\u0151 cs\u00facspontj\u00e1t! Vajon a V\u00e9rsz\u00fczek v\u00e9gre megkapj\u00e1k a &#8222;boldogan \u00e9lnek, am\u00edg meg nem halnak&#8221;? <\/p>\n<p>\ud83c\udf0d Glob\u00e1lis<br \/>\n\u2699\ufe0f Steam<br \/>\n\ud83d\udddd Digit\u00e1lis kulcs<\/p>\n","protected":false},"featured_media":25952,"template":"","meta":{"_acf_changed":false,"site-sidebar-layout":"default","site-content-layout":"","ast-site-content-layout":"default","site-content-style":"default","site-sidebar-style":"default","ast-global-header-display":"","ast-banner-title-visibility":"","ast-main-header-display":"","ast-hfb-above-header-display":"","ast-hfb-below-header-display":"","ast-hfb-mobile-header-display":"","site-post-title":"","ast-breadcrumbs-content":"","ast-featured-img":"","footer-sml-layout":"","ast-disable-related-posts":"","theme-transparent-header-meta":"default","adv-header-id-meta":"","stick-header-meta":"","header-above-stick-meta":"","header-main-stick-meta":"","header-below-stick-meta":"","astra-migrate-meta-layouts":"default","ast-page-background-enabled":"default","ast-page-background-meta":{"desktop":{"background-color":"var(--ast-global-color-4)","background-image":"","background-repeat":"repeat","background-position":"center center","background-size":"auto","background-attachment":"scroll","background-type":"","background-media":"","overlay-type":"","overlay-color":"","overlay-opacity":"","overlay-gradient":""},"tablet":{"background-color":"","background-image":"","background-repeat":"repeat","background-position":"center center","background-size":"auto","background-attachment":"scroll","background-type":"","background-media":"","overlay-type":"","overlay-color":"","overlay-opacity":"","overlay-gradient":""},"mobile":{"background-color":"","background-image":"","background-repeat":"repeat","background-position":"center center","background-size":"auto","background-attachment":"scroll","background-type":"","background-media":"","overlay-type":"","overlay-color":"","overlay-opacity":"","overlay-gradient":""}},"ast-content-background-meta":{"desktop":{"background-color":"var(--ast-global-color-5)","background-image":"","background-repeat":"repeat","background-position":"center center","background-size":"auto","background-attachment":"scroll","background-type":"","background-media":"","overlay-type":"","overlay-color":"","overlay-opacity":"","overlay-gradient":""},"tablet":{"background-color":"var(--ast-global-color-5)","background-image":"","background-repeat":"repeat","background-position":"center center","background-size":"auto","background-attachment":"scroll","background-type":"","background-media":"","overlay-type":"","overlay-color":"","overlay-opacity":"","overlay-gradient":""},"mobile":{"background-color":"var(--ast-global-color-5)","background-image":"","background-repeat":"repeat","background-position":"center center","background-size":"auto","background-attachment":"scroll","background-type":"","background-media":"","overlay-type":"","overlay-color":"","overlay-opacity":"","overlay-gradient":""}}},"product_brand":[],"product_cat":[369,365,464,363,378,364,386],"product_tag":[],"class_list":{"0":"post-42372","1":"product","2":"type-product","3":"status-publish","4":"has-post-thumbnail","6":"product_cat-csarnokok","7":"product_cat-goz","8":"product_cat-idea-factory-international-hu","9":"product_cat-kaland-jatekok","10":"product_cat-minden-digitalis-jatek","11":"product_cat-rpg-k","12":"product_cat-strategiai-jatekok","13":"desktop-align-left","14":"tablet-align-left","15":"mobile-align-left","17":"first","18":"instock","19":"virtual","20":"purchasable","21":"product-type-simple"},"acf":[],"yoast_head":"<!-- This site is optimized with the Yoast SEO Premium plugin v27.4 (Yoast SEO v27.4) - https:\/\/yoast.com\/product\/yoast-seo-premium-wordpress\/ -->\n<title>Mary Skelter Finale - Prismagamers.com<\/title>\n<meta name=\"description\" content=\"A dungeon-crawling RPG tril\u00f3gia utols\u00f3 r\u00e9sze el\u00e9ri leny\u0171g\u00f6z\u0151 cs\u00facspontj\u00e1t! Vajon a V\u00e9rsz\u00fczek v\u00e9gre megkapj\u00e1k a &quot;boldogan \u00e9lnek, am\u00edg meg nem halnak&quot;?  \ud83c\udf0d Glob\u00e1lis \u2699\ufe0f Steam \ud83d\udddd Digit\u00e1lis kulcs\" \/>\n<meta name=\"robots\" content=\"index, follow, max-snippet:-1, max-image-preview:large, max-video-preview:-1\" \/>\n<link rel=\"canonical\" href=\"https:\/\/prismagamers.com\/hu\/produkt\/mary-skelter-finale\/\" \/>\n<meta property=\"og:locale\" content=\"hu_HU\" \/>\n<meta property=\"og:type\" content=\"article\" \/>\n<meta property=\"og:title\" content=\"Mary Skelter Finale\" \/>\n<meta property=\"og:description\" content=\"A dungeon-crawling RPG tril\u00f3gia utols\u00f3 r\u00e9sze el\u00e9ri leny\u0171g\u00f6z\u0151 cs\u00facspontj\u00e1t! Vajon a V\u00e9rsz\u00fczek v\u00e9gre megkapj\u00e1k a &quot;boldogan \u00e9lnek, am\u00edg meg nem halnak&quot;?  \ud83c\udf0d Glob\u00e1lis \u2699\ufe0f Steam \ud83d\udddd Digit\u00e1lis kulcs\" \/>\n<meta property=\"og:url\" content=\"https:\/\/prismagamers.com\/hu\/produkt\/mary-skelter-finale\/\" \/>\n<meta property=\"og:site_name\" content=\"Prismagamers.com\" \/>\n<meta property=\"article:publisher\" content=\"https:\/\/www.facebook.com\/prismagamers\" \/>\n<meta property=\"article:modified_time\" content=\"2026-03-04T00:23:44+00:00\" \/>\n<meta property=\"og:image\" content=\"https:\/\/prismagamers.com\/wp-content\/uploads\/2023\/09\/library_600x900_2x-9-e1727183536614.jpg\" \/>\n\t<meta property=\"og:image:width\" content=\"300\" \/>\n\t<meta property=\"og:image:height\" content=\"450\" \/>\n\t<meta property=\"og:image:type\" content=\"image\/jpeg\" \/>\n<meta name=\"twitter:card\" content=\"summary_large_image\" \/>\n<meta name=\"twitter:label1\" content=\"Becs\u00fclt olvas\u00e1si id\u0151\" \/>\n\t<meta name=\"twitter:data1\" content=\"1 perc\" \/>\n<script type=\"application\/ld+json\" class=\"yoast-schema-graph\">{\"@context\":\"https:\\\/\\\/schema.org\",\"@graph\":[{\"@type\":\"WebPage\",\"@id\":\"https:\\\/\\\/prismagamers.com\\\/hu\\\/produkt\\\/mary-skelter-finale\\\/\",\"url\":\"https:\\\/\\\/prismagamers.com\\\/hu\\\/produkt\\\/mary-skelter-finale\\\/\",\"name\":\"Mary Skelter Finale - Prismagamers.com\",\"isPartOf\":{\"@id\":\"https:\\\/\\\/prismagamers.com\\\/hu\\\/#website\"},\"primaryImageOfPage\":{\"@id\":\"https:\\\/\\\/prismagamers.com\\\/hu\\\/produkt\\\/mary-skelter-finale\\\/#primaryimage\"},\"image\":{\"@id\":\"https:\\\/\\\/prismagamers.com\\\/hu\\\/produkt\\\/mary-skelter-finale\\\/#primaryimage\"},\"thumbnailUrl\":\"https:\\\/\\\/prismagamers.com\\\/wp-content\\\/uploads\\\/2023\\\/09\\\/library_600x900_2x-9-e1727183536614.jpg\",\"datePublished\":\"2023-09-14T20:47:32+00:00\",\"dateModified\":\"2026-03-04T00:23:44+00:00\",\"description\":\"A dungeon-crawling RPG tril\u00f3gia utols\u00f3 r\u00e9sze el\u00e9ri leny\u0171g\u00f6z\u0151 cs\u00facspontj\u00e1t! Vajon a V\u00e9rsz\u00fczek v\u00e9gre megkapj\u00e1k a \\\"boldogan \u00e9lnek, am\u00edg meg nem halnak\\\"? \ud83c\udf0d Glob\u00e1lis \u2699\ufe0f Steam \ud83d\udddd Digit\u00e1lis kulcs\",\"breadcrumb\":{\"@id\":\"https:\\\/\\\/prismagamers.com\\\/hu\\\/produkt\\\/mary-skelter-finale\\\/#breadcrumb\"},\"inLanguage\":\"hu\",\"potentialAction\":[{\"@type\":\"ReadAction\",\"target\":[\"https:\\\/\\\/prismagamers.com\\\/hu\\\/produkt\\\/mary-skelter-finale\\\/\"]}]},{\"@type\":\"ImageObject\",\"inLanguage\":\"hu\",\"@id\":\"https:\\\/\\\/prismagamers.com\\\/hu\\\/produkt\\\/mary-skelter-finale\\\/#primaryimage\",\"url\":\"https:\\\/\\\/prismagamers.com\\\/wp-content\\\/uploads\\\/2023\\\/09\\\/library_600x900_2x-9-e1727183536614.jpg\",\"contentUrl\":\"https:\\\/\\\/prismagamers.com\\\/wp-content\\\/uploads\\\/2023\\\/09\\\/library_600x900_2x-9-e1727183536614.jpg\",\"width\":300,\"height\":450},{\"@type\":\"BreadcrumbList\",\"@id\":\"https:\\\/\\\/prismagamers.com\\\/hu\\\/produkt\\\/mary-skelter-finale\\\/#breadcrumb\",\"itemListElement\":[{\"@type\":\"ListItem\",\"position\":1,\"name\":\"Strona g\u0142\u00f3wna\",\"item\":\"https:\\\/\\\/prismagamers.com\\\/hu\\\/prismagamers\\\/\"},{\"@type\":\"ListItem\",\"position\":2,\"name\":\"Shop\",\"item\":\"https:\\\/\\\/prismagamers.com\\\/hu\\\/shop\\\/\"},{\"@type\":\"ListItem\",\"position\":3,\"name\":\"Mary Skelter Finale\"}]},{\"@type\":\"WebSite\",\"@id\":\"https:\\\/\\\/prismagamers.com\\\/hu\\\/#website\",\"url\":\"https:\\\/\\\/prismagamers.com\\\/hu\\\/\",\"name\":\"Prismagamers\",\"description\":\"Sklep z grami PC I Sklep klucze Steam\",\"publisher\":{\"@id\":\"https:\\\/\\\/prismagamers.com\\\/hu\\\/#organization\"},\"potentialAction\":[{\"@type\":\"SearchAction\",\"target\":{\"@type\":\"EntryPoint\",\"urlTemplate\":\"https:\\\/\\\/prismagamers.com\\\/hu\\\/?s={search_term_string}\"},\"query-input\":{\"@type\":\"PropertyValueSpecification\",\"valueRequired\":true,\"valueName\":\"search_term_string\"}}],\"inLanguage\":\"hu\"},{\"@type\":\"Organization\",\"@id\":\"https:\\\/\\\/prismagamers.com\\\/hu\\\/#organization\",\"name\":\"Prismagamers\",\"url\":\"https:\\\/\\\/prismagamers.com\\\/hu\\\/\",\"logo\":{\"@type\":\"ImageObject\",\"inLanguage\":\"hu\",\"@id\":\"https:\\\/\\\/prismagamers.com\\\/hu\\\/#\\\/schema\\\/logo\\\/image\\\/\",\"url\":\"https:\\\/\\\/prismagamers.com\\\/wp-content\\\/uploads\\\/2022\\\/04\\\/cropped-logo-Prismagamers-01-scaled-1.jpg\",\"contentUrl\":\"https:\\\/\\\/prismagamers.com\\\/wp-content\\\/uploads\\\/2022\\\/04\\\/cropped-logo-Prismagamers-01-scaled-1.jpg\",\"width\":512,\"height\":512,\"caption\":\"Prismagamers\"},\"image\":{\"@id\":\"https:\\\/\\\/prismagamers.com\\\/hu\\\/#\\\/schema\\\/logo\\\/image\\\/\"},\"sameAs\":[\"https:\\\/\\\/www.facebook.com\\\/prismagamers\",\"https:\\\/\\\/www.instagram.com\\\/prismagamers_grycyfrowe\\\/\"],\"description\":\"Prismagamers.com to dynamiczny sklep z grami cyfrowymi, stworzony z my\u015bl\u0105 o entuzjastach gier wideo. Nasza strona oferuje szerok\u0105 gam\u0119 gier komputerowych, w tym najnowsze tytu\u0142y, dobrze znane klasyki oraz gry stworzone przez niezale\u017cne studia Ca\u0142y czas d\u0105\u017cymy do rozszerzenia naszej oferty. Do\u0142\u0105cz do nas i sta\u0144 si\u0119 cz\u0119\u015bci\u0105 naszej rosn\u0105cej spo\u0142eczno\u015bci graczy!\",\"email\":\"shop@prismagamers.com\",\"telephone\":\"48795541705\",\"legalName\":\"East Caravan Maksym \u017bukow\",\"foundingDate\":\"2012-05-10\",\"vatID\":\"PL8943038612\",\"taxID\":\"PL8943038612\",\"numberOfEmployees\":{\"@type\":\"QuantitativeValue\",\"minValue\":\"11\",\"maxValue\":\"50\"}}]}<\/script>\n<!-- \/ Yoast SEO Premium plugin. -->","yoast_head_json":{"title":"Mary Skelter Finale - Prismagamers.com","description":"A dungeon-crawling RPG tril\u00f3gia utols\u00f3 r\u00e9sze el\u00e9ri leny\u0171g\u00f6z\u0151 cs\u00facspontj\u00e1t! Vajon a V\u00e9rsz\u00fczek v\u00e9gre megkapj\u00e1k a \"boldogan \u00e9lnek, am\u00edg meg nem halnak\"?  \ud83c\udf0d Glob\u00e1lis \u2699\ufe0f Steam \ud83d\udddd Digit\u00e1lis kulcs","robots":{"index":"index","follow":"follow","max-snippet":"max-snippet:-1","max-image-preview":"max-image-preview:large","max-video-preview":"max-video-preview:-1"},"canonical":"https:\/\/prismagamers.com\/hu\/produkt\/mary-skelter-finale\/","og_locale":"hu_HU","og_type":"article","og_title":"Mary Skelter Finale","og_description":"A dungeon-crawling RPG tril\u00f3gia utols\u00f3 r\u00e9sze el\u00e9ri leny\u0171g\u00f6z\u0151 cs\u00facspontj\u00e1t! Vajon a V\u00e9rsz\u00fczek v\u00e9gre megkapj\u00e1k a \"boldogan \u00e9lnek, am\u00edg meg nem halnak\"?  \ud83c\udf0d Glob\u00e1lis \u2699\ufe0f Steam \ud83d\udddd Digit\u00e1lis kulcs","og_url":"https:\/\/prismagamers.com\/hu\/produkt\/mary-skelter-finale\/","og_site_name":"Prismagamers.com","article_publisher":"https:\/\/www.facebook.com\/prismagamers","article_modified_time":"2026-03-04T00:23:44+00:00","og_image":[{"width":300,"height":450,"url":"https:\/\/prismagamers.com\/wp-content\/uploads\/2023\/09\/library_600x900_2x-9-e1727183536614.jpg","type":"image\/jpeg"}],"twitter_card":"summary_large_image","twitter_misc":{"Becs\u00fclt olvas\u00e1si id\u0151":"1 perc"},"schema":{"@context":"https:\/\/schema.org","@graph":[{"@type":"WebPage","@id":"https:\/\/prismagamers.com\/hu\/produkt\/mary-skelter-finale\/","url":"https:\/\/prismagamers.com\/hu\/produkt\/mary-skelter-finale\/","name":"Mary Skelter Finale - Prismagamers.com","isPartOf":{"@id":"https:\/\/prismagamers.com\/hu\/#website"},"primaryImageOfPage":{"@id":"https:\/\/prismagamers.com\/hu\/produkt\/mary-skelter-finale\/#primaryimage"},"image":{"@id":"https:\/\/prismagamers.com\/hu\/produkt\/mary-skelter-finale\/#primaryimage"},"thumbnailUrl":"https:\/\/prismagamers.com\/wp-content\/uploads\/2023\/09\/library_600x900_2x-9-e1727183536614.jpg","datePublished":"2023-09-14T20:47:32+00:00","dateModified":"2026-03-04T00:23:44+00:00","description":"A dungeon-crawling RPG tril\u00f3gia utols\u00f3 r\u00e9sze el\u00e9ri leny\u0171g\u00f6z\u0151 cs\u00facspontj\u00e1t! Vajon a V\u00e9rsz\u00fczek v\u00e9gre megkapj\u00e1k a \"boldogan \u00e9lnek, am\u00edg meg nem halnak\"? \ud83c\udf0d Glob\u00e1lis \u2699\ufe0f Steam \ud83d\udddd Digit\u00e1lis kulcs","breadcrumb":{"@id":"https:\/\/prismagamers.com\/hu\/produkt\/mary-skelter-finale\/#breadcrumb"},"inLanguage":"hu","potentialAction":[{"@type":"ReadAction","target":["https:\/\/prismagamers.com\/hu\/produkt\/mary-skelter-finale\/"]}]},{"@type":"ImageObject","inLanguage":"hu","@id":"https:\/\/prismagamers.com\/hu\/produkt\/mary-skelter-finale\/#primaryimage","url":"https:\/\/prismagamers.com\/wp-content\/uploads\/2023\/09\/library_600x900_2x-9-e1727183536614.jpg","contentUrl":"https:\/\/prismagamers.com\/wp-content\/uploads\/2023\/09\/library_600x900_2x-9-e1727183536614.jpg","width":300,"height":450},{"@type":"BreadcrumbList","@id":"https:\/\/prismagamers.com\/hu\/produkt\/mary-skelter-finale\/#breadcrumb","itemListElement":[{"@type":"ListItem","position":1,"name":"Strona g\u0142\u00f3wna","item":"https:\/\/prismagamers.com\/hu\/prismagamers\/"},{"@type":"ListItem","position":2,"name":"Shop","item":"https:\/\/prismagamers.com\/hu\/shop\/"},{"@type":"ListItem","position":3,"name":"Mary Skelter Finale"}]},{"@type":"WebSite","@id":"https:\/\/prismagamers.com\/hu\/#website","url":"https:\/\/prismagamers.com\/hu\/","name":"Prismagamers","description":"Sklep z grami PC I Sklep klucze Steam","publisher":{"@id":"https:\/\/prismagamers.com\/hu\/#organization"},"potentialAction":[{"@type":"SearchAction","target":{"@type":"EntryPoint","urlTemplate":"https:\/\/prismagamers.com\/hu\/?s={search_term_string}"},"query-input":{"@type":"PropertyValueSpecification","valueRequired":true,"valueName":"search_term_string"}}],"inLanguage":"hu"},{"@type":"Organization","@id":"https:\/\/prismagamers.com\/hu\/#organization","name":"Prismagamers","url":"https:\/\/prismagamers.com\/hu\/","logo":{"@type":"ImageObject","inLanguage":"hu","@id":"https:\/\/prismagamers.com\/hu\/#\/schema\/logo\/image\/","url":"https:\/\/prismagamers.com\/wp-content\/uploads\/2022\/04\/cropped-logo-Prismagamers-01-scaled-1.jpg","contentUrl":"https:\/\/prismagamers.com\/wp-content\/uploads\/2022\/04\/cropped-logo-Prismagamers-01-scaled-1.jpg","width":512,"height":512,"caption":"Prismagamers"},"image":{"@id":"https:\/\/prismagamers.com\/hu\/#\/schema\/logo\/image\/"},"sameAs":["https:\/\/www.facebook.com\/prismagamers","https:\/\/www.instagram.com\/prismagamers_grycyfrowe\/"],"description":"Prismagamers.com to dynamiczny sklep z grami cyfrowymi, stworzony z my\u015bl\u0105 o entuzjastach gier wideo. Nasza strona oferuje szerok\u0105 gam\u0119 gier komputerowych, w tym najnowsze tytu\u0142y, dobrze znane klasyki oraz gry stworzone przez niezale\u017cne studia Ca\u0142y czas d\u0105\u017cymy do rozszerzenia naszej oferty. Do\u0142\u0105cz do nas i sta\u0144 si\u0119 cz\u0119\u015bci\u0105 naszej rosn\u0105cej spo\u0142eczno\u015bci graczy!","email":"shop@prismagamers.com","telephone":"48795541705","legalName":"East Caravan Maksym \u017bukow","foundingDate":"2012-05-10","vatID":"PL8943038612","taxID":"PL8943038612","numberOfEmployees":{"@type":"QuantitativeValue","minValue":"11","maxValue":"50"}}]}},"_links":{"self":[{"href":"https:\/\/prismagamers.com\/hu\/wp-json\/wp\/v2\/product\/42372","targetHints":{"allow":["GET"]}}],"collection":[{"href":"https:\/\/prismagamers.com\/hu\/wp-json\/wp\/v2\/product"}],"about":[{"href":"https:\/\/prismagamers.com\/hu\/wp-json\/wp\/v2\/types\/product"}],"wp:featuredmedia":[{"embeddable":true,"href":"https:\/\/prismagamers.com\/hu\/wp-json\/wp\/v2\/media\/25952"}],"wp:attachment":[{"href":"https:\/\/prismagamers.com\/hu\/wp-json\/wp\/v2\/media?parent=42372"}],"wp:term":[{"taxonomy":"product_brand","embeddable":true,"href":"https:\/\/prismagamers.com\/hu\/wp-json\/wp\/v2\/product_brand?post=42372"},{"taxonomy":"product_cat","embeddable":true,"href":"https:\/\/prismagamers.com\/hu\/wp-json\/wp\/v2\/product_cat?post=42372"},{"taxonomy":"product_tag","embeddable":true,"href":"https:\/\/prismagamers.com\/hu\/wp-json\/wp\/v2\/product_tag?post=42372"}],"curies":[{"name":"wp","href":"https:\/\/api.w.org\/{rel}","templated":true}]}}