{"id":42374,"date":"2023-09-14T22:18:12","date_gmt":"2023-09-14T20:18:12","guid":{"rendered":"https:\/\/prismagamers.com\/produkt\/lost-eidolons\/"},"modified":"2023-09-14T22:18:12","modified_gmt":"2023-09-14T20:18:12","slug":"lost-eidolons","status":"publish","type":"product","link":"https:\/\/prismagamers.com\/hu\/produkt\/lost-eidolons\/","title":{"rendered":"Lost Eidolons"},"content":{"rendered":"<p>Benerio f\u00f6ldje egykor tengerparti kir\u00e1lys\u00e1gk\u00e9nt t\u00fcnd\u00f6k\u00f6lt. Azt\u00e1n egy vaskez\u0171 h\u00f3d\u00edt\u00f3, Ludivictus felgy\u00fajtotta a vil\u00e1got, \u00e9s \u00e1trajzolta a t\u00e9rk\u00e9peket. Most Benerio egy elnyomott tartom\u00e1ny egy omladoz\u00f3 birodalomban, ahol az egyetlen igazi bajnok a korrupci\u00f3.  <\/p>\n<p>L\u00e9pjen be Eden, a b\u00e1jos zsoldoskapit\u00e1ny, aki l\u00e1zad\u00f3 parancsnokk\u00e1 k\u00e9nyszer\u00fcl, amikor a faluja a h\u00e1bor\u00fa \u00fatj\u00e1ra ker\u00fcl. Edennek most sz\u00f6vets\u00e9geseket kell egyes\u00edtenie, \u00e9s szembesz\u00e1llnia a cs\u00e1sz\u00e1ri sereggel, f\u00e9lelmetes sz\u00f6rnyekkel \u00e9s bels\u0151 ellens\u00e9gekkel.<br \/>\n<img decoding=\"async\" class=\"aligncenter\" src=\"https:\/\/cdn.akamai.steamstatic.com\/steam\/apps\/1580520\/extras\/descriptiongif.gif?t=1691449990\"><\/p>\n<p>Strat\u00e9giailag helyezd el katon\u00e1idat minden csat\u00e1ban, hogy kihaszn\u00e1lhasd oszt\u00e1ly- \u00e9s m\u00e1gikus k\u00e9pess\u00e9geiket. Uralkodj a csatat\u00e9ren, \u00e9s szerezd meg a gy\u0151zelmet a kih\u00edv\u00e1sokkal teli, r\u00e1csalap\u00fa harci forgat\u00f3k\u00f6nyvekben. <\/p>\n<h2 class=\"bb_tag\">Uralkodj az elemeken<\/h2>\n<p>Ostromolj hatalmas v\u00e1rakat, gy\u0151zd le az egyedi k\u00e9pess\u00e9gekkel rendelkez\u0151, okos f\u0151n\u00f6k\u00f6ket, \u00e9s n\u00e9zz szembe a hatalmas sz\u00f6rnyekkel, amelyek arra k\u00e9nyszer\u00edtenek, hogy v\u00e1ltoztass a taktik\u00e1don, k\u00fcl\u00f6nben a k\u00f6vetkez\u0151 \u00e9tel\u00fckk\u00e9 v\u00e1lsz.<\/p>\n<h2 class=\"bb_tag\">Kapcsolatok ki\u00e9p\u00edt\u00e9se sz\u00f6vets\u00e9gesekkel<\/h2>\n<p>A l\u00e1zad\u00e1s vezet\u00e9se nem csak a csat\u00e1k megnyer\u00e9s\u00e9r\u0151l sz\u00f3l. T\u00e1bort is kell \u00e9p\u00edtened, meg kell gy\u0151zn\u00f6d az embereket, hogy csatlakozzanak, meg kell ismerned a t\u00f6rt\u00e9net\u00fcket, \u00e9s seg\u00edtened kell \u0151ket a forradalom hull\u00e1mv\u00f6lgyein kereszt\u00fcl. <\/p>\n<h2 class=\"bb_tag\">Testre szabhatja k\u00f3rterm\u00e9t.<\/h2>\n<p>Toborozz \u00e9s k\u00e9pezd ki a kiv\u00e1l\u00f3 harci er\u0151det, t\u00f6bb mint 20 j\u00e1tszhat\u00f3 karakter \u00e9s 10 oszt\u00e1ly k\u00f6z\u00fcl v\u00e1laszthatsz. Szereld fel \u00e9s k\u00e9pezd ki sz\u00f6vets\u00e9geseidet, hogy \u00faj k\u00e9szs\u00e9geket, var\u00e1zslatokat \u00e9s passz\u00edv k\u00e9pess\u00e9geket nyiss fel. M\u00e9rk\u0151zz meg hatalmas csapatoddal eg\u00e9sz hadseregek ellen, \u00e9s gy\u0151zz.  <\/p>\n<p>Nyerd meg \u00fajra a h\u00e1bor\u00fat a gazdag NEW GAME+ m\u00f3ddal. Vigy\u00e9tek \u00e1t a kiv\u00e1lasztott statisztik\u00e1kat \u00e9s t\u00e1rgyakat, majd toborozzatok \u00faj sz\u00f6vets\u00e9geseket, pr\u00f3b\u00e1ljatok ki \u00faj strat\u00e9gi\u00e1kat, \u00e9s k\u00eds\u00e9rletezzetek a k\u00fcl\u00f6nb\u00f6z\u0151 neh\u00e9zs\u00e9gi szintekkel. <\/p>\n","protected":false},"excerpt":{"rendered":"<p>A Lost Eidolons egy taktikai, fordul\u00f3alap\u00fa RPG, amely egy polg\u00e1rh\u00e1bor\u00fa \u00e1ltal megt\u00e9p\u00e1zott, \u00f6sszeoml\u00f3 birodalomban j\u00e1tsz\u00f3dik, mag\u00e1val ragad\u00f3 filmes elbesz\u00e9l\u00e9ssel. Vedd magadra a szerethet\u0151 zsoldoskapit\u00e1ny, Eden szerep\u00e9t, \u00e9s vezesd sz\u00f6vets\u00e9gesek csapat\u00e1t epikus \u00f6sszecsap\u00e1sokon kereszt\u00fcl a klasszikus, fordul\u00f3alap\u00fa csatat\u00e9ren. <\/p>\n<p>\ud83c\udf0d Glob\u00e1lis<br \/>\n\u2699\ufe0f Steam<br \/>\n\ud83d\udddd Digit\u00e1lis kulcs<\/p>\n","protected":false},"featured_media":25937,"template":"","meta":{"_acf_changed":false,"site-sidebar-layout":"default","site-content-layout":"","ast-site-content-layout":"default","site-content-style":"default","site-sidebar-style":"default","ast-global-header-display":"","ast-banner-title-visibility":"","ast-main-header-display":"","ast-hfb-above-header-display":"","ast-hfb-below-header-display":"","ast-hfb-mobile-header-display":"","site-post-title":"","ast-breadcrumbs-content":"","ast-featured-img":"","footer-sml-layout":"","ast-disable-related-posts":"","theme-transparent-header-meta":"default","adv-header-id-meta":"","stick-header-meta":"","header-above-stick-meta":"","header-main-stick-meta":"","header-below-stick-meta":"","astra-migrate-meta-layouts":"default","ast-page-background-enabled":"default","ast-page-background-meta":{"desktop":{"background-color":"var(--ast-global-color-4)","background-image":"","background-repeat":"repeat","background-position":"center center","background-size":"auto","background-attachment":"scroll","background-type":"","background-media":"","overlay-type":"","overlay-color":"","overlay-opacity":"","overlay-gradient":""},"tablet":{"background-color":"","background-image":"","background-repeat":"repeat","background-position":"center center","background-size":"auto","background-attachment":"scroll","background-type":"","background-media":"","overlay-type":"","overlay-color":"","overlay-opacity":"","overlay-gradient":""},"mobile":{"background-color":"","background-image":"","background-repeat":"repeat","background-position":"center center","background-size":"auto","background-attachment":"scroll","background-type":"","background-media":"","overlay-type":"","overlay-color":"","overlay-opacity":"","overlay-gradient":""}},"ast-content-background-meta":{"desktop":{"background-color":"var(--ast-global-color-5)","background-image":"","background-repeat":"repeat","background-position":"center center","background-size":"auto","background-attachment":"scroll","background-type":"","background-media":"","overlay-type":"","overlay-color":"","overlay-opacity":"","overlay-gradient":""},"tablet":{"background-color":"var(--ast-global-color-5)","background-image":"","background-repeat":"repeat","background-position":"center center","background-size":"auto","background-attachment":"scroll","background-type":"","background-media":"","overlay-type":"","overlay-color":"","overlay-opacity":"","overlay-gradient":""},"mobile":{"background-color":"var(--ast-global-color-5)","background-image":"","background-repeat":"repeat","background-position":"center center","background-size":"auto","background-attachment":"scroll","background-type":"","background-media":"","overlay-type":"","overlay-color":"","overlay-opacity":"","overlay-gradient":""}}},"product_brand":[],"product_cat":[394,365,367,364,386],"product_tag":[],"class_list":{"0":"post-42374","1":"product","2":"type-product","3":"status-publish","4":"has-post-thumbnail","6":"product_cat-digitalis-jatekok","7":"product_cat-goz","8":"product_cat-pc-jatekok","9":"product_cat-rpg-k","10":"product_cat-strategiai-jatekok","11":"desktop-align-left","12":"tablet-align-left","13":"mobile-align-left","15":"first","16":"instock","17":"shipping-taxable","18":"purchasable","19":"product-type-simple"},"acf":[],"yoast_head":"<!-- This site is optimized with the Yoast SEO Premium plugin v27.4 (Yoast SEO v27.4) - https:\/\/yoast.com\/product\/yoast-seo-premium-wordpress\/ -->\n<title>Lost Eidolons - Prismagamers.com<\/title>\n<meta name=\"description\" content=\"A Lost Eidolons egy taktikai, fordul\u00f3alap\u00fa RPG, amely egy polg\u00e1rh\u00e1bor\u00fa \u00e1ltal megt\u00e9p\u00e1zott, \u00f6sszeoml\u00f3 birodalomban j\u00e1tsz\u00f3dik, mag\u00e1val ragad\u00f3 filmes elbesz\u00e9l\u00e9ssel. Vedd magadra a szerethet\u0151 zsoldoskapit\u00e1ny, Eden szerep\u00e9t, \u00e9s vezesd sz\u00f6vets\u00e9gesek csapat\u00e1t epikus \u00f6sszecsap\u00e1sokon kereszt\u00fcl a klasszikus, fordul\u00f3alap\u00fa csatat\u00e9ren.  \ud83c\udf0d Glob\u00e1lis \u2699\ufe0f Steam \ud83d\udddd Digit\u00e1lis kulcs\" \/>\n<meta name=\"robots\" content=\"index, follow, max-snippet:-1, max-image-preview:large, max-video-preview:-1\" \/>\n<link rel=\"canonical\" href=\"https:\/\/prismagamers.com\/hu\/produkt\/lost-eidolons\/\" \/>\n<meta property=\"og:locale\" content=\"hu_HU\" \/>\n<meta property=\"og:type\" content=\"article\" \/>\n<meta property=\"og:title\" content=\"Lost Eidolons\" \/>\n<meta property=\"og:description\" content=\"A Lost Eidolons egy taktikai, fordul\u00f3alap\u00fa RPG, amely egy polg\u00e1rh\u00e1bor\u00fa \u00e1ltal megt\u00e9p\u00e1zott, \u00f6sszeoml\u00f3 birodalomban j\u00e1tsz\u00f3dik, mag\u00e1val ragad\u00f3 filmes elbesz\u00e9l\u00e9ssel. Vedd magadra a szerethet\u0151 zsoldoskapit\u00e1ny, Eden szerep\u00e9t, \u00e9s vezesd sz\u00f6vets\u00e9gesek csapat\u00e1t epikus \u00f6sszecsap\u00e1sokon kereszt\u00fcl a klasszikus, fordul\u00f3alap\u00fa csatat\u00e9ren.  \ud83c\udf0d Glob\u00e1lis \u2699\ufe0f Steam \ud83d\udddd Digit\u00e1lis kulcs\" \/>\n<meta property=\"og:url\" content=\"https:\/\/prismagamers.com\/hu\/produkt\/lost-eidolons\/\" \/>\n<meta property=\"og:site_name\" content=\"Prismagamers.com\" \/>\n<meta property=\"article:publisher\" content=\"https:\/\/www.facebook.com\/prismagamers\" \/>\n<meta property=\"og:image\" content=\"https:\/\/prismagamers.com\/wp-content\/uploads\/2023\/09\/library_600x900_2x-8.jpg\" \/>\n\t<meta property=\"og:image:width\" content=\"600\" \/>\n\t<meta property=\"og:image:height\" content=\"900\" \/>\n\t<meta property=\"og:image:type\" content=\"image\/jpeg\" \/>\n<meta name=\"twitter:card\" content=\"summary_large_image\" \/>\n<meta name=\"twitter:label1\" content=\"Becs\u00fclt olvas\u00e1si id\u0151\" \/>\n\t<meta name=\"twitter:data1\" content=\"2 perc\" \/>\n<script type=\"application\/ld+json\" class=\"yoast-schema-graph\">{\"@context\":\"https:\\\/\\\/schema.org\",\"@graph\":[{\"@type\":\"WebPage\",\"@id\":\"https:\\\/\\\/prismagamers.com\\\/hu\\\/produkt\\\/lost-eidolons\\\/\",\"url\":\"https:\\\/\\\/prismagamers.com\\\/hu\\\/produkt\\\/lost-eidolons\\\/\",\"name\":\"Lost Eidolons - Prismagamers.com\",\"isPartOf\":{\"@id\":\"https:\\\/\\\/prismagamers.com\\\/hu\\\/#website\"},\"primaryImageOfPage\":{\"@id\":\"https:\\\/\\\/prismagamers.com\\\/hu\\\/produkt\\\/lost-eidolons\\\/#primaryimage\"},\"image\":{\"@id\":\"https:\\\/\\\/prismagamers.com\\\/hu\\\/produkt\\\/lost-eidolons\\\/#primaryimage\"},\"thumbnailUrl\":\"https:\\\/\\\/prismagamers.com\\\/wp-content\\\/uploads\\\/2023\\\/09\\\/library_600x900_2x-8.jpg\",\"datePublished\":\"2023-09-14T20:18:12+00:00\",\"description\":\"A Lost Eidolons egy taktikai, fordul\u00f3alap\u00fa RPG, amely egy polg\u00e1rh\u00e1bor\u00fa \u00e1ltal megt\u00e9p\u00e1zott, \u00f6sszeoml\u00f3 birodalomban j\u00e1tsz\u00f3dik, mag\u00e1val ragad\u00f3 filmes elbesz\u00e9l\u00e9ssel. Vedd magadra a szerethet\u0151 zsoldoskapit\u00e1ny, Eden szerep\u00e9t, \u00e9s vezesd sz\u00f6vets\u00e9gesek csapat\u00e1t epikus \u00f6sszecsap\u00e1sokon kereszt\u00fcl a klasszikus, fordul\u00f3alap\u00fa csatat\u00e9ren. \ud83c\udf0d Glob\u00e1lis \u2699\ufe0f Steam \ud83d\udddd Digit\u00e1lis kulcs\",\"breadcrumb\":{\"@id\":\"https:\\\/\\\/prismagamers.com\\\/hu\\\/produkt\\\/lost-eidolons\\\/#breadcrumb\"},\"inLanguage\":\"hu\",\"potentialAction\":[{\"@type\":\"ReadAction\",\"target\":[\"https:\\\/\\\/prismagamers.com\\\/hu\\\/produkt\\\/lost-eidolons\\\/\"]}]},{\"@type\":\"ImageObject\",\"inLanguage\":\"hu\",\"@id\":\"https:\\\/\\\/prismagamers.com\\\/hu\\\/produkt\\\/lost-eidolons\\\/#primaryimage\",\"url\":\"https:\\\/\\\/prismagamers.com\\\/wp-content\\\/uploads\\\/2023\\\/09\\\/library_600x900_2x-8.jpg\",\"contentUrl\":\"https:\\\/\\\/prismagamers.com\\\/wp-content\\\/uploads\\\/2023\\\/09\\\/library_600x900_2x-8.jpg\",\"width\":600,\"height\":900},{\"@type\":\"BreadcrumbList\",\"@id\":\"https:\\\/\\\/prismagamers.com\\\/hu\\\/produkt\\\/lost-eidolons\\\/#breadcrumb\",\"itemListElement\":[{\"@type\":\"ListItem\",\"position\":1,\"name\":\"Strona g\u0142\u00f3wna\",\"item\":\"https:\\\/\\\/prismagamers.com\\\/hu\\\/prismagamers\\\/\"},{\"@type\":\"ListItem\",\"position\":2,\"name\":\"Shop\",\"item\":\"https:\\\/\\\/prismagamers.com\\\/hu\\\/shop\\\/\"},{\"@type\":\"ListItem\",\"position\":3,\"name\":\"Lost Eidolons\"}]},{\"@type\":\"WebSite\",\"@id\":\"https:\\\/\\\/prismagamers.com\\\/hu\\\/#website\",\"url\":\"https:\\\/\\\/prismagamers.com\\\/hu\\\/\",\"name\":\"Prismagamers\",\"description\":\"Sklep z grami PC I Sklep klucze Steam\",\"publisher\":{\"@id\":\"https:\\\/\\\/prismagamers.com\\\/hu\\\/#organization\"},\"potentialAction\":[{\"@type\":\"SearchAction\",\"target\":{\"@type\":\"EntryPoint\",\"urlTemplate\":\"https:\\\/\\\/prismagamers.com\\\/hu\\\/?s={search_term_string}\"},\"query-input\":{\"@type\":\"PropertyValueSpecification\",\"valueRequired\":true,\"valueName\":\"search_term_string\"}}],\"inLanguage\":\"hu\"},{\"@type\":\"Organization\",\"@id\":\"https:\\\/\\\/prismagamers.com\\\/hu\\\/#organization\",\"name\":\"Prismagamers\",\"url\":\"https:\\\/\\\/prismagamers.com\\\/hu\\\/\",\"logo\":{\"@type\":\"ImageObject\",\"inLanguage\":\"hu\",\"@id\":\"https:\\\/\\\/prismagamers.com\\\/hu\\\/#\\\/schema\\\/logo\\\/image\\\/\",\"url\":\"https:\\\/\\\/prismagamers.com\\\/wp-content\\\/uploads\\\/2022\\\/04\\\/cropped-logo-Prismagamers-01-scaled-1.jpg\",\"contentUrl\":\"https:\\\/\\\/prismagamers.com\\\/wp-content\\\/uploads\\\/2022\\\/04\\\/cropped-logo-Prismagamers-01-scaled-1.jpg\",\"width\":512,\"height\":512,\"caption\":\"Prismagamers\"},\"image\":{\"@id\":\"https:\\\/\\\/prismagamers.com\\\/hu\\\/#\\\/schema\\\/logo\\\/image\\\/\"},\"sameAs\":[\"https:\\\/\\\/www.facebook.com\\\/prismagamers\",\"https:\\\/\\\/www.instagram.com\\\/prismagamers_grycyfrowe\\\/\"],\"description\":\"Prismagamers.com to dynamiczny sklep z grami cyfrowymi, stworzony z my\u015bl\u0105 o entuzjastach gier wideo. Nasza strona oferuje szerok\u0105 gam\u0119 gier komputerowych, w tym najnowsze tytu\u0142y, dobrze znane klasyki oraz gry stworzone przez niezale\u017cne studia Ca\u0142y czas d\u0105\u017cymy do rozszerzenia naszej oferty. Do\u0142\u0105cz do nas i sta\u0144 si\u0119 cz\u0119\u015bci\u0105 naszej rosn\u0105cej spo\u0142eczno\u015bci graczy!\",\"email\":\"shop@prismagamers.com\",\"telephone\":\"48795541705\",\"legalName\":\"East Caravan Maksym \u017bukow\",\"foundingDate\":\"2012-05-10\",\"vatID\":\"PL8943038612\",\"taxID\":\"PL8943038612\",\"numberOfEmployees\":{\"@type\":\"QuantitativeValue\",\"minValue\":\"11\",\"maxValue\":\"50\"}}]}<\/script>\n<!-- \/ Yoast SEO Premium plugin. -->","yoast_head_json":{"title":"Lost Eidolons - Prismagamers.com","description":"A Lost Eidolons egy taktikai, fordul\u00f3alap\u00fa RPG, amely egy polg\u00e1rh\u00e1bor\u00fa \u00e1ltal megt\u00e9p\u00e1zott, \u00f6sszeoml\u00f3 birodalomban j\u00e1tsz\u00f3dik, mag\u00e1val ragad\u00f3 filmes elbesz\u00e9l\u00e9ssel. Vedd magadra a szerethet\u0151 zsoldoskapit\u00e1ny, Eden szerep\u00e9t, \u00e9s vezesd sz\u00f6vets\u00e9gesek csapat\u00e1t epikus \u00f6sszecsap\u00e1sokon kereszt\u00fcl a klasszikus, fordul\u00f3alap\u00fa csatat\u00e9ren.  \ud83c\udf0d Glob\u00e1lis \u2699\ufe0f Steam \ud83d\udddd Digit\u00e1lis kulcs","robots":{"index":"index","follow":"follow","max-snippet":"max-snippet:-1","max-image-preview":"max-image-preview:large","max-video-preview":"max-video-preview:-1"},"canonical":"https:\/\/prismagamers.com\/hu\/produkt\/lost-eidolons\/","og_locale":"hu_HU","og_type":"article","og_title":"Lost Eidolons","og_description":"A Lost Eidolons egy taktikai, fordul\u00f3alap\u00fa RPG, amely egy polg\u00e1rh\u00e1bor\u00fa \u00e1ltal megt\u00e9p\u00e1zott, \u00f6sszeoml\u00f3 birodalomban j\u00e1tsz\u00f3dik, mag\u00e1val ragad\u00f3 filmes elbesz\u00e9l\u00e9ssel. Vedd magadra a szerethet\u0151 zsoldoskapit\u00e1ny, Eden szerep\u00e9t, \u00e9s vezesd sz\u00f6vets\u00e9gesek csapat\u00e1t epikus \u00f6sszecsap\u00e1sokon kereszt\u00fcl a klasszikus, fordul\u00f3alap\u00fa csatat\u00e9ren.  \ud83c\udf0d Glob\u00e1lis \u2699\ufe0f Steam \ud83d\udddd Digit\u00e1lis kulcs","og_url":"https:\/\/prismagamers.com\/hu\/produkt\/lost-eidolons\/","og_site_name":"Prismagamers.com","article_publisher":"https:\/\/www.facebook.com\/prismagamers","og_image":[{"width":600,"height":900,"url":"https:\/\/prismagamers.com\/wp-content\/uploads\/2023\/09\/library_600x900_2x-8.jpg","type":"image\/jpeg"}],"twitter_card":"summary_large_image","twitter_misc":{"Becs\u00fclt olvas\u00e1si id\u0151":"2 perc"},"schema":{"@context":"https:\/\/schema.org","@graph":[{"@type":"WebPage","@id":"https:\/\/prismagamers.com\/hu\/produkt\/lost-eidolons\/","url":"https:\/\/prismagamers.com\/hu\/produkt\/lost-eidolons\/","name":"Lost Eidolons - Prismagamers.com","isPartOf":{"@id":"https:\/\/prismagamers.com\/hu\/#website"},"primaryImageOfPage":{"@id":"https:\/\/prismagamers.com\/hu\/produkt\/lost-eidolons\/#primaryimage"},"image":{"@id":"https:\/\/prismagamers.com\/hu\/produkt\/lost-eidolons\/#primaryimage"},"thumbnailUrl":"https:\/\/prismagamers.com\/wp-content\/uploads\/2023\/09\/library_600x900_2x-8.jpg","datePublished":"2023-09-14T20:18:12+00:00","description":"A Lost Eidolons egy taktikai, fordul\u00f3alap\u00fa RPG, amely egy polg\u00e1rh\u00e1bor\u00fa \u00e1ltal megt\u00e9p\u00e1zott, \u00f6sszeoml\u00f3 birodalomban j\u00e1tsz\u00f3dik, mag\u00e1val ragad\u00f3 filmes elbesz\u00e9l\u00e9ssel. Vedd magadra a szerethet\u0151 zsoldoskapit\u00e1ny, Eden szerep\u00e9t, \u00e9s vezesd sz\u00f6vets\u00e9gesek csapat\u00e1t epikus \u00f6sszecsap\u00e1sokon kereszt\u00fcl a klasszikus, fordul\u00f3alap\u00fa csatat\u00e9ren. \ud83c\udf0d Glob\u00e1lis \u2699\ufe0f Steam \ud83d\udddd Digit\u00e1lis kulcs","breadcrumb":{"@id":"https:\/\/prismagamers.com\/hu\/produkt\/lost-eidolons\/#breadcrumb"},"inLanguage":"hu","potentialAction":[{"@type":"ReadAction","target":["https:\/\/prismagamers.com\/hu\/produkt\/lost-eidolons\/"]}]},{"@type":"ImageObject","inLanguage":"hu","@id":"https:\/\/prismagamers.com\/hu\/produkt\/lost-eidolons\/#primaryimage","url":"https:\/\/prismagamers.com\/wp-content\/uploads\/2023\/09\/library_600x900_2x-8.jpg","contentUrl":"https:\/\/prismagamers.com\/wp-content\/uploads\/2023\/09\/library_600x900_2x-8.jpg","width":600,"height":900},{"@type":"BreadcrumbList","@id":"https:\/\/prismagamers.com\/hu\/produkt\/lost-eidolons\/#breadcrumb","itemListElement":[{"@type":"ListItem","position":1,"name":"Strona g\u0142\u00f3wna","item":"https:\/\/prismagamers.com\/hu\/prismagamers\/"},{"@type":"ListItem","position":2,"name":"Shop","item":"https:\/\/prismagamers.com\/hu\/shop\/"},{"@type":"ListItem","position":3,"name":"Lost Eidolons"}]},{"@type":"WebSite","@id":"https:\/\/prismagamers.com\/hu\/#website","url":"https:\/\/prismagamers.com\/hu\/","name":"Prismagamers","description":"Sklep z grami PC I Sklep klucze Steam","publisher":{"@id":"https:\/\/prismagamers.com\/hu\/#organization"},"potentialAction":[{"@type":"SearchAction","target":{"@type":"EntryPoint","urlTemplate":"https:\/\/prismagamers.com\/hu\/?s={search_term_string}"},"query-input":{"@type":"PropertyValueSpecification","valueRequired":true,"valueName":"search_term_string"}}],"inLanguage":"hu"},{"@type":"Organization","@id":"https:\/\/prismagamers.com\/hu\/#organization","name":"Prismagamers","url":"https:\/\/prismagamers.com\/hu\/","logo":{"@type":"ImageObject","inLanguage":"hu","@id":"https:\/\/prismagamers.com\/hu\/#\/schema\/logo\/image\/","url":"https:\/\/prismagamers.com\/wp-content\/uploads\/2022\/04\/cropped-logo-Prismagamers-01-scaled-1.jpg","contentUrl":"https:\/\/prismagamers.com\/wp-content\/uploads\/2022\/04\/cropped-logo-Prismagamers-01-scaled-1.jpg","width":512,"height":512,"caption":"Prismagamers"},"image":{"@id":"https:\/\/prismagamers.com\/hu\/#\/schema\/logo\/image\/"},"sameAs":["https:\/\/www.facebook.com\/prismagamers","https:\/\/www.instagram.com\/prismagamers_grycyfrowe\/"],"description":"Prismagamers.com to dynamiczny sklep z grami cyfrowymi, stworzony z my\u015bl\u0105 o entuzjastach gier wideo. Nasza strona oferuje szerok\u0105 gam\u0119 gier komputerowych, w tym najnowsze tytu\u0142y, dobrze znane klasyki oraz gry stworzone przez niezale\u017cne studia Ca\u0142y czas d\u0105\u017cymy do rozszerzenia naszej oferty. Do\u0142\u0105cz do nas i sta\u0144 si\u0119 cz\u0119\u015bci\u0105 naszej rosn\u0105cej spo\u0142eczno\u015bci graczy!","email":"shop@prismagamers.com","telephone":"48795541705","legalName":"East Caravan Maksym \u017bukow","foundingDate":"2012-05-10","vatID":"PL8943038612","taxID":"PL8943038612","numberOfEmployees":{"@type":"QuantitativeValue","minValue":"11","maxValue":"50"}}]}},"_links":{"self":[{"href":"https:\/\/prismagamers.com\/hu\/wp-json\/wp\/v2\/product\/42374","targetHints":{"allow":["GET"]}}],"collection":[{"href":"https:\/\/prismagamers.com\/hu\/wp-json\/wp\/v2\/product"}],"about":[{"href":"https:\/\/prismagamers.com\/hu\/wp-json\/wp\/v2\/types\/product"}],"wp:featuredmedia":[{"embeddable":true,"href":"https:\/\/prismagamers.com\/hu\/wp-json\/wp\/v2\/media\/25937"}],"wp:attachment":[{"href":"https:\/\/prismagamers.com\/hu\/wp-json\/wp\/v2\/media?parent=42374"}],"wp:term":[{"taxonomy":"product_brand","embeddable":true,"href":"https:\/\/prismagamers.com\/hu\/wp-json\/wp\/v2\/product_brand?post=42374"},{"taxonomy":"product_cat","embeddable":true,"href":"https:\/\/prismagamers.com\/hu\/wp-json\/wp\/v2\/product_cat?post=42374"},{"taxonomy":"product_tag","embeddable":true,"href":"https:\/\/prismagamers.com\/hu\/wp-json\/wp\/v2\/product_tag?post=42374"}],"curies":[{"name":"wp","href":"https:\/\/api.w.org\/{rel}","templated":true}]}}