{"id":42375,"date":"2023-09-14T22:29:02","date_gmt":"2023-09-14T20:29:02","guid":{"rendered":"https:\/\/prismagamers.com\/produkt\/shattered-tale-of-the-forgotten-king\/"},"modified":"2023-09-14T22:29:02","modified_gmt":"2023-09-14T20:29:02","slug":"shattered-tale-of-the-forgotten-king","status":"publish","type":"product","link":"https:\/\/prismagamers.com\/hu\/produkt\/shattered-tale-of-the-forgotten-king\/","title":{"rendered":"Shattered &#8211; Tale of the Forgotten King"},"content":{"rendered":"<p>A vil\u00e1g, amilyen volt, a kir\u00e1ly elt\u0171n\u00e9s\u00e9vel megsz\u0171nt. Az elhagyott f\u00f6ldek v\u00e1ndorak\u00e9nt rajtad m\u00falik, hogy \u00f6sszeszedd a val\u00f3s\u00e1g darabk\u00e1it, \u00e9s \u00fcgyess\u00e9gi alap\u00fa harcok, innovat\u00edv ny\u00edlt vil\u00e1g\u00fa platformj\u00e1t\u00e9k \u00e9s t\u00fal\u00e9l\u0151-tesztimony&#8230;. seg\u00edts\u00e9g\u00e9vel nyomon k\u00f6vesd a civiliz\u00e1ci\u00f3 \u00f6sszeoml\u00e1s\u00e1t. n\u00e9melyik megb\u00edzhat\u00f3bb, mint a t\u00f6bbi. <\/p>\n<p><img decoding=\"async\" class=\"aligncenter\" src=\"https:\/\/cdn.akamai.steamstatic.com\/steam\/apps\/1045180\/extras\/Boss_Opti_Steam.gif?t=1637596646\"><\/p>\n<h2 class=\"bb_tag\">\u00c9teri felfedez\u00e9sek \u00e9s epikus csat\u00e1k<\/h2>\n<p>Egy el nem mondott t\u00f6rt\u00e9netekkel \u00e9s hatalmas ellens\u00e9gekkel teli, romos kontinenst fedezhetsz fel. Azok sz\u00e1m\u00e1ra, akik v\u00e9gig mer\u00e9szkednek az \u00f6sv\u00e9nyein, Hypnos vil\u00e1ga sz\u00e1mos titkot rejt, n\u00e9melyik seg\u00edt az utadon, m\u00e1sok pedig megvil\u00e1gos\u00edtanak a l\u00e9tez\u00e9sedhez vezet\u0151 \u00f6sv\u00e9nyen. Tapasztald meg a prec\u00edzi\u00f3s alap\u00fa harcot \u00e9s a 2,5D platformoz\u00e1st egy \u00f6sszetett, el\u00e1gaz\u00f3 t\u00f6rt\u00e9netben a val\u00f3s\u00e1got \u00e1tfog\u00f3 akci\u00f3-kalandj\u00e1t\u00e9kban, melynek c\u00edme &#8222;Shattered &#8211; Tale of the Forgotten King&#8221;.  <\/p>\n<p>K\u00e9szen \u00e1llsz, V\u00e1ndor?<\/p>\n<p><img decoding=\"async\" class=\"aligncenter\" src=\"https:\/\/cdn.akamai.steamstatic.com\/steam\/apps\/1045180\/extras\/Steam_Platformer_Opti.gif?t=1637596646\"><\/p>\n<h2 class=\"bb_tag\">Jellemz\u0151k:<\/h2>\n<p>Egy \u00faj felfedez\u00e9sre v\u00e1r\u00f3 vil\u00e1g: B\u00f6ng\u00e9ssz egy gy\u00f6ny\u00f6r\u0171en bemutatott f\u00e9lig nyitott vil\u00e1gban, el\u00e1gaz\u00f3 \u00f6sv\u00e9nyekkel \u00e9s rejt\u00e9lyes titkokkal. Minden \u00faj z\u00f3na egy-egy t\u00f6rt\u00e9netet mes\u00e9l el a leny\u0171g\u00f6z\u0151 m\u0171v\u00e9szeti rendez\u00e9s \u00e9s a gondosan megtervezett diz\u00e1jn seg\u00edts\u00e9g\u00e9vel. <\/p>\n<p>Er\u0151s ellens\u00e9geket kell legy\u0151zni: Figyeld az ellens\u00e9geidet, jelezd el\u0151re a mozdulataikat, \u00e9s haszn\u00e1ld ellen\u00fck a saj\u00e1t t\u00e1mad\u00e1saidat. V\u00e1lts a k\u00f6zelharci kardharc \u00e9s a t\u00e1volr\u00f3l t\u00f6rt\u00e9n\u0151 var\u00e1zsl\u00e1s k\u00f6z\u00f6tt, hogy uralni tudd a csatateret, \u00e9s tapasztald meg a z\u00f6kken\u0151mentes \u00e1tmenetet a teljes 3D-s \u00e9s a 2,5D-s csat\u00e1k k\u00f6z\u00f6tt. <\/p>\n<p>Egy 10 \u00e9ve k\u00e9sz\u00fcl\u0151 t\u00f6rt\u00e9net: a Shattered j\u00e1t\u00e9k vil\u00e1ga t\u00f6bb mint egy \u00e9vtizednyi k\u00e9pzelet \u00e9s kreativit\u00e1s eredm\u00e9nye: egy epikus val\u00f3s\u00e1g, amelyet a Redlock Studio elm\u00e9i alkottak. A &#8222;Tale of the Forgotten King&#8221; csak az els\u0151 l\u00e9p\u00e9s a Hypnos vil\u00e1g\u00e1ba, tov\u00e1bbi j\u00e1t\u00e9kokat m\u00e1r terveznek. <\/p>\n<p>A saj\u00e1t t\u00f6rt\u00e9neted: nem minden Hypnos-t\u00fal\u00e9l\u0151 megb\u00edzhat\u00f3: b\u00e1r a legt\u00f6bben seg\u00edtenek neked az utadon, vannak olyanok, akik a saj\u00e1t c\u00e9ljaikra akarnak felhaszn\u00e1lni t\u00e9ged. A vil\u00e1g eml\u00e9kezni fog a kalandod sor\u00e1n hozott d\u00f6nt\u00e9seidre, \u00e9s csak azok jutnak el az igazs\u00e1gra, akik elsz\u00e1ntak. <\/p>\n<p>Folyamatos fejl\u0151d\u00e9s: Ak\u00e1r harc, ak\u00e1r felfedez\u00e9s \u00fatj\u00e1n, a Wanderer fejl\u0151dik. Hogy ezt hogyan teszi, az csak rajtad m\u00falik. A korl\u00e1tozott er\u0151forr\u00e1sokkal n\u00f6veled az er\u0151det, vagy felfedezel egy \u00fajabb igazs\u00e1got a Hypnosr\u00f3l? \u00daj fegyvereket v\u00e1s\u00e1rolsz vagy n\u00f6veled a var\u00e1zslatodat? A v\u00e1laszt\u00e1s a ti\u00e9d, de v\u00e1lassz k\u00f6r\u00fcltekint\u0151en: nem minden \u00fat \u00e1ll rendelkez\u00e9sre.    <\/p>\n","protected":false},"excerpt":{"rendered":"<p>A r\u00e9gi vil\u00e1g a kir\u00e1ly elt\u0171n\u00e9s\u00e9vel elt\u0171nt. Alak\u00edtsd \u00e1t a val\u00f3s\u00e1got ebben a s\u00f6t\u00e9t akci\u00f3-RPG-ben \u00fcgyess\u00e9gi alap\u00fa harcok, innovat\u00edv ny\u00edlt vil\u00e1g\u00fa platformj\u00e1t\u00e9kok \u00e9s t\u00fal\u00e9l\u0151-tan\u00fas\u00e1gt\u00e9tel&#8230;. seg\u00edts\u00e9g\u00e9vel. Egyesek megb\u00edzhat\u00f3bbak, mint m\u00e1sok. K\u00e9szen \u00e1llsz, V\u00e1ndor?  <\/p>\n<p>\ud83c\udf0d Glob\u00e1lis<br \/>\n\u2699\ufe0f Steam<br \/>\n\ud83d\udddd Digit\u00e1lis kulcs<\/p>\n","protected":false},"featured_media":25942,"template":"","meta":{"_acf_changed":false,"site-sidebar-layout":"default","site-content-layout":"","ast-site-content-layout":"default","site-content-style":"default","site-sidebar-style":"default","ast-global-header-display":"","ast-banner-title-visibility":"","ast-main-header-display":"","ast-hfb-above-header-display":"","ast-hfb-below-header-display":"","ast-hfb-mobile-header-display":"","site-post-title":"","ast-breadcrumbs-content":"","ast-featured-img":"","footer-sml-layout":"","ast-disable-related-posts":"","theme-transparent-header-meta":"default","adv-header-id-meta":"","stick-header-meta":"","header-above-stick-meta":"","header-main-stick-meta":"","header-below-stick-meta":"","astra-migrate-meta-layouts":"default","ast-page-background-enabled":"default","ast-page-background-meta":{"desktop":{"background-color":"var(--ast-global-color-4)","background-image":"","background-repeat":"repeat","background-position":"center center","background-size":"auto","background-attachment":"scroll","background-type":"","background-media":"","overlay-type":"","overlay-color":"","overlay-opacity":"","overlay-gradient":""},"tablet":{"background-color":"","background-image":"","background-repeat":"repeat","background-position":"center center","background-size":"auto","background-attachment":"scroll","background-type":"","background-media":"","overlay-type":"","overlay-color":"","overlay-opacity":"","overlay-gradient":""},"mobile":{"background-color":"","background-image":"","background-repeat":"repeat","background-position":"center center","background-size":"auto","background-attachment":"scroll","background-type":"","background-media":"","overlay-type":"","overlay-color":"","overlay-opacity":"","overlay-gradient":""}},"ast-content-background-meta":{"desktop":{"background-color":"var(--ast-global-color-5)","background-image":"","background-repeat":"repeat","background-position":"center center","background-size":"auto","background-attachment":"scroll","background-type":"","background-media":"","overlay-type":"","overlay-color":"","overlay-opacity":"","overlay-gradient":""},"tablet":{"background-color":"var(--ast-global-color-5)","background-image":"","background-repeat":"repeat","background-position":"center center","background-size":"auto","background-attachment":"scroll","background-type":"","background-media":"","overlay-type":"","overlay-color":"","overlay-opacity":"","overlay-gradient":""},"mobile":{"background-color":"var(--ast-global-color-5)","background-image":"","background-repeat":"repeat","background-position":"center center","background-size":"auto","background-attachment":"scroll","background-type":"","background-media":"","overlay-type":"","overlay-color":"","overlay-opacity":"","overlay-gradient":""}}},"product_brand":[],"product_cat":[371,394,365,363,367,364],"product_tag":[],"class_list":{"0":"post-42375","1":"product","2":"type-product","3":"status-publish","4":"has-post-thumbnail","6":"product_cat-akcio-jatekok","7":"product_cat-digitalis-jatekok","8":"product_cat-goz","9":"product_cat-kaland-jatekok","10":"product_cat-pc-jatekok","11":"product_cat-rpg-k","12":"desktop-align-left","13":"tablet-align-left","14":"mobile-align-left","16":"first","17":"instock","18":"shipping-taxable","19":"purchasable","20":"product-type-simple"},"acf":[],"yoast_head":"<!-- This site is optimized with the Yoast SEO Premium plugin v27.4 (Yoast SEO v27.4) - https:\/\/yoast.com\/product\/yoast-seo-premium-wordpress\/ -->\n<title>Shattered - Tale of the Forgotten King - Prismagamers.com<\/title>\n<meta name=\"description\" content=\"A r\u00e9gi vil\u00e1g a kir\u00e1ly elt\u0171n\u00e9s\u00e9vel elt\u0171nt. Alak\u00edtsd \u00e1t a val\u00f3s\u00e1got ebben a s\u00f6t\u00e9t akci\u00f3-RPG-ben \u00fcgyess\u00e9gi alap\u00fa harcok, innovat\u00edv ny\u00edlt vil\u00e1g\u00fa platformj\u00e1t\u00e9kok \u00e9s t\u00fal\u00e9l\u0151-tan\u00fas\u00e1gt\u00e9tel.... seg\u00edts\u00e9g\u00e9vel. Egyesek megb\u00edzhat\u00f3bbak, mint m\u00e1sok. K\u00e9szen \u00e1llsz, V\u00e1ndor?  \ud83c\udf0d Glob\u00e1lis \u2699\ufe0f Steam \ud83d\udddd Digit\u00e1lis kulcs\" \/>\n<meta name=\"robots\" content=\"index, follow, max-snippet:-1, max-image-preview:large, max-video-preview:-1\" \/>\n<link rel=\"canonical\" href=\"https:\/\/prismagamers.com\/hu\/produkt\/shattered-tale-of-the-forgotten-king\/\" \/>\n<meta property=\"og:locale\" content=\"hu_HU\" \/>\n<meta property=\"og:type\" content=\"article\" \/>\n<meta property=\"og:title\" content=\"Shattered - Tale of the Forgotten King\" \/>\n<meta property=\"og:description\" content=\"A r\u00e9gi vil\u00e1g a kir\u00e1ly elt\u0171n\u00e9s\u00e9vel elt\u0171nt. Alak\u00edtsd \u00e1t a val\u00f3s\u00e1got ebben a s\u00f6t\u00e9t akci\u00f3-RPG-ben \u00fcgyess\u00e9gi alap\u00fa harcok, innovat\u00edv ny\u00edlt vil\u00e1g\u00fa platformj\u00e1t\u00e9kok \u00e9s t\u00fal\u00e9l\u0151-tan\u00fas\u00e1gt\u00e9tel.... seg\u00edts\u00e9g\u00e9vel. Egyesek megb\u00edzhat\u00f3bbak, mint m\u00e1sok. K\u00e9szen \u00e1llsz, V\u00e1ndor?  \ud83c\udf0d Glob\u00e1lis \u2699\ufe0f Steam \ud83d\udddd Digit\u00e1lis kulcs\" \/>\n<meta property=\"og:url\" content=\"https:\/\/prismagamers.com\/hu\/produkt\/shattered-tale-of-the-forgotten-king\/\" \/>\n<meta property=\"og:site_name\" content=\"Prismagamers.com\" \/>\n<meta property=\"article:publisher\" content=\"https:\/\/www.facebook.com\/prismagamers\" \/>\n<meta property=\"og:image\" content=\"https:\/\/prismagamers.com\/wp-content\/uploads\/2023\/09\/library600x900.png\" \/>\n\t<meta property=\"og:image:width\" content=\"600\" \/>\n\t<meta property=\"og:image:height\" content=\"900\" \/>\n\t<meta property=\"og:image:type\" content=\"image\/png\" \/>\n<meta name=\"twitter:card\" content=\"summary_large_image\" \/>\n<meta name=\"twitter:label1\" content=\"Becs\u00fclt olvas\u00e1si id\u0151\" \/>\n\t<meta name=\"twitter:data1\" content=\"3 perc\" \/>\n<script type=\"application\/ld+json\" class=\"yoast-schema-graph\">{\"@context\":\"https:\\\/\\\/schema.org\",\"@graph\":[{\"@type\":\"WebPage\",\"@id\":\"https:\\\/\\\/prismagamers.com\\\/hu\\\/produkt\\\/shattered-tale-of-the-forgotten-king\\\/\",\"url\":\"https:\\\/\\\/prismagamers.com\\\/hu\\\/produkt\\\/shattered-tale-of-the-forgotten-king\\\/\",\"name\":\"Shattered - Tale of the Forgotten King - Prismagamers.com\",\"isPartOf\":{\"@id\":\"https:\\\/\\\/prismagamers.com\\\/hu\\\/#website\"},\"primaryImageOfPage\":{\"@id\":\"https:\\\/\\\/prismagamers.com\\\/hu\\\/produkt\\\/shattered-tale-of-the-forgotten-king\\\/#primaryimage\"},\"image\":{\"@id\":\"https:\\\/\\\/prismagamers.com\\\/hu\\\/produkt\\\/shattered-tale-of-the-forgotten-king\\\/#primaryimage\"},\"thumbnailUrl\":\"https:\\\/\\\/prismagamers.com\\\/wp-content\\\/uploads\\\/2023\\\/09\\\/library600x900.png\",\"datePublished\":\"2023-09-14T20:29:02+00:00\",\"description\":\"A r\u00e9gi vil\u00e1g a kir\u00e1ly elt\u0171n\u00e9s\u00e9vel elt\u0171nt. Alak\u00edtsd \u00e1t a val\u00f3s\u00e1got ebben a s\u00f6t\u00e9t akci\u00f3-RPG-ben \u00fcgyess\u00e9gi alap\u00fa harcok, innovat\u00edv ny\u00edlt vil\u00e1g\u00fa platformj\u00e1t\u00e9kok \u00e9s t\u00fal\u00e9l\u0151-tan\u00fas\u00e1gt\u00e9tel.... seg\u00edts\u00e9g\u00e9vel. Egyesek megb\u00edzhat\u00f3bbak, mint m\u00e1sok. K\u00e9szen \u00e1llsz, V\u00e1ndor? \ud83c\udf0d Glob\u00e1lis \u2699\ufe0f Steam \ud83d\udddd Digit\u00e1lis kulcs\",\"breadcrumb\":{\"@id\":\"https:\\\/\\\/prismagamers.com\\\/hu\\\/produkt\\\/shattered-tale-of-the-forgotten-king\\\/#breadcrumb\"},\"inLanguage\":\"hu\",\"potentialAction\":[{\"@type\":\"ReadAction\",\"target\":[\"https:\\\/\\\/prismagamers.com\\\/hu\\\/produkt\\\/shattered-tale-of-the-forgotten-king\\\/\"]}]},{\"@type\":\"ImageObject\",\"inLanguage\":\"hu\",\"@id\":\"https:\\\/\\\/prismagamers.com\\\/hu\\\/produkt\\\/shattered-tale-of-the-forgotten-king\\\/#primaryimage\",\"url\":\"https:\\\/\\\/prismagamers.com\\\/wp-content\\\/uploads\\\/2023\\\/09\\\/library600x900.png\",\"contentUrl\":\"https:\\\/\\\/prismagamers.com\\\/wp-content\\\/uploads\\\/2023\\\/09\\\/library600x900.png\",\"width\":600,\"height\":900},{\"@type\":\"BreadcrumbList\",\"@id\":\"https:\\\/\\\/prismagamers.com\\\/hu\\\/produkt\\\/shattered-tale-of-the-forgotten-king\\\/#breadcrumb\",\"itemListElement\":[{\"@type\":\"ListItem\",\"position\":1,\"name\":\"Strona g\u0142\u00f3wna\",\"item\":\"https:\\\/\\\/prismagamers.com\\\/hu\\\/prismagamers\\\/\"},{\"@type\":\"ListItem\",\"position\":2,\"name\":\"Shop\",\"item\":\"https:\\\/\\\/prismagamers.com\\\/hu\\\/shop\\\/\"},{\"@type\":\"ListItem\",\"position\":3,\"name\":\"Shattered &#8211; Tale of the Forgotten King\"}]},{\"@type\":\"WebSite\",\"@id\":\"https:\\\/\\\/prismagamers.com\\\/hu\\\/#website\",\"url\":\"https:\\\/\\\/prismagamers.com\\\/hu\\\/\",\"name\":\"Prismagamers\",\"description\":\"Sklep z grami PC I Sklep klucze Steam\",\"publisher\":{\"@id\":\"https:\\\/\\\/prismagamers.com\\\/hu\\\/#organization\"},\"potentialAction\":[{\"@type\":\"SearchAction\",\"target\":{\"@type\":\"EntryPoint\",\"urlTemplate\":\"https:\\\/\\\/prismagamers.com\\\/hu\\\/?s={search_term_string}\"},\"query-input\":{\"@type\":\"PropertyValueSpecification\",\"valueRequired\":true,\"valueName\":\"search_term_string\"}}],\"inLanguage\":\"hu\"},{\"@type\":\"Organization\",\"@id\":\"https:\\\/\\\/prismagamers.com\\\/hu\\\/#organization\",\"name\":\"Prismagamers\",\"url\":\"https:\\\/\\\/prismagamers.com\\\/hu\\\/\",\"logo\":{\"@type\":\"ImageObject\",\"inLanguage\":\"hu\",\"@id\":\"https:\\\/\\\/prismagamers.com\\\/hu\\\/#\\\/schema\\\/logo\\\/image\\\/\",\"url\":\"https:\\\/\\\/prismagamers.com\\\/wp-content\\\/uploads\\\/2022\\\/04\\\/cropped-logo-Prismagamers-01-scaled-1.jpg\",\"contentUrl\":\"https:\\\/\\\/prismagamers.com\\\/wp-content\\\/uploads\\\/2022\\\/04\\\/cropped-logo-Prismagamers-01-scaled-1.jpg\",\"width\":512,\"height\":512,\"caption\":\"Prismagamers\"},\"image\":{\"@id\":\"https:\\\/\\\/prismagamers.com\\\/hu\\\/#\\\/schema\\\/logo\\\/image\\\/\"},\"sameAs\":[\"https:\\\/\\\/www.facebook.com\\\/prismagamers\",\"https:\\\/\\\/www.instagram.com\\\/prismagamers_grycyfrowe\\\/\"],\"description\":\"Prismagamers.com to dynamiczny sklep z grami cyfrowymi, stworzony z my\u015bl\u0105 o entuzjastach gier wideo. Nasza strona oferuje szerok\u0105 gam\u0119 gier komputerowych, w tym najnowsze tytu\u0142y, dobrze znane klasyki oraz gry stworzone przez niezale\u017cne studia Ca\u0142y czas d\u0105\u017cymy do rozszerzenia naszej oferty. Do\u0142\u0105cz do nas i sta\u0144 si\u0119 cz\u0119\u015bci\u0105 naszej rosn\u0105cej spo\u0142eczno\u015bci graczy!\",\"email\":\"shop@prismagamers.com\",\"telephone\":\"48795541705\",\"legalName\":\"East Caravan Maksym \u017bukow\",\"foundingDate\":\"2012-05-10\",\"vatID\":\"PL8943038612\",\"taxID\":\"PL8943038612\",\"numberOfEmployees\":{\"@type\":\"QuantitativeValue\",\"minValue\":\"11\",\"maxValue\":\"50\"}}]}<\/script>\n<!-- \/ Yoast SEO Premium plugin. -->","yoast_head_json":{"title":"Shattered - Tale of the Forgotten King - Prismagamers.com","description":"A r\u00e9gi vil\u00e1g a kir\u00e1ly elt\u0171n\u00e9s\u00e9vel elt\u0171nt. Alak\u00edtsd \u00e1t a val\u00f3s\u00e1got ebben a s\u00f6t\u00e9t akci\u00f3-RPG-ben \u00fcgyess\u00e9gi alap\u00fa harcok, innovat\u00edv ny\u00edlt vil\u00e1g\u00fa platformj\u00e1t\u00e9kok \u00e9s t\u00fal\u00e9l\u0151-tan\u00fas\u00e1gt\u00e9tel.... seg\u00edts\u00e9g\u00e9vel. Egyesek megb\u00edzhat\u00f3bbak, mint m\u00e1sok. K\u00e9szen \u00e1llsz, V\u00e1ndor?  \ud83c\udf0d Glob\u00e1lis \u2699\ufe0f Steam \ud83d\udddd Digit\u00e1lis kulcs","robots":{"index":"index","follow":"follow","max-snippet":"max-snippet:-1","max-image-preview":"max-image-preview:large","max-video-preview":"max-video-preview:-1"},"canonical":"https:\/\/prismagamers.com\/hu\/produkt\/shattered-tale-of-the-forgotten-king\/","og_locale":"hu_HU","og_type":"article","og_title":"Shattered - Tale of the Forgotten King","og_description":"A r\u00e9gi vil\u00e1g a kir\u00e1ly elt\u0171n\u00e9s\u00e9vel elt\u0171nt. Alak\u00edtsd \u00e1t a val\u00f3s\u00e1got ebben a s\u00f6t\u00e9t akci\u00f3-RPG-ben \u00fcgyess\u00e9gi alap\u00fa harcok, innovat\u00edv ny\u00edlt vil\u00e1g\u00fa platformj\u00e1t\u00e9kok \u00e9s t\u00fal\u00e9l\u0151-tan\u00fas\u00e1gt\u00e9tel.... seg\u00edts\u00e9g\u00e9vel. Egyesek megb\u00edzhat\u00f3bbak, mint m\u00e1sok. K\u00e9szen \u00e1llsz, V\u00e1ndor?  \ud83c\udf0d Glob\u00e1lis \u2699\ufe0f Steam \ud83d\udddd Digit\u00e1lis kulcs","og_url":"https:\/\/prismagamers.com\/hu\/produkt\/shattered-tale-of-the-forgotten-king\/","og_site_name":"Prismagamers.com","article_publisher":"https:\/\/www.facebook.com\/prismagamers","og_image":[{"width":600,"height":900,"url":"https:\/\/prismagamers.com\/wp-content\/uploads\/2023\/09\/library600x900.png","type":"image\/png"}],"twitter_card":"summary_large_image","twitter_misc":{"Becs\u00fclt olvas\u00e1si id\u0151":"3 perc"},"schema":{"@context":"https:\/\/schema.org","@graph":[{"@type":"WebPage","@id":"https:\/\/prismagamers.com\/hu\/produkt\/shattered-tale-of-the-forgotten-king\/","url":"https:\/\/prismagamers.com\/hu\/produkt\/shattered-tale-of-the-forgotten-king\/","name":"Shattered - Tale of the Forgotten King - Prismagamers.com","isPartOf":{"@id":"https:\/\/prismagamers.com\/hu\/#website"},"primaryImageOfPage":{"@id":"https:\/\/prismagamers.com\/hu\/produkt\/shattered-tale-of-the-forgotten-king\/#primaryimage"},"image":{"@id":"https:\/\/prismagamers.com\/hu\/produkt\/shattered-tale-of-the-forgotten-king\/#primaryimage"},"thumbnailUrl":"https:\/\/prismagamers.com\/wp-content\/uploads\/2023\/09\/library600x900.png","datePublished":"2023-09-14T20:29:02+00:00","description":"A r\u00e9gi vil\u00e1g a kir\u00e1ly elt\u0171n\u00e9s\u00e9vel elt\u0171nt. Alak\u00edtsd \u00e1t a val\u00f3s\u00e1got ebben a s\u00f6t\u00e9t akci\u00f3-RPG-ben \u00fcgyess\u00e9gi alap\u00fa harcok, innovat\u00edv ny\u00edlt vil\u00e1g\u00fa platformj\u00e1t\u00e9kok \u00e9s t\u00fal\u00e9l\u0151-tan\u00fas\u00e1gt\u00e9tel.... seg\u00edts\u00e9g\u00e9vel. Egyesek megb\u00edzhat\u00f3bbak, mint m\u00e1sok. K\u00e9szen \u00e1llsz, V\u00e1ndor? \ud83c\udf0d Glob\u00e1lis \u2699\ufe0f Steam \ud83d\udddd Digit\u00e1lis kulcs","breadcrumb":{"@id":"https:\/\/prismagamers.com\/hu\/produkt\/shattered-tale-of-the-forgotten-king\/#breadcrumb"},"inLanguage":"hu","potentialAction":[{"@type":"ReadAction","target":["https:\/\/prismagamers.com\/hu\/produkt\/shattered-tale-of-the-forgotten-king\/"]}]},{"@type":"ImageObject","inLanguage":"hu","@id":"https:\/\/prismagamers.com\/hu\/produkt\/shattered-tale-of-the-forgotten-king\/#primaryimage","url":"https:\/\/prismagamers.com\/wp-content\/uploads\/2023\/09\/library600x900.png","contentUrl":"https:\/\/prismagamers.com\/wp-content\/uploads\/2023\/09\/library600x900.png","width":600,"height":900},{"@type":"BreadcrumbList","@id":"https:\/\/prismagamers.com\/hu\/produkt\/shattered-tale-of-the-forgotten-king\/#breadcrumb","itemListElement":[{"@type":"ListItem","position":1,"name":"Strona g\u0142\u00f3wna","item":"https:\/\/prismagamers.com\/hu\/prismagamers\/"},{"@type":"ListItem","position":2,"name":"Shop","item":"https:\/\/prismagamers.com\/hu\/shop\/"},{"@type":"ListItem","position":3,"name":"Shattered &#8211; Tale of the Forgotten King"}]},{"@type":"WebSite","@id":"https:\/\/prismagamers.com\/hu\/#website","url":"https:\/\/prismagamers.com\/hu\/","name":"Prismagamers","description":"Sklep z grami PC I Sklep klucze Steam","publisher":{"@id":"https:\/\/prismagamers.com\/hu\/#organization"},"potentialAction":[{"@type":"SearchAction","target":{"@type":"EntryPoint","urlTemplate":"https:\/\/prismagamers.com\/hu\/?s={search_term_string}"},"query-input":{"@type":"PropertyValueSpecification","valueRequired":true,"valueName":"search_term_string"}}],"inLanguage":"hu"},{"@type":"Organization","@id":"https:\/\/prismagamers.com\/hu\/#organization","name":"Prismagamers","url":"https:\/\/prismagamers.com\/hu\/","logo":{"@type":"ImageObject","inLanguage":"hu","@id":"https:\/\/prismagamers.com\/hu\/#\/schema\/logo\/image\/","url":"https:\/\/prismagamers.com\/wp-content\/uploads\/2022\/04\/cropped-logo-Prismagamers-01-scaled-1.jpg","contentUrl":"https:\/\/prismagamers.com\/wp-content\/uploads\/2022\/04\/cropped-logo-Prismagamers-01-scaled-1.jpg","width":512,"height":512,"caption":"Prismagamers"},"image":{"@id":"https:\/\/prismagamers.com\/hu\/#\/schema\/logo\/image\/"},"sameAs":["https:\/\/www.facebook.com\/prismagamers","https:\/\/www.instagram.com\/prismagamers_grycyfrowe\/"],"description":"Prismagamers.com to dynamiczny sklep z grami cyfrowymi, stworzony z my\u015bl\u0105 o entuzjastach gier wideo. Nasza strona oferuje szerok\u0105 gam\u0119 gier komputerowych, w tym najnowsze tytu\u0142y, dobrze znane klasyki oraz gry stworzone przez niezale\u017cne studia Ca\u0142y czas d\u0105\u017cymy do rozszerzenia naszej oferty. Do\u0142\u0105cz do nas i sta\u0144 si\u0119 cz\u0119\u015bci\u0105 naszej rosn\u0105cej spo\u0142eczno\u015bci graczy!","email":"shop@prismagamers.com","telephone":"48795541705","legalName":"East Caravan Maksym \u017bukow","foundingDate":"2012-05-10","vatID":"PL8943038612","taxID":"PL8943038612","numberOfEmployees":{"@type":"QuantitativeValue","minValue":"11","maxValue":"50"}}]}},"_links":{"self":[{"href":"https:\/\/prismagamers.com\/hu\/wp-json\/wp\/v2\/product\/42375","targetHints":{"allow":["GET"]}}],"collection":[{"href":"https:\/\/prismagamers.com\/hu\/wp-json\/wp\/v2\/product"}],"about":[{"href":"https:\/\/prismagamers.com\/hu\/wp-json\/wp\/v2\/types\/product"}],"wp:featuredmedia":[{"embeddable":true,"href":"https:\/\/prismagamers.com\/hu\/wp-json\/wp\/v2\/media\/25942"}],"wp:attachment":[{"href":"https:\/\/prismagamers.com\/hu\/wp-json\/wp\/v2\/media?parent=42375"}],"wp:term":[{"taxonomy":"product_brand","embeddable":true,"href":"https:\/\/prismagamers.com\/hu\/wp-json\/wp\/v2\/product_brand?post=42375"},{"taxonomy":"product_cat","embeddable":true,"href":"https:\/\/prismagamers.com\/hu\/wp-json\/wp\/v2\/product_cat?post=42375"},{"taxonomy":"product_tag","embeddable":true,"href":"https:\/\/prismagamers.com\/hu\/wp-json\/wp\/v2\/product_tag?post=42375"}],"curies":[{"name":"wp","href":"https:\/\/api.w.org\/{rel}","templated":true}]}}