{"id":42388,"date":"2023-09-13T00:22:03","date_gmt":"2023-09-12T22:22:03","guid":{"rendered":"https:\/\/prismagamers.com\/produkt\/assemble-with-care\/"},"modified":"2023-09-13T00:22:03","modified_gmt":"2023-09-12T22:22:03","slug":"assemble-with-care","status":"publish","type":"product","link":"https:\/\/prismagamers.com\/hu\/produkt\/assemble-with-care\/","title":{"rendered":"Assemble with Care"},"content":{"rendered":"<p>Amikor Maria, a vil\u00e1gutaz\u00f3 \u00e9s r\u00e9gis\u00e9grestaur\u00e1tor meg\u00e9rkezik a naps\u00fct\u00f6tte Bellariva v\u00e1ros\u00e1ba, nem is sejti, mennyire romos. Semmi m\u00e1st nem akar, mint seg\u00edteni a v\u00e1roslak\u00f3knak megmenteni a legbecsesebb vagyont\u00e1rgyaikat, de amikor a mag\u00e1n\u00e9let\u00fck kezd megingani, neki kell megtal\u00e1lnia a m\u00f3dj\u00e1t, hogy \u00f6sszetartsa \u0151ket, egy-egy tartal\u00e9k csavarh\u00faz\u00f3val.<br \/>\n<img decoding=\"async\" src=\"https:\/\/cdn.akamai.steamstatic.com\/steam\/apps\/1202900\/extras\/ezgif.com-gif-maker__5_.gif?t=1692002567\"><\/p>\n<div class=\"group w-full text-token-text-primary border-b border-black\/10 dark:border-gray-900\/50 bg-gray-50 dark:bg-[#444654]\" data-testid=\"conversation-turn-55\">\n<div class=\"p-4 justify-center text-base md:gap-6 md:py-6 m-auto\">\n<div class=\"flex flex-1 gap-4 text-base mx-auto md:gap-6 md:max-w-2xl lg:max-w-[38rem] xl:max-w-3xl }\">\n<div class=\"relative flex w-[calc(100%-50px)] flex-col gap-1 md:gap-3 lg:w-[calc(100%-115px)]\">\n<div class=\"flex flex-grow flex-col gap-3 max-w-full\">\n<div class=\"min-h-[20px] flex flex-col items-start gap-3 overflow-x-auto whitespace-pre-wrap break-words\">\n<div class=\"markdown prose w-full break-words dark:prose-invert light\">\n<h6>Tal\u00e1ld ki a M\u00e1ri\u00e1nak hozott t\u00e1rgyak m\u0171k\u00f6d\u00e9s\u00e9t, \u00e9s tal\u00e1ld meg a jav\u00edt\u00e1suk m\u00f3dj\u00e1t.<\/h6>\n<\/div>\n<\/div>\n<\/div>\n<\/div>\n<\/div>\n<\/div>\n<\/div>\n<h6><strong>.<\/strong><\/h6>\n<p><img decoding=\"async\" src=\"https:\/\/cdn.akamai.steamstatic.com\/steam\/apps\/1202900\/extras\/AWC_Watch.gif?t=1692002567\"><\/p>\n<p>Ismerje meg Bellariva lak\u00f3it. \u00c9rtse meg furcsa saj\u00e1toss\u00e1gaikat, \u00e9s seg\u00edtsen nekik \u00fajrakapcsol\u00f3dni.<br \/>\n<img decoding=\"async\" src=\"https:\/\/cdn.akamai.steamstatic.com\/steam\/apps\/1202900\/extras\/Story.gif?t=1692002567\"><\/p>\n<p>Fedezze fel \u00fajra a kor\u00e1bbi \u00e9vtizedek jellegzetes darabjait az 1980-as \u00e9vek hangz\u00e1sa \u00e1ltal inspir\u00e1lt eredeti hangs\u00e1v k\u00eds\u00e9ret\u00e9ben.<br \/>\n<img decoding=\"async\" src=\"https:\/\/cdn.akamai.steamstatic.com\/steam\/apps\/1202900\/extras\/AWC_Logo.gif?t=1692002567\"><\/p>\n","protected":false},"excerpt":{"rendered":"<p>Jav\u00edtsd meg a r\u00e9gi t\u00e1rgyakat ebben a hangulatos kirak\u00f3s j\u00e1t\u00e9kban. Csatlakozz Mari\u00e1hoz, a r\u00e9gis\u00e9gek restaur\u00e1tor\u00e1hoz, aki a naps\u00fct\u00f6tte Bellariva v\u00e1ros\u00e1ba \u00e9rkezik, \u00e9s \u00fatnak indul, hogy seg\u00edtsen a lakosoknak \u00fajra kapcsolatba l\u00e9pni egym\u00e1ssal. <\/p>\n<p>\ud83c\udf0d Glob\u00e1lis<br \/>\n\u2699\ufe0f Steam<br \/>\n\ud83d\udddd Digit\u00e1lis kulcs<\/p>\n","protected":false},"featured_media":25893,"template":"","meta":{"_acf_changed":false,"site-sidebar-layout":"default","site-content-layout":"","ast-site-content-layout":"default","site-content-style":"default","site-sidebar-style":"default","ast-global-header-display":"","ast-banner-title-visibility":"","ast-main-header-display":"","ast-hfb-above-header-display":"","ast-hfb-below-header-display":"","ast-hfb-mobile-header-display":"","site-post-title":"","ast-breadcrumbs-content":"","ast-featured-img":"","footer-sml-layout":"","ast-disable-related-posts":"","theme-transparent-header-meta":"default","adv-header-id-meta":"","stick-header-meta":"","header-above-stick-meta":"","header-main-stick-meta":"","header-below-stick-meta":"","astra-migrate-meta-layouts":"default","ast-page-background-enabled":"default","ast-page-background-meta":{"desktop":{"background-color":"var(--ast-global-color-4)","background-image":"","background-repeat":"repeat","background-position":"center center","background-size":"auto","background-attachment":"scroll","background-type":"","background-media":"","overlay-type":"","overlay-color":"","overlay-opacity":"","overlay-gradient":""},"tablet":{"background-color":"","background-image":"","background-repeat":"repeat","background-position":"center center","background-size":"auto","background-attachment":"scroll","background-type":"","background-media":"","overlay-type":"","overlay-color":"","overlay-opacity":"","overlay-gradient":""},"mobile":{"background-color":"","background-image":"","background-repeat":"repeat","background-position":"center center","background-size":"auto","background-attachment":"scroll","background-type":"","background-media":"","overlay-type":"","overlay-color":"","overlay-opacity":"","overlay-gradient":""}},"ast-content-background-meta":{"desktop":{"background-color":"var(--ast-global-color-5)","background-image":"","background-repeat":"repeat","background-position":"center center","background-size":"auto","background-attachment":"scroll","background-type":"","background-media":"","overlay-type":"","overlay-color":"","overlay-opacity":"","overlay-gradient":""},"tablet":{"background-color":"var(--ast-global-color-5)","background-image":"","background-repeat":"repeat","background-position":"center center","background-size":"auto","background-attachment":"scroll","background-type":"","background-media":"","overlay-type":"","overlay-color":"","overlay-opacity":"","overlay-gradient":""},"mobile":{"background-color":"var(--ast-global-color-5)","background-image":"","background-repeat":"repeat","background-position":"center center","background-size":"auto","background-attachment":"scroll","background-type":"","background-media":"","overlay-type":"","overlay-color":"","overlay-opacity":"","overlay-gradient":""}}},"product_brand":[],"product_cat":[394,365,372,367],"product_tag":[],"class_list":{"0":"post-42388","1":"product","2":"type-product","3":"status-publish","4":"has-post-thumbnail","6":"product_cat-digitalis-jatekok","7":"product_cat-goz","8":"product_cat-jatekok-szimulatorok","9":"product_cat-pc-jatekok","10":"desktop-align-left","11":"tablet-align-left","12":"mobile-align-left","14":"first","15":"instock","16":"shipping-taxable","17":"purchasable","18":"product-type-simple"},"acf":[],"yoast_head":"<!-- This site is optimized with the Yoast SEO Premium plugin v27.4 (Yoast SEO v27.4) - https:\/\/yoast.com\/product\/yoast-seo-premium-wordpress\/ -->\n<title>Assemble with Care - Prismagamers.com<\/title>\n<meta name=\"description\" content=\"Jav\u00edtsd meg a r\u00e9gi t\u00e1rgyakat ebben a hangulatos kirak\u00f3s j\u00e1t\u00e9kban. Csatlakozz Mari\u00e1hoz, a r\u00e9gis\u00e9gek restaur\u00e1tor\u00e1hoz, aki a naps\u00fct\u00f6tte Bellariva v\u00e1ros\u00e1ba \u00e9rkezik, \u00e9s \u00fatnak indul, hogy seg\u00edtsen a lakosoknak \u00fajra kapcsolatba l\u00e9pni egym\u00e1ssal.  \ud83c\udf0d Glob\u00e1lis \u2699\ufe0f Steam \ud83d\udddd Digit\u00e1lis kulcs\" \/>\n<meta name=\"robots\" content=\"index, follow, max-snippet:-1, max-image-preview:large, max-video-preview:-1\" \/>\n<link rel=\"canonical\" href=\"https:\/\/prismagamers.com\/hu\/produkt\/assemble-with-care\/\" \/>\n<meta property=\"og:locale\" content=\"hu_HU\" \/>\n<meta property=\"og:type\" content=\"article\" \/>\n<meta property=\"og:title\" content=\"Assemble with Care\" \/>\n<meta property=\"og:description\" content=\"Jav\u00edtsd meg a r\u00e9gi t\u00e1rgyakat ebben a hangulatos kirak\u00f3s j\u00e1t\u00e9kban. Csatlakozz Mari\u00e1hoz, a r\u00e9gis\u00e9gek restaur\u00e1tor\u00e1hoz, aki a naps\u00fct\u00f6tte Bellariva v\u00e1ros\u00e1ba \u00e9rkezik, \u00e9s \u00fatnak indul, hogy seg\u00edtsen a lakosoknak \u00fajra kapcsolatba l\u00e9pni egym\u00e1ssal.  \ud83c\udf0d Glob\u00e1lis \u2699\ufe0f Steam \ud83d\udddd Digit\u00e1lis kulcs\" \/>\n<meta property=\"og:url\" content=\"https:\/\/prismagamers.com\/hu\/produkt\/assemble-with-care\/\" \/>\n<meta property=\"og:site_name\" content=\"Prismagamers.com\" \/>\n<meta property=\"article:publisher\" content=\"https:\/\/www.facebook.com\/prismagamers\" \/>\n<meta property=\"og:image\" content=\"https:\/\/prismagamers.com\/wp-content\/uploads\/2023\/09\/2020twitchboxart.png\" \/>\n\t<meta property=\"og:image:width\" content=\"600\" \/>\n\t<meta property=\"og:image:height\" content=\"800\" \/>\n\t<meta property=\"og:image:type\" content=\"image\/png\" \/>\n<meta name=\"twitter:card\" content=\"summary_large_image\" \/>\n<meta name=\"twitter:label1\" content=\"Becs\u00fclt olvas\u00e1si id\u0151\" \/>\n\t<meta name=\"twitter:data1\" content=\"1 perc\" \/>\n<script type=\"application\/ld+json\" class=\"yoast-schema-graph\">{\"@context\":\"https:\\\/\\\/schema.org\",\"@graph\":[{\"@type\":\"WebPage\",\"@id\":\"https:\\\/\\\/prismagamers.com\\\/hu\\\/produkt\\\/assemble-with-care\\\/\",\"url\":\"https:\\\/\\\/prismagamers.com\\\/hu\\\/produkt\\\/assemble-with-care\\\/\",\"name\":\"Assemble with Care - Prismagamers.com\",\"isPartOf\":{\"@id\":\"https:\\\/\\\/prismagamers.com\\\/hu\\\/#website\"},\"primaryImageOfPage\":{\"@id\":\"https:\\\/\\\/prismagamers.com\\\/hu\\\/produkt\\\/assemble-with-care\\\/#primaryimage\"},\"image\":{\"@id\":\"https:\\\/\\\/prismagamers.com\\\/hu\\\/produkt\\\/assemble-with-care\\\/#primaryimage\"},\"thumbnailUrl\":\"https:\\\/\\\/prismagamers.com\\\/wp-content\\\/uploads\\\/2023\\\/09\\\/2020twitchboxart.png\",\"datePublished\":\"2023-09-12T22:22:03+00:00\",\"description\":\"Jav\u00edtsd meg a r\u00e9gi t\u00e1rgyakat ebben a hangulatos kirak\u00f3s j\u00e1t\u00e9kban. Csatlakozz Mari\u00e1hoz, a r\u00e9gis\u00e9gek restaur\u00e1tor\u00e1hoz, aki a naps\u00fct\u00f6tte Bellariva v\u00e1ros\u00e1ba \u00e9rkezik, \u00e9s \u00fatnak indul, hogy seg\u00edtsen a lakosoknak \u00fajra kapcsolatba l\u00e9pni egym\u00e1ssal. \ud83c\udf0d Glob\u00e1lis \u2699\ufe0f Steam \ud83d\udddd Digit\u00e1lis kulcs\",\"breadcrumb\":{\"@id\":\"https:\\\/\\\/prismagamers.com\\\/hu\\\/produkt\\\/assemble-with-care\\\/#breadcrumb\"},\"inLanguage\":\"hu\",\"potentialAction\":[{\"@type\":\"ReadAction\",\"target\":[\"https:\\\/\\\/prismagamers.com\\\/hu\\\/produkt\\\/assemble-with-care\\\/\"]}]},{\"@type\":\"ImageObject\",\"inLanguage\":\"hu\",\"@id\":\"https:\\\/\\\/prismagamers.com\\\/hu\\\/produkt\\\/assemble-with-care\\\/#primaryimage\",\"url\":\"https:\\\/\\\/prismagamers.com\\\/wp-content\\\/uploads\\\/2023\\\/09\\\/2020twitchboxart.png\",\"contentUrl\":\"https:\\\/\\\/prismagamers.com\\\/wp-content\\\/uploads\\\/2023\\\/09\\\/2020twitchboxart.png\",\"width\":600,\"height\":800},{\"@type\":\"BreadcrumbList\",\"@id\":\"https:\\\/\\\/prismagamers.com\\\/hu\\\/produkt\\\/assemble-with-care\\\/#breadcrumb\",\"itemListElement\":[{\"@type\":\"ListItem\",\"position\":1,\"name\":\"Strona g\u0142\u00f3wna\",\"item\":\"https:\\\/\\\/prismagamers.com\\\/hu\\\/prismagamers\\\/\"},{\"@type\":\"ListItem\",\"position\":2,\"name\":\"Shop\",\"item\":\"https:\\\/\\\/prismagamers.com\\\/hu\\\/shop\\\/\"},{\"@type\":\"ListItem\",\"position\":3,\"name\":\"Assemble with Care\"}]},{\"@type\":\"WebSite\",\"@id\":\"https:\\\/\\\/prismagamers.com\\\/hu\\\/#website\",\"url\":\"https:\\\/\\\/prismagamers.com\\\/hu\\\/\",\"name\":\"Prismagamers\",\"description\":\"Sklep z grami PC I Sklep klucze Steam\",\"publisher\":{\"@id\":\"https:\\\/\\\/prismagamers.com\\\/hu\\\/#organization\"},\"potentialAction\":[{\"@type\":\"SearchAction\",\"target\":{\"@type\":\"EntryPoint\",\"urlTemplate\":\"https:\\\/\\\/prismagamers.com\\\/hu\\\/?s={search_term_string}\"},\"query-input\":{\"@type\":\"PropertyValueSpecification\",\"valueRequired\":true,\"valueName\":\"search_term_string\"}}],\"inLanguage\":\"hu\"},{\"@type\":\"Organization\",\"@id\":\"https:\\\/\\\/prismagamers.com\\\/hu\\\/#organization\",\"name\":\"Prismagamers\",\"url\":\"https:\\\/\\\/prismagamers.com\\\/hu\\\/\",\"logo\":{\"@type\":\"ImageObject\",\"inLanguage\":\"hu\",\"@id\":\"https:\\\/\\\/prismagamers.com\\\/hu\\\/#\\\/schema\\\/logo\\\/image\\\/\",\"url\":\"https:\\\/\\\/prismagamers.com\\\/wp-content\\\/uploads\\\/2022\\\/04\\\/cropped-logo-Prismagamers-01-scaled-1.jpg\",\"contentUrl\":\"https:\\\/\\\/prismagamers.com\\\/wp-content\\\/uploads\\\/2022\\\/04\\\/cropped-logo-Prismagamers-01-scaled-1.jpg\",\"width\":512,\"height\":512,\"caption\":\"Prismagamers\"},\"image\":{\"@id\":\"https:\\\/\\\/prismagamers.com\\\/hu\\\/#\\\/schema\\\/logo\\\/image\\\/\"},\"sameAs\":[\"https:\\\/\\\/www.facebook.com\\\/prismagamers\",\"https:\\\/\\\/www.instagram.com\\\/prismagamers_grycyfrowe\\\/\"],\"description\":\"Prismagamers.com to dynamiczny sklep z grami cyfrowymi, stworzony z my\u015bl\u0105 o entuzjastach gier wideo. Nasza strona oferuje szerok\u0105 gam\u0119 gier komputerowych, w tym najnowsze tytu\u0142y, dobrze znane klasyki oraz gry stworzone przez niezale\u017cne studia Ca\u0142y czas d\u0105\u017cymy do rozszerzenia naszej oferty. Do\u0142\u0105cz do nas i sta\u0144 si\u0119 cz\u0119\u015bci\u0105 naszej rosn\u0105cej spo\u0142eczno\u015bci graczy!\",\"email\":\"shop@prismagamers.com\",\"telephone\":\"48795541705\",\"legalName\":\"East Caravan Maksym \u017bukow\",\"foundingDate\":\"2012-05-10\",\"vatID\":\"PL8943038612\",\"taxID\":\"PL8943038612\",\"numberOfEmployees\":{\"@type\":\"QuantitativeValue\",\"minValue\":\"11\",\"maxValue\":\"50\"}}]}<\/script>\n<!-- \/ Yoast SEO Premium plugin. -->","yoast_head_json":{"title":"Assemble with Care - Prismagamers.com","description":"Jav\u00edtsd meg a r\u00e9gi t\u00e1rgyakat ebben a hangulatos kirak\u00f3s j\u00e1t\u00e9kban. Csatlakozz Mari\u00e1hoz, a r\u00e9gis\u00e9gek restaur\u00e1tor\u00e1hoz, aki a naps\u00fct\u00f6tte Bellariva v\u00e1ros\u00e1ba \u00e9rkezik, \u00e9s \u00fatnak indul, hogy seg\u00edtsen a lakosoknak \u00fajra kapcsolatba l\u00e9pni egym\u00e1ssal.  \ud83c\udf0d Glob\u00e1lis \u2699\ufe0f Steam \ud83d\udddd Digit\u00e1lis kulcs","robots":{"index":"index","follow":"follow","max-snippet":"max-snippet:-1","max-image-preview":"max-image-preview:large","max-video-preview":"max-video-preview:-1"},"canonical":"https:\/\/prismagamers.com\/hu\/produkt\/assemble-with-care\/","og_locale":"hu_HU","og_type":"article","og_title":"Assemble with Care","og_description":"Jav\u00edtsd meg a r\u00e9gi t\u00e1rgyakat ebben a hangulatos kirak\u00f3s j\u00e1t\u00e9kban. Csatlakozz Mari\u00e1hoz, a r\u00e9gis\u00e9gek restaur\u00e1tor\u00e1hoz, aki a naps\u00fct\u00f6tte Bellariva v\u00e1ros\u00e1ba \u00e9rkezik, \u00e9s \u00fatnak indul, hogy seg\u00edtsen a lakosoknak \u00fajra kapcsolatba l\u00e9pni egym\u00e1ssal.  \ud83c\udf0d Glob\u00e1lis \u2699\ufe0f Steam \ud83d\udddd Digit\u00e1lis kulcs","og_url":"https:\/\/prismagamers.com\/hu\/produkt\/assemble-with-care\/","og_site_name":"Prismagamers.com","article_publisher":"https:\/\/www.facebook.com\/prismagamers","og_image":[{"width":600,"height":800,"url":"https:\/\/prismagamers.com\/wp-content\/uploads\/2023\/09\/2020twitchboxart.png","type":"image\/png"}],"twitter_card":"summary_large_image","twitter_misc":{"Becs\u00fclt olvas\u00e1si id\u0151":"1 perc"},"schema":{"@context":"https:\/\/schema.org","@graph":[{"@type":"WebPage","@id":"https:\/\/prismagamers.com\/hu\/produkt\/assemble-with-care\/","url":"https:\/\/prismagamers.com\/hu\/produkt\/assemble-with-care\/","name":"Assemble with Care - Prismagamers.com","isPartOf":{"@id":"https:\/\/prismagamers.com\/hu\/#website"},"primaryImageOfPage":{"@id":"https:\/\/prismagamers.com\/hu\/produkt\/assemble-with-care\/#primaryimage"},"image":{"@id":"https:\/\/prismagamers.com\/hu\/produkt\/assemble-with-care\/#primaryimage"},"thumbnailUrl":"https:\/\/prismagamers.com\/wp-content\/uploads\/2023\/09\/2020twitchboxart.png","datePublished":"2023-09-12T22:22:03+00:00","description":"Jav\u00edtsd meg a r\u00e9gi t\u00e1rgyakat ebben a hangulatos kirak\u00f3s j\u00e1t\u00e9kban. Csatlakozz Mari\u00e1hoz, a r\u00e9gis\u00e9gek restaur\u00e1tor\u00e1hoz, aki a naps\u00fct\u00f6tte Bellariva v\u00e1ros\u00e1ba \u00e9rkezik, \u00e9s \u00fatnak indul, hogy seg\u00edtsen a lakosoknak \u00fajra kapcsolatba l\u00e9pni egym\u00e1ssal. \ud83c\udf0d Glob\u00e1lis \u2699\ufe0f Steam \ud83d\udddd Digit\u00e1lis kulcs","breadcrumb":{"@id":"https:\/\/prismagamers.com\/hu\/produkt\/assemble-with-care\/#breadcrumb"},"inLanguage":"hu","potentialAction":[{"@type":"ReadAction","target":["https:\/\/prismagamers.com\/hu\/produkt\/assemble-with-care\/"]}]},{"@type":"ImageObject","inLanguage":"hu","@id":"https:\/\/prismagamers.com\/hu\/produkt\/assemble-with-care\/#primaryimage","url":"https:\/\/prismagamers.com\/wp-content\/uploads\/2023\/09\/2020twitchboxart.png","contentUrl":"https:\/\/prismagamers.com\/wp-content\/uploads\/2023\/09\/2020twitchboxart.png","width":600,"height":800},{"@type":"BreadcrumbList","@id":"https:\/\/prismagamers.com\/hu\/produkt\/assemble-with-care\/#breadcrumb","itemListElement":[{"@type":"ListItem","position":1,"name":"Strona g\u0142\u00f3wna","item":"https:\/\/prismagamers.com\/hu\/prismagamers\/"},{"@type":"ListItem","position":2,"name":"Shop","item":"https:\/\/prismagamers.com\/hu\/shop\/"},{"@type":"ListItem","position":3,"name":"Assemble with Care"}]},{"@type":"WebSite","@id":"https:\/\/prismagamers.com\/hu\/#website","url":"https:\/\/prismagamers.com\/hu\/","name":"Prismagamers","description":"Sklep z grami PC I Sklep klucze Steam","publisher":{"@id":"https:\/\/prismagamers.com\/hu\/#organization"},"potentialAction":[{"@type":"SearchAction","target":{"@type":"EntryPoint","urlTemplate":"https:\/\/prismagamers.com\/hu\/?s={search_term_string}"},"query-input":{"@type":"PropertyValueSpecification","valueRequired":true,"valueName":"search_term_string"}}],"inLanguage":"hu"},{"@type":"Organization","@id":"https:\/\/prismagamers.com\/hu\/#organization","name":"Prismagamers","url":"https:\/\/prismagamers.com\/hu\/","logo":{"@type":"ImageObject","inLanguage":"hu","@id":"https:\/\/prismagamers.com\/hu\/#\/schema\/logo\/image\/","url":"https:\/\/prismagamers.com\/wp-content\/uploads\/2022\/04\/cropped-logo-Prismagamers-01-scaled-1.jpg","contentUrl":"https:\/\/prismagamers.com\/wp-content\/uploads\/2022\/04\/cropped-logo-Prismagamers-01-scaled-1.jpg","width":512,"height":512,"caption":"Prismagamers"},"image":{"@id":"https:\/\/prismagamers.com\/hu\/#\/schema\/logo\/image\/"},"sameAs":["https:\/\/www.facebook.com\/prismagamers","https:\/\/www.instagram.com\/prismagamers_grycyfrowe\/"],"description":"Prismagamers.com to dynamiczny sklep z grami cyfrowymi, stworzony z my\u015bl\u0105 o entuzjastach gier wideo. Nasza strona oferuje szerok\u0105 gam\u0119 gier komputerowych, w tym najnowsze tytu\u0142y, dobrze znane klasyki oraz gry stworzone przez niezale\u017cne studia Ca\u0142y czas d\u0105\u017cymy do rozszerzenia naszej oferty. Do\u0142\u0105cz do nas i sta\u0144 si\u0119 cz\u0119\u015bci\u0105 naszej rosn\u0105cej spo\u0142eczno\u015bci graczy!","email":"shop@prismagamers.com","telephone":"48795541705","legalName":"East Caravan Maksym \u017bukow","foundingDate":"2012-05-10","vatID":"PL8943038612","taxID":"PL8943038612","numberOfEmployees":{"@type":"QuantitativeValue","minValue":"11","maxValue":"50"}}]}},"_links":{"self":[{"href":"https:\/\/prismagamers.com\/hu\/wp-json\/wp\/v2\/product\/42388","targetHints":{"allow":["GET"]}}],"collection":[{"href":"https:\/\/prismagamers.com\/hu\/wp-json\/wp\/v2\/product"}],"about":[{"href":"https:\/\/prismagamers.com\/hu\/wp-json\/wp\/v2\/types\/product"}],"wp:featuredmedia":[{"embeddable":true,"href":"https:\/\/prismagamers.com\/hu\/wp-json\/wp\/v2\/media\/25893"}],"wp:attachment":[{"href":"https:\/\/prismagamers.com\/hu\/wp-json\/wp\/v2\/media?parent=42388"}],"wp:term":[{"taxonomy":"product_brand","embeddable":true,"href":"https:\/\/prismagamers.com\/hu\/wp-json\/wp\/v2\/product_brand?post=42388"},{"taxonomy":"product_cat","embeddable":true,"href":"https:\/\/prismagamers.com\/hu\/wp-json\/wp\/v2\/product_cat?post=42388"},{"taxonomy":"product_tag","embeddable":true,"href":"https:\/\/prismagamers.com\/hu\/wp-json\/wp\/v2\/product_tag?post=42388"}],"curies":[{"name":"wp","href":"https:\/\/api.w.org\/{rel}","templated":true}]}}