{"id":42390,"date":"2023-08-15T00:20:11","date_gmt":"2023-08-14T22:20:11","guid":{"rendered":"https:\/\/prismagamers.com\/produkt\/overwhelmed\/"},"modified":"2023-08-15T00:20:11","modified_gmt":"2023-08-14T22:20:11","slug":"overwhelmed","status":"publish","type":"product","link":"https:\/\/prismagamers.com\/hu\/produkt\/overwhelmed\/","title":{"rendered":"OVERWHELMED"},"content":{"rendered":"<p>Az OVERWHELMED egy dinamikus Twin Stick shooter, amely minimalista \u00e9s neoniz\u00e1l\u00f3 atmoszf\u00e9r\u00e1ba helyezi a j\u00e1t\u00e9kosokat.<\/p>\n<p><img decoding=\"async\" class=\"aligncenter\" src=\"https:\/\/cdn.cloudflare.steamstatic.com\/steam\/apps\/2407200\/extras\/Steam_Gif_2.gif?t=1690913026\"><\/p>\n<p>Saj\u00e1t\u00edtsd el az \u0171rhaj\u00f3d ir\u00e1ny\u00edt\u00e1s\u00e1t, \u00e9s n\u00e9zz szembe az ellens\u00e9g hull\u00e1maival a kis dr\u00f3nokt\u00f3l a fenyeget\u0151 f\u0151n\u00f6k\u00f6kig, haszn\u00e1ld a l\u00f6v\u00e9si \u00e9s kit\u00e9r\u00e9si k\u00e9pess\u00e9geket, hogy elker\u00fcld az ellens\u00e9ges t\u00fczet.<\/p>\n<p>Ahogy haladsz el\u0151re, jutalmakat kapsz, amelyekkel fejlesztheted az \u0171rhaj\u00f3d funkci\u00f3it, \u00e9s \u00faj karaktereket v\u00e1s\u00e1rolhatsz, hogy szemben\u00e9zhess a 6 f\u00e9lelmetes f\u0151n\u00f6kkel, akik az utadba \u00e1llnak.<\/p>\n<p><img decoding=\"async\" class=\"aligncenter\" src=\"https:\/\/cdn.cloudflare.steamstatic.com\/steam\/apps\/2407200\/extras\/Steam_Gif_3.gif?t=1690913026\"><\/p>\n<p>Az OVERWHELMED egy k\u00fcl\u00f6nleges funkci\u00f3t is bevezet: &#8222;T\u00falmeleged\u00e9s&#8221;.<\/p>\n<p>A kijelz\u0151 a felv\u00e9telk\u00e9sz\u00edt\u00e9s sor\u00e1n addig t\u00f6lt\u0151dik, am\u00edg el nem \u00e9ri a 100%-ot.<\/p>\n<p>Ekkor m\u00e1r nem tudsz l\u0151ni, de aktiv\u00e1lod az \u0171rhaj\u00f3d k\u00fcl\u00f6nleges k\u00e9pess\u00e9g\u00e9t, amellyel korl\u00e1tozott ideig k\u00f6nnyed\u00e9n legy\u0151zheted az ellens\u00e9ges hull\u00e1mokat.<\/p>\n<p>Haszn\u00e1ld b\u00f6lcsen ezt a k\u00e9pess\u00e9get, hogy legy\u0151zz minden akad\u00e1lyt!<\/p>\n<p><img decoding=\"async\" class=\"aligncenter\" src=\"https:\/\/cdn.cloudflare.steamstatic.com\/steam\/apps\/2407200\/extras\/Steam_Gif_4.gif?t=1690913026\"><\/p>\n<p>Az OVERWHELMED 6 j\u00e1tszhat\u00f3 karaktert k\u00edn\u00e1l, saj\u00e1t &#8222;Overheating&#8221; k\u00e9pess\u00e9gekkel, zen\u00e9vel \u00e9s fegyverekkel. Fedezd fel az egyes karakterek egyedi j\u00e1t\u00e9kst\u00edlus\u00e1t, \u00e9s v\u00e1laszd ki azt, amelyik a legjobban illik a j\u00e1t\u00e9kst\u00edlusodhoz! K\u00fcl\u00f6nb\u00f6z\u0151 fegyverek \u00e1llnak majd rendelkez\u00e9sedre, hogy legy\u0151zd ellens\u00e9geidet!  <\/p>\n<p><img decoding=\"async\" class=\"aligncenter\" src=\"https:\/\/cdn.cloudflare.steamstatic.com\/steam\/apps\/2407200\/extras\/Steam_Gif_5.gif?t=1690913026\"><\/p>\n<p>A gyors temp\u00f3j\u00fa j\u00e1t\u00e9kmenet, a f\u00fclbem\u00e1sz\u00f3 zene \u00e9s az addikt\u00edv neon hangulat\u00fa OVERWHELMED olyan addikt\u00edv \u00e9s kih\u00edv\u00e1st jelent\u0151 \u00e9lm\u00e9nyt ny\u00fajt, amelyet nem fogsz egyhamar elfelejteni. K\u00e9sz\u00fclj fel az el\u0151tted \u00e1ll\u00f3 kih\u00edv\u00e1sokra, \u00e9s v\u00e1lj az OVERWHELMED j\u00e1t\u00e9k mester\u00e9v\u00e9! <\/p>\n<h2 class=\"bb_tag\">F\u0151bb jellemz\u0151k:<\/h2>\n<ul class=\"bb_ul\">\n<li>T\u00falmeleged\u00e9s: A l\u00f6v\u00e9s n\u00f6veli a t\u00falmeleged\u00e9si \u00e9rt\u00e9ket. Amikor el\u00e9ri a 100%-ot, aktiv\u00e1l egy k\u00e9pess\u00e9get, amely \u00e9rintkez\u00e9skor sebz\u00e9st okoz az ellens\u00e9gnek, de kikapcsolja a j\u00e1t\u00e9kos l\u00f6v\u00e9si k\u00e9pess\u00e9g\u00e9t. <\/li>\n<li>Minimalista neon eszt\u00e9tika.<\/li>\n<li>T\u00f6bb mint 10 feloldhat\u00f3 k\u00e9pess\u00e9g.<\/li>\n<li>5 kih\u00edv\u00e1st jelent\u0151 f\u0151n\u00f6k.<\/li>\n<li>6 \u0171rhaj\u00f3 saj\u00e1t j\u00e1t\u00e9kst\u00edlussal.<\/li>\n<\/ul>\n","protected":false},"excerpt":{"rendered":"<p>L\u00e9pj be az OVERWHELMED j\u00e1t\u00e9k leny\u0171g\u00f6z\u0151 neon vil\u00e1g\u00e1ba! N\u00e9zz szembe az ellens\u00e9g hull\u00e1maival, haszn\u00e1ld l\u00f6v\u0151- \u00e9s sz\u00far\u00f3 k\u00e9pess\u00e9geidet, hogy kit\u00e9rj a t\u0171z el\u0151l. Aktiv\u00e1ld a k\u00fcl\u00f6nleges &#8222;Overheat&#8221; k\u00e9pess\u00e9get, hogy sokkal hat\u00e9konyabban k\u00fczdhess az ellens\u00e9ggel. Nyisd fel az egyedi k\u00e9pess\u00e9gekkel \u00e9s k\u00fcl\u00f6nf\u00e9le fegyverekkel rendelkez\u0151 karaktereket, mik\u00f6zben \u00faj j\u00e1t\u00e9km\u00f3dokat fedezel fel.   <\/p>\n","protected":false},"featured_media":25831,"template":"","meta":{"_acf_changed":false,"site-sidebar-layout":"default","site-content-layout":"","ast-site-content-layout":"default","site-content-style":"default","site-sidebar-style":"default","ast-global-header-display":"","ast-banner-title-visibility":"","ast-main-header-display":"","ast-hfb-above-header-display":"","ast-hfb-below-header-display":"","ast-hfb-mobile-header-display":"","site-post-title":"","ast-breadcrumbs-content":"","ast-featured-img":"","footer-sml-layout":"","ast-disable-related-posts":"","theme-transparent-header-meta":"default","adv-header-id-meta":"","stick-header-meta":"","header-above-stick-meta":"","header-main-stick-meta":"","header-below-stick-meta":"","astra-migrate-meta-layouts":"default","ast-page-background-enabled":"default","ast-page-background-meta":{"desktop":{"background-color":"var(--ast-global-color-4)","background-image":"","background-repeat":"repeat","background-position":"center center","background-size":"auto","background-attachment":"scroll","background-type":"","background-media":"","overlay-type":"","overlay-color":"","overlay-opacity":"","overlay-gradient":""},"tablet":{"background-color":"","background-image":"","background-repeat":"repeat","background-position":"center center","background-size":"auto","background-attachment":"scroll","background-type":"","background-media":"","overlay-type":"","overlay-color":"","overlay-opacity":"","overlay-gradient":""},"mobile":{"background-color":"","background-image":"","background-repeat":"repeat","background-position":"center center","background-size":"auto","background-attachment":"scroll","background-type":"","background-media":"","overlay-type":"","overlay-color":"","overlay-opacity":"","overlay-gradient":""}},"ast-content-background-meta":{"desktop":{"background-color":"var(--ast-global-color-5)","background-image":"","background-repeat":"repeat","background-position":"center center","background-size":"auto","background-attachment":"scroll","background-type":"","background-media":"","overlay-type":"","overlay-color":"","overlay-opacity":"","overlay-gradient":""},"tablet":{"background-color":"var(--ast-global-color-5)","background-image":"","background-repeat":"repeat","background-position":"center center","background-size":"auto","background-attachment":"scroll","background-type":"","background-media":"","overlay-type":"","overlay-color":"","overlay-opacity":"","overlay-gradient":""},"mobile":{"background-color":"var(--ast-global-color-5)","background-image":"","background-repeat":"repeat","background-position":"center center","background-size":"auto","background-attachment":"scroll","background-type":"","background-media":"","overlay-type":"","overlay-color":"","overlay-opacity":"","overlay-gradient":""}}},"product_brand":[],"product_cat":[371,394,365,367],"product_tag":[],"class_list":{"0":"post-42390","1":"product","2":"type-product","3":"status-publish","4":"has-post-thumbnail","6":"product_cat-akcio-jatekok","7":"product_cat-digitalis-jatekok","8":"product_cat-goz","9":"product_cat-pc-jatekok","10":"desktop-align-left","11":"tablet-align-left","12":"mobile-align-left","14":"first","15":"instock","16":"shipping-taxable","17":"purchasable","18":"product-type-simple"},"acf":[],"yoast_head":"<!-- This site is optimized with the Yoast SEO Premium plugin v27.4 (Yoast SEO v27.4) - https:\/\/yoast.com\/product\/yoast-seo-premium-wordpress\/ -->\n<title>OVERWHELMED - Prismagamers.com<\/title>\n<meta name=\"description\" content=\"L\u00e9pj be az OVERWHELMED j\u00e1t\u00e9k leny\u0171g\u00f6z\u0151 neon vil\u00e1g\u00e1ba! N\u00e9zz szembe az ellens\u00e9g hull\u00e1maival, haszn\u00e1ld l\u00f6v\u0151- \u00e9s sz\u00far\u00f3 k\u00e9pess\u00e9geidet, hogy kit\u00e9rj a t\u0171z el\u0151l. Aktiv\u00e1ld a k\u00fcl\u00f6nleges &quot;Overheat&quot; k\u00e9pess\u00e9get, hogy sokkal hat\u00e9konyabban k\u00fczdhess az ellens\u00e9ggel. Nyisd fel az egyedi k\u00e9pess\u00e9gekkel \u00e9s k\u00fcl\u00f6nf\u00e9le fegyverekkel rendelkez\u0151 karaktereket, mik\u00f6zben \u00faj j\u00e1t\u00e9km\u00f3dokat fedezel fel.\" \/>\n<meta name=\"robots\" content=\"index, follow, max-snippet:-1, max-image-preview:large, max-video-preview:-1\" \/>\n<link rel=\"canonical\" href=\"https:\/\/prismagamers.com\/hu\/produkt\/overwhelmed\/\" \/>\n<meta property=\"og:locale\" content=\"hu_HU\" \/>\n<meta property=\"og:type\" content=\"article\" \/>\n<meta property=\"og:title\" content=\"OVERWHELMED\" \/>\n<meta property=\"og:description\" content=\"L\u00e9pj be az OVERWHELMED j\u00e1t\u00e9k leny\u0171g\u00f6z\u0151 neon vil\u00e1g\u00e1ba! N\u00e9zz szembe az ellens\u00e9g hull\u00e1maival, haszn\u00e1ld l\u00f6v\u0151- \u00e9s sz\u00far\u00f3 k\u00e9pess\u00e9geidet, hogy kit\u00e9rj a t\u0171z el\u0151l. Aktiv\u00e1ld a k\u00fcl\u00f6nleges &quot;Overheat&quot; k\u00e9pess\u00e9get, hogy sokkal hat\u00e9konyabban k\u00fczdhess az ellens\u00e9ggel. Nyisd fel az egyedi k\u00e9pess\u00e9gekkel \u00e9s k\u00fcl\u00f6nf\u00e9le fegyverekkel rendelkez\u0151 karaktereket, mik\u00f6zben \u00faj j\u00e1t\u00e9km\u00f3dokat fedezel fel.\" \/>\n<meta property=\"og:url\" content=\"https:\/\/prismagamers.com\/hu\/produkt\/overwhelmed\/\" \/>\n<meta property=\"og:site_name\" content=\"Prismagamers.com\" \/>\n<meta property=\"article:publisher\" content=\"https:\/\/www.facebook.com\/prismagamers\" \/>\n<meta property=\"og:image\" content=\"https:\/\/prismagamers.com\/wp-content\/uploads\/2023\/08\/library_600x900_2x-5.jpg\" \/>\n\t<meta property=\"og:image:width\" content=\"600\" \/>\n\t<meta property=\"og:image:height\" content=\"900\" \/>\n\t<meta property=\"og:image:type\" content=\"image\/jpeg\" \/>\n<meta name=\"twitter:card\" content=\"summary_large_image\" \/>\n<meta name=\"twitter:label1\" content=\"Becs\u00fclt olvas\u00e1si id\u0151\" \/>\n\t<meta name=\"twitter:data1\" content=\"2 perc\" \/>\n<script type=\"application\/ld+json\" class=\"yoast-schema-graph\">{\"@context\":\"https:\\\/\\\/schema.org\",\"@graph\":[{\"@type\":\"WebPage\",\"@id\":\"https:\\\/\\\/prismagamers.com\\\/hu\\\/produkt\\\/overwhelmed\\\/\",\"url\":\"https:\\\/\\\/prismagamers.com\\\/hu\\\/produkt\\\/overwhelmed\\\/\",\"name\":\"OVERWHELMED - Prismagamers.com\",\"isPartOf\":{\"@id\":\"https:\\\/\\\/prismagamers.com\\\/hu\\\/#website\"},\"primaryImageOfPage\":{\"@id\":\"https:\\\/\\\/prismagamers.com\\\/hu\\\/produkt\\\/overwhelmed\\\/#primaryimage\"},\"image\":{\"@id\":\"https:\\\/\\\/prismagamers.com\\\/hu\\\/produkt\\\/overwhelmed\\\/#primaryimage\"},\"thumbnailUrl\":\"https:\\\/\\\/prismagamers.com\\\/wp-content\\\/uploads\\\/2023\\\/08\\\/library_600x900_2x-5.jpg\",\"datePublished\":\"2023-08-14T22:20:11+00:00\",\"description\":\"L\u00e9pj be az OVERWHELMED j\u00e1t\u00e9k leny\u0171g\u00f6z\u0151 neon vil\u00e1g\u00e1ba! N\u00e9zz szembe az ellens\u00e9g hull\u00e1maival, haszn\u00e1ld l\u00f6v\u0151- \u00e9s sz\u00far\u00f3 k\u00e9pess\u00e9geidet, hogy kit\u00e9rj a t\u0171z el\u0151l. Aktiv\u00e1ld a k\u00fcl\u00f6nleges \\\"Overheat\\\" k\u00e9pess\u00e9get, hogy sokkal hat\u00e9konyabban k\u00fczdhess az ellens\u00e9ggel. Nyisd fel az egyedi k\u00e9pess\u00e9gekkel \u00e9s k\u00fcl\u00f6nf\u00e9le fegyverekkel rendelkez\u0151 karaktereket, mik\u00f6zben \u00faj j\u00e1t\u00e9km\u00f3dokat fedezel fel.\",\"breadcrumb\":{\"@id\":\"https:\\\/\\\/prismagamers.com\\\/hu\\\/produkt\\\/overwhelmed\\\/#breadcrumb\"},\"inLanguage\":\"hu\",\"potentialAction\":[{\"@type\":\"ReadAction\",\"target\":[\"https:\\\/\\\/prismagamers.com\\\/hu\\\/produkt\\\/overwhelmed\\\/\"]}]},{\"@type\":\"ImageObject\",\"inLanguage\":\"hu\",\"@id\":\"https:\\\/\\\/prismagamers.com\\\/hu\\\/produkt\\\/overwhelmed\\\/#primaryimage\",\"url\":\"https:\\\/\\\/prismagamers.com\\\/wp-content\\\/uploads\\\/2023\\\/08\\\/library_600x900_2x-5.jpg\",\"contentUrl\":\"https:\\\/\\\/prismagamers.com\\\/wp-content\\\/uploads\\\/2023\\\/08\\\/library_600x900_2x-5.jpg\",\"width\":600,\"height\":900},{\"@type\":\"BreadcrumbList\",\"@id\":\"https:\\\/\\\/prismagamers.com\\\/hu\\\/produkt\\\/overwhelmed\\\/#breadcrumb\",\"itemListElement\":[{\"@type\":\"ListItem\",\"position\":1,\"name\":\"Strona g\u0142\u00f3wna\",\"item\":\"https:\\\/\\\/prismagamers.com\\\/hu\\\/prismagamers\\\/\"},{\"@type\":\"ListItem\",\"position\":2,\"name\":\"Shop\",\"item\":\"https:\\\/\\\/prismagamers.com\\\/hu\\\/shop\\\/\"},{\"@type\":\"ListItem\",\"position\":3,\"name\":\"OVERWHELMED\"}]},{\"@type\":\"WebSite\",\"@id\":\"https:\\\/\\\/prismagamers.com\\\/hu\\\/#website\",\"url\":\"https:\\\/\\\/prismagamers.com\\\/hu\\\/\",\"name\":\"Prismagamers\",\"description\":\"Sklep z grami PC I Sklep klucze Steam\",\"publisher\":{\"@id\":\"https:\\\/\\\/prismagamers.com\\\/hu\\\/#organization\"},\"potentialAction\":[{\"@type\":\"SearchAction\",\"target\":{\"@type\":\"EntryPoint\",\"urlTemplate\":\"https:\\\/\\\/prismagamers.com\\\/hu\\\/?s={search_term_string}\"},\"query-input\":{\"@type\":\"PropertyValueSpecification\",\"valueRequired\":true,\"valueName\":\"search_term_string\"}}],\"inLanguage\":\"hu\"},{\"@type\":\"Organization\",\"@id\":\"https:\\\/\\\/prismagamers.com\\\/hu\\\/#organization\",\"name\":\"Prismagamers\",\"url\":\"https:\\\/\\\/prismagamers.com\\\/hu\\\/\",\"logo\":{\"@type\":\"ImageObject\",\"inLanguage\":\"hu\",\"@id\":\"https:\\\/\\\/prismagamers.com\\\/hu\\\/#\\\/schema\\\/logo\\\/image\\\/\",\"url\":\"https:\\\/\\\/prismagamers.com\\\/wp-content\\\/uploads\\\/2022\\\/04\\\/cropped-logo-Prismagamers-01-scaled-1.jpg\",\"contentUrl\":\"https:\\\/\\\/prismagamers.com\\\/wp-content\\\/uploads\\\/2022\\\/04\\\/cropped-logo-Prismagamers-01-scaled-1.jpg\",\"width\":512,\"height\":512,\"caption\":\"Prismagamers\"},\"image\":{\"@id\":\"https:\\\/\\\/prismagamers.com\\\/hu\\\/#\\\/schema\\\/logo\\\/image\\\/\"},\"sameAs\":[\"https:\\\/\\\/www.facebook.com\\\/prismagamers\",\"https:\\\/\\\/www.instagram.com\\\/prismagamers_grycyfrowe\\\/\"],\"description\":\"Prismagamers.com to dynamiczny sklep z grami cyfrowymi, stworzony z my\u015bl\u0105 o entuzjastach gier wideo. Nasza strona oferuje szerok\u0105 gam\u0119 gier komputerowych, w tym najnowsze tytu\u0142y, dobrze znane klasyki oraz gry stworzone przez niezale\u017cne studia Ca\u0142y czas d\u0105\u017cymy do rozszerzenia naszej oferty. Do\u0142\u0105cz do nas i sta\u0144 si\u0119 cz\u0119\u015bci\u0105 naszej rosn\u0105cej spo\u0142eczno\u015bci graczy!\",\"email\":\"shop@prismagamers.com\",\"telephone\":\"48795541705\",\"legalName\":\"East Caravan Maksym \u017bukow\",\"foundingDate\":\"2012-05-10\",\"vatID\":\"PL8943038612\",\"taxID\":\"PL8943038612\",\"numberOfEmployees\":{\"@type\":\"QuantitativeValue\",\"minValue\":\"11\",\"maxValue\":\"50\"}}]}<\/script>\n<!-- \/ Yoast SEO Premium plugin. -->","yoast_head_json":{"title":"OVERWHELMED - Prismagamers.com","description":"L\u00e9pj be az OVERWHELMED j\u00e1t\u00e9k leny\u0171g\u00f6z\u0151 neon vil\u00e1g\u00e1ba! N\u00e9zz szembe az ellens\u00e9g hull\u00e1maival, haszn\u00e1ld l\u00f6v\u0151- \u00e9s sz\u00far\u00f3 k\u00e9pess\u00e9geidet, hogy kit\u00e9rj a t\u0171z el\u0151l. Aktiv\u00e1ld a k\u00fcl\u00f6nleges \"Overheat\" k\u00e9pess\u00e9get, hogy sokkal hat\u00e9konyabban k\u00fczdhess az ellens\u00e9ggel. Nyisd fel az egyedi k\u00e9pess\u00e9gekkel \u00e9s k\u00fcl\u00f6nf\u00e9le fegyverekkel rendelkez\u0151 karaktereket, mik\u00f6zben \u00faj j\u00e1t\u00e9km\u00f3dokat fedezel fel.","robots":{"index":"index","follow":"follow","max-snippet":"max-snippet:-1","max-image-preview":"max-image-preview:large","max-video-preview":"max-video-preview:-1"},"canonical":"https:\/\/prismagamers.com\/hu\/produkt\/overwhelmed\/","og_locale":"hu_HU","og_type":"article","og_title":"OVERWHELMED","og_description":"L\u00e9pj be az OVERWHELMED j\u00e1t\u00e9k leny\u0171g\u00f6z\u0151 neon vil\u00e1g\u00e1ba! N\u00e9zz szembe az ellens\u00e9g hull\u00e1maival, haszn\u00e1ld l\u00f6v\u0151- \u00e9s sz\u00far\u00f3 k\u00e9pess\u00e9geidet, hogy kit\u00e9rj a t\u0171z el\u0151l. Aktiv\u00e1ld a k\u00fcl\u00f6nleges \"Overheat\" k\u00e9pess\u00e9get, hogy sokkal hat\u00e9konyabban k\u00fczdhess az ellens\u00e9ggel. Nyisd fel az egyedi k\u00e9pess\u00e9gekkel \u00e9s k\u00fcl\u00f6nf\u00e9le fegyverekkel rendelkez\u0151 karaktereket, mik\u00f6zben \u00faj j\u00e1t\u00e9km\u00f3dokat fedezel fel.","og_url":"https:\/\/prismagamers.com\/hu\/produkt\/overwhelmed\/","og_site_name":"Prismagamers.com","article_publisher":"https:\/\/www.facebook.com\/prismagamers","og_image":[{"width":600,"height":900,"url":"https:\/\/prismagamers.com\/wp-content\/uploads\/2023\/08\/library_600x900_2x-5.jpg","type":"image\/jpeg"}],"twitter_card":"summary_large_image","twitter_misc":{"Becs\u00fclt olvas\u00e1si id\u0151":"2 perc"},"schema":{"@context":"https:\/\/schema.org","@graph":[{"@type":"WebPage","@id":"https:\/\/prismagamers.com\/hu\/produkt\/overwhelmed\/","url":"https:\/\/prismagamers.com\/hu\/produkt\/overwhelmed\/","name":"OVERWHELMED - Prismagamers.com","isPartOf":{"@id":"https:\/\/prismagamers.com\/hu\/#website"},"primaryImageOfPage":{"@id":"https:\/\/prismagamers.com\/hu\/produkt\/overwhelmed\/#primaryimage"},"image":{"@id":"https:\/\/prismagamers.com\/hu\/produkt\/overwhelmed\/#primaryimage"},"thumbnailUrl":"https:\/\/prismagamers.com\/wp-content\/uploads\/2023\/08\/library_600x900_2x-5.jpg","datePublished":"2023-08-14T22:20:11+00:00","description":"L\u00e9pj be az OVERWHELMED j\u00e1t\u00e9k leny\u0171g\u00f6z\u0151 neon vil\u00e1g\u00e1ba! N\u00e9zz szembe az ellens\u00e9g hull\u00e1maival, haszn\u00e1ld l\u00f6v\u0151- \u00e9s sz\u00far\u00f3 k\u00e9pess\u00e9geidet, hogy kit\u00e9rj a t\u0171z el\u0151l. Aktiv\u00e1ld a k\u00fcl\u00f6nleges \"Overheat\" k\u00e9pess\u00e9get, hogy sokkal hat\u00e9konyabban k\u00fczdhess az ellens\u00e9ggel. Nyisd fel az egyedi k\u00e9pess\u00e9gekkel \u00e9s k\u00fcl\u00f6nf\u00e9le fegyverekkel rendelkez\u0151 karaktereket, mik\u00f6zben \u00faj j\u00e1t\u00e9km\u00f3dokat fedezel fel.","breadcrumb":{"@id":"https:\/\/prismagamers.com\/hu\/produkt\/overwhelmed\/#breadcrumb"},"inLanguage":"hu","potentialAction":[{"@type":"ReadAction","target":["https:\/\/prismagamers.com\/hu\/produkt\/overwhelmed\/"]}]},{"@type":"ImageObject","inLanguage":"hu","@id":"https:\/\/prismagamers.com\/hu\/produkt\/overwhelmed\/#primaryimage","url":"https:\/\/prismagamers.com\/wp-content\/uploads\/2023\/08\/library_600x900_2x-5.jpg","contentUrl":"https:\/\/prismagamers.com\/wp-content\/uploads\/2023\/08\/library_600x900_2x-5.jpg","width":600,"height":900},{"@type":"BreadcrumbList","@id":"https:\/\/prismagamers.com\/hu\/produkt\/overwhelmed\/#breadcrumb","itemListElement":[{"@type":"ListItem","position":1,"name":"Strona g\u0142\u00f3wna","item":"https:\/\/prismagamers.com\/hu\/prismagamers\/"},{"@type":"ListItem","position":2,"name":"Shop","item":"https:\/\/prismagamers.com\/hu\/shop\/"},{"@type":"ListItem","position":3,"name":"OVERWHELMED"}]},{"@type":"WebSite","@id":"https:\/\/prismagamers.com\/hu\/#website","url":"https:\/\/prismagamers.com\/hu\/","name":"Prismagamers","description":"Sklep z grami PC I Sklep klucze Steam","publisher":{"@id":"https:\/\/prismagamers.com\/hu\/#organization"},"potentialAction":[{"@type":"SearchAction","target":{"@type":"EntryPoint","urlTemplate":"https:\/\/prismagamers.com\/hu\/?s={search_term_string}"},"query-input":{"@type":"PropertyValueSpecification","valueRequired":true,"valueName":"search_term_string"}}],"inLanguage":"hu"},{"@type":"Organization","@id":"https:\/\/prismagamers.com\/hu\/#organization","name":"Prismagamers","url":"https:\/\/prismagamers.com\/hu\/","logo":{"@type":"ImageObject","inLanguage":"hu","@id":"https:\/\/prismagamers.com\/hu\/#\/schema\/logo\/image\/","url":"https:\/\/prismagamers.com\/wp-content\/uploads\/2022\/04\/cropped-logo-Prismagamers-01-scaled-1.jpg","contentUrl":"https:\/\/prismagamers.com\/wp-content\/uploads\/2022\/04\/cropped-logo-Prismagamers-01-scaled-1.jpg","width":512,"height":512,"caption":"Prismagamers"},"image":{"@id":"https:\/\/prismagamers.com\/hu\/#\/schema\/logo\/image\/"},"sameAs":["https:\/\/www.facebook.com\/prismagamers","https:\/\/www.instagram.com\/prismagamers_grycyfrowe\/"],"description":"Prismagamers.com to dynamiczny sklep z grami cyfrowymi, stworzony z my\u015bl\u0105 o entuzjastach gier wideo. Nasza strona oferuje szerok\u0105 gam\u0119 gier komputerowych, w tym najnowsze tytu\u0142y, dobrze znane klasyki oraz gry stworzone przez niezale\u017cne studia Ca\u0142y czas d\u0105\u017cymy do rozszerzenia naszej oferty. Do\u0142\u0105cz do nas i sta\u0144 si\u0119 cz\u0119\u015bci\u0105 naszej rosn\u0105cej spo\u0142eczno\u015bci graczy!","email":"shop@prismagamers.com","telephone":"48795541705","legalName":"East Caravan Maksym \u017bukow","foundingDate":"2012-05-10","vatID":"PL8943038612","taxID":"PL8943038612","numberOfEmployees":{"@type":"QuantitativeValue","minValue":"11","maxValue":"50"}}]}},"_links":{"self":[{"href":"https:\/\/prismagamers.com\/hu\/wp-json\/wp\/v2\/product\/42390","targetHints":{"allow":["GET"]}}],"collection":[{"href":"https:\/\/prismagamers.com\/hu\/wp-json\/wp\/v2\/product"}],"about":[{"href":"https:\/\/prismagamers.com\/hu\/wp-json\/wp\/v2\/types\/product"}],"wp:featuredmedia":[{"embeddable":true,"href":"https:\/\/prismagamers.com\/hu\/wp-json\/wp\/v2\/media\/25831"}],"wp:attachment":[{"href":"https:\/\/prismagamers.com\/hu\/wp-json\/wp\/v2\/media?parent=42390"}],"wp:term":[{"taxonomy":"product_brand","embeddable":true,"href":"https:\/\/prismagamers.com\/hu\/wp-json\/wp\/v2\/product_brand?post=42390"},{"taxonomy":"product_cat","embeddable":true,"href":"https:\/\/prismagamers.com\/hu\/wp-json\/wp\/v2\/product_cat?post=42390"},{"taxonomy":"product_tag","embeddable":true,"href":"https:\/\/prismagamers.com\/hu\/wp-json\/wp\/v2\/product_tag?post=42390"}],"curies":[{"name":"wp","href":"https:\/\/api.w.org\/{rel}","templated":true}]}}