{"id":42391,"date":"2023-08-14T23:36:58","date_gmt":"2023-08-14T21:36:58","guid":{"rendered":"https:\/\/prismagamers.com\/produkt\/slavicpunk-oldtimer\/"},"modified":"2023-08-14T23:36:58","modified_gmt":"2023-08-14T21:36:58","slug":"slavicpunk-oldtimer","status":"publish","type":"product","link":"https:\/\/prismagamers.com\/hu\/produkt\/slavicpunk-oldtimer\/","title":{"rendered":"SlavicPunk: Oldtimer"},"content":{"rendered":"<p>A SlavicPunk: Oldtimer egy izometrikus l\u00f6v\u00f6ld\u00f6z\u0151s j\u00e1t\u00e9k, amelyet Micha\u0142 Go\u0142kowski, egy j\u00f3l ismert lengyel sci-fi \u00e9s fantasy szerz\u0151 munk\u00e1ss\u00e1ga ihletett. Micha\u0142 Go\u0142kowski volt az, aki megalkotta Yanus, egy viharos m\u00falt\u00fa mag\u00e1nnyomoz\u00f3 t\u00f6rt\u00e9net\u00e9t, aki egy lopott adatokkal kapcsolatos \u00fcgyet pr\u00f3b\u00e1l felg\u00f6ngy\u00f6l\u00edteni. E k\u00fczdelem sor\u00e1n nemcsak saj\u00e1t d\u00e9monaival kell szemben\u00e9znie, hanem a v\u00e1ros band\u00e1ival \u00e9s egy nagyhatalm\u00fa v\u00e1llalattal is, amely felel\u0151s az egykor saj\u00e1tj\u00e1nak nevezett v\u00e1ros pusztul\u00e1s\u00e1\u00e9rt.<br \/>\n<img decoding=\"async\" class=\"aligncenter\" src=\"https:\/\/cdn.cloudflare.steamstatic.com\/steam\/apps\/1820140\/extras\/3_narrow.gif?t=1687979727\"><br \/>\nA j\u00e1t\u00e9k robusztus harc- \u00e9s mozg\u00e1smechanik\u00e1t k\u00edn\u00e1l, valamint egy modul\u00e1ris fegyverfejleszt\u0151 rendszert, amely lehet\u0151v\u00e9 teszi a j\u00e1t\u00e9kosok sz\u00e1m\u00e1ra, hogy testre szabj\u00e1k \u00e9lm\u00e9nyeiket, mik\u00f6zben felfedezik a v\u00e1ros s\u00f6t\u00e9t bugyrait. Ez biztos\u00edtja, hogy minden csetepat\u00e9 m\u00e1s legyen. Az akci\u00f3d\u00fas p\u00e1ly\u00e1k tartalmaznak lopakod\u00e1si, hackel\u00e9si \u00e9s k\u00f6rnyezeti rejtv\u00e9nyfejt\u00e9si elemeket, amelyeket b\u00e9k\u00e9sebb pillanatok v\u00e1ltogatnak, ahol felfedezheted a v\u00e1rost, mell\u00e9kk\u00fcldet\u00e9seket teljes\u00edthetsz, \u00e9s felfedezheted a j\u00e1t\u00e9k t\u00f6rt\u00e9net\u00e9t.<br \/>\n<img decoding=\"async\" class=\"aligncenter\" src=\"https:\/\/cdn.cloudflare.steamstatic.com\/steam\/apps\/1820140\/extras\/2_narrow.gif?t=1687979727\"><br \/>\nA cyberpunk vil\u00e1gnak ez az egyedi, er\u0151sen szl\u00e1v alap\u00fa megk\u00f6zel\u00edt\u00e9se a szarkasztikus humor \u00e9s a k\u00f6rnyez\u0151 val\u00f3s\u00e1g neonsz\u00fcrke \u00e1rnyalatainak kiss\u00e9 pesszimista szeml\u00e9lete miatt biztosan nem hagy senkit hidegen. Ugyanakkor \u00fcd\u00edt\u0151en \u00faj n\u00e9z\u0151pontot hoz a m\u0171fajba.<br \/>\n<img decoding=\"async\" class=\"aligncenter\" src=\"https:\/\/cdn.cloudflare.steamstatic.com\/steam\/apps\/1820140\/extras\/1.gif?t=1687979727\"><\/p>\n<p>Csapatk\u00e9nt az inspir\u00e1ci\u00f3nk az volt, hogy megk\u00e9rdezz\u00fck, hogyan n\u00e9zhet ki a vil\u00e1g n\u00e9h\u00e1ny \u00e9vtized m\u00falva. Vajon egy hipotetikus k\u00f6z\u00e9p-eur\u00f3pai v\u00e1ros \u00e9s lak\u00f3i k\u00fcl\u00f6nb\u00f6znek-e a Blade Runner Los Angeles\u00e9t\u0151l vagy az Akira Neo Toki\u00f3j\u00e1t\u00f3l?&#8221;. <\/p>\n<p>Ez a k\u00e9rd\u00e9s nagy hat\u00e1ssal volt a j\u00e1t\u00e9kban hozott m\u0171v\u00e9szi d\u00f6nt\u00e9seinkre, ami a futurisztikus \u00e9s az elavult technol\u00f3gia, valamint a posztkommunista orsz\u00e1gokra jellemz\u0151 brutalista \u00e9p\u00edt\u00e9szet kever\u00e9k\u00e9nek megalkot\u00e1s\u00e1hoz vezetett. J\u00e1t\u00e9kunk a f\u0151h\u0151s k\u00e9t\u00e9rtelm\u0171 erk\u00f6lcsi d\u00f6nt\u00e9seit \u00e9s a v\u00e1rosi k\u00f6rnyezet hangulat\u00e1t is vizsg\u00e1lja, amely gyakran r\u00f6gt\u00f6nz\u00f6tt \u00e9s tele van olyan emberekkel, akiknek meg kell birk\u00f3zniuk a vagyon egyenl\u0151tlen eloszt\u00e1s\u00e1val, \u00e9s a ravaszs\u00e1gra \u00e9s a szerencs\u00e9re hagyatkozva kell t\u00fal\u00e9lni\u00fck a k\u00f6vetkez\u0151 fizet\u00e9snapig an\u00e9lk\u00fcl, hogy elvesz\u00edten\u00e9k m\u00e9lt\u00f3s\u00e1gukat. <\/p>\n<p>A SlavicPunk cselekm\u00e9ny\u00e9b\u0151l kider\u00fcl, hogy a diszt\u00f3pikus j\u00f6v\u0151r\u0151l alkotott elk\u00e9pzel\u00e9s\u00fcnk m\u00e9lyebb, mint ahogy az els\u0151 pillant\u00e1sra l\u00e1tszik. Csak a j\u00e1t\u00e9kosokon m\u00falik, hogy a rejt\u00e9ly megfejt\u00e9s\u00e9vel \u00e9s Yanus seg\u00edts\u00e9g\u00e9vel r\u00e1j\u00f6jjenek, mi rejt\u0151zik a neonf\u00e9nyek ragyog\u00e1sa \u00e9s a betonlabirintus m\u00f6g\u00f6tt, hogy milyen brut\u00e1lis lehet az igazs\u00e1g. <\/p>\n","protected":false},"excerpt":{"rendered":"<p>A SlavicPunk: Oldtimer egy izometrikus l\u00f6v\u00f6ld\u00f6z\u0151s j\u00e1t\u00e9k, amelynek t\u00f6rt\u00e9nete Micha\u0142 Go\u0142kowski munk\u00e1ss\u00e1g\u00e1n alapul. Micha\u0142 Go\u0142kowski volt az, aki megalkotta Yanus, egy viharos m\u00falt\u00fa mag\u00e1nnyomoz\u00f3 t\u00f6rt\u00e9net\u00e9t, aki megpr\u00f3b\u00e1lja megoldani az ellopott adatok rejt\u00e9ly\u00e9t. Ugyanakkor szembe kell n\u00e9znie bels\u0151 d\u00e9monaival &#8230;  <\/p>\n","protected":false},"featured_media":25836,"template":"","meta":{"_acf_changed":false,"site-sidebar-layout":"default","site-content-layout":"","ast-site-content-layout":"default","site-content-style":"default","site-sidebar-style":"default","ast-global-header-display":"","ast-banner-title-visibility":"","ast-main-header-display":"","ast-hfb-above-header-display":"","ast-hfb-below-header-display":"","ast-hfb-mobile-header-display":"","site-post-title":"","ast-breadcrumbs-content":"","ast-featured-img":"","footer-sml-layout":"","ast-disable-related-posts":"","theme-transparent-header-meta":"default","adv-header-id-meta":"","stick-header-meta":"","header-above-stick-meta":"","header-main-stick-meta":"","header-below-stick-meta":"","astra-migrate-meta-layouts":"default","ast-page-background-enabled":"default","ast-page-background-meta":{"desktop":{"background-color":"var(--ast-global-color-4)","background-image":"","background-repeat":"repeat","background-position":"center center","background-size":"auto","background-attachment":"scroll","background-type":"","background-media":"","overlay-type":"","overlay-color":"","overlay-opacity":"","overlay-gradient":""},"tablet":{"background-color":"","background-image":"","background-repeat":"repeat","background-position":"center center","background-size":"auto","background-attachment":"scroll","background-type":"","background-media":"","overlay-type":"","overlay-color":"","overlay-opacity":"","overlay-gradient":""},"mobile":{"background-color":"","background-image":"","background-repeat":"repeat","background-position":"center center","background-size":"auto","background-attachment":"scroll","background-type":"","background-media":"","overlay-type":"","overlay-color":"","overlay-opacity":"","overlay-gradient":""}},"ast-content-background-meta":{"desktop":{"background-color":"var(--ast-global-color-5)","background-image":"","background-repeat":"repeat","background-position":"center center","background-size":"auto","background-attachment":"scroll","background-type":"","background-media":"","overlay-type":"","overlay-color":"","overlay-opacity":"","overlay-gradient":""},"tablet":{"background-color":"var(--ast-global-color-5)","background-image":"","background-repeat":"repeat","background-position":"center center","background-size":"auto","background-attachment":"scroll","background-type":"","background-media":"","overlay-type":"","overlay-color":"","overlay-opacity":"","overlay-gradient":""},"mobile":{"background-color":"var(--ast-global-color-5)","background-image":"","background-repeat":"repeat","background-position":"center center","background-size":"auto","background-attachment":"scroll","background-type":"","background-media":"","overlay-type":"","overlay-color":"","overlay-opacity":"","overlay-gradient":""}}},"product_brand":[],"product_cat":[371,394,365,396,367],"product_tag":[],"class_list":{"0":"post-42391","1":"product","2":"type-product","3":"status-publish","4":"has-post-thumbnail","6":"product_cat-akcio-jatekok","7":"product_cat-digitalis-jatekok","8":"product_cat-goz","9":"product_cat-lovoldozos-jatekok-a-steamen","10":"product_cat-pc-jatekok","11":"desktop-align-left","12":"tablet-align-left","13":"mobile-align-left","15":"first","16":"instock","17":"shipping-taxable","18":"purchasable","19":"product-type-simple"},"acf":[],"yoast_head":"<!-- This site is optimized with the Yoast SEO Premium plugin v27.4 (Yoast SEO v27.4) - https:\/\/yoast.com\/product\/yoast-seo-premium-wordpress\/ -->\n<title>SlavicPunk: Oldtimer - Prismagamers.com<\/title>\n<meta name=\"description\" content=\"A SlavicPunk: Oldtimer egy izometrikus l\u00f6v\u00f6ld\u00f6z\u0151s j\u00e1t\u00e9k, amelynek t\u00f6rt\u00e9nete Micha\u0142 Go\u0142kowski munk\u00e1ss\u00e1g\u00e1n alapul. Micha\u0142 Go\u0142kowski volt az, aki megalkotta Yanus, egy viharos m\u00falt\u00fa mag\u00e1nnyomoz\u00f3 t\u00f6rt\u00e9net\u00e9t, aki megpr\u00f3b\u00e1lja megoldani az ellopott adatok rejt\u00e9ly\u00e9t. Ugyanakkor szembe kell n\u00e9znie bels\u0151 d\u00e9monaival ...\" \/>\n<meta name=\"robots\" content=\"index, follow, max-snippet:-1, max-image-preview:large, max-video-preview:-1\" \/>\n<link rel=\"canonical\" href=\"https:\/\/prismagamers.com\/hu\/produkt\/slavicpunk-oldtimer\/\" \/>\n<meta property=\"og:locale\" content=\"hu_HU\" \/>\n<meta property=\"og:type\" content=\"article\" \/>\n<meta property=\"og:title\" content=\"SlavicPunk: Oldtimer\" \/>\n<meta property=\"og:description\" content=\"A SlavicPunk: Oldtimer egy izometrikus l\u00f6v\u00f6ld\u00f6z\u0151s j\u00e1t\u00e9k, amelynek t\u00f6rt\u00e9nete Micha\u0142 Go\u0142kowski munk\u00e1ss\u00e1g\u00e1n alapul. Micha\u0142 Go\u0142kowski volt az, aki megalkotta Yanus, egy viharos m\u00falt\u00fa mag\u00e1nnyomoz\u00f3 t\u00f6rt\u00e9net\u00e9t, aki megpr\u00f3b\u00e1lja megoldani az ellopott adatok rejt\u00e9ly\u00e9t. Ugyanakkor szembe kell n\u00e9znie bels\u0151 d\u00e9monaival ...\" \/>\n<meta property=\"og:url\" content=\"https:\/\/prismagamers.com\/hu\/produkt\/slavicpunk-oldtimer\/\" \/>\n<meta property=\"og:site_name\" content=\"Prismagamers.com\" \/>\n<meta property=\"article:publisher\" content=\"https:\/\/www.facebook.com\/prismagamers\" \/>\n<meta property=\"og:image\" content=\"https:\/\/prismagamers.com\/wp-content\/uploads\/2023\/08\/library_600x900_2x-6.jpg\" \/>\n\t<meta property=\"og:image:width\" content=\"600\" \/>\n\t<meta property=\"og:image:height\" content=\"900\" \/>\n\t<meta property=\"og:image:type\" content=\"image\/jpeg\" \/>\n<meta name=\"twitter:card\" content=\"summary_large_image\" \/>\n<meta name=\"twitter:label1\" content=\"Becs\u00fclt olvas\u00e1si id\u0151\" \/>\n\t<meta name=\"twitter:data1\" content=\"3 perc\" \/>\n<script type=\"application\/ld+json\" class=\"yoast-schema-graph\">{\"@context\":\"https:\\\/\\\/schema.org\",\"@graph\":[{\"@type\":\"WebPage\",\"@id\":\"https:\\\/\\\/prismagamers.com\\\/hu\\\/produkt\\\/slavicpunk-oldtimer\\\/\",\"url\":\"https:\\\/\\\/prismagamers.com\\\/hu\\\/produkt\\\/slavicpunk-oldtimer\\\/\",\"name\":\"SlavicPunk: Oldtimer - Prismagamers.com\",\"isPartOf\":{\"@id\":\"https:\\\/\\\/prismagamers.com\\\/hu\\\/#website\"},\"primaryImageOfPage\":{\"@id\":\"https:\\\/\\\/prismagamers.com\\\/hu\\\/produkt\\\/slavicpunk-oldtimer\\\/#primaryimage\"},\"image\":{\"@id\":\"https:\\\/\\\/prismagamers.com\\\/hu\\\/produkt\\\/slavicpunk-oldtimer\\\/#primaryimage\"},\"thumbnailUrl\":\"https:\\\/\\\/prismagamers.com\\\/wp-content\\\/uploads\\\/2023\\\/08\\\/library_600x900_2x-6.jpg\",\"datePublished\":\"2023-08-14T21:36:58+00:00\",\"description\":\"A SlavicPunk: Oldtimer egy izometrikus l\u00f6v\u00f6ld\u00f6z\u0151s j\u00e1t\u00e9k, amelynek t\u00f6rt\u00e9nete Micha\u0142 Go\u0142kowski munk\u00e1ss\u00e1g\u00e1n alapul. Micha\u0142 Go\u0142kowski volt az, aki megalkotta Yanus, egy viharos m\u00falt\u00fa mag\u00e1nnyomoz\u00f3 t\u00f6rt\u00e9net\u00e9t, aki megpr\u00f3b\u00e1lja megoldani az ellopott adatok rejt\u00e9ly\u00e9t. Ugyanakkor szembe kell n\u00e9znie bels\u0151 d\u00e9monaival ...\",\"breadcrumb\":{\"@id\":\"https:\\\/\\\/prismagamers.com\\\/hu\\\/produkt\\\/slavicpunk-oldtimer\\\/#breadcrumb\"},\"inLanguage\":\"hu\",\"potentialAction\":[{\"@type\":\"ReadAction\",\"target\":[\"https:\\\/\\\/prismagamers.com\\\/hu\\\/produkt\\\/slavicpunk-oldtimer\\\/\"]}]},{\"@type\":\"ImageObject\",\"inLanguage\":\"hu\",\"@id\":\"https:\\\/\\\/prismagamers.com\\\/hu\\\/produkt\\\/slavicpunk-oldtimer\\\/#primaryimage\",\"url\":\"https:\\\/\\\/prismagamers.com\\\/wp-content\\\/uploads\\\/2023\\\/08\\\/library_600x900_2x-6.jpg\",\"contentUrl\":\"https:\\\/\\\/prismagamers.com\\\/wp-content\\\/uploads\\\/2023\\\/08\\\/library_600x900_2x-6.jpg\",\"width\":600,\"height\":900},{\"@type\":\"BreadcrumbList\",\"@id\":\"https:\\\/\\\/prismagamers.com\\\/hu\\\/produkt\\\/slavicpunk-oldtimer\\\/#breadcrumb\",\"itemListElement\":[{\"@type\":\"ListItem\",\"position\":1,\"name\":\"Strona g\u0142\u00f3wna\",\"item\":\"https:\\\/\\\/prismagamers.com\\\/hu\\\/prismagamers\\\/\"},{\"@type\":\"ListItem\",\"position\":2,\"name\":\"Shop\",\"item\":\"https:\\\/\\\/prismagamers.com\\\/hu\\\/shop\\\/\"},{\"@type\":\"ListItem\",\"position\":3,\"name\":\"SlavicPunk: Oldtimer\"}]},{\"@type\":\"WebSite\",\"@id\":\"https:\\\/\\\/prismagamers.com\\\/hu\\\/#website\",\"url\":\"https:\\\/\\\/prismagamers.com\\\/hu\\\/\",\"name\":\"Prismagamers\",\"description\":\"Sklep z grami PC I Sklep klucze Steam\",\"publisher\":{\"@id\":\"https:\\\/\\\/prismagamers.com\\\/hu\\\/#organization\"},\"potentialAction\":[{\"@type\":\"SearchAction\",\"target\":{\"@type\":\"EntryPoint\",\"urlTemplate\":\"https:\\\/\\\/prismagamers.com\\\/hu\\\/?s={search_term_string}\"},\"query-input\":{\"@type\":\"PropertyValueSpecification\",\"valueRequired\":true,\"valueName\":\"search_term_string\"}}],\"inLanguage\":\"hu\"},{\"@type\":\"Organization\",\"@id\":\"https:\\\/\\\/prismagamers.com\\\/hu\\\/#organization\",\"name\":\"Prismagamers\",\"url\":\"https:\\\/\\\/prismagamers.com\\\/hu\\\/\",\"logo\":{\"@type\":\"ImageObject\",\"inLanguage\":\"hu\",\"@id\":\"https:\\\/\\\/prismagamers.com\\\/hu\\\/#\\\/schema\\\/logo\\\/image\\\/\",\"url\":\"https:\\\/\\\/prismagamers.com\\\/wp-content\\\/uploads\\\/2022\\\/04\\\/cropped-logo-Prismagamers-01-scaled-1.jpg\",\"contentUrl\":\"https:\\\/\\\/prismagamers.com\\\/wp-content\\\/uploads\\\/2022\\\/04\\\/cropped-logo-Prismagamers-01-scaled-1.jpg\",\"width\":512,\"height\":512,\"caption\":\"Prismagamers\"},\"image\":{\"@id\":\"https:\\\/\\\/prismagamers.com\\\/hu\\\/#\\\/schema\\\/logo\\\/image\\\/\"},\"sameAs\":[\"https:\\\/\\\/www.facebook.com\\\/prismagamers\",\"https:\\\/\\\/www.instagram.com\\\/prismagamers_grycyfrowe\\\/\"],\"description\":\"Prismagamers.com to dynamiczny sklep z grami cyfrowymi, stworzony z my\u015bl\u0105 o entuzjastach gier wideo. Nasza strona oferuje szerok\u0105 gam\u0119 gier komputerowych, w tym najnowsze tytu\u0142y, dobrze znane klasyki oraz gry stworzone przez niezale\u017cne studia Ca\u0142y czas d\u0105\u017cymy do rozszerzenia naszej oferty. Do\u0142\u0105cz do nas i sta\u0144 si\u0119 cz\u0119\u015bci\u0105 naszej rosn\u0105cej spo\u0142eczno\u015bci graczy!\",\"email\":\"shop@prismagamers.com\",\"telephone\":\"48795541705\",\"legalName\":\"East Caravan Maksym \u017bukow\",\"foundingDate\":\"2012-05-10\",\"vatID\":\"PL8943038612\",\"taxID\":\"PL8943038612\",\"numberOfEmployees\":{\"@type\":\"QuantitativeValue\",\"minValue\":\"11\",\"maxValue\":\"50\"}}]}<\/script>\n<!-- \/ Yoast SEO Premium plugin. -->","yoast_head_json":{"title":"SlavicPunk: Oldtimer - Prismagamers.com","description":"A SlavicPunk: Oldtimer egy izometrikus l\u00f6v\u00f6ld\u00f6z\u0151s j\u00e1t\u00e9k, amelynek t\u00f6rt\u00e9nete Micha\u0142 Go\u0142kowski munk\u00e1ss\u00e1g\u00e1n alapul. Micha\u0142 Go\u0142kowski volt az, aki megalkotta Yanus, egy viharos m\u00falt\u00fa mag\u00e1nnyomoz\u00f3 t\u00f6rt\u00e9net\u00e9t, aki megpr\u00f3b\u00e1lja megoldani az ellopott adatok rejt\u00e9ly\u00e9t. Ugyanakkor szembe kell n\u00e9znie bels\u0151 d\u00e9monaival ...","robots":{"index":"index","follow":"follow","max-snippet":"max-snippet:-1","max-image-preview":"max-image-preview:large","max-video-preview":"max-video-preview:-1"},"canonical":"https:\/\/prismagamers.com\/hu\/produkt\/slavicpunk-oldtimer\/","og_locale":"hu_HU","og_type":"article","og_title":"SlavicPunk: Oldtimer","og_description":"A SlavicPunk: Oldtimer egy izometrikus l\u00f6v\u00f6ld\u00f6z\u0151s j\u00e1t\u00e9k, amelynek t\u00f6rt\u00e9nete Micha\u0142 Go\u0142kowski munk\u00e1ss\u00e1g\u00e1n alapul. Micha\u0142 Go\u0142kowski volt az, aki megalkotta Yanus, egy viharos m\u00falt\u00fa mag\u00e1nnyomoz\u00f3 t\u00f6rt\u00e9net\u00e9t, aki megpr\u00f3b\u00e1lja megoldani az ellopott adatok rejt\u00e9ly\u00e9t. Ugyanakkor szembe kell n\u00e9znie bels\u0151 d\u00e9monaival ...","og_url":"https:\/\/prismagamers.com\/hu\/produkt\/slavicpunk-oldtimer\/","og_site_name":"Prismagamers.com","article_publisher":"https:\/\/www.facebook.com\/prismagamers","og_image":[{"width":600,"height":900,"url":"https:\/\/prismagamers.com\/wp-content\/uploads\/2023\/08\/library_600x900_2x-6.jpg","type":"image\/jpeg"}],"twitter_card":"summary_large_image","twitter_misc":{"Becs\u00fclt olvas\u00e1si id\u0151":"3 perc"},"schema":{"@context":"https:\/\/schema.org","@graph":[{"@type":"WebPage","@id":"https:\/\/prismagamers.com\/hu\/produkt\/slavicpunk-oldtimer\/","url":"https:\/\/prismagamers.com\/hu\/produkt\/slavicpunk-oldtimer\/","name":"SlavicPunk: Oldtimer - Prismagamers.com","isPartOf":{"@id":"https:\/\/prismagamers.com\/hu\/#website"},"primaryImageOfPage":{"@id":"https:\/\/prismagamers.com\/hu\/produkt\/slavicpunk-oldtimer\/#primaryimage"},"image":{"@id":"https:\/\/prismagamers.com\/hu\/produkt\/slavicpunk-oldtimer\/#primaryimage"},"thumbnailUrl":"https:\/\/prismagamers.com\/wp-content\/uploads\/2023\/08\/library_600x900_2x-6.jpg","datePublished":"2023-08-14T21:36:58+00:00","description":"A SlavicPunk: Oldtimer egy izometrikus l\u00f6v\u00f6ld\u00f6z\u0151s j\u00e1t\u00e9k, amelynek t\u00f6rt\u00e9nete Micha\u0142 Go\u0142kowski munk\u00e1ss\u00e1g\u00e1n alapul. Micha\u0142 Go\u0142kowski volt az, aki megalkotta Yanus, egy viharos m\u00falt\u00fa mag\u00e1nnyomoz\u00f3 t\u00f6rt\u00e9net\u00e9t, aki megpr\u00f3b\u00e1lja megoldani az ellopott adatok rejt\u00e9ly\u00e9t. Ugyanakkor szembe kell n\u00e9znie bels\u0151 d\u00e9monaival ...","breadcrumb":{"@id":"https:\/\/prismagamers.com\/hu\/produkt\/slavicpunk-oldtimer\/#breadcrumb"},"inLanguage":"hu","potentialAction":[{"@type":"ReadAction","target":["https:\/\/prismagamers.com\/hu\/produkt\/slavicpunk-oldtimer\/"]}]},{"@type":"ImageObject","inLanguage":"hu","@id":"https:\/\/prismagamers.com\/hu\/produkt\/slavicpunk-oldtimer\/#primaryimage","url":"https:\/\/prismagamers.com\/wp-content\/uploads\/2023\/08\/library_600x900_2x-6.jpg","contentUrl":"https:\/\/prismagamers.com\/wp-content\/uploads\/2023\/08\/library_600x900_2x-6.jpg","width":600,"height":900},{"@type":"BreadcrumbList","@id":"https:\/\/prismagamers.com\/hu\/produkt\/slavicpunk-oldtimer\/#breadcrumb","itemListElement":[{"@type":"ListItem","position":1,"name":"Strona g\u0142\u00f3wna","item":"https:\/\/prismagamers.com\/hu\/prismagamers\/"},{"@type":"ListItem","position":2,"name":"Shop","item":"https:\/\/prismagamers.com\/hu\/shop\/"},{"@type":"ListItem","position":3,"name":"SlavicPunk: Oldtimer"}]},{"@type":"WebSite","@id":"https:\/\/prismagamers.com\/hu\/#website","url":"https:\/\/prismagamers.com\/hu\/","name":"Prismagamers","description":"Sklep z grami PC I Sklep klucze Steam","publisher":{"@id":"https:\/\/prismagamers.com\/hu\/#organization"},"potentialAction":[{"@type":"SearchAction","target":{"@type":"EntryPoint","urlTemplate":"https:\/\/prismagamers.com\/hu\/?s={search_term_string}"},"query-input":{"@type":"PropertyValueSpecification","valueRequired":true,"valueName":"search_term_string"}}],"inLanguage":"hu"},{"@type":"Organization","@id":"https:\/\/prismagamers.com\/hu\/#organization","name":"Prismagamers","url":"https:\/\/prismagamers.com\/hu\/","logo":{"@type":"ImageObject","inLanguage":"hu","@id":"https:\/\/prismagamers.com\/hu\/#\/schema\/logo\/image\/","url":"https:\/\/prismagamers.com\/wp-content\/uploads\/2022\/04\/cropped-logo-Prismagamers-01-scaled-1.jpg","contentUrl":"https:\/\/prismagamers.com\/wp-content\/uploads\/2022\/04\/cropped-logo-Prismagamers-01-scaled-1.jpg","width":512,"height":512,"caption":"Prismagamers"},"image":{"@id":"https:\/\/prismagamers.com\/hu\/#\/schema\/logo\/image\/"},"sameAs":["https:\/\/www.facebook.com\/prismagamers","https:\/\/www.instagram.com\/prismagamers_grycyfrowe\/"],"description":"Prismagamers.com to dynamiczny sklep z grami cyfrowymi, stworzony z my\u015bl\u0105 o entuzjastach gier wideo. Nasza strona oferuje szerok\u0105 gam\u0119 gier komputerowych, w tym najnowsze tytu\u0142y, dobrze znane klasyki oraz gry stworzone przez niezale\u017cne studia Ca\u0142y czas d\u0105\u017cymy do rozszerzenia naszej oferty. Do\u0142\u0105cz do nas i sta\u0144 si\u0119 cz\u0119\u015bci\u0105 naszej rosn\u0105cej spo\u0142eczno\u015bci graczy!","email":"shop@prismagamers.com","telephone":"48795541705","legalName":"East Caravan Maksym \u017bukow","foundingDate":"2012-05-10","vatID":"PL8943038612","taxID":"PL8943038612","numberOfEmployees":{"@type":"QuantitativeValue","minValue":"11","maxValue":"50"}}]}},"_links":{"self":[{"href":"https:\/\/prismagamers.com\/hu\/wp-json\/wp\/v2\/product\/42391","targetHints":{"allow":["GET"]}}],"collection":[{"href":"https:\/\/prismagamers.com\/hu\/wp-json\/wp\/v2\/product"}],"about":[{"href":"https:\/\/prismagamers.com\/hu\/wp-json\/wp\/v2\/types\/product"}],"wp:featuredmedia":[{"embeddable":true,"href":"https:\/\/prismagamers.com\/hu\/wp-json\/wp\/v2\/media\/25836"}],"wp:attachment":[{"href":"https:\/\/prismagamers.com\/hu\/wp-json\/wp\/v2\/media?parent=42391"}],"wp:term":[{"taxonomy":"product_brand","embeddable":true,"href":"https:\/\/prismagamers.com\/hu\/wp-json\/wp\/v2\/product_brand?post=42391"},{"taxonomy":"product_cat","embeddable":true,"href":"https:\/\/prismagamers.com\/hu\/wp-json\/wp\/v2\/product_cat?post=42391"},{"taxonomy":"product_tag","embeddable":true,"href":"https:\/\/prismagamers.com\/hu\/wp-json\/wp\/v2\/product_tag?post=42391"}],"curies":[{"name":"wp","href":"https:\/\/api.w.org\/{rel}","templated":true}]}}