{"id":42392,"date":"2023-08-30T16:00:59","date_gmt":"2023-08-30T14:00:59","guid":{"rendered":"https:\/\/prismagamers.com\/produkt\/great-houses-of-calderia\/"},"modified":"2023-08-30T16:00:59","modified_gmt":"2023-08-30T14:00:59","slug":"great-houses-of-calderia","status":"publish","type":"product","link":"https:\/\/prismagamers.com\/hu\/produkt\/great-houses-of-calderia\/","title":{"rendered":"Great Houses of Calderia"},"content":{"rendered":"<p><img decoding=\"async\" class=\"aligncenter\" src=\"https:\/\/cdn.akamai.steamstatic.com\/steam\/apps\/1812910\/extras\/MAIN_IMAGE.gif?t=1693328873\"><\/p>\n<p><img decoding=\"async\" class=\"aligncenter\" src=\"https:\/\/cdn.akamai.steamstatic.com\/steam\/apps\/1812910\/extras\/pol1.png?t=1693328873\"><\/p>\n<p>A Great Houses of Calderia egy strat\u00e9giai j\u00e1t\u00e9k, amely a mediterr\u00e1n renesz\u00e1nsz ihlette feud\u00e1lis vil\u00e1gban j\u00e1tsz\u00f3dik. Egy nemesi csal\u00e1d szerep\u00e9be b\u00fajsz, akiknek c\u00e9lja, hogy megszerezz\u00e9k az ir\u00e1ny\u00edt\u00e1st Calderia felett, a birodalom egy mitikus tartom\u00e1nya felett, ahol a hatalomv\u00e1gy kiel\u00e9g\u00edtetlen. <\/p>\n<p>A feladatod, hogy biztos\u00edtsd csal\u00e1dod diadal\u00e1t, n\u00f6veld befoly\u00e1sodat \u00e9s uralkodj ellenfeleid felett, hogy feljebb l\u00e9pj Calderia hierarchi\u00e1j\u00e1ban \u00e9s megszerezd a tr\u00f3nt, amit a hatalomra \u00e9hes korm\u00e1nyz\u00f3 annyira szeretne!<\/p>\n<p><img decoding=\"async\" class=\"aligncenter\" src=\"https:\/\/cdn.akamai.steamstatic.com\/steam\/apps\/1812910\/extras\/pol2.png?t=1693328873\"><\/p>\n<p>Az \u00d6n feladata nemcsak az, hogy mag\u00e1t a vezet\u0151t ir\u00e1ny\u00edtsa, hanem az is, hogy a csal\u00e1dtagjait is \u00fagy ir\u00e1ny\u00edtsa, mint a r\u00e9gi uralkod\u00f3k!<\/p>\n<ul class=\"bb_ul\">\n<li>Ir\u00e1ny\u00edtsd a k\u00fcl\u00f6nb\u00f6z\u0151 csal\u00e1dok vezet\u0151it \u00e9s f\u00fcggetlen rokonaikat saj\u00e1t t\u00f6rt\u00e9neteik \u00e9s v\u00e1gyaik seg\u00edts\u00e9g\u00e9vel.<\/li>\n<li>Ossza ki a csal\u00e1dtagokat a legfontosabb feladatokra, \u00e9s ir\u00e1ny\u00edtsa az idej\u00fcket, ak\u00e1r beleegyeznek, ak\u00e1r nem.<\/li>\n<li>A csapat l\u00e9trehoz\u00e1sakor vegye figyelembe az egyes karakterek tulajdons\u00e1gait \u00e9s szem\u00e9lyis\u00e9g\u00e9t.<\/li>\n<li>A szerepl\u0151k szem\u00e9lyis\u00e9ge \u00e9s jellemvon\u00e1sai az esem\u00e9nyeknek megfelel\u0151en alakulnak.<\/li>\n<\/ul>\n<p><img decoding=\"async\" class=\"aligncenter\" src=\"https:\/\/cdn.akamai.steamstatic.com\/steam\/apps\/1812910\/extras\/Character_driven_extended.gif?t=1693328873\"><\/p>\n<p><img decoding=\"async\" class=\"aligncenter\" src=\"https:\/\/cdn.akamai.steamstatic.com\/steam\/apps\/1812910\/extras\/pol3.png?t=1693328873\"><\/p>\n<p>Fedezd fel Calderia rendk\u00edv\u00fcli f\u00f6ldj\u00e9t, legend\u00e1it \u00e9s m\u00edtoszait, \u00e9s cselekedeteiddel befoly\u00e1solhatod a hely alak\u00edt\u00e1s\u00e1t \u00e9s v\u00e9gtelen t\u00f6rt\u00e9netek megalkot\u00e1s\u00e1t.<\/p>\n<ul class=\"bb_ul\">\n<li>Hat\u00e1rozza meg csal\u00e1dja hagyom\u00e1nyait, \u00e9rt\u00e9keit \u00e9s c\u00e9ljait &#8211; a lehet\u0151s\u00e9gek sz\u00e1ma v\u00e9gtelen.<\/li>\n<li>Fedezze fel t\u00e1voli rokonainak szem\u00e9lyes t\u00f6rt\u00e9neteit, \u00e9s figyelje meg, hogyan \u00f6regb\u00edtik h\u00edrnev\u00e9t.<\/li>\n<li>A m\u00f3dos\u00edt\u00f3 eszk\u00f6zzel egyedi, mag\u00e1val ragad\u00f3 t\u00f6rt\u00e9neteket hozhatsz l\u00e9tre vagy \u00e9lhetsz \u00e1t \u00fajra a j\u00e1t\u00e9kban. Haszn\u00e1ld a kreativit\u00e1sodat, hogy saj\u00e1t narrat\u00edv\u00e1kat \u00e9s karaktereket alak\u00edts ki. <\/li>\n<\/ul>\n<p><img decoding=\"async\" class=\"aligncenter\" src=\"https:\/\/cdn.akamai.steamstatic.com\/steam\/apps\/1812910\/extras\/GHoC_Steam_Page_Endless-stories_extended.gif?t=1693328873\"><\/p>\n<p>Biztos\u00edtsa, hogy csal\u00e1dja ki\u00e1llja az id\u0151 pr\u00f3b\u00e1j\u00e1t \u00e9s felemelkedik a calderi hierarchi\u00e1ban az\u00e1ltal, hogy:<\/p>\n<ul class=\"bb_ul\">\n<li>Saj\u00e1t h\u0171b\u00e9rbirtok\u00e1nak \u00e9s lakoss\u00e1g\u00e1nak hat\u00e9kony ir\u00e1ny\u00edt\u00e1sa, mik\u00f6zben n\u00f6veli sz\u00e1mukat.<\/li>\n<li>A t\u00e1rsadalmi st\u00e1tusz emel\u00e9se \u00e9s a m\u00e1sok feletti politikai dominancia el\u00e9r\u00e9se.<\/li>\n<li>Az \u00d6n csal\u00e1dj\u00e1ra jellemz\u0151 gazdag hagyom\u00e1nyok \u00e1pol\u00e1sa \u00e9s tov\u00e1bbad\u00e1sa.<\/li>\n<li>Olyan kit\u00fcntetett rangok el\u00e9r\u00e9se, amelyek befoly\u00e1solj\u00e1k Calderia sors\u00e1t a v\u00e9gid\u0151kben, meghat\u00e1rozva, hogy az uralkod\u00e1sod hogyan hat majd erre a vil\u00e1gra.<\/li>\n<\/ul>\n<p><img decoding=\"async\" class=\"aligncenter\" src=\"https:\/\/cdn.akamai.steamstatic.com\/steam\/apps\/1812910\/extras\/pol5.png?t=1693328873\"><\/p>\n","protected":false},"excerpt":{"rendered":"<p>A Great Houses of Calderia egy feud\u00e1lis hangulat\u00fa, nagyszab\u00e1s\u00fa strat\u00e9giai j\u00e1t\u00e9k, amelynek t\u00f6rt\u00e9nete a csal\u00e1di dinamik\u00e1ra \u00e9s a t\u00f6rt\u00e9nelemre \u00f6sszpontos\u00edt. A kl\u00e1nod t\u00e1mogat\u00e1s\u00e1val versenyezhetsz ellenfeleiddel, \u00e9s l\u00e9phetsz el\u0151re Calderia hierarchi\u00e1j\u00e1ban &#8211; \u00e1rusz\u00e1ll\u00edt\u00e1ssal, kereskedelemmel, \u00f6sszeesk\u00fcv\u00e9ssel, megveszteget\u00e9ssel \u00e9s harccal, hogy tart\u00f3s hatalmi \u00f6r\u00f6ks\u00e9get szerezz! <\/p>\n<p>\ud83c\udf0d Glob\u00e1lis<br \/>\n\u2699\ufe0f Steam<br \/>\n\ud83d\udddd Digit\u00e1lis kulcs<\/p>\n","protected":false},"featured_media":25848,"template":"","meta":{"_acf_changed":false,"site-sidebar-layout":"default","site-content-layout":"","ast-site-content-layout":"default","site-content-style":"default","site-sidebar-style":"default","ast-global-header-display":"","ast-banner-title-visibility":"","ast-main-header-display":"","ast-hfb-above-header-display":"","ast-hfb-below-header-display":"","ast-hfb-mobile-header-display":"","site-post-title":"","ast-breadcrumbs-content":"","ast-featured-img":"","footer-sml-layout":"","ast-disable-related-posts":"","theme-transparent-header-meta":"default","adv-header-id-meta":"","stick-header-meta":"","header-above-stick-meta":"","header-main-stick-meta":"","header-below-stick-meta":"","astra-migrate-meta-layouts":"default","ast-page-background-enabled":"default","ast-page-background-meta":{"desktop":{"background-color":"var(--ast-global-color-4)","background-image":"","background-repeat":"repeat","background-position":"center center","background-size":"auto","background-attachment":"scroll","background-type":"","background-media":"","overlay-type":"","overlay-color":"","overlay-opacity":"","overlay-gradient":""},"tablet":{"background-color":"","background-image":"","background-repeat":"repeat","background-position":"center center","background-size":"auto","background-attachment":"scroll","background-type":"","background-media":"","overlay-type":"","overlay-color":"","overlay-opacity":"","overlay-gradient":""},"mobile":{"background-color":"","background-image":"","background-repeat":"repeat","background-position":"center center","background-size":"auto","background-attachment":"scroll","background-type":"","background-media":"","overlay-type":"","overlay-color":"","overlay-opacity":"","overlay-gradient":""}},"ast-content-background-meta":{"desktop":{"background-color":"var(--ast-global-color-5)","background-image":"","background-repeat":"repeat","background-position":"center center","background-size":"auto","background-attachment":"scroll","background-type":"","background-media":"","overlay-type":"","overlay-color":"","overlay-opacity":"","overlay-gradient":""},"tablet":{"background-color":"var(--ast-global-color-5)","background-image":"","background-repeat":"repeat","background-position":"center center","background-size":"auto","background-attachment":"scroll","background-type":"","background-media":"","overlay-type":"","overlay-color":"","overlay-opacity":"","overlay-gradient":""},"mobile":{"background-color":"var(--ast-global-color-5)","background-image":"","background-repeat":"repeat","background-position":"center center","background-size":"auto","background-attachment":"scroll","background-type":"","background-media":"","overlay-type":"","overlay-color":"","overlay-opacity":"","overlay-gradient":""}}},"product_brand":[],"product_cat":[394,365,367,364,386],"product_tag":[],"class_list":{"0":"post-42392","1":"product","2":"type-product","3":"status-publish","4":"has-post-thumbnail","6":"product_cat-digitalis-jatekok","7":"product_cat-goz","8":"product_cat-pc-jatekok","9":"product_cat-rpg-k","10":"product_cat-strategiai-jatekok","11":"desktop-align-left","12":"tablet-align-left","13":"mobile-align-left","15":"first","16":"instock","17":"shipping-taxable","18":"purchasable","19":"product-type-simple"},"acf":[],"yoast_head":"<!-- This site is optimized with the Yoast SEO Premium plugin v27.4 (Yoast SEO v27.4) - https:\/\/yoast.com\/product\/yoast-seo-premium-wordpress\/ -->\n<title>Great Houses of Calderia - Prismagamers.com<\/title>\n<meta name=\"description\" content=\"A Great Houses of Calderia egy feud\u00e1lis hangulat\u00fa, nagyszab\u00e1s\u00fa strat\u00e9giai j\u00e1t\u00e9k, amelynek t\u00f6rt\u00e9nete a csal\u00e1di dinamik\u00e1ra \u00e9s a t\u00f6rt\u00e9nelemre \u00f6sszpontos\u00edt. A kl\u00e1nod t\u00e1mogat\u00e1s\u00e1val versenyezhetsz ellenfeleiddel, \u00e9s l\u00e9phetsz el\u0151re Calderia hierarchi\u00e1j\u00e1ban - \u00e1rusz\u00e1ll\u00edt\u00e1ssal, kereskedelemmel, \u00f6sszeesk\u00fcv\u00e9ssel, megveszteget\u00e9ssel \u00e9s harccal, hogy tart\u00f3s hatalmi \u00f6r\u00f6ks\u00e9get szerezz!  \ud83c\udf0d Glob\u00e1lis \u2699\ufe0f Steam \ud83d\udddd Digit\u00e1lis kulcs\" \/>\n<meta name=\"robots\" content=\"index, follow, max-snippet:-1, max-image-preview:large, max-video-preview:-1\" \/>\n<link rel=\"canonical\" href=\"https:\/\/prismagamers.com\/hu\/produkt\/great-houses-of-calderia\/\" \/>\n<meta property=\"og:locale\" content=\"hu_HU\" \/>\n<meta property=\"og:type\" content=\"article\" \/>\n<meta property=\"og:title\" content=\"Great Houses of Calderia\" \/>\n<meta property=\"og:description\" content=\"A Great Houses of Calderia egy feud\u00e1lis hangulat\u00fa, nagyszab\u00e1s\u00fa strat\u00e9giai j\u00e1t\u00e9k, amelynek t\u00f6rt\u00e9nete a csal\u00e1di dinamik\u00e1ra \u00e9s a t\u00f6rt\u00e9nelemre \u00f6sszpontos\u00edt. A kl\u00e1nod t\u00e1mogat\u00e1s\u00e1val versenyezhetsz ellenfeleiddel, \u00e9s l\u00e9phetsz el\u0151re Calderia hierarchi\u00e1j\u00e1ban - \u00e1rusz\u00e1ll\u00edt\u00e1ssal, kereskedelemmel, \u00f6sszeesk\u00fcv\u00e9ssel, megveszteget\u00e9ssel \u00e9s harccal, hogy tart\u00f3s hatalmi \u00f6r\u00f6ks\u00e9get szerezz!  \ud83c\udf0d Glob\u00e1lis \u2699\ufe0f Steam \ud83d\udddd Digit\u00e1lis kulcs\" \/>\n<meta property=\"og:url\" content=\"https:\/\/prismagamers.com\/hu\/produkt\/great-houses-of-calderia\/\" \/>\n<meta property=\"og:site_name\" content=\"Prismagamers.com\" \/>\n<meta property=\"article:publisher\" content=\"https:\/\/www.facebook.com\/prismagamers\" \/>\n<meta property=\"og:image\" content=\"https:\/\/prismagamers.com\/wp-content\/uploads\/2023\/08\/library_600x900_2x-7.jpg\" \/>\n\t<meta property=\"og:image:width\" content=\"600\" \/>\n\t<meta property=\"og:image:height\" content=\"900\" \/>\n\t<meta property=\"og:image:type\" content=\"image\/jpeg\" \/>\n<meta name=\"twitter:card\" content=\"summary_large_image\" \/>\n<meta name=\"twitter:label1\" content=\"Becs\u00fclt olvas\u00e1si id\u0151\" \/>\n\t<meta name=\"twitter:data1\" content=\"2 perc\" \/>\n<script type=\"application\/ld+json\" class=\"yoast-schema-graph\">{\"@context\":\"https:\\\/\\\/schema.org\",\"@graph\":[{\"@type\":\"WebPage\",\"@id\":\"https:\\\/\\\/prismagamers.com\\\/hu\\\/produkt\\\/great-houses-of-calderia\\\/\",\"url\":\"https:\\\/\\\/prismagamers.com\\\/hu\\\/produkt\\\/great-houses-of-calderia\\\/\",\"name\":\"Great Houses of Calderia - Prismagamers.com\",\"isPartOf\":{\"@id\":\"https:\\\/\\\/prismagamers.com\\\/hu\\\/#website\"},\"primaryImageOfPage\":{\"@id\":\"https:\\\/\\\/prismagamers.com\\\/hu\\\/produkt\\\/great-houses-of-calderia\\\/#primaryimage\"},\"image\":{\"@id\":\"https:\\\/\\\/prismagamers.com\\\/hu\\\/produkt\\\/great-houses-of-calderia\\\/#primaryimage\"},\"thumbnailUrl\":\"https:\\\/\\\/prismagamers.com\\\/wp-content\\\/uploads\\\/2023\\\/08\\\/library_600x900_2x-7.jpg\",\"datePublished\":\"2023-08-30T14:00:59+00:00\",\"description\":\"A Great Houses of Calderia egy feud\u00e1lis hangulat\u00fa, nagyszab\u00e1s\u00fa strat\u00e9giai j\u00e1t\u00e9k, amelynek t\u00f6rt\u00e9nete a csal\u00e1di dinamik\u00e1ra \u00e9s a t\u00f6rt\u00e9nelemre \u00f6sszpontos\u00edt. A kl\u00e1nod t\u00e1mogat\u00e1s\u00e1val versenyezhetsz ellenfeleiddel, \u00e9s l\u00e9phetsz el\u0151re Calderia hierarchi\u00e1j\u00e1ban - \u00e1rusz\u00e1ll\u00edt\u00e1ssal, kereskedelemmel, \u00f6sszeesk\u00fcv\u00e9ssel, megveszteget\u00e9ssel \u00e9s harccal, hogy tart\u00f3s hatalmi \u00f6r\u00f6ks\u00e9get szerezz! \ud83c\udf0d Glob\u00e1lis \u2699\ufe0f Steam \ud83d\udddd Digit\u00e1lis kulcs\",\"breadcrumb\":{\"@id\":\"https:\\\/\\\/prismagamers.com\\\/hu\\\/produkt\\\/great-houses-of-calderia\\\/#breadcrumb\"},\"inLanguage\":\"hu\",\"potentialAction\":[{\"@type\":\"ReadAction\",\"target\":[\"https:\\\/\\\/prismagamers.com\\\/hu\\\/produkt\\\/great-houses-of-calderia\\\/\"]}]},{\"@type\":\"ImageObject\",\"inLanguage\":\"hu\",\"@id\":\"https:\\\/\\\/prismagamers.com\\\/hu\\\/produkt\\\/great-houses-of-calderia\\\/#primaryimage\",\"url\":\"https:\\\/\\\/prismagamers.com\\\/wp-content\\\/uploads\\\/2023\\\/08\\\/library_600x900_2x-7.jpg\",\"contentUrl\":\"https:\\\/\\\/prismagamers.com\\\/wp-content\\\/uploads\\\/2023\\\/08\\\/library_600x900_2x-7.jpg\",\"width\":600,\"height\":900},{\"@type\":\"BreadcrumbList\",\"@id\":\"https:\\\/\\\/prismagamers.com\\\/hu\\\/produkt\\\/great-houses-of-calderia\\\/#breadcrumb\",\"itemListElement\":[{\"@type\":\"ListItem\",\"position\":1,\"name\":\"Strona g\u0142\u00f3wna\",\"item\":\"https:\\\/\\\/prismagamers.com\\\/hu\\\/prismagamers\\\/\"},{\"@type\":\"ListItem\",\"position\":2,\"name\":\"Shop\",\"item\":\"https:\\\/\\\/prismagamers.com\\\/hu\\\/shop\\\/\"},{\"@type\":\"ListItem\",\"position\":3,\"name\":\"Great Houses of Calderia\"}]},{\"@type\":\"WebSite\",\"@id\":\"https:\\\/\\\/prismagamers.com\\\/hu\\\/#website\",\"url\":\"https:\\\/\\\/prismagamers.com\\\/hu\\\/\",\"name\":\"Prismagamers\",\"description\":\"Sklep z grami PC I Sklep klucze Steam\",\"publisher\":{\"@id\":\"https:\\\/\\\/prismagamers.com\\\/hu\\\/#organization\"},\"potentialAction\":[{\"@type\":\"SearchAction\",\"target\":{\"@type\":\"EntryPoint\",\"urlTemplate\":\"https:\\\/\\\/prismagamers.com\\\/hu\\\/?s={search_term_string}\"},\"query-input\":{\"@type\":\"PropertyValueSpecification\",\"valueRequired\":true,\"valueName\":\"search_term_string\"}}],\"inLanguage\":\"hu\"},{\"@type\":\"Organization\",\"@id\":\"https:\\\/\\\/prismagamers.com\\\/hu\\\/#organization\",\"name\":\"Prismagamers\",\"url\":\"https:\\\/\\\/prismagamers.com\\\/hu\\\/\",\"logo\":{\"@type\":\"ImageObject\",\"inLanguage\":\"hu\",\"@id\":\"https:\\\/\\\/prismagamers.com\\\/hu\\\/#\\\/schema\\\/logo\\\/image\\\/\",\"url\":\"https:\\\/\\\/prismagamers.com\\\/wp-content\\\/uploads\\\/2022\\\/04\\\/cropped-logo-Prismagamers-01-scaled-1.jpg\",\"contentUrl\":\"https:\\\/\\\/prismagamers.com\\\/wp-content\\\/uploads\\\/2022\\\/04\\\/cropped-logo-Prismagamers-01-scaled-1.jpg\",\"width\":512,\"height\":512,\"caption\":\"Prismagamers\"},\"image\":{\"@id\":\"https:\\\/\\\/prismagamers.com\\\/hu\\\/#\\\/schema\\\/logo\\\/image\\\/\"},\"sameAs\":[\"https:\\\/\\\/www.facebook.com\\\/prismagamers\",\"https:\\\/\\\/www.instagram.com\\\/prismagamers_grycyfrowe\\\/\"],\"description\":\"Prismagamers.com to dynamiczny sklep z grami cyfrowymi, stworzony z my\u015bl\u0105 o entuzjastach gier wideo. Nasza strona oferuje szerok\u0105 gam\u0119 gier komputerowych, w tym najnowsze tytu\u0142y, dobrze znane klasyki oraz gry stworzone przez niezale\u017cne studia Ca\u0142y czas d\u0105\u017cymy do rozszerzenia naszej oferty. Do\u0142\u0105cz do nas i sta\u0144 si\u0119 cz\u0119\u015bci\u0105 naszej rosn\u0105cej spo\u0142eczno\u015bci graczy!\",\"email\":\"shop@prismagamers.com\",\"telephone\":\"48795541705\",\"legalName\":\"East Caravan Maksym \u017bukow\",\"foundingDate\":\"2012-05-10\",\"vatID\":\"PL8943038612\",\"taxID\":\"PL8943038612\",\"numberOfEmployees\":{\"@type\":\"QuantitativeValue\",\"minValue\":\"11\",\"maxValue\":\"50\"}}]}<\/script>\n<!-- \/ Yoast SEO Premium plugin. -->","yoast_head_json":{"title":"Great Houses of Calderia - Prismagamers.com","description":"A Great Houses of Calderia egy feud\u00e1lis hangulat\u00fa, nagyszab\u00e1s\u00fa strat\u00e9giai j\u00e1t\u00e9k, amelynek t\u00f6rt\u00e9nete a csal\u00e1di dinamik\u00e1ra \u00e9s a t\u00f6rt\u00e9nelemre \u00f6sszpontos\u00edt. A kl\u00e1nod t\u00e1mogat\u00e1s\u00e1val versenyezhetsz ellenfeleiddel, \u00e9s l\u00e9phetsz el\u0151re Calderia hierarchi\u00e1j\u00e1ban - \u00e1rusz\u00e1ll\u00edt\u00e1ssal, kereskedelemmel, \u00f6sszeesk\u00fcv\u00e9ssel, megveszteget\u00e9ssel \u00e9s harccal, hogy tart\u00f3s hatalmi \u00f6r\u00f6ks\u00e9get szerezz!  \ud83c\udf0d Glob\u00e1lis \u2699\ufe0f Steam \ud83d\udddd Digit\u00e1lis kulcs","robots":{"index":"index","follow":"follow","max-snippet":"max-snippet:-1","max-image-preview":"max-image-preview:large","max-video-preview":"max-video-preview:-1"},"canonical":"https:\/\/prismagamers.com\/hu\/produkt\/great-houses-of-calderia\/","og_locale":"hu_HU","og_type":"article","og_title":"Great Houses of Calderia","og_description":"A Great Houses of Calderia egy feud\u00e1lis hangulat\u00fa, nagyszab\u00e1s\u00fa strat\u00e9giai j\u00e1t\u00e9k, amelynek t\u00f6rt\u00e9nete a csal\u00e1di dinamik\u00e1ra \u00e9s a t\u00f6rt\u00e9nelemre \u00f6sszpontos\u00edt. A kl\u00e1nod t\u00e1mogat\u00e1s\u00e1val versenyezhetsz ellenfeleiddel, \u00e9s l\u00e9phetsz el\u0151re Calderia hierarchi\u00e1j\u00e1ban - \u00e1rusz\u00e1ll\u00edt\u00e1ssal, kereskedelemmel, \u00f6sszeesk\u00fcv\u00e9ssel, megveszteget\u00e9ssel \u00e9s harccal, hogy tart\u00f3s hatalmi \u00f6r\u00f6ks\u00e9get szerezz!  \ud83c\udf0d Glob\u00e1lis \u2699\ufe0f Steam \ud83d\udddd Digit\u00e1lis kulcs","og_url":"https:\/\/prismagamers.com\/hu\/produkt\/great-houses-of-calderia\/","og_site_name":"Prismagamers.com","article_publisher":"https:\/\/www.facebook.com\/prismagamers","og_image":[{"width":600,"height":900,"url":"https:\/\/prismagamers.com\/wp-content\/uploads\/2023\/08\/library_600x900_2x-7.jpg","type":"image\/jpeg"}],"twitter_card":"summary_large_image","twitter_misc":{"Becs\u00fclt olvas\u00e1si id\u0151":"2 perc"},"schema":{"@context":"https:\/\/schema.org","@graph":[{"@type":"WebPage","@id":"https:\/\/prismagamers.com\/hu\/produkt\/great-houses-of-calderia\/","url":"https:\/\/prismagamers.com\/hu\/produkt\/great-houses-of-calderia\/","name":"Great Houses of Calderia - Prismagamers.com","isPartOf":{"@id":"https:\/\/prismagamers.com\/hu\/#website"},"primaryImageOfPage":{"@id":"https:\/\/prismagamers.com\/hu\/produkt\/great-houses-of-calderia\/#primaryimage"},"image":{"@id":"https:\/\/prismagamers.com\/hu\/produkt\/great-houses-of-calderia\/#primaryimage"},"thumbnailUrl":"https:\/\/prismagamers.com\/wp-content\/uploads\/2023\/08\/library_600x900_2x-7.jpg","datePublished":"2023-08-30T14:00:59+00:00","description":"A Great Houses of Calderia egy feud\u00e1lis hangulat\u00fa, nagyszab\u00e1s\u00fa strat\u00e9giai j\u00e1t\u00e9k, amelynek t\u00f6rt\u00e9nete a csal\u00e1di dinamik\u00e1ra \u00e9s a t\u00f6rt\u00e9nelemre \u00f6sszpontos\u00edt. A kl\u00e1nod t\u00e1mogat\u00e1s\u00e1val versenyezhetsz ellenfeleiddel, \u00e9s l\u00e9phetsz el\u0151re Calderia hierarchi\u00e1j\u00e1ban - \u00e1rusz\u00e1ll\u00edt\u00e1ssal, kereskedelemmel, \u00f6sszeesk\u00fcv\u00e9ssel, megveszteget\u00e9ssel \u00e9s harccal, hogy tart\u00f3s hatalmi \u00f6r\u00f6ks\u00e9get szerezz! \ud83c\udf0d Glob\u00e1lis \u2699\ufe0f Steam \ud83d\udddd Digit\u00e1lis kulcs","breadcrumb":{"@id":"https:\/\/prismagamers.com\/hu\/produkt\/great-houses-of-calderia\/#breadcrumb"},"inLanguage":"hu","potentialAction":[{"@type":"ReadAction","target":["https:\/\/prismagamers.com\/hu\/produkt\/great-houses-of-calderia\/"]}]},{"@type":"ImageObject","inLanguage":"hu","@id":"https:\/\/prismagamers.com\/hu\/produkt\/great-houses-of-calderia\/#primaryimage","url":"https:\/\/prismagamers.com\/wp-content\/uploads\/2023\/08\/library_600x900_2x-7.jpg","contentUrl":"https:\/\/prismagamers.com\/wp-content\/uploads\/2023\/08\/library_600x900_2x-7.jpg","width":600,"height":900},{"@type":"BreadcrumbList","@id":"https:\/\/prismagamers.com\/hu\/produkt\/great-houses-of-calderia\/#breadcrumb","itemListElement":[{"@type":"ListItem","position":1,"name":"Strona g\u0142\u00f3wna","item":"https:\/\/prismagamers.com\/hu\/prismagamers\/"},{"@type":"ListItem","position":2,"name":"Shop","item":"https:\/\/prismagamers.com\/hu\/shop\/"},{"@type":"ListItem","position":3,"name":"Great Houses of Calderia"}]},{"@type":"WebSite","@id":"https:\/\/prismagamers.com\/hu\/#website","url":"https:\/\/prismagamers.com\/hu\/","name":"Prismagamers","description":"Sklep z grami PC I Sklep klucze Steam","publisher":{"@id":"https:\/\/prismagamers.com\/hu\/#organization"},"potentialAction":[{"@type":"SearchAction","target":{"@type":"EntryPoint","urlTemplate":"https:\/\/prismagamers.com\/hu\/?s={search_term_string}"},"query-input":{"@type":"PropertyValueSpecification","valueRequired":true,"valueName":"search_term_string"}}],"inLanguage":"hu"},{"@type":"Organization","@id":"https:\/\/prismagamers.com\/hu\/#organization","name":"Prismagamers","url":"https:\/\/prismagamers.com\/hu\/","logo":{"@type":"ImageObject","inLanguage":"hu","@id":"https:\/\/prismagamers.com\/hu\/#\/schema\/logo\/image\/","url":"https:\/\/prismagamers.com\/wp-content\/uploads\/2022\/04\/cropped-logo-Prismagamers-01-scaled-1.jpg","contentUrl":"https:\/\/prismagamers.com\/wp-content\/uploads\/2022\/04\/cropped-logo-Prismagamers-01-scaled-1.jpg","width":512,"height":512,"caption":"Prismagamers"},"image":{"@id":"https:\/\/prismagamers.com\/hu\/#\/schema\/logo\/image\/"},"sameAs":["https:\/\/www.facebook.com\/prismagamers","https:\/\/www.instagram.com\/prismagamers_grycyfrowe\/"],"description":"Prismagamers.com to dynamiczny sklep z grami cyfrowymi, stworzony z my\u015bl\u0105 o entuzjastach gier wideo. Nasza strona oferuje szerok\u0105 gam\u0119 gier komputerowych, w tym najnowsze tytu\u0142y, dobrze znane klasyki oraz gry stworzone przez niezale\u017cne studia Ca\u0142y czas d\u0105\u017cymy do rozszerzenia naszej oferty. Do\u0142\u0105cz do nas i sta\u0144 si\u0119 cz\u0119\u015bci\u0105 naszej rosn\u0105cej spo\u0142eczno\u015bci graczy!","email":"shop@prismagamers.com","telephone":"48795541705","legalName":"East Caravan Maksym \u017bukow","foundingDate":"2012-05-10","vatID":"PL8943038612","taxID":"PL8943038612","numberOfEmployees":{"@type":"QuantitativeValue","minValue":"11","maxValue":"50"}}]}},"_links":{"self":[{"href":"https:\/\/prismagamers.com\/hu\/wp-json\/wp\/v2\/product\/42392","targetHints":{"allow":["GET"]}}],"collection":[{"href":"https:\/\/prismagamers.com\/hu\/wp-json\/wp\/v2\/product"}],"about":[{"href":"https:\/\/prismagamers.com\/hu\/wp-json\/wp\/v2\/types\/product"}],"wp:featuredmedia":[{"embeddable":true,"href":"https:\/\/prismagamers.com\/hu\/wp-json\/wp\/v2\/media\/25848"}],"wp:attachment":[{"href":"https:\/\/prismagamers.com\/hu\/wp-json\/wp\/v2\/media?parent=42392"}],"wp:term":[{"taxonomy":"product_brand","embeddable":true,"href":"https:\/\/prismagamers.com\/hu\/wp-json\/wp\/v2\/product_brand?post=42392"},{"taxonomy":"product_cat","embeddable":true,"href":"https:\/\/prismagamers.com\/hu\/wp-json\/wp\/v2\/product_cat?post=42392"},{"taxonomy":"product_tag","embeddable":true,"href":"https:\/\/prismagamers.com\/hu\/wp-json\/wp\/v2\/product_tag?post=42392"}],"curies":[{"name":"wp","href":"https:\/\/api.w.org\/{rel}","templated":true}]}}