{"id":42394,"date":"2023-08-08T20:47:55","date_gmt":"2023-08-08T18:47:55","guid":{"rendered":"https:\/\/prismagamers.com\/produkt\/farming-simulator-22-horsch\/"},"modified":"2023-08-08T20:47:55","modified_gmt":"2023-08-08T18:47:55","slug":"farming-simulator-22-horsch","status":"publish","type":"product","link":"https:\/\/prismagamers.com\/hu\/produkt\/farming-simulator-22-horsch\/","title":{"rendered":"Farming Simulator 22: HORSCH"},"content":{"rendered":"<p>A HORSCH a sek\u00e9ly talajm\u0171vel\u00e9sre val\u00f3 specializ\u00e1l\u00f3d\u00e1s\u00e1r\u00f3l ismert, amely meg\u00f3vja a talajt a k\u00e1rosod\u00e1st\u00f3l. Haszn\u00e1lja ki a nagyobb munkasz\u00e9less\u00e9get \u00e9s a precizit\u00e1st, amely megk\u00fcl\u00f6nb\u00f6zteti ezeket a g\u00e9peket a versenyt\u00e1rsakt\u00f3l. <\/p>\n<p>A HORSCH AgroVation csomag a Farming Simulator 22-hez 14 \u00faj eszk\u00f6zt &#8211; a prec\u00edzi\u00f3s vet\u0151g\u00e9pekt\u0151l a kultiv\u00e1torokig \u00e9s ekevasakig -, valamint a vonz\u00f3 \u00faj AgroVation t\u00e9rk\u00e9pet mutatja be, amely jelent\u0151s \u00e1talak\u00edt\u00e1son esett \u00e1t.<\/p>\n<p>Sokoldal\u00fas\u00e1g, gyors m\u0171k\u00f6d\u00e9s \u00e9s alacsony energiaig\u00e9ny.<\/p>\n<div style=\"width: 854px;\" class=\"wp-video\"><video class=\"wp-video-shortcode\" id=\"video-42394-1\" width=\"854\" height=\"480\" preload=\"metadata\" controls=\"controls\"><source type=\"video\/mp4\" src=\"https:\/\/prismagamers.com\/wp-content\/uploads\/2023\/08\/movie480.mp4?_=1\" \/><a href=\"https:\/\/prismagamers.com\/wp-content\/uploads\/2023\/08\/movie480.mp4\">https:\/\/prismagamers.com\/wp-content\/uploads\/2023\/08\/movie480.mp4<\/a><\/video><\/div>\n<p>A HORSCH AgroVation csomag \u00e1tfog\u00f3 eszk\u00f6z\u00f6ket biztos\u00edt a gyors m\u0171vel\u00e9shez, talajel\u0151k\u00e9sz\u00edt\u00e9shez \u00e9s \u00fcltet\u00e9shez.<\/p>\n<p>Ezenk\u00edv\u00fcl felfedezheti egy val\u00f3di AgroVation farm virtu\u00e1lis rekonstrukci\u00f3j\u00e1t.<\/p>\n<p>Ezen k\u00edv\u00fcl a csomag tartalmaz egy \u00faj t\u00e9rk\u00e9pet a Farming Simulator 22-hez, amely a csehorsz\u00e1gi Kn\u011b\u017emostban tal\u00e1lhat\u00f3 HORSCH AgroVation farmot t\u00fckr\u00f6zi. Ez a t\u00e9rk\u00e9p k\u00fcl\u00f6nb\u00f6z\u0151 form\u00e1j\u00fa \u00e9s r\u00e9szletgazdag mez\u0151k sz\u00e9les v\u00e1laszt\u00e9k\u00e1t k\u00edn\u00e1lja, \u00e9s kiv\u00e1l\u00f3 lehet\u0151s\u00e9get biztos\u00edt arra, hogy az \u00faj g\u00e9pparkot term\u00e9szetes k\u00f6rnyezet\u00fckben haszn\u00e1lhassuk. <\/p>\n<p>A HORSCH AgroVation csomag nagyszer\u0171 lehet\u0151s\u00e9g minden HORSCH rajong\u00f3 \u00e9s a nagy \u00e9s kis f\u00f6ldek val\u00f3s\u00e1gh\u0171 k\u00f6r\u00fclm\u00e9nyek k\u00f6z\u00f6tti megmunk\u00e1l\u00e1s\u00e1nak szerelmesei sz\u00e1m\u00e1ra. \u00cdme n\u00e9h\u00e1ny a HORSCH AgroVation csomagban el\u00e9rhet\u0151 g\u00e9pek k\u00f6z\u00fcl: <\/p>\n<p>Avatar 12.25 SD<br \/>\nCultro 9 TC<br \/>\nCultro 12 TC<br \/>\nCura 24 ST<br \/>\nFiner 6 SL<br \/>\nJoker 8 RT<br \/>\nMaestro 9.75 RX<br \/>\nMaestro 24.50 SV<br \/>\nPartner 1600 FT<br \/>\nPronto 3 DC<br \/>\nPronto 6 DC<br \/>\nTaro 6 SL<br \/>\nTiger 8 MT<br \/>\nTransformer 12 VF<\/p>\n<p>&nbsp;<\/p>\n<p><strong>A kieg\u00e9sz\u00edt\u0151h\u00f6z a j\u00e1t\u00e9k alapverzi\u00f3ja sz\u00fcks\u00e9ges!<\/strong><\/p>\n","protected":false},"excerpt":{"rendered":"<p>A HORSCH AgroVation csomag minden sz\u00fcks\u00e9ges eszk\u00f6zt biztos\u00edt a gyors sz\u00e1nt\u00e1shoz, talaj-el\u0151k\u00e9sz\u00edt\u00e9shez \u00e9s \u00fcltet\u00e9shez.<\/p>\n<p>\ud83c\udf0d Global<br \/>\n\u2699\ufe0f Steam<br \/>\n\ud83d\udddd Digit\u00e1lis kulcs.<\/p>\n","protected":false},"featured_media":25805,"template":"","meta":{"_acf_changed":false,"site-sidebar-layout":"default","site-content-layout":"default","ast-site-content-layout":"default","site-content-style":"default","site-sidebar-style":"default","ast-global-header-display":"","ast-banner-title-visibility":"","ast-main-header-display":"","ast-hfb-above-header-display":"","ast-hfb-below-header-display":"","ast-hfb-mobile-header-display":"","site-post-title":"","ast-breadcrumbs-content":"","ast-featured-img":"","footer-sml-layout":"","ast-disable-related-posts":"","theme-transparent-header-meta":"default","adv-header-id-meta":"","stick-header-meta":"","header-above-stick-meta":"","header-main-stick-meta":"","header-below-stick-meta":"","astra-migrate-meta-layouts":"default","ast-page-background-enabled":"default","ast-page-background-meta":{"desktop":{"background-color":"var(--ast-global-color-4)","background-image":"","background-repeat":"repeat","background-position":"center center","background-size":"auto","background-attachment":"scroll","background-type":"","background-media":"","overlay-type":"","overlay-color":"","overlay-opacity":"","overlay-gradient":""},"tablet":{"background-color":"","background-image":"","background-repeat":"repeat","background-position":"center center","background-size":"auto","background-attachment":"scroll","background-type":"","background-media":"","overlay-type":"","overlay-color":"","overlay-opacity":"","overlay-gradient":""},"mobile":{"background-color":"","background-image":"","background-repeat":"repeat","background-position":"center center","background-size":"auto","background-attachment":"scroll","background-type":"","background-media":"","overlay-type":"","overlay-color":"","overlay-opacity":"","overlay-gradient":""}},"ast-content-background-meta":{"desktop":{"background-color":"var(--ast-global-color-5)","background-image":"","background-repeat":"repeat","background-position":"center center","background-size":"auto","background-attachment":"scroll","background-type":"","background-media":"","overlay-type":"","overlay-color":"","overlay-opacity":"","overlay-gradient":""},"tablet":{"background-color":"var(--ast-global-color-5)","background-image":"","background-repeat":"repeat","background-position":"center center","background-size":"auto","background-attachment":"scroll","background-type":"","background-media":"","overlay-type":"","overlay-color":"","overlay-opacity":"","overlay-gradient":""},"mobile":{"background-color":"var(--ast-global-color-5)","background-image":"","background-repeat":"repeat","background-position":"center center","background-size":"auto","background-attachment":"scroll","background-type":"","background-media":"","overlay-type":"","overlay-color":"","overlay-opacity":"","overlay-gradient":""}}},"product_brand":[],"product_cat":[394,368,365,372,367],"product_tag":[],"class_list":{"0":"post-42394","1":"product","2":"type-product","3":"status-publish","4":"has-post-thumbnail","6":"product_cat-digitalis-jatekok","7":"product_cat-dlc-hu","8":"product_cat-goz","9":"product_cat-jatekok-szimulatorok","10":"product_cat-pc-jatekok","11":"desktop-align-left","12":"tablet-align-left","13":"mobile-align-left","15":"first","16":"instock","17":"shipping-taxable","18":"purchasable","19":"product-type-simple"},"acf":[],"yoast_head":"<!-- This site is optimized with the Yoast SEO Premium plugin v27.4 (Yoast SEO v27.4) - https:\/\/yoast.com\/product\/yoast-seo-premium-wordpress\/ -->\n<title>Farming Simulator 22: HORSCH - Prismagamers.com<\/title>\n<meta name=\"description\" content=\"A HORSCH AgroVation csomag minden sz\u00fcks\u00e9ges eszk\u00f6zt biztos\u00edt a gyors sz\u00e1nt\u00e1shoz, talaj-el\u0151k\u00e9sz\u00edt\u00e9shez \u00e9s \u00fcltet\u00e9shez. \ud83c\udf0d Global \u2699\ufe0f Steam \ud83d\udddd Digit\u00e1lis kulcs.\" \/>\n<meta name=\"robots\" content=\"index, follow, max-snippet:-1, max-image-preview:large, max-video-preview:-1\" \/>\n<link rel=\"canonical\" href=\"https:\/\/prismagamers.com\/hu\/produkt\/farming-simulator-22-horsch\/\" \/>\n<meta property=\"og:locale\" content=\"hu_HU\" \/>\n<meta property=\"og:type\" content=\"article\" \/>\n<meta property=\"og:title\" content=\"Farming Simulator 22: HORSCH\" \/>\n<meta property=\"og:description\" content=\"A HORSCH AgroVation csomag minden sz\u00fcks\u00e9ges eszk\u00f6zt biztos\u00edt a gyors sz\u00e1nt\u00e1shoz, talaj-el\u0151k\u00e9sz\u00edt\u00e9shez \u00e9s \u00fcltet\u00e9shez. \ud83c\udf0d Global \u2699\ufe0f Steam \ud83d\udddd Digit\u00e1lis kulcs.\" \/>\n<meta property=\"og:url\" content=\"https:\/\/prismagamers.com\/hu\/produkt\/farming-simulator-22-horsch\/\" \/>\n<meta property=\"og:site_name\" content=\"Prismagamers.com\" \/>\n<meta property=\"article:publisher\" content=\"https:\/\/www.facebook.com\/prismagamers\" \/>\n<meta property=\"og:image\" content=\"https:\/\/prismagamers.com\/wp-content\/uploads\/2023\/08\/Farming-Simulator-22-HORSCH-AgroVation-Pack.jpg\" \/>\n\t<meta property=\"og:image:width\" content=\"570\" \/>\n\t<meta property=\"og:image:height\" content=\"400\" \/>\n\t<meta property=\"og:image:type\" content=\"image\/jpeg\" \/>\n<meta name=\"twitter:card\" content=\"summary_large_image\" \/>\n<meta name=\"twitter:label1\" content=\"Becs\u00fclt olvas\u00e1si id\u0151\" \/>\n\t<meta name=\"twitter:data1\" content=\"2 perc\" \/>\n<script type=\"application\/ld+json\" class=\"yoast-schema-graph\">{\"@context\":\"https:\\\/\\\/schema.org\",\"@graph\":[{\"@type\":\"WebPage\",\"@id\":\"https:\\\/\\\/prismagamers.com\\\/hu\\\/produkt\\\/farming-simulator-22-horsch\\\/\",\"url\":\"https:\\\/\\\/prismagamers.com\\\/hu\\\/produkt\\\/farming-simulator-22-horsch\\\/\",\"name\":\"Farming Simulator 22: HORSCH - Prismagamers.com\",\"isPartOf\":{\"@id\":\"https:\\\/\\\/prismagamers.com\\\/hu\\\/#website\"},\"primaryImageOfPage\":{\"@id\":\"https:\\\/\\\/prismagamers.com\\\/hu\\\/produkt\\\/farming-simulator-22-horsch\\\/#primaryimage\"},\"image\":{\"@id\":\"https:\\\/\\\/prismagamers.com\\\/hu\\\/produkt\\\/farming-simulator-22-horsch\\\/#primaryimage\"},\"thumbnailUrl\":\"https:\\\/\\\/prismagamers.com\\\/wp-content\\\/uploads\\\/2023\\\/08\\\/Farming-Simulator-22-HORSCH-AgroVation-Pack.jpg\",\"datePublished\":\"2023-08-08T18:47:55+00:00\",\"description\":\"A HORSCH AgroVation csomag minden sz\u00fcks\u00e9ges eszk\u00f6zt biztos\u00edt a gyors sz\u00e1nt\u00e1shoz, talaj-el\u0151k\u00e9sz\u00edt\u00e9shez \u00e9s \u00fcltet\u00e9shez. \ud83c\udf0d Global \u2699\ufe0f Steam \ud83d\udddd Digit\u00e1lis kulcs.\",\"breadcrumb\":{\"@id\":\"https:\\\/\\\/prismagamers.com\\\/hu\\\/produkt\\\/farming-simulator-22-horsch\\\/#breadcrumb\"},\"inLanguage\":\"hu\",\"potentialAction\":[{\"@type\":\"ReadAction\",\"target\":[\"https:\\\/\\\/prismagamers.com\\\/hu\\\/produkt\\\/farming-simulator-22-horsch\\\/\"]}]},{\"@type\":\"ImageObject\",\"inLanguage\":\"hu\",\"@id\":\"https:\\\/\\\/prismagamers.com\\\/hu\\\/produkt\\\/farming-simulator-22-horsch\\\/#primaryimage\",\"url\":\"https:\\\/\\\/prismagamers.com\\\/wp-content\\\/uploads\\\/2023\\\/08\\\/Farming-Simulator-22-HORSCH-AgroVation-Pack.jpg\",\"contentUrl\":\"https:\\\/\\\/prismagamers.com\\\/wp-content\\\/uploads\\\/2023\\\/08\\\/Farming-Simulator-22-HORSCH-AgroVation-Pack.jpg\",\"width\":570,\"height\":400},{\"@type\":\"BreadcrumbList\",\"@id\":\"https:\\\/\\\/prismagamers.com\\\/hu\\\/produkt\\\/farming-simulator-22-horsch\\\/#breadcrumb\",\"itemListElement\":[{\"@type\":\"ListItem\",\"position\":1,\"name\":\"Strona g\u0142\u00f3wna\",\"item\":\"https:\\\/\\\/prismagamers.com\\\/hu\\\/prismagamers\\\/\"},{\"@type\":\"ListItem\",\"position\":2,\"name\":\"Shop\",\"item\":\"https:\\\/\\\/prismagamers.com\\\/hu\\\/shop\\\/\"},{\"@type\":\"ListItem\",\"position\":3,\"name\":\"Farming Simulator 22: HORSCH\"}]},{\"@type\":\"WebSite\",\"@id\":\"https:\\\/\\\/prismagamers.com\\\/hu\\\/#website\",\"url\":\"https:\\\/\\\/prismagamers.com\\\/hu\\\/\",\"name\":\"Prismagamers\",\"description\":\"Sklep z grami PC I Sklep klucze Steam\",\"publisher\":{\"@id\":\"https:\\\/\\\/prismagamers.com\\\/hu\\\/#organization\"},\"potentialAction\":[{\"@type\":\"SearchAction\",\"target\":{\"@type\":\"EntryPoint\",\"urlTemplate\":\"https:\\\/\\\/prismagamers.com\\\/hu\\\/?s={search_term_string}\"},\"query-input\":{\"@type\":\"PropertyValueSpecification\",\"valueRequired\":true,\"valueName\":\"search_term_string\"}}],\"inLanguage\":\"hu\"},{\"@type\":\"Organization\",\"@id\":\"https:\\\/\\\/prismagamers.com\\\/hu\\\/#organization\",\"name\":\"Prismagamers\",\"url\":\"https:\\\/\\\/prismagamers.com\\\/hu\\\/\",\"logo\":{\"@type\":\"ImageObject\",\"inLanguage\":\"hu\",\"@id\":\"https:\\\/\\\/prismagamers.com\\\/hu\\\/#\\\/schema\\\/logo\\\/image\\\/\",\"url\":\"https:\\\/\\\/prismagamers.com\\\/wp-content\\\/uploads\\\/2022\\\/04\\\/cropped-logo-Prismagamers-01-scaled-1.jpg\",\"contentUrl\":\"https:\\\/\\\/prismagamers.com\\\/wp-content\\\/uploads\\\/2022\\\/04\\\/cropped-logo-Prismagamers-01-scaled-1.jpg\",\"width\":512,\"height\":512,\"caption\":\"Prismagamers\"},\"image\":{\"@id\":\"https:\\\/\\\/prismagamers.com\\\/hu\\\/#\\\/schema\\\/logo\\\/image\\\/\"},\"sameAs\":[\"https:\\\/\\\/www.facebook.com\\\/prismagamers\",\"https:\\\/\\\/www.instagram.com\\\/prismagamers_grycyfrowe\\\/\"],\"description\":\"Prismagamers.com to dynamiczny sklep z grami cyfrowymi, stworzony z my\u015bl\u0105 o entuzjastach gier wideo. Nasza strona oferuje szerok\u0105 gam\u0119 gier komputerowych, w tym najnowsze tytu\u0142y, dobrze znane klasyki oraz gry stworzone przez niezale\u017cne studia Ca\u0142y czas d\u0105\u017cymy do rozszerzenia naszej oferty. Do\u0142\u0105cz do nas i sta\u0144 si\u0119 cz\u0119\u015bci\u0105 naszej rosn\u0105cej spo\u0142eczno\u015bci graczy!\",\"email\":\"shop@prismagamers.com\",\"telephone\":\"48795541705\",\"legalName\":\"East Caravan Maksym \u017bukow\",\"foundingDate\":\"2012-05-10\",\"vatID\":\"PL8943038612\",\"taxID\":\"PL8943038612\",\"numberOfEmployees\":{\"@type\":\"QuantitativeValue\",\"minValue\":\"11\",\"maxValue\":\"50\"}}]}<\/script>\n<!-- \/ Yoast SEO Premium plugin. -->","yoast_head_json":{"title":"Farming Simulator 22: HORSCH - Prismagamers.com","description":"A HORSCH AgroVation csomag minden sz\u00fcks\u00e9ges eszk\u00f6zt biztos\u00edt a gyors sz\u00e1nt\u00e1shoz, talaj-el\u0151k\u00e9sz\u00edt\u00e9shez \u00e9s \u00fcltet\u00e9shez. \ud83c\udf0d Global \u2699\ufe0f Steam \ud83d\udddd Digit\u00e1lis kulcs.","robots":{"index":"index","follow":"follow","max-snippet":"max-snippet:-1","max-image-preview":"max-image-preview:large","max-video-preview":"max-video-preview:-1"},"canonical":"https:\/\/prismagamers.com\/hu\/produkt\/farming-simulator-22-horsch\/","og_locale":"hu_HU","og_type":"article","og_title":"Farming Simulator 22: HORSCH","og_description":"A HORSCH AgroVation csomag minden sz\u00fcks\u00e9ges eszk\u00f6zt biztos\u00edt a gyors sz\u00e1nt\u00e1shoz, talaj-el\u0151k\u00e9sz\u00edt\u00e9shez \u00e9s \u00fcltet\u00e9shez. \ud83c\udf0d Global \u2699\ufe0f Steam \ud83d\udddd Digit\u00e1lis kulcs.","og_url":"https:\/\/prismagamers.com\/hu\/produkt\/farming-simulator-22-horsch\/","og_site_name":"Prismagamers.com","article_publisher":"https:\/\/www.facebook.com\/prismagamers","og_image":[{"width":570,"height":400,"url":"https:\/\/prismagamers.com\/wp-content\/uploads\/2023\/08\/Farming-Simulator-22-HORSCH-AgroVation-Pack.jpg","type":"image\/jpeg"}],"twitter_card":"summary_large_image","twitter_misc":{"Becs\u00fclt olvas\u00e1si id\u0151":"2 perc"},"schema":{"@context":"https:\/\/schema.org","@graph":[{"@type":"WebPage","@id":"https:\/\/prismagamers.com\/hu\/produkt\/farming-simulator-22-horsch\/","url":"https:\/\/prismagamers.com\/hu\/produkt\/farming-simulator-22-horsch\/","name":"Farming Simulator 22: HORSCH - Prismagamers.com","isPartOf":{"@id":"https:\/\/prismagamers.com\/hu\/#website"},"primaryImageOfPage":{"@id":"https:\/\/prismagamers.com\/hu\/produkt\/farming-simulator-22-horsch\/#primaryimage"},"image":{"@id":"https:\/\/prismagamers.com\/hu\/produkt\/farming-simulator-22-horsch\/#primaryimage"},"thumbnailUrl":"https:\/\/prismagamers.com\/wp-content\/uploads\/2023\/08\/Farming-Simulator-22-HORSCH-AgroVation-Pack.jpg","datePublished":"2023-08-08T18:47:55+00:00","description":"A HORSCH AgroVation csomag minden sz\u00fcks\u00e9ges eszk\u00f6zt biztos\u00edt a gyors sz\u00e1nt\u00e1shoz, talaj-el\u0151k\u00e9sz\u00edt\u00e9shez \u00e9s \u00fcltet\u00e9shez. \ud83c\udf0d Global \u2699\ufe0f Steam \ud83d\udddd Digit\u00e1lis kulcs.","breadcrumb":{"@id":"https:\/\/prismagamers.com\/hu\/produkt\/farming-simulator-22-horsch\/#breadcrumb"},"inLanguage":"hu","potentialAction":[{"@type":"ReadAction","target":["https:\/\/prismagamers.com\/hu\/produkt\/farming-simulator-22-horsch\/"]}]},{"@type":"ImageObject","inLanguage":"hu","@id":"https:\/\/prismagamers.com\/hu\/produkt\/farming-simulator-22-horsch\/#primaryimage","url":"https:\/\/prismagamers.com\/wp-content\/uploads\/2023\/08\/Farming-Simulator-22-HORSCH-AgroVation-Pack.jpg","contentUrl":"https:\/\/prismagamers.com\/wp-content\/uploads\/2023\/08\/Farming-Simulator-22-HORSCH-AgroVation-Pack.jpg","width":570,"height":400},{"@type":"BreadcrumbList","@id":"https:\/\/prismagamers.com\/hu\/produkt\/farming-simulator-22-horsch\/#breadcrumb","itemListElement":[{"@type":"ListItem","position":1,"name":"Strona g\u0142\u00f3wna","item":"https:\/\/prismagamers.com\/hu\/prismagamers\/"},{"@type":"ListItem","position":2,"name":"Shop","item":"https:\/\/prismagamers.com\/hu\/shop\/"},{"@type":"ListItem","position":3,"name":"Farming Simulator 22: HORSCH"}]},{"@type":"WebSite","@id":"https:\/\/prismagamers.com\/hu\/#website","url":"https:\/\/prismagamers.com\/hu\/","name":"Prismagamers","description":"Sklep z grami PC I Sklep klucze Steam","publisher":{"@id":"https:\/\/prismagamers.com\/hu\/#organization"},"potentialAction":[{"@type":"SearchAction","target":{"@type":"EntryPoint","urlTemplate":"https:\/\/prismagamers.com\/hu\/?s={search_term_string}"},"query-input":{"@type":"PropertyValueSpecification","valueRequired":true,"valueName":"search_term_string"}}],"inLanguage":"hu"},{"@type":"Organization","@id":"https:\/\/prismagamers.com\/hu\/#organization","name":"Prismagamers","url":"https:\/\/prismagamers.com\/hu\/","logo":{"@type":"ImageObject","inLanguage":"hu","@id":"https:\/\/prismagamers.com\/hu\/#\/schema\/logo\/image\/","url":"https:\/\/prismagamers.com\/wp-content\/uploads\/2022\/04\/cropped-logo-Prismagamers-01-scaled-1.jpg","contentUrl":"https:\/\/prismagamers.com\/wp-content\/uploads\/2022\/04\/cropped-logo-Prismagamers-01-scaled-1.jpg","width":512,"height":512,"caption":"Prismagamers"},"image":{"@id":"https:\/\/prismagamers.com\/hu\/#\/schema\/logo\/image\/"},"sameAs":["https:\/\/www.facebook.com\/prismagamers","https:\/\/www.instagram.com\/prismagamers_grycyfrowe\/"],"description":"Prismagamers.com to dynamiczny sklep z grami cyfrowymi, stworzony z my\u015bl\u0105 o entuzjastach gier wideo. Nasza strona oferuje szerok\u0105 gam\u0119 gier komputerowych, w tym najnowsze tytu\u0142y, dobrze znane klasyki oraz gry stworzone przez niezale\u017cne studia Ca\u0142y czas d\u0105\u017cymy do rozszerzenia naszej oferty. Do\u0142\u0105cz do nas i sta\u0144 si\u0119 cz\u0119\u015bci\u0105 naszej rosn\u0105cej spo\u0142eczno\u015bci graczy!","email":"shop@prismagamers.com","telephone":"48795541705","legalName":"East Caravan Maksym \u017bukow","foundingDate":"2012-05-10","vatID":"PL8943038612","taxID":"PL8943038612","numberOfEmployees":{"@type":"QuantitativeValue","minValue":"11","maxValue":"50"}}]}},"_links":{"self":[{"href":"https:\/\/prismagamers.com\/hu\/wp-json\/wp\/v2\/product\/42394","targetHints":{"allow":["GET"]}}],"collection":[{"href":"https:\/\/prismagamers.com\/hu\/wp-json\/wp\/v2\/product"}],"about":[{"href":"https:\/\/prismagamers.com\/hu\/wp-json\/wp\/v2\/types\/product"}],"wp:featuredmedia":[{"embeddable":true,"href":"https:\/\/prismagamers.com\/hu\/wp-json\/wp\/v2\/media\/25805"}],"wp:attachment":[{"href":"https:\/\/prismagamers.com\/hu\/wp-json\/wp\/v2\/media?parent=42394"}],"wp:term":[{"taxonomy":"product_brand","embeddable":true,"href":"https:\/\/prismagamers.com\/hu\/wp-json\/wp\/v2\/product_brand?post=42394"},{"taxonomy":"product_cat","embeddable":true,"href":"https:\/\/prismagamers.com\/hu\/wp-json\/wp\/v2\/product_cat?post=42394"},{"taxonomy":"product_tag","embeddable":true,"href":"https:\/\/prismagamers.com\/hu\/wp-json\/wp\/v2\/product_tag?post=42394"}],"curies":[{"name":"wp","href":"https:\/\/api.w.org\/{rel}","templated":true}]}}