{"id":42395,"date":"2023-08-08T20:57:06","date_gmt":"2023-08-08T18:57:06","guid":{"rendered":"https:\/\/prismagamers.com\/produkt\/farming-simulator-22-hay-forage\/"},"modified":"2023-08-08T20:57:06","modified_gmt":"2023-08-08T18:57:06","slug":"farming-simulator-22-hay-forage","status":"publish","type":"product","link":"https:\/\/prismagamers.com\/hu\/produkt\/farming-simulator-22-hay-forage\/","title":{"rendered":"Farming Simulator 22: Hay &amp; Forage<br><br>"},"content":{"rendered":"<p><strong>A sz\u00e9na \u00e9s takarm\u00e1ny csomagra vonatkoz\u00f3 legfontosabb inform\u00e1ci\u00f3k:<\/strong><\/p>\n<p>&nbsp;<\/p>\n<ul>\n<li>\u00cdme az \u00faj m\u00e1rk\u00e1k, amelyeket kipr\u00f3b\u00e1lhatsz a Farming Simulator 22-ben: Brielmaier, REFORM \u00e9s Reiter.<\/li>\n<li>Haszn\u00e1ljon h\u00e9t mez\u0151gazdas\u00e1gi gy\u00e1rt\u00f3 hitelesen reproduk\u00e1lt g\u00e9peit.<\/li>\n<li>A KRONE, a P\u00d6TTINGER, a Rigitrac \u00e9s a Sepp Kn\u00fcsel g\u00e9pei b\u0151v\u00edtik a rendelkez\u00e9sre \u00e1ll\u00f3 flott\u00e1nkat.<\/li>\n<li>Haszn\u00e1lja ki az olyan professzion\u00e1lis traktorok el\u0151nyeit, mint a REFORM Metrac H75 vagy a Rigitrac SKH 60, amelyek neh\u00e9z terepen is haszn\u00e1lhat\u00f3 f\u00fclk\u00e9vel rendelkeznek.<\/li>\n<li>Kezdje el a kasz\u00e1l\u00e1st a KRONE EasyCut F 320 Highland mozgathat\u00f3 oldallapokkal \u00e9s m\u00e9g sok m\u00e1ssal.<\/li>\n<li>A RESPIRO R3 Compact, R7 RD \u00e9s R9 Profi g\u00e9pek egyedi funkci\u00f3inak k\u00f6sz\u00f6nhet\u0151en kihaszn\u00e1lhatja a neh\u00e9z terepviszonyokhoz ide\u00e1lisan illeszked\u0151 gerebly\u00e9k el\u0151nyeit.<\/li>\n<li>A nyersanyagok sz\u00e1ll\u00edt\u00e1sa tart\u00e1lyos p\u00f3tkocsikkal, mint p\u00e9ld\u00e1ul a REFORM PrimAlpin vagy a P\u00d6TTINGER JUMBO 8450 DB.<\/li>\n<\/ul>\n<p><a href=\"https:\/\/prismagamers.com\/wp-content\/uploads\/2023\/08\/ss_1d4b30dea3b291c83aae29b5b08da8088ae8dede.1920x1080.jpg\"><img fetchpriority=\"high\" decoding=\"async\" class=\"size-medium wp-image-4292 aligncenter\" src=\"https:\/\/prismagamers.com\/wp-content\/uploads\/2023\/08\/ss_1d4b30dea3b291c83aae29b5b08da8088ae8dede.1920x1080-300x169.jpg\" alt=\"\" width=\"300\" height=\"169\" srcset=\"https:\/\/prismagamers.com\/wp-content\/uploads\/2023\/08\/ss_1d4b30dea3b291c83aae29b5b08da8088ae8dede.1920x1080-300x169.jpg 300w, https:\/\/prismagamers.com\/wp-content\/uploads\/2023\/08\/ss_1d4b30dea3b291c83aae29b5b08da8088ae8dede.1920x1080-1024x576.jpg 1024w, https:\/\/prismagamers.com\/wp-content\/uploads\/2023\/08\/ss_1d4b30dea3b291c83aae29b5b08da8088ae8dede.1920x1080-768x432.jpg 768w, https:\/\/prismagamers.com\/wp-content\/uploads\/2023\/08\/ss_1d4b30dea3b291c83aae29b5b08da8088ae8dede.1920x1080-1536x864.jpg 1536w, https:\/\/prismagamers.com\/wp-content\/uploads\/2023\/08\/ss_1d4b30dea3b291c83aae29b5b08da8088ae8dede.1920x1080-600x338.jpg 600w, https:\/\/prismagamers.com\/wp-content\/uploads\/2023\/08\/ss_1d4b30dea3b291c83aae29b5b08da8088ae8dede.1920x1080.jpg 1920w\" sizes=\"(max-width: 300px) 100vw, 300px\" \/><\/a><\/p>\n<p><strong>A sz\u00e9na \u00e9s takarm\u00e1ny csomagban kaphat\u00f3 g\u00e9pek:<\/strong><\/p>\n<p>Brielmaier &#8211; Motoros f\u0171ny\u00edr\u00f3 S250<br \/>\nKRONE &#8211; EasyCut F 320 Highland<br \/>\nKRONE &#8211; Swadro S 350 Highland<br \/>\nKRONE &#8211; Vendro 820 Highland<br \/>\nP\u00d6TTINGER &#8211; JUMBO 8450 DB<br \/>\nP\u00d6TTINGER &#8211; TOP 1403 C<br \/>\nREFORM &#8211; SZEREL\u00c9KEK 110V<br \/>\nREFORM &#8211; MULI T8X<br \/>\nREFORM &#8211; Metrac<br \/>\nREFORM &#8211; PrimAlpin<br \/>\nREFORM &#8211; billen\u0151egys\u00e9g<br \/>\nReiter &#8211; R3 kompakt 700<br \/>\nReiter &#8211; R7 rd<br \/>\nReiter &#8211; R9 profi<br \/>\nRigitrac &#8211; SKH 60<br \/>\nSepp Kn\u00fcsel &#8211; Torn\u00e1d\u00f3<br \/>\nSepp Kn\u00fcsel &#8211; Torn\u00e1d\u00f3 Plusz<\/p>\n","protected":false},"excerpt":{"rendered":"<p>Legy\u00e9l \u00farr\u00e1 a mez\u0151k\u00f6n, hegyeken \u00e9s meredek dombokon 17 speci\u00e1lis g\u00e9ppel, hogy n\u00f6veld a sz\u00e9na- \u00e9s takarm\u00e1nytermel\u00e9st! A GIANTS Software h\u00e1rom \u00faj m\u00e1rk\u00e1t \u00e9s sz\u00e1mos \u00faj j\u00e1rm\u0171vet \u00e9s eszk\u00f6zt mutat be a Hay &amp; Forage csomagban m\u00e9g t\u00f6bb neves gy\u00e1rt\u00f3t\u00f3l. E g\u00e9pek mindegyike megk\u00f6nny\u00edti \u00e9s kifizet\u0151d\u0151bb\u00e9 teszi a munk\u00e1t a hatalmas legel\u0151k\u00f6n vagy a gazdas\u00e1got k\u00f6r\u00fclvev\u0151 nehezebb terepeken.  <\/p>\n<p>\ud83c\udf0d Glob\u00e1lis<br \/>\n\u2699\ufe0f Steam<br \/>\n\ud83d\udddd Digit\u00e1lis kulcs<\/p>\n","protected":false},"featured_media":25810,"template":"","meta":{"_acf_changed":false,"site-sidebar-layout":"default","site-content-layout":"default","ast-site-content-layout":"default","site-content-style":"default","site-sidebar-style":"default","ast-global-header-display":"","ast-banner-title-visibility":"","ast-main-header-display":"","ast-hfb-above-header-display":"","ast-hfb-below-header-display":"","ast-hfb-mobile-header-display":"","site-post-title":"","ast-breadcrumbs-content":"","ast-featured-img":"","footer-sml-layout":"","ast-disable-related-posts":"","theme-transparent-header-meta":"default","adv-header-id-meta":"","stick-header-meta":"","header-above-stick-meta":"","header-main-stick-meta":"","header-below-stick-meta":"","astra-migrate-meta-layouts":"default","ast-page-background-enabled":"default","ast-page-background-meta":{"desktop":{"background-color":"var(--ast-global-color-4)","background-image":"","background-repeat":"repeat","background-position":"center center","background-size":"auto","background-attachment":"scroll","background-type":"","background-media":"","overlay-type":"","overlay-color":"","overlay-opacity":"","overlay-gradient":""},"tablet":{"background-color":"","background-image":"","background-repeat":"repeat","background-position":"center center","background-size":"auto","background-attachment":"scroll","background-type":"","background-media":"","overlay-type":"","overlay-color":"","overlay-opacity":"","overlay-gradient":""},"mobile":{"background-color":"","background-image":"","background-repeat":"repeat","background-position":"center center","background-size":"auto","background-attachment":"scroll","background-type":"","background-media":"","overlay-type":"","overlay-color":"","overlay-opacity":"","overlay-gradient":""}},"ast-content-background-meta":{"desktop":{"background-color":"var(--ast-global-color-5)","background-image":"","background-repeat":"repeat","background-position":"center center","background-size":"auto","background-attachment":"scroll","background-type":"","background-media":"","overlay-type":"","overlay-color":"","overlay-opacity":"","overlay-gradient":""},"tablet":{"background-color":"var(--ast-global-color-5)","background-image":"","background-repeat":"repeat","background-position":"center center","background-size":"auto","background-attachment":"scroll","background-type":"","background-media":"","overlay-type":"","overlay-color":"","overlay-opacity":"","overlay-gradient":""},"mobile":{"background-color":"var(--ast-global-color-5)","background-image":"","background-repeat":"repeat","background-position":"center center","background-size":"auto","background-attachment":"scroll","background-type":"","background-media":"","overlay-type":"","overlay-color":"","overlay-opacity":"","overlay-gradient":""}}},"product_brand":[],"product_cat":[368,365,372,378],"product_tag":[],"class_list":{"0":"post-42395","1":"product","2":"type-product","3":"status-publish","4":"has-post-thumbnail","6":"product_cat-dlc-hu","7":"product_cat-goz","8":"product_cat-jatekok-szimulatorok","9":"product_cat-minden-digitalis-jatek","10":"desktop-align-left","11":"tablet-align-left","12":"mobile-align-left","14":"first","15":"instock","16":"shipping-taxable","17":"purchasable","18":"product-type-simple"},"acf":[],"yoast_head":"<!-- This site is optimized with the Yoast SEO Premium plugin v27.4 (Yoast SEO v27.4) - https:\/\/yoast.com\/product\/yoast-seo-premium-wordpress\/ -->\n<title>Farming Simulator 22: Hay &amp; Forage - Prismagamers.com<\/title>\n<meta name=\"description\" content=\"Legy\u00e9l \u00farr\u00e1 a mez\u0151k\u00f6n, hegyeken \u00e9s meredek dombokon 17 speci\u00e1lis g\u00e9ppel, hogy n\u00f6veld a sz\u00e9na- \u00e9s takarm\u00e1nytermel\u00e9st! A GIANTS Software h\u00e1rom \u00faj m\u00e1rk\u00e1t \u00e9s sz\u00e1mos \u00faj j\u00e1rm\u0171vet \u00e9s eszk\u00f6zt mutat be a Hay &amp; Forage csomagban m\u00e9g t\u00f6bb neves gy\u00e1rt\u00f3t\u00f3l. E g\u00e9pek mindegyike megk\u00f6nny\u00edti \u00e9s kifizet\u0151d\u0151bb\u00e9 teszi a munk\u00e1t a hatalmas legel\u0151k\u00f6n vagy a gazdas\u00e1got k\u00f6r\u00fclvev\u0151 nehezebb terepeken.  \ud83c\udf0d Glob\u00e1lis \u2699\ufe0f Steam \ud83d\udddd Digit\u00e1lis kulcs\" \/>\n<meta name=\"robots\" content=\"index, follow, max-snippet:-1, max-image-preview:large, max-video-preview:-1\" \/>\n<link rel=\"canonical\" href=\"https:\/\/prismagamers.com\/hu\/produkt\/farming-simulator-22-hay-forage\/\" \/>\n<meta property=\"og:locale\" content=\"hu_HU\" \/>\n<meta property=\"og:type\" content=\"article\" \/>\n<meta property=\"og:title\" content=\"Farming Simulator 22: Hay &amp; Forage\" \/>\n<meta property=\"og:description\" content=\"Legy\u00e9l \u00farr\u00e1 a mez\u0151k\u00f6n, hegyeken \u00e9s meredek dombokon 17 speci\u00e1lis g\u00e9ppel, hogy n\u00f6veld a sz\u00e9na- \u00e9s takarm\u00e1nytermel\u00e9st! A GIANTS Software h\u00e1rom \u00faj m\u00e1rk\u00e1t \u00e9s sz\u00e1mos \u00faj j\u00e1rm\u0171vet \u00e9s eszk\u00f6zt mutat be a Hay &amp; Forage csomagban m\u00e9g t\u00f6bb neves gy\u00e1rt\u00f3t\u00f3l. E g\u00e9pek mindegyike megk\u00f6nny\u00edti \u00e9s kifizet\u0151d\u0151bb\u00e9 teszi a munk\u00e1t a hatalmas legel\u0151k\u00f6n vagy a gazdas\u00e1got k\u00f6r\u00fclvev\u0151 nehezebb terepeken.  \ud83c\udf0d Glob\u00e1lis \u2699\ufe0f Steam \ud83d\udddd Digit\u00e1lis kulcs\" \/>\n<meta property=\"og:url\" content=\"https:\/\/prismagamers.com\/hu\/produkt\/farming-simulator-22-hay-forage\/\" \/>\n<meta property=\"og:site_name\" content=\"Prismagamers.com\" \/>\n<meta property=\"article:publisher\" content=\"https:\/\/www.facebook.com\/prismagamers\" \/>\n<meta property=\"og:image\" content=\"https:\/\/prismagamers.com\/wp-content\/uploads\/2023\/08\/FS22_HayForage-Pack.jpg\" \/>\n\t<meta property=\"og:image:width\" content=\"460\" \/>\n\t<meta property=\"og:image:height\" content=\"215\" \/>\n\t<meta property=\"og:image:type\" content=\"image\/jpeg\" \/>\n<meta name=\"twitter:card\" content=\"summary_large_image\" \/>\n<meta name=\"twitter:label1\" content=\"Becs\u00fclt olvas\u00e1si id\u0151\" \/>\n\t<meta name=\"twitter:data1\" content=\"1 perc\" \/>\n<script type=\"application\/ld+json\" class=\"yoast-schema-graph\">{\"@context\":\"https:\\\/\\\/schema.org\",\"@graph\":[{\"@type\":\"WebPage\",\"@id\":\"https:\\\/\\\/prismagamers.com\\\/hu\\\/produkt\\\/farming-simulator-22-hay-forage\\\/\",\"url\":\"https:\\\/\\\/prismagamers.com\\\/hu\\\/produkt\\\/farming-simulator-22-hay-forage\\\/\",\"name\":\"Farming Simulator 22: Hay &amp; Forage - Prismagamers.com\",\"isPartOf\":{\"@id\":\"https:\\\/\\\/prismagamers.com\\\/hu\\\/#website\"},\"primaryImageOfPage\":{\"@id\":\"https:\\\/\\\/prismagamers.com\\\/hu\\\/produkt\\\/farming-simulator-22-hay-forage\\\/#primaryimage\"},\"image\":{\"@id\":\"https:\\\/\\\/prismagamers.com\\\/hu\\\/produkt\\\/farming-simulator-22-hay-forage\\\/#primaryimage\"},\"thumbnailUrl\":\"https:\\\/\\\/prismagamers.com\\\/wp-content\\\/uploads\\\/2023\\\/08\\\/FS22_HayForage-Pack.jpg\",\"datePublished\":\"2023-08-08T18:57:06+00:00\",\"description\":\"Legy\u00e9l \u00farr\u00e1 a mez\u0151k\u00f6n, hegyeken \u00e9s meredek dombokon 17 speci\u00e1lis g\u00e9ppel, hogy n\u00f6veld a sz\u00e9na- \u00e9s takarm\u00e1nytermel\u00e9st! A GIANTS Software h\u00e1rom \u00faj m\u00e1rk\u00e1t \u00e9s sz\u00e1mos \u00faj j\u00e1rm\u0171vet \u00e9s eszk\u00f6zt mutat be a Hay &amp; Forage csomagban m\u00e9g t\u00f6bb neves gy\u00e1rt\u00f3t\u00f3l. E g\u00e9pek mindegyike megk\u00f6nny\u00edti \u00e9s kifizet\u0151d\u0151bb\u00e9 teszi a munk\u00e1t a hatalmas legel\u0151k\u00f6n vagy a gazdas\u00e1got k\u00f6r\u00fclvev\u0151 nehezebb terepeken. \ud83c\udf0d Glob\u00e1lis \u2699\ufe0f Steam \ud83d\udddd Digit\u00e1lis kulcs\",\"breadcrumb\":{\"@id\":\"https:\\\/\\\/prismagamers.com\\\/hu\\\/produkt\\\/farming-simulator-22-hay-forage\\\/#breadcrumb\"},\"inLanguage\":\"hu\",\"potentialAction\":[{\"@type\":\"ReadAction\",\"target\":[\"https:\\\/\\\/prismagamers.com\\\/hu\\\/produkt\\\/farming-simulator-22-hay-forage\\\/\"]}]},{\"@type\":\"ImageObject\",\"inLanguage\":\"hu\",\"@id\":\"https:\\\/\\\/prismagamers.com\\\/hu\\\/produkt\\\/farming-simulator-22-hay-forage\\\/#primaryimage\",\"url\":\"https:\\\/\\\/prismagamers.com\\\/wp-content\\\/uploads\\\/2023\\\/08\\\/FS22_HayForage-Pack.jpg\",\"contentUrl\":\"https:\\\/\\\/prismagamers.com\\\/wp-content\\\/uploads\\\/2023\\\/08\\\/FS22_HayForage-Pack.jpg\",\"width\":460,\"height\":215},{\"@type\":\"BreadcrumbList\",\"@id\":\"https:\\\/\\\/prismagamers.com\\\/hu\\\/produkt\\\/farming-simulator-22-hay-forage\\\/#breadcrumb\",\"itemListElement\":[{\"@type\":\"ListItem\",\"position\":1,\"name\":\"Strona g\u0142\u00f3wna\",\"item\":\"https:\\\/\\\/prismagamers.com\\\/hu\\\/prismagamers\\\/\"},{\"@type\":\"ListItem\",\"position\":2,\"name\":\"Shop\",\"item\":\"https:\\\/\\\/prismagamers.com\\\/hu\\\/shop\\\/\"},{\"@type\":\"ListItem\",\"position\":3,\"name\":\"Farming Simulator 22: Hay &amp; Forage\"}]},{\"@type\":\"WebSite\",\"@id\":\"https:\\\/\\\/prismagamers.com\\\/hu\\\/#website\",\"url\":\"https:\\\/\\\/prismagamers.com\\\/hu\\\/\",\"name\":\"Prismagamers\",\"description\":\"Sklep z grami PC I Sklep klucze Steam\",\"publisher\":{\"@id\":\"https:\\\/\\\/prismagamers.com\\\/hu\\\/#organization\"},\"potentialAction\":[{\"@type\":\"SearchAction\",\"target\":{\"@type\":\"EntryPoint\",\"urlTemplate\":\"https:\\\/\\\/prismagamers.com\\\/hu\\\/?s={search_term_string}\"},\"query-input\":{\"@type\":\"PropertyValueSpecification\",\"valueRequired\":true,\"valueName\":\"search_term_string\"}}],\"inLanguage\":\"hu\"},{\"@type\":\"Organization\",\"@id\":\"https:\\\/\\\/prismagamers.com\\\/hu\\\/#organization\",\"name\":\"Prismagamers\",\"url\":\"https:\\\/\\\/prismagamers.com\\\/hu\\\/\",\"logo\":{\"@type\":\"ImageObject\",\"inLanguage\":\"hu\",\"@id\":\"https:\\\/\\\/prismagamers.com\\\/hu\\\/#\\\/schema\\\/logo\\\/image\\\/\",\"url\":\"https:\\\/\\\/prismagamers.com\\\/wp-content\\\/uploads\\\/2022\\\/04\\\/cropped-logo-Prismagamers-01-scaled-1.jpg\",\"contentUrl\":\"https:\\\/\\\/prismagamers.com\\\/wp-content\\\/uploads\\\/2022\\\/04\\\/cropped-logo-Prismagamers-01-scaled-1.jpg\",\"width\":512,\"height\":512,\"caption\":\"Prismagamers\"},\"image\":{\"@id\":\"https:\\\/\\\/prismagamers.com\\\/hu\\\/#\\\/schema\\\/logo\\\/image\\\/\"},\"sameAs\":[\"https:\\\/\\\/www.facebook.com\\\/prismagamers\",\"https:\\\/\\\/www.instagram.com\\\/prismagamers_grycyfrowe\\\/\"],\"description\":\"Prismagamers.com to dynamiczny sklep z grami cyfrowymi, stworzony z my\u015bl\u0105 o entuzjastach gier wideo. Nasza strona oferuje szerok\u0105 gam\u0119 gier komputerowych, w tym najnowsze tytu\u0142y, dobrze znane klasyki oraz gry stworzone przez niezale\u017cne studia Ca\u0142y czas d\u0105\u017cymy do rozszerzenia naszej oferty. Do\u0142\u0105cz do nas i sta\u0144 si\u0119 cz\u0119\u015bci\u0105 naszej rosn\u0105cej spo\u0142eczno\u015bci graczy!\",\"email\":\"shop@prismagamers.com\",\"telephone\":\"48795541705\",\"legalName\":\"East Caravan Maksym \u017bukow\",\"foundingDate\":\"2012-05-10\",\"vatID\":\"PL8943038612\",\"taxID\":\"PL8943038612\",\"numberOfEmployees\":{\"@type\":\"QuantitativeValue\",\"minValue\":\"11\",\"maxValue\":\"50\"}}]}<\/script>\n<!-- \/ Yoast SEO Premium plugin. -->","yoast_head_json":{"title":"Farming Simulator 22: Hay &amp; Forage - Prismagamers.com","description":"Legy\u00e9l \u00farr\u00e1 a mez\u0151k\u00f6n, hegyeken \u00e9s meredek dombokon 17 speci\u00e1lis g\u00e9ppel, hogy n\u00f6veld a sz\u00e9na- \u00e9s takarm\u00e1nytermel\u00e9st! A GIANTS Software h\u00e1rom \u00faj m\u00e1rk\u00e1t \u00e9s sz\u00e1mos \u00faj j\u00e1rm\u0171vet \u00e9s eszk\u00f6zt mutat be a Hay &amp; Forage csomagban m\u00e9g t\u00f6bb neves gy\u00e1rt\u00f3t\u00f3l. E g\u00e9pek mindegyike megk\u00f6nny\u00edti \u00e9s kifizet\u0151d\u0151bb\u00e9 teszi a munk\u00e1t a hatalmas legel\u0151k\u00f6n vagy a gazdas\u00e1got k\u00f6r\u00fclvev\u0151 nehezebb terepeken.  \ud83c\udf0d Glob\u00e1lis \u2699\ufe0f Steam \ud83d\udddd Digit\u00e1lis kulcs","robots":{"index":"index","follow":"follow","max-snippet":"max-snippet:-1","max-image-preview":"max-image-preview:large","max-video-preview":"max-video-preview:-1"},"canonical":"https:\/\/prismagamers.com\/hu\/produkt\/farming-simulator-22-hay-forage\/","og_locale":"hu_HU","og_type":"article","og_title":"Farming Simulator 22: Hay &amp; Forage","og_description":"Legy\u00e9l \u00farr\u00e1 a mez\u0151k\u00f6n, hegyeken \u00e9s meredek dombokon 17 speci\u00e1lis g\u00e9ppel, hogy n\u00f6veld a sz\u00e9na- \u00e9s takarm\u00e1nytermel\u00e9st! A GIANTS Software h\u00e1rom \u00faj m\u00e1rk\u00e1t \u00e9s sz\u00e1mos \u00faj j\u00e1rm\u0171vet \u00e9s eszk\u00f6zt mutat be a Hay &amp; Forage csomagban m\u00e9g t\u00f6bb neves gy\u00e1rt\u00f3t\u00f3l. E g\u00e9pek mindegyike megk\u00f6nny\u00edti \u00e9s kifizet\u0151d\u0151bb\u00e9 teszi a munk\u00e1t a hatalmas legel\u0151k\u00f6n vagy a gazdas\u00e1got k\u00f6r\u00fclvev\u0151 nehezebb terepeken.  \ud83c\udf0d Glob\u00e1lis \u2699\ufe0f Steam \ud83d\udddd Digit\u00e1lis kulcs","og_url":"https:\/\/prismagamers.com\/hu\/produkt\/farming-simulator-22-hay-forage\/","og_site_name":"Prismagamers.com","article_publisher":"https:\/\/www.facebook.com\/prismagamers","og_image":[{"width":460,"height":215,"url":"https:\/\/prismagamers.com\/wp-content\/uploads\/2023\/08\/FS22_HayForage-Pack.jpg","type":"image\/jpeg"}],"twitter_card":"summary_large_image","twitter_misc":{"Becs\u00fclt olvas\u00e1si id\u0151":"1 perc"},"schema":{"@context":"https:\/\/schema.org","@graph":[{"@type":"WebPage","@id":"https:\/\/prismagamers.com\/hu\/produkt\/farming-simulator-22-hay-forage\/","url":"https:\/\/prismagamers.com\/hu\/produkt\/farming-simulator-22-hay-forage\/","name":"Farming Simulator 22: Hay &amp; Forage - Prismagamers.com","isPartOf":{"@id":"https:\/\/prismagamers.com\/hu\/#website"},"primaryImageOfPage":{"@id":"https:\/\/prismagamers.com\/hu\/produkt\/farming-simulator-22-hay-forage\/#primaryimage"},"image":{"@id":"https:\/\/prismagamers.com\/hu\/produkt\/farming-simulator-22-hay-forage\/#primaryimage"},"thumbnailUrl":"https:\/\/prismagamers.com\/wp-content\/uploads\/2023\/08\/FS22_HayForage-Pack.jpg","datePublished":"2023-08-08T18:57:06+00:00","description":"Legy\u00e9l \u00farr\u00e1 a mez\u0151k\u00f6n, hegyeken \u00e9s meredek dombokon 17 speci\u00e1lis g\u00e9ppel, hogy n\u00f6veld a sz\u00e9na- \u00e9s takarm\u00e1nytermel\u00e9st! A GIANTS Software h\u00e1rom \u00faj m\u00e1rk\u00e1t \u00e9s sz\u00e1mos \u00faj j\u00e1rm\u0171vet \u00e9s eszk\u00f6zt mutat be a Hay &amp; Forage csomagban m\u00e9g t\u00f6bb neves gy\u00e1rt\u00f3t\u00f3l. E g\u00e9pek mindegyike megk\u00f6nny\u00edti \u00e9s kifizet\u0151d\u0151bb\u00e9 teszi a munk\u00e1t a hatalmas legel\u0151k\u00f6n vagy a gazdas\u00e1got k\u00f6r\u00fclvev\u0151 nehezebb terepeken. \ud83c\udf0d Glob\u00e1lis \u2699\ufe0f Steam \ud83d\udddd Digit\u00e1lis kulcs","breadcrumb":{"@id":"https:\/\/prismagamers.com\/hu\/produkt\/farming-simulator-22-hay-forage\/#breadcrumb"},"inLanguage":"hu","potentialAction":[{"@type":"ReadAction","target":["https:\/\/prismagamers.com\/hu\/produkt\/farming-simulator-22-hay-forage\/"]}]},{"@type":"ImageObject","inLanguage":"hu","@id":"https:\/\/prismagamers.com\/hu\/produkt\/farming-simulator-22-hay-forage\/#primaryimage","url":"https:\/\/prismagamers.com\/wp-content\/uploads\/2023\/08\/FS22_HayForage-Pack.jpg","contentUrl":"https:\/\/prismagamers.com\/wp-content\/uploads\/2023\/08\/FS22_HayForage-Pack.jpg","width":460,"height":215},{"@type":"BreadcrumbList","@id":"https:\/\/prismagamers.com\/hu\/produkt\/farming-simulator-22-hay-forage\/#breadcrumb","itemListElement":[{"@type":"ListItem","position":1,"name":"Strona g\u0142\u00f3wna","item":"https:\/\/prismagamers.com\/hu\/prismagamers\/"},{"@type":"ListItem","position":2,"name":"Shop","item":"https:\/\/prismagamers.com\/hu\/shop\/"},{"@type":"ListItem","position":3,"name":"Farming Simulator 22: Hay &amp; Forage"}]},{"@type":"WebSite","@id":"https:\/\/prismagamers.com\/hu\/#website","url":"https:\/\/prismagamers.com\/hu\/","name":"Prismagamers","description":"Sklep z grami PC I Sklep klucze Steam","publisher":{"@id":"https:\/\/prismagamers.com\/hu\/#organization"},"potentialAction":[{"@type":"SearchAction","target":{"@type":"EntryPoint","urlTemplate":"https:\/\/prismagamers.com\/hu\/?s={search_term_string}"},"query-input":{"@type":"PropertyValueSpecification","valueRequired":true,"valueName":"search_term_string"}}],"inLanguage":"hu"},{"@type":"Organization","@id":"https:\/\/prismagamers.com\/hu\/#organization","name":"Prismagamers","url":"https:\/\/prismagamers.com\/hu\/","logo":{"@type":"ImageObject","inLanguage":"hu","@id":"https:\/\/prismagamers.com\/hu\/#\/schema\/logo\/image\/","url":"https:\/\/prismagamers.com\/wp-content\/uploads\/2022\/04\/cropped-logo-Prismagamers-01-scaled-1.jpg","contentUrl":"https:\/\/prismagamers.com\/wp-content\/uploads\/2022\/04\/cropped-logo-Prismagamers-01-scaled-1.jpg","width":512,"height":512,"caption":"Prismagamers"},"image":{"@id":"https:\/\/prismagamers.com\/hu\/#\/schema\/logo\/image\/"},"sameAs":["https:\/\/www.facebook.com\/prismagamers","https:\/\/www.instagram.com\/prismagamers_grycyfrowe\/"],"description":"Prismagamers.com to dynamiczny sklep z grami cyfrowymi, stworzony z my\u015bl\u0105 o entuzjastach gier wideo. Nasza strona oferuje szerok\u0105 gam\u0119 gier komputerowych, w tym najnowsze tytu\u0142y, dobrze znane klasyki oraz gry stworzone przez niezale\u017cne studia Ca\u0142y czas d\u0105\u017cymy do rozszerzenia naszej oferty. Do\u0142\u0105cz do nas i sta\u0144 si\u0119 cz\u0119\u015bci\u0105 naszej rosn\u0105cej spo\u0142eczno\u015bci graczy!","email":"shop@prismagamers.com","telephone":"48795541705","legalName":"East Caravan Maksym \u017bukow","foundingDate":"2012-05-10","vatID":"PL8943038612","taxID":"PL8943038612","numberOfEmployees":{"@type":"QuantitativeValue","minValue":"11","maxValue":"50"}}]}},"_links":{"self":[{"href":"https:\/\/prismagamers.com\/hu\/wp-json\/wp\/v2\/product\/42395","targetHints":{"allow":["GET"]}}],"collection":[{"href":"https:\/\/prismagamers.com\/hu\/wp-json\/wp\/v2\/product"}],"about":[{"href":"https:\/\/prismagamers.com\/hu\/wp-json\/wp\/v2\/types\/product"}],"wp:featuredmedia":[{"embeddable":true,"href":"https:\/\/prismagamers.com\/hu\/wp-json\/wp\/v2\/media\/25810"}],"wp:attachment":[{"href":"https:\/\/prismagamers.com\/hu\/wp-json\/wp\/v2\/media?parent=42395"}],"wp:term":[{"taxonomy":"product_brand","embeddable":true,"href":"https:\/\/prismagamers.com\/hu\/wp-json\/wp\/v2\/product_brand?post=42395"},{"taxonomy":"product_cat","embeddable":true,"href":"https:\/\/prismagamers.com\/hu\/wp-json\/wp\/v2\/product_cat?post=42395"},{"taxonomy":"product_tag","embeddable":true,"href":"https:\/\/prismagamers.com\/hu\/wp-json\/wp\/v2\/product_tag?post=42395"}],"curies":[{"name":"wp","href":"https:\/\/api.w.org\/{rel}","templated":true}]}}