{"id":42397,"date":"2023-07-27T12:26:32","date_gmt":"2023-07-27T10:26:32","guid":{"rendered":"https:\/\/prismagamers.com\/produkt\/dungeon-rushers\/"},"modified":"2023-07-27T12:26:32","modified_gmt":"2023-07-27T10:26:32","slug":"dungeon-rushers","status":"publish","type":"product","link":"https:\/\/prismagamers.com\/hu\/produkt\/dungeon-rushers\/","title":{"rendered":"Dungeon Rushers"},"content":{"rendered":"<p>Ahogy belev\u00e1gsz egy mer\u00e9sz kalandba, sz\u00e1mos v\u00e1rb\u00f6rt\u00f6nt kell lek\u00fczdened, \u00e9s elfoglalnod az \u0151rz\u00f6tt kincseket. \u00c1ll\u00edtsd \u00f6ssze a saj\u00e1t csapatodat a h\u0151s\u00f6k t\u00f6k\u00e9letes kombin\u00e1ci\u00f3j\u00e1nak kiv\u00e1laszt\u00e1s\u00e1val, akik k\u00e9pesek legy\u0151zni a sz\u00e1mos csapd\u00e1t \u00e9s sz\u00f6rnyet, amelyek leselkednek r\u00e1juk. <\/p>\n<p>Fejleszd h\u0151seid k\u00e9pess\u00e9geit, hogy m\u00e9g er\u0151sebbek legyenek, \u00e9s gondoskodj a strat\u00e9giai poz\u00edcion\u00e1l\u00e1sr\u00f3l a csat\u00e1ban a gy\u0151zelem \u00e9rdek\u00e9ben.<\/p>\n<p><img decoding=\"async\" class=\"aligncenter\" src=\"https:\/\/cdn.akamai.steamstatic.com\/steam\/apps\/429620\/extras\/fight_2_steam.jpg?t=1632406328\"><\/p>\n<p>Az exped\u00edci\u00f3k sor\u00e1n megszerzett alkatr\u00e9szek felhaszn\u00e1l\u00e1s\u00e1val k\u00e9sz\u00edtsd el a felszerel\u00e9seket, k\u00f6sz\u00f6nhet\u0151en a hat k\u00fcl\u00f6nb\u00f6z\u0151 k\u00e9zm\u0171vest mag\u00e1ban foglal\u00f3 komplex alkot\u00f3rendszernek.<\/p>\n<p>Fedezd fel a v\u00e1rb\u00f6rt\u00f6n\u00f6ket \u00e9s v\u00e1llalj v\u00e1laszthat\u00f3 kih\u00edv\u00e1sokat, hogy feloldhasd a Heroic neh\u00e9zs\u00e9gi szintet, ahol csak a legb\u00e1trabbak jutnak kincsekhez!<\/p>\n<p>\u00c9p\u00edtsd fel a saj\u00e1t b\u00f6rt\u00f6n\u00f6det, ahol csapd\u00e1kat \u00e9s l\u00e9nyeket \u00e1ll\u00edthatsz a t\u00f6bbi kalandor \u00fatj\u00e1ba, akik a kincseidet akarj\u00e1k megszerezni. Szerezd meg a t\u00f6k\u00e9letes csapatot az elhagyatott v\u00e1rb\u00f6rt\u00f6n\u00f6k \u00e9s k\u00fari\u00e1k vil\u00e1g\u00e1t bej\u00e1rva, ahol a legvesz\u00e9lyesebb fenevadak v\u00e1rnak, majd porty\u00e1zz m\u00e1s j\u00e1t\u00e9kosok v\u00e1rb\u00f6rt\u00f6neiben, hogy ki\u00fcr\u00edtsd kincseiket! <\/p>\n<p><img decoding=\"async\" class=\"aligncenter\" src=\"https:\/\/cdn.akamai.steamstatic.com\/steam\/apps\/429620\/extras\/perso_steam.jpg?t=1632406328\"><\/p>\n<h2 class=\"bb_tag\">F\u0151bb jellemz\u0151k:<\/h2>\n<ul class=\"bb_ul\">\n<li>Egy humorral teli kamp\u00e1ny, v\u00e1ltozatos k\u00f6rnyezetben, v\u00e1ltozatos h\u00e1tt\u00e9rzen\u00e9vel.<\/li>\n<li>Interakt\u00edv felfedez\u0151 rendszer, amely lehet\u0151v\u00e9 teszi a j\u00e1t\u00e9kban val\u00f3 m\u00e9lyebb elmer\u00fcl\u00e9st.<\/li>\n<li>Tov\u00e1bbfejlesztett, fordul\u00f3alap\u00fa harcrendszer egy kis nosztalgi\u00e1val<\/li>\n<li>Fejlett csapatmenedzsment, bele\u00e9rtve a felszerel\u00e9st, a k\u00e9pess\u00e9gfejleszt\u00e9seket \u00e9s a harci form\u00e1ci\u00f3kat is<\/li>\n<li>K\u00fcl\u00f6nf\u00e9le k\u00e9pess\u00e9gek, p\u00e9ld\u00e1ul felder\u00edt\u00e9s, gy\u00f3gy\u00edt\u00e1s, kit\u00e9r\u00e9s, csapd\u00e1k hat\u00e1stalan\u00edt\u00e1sa \u00e9s sz\u00f6rnyek k\u00f6vet\u00e9se.<\/li>\n<li>Gazdag alkot\u00e1si rendszer sok receptekkel k\u00eds\u00e9rletezhetsz<\/li>\n<li>Online ar\u00e9na m\u00f3d j\u00e1t\u00e9kk\u00e9sz\u00edt\u00e9ssel \u00e9s rangsorol\u00e1si rendszerrel<\/li>\n<li>Csat\u00e1k a bar\u00e1tokkal, hogy ki a legjobb<\/li>\n<li>Egy eredeti, mag\u00e1val ragad\u00f3 hangs\u00e1v, amelyet kifejezetten a j\u00e1t\u00e9khoz k\u00e9sz\u00edtettek.<\/li>\n<li><img decoding=\"async\" class=\"aligncenter\" src=\"https:\/\/cdn.akamai.steamstatic.com\/steam\/apps\/429620\/extras\/end_page_steam.jpg?t=1632406328\"><\/li>\n<\/ul>\n","protected":false},"excerpt":{"rendered":"<p>A Dungeon Rushers egy 2D-s taktikai RPG, amely a dungeon crawler j\u00e1t\u00e9kok elemeit \u00f6tv\u00f6zi a fordul\u00f3alap\u00fa harcrendszerrel. Vezess egy csapatot, hatolj be elfeledett dungeonokba, n\u00e9zz szembe sz\u00f6rnyek hord\u00e1ival \u00e9s k\u00e9sz\u00edts epikus felszerel\u00e9seket. \u00c9lj \u00e1t h\u0151sies kalandokat a karakterek v\u00e1ltozatos gal\u00e9ri\u00e1j\u00e1val, akik lakj\u00e1k ezt a rendk\u00edv\u00fcli vil\u00e1got&#8230;.  <\/p>\n<p><img decoding=\"async\" class=\"emoji\" role=\"img\" draggable=\"false\" src=\"https:\/\/s.w.org\/images\/core\/emoji\/14.0.0\/svg\/1f30d.svg\" alt=\"\ud83c\udf0d\">  Glob\u00e1lis<br \/>\n<img decoding=\"async\" class=\"emoji\" role=\"img\" draggable=\"false\" src=\"https:\/\/s.w.org\/images\/core\/emoji\/14.0.0\/svg\/2699.svg\" alt=\"\u2699\ufe0f\">  G\u0151z<br \/>\n<img decoding=\"async\" class=\"emoji\" role=\"img\" draggable=\"false\" src=\"https:\/\/s.w.org\/images\/core\/emoji\/14.0.0\/svg\/1f5dd.svg\" alt=\"\ud83d\udddd\">  Digit\u00e1lis kulcs<\/p>\n<p>&nbsp;<\/p>\n","protected":false},"featured_media":25780,"template":"","meta":{"_acf_changed":false,"site-sidebar-layout":"default","site-content-layout":"default","ast-site-content-layout":"default","site-content-style":"default","site-sidebar-style":"default","ast-global-header-display":"","ast-banner-title-visibility":"","ast-main-header-display":"","ast-hfb-above-header-display":"","ast-hfb-below-header-display":"","ast-hfb-mobile-header-display":"","site-post-title":"","ast-breadcrumbs-content":"","ast-featured-img":"","footer-sml-layout":"","ast-disable-related-posts":"","theme-transparent-header-meta":"default","adv-header-id-meta":"","stick-header-meta":"","header-above-stick-meta":"","header-main-stick-meta":"","header-below-stick-meta":"","astra-migrate-meta-layouts":"default","ast-page-background-enabled":"default","ast-page-background-meta":{"desktop":{"background-color":"var(--ast-global-color-4)","background-image":"","background-repeat":"repeat","background-position":"center center","background-size":"auto","background-attachment":"scroll","background-type":"","background-media":"","overlay-type":"","overlay-color":"","overlay-opacity":"","overlay-gradient":""},"tablet":{"background-color":"","background-image":"","background-repeat":"repeat","background-position":"center center","background-size":"auto","background-attachment":"scroll","background-type":"","background-media":"","overlay-type":"","overlay-color":"","overlay-opacity":"","overlay-gradient":""},"mobile":{"background-color":"","background-image":"","background-repeat":"repeat","background-position":"center center","background-size":"auto","background-attachment":"scroll","background-type":"","background-media":"","overlay-type":"","overlay-color":"","overlay-opacity":"","overlay-gradient":""}},"ast-content-background-meta":{"desktop":{"background-color":"var(--ast-global-color-5)","background-image":"","background-repeat":"repeat","background-position":"center center","background-size":"auto","background-attachment":"scroll","background-type":"","background-media":"","overlay-type":"","overlay-color":"","overlay-opacity":"","overlay-gradient":""},"tablet":{"background-color":"var(--ast-global-color-5)","background-image":"","background-repeat":"repeat","background-position":"center center","background-size":"auto","background-attachment":"scroll","background-type":"","background-media":"","overlay-type":"","overlay-color":"","overlay-opacity":"","overlay-gradient":""},"mobile":{"background-color":"var(--ast-global-color-5)","background-image":"","background-repeat":"repeat","background-position":"center center","background-size":"auto","background-attachment":"scroll","background-type":"","background-media":"","overlay-type":"","overlay-color":"","overlay-opacity":"","overlay-gradient":""}}},"product_brand":[],"product_cat":[394,365,378,364],"product_tag":[],"class_list":{"0":"post-42397","1":"product","2":"type-product","3":"status-publish","4":"has-post-thumbnail","6":"product_cat-digitalis-jatekok","7":"product_cat-goz","8":"product_cat-minden-digitalis-jatek","9":"product_cat-rpg-k","10":"desktop-align-left","11":"tablet-align-left","12":"mobile-align-left","14":"first","15":"instock","16":"shipping-taxable","17":"purchasable","18":"product-type-simple"},"acf":[],"yoast_head":"<!-- This site is optimized with the Yoast SEO Premium plugin v27.4 (Yoast SEO v27.4) - https:\/\/yoast.com\/product\/yoast-seo-premium-wordpress\/ -->\n<title>Dungeon Rushers - Prismagamers.com<\/title>\n<meta name=\"description\" content=\"A Dungeon Rushers egy 2D-s taktikai RPG, amely a dungeon crawler j\u00e1t\u00e9kok elemeit \u00f6tv\u00f6zi a fordul\u00f3alap\u00fa harcrendszerrel. Vezess egy csapatot, hatolj be elfeledett dungeonokba, n\u00e9zz szembe sz\u00f6rnyek hord\u00e1ival \u00e9s k\u00e9sz\u00edts epikus felszerel\u00e9seket. \u00c9lj \u00e1t h\u0151sies kalandokat a karakterek v\u00e1ltozatos gal\u00e9ri\u00e1j\u00e1val, akik lakj\u00e1k ezt a rendk\u00edv\u00fcli vil\u00e1got....   Glob\u00e1lis  G\u0151z  Digit\u00e1lis kulcs &nbsp;\" \/>\n<meta name=\"robots\" content=\"index, follow, max-snippet:-1, max-image-preview:large, max-video-preview:-1\" \/>\n<link rel=\"canonical\" href=\"https:\/\/prismagamers.com\/hu\/produkt\/dungeon-rushers\/\" \/>\n<meta property=\"og:locale\" content=\"hu_HU\" \/>\n<meta property=\"og:type\" content=\"article\" \/>\n<meta property=\"og:title\" content=\"Dungeon Rushers\" \/>\n<meta property=\"og:description\" content=\"A Dungeon Rushers egy 2D-s taktikai RPG, amely a dungeon crawler j\u00e1t\u00e9kok elemeit \u00f6tv\u00f6zi a fordul\u00f3alap\u00fa harcrendszerrel. Vezess egy csapatot, hatolj be elfeledett dungeonokba, n\u00e9zz szembe sz\u00f6rnyek hord\u00e1ival \u00e9s k\u00e9sz\u00edts epikus felszerel\u00e9seket. \u00c9lj \u00e1t h\u0151sies kalandokat a karakterek v\u00e1ltozatos gal\u00e9ri\u00e1j\u00e1val, akik lakj\u00e1k ezt a rendk\u00edv\u00fcli vil\u00e1got....   Glob\u00e1lis  G\u0151z  Digit\u00e1lis kulcs &nbsp;\" \/>\n<meta property=\"og:url\" content=\"https:\/\/prismagamers.com\/hu\/produkt\/dungeon-rushers\/\" \/>\n<meta property=\"og:site_name\" content=\"Prismagamers.com\" \/>\n<meta property=\"article:publisher\" content=\"https:\/\/www.facebook.com\/prismagamers\" \/>\n<meta property=\"og:image\" content=\"https:\/\/prismagamers.com\/wp-content\/uploads\/2023\/07\/boxshot.jpg\" \/>\n\t<meta property=\"og:image:width\" content=\"351\" \/>\n\t<meta property=\"og:image:height\" content=\"500\" \/>\n\t<meta property=\"og:image:type\" content=\"image\/jpeg\" \/>\n<meta name=\"twitter:card\" content=\"summary_large_image\" \/>\n<meta name=\"twitter:label1\" content=\"Becs\u00fclt olvas\u00e1si id\u0151\" \/>\n\t<meta name=\"twitter:data1\" content=\"2 perc\" \/>\n<script type=\"application\/ld+json\" class=\"yoast-schema-graph\">{\"@context\":\"https:\\\/\\\/schema.org\",\"@graph\":[{\"@type\":\"WebPage\",\"@id\":\"https:\\\/\\\/prismagamers.com\\\/hu\\\/produkt\\\/dungeon-rushers\\\/\",\"url\":\"https:\\\/\\\/prismagamers.com\\\/hu\\\/produkt\\\/dungeon-rushers\\\/\",\"name\":\"Dungeon Rushers - Prismagamers.com\",\"isPartOf\":{\"@id\":\"https:\\\/\\\/prismagamers.com\\\/hu\\\/#website\"},\"primaryImageOfPage\":{\"@id\":\"https:\\\/\\\/prismagamers.com\\\/hu\\\/produkt\\\/dungeon-rushers\\\/#primaryimage\"},\"image\":{\"@id\":\"https:\\\/\\\/prismagamers.com\\\/hu\\\/produkt\\\/dungeon-rushers\\\/#primaryimage\"},\"thumbnailUrl\":\"https:\\\/\\\/prismagamers.com\\\/wp-content\\\/uploads\\\/2023\\\/07\\\/boxshot.jpg\",\"datePublished\":\"2023-07-27T10:26:32+00:00\",\"description\":\"A Dungeon Rushers egy 2D-s taktikai RPG, amely a dungeon crawler j\u00e1t\u00e9kok elemeit \u00f6tv\u00f6zi a fordul\u00f3alap\u00fa harcrendszerrel. Vezess egy csapatot, hatolj be elfeledett dungeonokba, n\u00e9zz szembe sz\u00f6rnyek hord\u00e1ival \u00e9s k\u00e9sz\u00edts epikus felszerel\u00e9seket. \u00c9lj \u00e1t h\u0151sies kalandokat a karakterek v\u00e1ltozatos gal\u00e9ri\u00e1j\u00e1val, akik lakj\u00e1k ezt a rendk\u00edv\u00fcli vil\u00e1got.... Glob\u00e1lis G\u0151z Digit\u00e1lis kulcs &nbsp;\",\"breadcrumb\":{\"@id\":\"https:\\\/\\\/prismagamers.com\\\/hu\\\/produkt\\\/dungeon-rushers\\\/#breadcrumb\"},\"inLanguage\":\"hu\",\"potentialAction\":[{\"@type\":\"ReadAction\",\"target\":[\"https:\\\/\\\/prismagamers.com\\\/hu\\\/produkt\\\/dungeon-rushers\\\/\"]}]},{\"@type\":\"ImageObject\",\"inLanguage\":\"hu\",\"@id\":\"https:\\\/\\\/prismagamers.com\\\/hu\\\/produkt\\\/dungeon-rushers\\\/#primaryimage\",\"url\":\"https:\\\/\\\/prismagamers.com\\\/wp-content\\\/uploads\\\/2023\\\/07\\\/boxshot.jpg\",\"contentUrl\":\"https:\\\/\\\/prismagamers.com\\\/wp-content\\\/uploads\\\/2023\\\/07\\\/boxshot.jpg\",\"width\":351,\"height\":500},{\"@type\":\"BreadcrumbList\",\"@id\":\"https:\\\/\\\/prismagamers.com\\\/hu\\\/produkt\\\/dungeon-rushers\\\/#breadcrumb\",\"itemListElement\":[{\"@type\":\"ListItem\",\"position\":1,\"name\":\"Strona g\u0142\u00f3wna\",\"item\":\"https:\\\/\\\/prismagamers.com\\\/hu\\\/prismagamers\\\/\"},{\"@type\":\"ListItem\",\"position\":2,\"name\":\"Shop\",\"item\":\"https:\\\/\\\/prismagamers.com\\\/hu\\\/shop\\\/\"},{\"@type\":\"ListItem\",\"position\":3,\"name\":\"Dungeon Rushers\"}]},{\"@type\":\"WebSite\",\"@id\":\"https:\\\/\\\/prismagamers.com\\\/hu\\\/#website\",\"url\":\"https:\\\/\\\/prismagamers.com\\\/hu\\\/\",\"name\":\"Prismagamers\",\"description\":\"Sklep z grami PC I Sklep klucze Steam\",\"publisher\":{\"@id\":\"https:\\\/\\\/prismagamers.com\\\/hu\\\/#organization\"},\"potentialAction\":[{\"@type\":\"SearchAction\",\"target\":{\"@type\":\"EntryPoint\",\"urlTemplate\":\"https:\\\/\\\/prismagamers.com\\\/hu\\\/?s={search_term_string}\"},\"query-input\":{\"@type\":\"PropertyValueSpecification\",\"valueRequired\":true,\"valueName\":\"search_term_string\"}}],\"inLanguage\":\"hu\"},{\"@type\":\"Organization\",\"@id\":\"https:\\\/\\\/prismagamers.com\\\/hu\\\/#organization\",\"name\":\"Prismagamers\",\"url\":\"https:\\\/\\\/prismagamers.com\\\/hu\\\/\",\"logo\":{\"@type\":\"ImageObject\",\"inLanguage\":\"hu\",\"@id\":\"https:\\\/\\\/prismagamers.com\\\/hu\\\/#\\\/schema\\\/logo\\\/image\\\/\",\"url\":\"https:\\\/\\\/prismagamers.com\\\/wp-content\\\/uploads\\\/2022\\\/04\\\/cropped-logo-Prismagamers-01-scaled-1.jpg\",\"contentUrl\":\"https:\\\/\\\/prismagamers.com\\\/wp-content\\\/uploads\\\/2022\\\/04\\\/cropped-logo-Prismagamers-01-scaled-1.jpg\",\"width\":512,\"height\":512,\"caption\":\"Prismagamers\"},\"image\":{\"@id\":\"https:\\\/\\\/prismagamers.com\\\/hu\\\/#\\\/schema\\\/logo\\\/image\\\/\"},\"sameAs\":[\"https:\\\/\\\/www.facebook.com\\\/prismagamers\",\"https:\\\/\\\/www.instagram.com\\\/prismagamers_grycyfrowe\\\/\"],\"description\":\"Prismagamers.com to dynamiczny sklep z grami cyfrowymi, stworzony z my\u015bl\u0105 o entuzjastach gier wideo. Nasza strona oferuje szerok\u0105 gam\u0119 gier komputerowych, w tym najnowsze tytu\u0142y, dobrze znane klasyki oraz gry stworzone przez niezale\u017cne studia Ca\u0142y czas d\u0105\u017cymy do rozszerzenia naszej oferty. Do\u0142\u0105cz do nas i sta\u0144 si\u0119 cz\u0119\u015bci\u0105 naszej rosn\u0105cej spo\u0142eczno\u015bci graczy!\",\"email\":\"shop@prismagamers.com\",\"telephone\":\"48795541705\",\"legalName\":\"East Caravan Maksym \u017bukow\",\"foundingDate\":\"2012-05-10\",\"vatID\":\"PL8943038612\",\"taxID\":\"PL8943038612\",\"numberOfEmployees\":{\"@type\":\"QuantitativeValue\",\"minValue\":\"11\",\"maxValue\":\"50\"}}]}<\/script>\n<!-- \/ Yoast SEO Premium plugin. -->","yoast_head_json":{"title":"Dungeon Rushers - Prismagamers.com","description":"A Dungeon Rushers egy 2D-s taktikai RPG, amely a dungeon crawler j\u00e1t\u00e9kok elemeit \u00f6tv\u00f6zi a fordul\u00f3alap\u00fa harcrendszerrel. Vezess egy csapatot, hatolj be elfeledett dungeonokba, n\u00e9zz szembe sz\u00f6rnyek hord\u00e1ival \u00e9s k\u00e9sz\u00edts epikus felszerel\u00e9seket. \u00c9lj \u00e1t h\u0151sies kalandokat a karakterek v\u00e1ltozatos gal\u00e9ri\u00e1j\u00e1val, akik lakj\u00e1k ezt a rendk\u00edv\u00fcli vil\u00e1got....   Glob\u00e1lis  G\u0151z  Digit\u00e1lis kulcs &nbsp;","robots":{"index":"index","follow":"follow","max-snippet":"max-snippet:-1","max-image-preview":"max-image-preview:large","max-video-preview":"max-video-preview:-1"},"canonical":"https:\/\/prismagamers.com\/hu\/produkt\/dungeon-rushers\/","og_locale":"hu_HU","og_type":"article","og_title":"Dungeon Rushers","og_description":"A Dungeon Rushers egy 2D-s taktikai RPG, amely a dungeon crawler j\u00e1t\u00e9kok elemeit \u00f6tv\u00f6zi a fordul\u00f3alap\u00fa harcrendszerrel. Vezess egy csapatot, hatolj be elfeledett dungeonokba, n\u00e9zz szembe sz\u00f6rnyek hord\u00e1ival \u00e9s k\u00e9sz\u00edts epikus felszerel\u00e9seket. \u00c9lj \u00e1t h\u0151sies kalandokat a karakterek v\u00e1ltozatos gal\u00e9ri\u00e1j\u00e1val, akik lakj\u00e1k ezt a rendk\u00edv\u00fcli vil\u00e1got....   Glob\u00e1lis  G\u0151z  Digit\u00e1lis kulcs &nbsp;","og_url":"https:\/\/prismagamers.com\/hu\/produkt\/dungeon-rushers\/","og_site_name":"Prismagamers.com","article_publisher":"https:\/\/www.facebook.com\/prismagamers","og_image":[{"width":351,"height":500,"url":"https:\/\/prismagamers.com\/wp-content\/uploads\/2023\/07\/boxshot.jpg","type":"image\/jpeg"}],"twitter_card":"summary_large_image","twitter_misc":{"Becs\u00fclt olvas\u00e1si id\u0151":"2 perc"},"schema":{"@context":"https:\/\/schema.org","@graph":[{"@type":"WebPage","@id":"https:\/\/prismagamers.com\/hu\/produkt\/dungeon-rushers\/","url":"https:\/\/prismagamers.com\/hu\/produkt\/dungeon-rushers\/","name":"Dungeon Rushers - Prismagamers.com","isPartOf":{"@id":"https:\/\/prismagamers.com\/hu\/#website"},"primaryImageOfPage":{"@id":"https:\/\/prismagamers.com\/hu\/produkt\/dungeon-rushers\/#primaryimage"},"image":{"@id":"https:\/\/prismagamers.com\/hu\/produkt\/dungeon-rushers\/#primaryimage"},"thumbnailUrl":"https:\/\/prismagamers.com\/wp-content\/uploads\/2023\/07\/boxshot.jpg","datePublished":"2023-07-27T10:26:32+00:00","description":"A Dungeon Rushers egy 2D-s taktikai RPG, amely a dungeon crawler j\u00e1t\u00e9kok elemeit \u00f6tv\u00f6zi a fordul\u00f3alap\u00fa harcrendszerrel. Vezess egy csapatot, hatolj be elfeledett dungeonokba, n\u00e9zz szembe sz\u00f6rnyek hord\u00e1ival \u00e9s k\u00e9sz\u00edts epikus felszerel\u00e9seket. \u00c9lj \u00e1t h\u0151sies kalandokat a karakterek v\u00e1ltozatos gal\u00e9ri\u00e1j\u00e1val, akik lakj\u00e1k ezt a rendk\u00edv\u00fcli vil\u00e1got.... Glob\u00e1lis G\u0151z Digit\u00e1lis kulcs &nbsp;","breadcrumb":{"@id":"https:\/\/prismagamers.com\/hu\/produkt\/dungeon-rushers\/#breadcrumb"},"inLanguage":"hu","potentialAction":[{"@type":"ReadAction","target":["https:\/\/prismagamers.com\/hu\/produkt\/dungeon-rushers\/"]}]},{"@type":"ImageObject","inLanguage":"hu","@id":"https:\/\/prismagamers.com\/hu\/produkt\/dungeon-rushers\/#primaryimage","url":"https:\/\/prismagamers.com\/wp-content\/uploads\/2023\/07\/boxshot.jpg","contentUrl":"https:\/\/prismagamers.com\/wp-content\/uploads\/2023\/07\/boxshot.jpg","width":351,"height":500},{"@type":"BreadcrumbList","@id":"https:\/\/prismagamers.com\/hu\/produkt\/dungeon-rushers\/#breadcrumb","itemListElement":[{"@type":"ListItem","position":1,"name":"Strona g\u0142\u00f3wna","item":"https:\/\/prismagamers.com\/hu\/prismagamers\/"},{"@type":"ListItem","position":2,"name":"Shop","item":"https:\/\/prismagamers.com\/hu\/shop\/"},{"@type":"ListItem","position":3,"name":"Dungeon Rushers"}]},{"@type":"WebSite","@id":"https:\/\/prismagamers.com\/hu\/#website","url":"https:\/\/prismagamers.com\/hu\/","name":"Prismagamers","description":"Sklep z grami PC I Sklep klucze Steam","publisher":{"@id":"https:\/\/prismagamers.com\/hu\/#organization"},"potentialAction":[{"@type":"SearchAction","target":{"@type":"EntryPoint","urlTemplate":"https:\/\/prismagamers.com\/hu\/?s={search_term_string}"},"query-input":{"@type":"PropertyValueSpecification","valueRequired":true,"valueName":"search_term_string"}}],"inLanguage":"hu"},{"@type":"Organization","@id":"https:\/\/prismagamers.com\/hu\/#organization","name":"Prismagamers","url":"https:\/\/prismagamers.com\/hu\/","logo":{"@type":"ImageObject","inLanguage":"hu","@id":"https:\/\/prismagamers.com\/hu\/#\/schema\/logo\/image\/","url":"https:\/\/prismagamers.com\/wp-content\/uploads\/2022\/04\/cropped-logo-Prismagamers-01-scaled-1.jpg","contentUrl":"https:\/\/prismagamers.com\/wp-content\/uploads\/2022\/04\/cropped-logo-Prismagamers-01-scaled-1.jpg","width":512,"height":512,"caption":"Prismagamers"},"image":{"@id":"https:\/\/prismagamers.com\/hu\/#\/schema\/logo\/image\/"},"sameAs":["https:\/\/www.facebook.com\/prismagamers","https:\/\/www.instagram.com\/prismagamers_grycyfrowe\/"],"description":"Prismagamers.com to dynamiczny sklep z grami cyfrowymi, stworzony z my\u015bl\u0105 o entuzjastach gier wideo. Nasza strona oferuje szerok\u0105 gam\u0119 gier komputerowych, w tym najnowsze tytu\u0142y, dobrze znane klasyki oraz gry stworzone przez niezale\u017cne studia Ca\u0142y czas d\u0105\u017cymy do rozszerzenia naszej oferty. Do\u0142\u0105cz do nas i sta\u0144 si\u0119 cz\u0119\u015bci\u0105 naszej rosn\u0105cej spo\u0142eczno\u015bci graczy!","email":"shop@prismagamers.com","telephone":"48795541705","legalName":"East Caravan Maksym \u017bukow","foundingDate":"2012-05-10","vatID":"PL8943038612","taxID":"PL8943038612","numberOfEmployees":{"@type":"QuantitativeValue","minValue":"11","maxValue":"50"}}]}},"_links":{"self":[{"href":"https:\/\/prismagamers.com\/hu\/wp-json\/wp\/v2\/product\/42397","targetHints":{"allow":["GET"]}}],"collection":[{"href":"https:\/\/prismagamers.com\/hu\/wp-json\/wp\/v2\/product"}],"about":[{"href":"https:\/\/prismagamers.com\/hu\/wp-json\/wp\/v2\/types\/product"}],"wp:featuredmedia":[{"embeddable":true,"href":"https:\/\/prismagamers.com\/hu\/wp-json\/wp\/v2\/media\/25780"}],"wp:attachment":[{"href":"https:\/\/prismagamers.com\/hu\/wp-json\/wp\/v2\/media?parent=42397"}],"wp:term":[{"taxonomy":"product_brand","embeddable":true,"href":"https:\/\/prismagamers.com\/hu\/wp-json\/wp\/v2\/product_brand?post=42397"},{"taxonomy":"product_cat","embeddable":true,"href":"https:\/\/prismagamers.com\/hu\/wp-json\/wp\/v2\/product_cat?post=42397"},{"taxonomy":"product_tag","embeddable":true,"href":"https:\/\/prismagamers.com\/hu\/wp-json\/wp\/v2\/product_tag?post=42397"}],"curies":[{"name":"wp","href":"https:\/\/api.w.org\/{rel}","templated":true}]}}