{"id":42406,"date":"2023-06-08T19:57:18","date_gmt":"2023-06-08T17:57:18","guid":{"rendered":"https:\/\/prismagamers.com\/produkt\/oriental-empires\/"},"modified":"2026-04-18T01:52:00","modified_gmt":"2026-04-17T23:52:00","slug":"oriental-empires","status":"publish","type":"product","link":"https:\/\/prismagamers.com\/hu\/produkt\/oriental-empires\/","title":{"rendered":"Oriental Empires"},"content":{"rendered":"<p>L\u00e9pjen be az \u0151si Kelet vil\u00e1g\u00e1ba. Vedd \u00e1t az ir\u00e1ny\u00edt\u00e1st egy telep\u00fcl\u00e9s vagy t\u00f6rzs felett a k\u00ednai t\u00f6rt\u00e9nelem hajnal\u00e1n, \u00e9s alak\u00edtsd azt nagy birodalomm\u00e1. Gondoskodj \u00e1llamodr\u00f3l, hozz l\u00e9tre gigantikus v\u00e1rosokat, \u00e1ll\u00edts fel hatalmas seregeket \u00e9s v\u00edvj leny\u0171g\u00f6z\u0151 h\u00e1bor\u00fakat. Fejleszd a technol\u00f3gi\u00e1t, a kult\u00far\u00e1t \u00e9s a vall\u00e1st, hogy megteremtsd a t\u00f6rt\u00e9nelem egyik legnagyobb civiliz\u00e1ci\u00f3j\u00e1t. Minden akci\u00f3 egy l\u00e1tv\u00e1nyos t\u00e9rk\u00e9pen zajlik, ahol K\u00edna hegyei, erd\u0151s\u00e9gei, s\u00edks\u00e1gai \u00e9s sivatagjai elevenednek meg. K\u00f6zel\u00edts r\u00e1, hogy szem\u00fcgyre vehesd a csapatokat, \u00e9s n\u00e9zd meg a parasztok munk\u00e1j\u00e1t, vagy zoomolj ki, hogy ir\u00e1ny\u00edthasd a strat\u00e9gi\u00e1t. Tervezd meg a csat\u00e1t, fejezd be a fordul\u00f3t, \u00e9s figyeld, ahogy a seregek k\u00f6vetik a parancsaidat, mik\u00f6zben a t\u00e9rk\u00e9pen t\u00f6bb sz\u00e1z katona r\u00e9szv\u00e9tel\u00e9vel csetepat\u00e9k alakulnak ki.      <\/p>\n<p><strong>TULAJDONS\u00c1GOK<\/strong><\/p>\n<ul class=\"bb_ul\">\n<li>Kezdd a j\u00e1t\u00e9kot egyetlen n\u00e9pk\u00e9nt vagy t\u00f6rzsk\u00e9nt egy szer\u00e9ny telep\u00fcl\u00e9ssel, kezdd el kiterjeszteni birodalmadat \u00e9s fejleszteni kult\u00far\u00e1dat, hogy v\u00e9g\u00fcl minden riv\u00e1lisod elismerjen t\u00e9ged az \u00c9g Fiak\u00e9nt \u00e9s a vil\u00e1g uralkod\u00f3jak\u00e9nt.<\/li>\n<li>Vedd r\u00e1 a t\u00f6bbi frakci\u00f3t, hogy er\u0151szakkal vagy diplom\u00e1ciai \u00faton ismerj\u00e9k el a k\u00f6vetel\u00e9seidet.<\/li>\n<li>J\u00e1tssz a 24 k\u00fcl\u00f6nb\u00f6z\u0151 frakci\u00f3 egyikek\u00e9nt, amelyeknek saj\u00e1t er\u0151ss\u00e9geik \u00e9s gyenges\u00e9geik vannak.<\/li>\n<li>K\u00edna \u00e9s Mong\u00f3lia t\u00e1jait h\u0171en \u00e1br\u00e1zol\u00f3, nagyszab\u00e1s\u00fa, kiv\u00e1l\u00f3an \u00e1br\u00e1zolt t\u00e9rk\u00e9p.<\/li>\n<li>Hatalmas csat\u00e1k, amelyekben t\u00f6bb ezer katona vesz r\u00e9szt, r\u00e9szletesen \u00e1br\u00e1zolva k\u00f6zvetlen\u00fcl a j\u00e1t\u00e9k t\u00e9rk\u00e9p\u00e9n. Csod\u00e1ld meg, ahogy a kik\u00e9pzett hadseregek \u00e9s t\u00e1mogat\u00e1suk a parancsok szerint, kijel\u00f6lt alakzatokban vonulnak csat\u00e1ba. <\/li>\n<li>Teljesen anim\u00e1lt 3D modellek, bele\u00e9rtve gyalogs\u00e1gi, lovass\u00e1gi, szekeres, t\u00fcz\u00e9rs\u00e9gi \u00e9s haditenger\u00e9szeti modelleket. Minden katona egyedi arccal \u00e9s ruh\u00e1zattal rendelkezik. <\/li>\n<li>A z\u00f6kken\u0151mentes nagym\u00e9ret\u0171 zoomol\u00e1s lehet\u0151v\u00e9 teszi, hogy megn\u00e9zd a j\u00e1t\u00e9kvil\u00e1got, vagy kicsiny\u00edtsd azt, hogy megtervezd a strat\u00e9gi\u00e1dat.<\/li>\n<li>N\u00f6velje a telep\u00fcl\u00e9seket \u00e9p\u00fcletek emel\u00e9s\u00e9vel \u00e9s a k\u00f6rnyez\u0151 ter\u00fcletek fejleszt\u00e9s\u00e9vel, hozzon l\u00e9tre piacokat \u00e9s kik\u00f6t\u0151ket, hogy lehet\u0151v\u00e9 tegye a tengeri \u00e9s sz\u00e1razf\u00f6ldi kereskedelmet.<\/li>\n<li>Kiterjedt technol\u00f3giai fa, amely figyelembe veszi a technol\u00f3giai, kultur\u00e1lis, filoz\u00f3fiai \u00e9s vall\u00e1si fejl\u0151d\u00e9st.<\/li>\n<li>Az uralomra val\u00f3 t\u00f6rekv\u00e9sed kimenetel\u00e9t sz\u00e1mos t\u00e9nyez\u0151 befoly\u00e1solja, p\u00e9ld\u00e1ul a vezet\u0151k, az ostromok, a polg\u00e1ri zavarg\u00e1sok, a felkel\u00e9sek, valamint a hatalmi \u00e9s kultur\u00e1lis t\u00e9nyez\u0151k.<\/li>\n<li>Cs\u00e1sz\u00e1rk\u00e9nt adj ki rendeleteket \u00e9s rendeleteket, \u00e9s alkoss t\u00f6rv\u00e9nyeket, hogy megtal\u00e1ld az er\u0151viszonyokat, \u00e9s l\u00e9pj \u00e1t egy dics\u0151s\u00e9ges \u00faj korszakba, amelynek technol\u00f3gi\u00e1i \u00e9s csapatai megv\u00e1ltoztatj\u00e1k a j\u00e1t\u00e9kot!<\/li>\n<li>H\u00f3d\u00edts sz\u00f6vets\u00e9geseiddel egy\u00fctt, vagy sz\u00fard h\u00e1tba \u0151ket. A t\u00f6bbj\u00e1t\u00e9kos m\u00f3dban legfeljebb 15 j\u00e1t\u00e9kos sz\u00e1m\u00e1ra minden tr\u00fckk megengedett. <\/li>\n<li>Csatlakozz a hivatalos Discord csatorn\u00e1hoz, hogy \u00faj t\u00f6bbj\u00e1t\u00e9kos sz\u00f6vets\u00e9geseket tal\u00e1lj \u00e9s megkapd a leg\u00fajabb tippeket: <a href=\"https:\/\/steamcommunity.com\/linkfilter\/?url=https:\/\/discord.gg\/6Kgnk5z\" target=\"_blank\" rel=\"noopener\">https:\/\/discord.gg\/6Kgnk5z<\/a><\/li>\n<\/ul>\n","protected":false},"excerpt":{"rendered":"<p>Egy fordul\u00f3alap\u00fa 4X strat\u00e9giai j\u00e1t\u00e9k, amelyben az \u00f3kori K\u00edna civiliz\u00e1ci\u00f3it ir\u00e1ny\u00edthatod. Gondoskodj a f\u00f6ldjeidr\u0151l, \u00e9p\u00edts hatalmas v\u00e1rosokat, \u00e1ll\u00edts fel hatalmas seregeket \u00e9s v\u00edvj hatalmas csat\u00e1kat t\u00f6bb sz\u00e1z katon\u00e1val a t\u00e9rk\u00e9pen. Fejleszd a technol\u00f3gi\u00e1t, a kult\u00far\u00e1t \u00e9s a vall\u00e1st, hogy megteremtsd az egyik legnagyobb birodalmat.  <\/p>\n<p><img decoding=\"async\" class=\"emoji\" role=\"img\" src=\"https:\/\/s.w.org\/images\/core\/emoji\/14.0.0\/svg\/1f30d.svg\" alt=\"\ud83c\udf0d\">  Glob\u00e1lis<br \/>\n<img decoding=\"async\" class=\"emoji\" role=\"img\" src=\"https:\/\/s.w.org\/images\/core\/emoji\/14.0.0\/svg\/2699.svg\" alt=\"\u2699\ufe0f\">  G\u0151z<br \/>\n<img decoding=\"async\" class=\"emoji\" role=\"img\" src=\"https:\/\/s.w.org\/images\/core\/emoji\/14.0.0\/svg\/1f5dd.svg\" alt=\"\ud83d\udddd\">  Digit\u00e1lis kulcs<\/p>\n","protected":false},"featured_media":25546,"template":"","meta":{"_acf_changed":false,"site-sidebar-layout":"default","site-content-layout":"default","ast-site-content-layout":"default","site-content-style":"default","site-sidebar-style":"default","ast-global-header-display":"","ast-banner-title-visibility":"","ast-main-header-display":"","ast-hfb-above-header-display":"","ast-hfb-below-header-display":"","ast-hfb-mobile-header-display":"","site-post-title":"","ast-breadcrumbs-content":"","ast-featured-img":"","footer-sml-layout":"","ast-disable-related-posts":"","theme-transparent-header-meta":"default","adv-header-id-meta":"","stick-header-meta":"","header-above-stick-meta":"","header-main-stick-meta":"","header-below-stick-meta":"","astra-migrate-meta-layouts":"default","ast-page-background-enabled":"default","ast-page-background-meta":{"desktop":{"background-color":"var(--ast-global-color-4)","background-image":"","background-repeat":"repeat","background-position":"center center","background-size":"auto","background-attachment":"scroll","background-type":"","background-media":"","overlay-type":"","overlay-color":"","overlay-opacity":"","overlay-gradient":""},"tablet":{"background-color":"","background-image":"","background-repeat":"repeat","background-position":"center center","background-size":"auto","background-attachment":"scroll","background-type":"","background-media":"","overlay-type":"","overlay-color":"","overlay-opacity":"","overlay-gradient":""},"mobile":{"background-color":"","background-image":"","background-repeat":"repeat","background-position":"center center","background-size":"auto","background-attachment":"scroll","background-type":"","background-media":"","overlay-type":"","overlay-color":"","overlay-opacity":"","overlay-gradient":""}},"ast-content-background-meta":{"desktop":{"background-color":"var(--ast-global-color-5)","background-image":"","background-repeat":"repeat","background-position":"center center","background-size":"auto","background-attachment":"scroll","background-type":"","background-media":"","overlay-type":"","overlay-color":"","overlay-opacity":"","overlay-gradient":""},"tablet":{"background-color":"var(--ast-global-color-5)","background-image":"","background-repeat":"repeat","background-position":"center center","background-size":"auto","background-attachment":"scroll","background-type":"","background-media":"","overlay-type":"","overlay-color":"","overlay-opacity":"","overlay-gradient":""},"mobile":{"background-color":"var(--ast-global-color-5)","background-image":"","background-repeat":"repeat","background-position":"center center","background-size":"auto","background-attachment":"scroll","background-type":"","background-media":"","overlay-type":"","overlay-color":"","overlay-opacity":"","overlay-gradient":""}}},"product_brand":[],"product_cat":[394,365,463,372,378,386],"product_tag":[],"class_list":{"0":"post-42406","1":"product","2":"type-product","3":"status-publish","4":"has-post-thumbnail","6":"product_cat-digitalis-jatekok","7":"product_cat-goz","8":"product_cat-iceberg-interactive-hu","9":"product_cat-jatekok-szimulatorok","10":"product_cat-minden-digitalis-jatek","11":"product_cat-strategiai-jatekok","12":"desktop-align-left","13":"tablet-align-left","14":"mobile-align-left","16":"first","17":"instock","18":"virtual","19":"purchasable","20":"product-type-simple"},"acf":[],"yoast_head":"<!-- This site is optimized with the Yoast SEO Premium plugin v27.4 (Yoast SEO v27.4) - https:\/\/yoast.com\/product\/yoast-seo-premium-wordpress\/ -->\n<title>Oriental Empires - Prismagamers.com<\/title>\n<meta name=\"description\" content=\"Egy fordul\u00f3alap\u00fa 4X strat\u00e9giai j\u00e1t\u00e9k, amelyben az \u00f3kori K\u00edna civiliz\u00e1ci\u00f3it ir\u00e1ny\u00edthatod. Gondoskodj a f\u00f6ldjeidr\u0151l, \u00e9p\u00edts hatalmas v\u00e1rosokat, \u00e1ll\u00edts fel hatalmas seregeket \u00e9s v\u00edvj hatalmas csat\u00e1kat t\u00f6bb sz\u00e1z katon\u00e1val a t\u00e9rk\u00e9pen. Fejleszd a technol\u00f3gi\u00e1t, a kult\u00far\u00e1t \u00e9s a vall\u00e1st, hogy megteremtsd az egyik legnagyobb birodalmat.   Glob\u00e1lis  G\u0151z  Digit\u00e1lis kulcs\" \/>\n<meta name=\"robots\" content=\"index, follow, max-snippet:-1, max-image-preview:large, max-video-preview:-1\" \/>\n<link rel=\"canonical\" href=\"https:\/\/prismagamers.com\/hu\/produkt\/oriental-empires\/\" \/>\n<meta property=\"og:locale\" content=\"hu_HU\" \/>\n<meta property=\"og:type\" content=\"article\" \/>\n<meta property=\"og:title\" content=\"Oriental Empires\" \/>\n<meta property=\"og:description\" content=\"Egy fordul\u00f3alap\u00fa 4X strat\u00e9giai j\u00e1t\u00e9k, amelyben az \u00f3kori K\u00edna civiliz\u00e1ci\u00f3it ir\u00e1ny\u00edthatod. Gondoskodj a f\u00f6ldjeidr\u0151l, \u00e9p\u00edts hatalmas v\u00e1rosokat, \u00e1ll\u00edts fel hatalmas seregeket \u00e9s v\u00edvj hatalmas csat\u00e1kat t\u00f6bb sz\u00e1z katon\u00e1val a t\u00e9rk\u00e9pen. Fejleszd a technol\u00f3gi\u00e1t, a kult\u00far\u00e1t \u00e9s a vall\u00e1st, hogy megteremtsd az egyik legnagyobb birodalmat.   Glob\u00e1lis  G\u0151z  Digit\u00e1lis kulcs\" \/>\n<meta property=\"og:url\" content=\"https:\/\/prismagamers.com\/hu\/produkt\/oriental-empires\/\" \/>\n<meta property=\"og:site_name\" content=\"Prismagamers.com\" \/>\n<meta property=\"article:publisher\" content=\"https:\/\/www.facebook.com\/prismagamers\" \/>\n<meta property=\"article:modified_time\" content=\"2026-04-17T23:52:00+00:00\" \/>\n<meta property=\"og:image\" content=\"https:\/\/prismagamers.com\/wp-content\/uploads\/2023\/06\/library_600x900_2x-7-e1727182670376.jpg\" \/>\n\t<meta property=\"og:image:width\" content=\"300\" \/>\n\t<meta property=\"og:image:height\" content=\"450\" \/>\n\t<meta property=\"og:image:type\" content=\"image\/jpeg\" \/>\n<meta name=\"twitter:card\" content=\"summary_large_image\" \/>\n<meta name=\"twitter:label1\" content=\"Becs\u00fclt olvas\u00e1si id\u0151\" \/>\n\t<meta name=\"twitter:data1\" content=\"3 perc\" \/>\n<script type=\"application\/ld+json\" class=\"yoast-schema-graph\">{\"@context\":\"https:\\\/\\\/schema.org\",\"@graph\":[{\"@type\":\"WebPage\",\"@id\":\"https:\\\/\\\/prismagamers.com\\\/hu\\\/produkt\\\/oriental-empires\\\/\",\"url\":\"https:\\\/\\\/prismagamers.com\\\/hu\\\/produkt\\\/oriental-empires\\\/\",\"name\":\"Oriental Empires - Prismagamers.com\",\"isPartOf\":{\"@id\":\"https:\\\/\\\/prismagamers.com\\\/hu\\\/#website\"},\"primaryImageOfPage\":{\"@id\":\"https:\\\/\\\/prismagamers.com\\\/hu\\\/produkt\\\/oriental-empires\\\/#primaryimage\"},\"image\":{\"@id\":\"https:\\\/\\\/prismagamers.com\\\/hu\\\/produkt\\\/oriental-empires\\\/#primaryimage\"},\"thumbnailUrl\":\"https:\\\/\\\/prismagamers.com\\\/wp-content\\\/uploads\\\/2023\\\/06\\\/library_600x900_2x-7-e1727182670376.jpg\",\"datePublished\":\"2023-06-08T17:57:18+00:00\",\"dateModified\":\"2026-04-17T23:52:00+00:00\",\"description\":\"Egy fordul\u00f3alap\u00fa 4X strat\u00e9giai j\u00e1t\u00e9k, amelyben az \u00f3kori K\u00edna civiliz\u00e1ci\u00f3it ir\u00e1ny\u00edthatod. Gondoskodj a f\u00f6ldjeidr\u0151l, \u00e9p\u00edts hatalmas v\u00e1rosokat, \u00e1ll\u00edts fel hatalmas seregeket \u00e9s v\u00edvj hatalmas csat\u00e1kat t\u00f6bb sz\u00e1z katon\u00e1val a t\u00e9rk\u00e9pen. Fejleszd a technol\u00f3gi\u00e1t, a kult\u00far\u00e1t \u00e9s a vall\u00e1st, hogy megteremtsd az egyik legnagyobb birodalmat. Glob\u00e1lis G\u0151z Digit\u00e1lis kulcs\",\"breadcrumb\":{\"@id\":\"https:\\\/\\\/prismagamers.com\\\/hu\\\/produkt\\\/oriental-empires\\\/#breadcrumb\"},\"inLanguage\":\"hu\",\"potentialAction\":[{\"@type\":\"ReadAction\",\"target\":[\"https:\\\/\\\/prismagamers.com\\\/hu\\\/produkt\\\/oriental-empires\\\/\"]}]},{\"@type\":\"ImageObject\",\"inLanguage\":\"hu\",\"@id\":\"https:\\\/\\\/prismagamers.com\\\/hu\\\/produkt\\\/oriental-empires\\\/#primaryimage\",\"url\":\"https:\\\/\\\/prismagamers.com\\\/wp-content\\\/uploads\\\/2023\\\/06\\\/library_600x900_2x-7-e1727182670376.jpg\",\"contentUrl\":\"https:\\\/\\\/prismagamers.com\\\/wp-content\\\/uploads\\\/2023\\\/06\\\/library_600x900_2x-7-e1727182670376.jpg\",\"width\":300,\"height\":450},{\"@type\":\"BreadcrumbList\",\"@id\":\"https:\\\/\\\/prismagamers.com\\\/hu\\\/produkt\\\/oriental-empires\\\/#breadcrumb\",\"itemListElement\":[{\"@type\":\"ListItem\",\"position\":1,\"name\":\"Strona g\u0142\u00f3wna\",\"item\":\"https:\\\/\\\/prismagamers.com\\\/hu\\\/prismagamers\\\/\"},{\"@type\":\"ListItem\",\"position\":2,\"name\":\"Shop\",\"item\":\"https:\\\/\\\/prismagamers.com\\\/hu\\\/shop\\\/\"},{\"@type\":\"ListItem\",\"position\":3,\"name\":\"Oriental Empires\"}]},{\"@type\":\"WebSite\",\"@id\":\"https:\\\/\\\/prismagamers.com\\\/hu\\\/#website\",\"url\":\"https:\\\/\\\/prismagamers.com\\\/hu\\\/\",\"name\":\"Prismagamers\",\"description\":\"Sklep z grami PC I Sklep klucze Steam\",\"publisher\":{\"@id\":\"https:\\\/\\\/prismagamers.com\\\/hu\\\/#organization\"},\"potentialAction\":[{\"@type\":\"SearchAction\",\"target\":{\"@type\":\"EntryPoint\",\"urlTemplate\":\"https:\\\/\\\/prismagamers.com\\\/hu\\\/?s={search_term_string}\"},\"query-input\":{\"@type\":\"PropertyValueSpecification\",\"valueRequired\":true,\"valueName\":\"search_term_string\"}}],\"inLanguage\":\"hu\"},{\"@type\":\"Organization\",\"@id\":\"https:\\\/\\\/prismagamers.com\\\/hu\\\/#organization\",\"name\":\"Prismagamers\",\"url\":\"https:\\\/\\\/prismagamers.com\\\/hu\\\/\",\"logo\":{\"@type\":\"ImageObject\",\"inLanguage\":\"hu\",\"@id\":\"https:\\\/\\\/prismagamers.com\\\/hu\\\/#\\\/schema\\\/logo\\\/image\\\/\",\"url\":\"https:\\\/\\\/prismagamers.com\\\/wp-content\\\/uploads\\\/2022\\\/04\\\/cropped-logo-Prismagamers-01-scaled-1.jpg\",\"contentUrl\":\"https:\\\/\\\/prismagamers.com\\\/wp-content\\\/uploads\\\/2022\\\/04\\\/cropped-logo-Prismagamers-01-scaled-1.jpg\",\"width\":512,\"height\":512,\"caption\":\"Prismagamers\"},\"image\":{\"@id\":\"https:\\\/\\\/prismagamers.com\\\/hu\\\/#\\\/schema\\\/logo\\\/image\\\/\"},\"sameAs\":[\"https:\\\/\\\/www.facebook.com\\\/prismagamers\",\"https:\\\/\\\/www.instagram.com\\\/prismagamers_grycyfrowe\\\/\"],\"description\":\"Prismagamers.com to dynamiczny sklep z grami cyfrowymi, stworzony z my\u015bl\u0105 o entuzjastach gier wideo. Nasza strona oferuje szerok\u0105 gam\u0119 gier komputerowych, w tym najnowsze tytu\u0142y, dobrze znane klasyki oraz gry stworzone przez niezale\u017cne studia Ca\u0142y czas d\u0105\u017cymy do rozszerzenia naszej oferty. Do\u0142\u0105cz do nas i sta\u0144 si\u0119 cz\u0119\u015bci\u0105 naszej rosn\u0105cej spo\u0142eczno\u015bci graczy!\",\"email\":\"shop@prismagamers.com\",\"telephone\":\"48795541705\",\"legalName\":\"East Caravan Maksym \u017bukow\",\"foundingDate\":\"2012-05-10\",\"vatID\":\"PL8943038612\",\"taxID\":\"PL8943038612\",\"numberOfEmployees\":{\"@type\":\"QuantitativeValue\",\"minValue\":\"11\",\"maxValue\":\"50\"}}]}<\/script>\n<!-- \/ Yoast SEO Premium plugin. -->","yoast_head_json":{"title":"Oriental Empires - Prismagamers.com","description":"Egy fordul\u00f3alap\u00fa 4X strat\u00e9giai j\u00e1t\u00e9k, amelyben az \u00f3kori K\u00edna civiliz\u00e1ci\u00f3it ir\u00e1ny\u00edthatod. Gondoskodj a f\u00f6ldjeidr\u0151l, \u00e9p\u00edts hatalmas v\u00e1rosokat, \u00e1ll\u00edts fel hatalmas seregeket \u00e9s v\u00edvj hatalmas csat\u00e1kat t\u00f6bb sz\u00e1z katon\u00e1val a t\u00e9rk\u00e9pen. Fejleszd a technol\u00f3gi\u00e1t, a kult\u00far\u00e1t \u00e9s a vall\u00e1st, hogy megteremtsd az egyik legnagyobb birodalmat.   Glob\u00e1lis  G\u0151z  Digit\u00e1lis kulcs","robots":{"index":"index","follow":"follow","max-snippet":"max-snippet:-1","max-image-preview":"max-image-preview:large","max-video-preview":"max-video-preview:-1"},"canonical":"https:\/\/prismagamers.com\/hu\/produkt\/oriental-empires\/","og_locale":"hu_HU","og_type":"article","og_title":"Oriental Empires","og_description":"Egy fordul\u00f3alap\u00fa 4X strat\u00e9giai j\u00e1t\u00e9k, amelyben az \u00f3kori K\u00edna civiliz\u00e1ci\u00f3it ir\u00e1ny\u00edthatod. Gondoskodj a f\u00f6ldjeidr\u0151l, \u00e9p\u00edts hatalmas v\u00e1rosokat, \u00e1ll\u00edts fel hatalmas seregeket \u00e9s v\u00edvj hatalmas csat\u00e1kat t\u00f6bb sz\u00e1z katon\u00e1val a t\u00e9rk\u00e9pen. Fejleszd a technol\u00f3gi\u00e1t, a kult\u00far\u00e1t \u00e9s a vall\u00e1st, hogy megteremtsd az egyik legnagyobb birodalmat.   Glob\u00e1lis  G\u0151z  Digit\u00e1lis kulcs","og_url":"https:\/\/prismagamers.com\/hu\/produkt\/oriental-empires\/","og_site_name":"Prismagamers.com","article_publisher":"https:\/\/www.facebook.com\/prismagamers","article_modified_time":"2026-04-17T23:52:00+00:00","og_image":[{"width":300,"height":450,"url":"https:\/\/prismagamers.com\/wp-content\/uploads\/2023\/06\/library_600x900_2x-7-e1727182670376.jpg","type":"image\/jpeg"}],"twitter_card":"summary_large_image","twitter_misc":{"Becs\u00fclt olvas\u00e1si id\u0151":"3 perc"},"schema":{"@context":"https:\/\/schema.org","@graph":[{"@type":"WebPage","@id":"https:\/\/prismagamers.com\/hu\/produkt\/oriental-empires\/","url":"https:\/\/prismagamers.com\/hu\/produkt\/oriental-empires\/","name":"Oriental Empires - Prismagamers.com","isPartOf":{"@id":"https:\/\/prismagamers.com\/hu\/#website"},"primaryImageOfPage":{"@id":"https:\/\/prismagamers.com\/hu\/produkt\/oriental-empires\/#primaryimage"},"image":{"@id":"https:\/\/prismagamers.com\/hu\/produkt\/oriental-empires\/#primaryimage"},"thumbnailUrl":"https:\/\/prismagamers.com\/wp-content\/uploads\/2023\/06\/library_600x900_2x-7-e1727182670376.jpg","datePublished":"2023-06-08T17:57:18+00:00","dateModified":"2026-04-17T23:52:00+00:00","description":"Egy fordul\u00f3alap\u00fa 4X strat\u00e9giai j\u00e1t\u00e9k, amelyben az \u00f3kori K\u00edna civiliz\u00e1ci\u00f3it ir\u00e1ny\u00edthatod. Gondoskodj a f\u00f6ldjeidr\u0151l, \u00e9p\u00edts hatalmas v\u00e1rosokat, \u00e1ll\u00edts fel hatalmas seregeket \u00e9s v\u00edvj hatalmas csat\u00e1kat t\u00f6bb sz\u00e1z katon\u00e1val a t\u00e9rk\u00e9pen. Fejleszd a technol\u00f3gi\u00e1t, a kult\u00far\u00e1t \u00e9s a vall\u00e1st, hogy megteremtsd az egyik legnagyobb birodalmat. Glob\u00e1lis G\u0151z Digit\u00e1lis kulcs","breadcrumb":{"@id":"https:\/\/prismagamers.com\/hu\/produkt\/oriental-empires\/#breadcrumb"},"inLanguage":"hu","potentialAction":[{"@type":"ReadAction","target":["https:\/\/prismagamers.com\/hu\/produkt\/oriental-empires\/"]}]},{"@type":"ImageObject","inLanguage":"hu","@id":"https:\/\/prismagamers.com\/hu\/produkt\/oriental-empires\/#primaryimage","url":"https:\/\/prismagamers.com\/wp-content\/uploads\/2023\/06\/library_600x900_2x-7-e1727182670376.jpg","contentUrl":"https:\/\/prismagamers.com\/wp-content\/uploads\/2023\/06\/library_600x900_2x-7-e1727182670376.jpg","width":300,"height":450},{"@type":"BreadcrumbList","@id":"https:\/\/prismagamers.com\/hu\/produkt\/oriental-empires\/#breadcrumb","itemListElement":[{"@type":"ListItem","position":1,"name":"Strona g\u0142\u00f3wna","item":"https:\/\/prismagamers.com\/hu\/prismagamers\/"},{"@type":"ListItem","position":2,"name":"Shop","item":"https:\/\/prismagamers.com\/hu\/shop\/"},{"@type":"ListItem","position":3,"name":"Oriental Empires"}]},{"@type":"WebSite","@id":"https:\/\/prismagamers.com\/hu\/#website","url":"https:\/\/prismagamers.com\/hu\/","name":"Prismagamers","description":"Sklep z grami PC I Sklep klucze Steam","publisher":{"@id":"https:\/\/prismagamers.com\/hu\/#organization"},"potentialAction":[{"@type":"SearchAction","target":{"@type":"EntryPoint","urlTemplate":"https:\/\/prismagamers.com\/hu\/?s={search_term_string}"},"query-input":{"@type":"PropertyValueSpecification","valueRequired":true,"valueName":"search_term_string"}}],"inLanguage":"hu"},{"@type":"Organization","@id":"https:\/\/prismagamers.com\/hu\/#organization","name":"Prismagamers","url":"https:\/\/prismagamers.com\/hu\/","logo":{"@type":"ImageObject","inLanguage":"hu","@id":"https:\/\/prismagamers.com\/hu\/#\/schema\/logo\/image\/","url":"https:\/\/prismagamers.com\/wp-content\/uploads\/2022\/04\/cropped-logo-Prismagamers-01-scaled-1.jpg","contentUrl":"https:\/\/prismagamers.com\/wp-content\/uploads\/2022\/04\/cropped-logo-Prismagamers-01-scaled-1.jpg","width":512,"height":512,"caption":"Prismagamers"},"image":{"@id":"https:\/\/prismagamers.com\/hu\/#\/schema\/logo\/image\/"},"sameAs":["https:\/\/www.facebook.com\/prismagamers","https:\/\/www.instagram.com\/prismagamers_grycyfrowe\/"],"description":"Prismagamers.com to dynamiczny sklep z grami cyfrowymi, stworzony z my\u015bl\u0105 o entuzjastach gier wideo. Nasza strona oferuje szerok\u0105 gam\u0119 gier komputerowych, w tym najnowsze tytu\u0142y, dobrze znane klasyki oraz gry stworzone przez niezale\u017cne studia Ca\u0142y czas d\u0105\u017cymy do rozszerzenia naszej oferty. Do\u0142\u0105cz do nas i sta\u0144 si\u0119 cz\u0119\u015bci\u0105 naszej rosn\u0105cej spo\u0142eczno\u015bci graczy!","email":"shop@prismagamers.com","telephone":"48795541705","legalName":"East Caravan Maksym \u017bukow","foundingDate":"2012-05-10","vatID":"PL8943038612","taxID":"PL8943038612","numberOfEmployees":{"@type":"QuantitativeValue","minValue":"11","maxValue":"50"}}]}},"_links":{"self":[{"href":"https:\/\/prismagamers.com\/hu\/wp-json\/wp\/v2\/product\/42406","targetHints":{"allow":["GET"]}}],"collection":[{"href":"https:\/\/prismagamers.com\/hu\/wp-json\/wp\/v2\/product"}],"about":[{"href":"https:\/\/prismagamers.com\/hu\/wp-json\/wp\/v2\/types\/product"}],"wp:featuredmedia":[{"embeddable":true,"href":"https:\/\/prismagamers.com\/hu\/wp-json\/wp\/v2\/media\/25546"}],"wp:attachment":[{"href":"https:\/\/prismagamers.com\/hu\/wp-json\/wp\/v2\/media?parent=42406"}],"wp:term":[{"taxonomy":"product_brand","embeddable":true,"href":"https:\/\/prismagamers.com\/hu\/wp-json\/wp\/v2\/product_brand?post=42406"},{"taxonomy":"product_cat","embeddable":true,"href":"https:\/\/prismagamers.com\/hu\/wp-json\/wp\/v2\/product_cat?post=42406"},{"taxonomy":"product_tag","embeddable":true,"href":"https:\/\/prismagamers.com\/hu\/wp-json\/wp\/v2\/product_tag?post=42406"}],"curies":[{"name":"wp","href":"https:\/\/api.w.org\/{rel}","templated":true}]}}