{"id":42407,"date":"2023-06-08T19:54:20","date_gmt":"2023-06-08T17:54:20","guid":{"rendered":"https:\/\/prismagamers.com\/produkt\/interstellar-rift\/"},"modified":"2026-04-18T01:51:58","modified_gmt":"2026-04-17T23:51:58","slug":"interstellar-rift","status":"publish","type":"product","link":"https:\/\/prismagamers.com\/hu\/produkt\/interstellar-rift\/","title":{"rendered":"Interstellar Rift"},"content":{"rendered":"<div class=\"flex max-w-full flex-col flex-grow\">\n<div class=\"min-h-8 text-message flex w-full flex-col items-end gap-2 whitespace-normal break-words [.text-message+&amp;]:mt-5\" dir=\"auto\" data-message-author-role=\"assistant\" data-message-id=\"4ce73770-415d-405c-ada6-5d8276bc20ca\" data-message-model-slug=\"gpt-4o-mini\">\n<div class=\"flex w-full flex-col gap-1 empty:hidden first:pt-[3px]\">\n<div class=\"markdown prose w-full break-words dark:prose-invert light\">\n<p><strong>Az Interstellar Rift<\/strong> egy ny\u00edlt vil\u00e1g\u00fa \u0171rhaj\u00f3-szimul\u00e1tor, amely nagy hangs\u00falyt fektet a haj\u00f3\u00e9p\u00edt\u00e9sre \u00e9s a t\u00f6bbj\u00e1t\u00e9kos interakci\u00f3ra. A j\u00e1t\u00e9kosok egy saj\u00e1t maguk \u00e1ltal tervezett \u00e9s \u00e9p\u00edtett \u0171rhaj\u00f3val fedezhetik fel \u00e9s h\u00f3d\u00edthatj\u00e1k meg a galaxist. Az \u0171r hatalmas, de nem kell egyed\u00fcl szemben\u00e9zned ezzel a kih\u00edv\u00e1ssal &#8211; m\u00e1s j\u00e1t\u00e9kosok csatlakozhatnak a leg\u00e9nys\u00e9gedhez, seg\u00edthetnek neked, vagy saj\u00e1t riv\u00e1lis flott\u00e1t \u00e9p\u00edthetnek, \u00e9s harcolhatnak veled a galaxisban.  <\/p>\n<p>K\u00e9sz\u00fclj fel, hogy ezek az egyedi \u00e9p\u00edt\u00e9s\u0171 haj\u00f3k az otthonodd\u00e1 v\u00e1ljanak, mik\u00f6zben felfedezed a galaxist! Haszn\u00e1ld a haj\u00f3szerkeszt\u0151t, hogy tetsz\u00e9sed szerint alak\u00edtsd ki a haj\u00f3dat &#8211; a kis kutat\u00f3haj\u00f3kt\u00f3l a nagy teherhaj\u00f3kon \u00e1t eg\u00e9szen a hatalmas hadihaj\u00f3kig. A szerkeszt\u0151vel emeletr\u0151l emeletre \u00e9p\u00edtheted meg a haj\u00f3dat, k\u00edv\u00fcl \u00e9s bel\u00fcl egyar\u00e1nt. Ha szeretn\u00e9l azonnal belev\u00e1gni, b\u00e1rmikor kereshetsz a m\u0171helyben m\u00e1s j\u00e1t\u00e9kosok \u00e1ltal k\u00e9sz\u00edtett haj\u00f3k k\u00f6z\u00f6tt, vagy felt\u00f6ltheted a saj\u00e1t terveidet.   <\/p>\n<p>A galaxis vesz\u00e9lyes hely lehet, m\u00e9g sz\u00f3l\u00f3ban is. Furcsa hasad\u00e9kok ny\u00edltak meg, \u00e9s egy Skrill nev\u0171 idegen l\u00e9nyekb\u0151l \u00e1ll\u00f3 ellens\u00e9ges fajt szabad\u00edtottak ki. Ha nem \u00e1ll\u00edtjuk meg \u0151ket, elfoglalj\u00e1k a naprendszereket, \u00e9s puszt\u00edt\u00e1st v\u00e9geznek a t\u00f6rekv\u00e9seidben. Harcolhatsz ellen\u00fck egyed\u00fcl, vagy seg\u00edts\u00e9g\u00fcl h\u00edvhatod bar\u00e1taidat, \u00e9s egy\u00fctt ir\u00e1ny\u00edthatj\u00e1tok a haj\u00f3tokat. De nem minden pil\u00f3ta harcol a j\u00f3 \u00fcgy\u00e9rt &#8211; kal\u00f3zok \u00e9s ellenf\u00e9l flott\u00e1i b\u00e1rmikor megt\u00e1madhatnak t\u00e9ged \u00e9s a rakom\u00e1nyodat. Harcolj vel\u00fck haj\u00f3 a haj\u00f3 ellen, vagy hekkeld meg a haj\u00f3ikat, \u00e9s vidd a harcot a k\u00f6zelharcokba.     <\/p>\n<p>Az <strong>Interstellar Rift<\/strong> gazdas\u00e1ga a galaxisban kitermelhet\u0151 er\u0151forr\u00e1sokon alapul. Hatalmas aszteroida\u00f6vek keringenek bolyg\u00f3k \u00e9s naprendszerek k\u00f6r\u00fcl, tele \u00e9rt\u00e9kes \u00e9rcekkel \u00e9s \u00e1sv\u00e1nyi anyagokkal. Ind\u00edtsd el a b\u00e1ny\u00e1szhaj\u00f3idat, vagy k\u00fcldj egy hull\u00e1mnyi b\u00e1ny\u00e1szdr\u00f3nt, hogy elv\u00e9gezz\u00e9k helyetted a neh\u00e9z munk\u00e1t. L\u00e1togass el a LogiCorp \u00e9s a Galactic Trade boltokba, vagy alkudozz a lezuhant pil\u00f3t\u00e1kkal \u00fczemanyaggal ell\u00e1tva \u0151ket. Automatiz\u00e1ld a gy\u00e1rt\u00f3sorokat egy ACTR-rel (automatikus rakom\u00e1ny\u00e1tad\u00f3 rel\u00e9), \u00e9s \u00e1ll\u00edtsd fel saj\u00e1t boltodat, hogy kereskedhess m\u00e1s j\u00e1t\u00e9kosokkal vagy a k\u00f6zelben l\u00e9v\u0151 kereskedelmi dr\u00f3nokkal.    <\/p>\n<p>Miut\u00e1n kiv\u00e1lasztottad a frakci\u00f3t, amellyel sz\u00f6vetkezni szeretn\u00e9l, a galaxis nyitva \u00e1ll el\u0151tted, hogy felfedezd. Haszn\u00e1ld a hasad\u00e9kgener\u00e1torokat, hogy t\u00e9rbeli hasad\u00e9kokat nyiss, amelyek \u00faj rendszerekbe sz\u00e1ll\u00edtanak. A rendszerfelt\u00e1r\u00e1s seg\u00edt felt\u00e9rk\u00e9pezni a galaxist, \u00e9s azonos\u00edtani az olyan rendszerek hely\u00e9t, amelyekben egyedi er\u0151forr\u00e1sokra lehet sz\u00fcks\u00e9ged. \u00c9p\u00edts \u00faj kereskedelmi \u00e1llom\u00e1sokat a befoly\u00e1sukat kiterjeszteni k\u00edv\u00e1n\u00f3 v\u00e1llalatok \u00e9s frakci\u00f3k sz\u00e1m\u00e1ra, \u00e9s seg\u00edts nekik biztons\u00e1gos \u00e1llom\u00e1sokat \u00e9s szektorokat l\u00e9trehozni. V\u00e1llalj k\u00fcldet\u00e9seket az U-nit\u00e1k sz\u00e1m\u00e1ra, vagy keress nyeres\u00e9ges \u00fczleteket a k\u00fcl\u00f6nb\u00f6z\u0151 rendszerekben, hogy profitot termelj.    <\/p>\n<\/div>\n<\/div>\n<\/div>\n<\/div>\n","protected":false},"excerpt":{"rendered":"<div class=\"flex max-w-full flex-col flex-grow\">\n<div class=\"min-h-8 text-message flex w-full flex-col items-end gap-2 whitespace-normal break-words [.text-message+&amp;]:mt-5\" dir=\"auto\" data-message-author-role=\"assistant\" data-message-id=\"1fa94ad1-74c0-4225-b73c-6f35989a617b\" data-message-model-slug=\"gpt-4o-mini\">\n<div class=\"flex w-full flex-col gap-1 empty:hidden first:pt-[3px]\">\n<div class=\"markdown prose w-full break-words dark:prose-invert light\">\n<p><strong>Az Interstellar Rift<\/strong> egy ny\u00edlt vil\u00e1g\u00fa \u0171rhaj\u00f3-szimul\u00e1tor, amely nagy hangs\u00falyt fektet a haj\u00f3\u00e9p\u00edt\u00e9sre \u00e9s a t\u00f6bbj\u00e1t\u00e9kos interakci\u00f3ra. \u00c9lj t\u00fal egy ellens\u00e9ges galaxisban egy saj\u00e1t tervez\u00e9s\u0171 \u00e9s \u00e9p\u00edt\u00e9s\u0171 \u0171rhaj\u00f3val. H\u00edvj meg m\u00e1s j\u00e1t\u00e9kosokat, hogy csatlakozzanak leg\u00e9nys\u00e9gedhez, vagy harcolj vel\u00fck a galaxisban!  <\/p>\n<\/div>\n<\/div>\n<\/div>\n<\/div>\n<p><img decoding=\"async\" class=\"emoji\" role=\"img\" src=\"https:\/\/s.w.org\/images\/core\/emoji\/14.0.0\/svg\/1f30d.svg\" alt=\"\ud83c\udf0d\">  Glob\u00e1lis<br \/>\n<img decoding=\"async\" class=\"emoji\" role=\"img\" src=\"https:\/\/s.w.org\/images\/core\/emoji\/14.0.0\/svg\/2699.svg\" alt=\"\u2699\ufe0f\">  G\u0151z<br \/>\n<img decoding=\"async\" class=\"emoji\" role=\"img\" src=\"https:\/\/s.w.org\/images\/core\/emoji\/14.0.0\/svg\/1f5dd.svg\" alt=\"\ud83d\udddd\">  Digit\u00e1lis kulcs<\/p>\n","protected":false},"featured_media":25539,"template":"","meta":{"_acf_changed":false,"site-sidebar-layout":"default","site-content-layout":"default","ast-site-content-layout":"default","site-content-style":"default","site-sidebar-style":"default","ast-global-header-display":"","ast-banner-title-visibility":"","ast-main-header-display":"","ast-hfb-above-header-display":"","ast-hfb-below-header-display":"","ast-hfb-mobile-header-display":"","site-post-title":"","ast-breadcrumbs-content":"","ast-featured-img":"","footer-sml-layout":"","ast-disable-related-posts":"","theme-transparent-header-meta":"default","adv-header-id-meta":"","stick-header-meta":"","header-above-stick-meta":"","header-main-stick-meta":"","header-below-stick-meta":"","astra-migrate-meta-layouts":"default","ast-page-background-enabled":"default","ast-page-background-meta":{"desktop":{"background-color":"var(--ast-global-color-4)","background-image":"","background-repeat":"repeat","background-position":"center center","background-size":"auto","background-attachment":"scroll","background-type":"","background-media":"","overlay-type":"","overlay-color":"","overlay-opacity":"","overlay-gradient":""},"tablet":{"background-color":"","background-image":"","background-repeat":"repeat","background-position":"center center","background-size":"auto","background-attachment":"scroll","background-type":"","background-media":"","overlay-type":"","overlay-color":"","overlay-opacity":"","overlay-gradient":""},"mobile":{"background-color":"","background-image":"","background-repeat":"repeat","background-position":"center center","background-size":"auto","background-attachment":"scroll","background-type":"","background-media":"","overlay-type":"","overlay-color":"","overlay-opacity":"","overlay-gradient":""}},"ast-content-background-meta":{"desktop":{"background-color":"var(--ast-global-color-5)","background-image":"","background-repeat":"repeat","background-position":"center center","background-size":"auto","background-attachment":"scroll","background-type":"","background-media":"","overlay-type":"","overlay-color":"","overlay-opacity":"","overlay-gradient":""},"tablet":{"background-color":"var(--ast-global-color-5)","background-image":"","background-repeat":"repeat","background-position":"center center","background-size":"auto","background-attachment":"scroll","background-type":"","background-media":"","overlay-type":"","overlay-color":"","overlay-opacity":"","overlay-gradient":""},"mobile":{"background-color":"var(--ast-global-color-5)","background-image":"","background-repeat":"repeat","background-position":"center center","background-size":"auto","background-attachment":"scroll","background-type":"","background-media":"","overlay-type":"","overlay-color":"","overlay-opacity":"","overlay-gradient":""}}},"product_brand":[],"product_cat":[394,365,463,372,363,378],"product_tag":[],"class_list":{"0":"post-42407","1":"product","2":"type-product","3":"status-publish","4":"has-post-thumbnail","6":"product_cat-digitalis-jatekok","7":"product_cat-goz","8":"product_cat-iceberg-interactive-hu","9":"product_cat-jatekok-szimulatorok","10":"product_cat-kaland-jatekok","11":"product_cat-minden-digitalis-jatek","12":"desktop-align-left","13":"tablet-align-left","14":"mobile-align-left","16":"first","17":"instock","18":"shipping-taxable","19":"purchasable","20":"product-type-simple"},"acf":[],"yoast_head":"<!-- This site is optimized with the Yoast SEO Premium plugin v27.4 (Yoast SEO v27.4) - https:\/\/yoast.com\/product\/yoast-seo-premium-wordpress\/ -->\n<title>Interstellar Rift - Prismagamers.com<\/title>\n<meta name=\"description\" content=\"Az Interstellar Rift egy ny\u00edlt vil\u00e1g\u00fa \u0171rhaj\u00f3-szimul\u00e1tor, amely nagy hangs\u00falyt fektet a haj\u00f3\u00e9p\u00edt\u00e9sre \u00e9s a t\u00f6bbj\u00e1t\u00e9kos interakci\u00f3ra. \u00c9lj t\u00fal egy ellens\u00e9ges galaxisban egy saj\u00e1t tervez\u00e9s\u0171 \u00e9s \u00e9p\u00edt\u00e9s\u0171 \u0171rhaj\u00f3val. H\u00edvj meg m\u00e1s j\u00e1t\u00e9kosokat, hogy csatlakozzanak leg\u00e9nys\u00e9gedhez, vagy harcolj vel\u00fck a galaxisban!     Glob\u00e1lis  G\u0151z  Digit\u00e1lis kulcs\" \/>\n<meta name=\"robots\" content=\"index, follow, max-snippet:-1, max-image-preview:large, max-video-preview:-1\" \/>\n<link rel=\"canonical\" href=\"https:\/\/prismagamers.com\/hu\/produkt\/interstellar-rift\/\" \/>\n<meta property=\"og:locale\" content=\"hu_HU\" \/>\n<meta property=\"og:type\" content=\"article\" \/>\n<meta property=\"og:title\" content=\"Interstellar Rift\" \/>\n<meta property=\"og:description\" content=\"Az Interstellar Rift egy ny\u00edlt vil\u00e1g\u00fa \u0171rhaj\u00f3-szimul\u00e1tor, amely nagy hangs\u00falyt fektet a haj\u00f3\u00e9p\u00edt\u00e9sre \u00e9s a t\u00f6bbj\u00e1t\u00e9kos interakci\u00f3ra. \u00c9lj t\u00fal egy ellens\u00e9ges galaxisban egy saj\u00e1t tervez\u00e9s\u0171 \u00e9s \u00e9p\u00edt\u00e9s\u0171 \u0171rhaj\u00f3val. H\u00edvj meg m\u00e1s j\u00e1t\u00e9kosokat, hogy csatlakozzanak leg\u00e9nys\u00e9gedhez, vagy harcolj vel\u00fck a galaxisban!     Glob\u00e1lis  G\u0151z  Digit\u00e1lis kulcs\" \/>\n<meta property=\"og:url\" content=\"https:\/\/prismagamers.com\/hu\/produkt\/interstellar-rift\/\" \/>\n<meta property=\"og:site_name\" content=\"Prismagamers.com\" \/>\n<meta property=\"article:publisher\" content=\"https:\/\/www.facebook.com\/prismagamers\" \/>\n<meta property=\"article:modified_time\" content=\"2026-04-17T23:51:58+00:00\" \/>\n<meta property=\"og:image\" content=\"https:\/\/prismagamers.com\/wp-content\/uploads\/2023\/06\/library_600x900_2x-6-e1727182713468.jpg\" \/>\n\t<meta property=\"og:image:width\" content=\"300\" \/>\n\t<meta property=\"og:image:height\" content=\"450\" \/>\n\t<meta property=\"og:image:type\" content=\"image\/jpeg\" \/>\n<meta name=\"twitter:card\" content=\"summary_large_image\" \/>\n<meta name=\"twitter:label1\" content=\"Becs\u00fclt olvas\u00e1si id\u0151\" \/>\n\t<meta name=\"twitter:data1\" content=\"3 perc\" \/>\n<script type=\"application\/ld+json\" class=\"yoast-schema-graph\">{\"@context\":\"https:\\\/\\\/schema.org\",\"@graph\":[{\"@type\":\"WebPage\",\"@id\":\"https:\\\/\\\/prismagamers.com\\\/hu\\\/produkt\\\/interstellar-rift\\\/\",\"url\":\"https:\\\/\\\/prismagamers.com\\\/hu\\\/produkt\\\/interstellar-rift\\\/\",\"name\":\"Interstellar Rift - Prismagamers.com\",\"isPartOf\":{\"@id\":\"https:\\\/\\\/prismagamers.com\\\/hu\\\/#website\"},\"primaryImageOfPage\":{\"@id\":\"https:\\\/\\\/prismagamers.com\\\/hu\\\/produkt\\\/interstellar-rift\\\/#primaryimage\"},\"image\":{\"@id\":\"https:\\\/\\\/prismagamers.com\\\/hu\\\/produkt\\\/interstellar-rift\\\/#primaryimage\"},\"thumbnailUrl\":\"https:\\\/\\\/prismagamers.com\\\/wp-content\\\/uploads\\\/2023\\\/06\\\/library_600x900_2x-6-e1727182713468.jpg\",\"datePublished\":\"2023-06-08T17:54:20+00:00\",\"dateModified\":\"2026-04-17T23:51:58+00:00\",\"description\":\"Az Interstellar Rift egy ny\u00edlt vil\u00e1g\u00fa \u0171rhaj\u00f3-szimul\u00e1tor, amely nagy hangs\u00falyt fektet a haj\u00f3\u00e9p\u00edt\u00e9sre \u00e9s a t\u00f6bbj\u00e1t\u00e9kos interakci\u00f3ra. \u00c9lj t\u00fal egy ellens\u00e9ges galaxisban egy saj\u00e1t tervez\u00e9s\u0171 \u00e9s \u00e9p\u00edt\u00e9s\u0171 \u0171rhaj\u00f3val. H\u00edvj meg m\u00e1s j\u00e1t\u00e9kosokat, hogy csatlakozzanak leg\u00e9nys\u00e9gedhez, vagy harcolj vel\u00fck a galaxisban! Glob\u00e1lis G\u0151z Digit\u00e1lis kulcs\",\"breadcrumb\":{\"@id\":\"https:\\\/\\\/prismagamers.com\\\/hu\\\/produkt\\\/interstellar-rift\\\/#breadcrumb\"},\"inLanguage\":\"hu\",\"potentialAction\":[{\"@type\":\"ReadAction\",\"target\":[\"https:\\\/\\\/prismagamers.com\\\/hu\\\/produkt\\\/interstellar-rift\\\/\"]}]},{\"@type\":\"ImageObject\",\"inLanguage\":\"hu\",\"@id\":\"https:\\\/\\\/prismagamers.com\\\/hu\\\/produkt\\\/interstellar-rift\\\/#primaryimage\",\"url\":\"https:\\\/\\\/prismagamers.com\\\/wp-content\\\/uploads\\\/2023\\\/06\\\/library_600x900_2x-6-e1727182713468.jpg\",\"contentUrl\":\"https:\\\/\\\/prismagamers.com\\\/wp-content\\\/uploads\\\/2023\\\/06\\\/library_600x900_2x-6-e1727182713468.jpg\",\"width\":300,\"height\":450},{\"@type\":\"BreadcrumbList\",\"@id\":\"https:\\\/\\\/prismagamers.com\\\/hu\\\/produkt\\\/interstellar-rift\\\/#breadcrumb\",\"itemListElement\":[{\"@type\":\"ListItem\",\"position\":1,\"name\":\"Strona g\u0142\u00f3wna\",\"item\":\"https:\\\/\\\/prismagamers.com\\\/hu\\\/prismagamers\\\/\"},{\"@type\":\"ListItem\",\"position\":2,\"name\":\"Shop\",\"item\":\"https:\\\/\\\/prismagamers.com\\\/hu\\\/shop\\\/\"},{\"@type\":\"ListItem\",\"position\":3,\"name\":\"Interstellar Rift\"}]},{\"@type\":\"WebSite\",\"@id\":\"https:\\\/\\\/prismagamers.com\\\/hu\\\/#website\",\"url\":\"https:\\\/\\\/prismagamers.com\\\/hu\\\/\",\"name\":\"Prismagamers\",\"description\":\"Sklep z grami PC I Sklep klucze Steam\",\"publisher\":{\"@id\":\"https:\\\/\\\/prismagamers.com\\\/hu\\\/#organization\"},\"potentialAction\":[{\"@type\":\"SearchAction\",\"target\":{\"@type\":\"EntryPoint\",\"urlTemplate\":\"https:\\\/\\\/prismagamers.com\\\/hu\\\/?s={search_term_string}\"},\"query-input\":{\"@type\":\"PropertyValueSpecification\",\"valueRequired\":true,\"valueName\":\"search_term_string\"}}],\"inLanguage\":\"hu\"},{\"@type\":\"Organization\",\"@id\":\"https:\\\/\\\/prismagamers.com\\\/hu\\\/#organization\",\"name\":\"Prismagamers\",\"url\":\"https:\\\/\\\/prismagamers.com\\\/hu\\\/\",\"logo\":{\"@type\":\"ImageObject\",\"inLanguage\":\"hu\",\"@id\":\"https:\\\/\\\/prismagamers.com\\\/hu\\\/#\\\/schema\\\/logo\\\/image\\\/\",\"url\":\"https:\\\/\\\/prismagamers.com\\\/wp-content\\\/uploads\\\/2022\\\/04\\\/cropped-logo-Prismagamers-01-scaled-1.jpg\",\"contentUrl\":\"https:\\\/\\\/prismagamers.com\\\/wp-content\\\/uploads\\\/2022\\\/04\\\/cropped-logo-Prismagamers-01-scaled-1.jpg\",\"width\":512,\"height\":512,\"caption\":\"Prismagamers\"},\"image\":{\"@id\":\"https:\\\/\\\/prismagamers.com\\\/hu\\\/#\\\/schema\\\/logo\\\/image\\\/\"},\"sameAs\":[\"https:\\\/\\\/www.facebook.com\\\/prismagamers\",\"https:\\\/\\\/www.instagram.com\\\/prismagamers_grycyfrowe\\\/\"],\"description\":\"Prismagamers.com to dynamiczny sklep z grami cyfrowymi, stworzony z my\u015bl\u0105 o entuzjastach gier wideo. Nasza strona oferuje szerok\u0105 gam\u0119 gier komputerowych, w tym najnowsze tytu\u0142y, dobrze znane klasyki oraz gry stworzone przez niezale\u017cne studia Ca\u0142y czas d\u0105\u017cymy do rozszerzenia naszej oferty. Do\u0142\u0105cz do nas i sta\u0144 si\u0119 cz\u0119\u015bci\u0105 naszej rosn\u0105cej spo\u0142eczno\u015bci graczy!\",\"email\":\"shop@prismagamers.com\",\"telephone\":\"48795541705\",\"legalName\":\"East Caravan Maksym \u017bukow\",\"foundingDate\":\"2012-05-10\",\"vatID\":\"PL8943038612\",\"taxID\":\"PL8943038612\",\"numberOfEmployees\":{\"@type\":\"QuantitativeValue\",\"minValue\":\"11\",\"maxValue\":\"50\"}}]}<\/script>\n<!-- \/ Yoast SEO Premium plugin. -->","yoast_head_json":{"title":"Interstellar Rift - Prismagamers.com","description":"Az Interstellar Rift egy ny\u00edlt vil\u00e1g\u00fa \u0171rhaj\u00f3-szimul\u00e1tor, amely nagy hangs\u00falyt fektet a haj\u00f3\u00e9p\u00edt\u00e9sre \u00e9s a t\u00f6bbj\u00e1t\u00e9kos interakci\u00f3ra. \u00c9lj t\u00fal egy ellens\u00e9ges galaxisban egy saj\u00e1t tervez\u00e9s\u0171 \u00e9s \u00e9p\u00edt\u00e9s\u0171 \u0171rhaj\u00f3val. H\u00edvj meg m\u00e1s j\u00e1t\u00e9kosokat, hogy csatlakozzanak leg\u00e9nys\u00e9gedhez, vagy harcolj vel\u00fck a galaxisban!     Glob\u00e1lis  G\u0151z  Digit\u00e1lis kulcs","robots":{"index":"index","follow":"follow","max-snippet":"max-snippet:-1","max-image-preview":"max-image-preview:large","max-video-preview":"max-video-preview:-1"},"canonical":"https:\/\/prismagamers.com\/hu\/produkt\/interstellar-rift\/","og_locale":"hu_HU","og_type":"article","og_title":"Interstellar Rift","og_description":"Az Interstellar Rift egy ny\u00edlt vil\u00e1g\u00fa \u0171rhaj\u00f3-szimul\u00e1tor, amely nagy hangs\u00falyt fektet a haj\u00f3\u00e9p\u00edt\u00e9sre \u00e9s a t\u00f6bbj\u00e1t\u00e9kos interakci\u00f3ra. \u00c9lj t\u00fal egy ellens\u00e9ges galaxisban egy saj\u00e1t tervez\u00e9s\u0171 \u00e9s \u00e9p\u00edt\u00e9s\u0171 \u0171rhaj\u00f3val. H\u00edvj meg m\u00e1s j\u00e1t\u00e9kosokat, hogy csatlakozzanak leg\u00e9nys\u00e9gedhez, vagy harcolj vel\u00fck a galaxisban!     Glob\u00e1lis  G\u0151z  Digit\u00e1lis kulcs","og_url":"https:\/\/prismagamers.com\/hu\/produkt\/interstellar-rift\/","og_site_name":"Prismagamers.com","article_publisher":"https:\/\/www.facebook.com\/prismagamers","article_modified_time":"2026-04-17T23:51:58+00:00","og_image":[{"width":300,"height":450,"url":"https:\/\/prismagamers.com\/wp-content\/uploads\/2023\/06\/library_600x900_2x-6-e1727182713468.jpg","type":"image\/jpeg"}],"twitter_card":"summary_large_image","twitter_misc":{"Becs\u00fclt olvas\u00e1si id\u0151":"3 perc"},"schema":{"@context":"https:\/\/schema.org","@graph":[{"@type":"WebPage","@id":"https:\/\/prismagamers.com\/hu\/produkt\/interstellar-rift\/","url":"https:\/\/prismagamers.com\/hu\/produkt\/interstellar-rift\/","name":"Interstellar Rift - Prismagamers.com","isPartOf":{"@id":"https:\/\/prismagamers.com\/hu\/#website"},"primaryImageOfPage":{"@id":"https:\/\/prismagamers.com\/hu\/produkt\/interstellar-rift\/#primaryimage"},"image":{"@id":"https:\/\/prismagamers.com\/hu\/produkt\/interstellar-rift\/#primaryimage"},"thumbnailUrl":"https:\/\/prismagamers.com\/wp-content\/uploads\/2023\/06\/library_600x900_2x-6-e1727182713468.jpg","datePublished":"2023-06-08T17:54:20+00:00","dateModified":"2026-04-17T23:51:58+00:00","description":"Az Interstellar Rift egy ny\u00edlt vil\u00e1g\u00fa \u0171rhaj\u00f3-szimul\u00e1tor, amely nagy hangs\u00falyt fektet a haj\u00f3\u00e9p\u00edt\u00e9sre \u00e9s a t\u00f6bbj\u00e1t\u00e9kos interakci\u00f3ra. \u00c9lj t\u00fal egy ellens\u00e9ges galaxisban egy saj\u00e1t tervez\u00e9s\u0171 \u00e9s \u00e9p\u00edt\u00e9s\u0171 \u0171rhaj\u00f3val. H\u00edvj meg m\u00e1s j\u00e1t\u00e9kosokat, hogy csatlakozzanak leg\u00e9nys\u00e9gedhez, vagy harcolj vel\u00fck a galaxisban! Glob\u00e1lis G\u0151z Digit\u00e1lis kulcs","breadcrumb":{"@id":"https:\/\/prismagamers.com\/hu\/produkt\/interstellar-rift\/#breadcrumb"},"inLanguage":"hu","potentialAction":[{"@type":"ReadAction","target":["https:\/\/prismagamers.com\/hu\/produkt\/interstellar-rift\/"]}]},{"@type":"ImageObject","inLanguage":"hu","@id":"https:\/\/prismagamers.com\/hu\/produkt\/interstellar-rift\/#primaryimage","url":"https:\/\/prismagamers.com\/wp-content\/uploads\/2023\/06\/library_600x900_2x-6-e1727182713468.jpg","contentUrl":"https:\/\/prismagamers.com\/wp-content\/uploads\/2023\/06\/library_600x900_2x-6-e1727182713468.jpg","width":300,"height":450},{"@type":"BreadcrumbList","@id":"https:\/\/prismagamers.com\/hu\/produkt\/interstellar-rift\/#breadcrumb","itemListElement":[{"@type":"ListItem","position":1,"name":"Strona g\u0142\u00f3wna","item":"https:\/\/prismagamers.com\/hu\/prismagamers\/"},{"@type":"ListItem","position":2,"name":"Shop","item":"https:\/\/prismagamers.com\/hu\/shop\/"},{"@type":"ListItem","position":3,"name":"Interstellar Rift"}]},{"@type":"WebSite","@id":"https:\/\/prismagamers.com\/hu\/#website","url":"https:\/\/prismagamers.com\/hu\/","name":"Prismagamers","description":"Sklep z grami PC I Sklep klucze Steam","publisher":{"@id":"https:\/\/prismagamers.com\/hu\/#organization"},"potentialAction":[{"@type":"SearchAction","target":{"@type":"EntryPoint","urlTemplate":"https:\/\/prismagamers.com\/hu\/?s={search_term_string}"},"query-input":{"@type":"PropertyValueSpecification","valueRequired":true,"valueName":"search_term_string"}}],"inLanguage":"hu"},{"@type":"Organization","@id":"https:\/\/prismagamers.com\/hu\/#organization","name":"Prismagamers","url":"https:\/\/prismagamers.com\/hu\/","logo":{"@type":"ImageObject","inLanguage":"hu","@id":"https:\/\/prismagamers.com\/hu\/#\/schema\/logo\/image\/","url":"https:\/\/prismagamers.com\/wp-content\/uploads\/2022\/04\/cropped-logo-Prismagamers-01-scaled-1.jpg","contentUrl":"https:\/\/prismagamers.com\/wp-content\/uploads\/2022\/04\/cropped-logo-Prismagamers-01-scaled-1.jpg","width":512,"height":512,"caption":"Prismagamers"},"image":{"@id":"https:\/\/prismagamers.com\/hu\/#\/schema\/logo\/image\/"},"sameAs":["https:\/\/www.facebook.com\/prismagamers","https:\/\/www.instagram.com\/prismagamers_grycyfrowe\/"],"description":"Prismagamers.com to dynamiczny sklep z grami cyfrowymi, stworzony z my\u015bl\u0105 o entuzjastach gier wideo. Nasza strona oferuje szerok\u0105 gam\u0119 gier komputerowych, w tym najnowsze tytu\u0142y, dobrze znane klasyki oraz gry stworzone przez niezale\u017cne studia Ca\u0142y czas d\u0105\u017cymy do rozszerzenia naszej oferty. Do\u0142\u0105cz do nas i sta\u0144 si\u0119 cz\u0119\u015bci\u0105 naszej rosn\u0105cej spo\u0142eczno\u015bci graczy!","email":"shop@prismagamers.com","telephone":"48795541705","legalName":"East Caravan Maksym \u017bukow","foundingDate":"2012-05-10","vatID":"PL8943038612","taxID":"PL8943038612","numberOfEmployees":{"@type":"QuantitativeValue","minValue":"11","maxValue":"50"}}]}},"_links":{"self":[{"href":"https:\/\/prismagamers.com\/hu\/wp-json\/wp\/v2\/product\/42407","targetHints":{"allow":["GET"]}}],"collection":[{"href":"https:\/\/prismagamers.com\/hu\/wp-json\/wp\/v2\/product"}],"about":[{"href":"https:\/\/prismagamers.com\/hu\/wp-json\/wp\/v2\/types\/product"}],"wp:featuredmedia":[{"embeddable":true,"href":"https:\/\/prismagamers.com\/hu\/wp-json\/wp\/v2\/media\/25539"}],"wp:attachment":[{"href":"https:\/\/prismagamers.com\/hu\/wp-json\/wp\/v2\/media?parent=42407"}],"wp:term":[{"taxonomy":"product_brand","embeddable":true,"href":"https:\/\/prismagamers.com\/hu\/wp-json\/wp\/v2\/product_brand?post=42407"},{"taxonomy":"product_cat","embeddable":true,"href":"https:\/\/prismagamers.com\/hu\/wp-json\/wp\/v2\/product_cat?post=42407"},{"taxonomy":"product_tag","embeddable":true,"href":"https:\/\/prismagamers.com\/hu\/wp-json\/wp\/v2\/product_tag?post=42407"}],"curies":[{"name":"wp","href":"https:\/\/api.w.org\/{rel}","templated":true}]}}