{"id":42408,"date":"2023-06-08T19:49:45","date_gmt":"2023-06-08T17:49:45","guid":{"rendered":"https:\/\/prismagamers.com\/produkt\/lord-of-rigel\/"},"modified":"2023-06-08T19:49:45","modified_gmt":"2023-06-08T17:49:45","slug":"lord-of-rigel","status":"publish","type":"product","link":"https:\/\/prismagamers.com\/hu\/produkt\/lord-of-rigel\/","title":{"rendered":"Lord of Rigel"},"content":{"rendered":"<p>Egy \u00faj nagyszab\u00e1s\u00fa strat\u00e9giai kalandban vezesd fajodat a k\u00e1oszban l\u00e9v\u0151 galaxisban. Alak\u00edts koal\u00edci\u00f3kat, hogy t\u00fal\u00e9ld a k\u00f6zelg\u0151 h\u00e1bor\u00fat, vagy fedezd fel a felemelked\u00e9s titkait, amelyt\u0151l az id\u0151sebb fajok f\u00e9lnek. Fajodnak sz\u00e1mos akad\u00e1lyt kell lek\u00fczdenie, ha t\u00fal akarja \u00e9lni.  <\/p>\n<p>Sz\u00e1llj szembe m\u00e1s fajokkal, k\u00f6zt\u00fck az id\u0151sebb fajokkal, akik a galaxis jogos \u0151rz\u0151inek tekintik magukat. V\u00e9dekezz a nagy fenyeget\u00e9sekkel szemben, amelyek meg akarj\u00e1k zavarni \u00e9s ir\u00e1ny\u00edtani a fejl\u0151d\u00e9sedet, \u00e9s szerezd meg azt a preszt\u00edzst, hogy megv\u00e9dheted a galaxist azokt\u00f3l, akik el akarj\u00e1k puszt\u00edtani. <\/p>\n<p>A Galaktikus Tan\u00e1cs politik\u00e1j\u00e1nak alak\u00edt\u00e1sa a kereskedelmi szerz\u0151d\u00e9sek \u00e9s sz\u00f6vets\u00e9gek megt\u00e1rgyal\u00e1s\u00e1val. Minden fajnak egyedi vezet\u0151i vannak, akiknek szem\u00e9lyis\u00e9ge \u00e9s kultur\u00e1lis hagyom\u00e1nyai ir\u00e1ny\u00edtj\u00e1k d\u00f6nt\u00e9seiket. Vezesd vagy haszn\u00e1ld ki a gyeng\u00e9bb civiliz\u00e1ci\u00f3kat, hogy azok el\u0151ny\u00f6kk\u00e9 vagy fegyverekk\u00e9 v\u00e1ljanak.  <\/p>\n<p>Vezess egy v\u00e9kony birodalmat, \u00e9s haszn\u00e1ld a k\u00e9mh\u00e1l\u00f3zatodat flott\u00e1k szabot\u00e1l\u00e1s\u00e1val, az infrastrukt\u00fara bomb\u00e1z\u00e1s\u00e1val, technol\u00f3gia ellop\u00e1s\u00e1val, a &#8222;megfelel\u0151&#8221; politikai l\u00e9gk\u00f6r megteremt\u00e9s\u00e9vel, l\u00e1zad\u00e1s sz\u00edt\u00e1s\u00e1val.<\/p>\n<p>Tervezz \u0171rhaj\u00f3kat, \u00e9s vegy\u00e9l r\u00e9szt val\u00f3s idej\u0171 taktikai harcban a meg\u00e1ll\u00e1s lehet\u0151s\u00e9g\u00e9vel. A kis fregattokt\u00f3l az \u00f3ri\u00e1si bolyg\u00f3\u00f6l\u0151 g\u00e9pekig fejlesztheted j\u00e1rm\u0171vedet sugarakkal, vad\u00e1szg\u00e9pekkel, rak\u00e9t\u00e1kkal \u00e9s m\u00e9g sok m\u00e1ssal. Haszn\u00e1ld a speci\u00e1lis rendszerek \u00e9s fegyverek kombin\u00e1ci\u00f3it, hogy legy\u0151zd ellens\u00e9geidet.  <\/p>\n<p>J\u00e1tssz a 10 el\u00e9rhet\u0151 faj egyikek\u00e9nt, amelyek mindegyike egyedi tulajdons\u00e1gokkal \u00e9s viselked\u00e9ssel rendelkezik. Haszn\u00e1ld a diplom\u00e1ci\u00e1t, a k\u00e9mked\u00e9st, a val\u00f3s idej\u0171 \u0171rharcot \u00e9s a tudom\u00e1nyos kutat\u00e1st, hogy kijel\u00f6ld a civiliz\u00e1ci\u00f3d \u00fatj\u00e1t, vagy csatlakozz valamelyik r\u00e9gebbi fajhoz az ir\u00e1ny\u00edt\u00e1s\u00e9rt folytatott harcban. <\/p>\n","protected":false},"excerpt":{"rendered":"<p>A Lord of Rigel egy kozmikus k\u00f6rnyezetben j\u00e1tsz\u00f3d\u00f3, fordul\u00f3alap\u00fa 4X strat\u00e9giai j\u00e1t\u00e9k. A k\u00e9t id\u0151sebb faj \u00e1ltal megosztott galaxisban egyes\u00fclj m\u00e1s fajokkal, vagy egyed\u00fcl j\u00e1rd be a saj\u00e1t utadat. Navig\u00e1lj a Galaktikus Tan\u00e1cs politik\u00e1j\u00e1ban, gy\u0151zd le a nagy fenyeget\u00e9seket, haszn\u00e1ld a k\u00e9mked\u00e9st, a tudom\u00e1nyos kutat\u00e1st \u00e9s a katonai er\u0151t. Hogyan fogod alak\u00edtani a galaxist?   <\/p>\n<p><img decoding=\"async\" class=\"emoji\" role=\"img\" draggable=\"false\" src=\"https:\/\/s.w.org\/images\/core\/emoji\/14.0.0\/svg\/1f30d.svg\" alt=\"\ud83c\udf0d\">  Glob\u00e1lis<br \/>\n<img decoding=\"async\" class=\"emoji\" role=\"img\" draggable=\"false\" src=\"https:\/\/s.w.org\/images\/core\/emoji\/14.0.0\/svg\/2699.svg\" alt=\"\u2699\ufe0f\">  G\u0151z<br \/>\n<img decoding=\"async\" class=\"emoji\" role=\"img\" draggable=\"false\" src=\"https:\/\/s.w.org\/images\/core\/emoji\/14.0.0\/svg\/1f5dd.svg\" alt=\"\ud83d\udddd\">  Digit\u00e1lis kulcs<\/p>\n","protected":false},"featured_media":25532,"template":"","meta":{"_acf_changed":false,"site-sidebar-layout":"default","site-content-layout":"default","ast-site-content-layout":"default","site-content-style":"default","site-sidebar-style":"default","ast-global-header-display":"","ast-banner-title-visibility":"","ast-main-header-display":"","ast-hfb-above-header-display":"","ast-hfb-below-header-display":"","ast-hfb-mobile-header-display":"","site-post-title":"","ast-breadcrumbs-content":"","ast-featured-img":"","footer-sml-layout":"","ast-disable-related-posts":"","theme-transparent-header-meta":"default","adv-header-id-meta":"","stick-header-meta":"","header-above-stick-meta":"","header-main-stick-meta":"","header-below-stick-meta":"","astra-migrate-meta-layouts":"default","ast-page-background-enabled":"default","ast-page-background-meta":{"desktop":{"background-color":"var(--ast-global-color-4)","background-image":"","background-repeat":"repeat","background-position":"center center","background-size":"auto","background-attachment":"scroll","background-type":"","background-media":"","overlay-type":"","overlay-color":"","overlay-opacity":"","overlay-gradient":""},"tablet":{"background-color":"","background-image":"","background-repeat":"repeat","background-position":"center center","background-size":"auto","background-attachment":"scroll","background-type":"","background-media":"","overlay-type":"","overlay-color":"","overlay-opacity":"","overlay-gradient":""},"mobile":{"background-color":"","background-image":"","background-repeat":"repeat","background-position":"center center","background-size":"auto","background-attachment":"scroll","background-type":"","background-media":"","overlay-type":"","overlay-color":"","overlay-opacity":"","overlay-gradient":""}},"ast-content-background-meta":{"desktop":{"background-color":"var(--ast-global-color-5)","background-image":"","background-repeat":"repeat","background-position":"center center","background-size":"auto","background-attachment":"scroll","background-type":"","background-media":"","overlay-type":"","overlay-color":"","overlay-opacity":"","overlay-gradient":""},"tablet":{"background-color":"var(--ast-global-color-5)","background-image":"","background-repeat":"repeat","background-position":"center center","background-size":"auto","background-attachment":"scroll","background-type":"","background-media":"","overlay-type":"","overlay-color":"","overlay-opacity":"","overlay-gradient":""},"mobile":{"background-color":"var(--ast-global-color-5)","background-image":"","background-repeat":"repeat","background-position":"center center","background-size":"auto","background-attachment":"scroll","background-type":"","background-media":"","overlay-type":"","overlay-color":"","overlay-opacity":"","overlay-gradient":""}}},"product_brand":[],"product_cat":[394,365,463,372,378,367,386],"product_tag":[],"class_list":{"0":"post-42408","1":"product","2":"type-product","3":"status-publish","4":"has-post-thumbnail","6":"product_cat-digitalis-jatekok","7":"product_cat-goz","8":"product_cat-iceberg-interactive-hu","9":"product_cat-jatekok-szimulatorok","10":"product_cat-minden-digitalis-jatek","11":"product_cat-pc-jatekok","12":"product_cat-strategiai-jatekok","13":"desktop-align-left","14":"tablet-align-left","15":"mobile-align-left","17":"first","18":"instock","19":"shipping-taxable","20":"purchasable","21":"product-type-simple"},"acf":[],"yoast_head":"<!-- This site is optimized with the Yoast SEO Premium plugin v27.4 (Yoast SEO v27.4) - https:\/\/yoast.com\/product\/yoast-seo-premium-wordpress\/ -->\n<title>Lord of Rigel - Prismagamers.com<\/title>\n<meta name=\"description\" content=\"A Lord of Rigel egy kozmikus k\u00f6rnyezetben j\u00e1tsz\u00f3d\u00f3, fordul\u00f3alap\u00fa 4X strat\u00e9giai j\u00e1t\u00e9k. A k\u00e9t id\u0151sebb faj \u00e1ltal megosztott galaxisban egyes\u00fclj m\u00e1s fajokkal, vagy egyed\u00fcl j\u00e1rd be a saj\u00e1t utadat. Navig\u00e1lj a Galaktikus Tan\u00e1cs politik\u00e1j\u00e1ban, gy\u0151zd le a nagy fenyeget\u00e9seket, haszn\u00e1ld a k\u00e9mked\u00e9st, a tudom\u00e1nyos kutat\u00e1st \u00e9s a katonai er\u0151t. Hogyan fogod alak\u00edtani a galaxist?    Glob\u00e1lis  G\u0151z  Digit\u00e1lis kulcs\" \/>\n<meta name=\"robots\" content=\"index, follow, max-snippet:-1, max-image-preview:large, max-video-preview:-1\" \/>\n<link rel=\"canonical\" href=\"https:\/\/prismagamers.com\/hu\/produkt\/lord-of-rigel\/\" \/>\n<meta property=\"og:locale\" content=\"hu_HU\" \/>\n<meta property=\"og:type\" content=\"article\" \/>\n<meta property=\"og:title\" content=\"Lord of Rigel\" \/>\n<meta property=\"og:description\" content=\"A Lord of Rigel egy kozmikus k\u00f6rnyezetben j\u00e1tsz\u00f3d\u00f3, fordul\u00f3alap\u00fa 4X strat\u00e9giai j\u00e1t\u00e9k. A k\u00e9t id\u0151sebb faj \u00e1ltal megosztott galaxisban egyes\u00fclj m\u00e1s fajokkal, vagy egyed\u00fcl j\u00e1rd be a saj\u00e1t utadat. Navig\u00e1lj a Galaktikus Tan\u00e1cs politik\u00e1j\u00e1ban, gy\u0151zd le a nagy fenyeget\u00e9seket, haszn\u00e1ld a k\u00e9mked\u00e9st, a tudom\u00e1nyos kutat\u00e1st \u00e9s a katonai er\u0151t. Hogyan fogod alak\u00edtani a galaxist?    Glob\u00e1lis  G\u0151z  Digit\u00e1lis kulcs\" \/>\n<meta property=\"og:url\" content=\"https:\/\/prismagamers.com\/hu\/produkt\/lord-of-rigel\/\" \/>\n<meta property=\"og:site_name\" content=\"Prismagamers.com\" \/>\n<meta property=\"article:publisher\" content=\"https:\/\/www.facebook.com\/prismagamers\" \/>\n<meta property=\"og:image\" content=\"https:\/\/prismagamers.com\/wp-content\/uploads\/2023\/06\/library_600x900_2x-5.jpg\" \/>\n\t<meta property=\"og:image:width\" content=\"600\" \/>\n\t<meta property=\"og:image:height\" content=\"900\" \/>\n\t<meta property=\"og:image:type\" content=\"image\/jpeg\" \/>\n<meta name=\"twitter:card\" content=\"summary_large_image\" \/>\n<meta name=\"twitter:label1\" content=\"Becs\u00fclt olvas\u00e1si id\u0151\" \/>\n\t<meta name=\"twitter:data1\" content=\"2 perc\" \/>\n<script type=\"application\/ld+json\" class=\"yoast-schema-graph\">{\"@context\":\"https:\\\/\\\/schema.org\",\"@graph\":[{\"@type\":\"WebPage\",\"@id\":\"https:\\\/\\\/prismagamers.com\\\/hu\\\/produkt\\\/lord-of-rigel\\\/\",\"url\":\"https:\\\/\\\/prismagamers.com\\\/hu\\\/produkt\\\/lord-of-rigel\\\/\",\"name\":\"Lord of Rigel - Prismagamers.com\",\"isPartOf\":{\"@id\":\"https:\\\/\\\/prismagamers.com\\\/hu\\\/#website\"},\"primaryImageOfPage\":{\"@id\":\"https:\\\/\\\/prismagamers.com\\\/hu\\\/produkt\\\/lord-of-rigel\\\/#primaryimage\"},\"image\":{\"@id\":\"https:\\\/\\\/prismagamers.com\\\/hu\\\/produkt\\\/lord-of-rigel\\\/#primaryimage\"},\"thumbnailUrl\":\"https:\\\/\\\/prismagamers.com\\\/wp-content\\\/uploads\\\/2023\\\/06\\\/library_600x900_2x-5.jpg\",\"datePublished\":\"2023-06-08T17:49:45+00:00\",\"description\":\"A Lord of Rigel egy kozmikus k\u00f6rnyezetben j\u00e1tsz\u00f3d\u00f3, fordul\u00f3alap\u00fa 4X strat\u00e9giai j\u00e1t\u00e9k. A k\u00e9t id\u0151sebb faj \u00e1ltal megosztott galaxisban egyes\u00fclj m\u00e1s fajokkal, vagy egyed\u00fcl j\u00e1rd be a saj\u00e1t utadat. Navig\u00e1lj a Galaktikus Tan\u00e1cs politik\u00e1j\u00e1ban, gy\u0151zd le a nagy fenyeget\u00e9seket, haszn\u00e1ld a k\u00e9mked\u00e9st, a tudom\u00e1nyos kutat\u00e1st \u00e9s a katonai er\u0151t. Hogyan fogod alak\u00edtani a galaxist? Glob\u00e1lis G\u0151z Digit\u00e1lis kulcs\",\"breadcrumb\":{\"@id\":\"https:\\\/\\\/prismagamers.com\\\/hu\\\/produkt\\\/lord-of-rigel\\\/#breadcrumb\"},\"inLanguage\":\"hu\",\"potentialAction\":[{\"@type\":\"ReadAction\",\"target\":[\"https:\\\/\\\/prismagamers.com\\\/hu\\\/produkt\\\/lord-of-rigel\\\/\"]}]},{\"@type\":\"ImageObject\",\"inLanguage\":\"hu\",\"@id\":\"https:\\\/\\\/prismagamers.com\\\/hu\\\/produkt\\\/lord-of-rigel\\\/#primaryimage\",\"url\":\"https:\\\/\\\/prismagamers.com\\\/wp-content\\\/uploads\\\/2023\\\/06\\\/library_600x900_2x-5.jpg\",\"contentUrl\":\"https:\\\/\\\/prismagamers.com\\\/wp-content\\\/uploads\\\/2023\\\/06\\\/library_600x900_2x-5.jpg\",\"width\":600,\"height\":900},{\"@type\":\"BreadcrumbList\",\"@id\":\"https:\\\/\\\/prismagamers.com\\\/hu\\\/produkt\\\/lord-of-rigel\\\/#breadcrumb\",\"itemListElement\":[{\"@type\":\"ListItem\",\"position\":1,\"name\":\"Strona g\u0142\u00f3wna\",\"item\":\"https:\\\/\\\/prismagamers.com\\\/hu\\\/prismagamers\\\/\"},{\"@type\":\"ListItem\",\"position\":2,\"name\":\"Shop\",\"item\":\"https:\\\/\\\/prismagamers.com\\\/hu\\\/shop\\\/\"},{\"@type\":\"ListItem\",\"position\":3,\"name\":\"Lord of Rigel\"}]},{\"@type\":\"WebSite\",\"@id\":\"https:\\\/\\\/prismagamers.com\\\/hu\\\/#website\",\"url\":\"https:\\\/\\\/prismagamers.com\\\/hu\\\/\",\"name\":\"Prismagamers\",\"description\":\"Sklep z grami PC I Sklep klucze Steam\",\"publisher\":{\"@id\":\"https:\\\/\\\/prismagamers.com\\\/hu\\\/#organization\"},\"potentialAction\":[{\"@type\":\"SearchAction\",\"target\":{\"@type\":\"EntryPoint\",\"urlTemplate\":\"https:\\\/\\\/prismagamers.com\\\/hu\\\/?s={search_term_string}\"},\"query-input\":{\"@type\":\"PropertyValueSpecification\",\"valueRequired\":true,\"valueName\":\"search_term_string\"}}],\"inLanguage\":\"hu\"},{\"@type\":\"Organization\",\"@id\":\"https:\\\/\\\/prismagamers.com\\\/hu\\\/#organization\",\"name\":\"Prismagamers\",\"url\":\"https:\\\/\\\/prismagamers.com\\\/hu\\\/\",\"logo\":{\"@type\":\"ImageObject\",\"inLanguage\":\"hu\",\"@id\":\"https:\\\/\\\/prismagamers.com\\\/hu\\\/#\\\/schema\\\/logo\\\/image\\\/\",\"url\":\"https:\\\/\\\/prismagamers.com\\\/wp-content\\\/uploads\\\/2022\\\/04\\\/cropped-logo-Prismagamers-01-scaled-1.jpg\",\"contentUrl\":\"https:\\\/\\\/prismagamers.com\\\/wp-content\\\/uploads\\\/2022\\\/04\\\/cropped-logo-Prismagamers-01-scaled-1.jpg\",\"width\":512,\"height\":512,\"caption\":\"Prismagamers\"},\"image\":{\"@id\":\"https:\\\/\\\/prismagamers.com\\\/hu\\\/#\\\/schema\\\/logo\\\/image\\\/\"},\"sameAs\":[\"https:\\\/\\\/www.facebook.com\\\/prismagamers\",\"https:\\\/\\\/www.instagram.com\\\/prismagamers_grycyfrowe\\\/\"],\"description\":\"Prismagamers.com to dynamiczny sklep z grami cyfrowymi, stworzony z my\u015bl\u0105 o entuzjastach gier wideo. Nasza strona oferuje szerok\u0105 gam\u0119 gier komputerowych, w tym najnowsze tytu\u0142y, dobrze znane klasyki oraz gry stworzone przez niezale\u017cne studia Ca\u0142y czas d\u0105\u017cymy do rozszerzenia naszej oferty. Do\u0142\u0105cz do nas i sta\u0144 si\u0119 cz\u0119\u015bci\u0105 naszej rosn\u0105cej spo\u0142eczno\u015bci graczy!\",\"email\":\"shop@prismagamers.com\",\"telephone\":\"48795541705\",\"legalName\":\"East Caravan Maksym \u017bukow\",\"foundingDate\":\"2012-05-10\",\"vatID\":\"PL8943038612\",\"taxID\":\"PL8943038612\",\"numberOfEmployees\":{\"@type\":\"QuantitativeValue\",\"minValue\":\"11\",\"maxValue\":\"50\"}}]}<\/script>\n<!-- \/ Yoast SEO Premium plugin. -->","yoast_head_json":{"title":"Lord of Rigel - Prismagamers.com","description":"A Lord of Rigel egy kozmikus k\u00f6rnyezetben j\u00e1tsz\u00f3d\u00f3, fordul\u00f3alap\u00fa 4X strat\u00e9giai j\u00e1t\u00e9k. A k\u00e9t id\u0151sebb faj \u00e1ltal megosztott galaxisban egyes\u00fclj m\u00e1s fajokkal, vagy egyed\u00fcl j\u00e1rd be a saj\u00e1t utadat. Navig\u00e1lj a Galaktikus Tan\u00e1cs politik\u00e1j\u00e1ban, gy\u0151zd le a nagy fenyeget\u00e9seket, haszn\u00e1ld a k\u00e9mked\u00e9st, a tudom\u00e1nyos kutat\u00e1st \u00e9s a katonai er\u0151t. Hogyan fogod alak\u00edtani a galaxist?    Glob\u00e1lis  G\u0151z  Digit\u00e1lis kulcs","robots":{"index":"index","follow":"follow","max-snippet":"max-snippet:-1","max-image-preview":"max-image-preview:large","max-video-preview":"max-video-preview:-1"},"canonical":"https:\/\/prismagamers.com\/hu\/produkt\/lord-of-rigel\/","og_locale":"hu_HU","og_type":"article","og_title":"Lord of Rigel","og_description":"A Lord of Rigel egy kozmikus k\u00f6rnyezetben j\u00e1tsz\u00f3d\u00f3, fordul\u00f3alap\u00fa 4X strat\u00e9giai j\u00e1t\u00e9k. A k\u00e9t id\u0151sebb faj \u00e1ltal megosztott galaxisban egyes\u00fclj m\u00e1s fajokkal, vagy egyed\u00fcl j\u00e1rd be a saj\u00e1t utadat. Navig\u00e1lj a Galaktikus Tan\u00e1cs politik\u00e1j\u00e1ban, gy\u0151zd le a nagy fenyeget\u00e9seket, haszn\u00e1ld a k\u00e9mked\u00e9st, a tudom\u00e1nyos kutat\u00e1st \u00e9s a katonai er\u0151t. Hogyan fogod alak\u00edtani a galaxist?    Glob\u00e1lis  G\u0151z  Digit\u00e1lis kulcs","og_url":"https:\/\/prismagamers.com\/hu\/produkt\/lord-of-rigel\/","og_site_name":"Prismagamers.com","article_publisher":"https:\/\/www.facebook.com\/prismagamers","og_image":[{"width":600,"height":900,"url":"https:\/\/prismagamers.com\/wp-content\/uploads\/2023\/06\/library_600x900_2x-5.jpg","type":"image\/jpeg"}],"twitter_card":"summary_large_image","twitter_misc":{"Becs\u00fclt olvas\u00e1si id\u0151":"2 perc"},"schema":{"@context":"https:\/\/schema.org","@graph":[{"@type":"WebPage","@id":"https:\/\/prismagamers.com\/hu\/produkt\/lord-of-rigel\/","url":"https:\/\/prismagamers.com\/hu\/produkt\/lord-of-rigel\/","name":"Lord of Rigel - Prismagamers.com","isPartOf":{"@id":"https:\/\/prismagamers.com\/hu\/#website"},"primaryImageOfPage":{"@id":"https:\/\/prismagamers.com\/hu\/produkt\/lord-of-rigel\/#primaryimage"},"image":{"@id":"https:\/\/prismagamers.com\/hu\/produkt\/lord-of-rigel\/#primaryimage"},"thumbnailUrl":"https:\/\/prismagamers.com\/wp-content\/uploads\/2023\/06\/library_600x900_2x-5.jpg","datePublished":"2023-06-08T17:49:45+00:00","description":"A Lord of Rigel egy kozmikus k\u00f6rnyezetben j\u00e1tsz\u00f3d\u00f3, fordul\u00f3alap\u00fa 4X strat\u00e9giai j\u00e1t\u00e9k. A k\u00e9t id\u0151sebb faj \u00e1ltal megosztott galaxisban egyes\u00fclj m\u00e1s fajokkal, vagy egyed\u00fcl j\u00e1rd be a saj\u00e1t utadat. Navig\u00e1lj a Galaktikus Tan\u00e1cs politik\u00e1j\u00e1ban, gy\u0151zd le a nagy fenyeget\u00e9seket, haszn\u00e1ld a k\u00e9mked\u00e9st, a tudom\u00e1nyos kutat\u00e1st \u00e9s a katonai er\u0151t. Hogyan fogod alak\u00edtani a galaxist? Glob\u00e1lis G\u0151z Digit\u00e1lis kulcs","breadcrumb":{"@id":"https:\/\/prismagamers.com\/hu\/produkt\/lord-of-rigel\/#breadcrumb"},"inLanguage":"hu","potentialAction":[{"@type":"ReadAction","target":["https:\/\/prismagamers.com\/hu\/produkt\/lord-of-rigel\/"]}]},{"@type":"ImageObject","inLanguage":"hu","@id":"https:\/\/prismagamers.com\/hu\/produkt\/lord-of-rigel\/#primaryimage","url":"https:\/\/prismagamers.com\/wp-content\/uploads\/2023\/06\/library_600x900_2x-5.jpg","contentUrl":"https:\/\/prismagamers.com\/wp-content\/uploads\/2023\/06\/library_600x900_2x-5.jpg","width":600,"height":900},{"@type":"BreadcrumbList","@id":"https:\/\/prismagamers.com\/hu\/produkt\/lord-of-rigel\/#breadcrumb","itemListElement":[{"@type":"ListItem","position":1,"name":"Strona g\u0142\u00f3wna","item":"https:\/\/prismagamers.com\/hu\/prismagamers\/"},{"@type":"ListItem","position":2,"name":"Shop","item":"https:\/\/prismagamers.com\/hu\/shop\/"},{"@type":"ListItem","position":3,"name":"Lord of Rigel"}]},{"@type":"WebSite","@id":"https:\/\/prismagamers.com\/hu\/#website","url":"https:\/\/prismagamers.com\/hu\/","name":"Prismagamers","description":"Sklep z grami PC I Sklep klucze Steam","publisher":{"@id":"https:\/\/prismagamers.com\/hu\/#organization"},"potentialAction":[{"@type":"SearchAction","target":{"@type":"EntryPoint","urlTemplate":"https:\/\/prismagamers.com\/hu\/?s={search_term_string}"},"query-input":{"@type":"PropertyValueSpecification","valueRequired":true,"valueName":"search_term_string"}}],"inLanguage":"hu"},{"@type":"Organization","@id":"https:\/\/prismagamers.com\/hu\/#organization","name":"Prismagamers","url":"https:\/\/prismagamers.com\/hu\/","logo":{"@type":"ImageObject","inLanguage":"hu","@id":"https:\/\/prismagamers.com\/hu\/#\/schema\/logo\/image\/","url":"https:\/\/prismagamers.com\/wp-content\/uploads\/2022\/04\/cropped-logo-Prismagamers-01-scaled-1.jpg","contentUrl":"https:\/\/prismagamers.com\/wp-content\/uploads\/2022\/04\/cropped-logo-Prismagamers-01-scaled-1.jpg","width":512,"height":512,"caption":"Prismagamers"},"image":{"@id":"https:\/\/prismagamers.com\/hu\/#\/schema\/logo\/image\/"},"sameAs":["https:\/\/www.facebook.com\/prismagamers","https:\/\/www.instagram.com\/prismagamers_grycyfrowe\/"],"description":"Prismagamers.com to dynamiczny sklep z grami cyfrowymi, stworzony z my\u015bl\u0105 o entuzjastach gier wideo. Nasza strona oferuje szerok\u0105 gam\u0119 gier komputerowych, w tym najnowsze tytu\u0142y, dobrze znane klasyki oraz gry stworzone przez niezale\u017cne studia Ca\u0142y czas d\u0105\u017cymy do rozszerzenia naszej oferty. Do\u0142\u0105cz do nas i sta\u0144 si\u0119 cz\u0119\u015bci\u0105 naszej rosn\u0105cej spo\u0142eczno\u015bci graczy!","email":"shop@prismagamers.com","telephone":"48795541705","legalName":"East Caravan Maksym \u017bukow","foundingDate":"2012-05-10","vatID":"PL8943038612","taxID":"PL8943038612","numberOfEmployees":{"@type":"QuantitativeValue","minValue":"11","maxValue":"50"}}]}},"_links":{"self":[{"href":"https:\/\/prismagamers.com\/hu\/wp-json\/wp\/v2\/product\/42408","targetHints":{"allow":["GET"]}}],"collection":[{"href":"https:\/\/prismagamers.com\/hu\/wp-json\/wp\/v2\/product"}],"about":[{"href":"https:\/\/prismagamers.com\/hu\/wp-json\/wp\/v2\/types\/product"}],"wp:featuredmedia":[{"embeddable":true,"href":"https:\/\/prismagamers.com\/hu\/wp-json\/wp\/v2\/media\/25532"}],"wp:attachment":[{"href":"https:\/\/prismagamers.com\/hu\/wp-json\/wp\/v2\/media?parent=42408"}],"wp:term":[{"taxonomy":"product_brand","embeddable":true,"href":"https:\/\/prismagamers.com\/hu\/wp-json\/wp\/v2\/product_brand?post=42408"},{"taxonomy":"product_cat","embeddable":true,"href":"https:\/\/prismagamers.com\/hu\/wp-json\/wp\/v2\/product_cat?post=42408"},{"taxonomy":"product_tag","embeddable":true,"href":"https:\/\/prismagamers.com\/hu\/wp-json\/wp\/v2\/product_tag?post=42408"}],"curies":[{"name":"wp","href":"https:\/\/api.w.org\/{rel}","templated":true}]}}