{"id":42409,"date":"2023-06-13T23:12:03","date_gmt":"2023-06-13T21:12:03","guid":{"rendered":"https:\/\/prismagamers.com\/produkt\/sacred-fire-a-role-playing-game\/"},"modified":"2023-06-13T23:12:03","modified_gmt":"2023-06-13T21:12:03","slug":"sacred-fire-a-role-playing-game","status":"publish","type":"product","link":"https:\/\/prismagamers.com\/hu\/produkt\/sacred-fire-a-role-playing-game\/","title":{"rendered":"Sacred Fire: A Role Playing Game"},"content":{"rendered":"<h2 data-start=\"122\" data-end=\"200\">Echoes of Dunadd &#8211; Strat\u00e9gia, RPG \u00e9s \u00e9rzelmi d\u00f6nt\u00e9sek a Birodalom idej\u00e9n<\/h2>\n<p data-start=\"202\" data-end=\"531\">R\u00f3ma teljes er\u0151vel \u00e1tkelt a <strong data-start=\"219\" data-end=\"235\">Hadrianus falon<\/strong>. Egyetlen rem\u00e9nyed, hogy el\u00e9rd <strong data-start=\"290\" data-end=\"300\">Dunaddot<\/strong>, a hatalom sz\u00e9khely\u00e9t, \u00e9s egyes\u00edtsd a t\u00f6rzseket. De el\u0151bb figyelmeztetned kell <strong data-start=\"374\" data-end=\"382\">Wid\u00e1t<\/strong>, h\u0171s\u00e9ges b\u00e1ty\u00e1dat \u00e9s az egyetlen csal\u00e1dtagodat, aki megmaradt &#8211; eltekintve ap\u00e1d eml\u00e9k\u00e9t\u0151l, akit legsz\u00edvesebben elfelejten\u00e9l, \u00e9s any\u00e1dt\u00f3l, akire nehezen eml\u00e9kszel.  <\/p>\n<p data-start=\"533\" data-end=\"919\">D\u00f6nt\u00e9seid megmenthetik szeretteidet, vagy <strong data-start=\"584\" data-end=\"611\">v\u00e9rbe fojtj\u00e1k a Birodalmat<\/strong>. <strong data-start=\"613\" data-end=\"657\">Testre szabhatod h\u0151s\u00f6d megjelen\u00e9s\u00e9t \u00e9s tulajdons\u00e1gait<\/strong>, majd gondolatai, szavai \u00e9s tettei r\u00e9v\u00e9n alak\u00edthatod test\u00e9t \u00e9s elm\u00e9j\u00e9t. Az \u00e9rzelmek befoly\u00e1solj\u00e1k minden kockadob\u00e1s siker\u00e9t &#8211; ak\u00e1r csat\u00e1ban, ak\u00e1r t\u00e1rgyal\u00e1son. Haszn\u00e1ld az akarater\u0151t, hogy k\u00e9pess\u00e9geid cs\u00facs\u00e1t \u00e9rd el a csat\u00e1ban, \u00e9s garant\u00e1ld a sikert a diplom\u00e1ci\u00e1ban.  <\/p>\n<p data-start=\"921\" data-end=\"1189\">Fedezd fel saj\u00e1t korl\u00e1taidat, \u00e9s alak\u00edtsd \u00e1t elm\u00e9det olyan fegyverr\u00e9, amely k\u00e9pes szemben\u00e9zni a vad\u00e1llatokkal, az emberekkel \u00e9s saj\u00e1t sz\u00edveddel. <strong data-start=\"1035\" data-end=\"1086\">L\u00e9pj kapcsolatba val\u00f3s\u00e1gh\u0171 karakterekkel<\/strong>, fedezd fel motiv\u00e1ci\u00f3ikat, \u00e9s alak\u00edtsd ki kapcsolataidat &#8211; a hal\u00e1los rivaliz\u00e1l\u00e1st\u00f3l a t\u0171zreval\u00f3 bar\u00e1ts\u00e1gokig.<\/p>\n<p data-start=\"1191\" data-end=\"1378\">Elemezze az ellenfeleket \u00e9s vezesse a hal\u00e1los \u00f6sszecsap\u00e1sokat. Mentsd meg, mentsd meg, \u00f6ld meg vagy hagyd el a karaktereket. J\u00e1tssz biztosra, vagy hajts v\u00e9gre legend\u00e1hoz m\u00e9lt\u00f3 tetteket, mik\u00f6zben a st\u00e1tusz\u00e9rt \u00e9s befoly\u00e1s\u00e9rt k\u00fczdesz.  <\/p>\n<p data-start=\"1380\" data-end=\"1530\">T\u00fal fogod \u00e9lni, tal\u00e1lsz majd valamit, ami\u00e9rt igaz\u00e1n \u00e9rdemes harcolni? Megv\u00e1ltoztathatj\u00e1tok-e a sorsotokat, \u00e9s l\u00e9trehozhattok-e <strong data-start=\"1490\" data-end=\"1505\">egy<\/strong> \u00e9vsz\u00e1zadokra sz\u00f3l\u00f3 <strong data-start=\"1490\" data-end=\"1505\">\u00f6r\u00f6ks\u00e9get<\/strong>? <\/p>\n","protected":false},"excerpt":{"rendered":"<div class=\"flex-1 overflow-hidden\">\n<div class=\"react-scroll-to-bottom--css-rblxc-79elbk h-full\">\n<div class=\"react-scroll-to-bottom--css-rblxc-1n7m0yu\">\n<div class=\"flex flex-col pb-9 text-sm\">\n<div class=\"w-full text-token-text-primary\" data-testid=\"conversation-turn-5\">\n<div class=\"px-4 py-2 justify-center text-base md:gap-6 m-auto\">\n<div class=\"flex flex-1 text-base mx-auto gap-3 md:px-5 lg:px-1 xl:px-5 md:max-w-3xl lg:max-w-[40rem] xl:max-w-[48rem] group final-completion\">\n<div class=\"relative flex w-full flex-col agent-turn\">\n<div class=\"flex-col gap-1 md:gap-3\">\n<div class=\"flex flex-grow flex-col max-w-full\">\n<div class=\"min-h-[20px] text-message flex flex-col items-start gap-3 whitespace-pre-wrap break-words [.text-message+&amp;]:mt-5 overflow-x-auto\" data-message-author-role=\"assistant\" data-message-id=\"943c43ef-7907-4b31-ae5f-869250baa993\">\n<div class=\"markdown prose w-full break-words dark:prose-invert light\">\n<p>Sz\u00f6vegalap\u00fa szerepj\u00e1t\u00e9k, tele v\u00e1laszt\u00e1si lehet\u0151s\u00e9gekkel \u00e9s akci\u00f3val. K\u00fczdj a t\u00fal\u00e9l\u00e9s\u00e9rt az \u00f3kori Kaled\u00f3nia r\u00f3mai inv\u00e1zi\u00f3ja k\u00f6zepette. Strat\u00e9gi\u00e1zz kockadob\u00e1sonk\u00e9nt, mik\u00f6zben az \u00e9rzelmek befoly\u00e1solj\u00e1k a tetteidet. Haszn\u00e1ld az akarater\u0151t, hogy t\u00falj\u00e1rj ellenfeleid esz\u00e9n, szerezz sz\u00f6vets\u00e9geseket, v\u00edvj h\u00e1bor\u00fat vagy t\u00f6rekedj a b\u00e9k\u00e9re. Hogyan fog v\u00e9gz\u0151dni a t\u00f6rt\u00e9neted?    <\/p>\n<\/div>\n<\/div>\n<\/div>\n<\/div>\n<div class=\"absolute\">\n<div class=\"flex w-full gap-2 items-center justify-center\"><\/div>\n<\/div>\n<\/div>\n<\/div>\n<\/div>\n<\/div>\n<\/div>\n<\/div>\n<\/div>\n<\/div>\n<div class=\"w-full pt-2 md:pt-0 dark:border-white\/20 md:border-transparent md:dark:border-transparent md:w-[calc(100%-.5rem)]\">\n<form class=\"stretch mx-2 flex flex-row gap-3 last:mb-2 md:mx-4 md:last:mb-6 lg:mx-auto lg:max-w-2xl xl:max-w-3xl\">\n<div class=\"relative flex h-full flex-1 flex-col\">\n<div class=\"flex w-full items-center\">\n<div class=\"overflow-hidden [&amp;:has(textarea:focus)]:border-token-border-xheavy [&amp;:has(textarea:focus)]:shadow-[0_2px_6px_rgba(0,0,0,.05)] flex flex-col w-full dark:border-token-border-medium flex-grow relative border border-token-border-medium dark:text-white rounded-2xl bg-token-main-surface-primary\"><\/div>\n<\/div>\n<\/div>\n<\/form>\n<\/div>\n<p>&nbsp;<\/p>\n<p><img decoding=\"async\" class=\"emoji\" role=\"img\" draggable=\"false\" src=\"https:\/\/s.w.org\/images\/core\/emoji\/14.0.0\/svg\/1f30d.svg\" alt=\"\ud83c\udf0d\">  Glob\u00e1lis<br \/>\n<img decoding=\"async\" class=\"emoji\" role=\"img\" draggable=\"false\" src=\"https:\/\/s.w.org\/images\/core\/emoji\/14.0.0\/svg\/2699.svg\" alt=\"\u2699\ufe0f\">  G\u0151z<br \/>\n<img decoding=\"async\" class=\"emoji\" role=\"img\" draggable=\"false\" src=\"https:\/\/s.w.org\/images\/core\/emoji\/14.0.0\/svg\/1f5dd.svg\" alt=\"\ud83d\udddd\">  Digit\u00e1lis kulcs<\/p>\n","protected":false},"featured_media":25615,"template":"","meta":{"_acf_changed":false,"site-sidebar-layout":"default","site-content-layout":"default","ast-site-content-layout":"default","site-content-style":"default","site-sidebar-style":"default","ast-global-header-display":"","ast-banner-title-visibility":"","ast-main-header-display":"","ast-hfb-above-header-display":"","ast-hfb-below-header-display":"","ast-hfb-mobile-header-display":"","site-post-title":"","ast-breadcrumbs-content":"","ast-featured-img":"","footer-sml-layout":"","ast-disable-related-posts":"","theme-transparent-header-meta":"default","adv-header-id-meta":"","stick-header-meta":"","header-above-stick-meta":"","header-main-stick-meta":"","header-below-stick-meta":"","astra-migrate-meta-layouts":"default","ast-page-background-enabled":"default","ast-page-background-meta":{"desktop":{"background-color":"var(--ast-global-color-4)","background-image":"","background-repeat":"repeat","background-position":"center center","background-size":"auto","background-attachment":"scroll","background-type":"","background-media":"","overlay-type":"","overlay-color":"","overlay-opacity":"","overlay-gradient":""},"tablet":{"background-color":"","background-image":"","background-repeat":"repeat","background-position":"center center","background-size":"auto","background-attachment":"scroll","background-type":"","background-media":"","overlay-type":"","overlay-color":"","overlay-opacity":"","overlay-gradient":""},"mobile":{"background-color":"","background-image":"","background-repeat":"repeat","background-position":"center center","background-size":"auto","background-attachment":"scroll","background-type":"","background-media":"","overlay-type":"","overlay-color":"","overlay-opacity":"","overlay-gradient":""}},"ast-content-background-meta":{"desktop":{"background-color":"var(--ast-global-color-5)","background-image":"","background-repeat":"repeat","background-position":"center center","background-size":"auto","background-attachment":"scroll","background-type":"","background-media":"","overlay-type":"","overlay-color":"","overlay-opacity":"","overlay-gradient":""},"tablet":{"background-color":"var(--ast-global-color-5)","background-image":"","background-repeat":"repeat","background-position":"center center","background-size":"auto","background-attachment":"scroll","background-type":"","background-media":"","overlay-type":"","overlay-color":"","overlay-opacity":"","overlay-gradient":""},"mobile":{"background-color":"var(--ast-global-color-5)","background-image":"","background-repeat":"repeat","background-position":"center center","background-size":"auto","background-attachment":"scroll","background-type":"","background-media":"","overlay-type":"","overlay-color":"","overlay-opacity":"","overlay-gradient":""}}},"product_brand":[],"product_cat":[368,365,367],"product_tag":[],"class_list":{"0":"post-42409","1":"product","2":"type-product","3":"status-publish","4":"has-post-thumbnail","6":"product_cat-dlc-hu","7":"product_cat-goz","8":"product_cat-pc-jatekok","9":"desktop-align-left","10":"tablet-align-left","11":"mobile-align-left","13":"first","14":"instock","15":"shipping-taxable","16":"purchasable","17":"product-type-simple"},"acf":[],"yoast_head":"<!-- This site is optimized with the Yoast SEO Premium plugin v27.4 (Yoast SEO v27.4) - https:\/\/yoast.com\/product\/yoast-seo-premium-wordpress\/ -->\n<title>Sacred Fire: A Role Playing Game - Prismagamers.com<\/title>\n<meta name=\"description\" content=\"Sz\u00f6vegalap\u00fa szerepj\u00e1t\u00e9k, tele v\u00e1laszt\u00e1si lehet\u0151s\u00e9gekkel \u00e9s akci\u00f3val. K\u00fczdj a t\u00fal\u00e9l\u00e9s\u00e9rt az \u00f3kori Kaled\u00f3nia r\u00f3mai inv\u00e1zi\u00f3ja k\u00f6zepette. Strat\u00e9gi\u00e1zz kockadob\u00e1sonk\u00e9nt, mik\u00f6zben az \u00e9rzelmek befoly\u00e1solj\u00e1k a tetteidet. Haszn\u00e1ld az akarater\u0151t, hogy t\u00falj\u00e1rj ellenfeleid esz\u00e9n, szerezz sz\u00f6vets\u00e9geseket, v\u00edvj h\u00e1bor\u00fat vagy t\u00f6rekedj a b\u00e9k\u00e9re. Hogyan fog v\u00e9gz\u0151dni a t\u00f6rt\u00e9neted?              &nbsp;  Glob\u00e1lis  G\u0151z  Digit\u00e1lis kulcs\" \/>\n<meta name=\"robots\" content=\"index, follow, max-snippet:-1, max-image-preview:large, max-video-preview:-1\" \/>\n<link rel=\"canonical\" href=\"https:\/\/prismagamers.com\/hu\/produkt\/sacred-fire-a-role-playing-game\/\" \/>\n<meta property=\"og:locale\" content=\"hu_HU\" \/>\n<meta property=\"og:type\" content=\"article\" \/>\n<meta property=\"og:title\" content=\"Sacred Fire: A Role Playing Game\" \/>\n<meta property=\"og:description\" content=\"Sz\u00f6vegalap\u00fa szerepj\u00e1t\u00e9k, tele v\u00e1laszt\u00e1si lehet\u0151s\u00e9gekkel \u00e9s akci\u00f3val. K\u00fczdj a t\u00fal\u00e9l\u00e9s\u00e9rt az \u00f3kori Kaled\u00f3nia r\u00f3mai inv\u00e1zi\u00f3ja k\u00f6zepette. Strat\u00e9gi\u00e1zz kockadob\u00e1sonk\u00e9nt, mik\u00f6zben az \u00e9rzelmek befoly\u00e1solj\u00e1k a tetteidet. Haszn\u00e1ld az akarater\u0151t, hogy t\u00falj\u00e1rj ellenfeleid esz\u00e9n, szerezz sz\u00f6vets\u00e9geseket, v\u00edvj h\u00e1bor\u00fat vagy t\u00f6rekedj a b\u00e9k\u00e9re. Hogyan fog v\u00e9gz\u0151dni a t\u00f6rt\u00e9neted?              &nbsp;  Glob\u00e1lis  G\u0151z  Digit\u00e1lis kulcs\" \/>\n<meta property=\"og:url\" content=\"https:\/\/prismagamers.com\/hu\/produkt\/sacred-fire-a-role-playing-game\/\" \/>\n<meta property=\"og:site_name\" content=\"Prismagamers.com\" \/>\n<meta property=\"article:publisher\" content=\"https:\/\/www.facebook.com\/prismagamers\" \/>\n<meta property=\"og:image\" content=\"https:\/\/prismagamers.com\/wp-content\/uploads\/2023\/06\/library_600x900_2x-15.jpg\" \/>\n\t<meta property=\"og:image:width\" content=\"600\" \/>\n\t<meta property=\"og:image:height\" content=\"900\" \/>\n\t<meta property=\"og:image:type\" content=\"image\/jpeg\" \/>\n<meta name=\"twitter:card\" content=\"summary_large_image\" \/>\n<meta name=\"twitter:label1\" content=\"Becs\u00fclt olvas\u00e1si id\u0151\" \/>\n\t<meta name=\"twitter:data1\" content=\"2 perc\" \/>\n<script type=\"application\/ld+json\" class=\"yoast-schema-graph\">{\"@context\":\"https:\\\/\\\/schema.org\",\"@graph\":[{\"@type\":\"WebPage\",\"@id\":\"https:\\\/\\\/prismagamers.com\\\/hu\\\/produkt\\\/sacred-fire-a-role-playing-game\\\/\",\"url\":\"https:\\\/\\\/prismagamers.com\\\/hu\\\/produkt\\\/sacred-fire-a-role-playing-game\\\/\",\"name\":\"Sacred Fire: A Role Playing Game - Prismagamers.com\",\"isPartOf\":{\"@id\":\"https:\\\/\\\/prismagamers.com\\\/hu\\\/#website\"},\"primaryImageOfPage\":{\"@id\":\"https:\\\/\\\/prismagamers.com\\\/hu\\\/produkt\\\/sacred-fire-a-role-playing-game\\\/#primaryimage\"},\"image\":{\"@id\":\"https:\\\/\\\/prismagamers.com\\\/hu\\\/produkt\\\/sacred-fire-a-role-playing-game\\\/#primaryimage\"},\"thumbnailUrl\":\"https:\\\/\\\/prismagamers.com\\\/wp-content\\\/uploads\\\/2023\\\/06\\\/library_600x900_2x-15.jpg\",\"datePublished\":\"2023-06-13T21:12:03+00:00\",\"description\":\"Sz\u00f6vegalap\u00fa szerepj\u00e1t\u00e9k, tele v\u00e1laszt\u00e1si lehet\u0151s\u00e9gekkel \u00e9s akci\u00f3val. K\u00fczdj a t\u00fal\u00e9l\u00e9s\u00e9rt az \u00f3kori Kaled\u00f3nia r\u00f3mai inv\u00e1zi\u00f3ja k\u00f6zepette. Strat\u00e9gi\u00e1zz kockadob\u00e1sonk\u00e9nt, mik\u00f6zben az \u00e9rzelmek befoly\u00e1solj\u00e1k a tetteidet. Haszn\u00e1ld az akarater\u0151t, hogy t\u00falj\u00e1rj ellenfeleid esz\u00e9n, szerezz sz\u00f6vets\u00e9geseket, v\u00edvj h\u00e1bor\u00fat vagy t\u00f6rekedj a b\u00e9k\u00e9re. Hogyan fog v\u00e9gz\u0151dni a t\u00f6rt\u00e9neted? &nbsp; Glob\u00e1lis G\u0151z Digit\u00e1lis kulcs\",\"breadcrumb\":{\"@id\":\"https:\\\/\\\/prismagamers.com\\\/hu\\\/produkt\\\/sacred-fire-a-role-playing-game\\\/#breadcrumb\"},\"inLanguage\":\"hu\",\"potentialAction\":[{\"@type\":\"ReadAction\",\"target\":[\"https:\\\/\\\/prismagamers.com\\\/hu\\\/produkt\\\/sacred-fire-a-role-playing-game\\\/\"]}]},{\"@type\":\"ImageObject\",\"inLanguage\":\"hu\",\"@id\":\"https:\\\/\\\/prismagamers.com\\\/hu\\\/produkt\\\/sacred-fire-a-role-playing-game\\\/#primaryimage\",\"url\":\"https:\\\/\\\/prismagamers.com\\\/wp-content\\\/uploads\\\/2023\\\/06\\\/library_600x900_2x-15.jpg\",\"contentUrl\":\"https:\\\/\\\/prismagamers.com\\\/wp-content\\\/uploads\\\/2023\\\/06\\\/library_600x900_2x-15.jpg\",\"width\":600,\"height\":900},{\"@type\":\"BreadcrumbList\",\"@id\":\"https:\\\/\\\/prismagamers.com\\\/hu\\\/produkt\\\/sacred-fire-a-role-playing-game\\\/#breadcrumb\",\"itemListElement\":[{\"@type\":\"ListItem\",\"position\":1,\"name\":\"Strona g\u0142\u00f3wna\",\"item\":\"https:\\\/\\\/prismagamers.com\\\/hu\\\/prismagamers\\\/\"},{\"@type\":\"ListItem\",\"position\":2,\"name\":\"Shop\",\"item\":\"https:\\\/\\\/prismagamers.com\\\/hu\\\/shop\\\/\"},{\"@type\":\"ListItem\",\"position\":3,\"name\":\"Sacred Fire: A Role Playing Game\"}]},{\"@type\":\"WebSite\",\"@id\":\"https:\\\/\\\/prismagamers.com\\\/hu\\\/#website\",\"url\":\"https:\\\/\\\/prismagamers.com\\\/hu\\\/\",\"name\":\"Prismagamers\",\"description\":\"Sklep z grami PC I Sklep klucze Steam\",\"publisher\":{\"@id\":\"https:\\\/\\\/prismagamers.com\\\/hu\\\/#organization\"},\"potentialAction\":[{\"@type\":\"SearchAction\",\"target\":{\"@type\":\"EntryPoint\",\"urlTemplate\":\"https:\\\/\\\/prismagamers.com\\\/hu\\\/?s={search_term_string}\"},\"query-input\":{\"@type\":\"PropertyValueSpecification\",\"valueRequired\":true,\"valueName\":\"search_term_string\"}}],\"inLanguage\":\"hu\"},{\"@type\":\"Organization\",\"@id\":\"https:\\\/\\\/prismagamers.com\\\/hu\\\/#organization\",\"name\":\"Prismagamers\",\"url\":\"https:\\\/\\\/prismagamers.com\\\/hu\\\/\",\"logo\":{\"@type\":\"ImageObject\",\"inLanguage\":\"hu\",\"@id\":\"https:\\\/\\\/prismagamers.com\\\/hu\\\/#\\\/schema\\\/logo\\\/image\\\/\",\"url\":\"https:\\\/\\\/prismagamers.com\\\/wp-content\\\/uploads\\\/2022\\\/04\\\/cropped-logo-Prismagamers-01-scaled-1.jpg\",\"contentUrl\":\"https:\\\/\\\/prismagamers.com\\\/wp-content\\\/uploads\\\/2022\\\/04\\\/cropped-logo-Prismagamers-01-scaled-1.jpg\",\"width\":512,\"height\":512,\"caption\":\"Prismagamers\"},\"image\":{\"@id\":\"https:\\\/\\\/prismagamers.com\\\/hu\\\/#\\\/schema\\\/logo\\\/image\\\/\"},\"sameAs\":[\"https:\\\/\\\/www.facebook.com\\\/prismagamers\",\"https:\\\/\\\/www.instagram.com\\\/prismagamers_grycyfrowe\\\/\"],\"description\":\"Prismagamers.com to dynamiczny sklep z grami cyfrowymi, stworzony z my\u015bl\u0105 o entuzjastach gier wideo. Nasza strona oferuje szerok\u0105 gam\u0119 gier komputerowych, w tym najnowsze tytu\u0142y, dobrze znane klasyki oraz gry stworzone przez niezale\u017cne studia Ca\u0142y czas d\u0105\u017cymy do rozszerzenia naszej oferty. Do\u0142\u0105cz do nas i sta\u0144 si\u0119 cz\u0119\u015bci\u0105 naszej rosn\u0105cej spo\u0142eczno\u015bci graczy!\",\"email\":\"shop@prismagamers.com\",\"telephone\":\"48795541705\",\"legalName\":\"East Caravan Maksym \u017bukow\",\"foundingDate\":\"2012-05-10\",\"vatID\":\"PL8943038612\",\"taxID\":\"PL8943038612\",\"numberOfEmployees\":{\"@type\":\"QuantitativeValue\",\"minValue\":\"11\",\"maxValue\":\"50\"}}]}<\/script>\n<!-- \/ Yoast SEO Premium plugin. -->","yoast_head_json":{"title":"Sacred Fire: A Role Playing Game - Prismagamers.com","description":"Sz\u00f6vegalap\u00fa szerepj\u00e1t\u00e9k, tele v\u00e1laszt\u00e1si lehet\u0151s\u00e9gekkel \u00e9s akci\u00f3val. K\u00fczdj a t\u00fal\u00e9l\u00e9s\u00e9rt az \u00f3kori Kaled\u00f3nia r\u00f3mai inv\u00e1zi\u00f3ja k\u00f6zepette. Strat\u00e9gi\u00e1zz kockadob\u00e1sonk\u00e9nt, mik\u00f6zben az \u00e9rzelmek befoly\u00e1solj\u00e1k a tetteidet. Haszn\u00e1ld az akarater\u0151t, hogy t\u00falj\u00e1rj ellenfeleid esz\u00e9n, szerezz sz\u00f6vets\u00e9geseket, v\u00edvj h\u00e1bor\u00fat vagy t\u00f6rekedj a b\u00e9k\u00e9re. Hogyan fog v\u00e9gz\u0151dni a t\u00f6rt\u00e9neted?              &nbsp;  Glob\u00e1lis  G\u0151z  Digit\u00e1lis kulcs","robots":{"index":"index","follow":"follow","max-snippet":"max-snippet:-1","max-image-preview":"max-image-preview:large","max-video-preview":"max-video-preview:-1"},"canonical":"https:\/\/prismagamers.com\/hu\/produkt\/sacred-fire-a-role-playing-game\/","og_locale":"hu_HU","og_type":"article","og_title":"Sacred Fire: A Role Playing Game","og_description":"Sz\u00f6vegalap\u00fa szerepj\u00e1t\u00e9k, tele v\u00e1laszt\u00e1si lehet\u0151s\u00e9gekkel \u00e9s akci\u00f3val. K\u00fczdj a t\u00fal\u00e9l\u00e9s\u00e9rt az \u00f3kori Kaled\u00f3nia r\u00f3mai inv\u00e1zi\u00f3ja k\u00f6zepette. Strat\u00e9gi\u00e1zz kockadob\u00e1sonk\u00e9nt, mik\u00f6zben az \u00e9rzelmek befoly\u00e1solj\u00e1k a tetteidet. Haszn\u00e1ld az akarater\u0151t, hogy t\u00falj\u00e1rj ellenfeleid esz\u00e9n, szerezz sz\u00f6vets\u00e9geseket, v\u00edvj h\u00e1bor\u00fat vagy t\u00f6rekedj a b\u00e9k\u00e9re. Hogyan fog v\u00e9gz\u0151dni a t\u00f6rt\u00e9neted?              &nbsp;  Glob\u00e1lis  G\u0151z  Digit\u00e1lis kulcs","og_url":"https:\/\/prismagamers.com\/hu\/produkt\/sacred-fire-a-role-playing-game\/","og_site_name":"Prismagamers.com","article_publisher":"https:\/\/www.facebook.com\/prismagamers","og_image":[{"width":600,"height":900,"url":"https:\/\/prismagamers.com\/wp-content\/uploads\/2023\/06\/library_600x900_2x-15.jpg","type":"image\/jpeg"}],"twitter_card":"summary_large_image","twitter_misc":{"Becs\u00fclt olvas\u00e1si id\u0151":"2 perc"},"schema":{"@context":"https:\/\/schema.org","@graph":[{"@type":"WebPage","@id":"https:\/\/prismagamers.com\/hu\/produkt\/sacred-fire-a-role-playing-game\/","url":"https:\/\/prismagamers.com\/hu\/produkt\/sacred-fire-a-role-playing-game\/","name":"Sacred Fire: A Role Playing Game - Prismagamers.com","isPartOf":{"@id":"https:\/\/prismagamers.com\/hu\/#website"},"primaryImageOfPage":{"@id":"https:\/\/prismagamers.com\/hu\/produkt\/sacred-fire-a-role-playing-game\/#primaryimage"},"image":{"@id":"https:\/\/prismagamers.com\/hu\/produkt\/sacred-fire-a-role-playing-game\/#primaryimage"},"thumbnailUrl":"https:\/\/prismagamers.com\/wp-content\/uploads\/2023\/06\/library_600x900_2x-15.jpg","datePublished":"2023-06-13T21:12:03+00:00","description":"Sz\u00f6vegalap\u00fa szerepj\u00e1t\u00e9k, tele v\u00e1laszt\u00e1si lehet\u0151s\u00e9gekkel \u00e9s akci\u00f3val. K\u00fczdj a t\u00fal\u00e9l\u00e9s\u00e9rt az \u00f3kori Kaled\u00f3nia r\u00f3mai inv\u00e1zi\u00f3ja k\u00f6zepette. Strat\u00e9gi\u00e1zz kockadob\u00e1sonk\u00e9nt, mik\u00f6zben az \u00e9rzelmek befoly\u00e1solj\u00e1k a tetteidet. Haszn\u00e1ld az akarater\u0151t, hogy t\u00falj\u00e1rj ellenfeleid esz\u00e9n, szerezz sz\u00f6vets\u00e9geseket, v\u00edvj h\u00e1bor\u00fat vagy t\u00f6rekedj a b\u00e9k\u00e9re. Hogyan fog v\u00e9gz\u0151dni a t\u00f6rt\u00e9neted? &nbsp; Glob\u00e1lis G\u0151z Digit\u00e1lis kulcs","breadcrumb":{"@id":"https:\/\/prismagamers.com\/hu\/produkt\/sacred-fire-a-role-playing-game\/#breadcrumb"},"inLanguage":"hu","potentialAction":[{"@type":"ReadAction","target":["https:\/\/prismagamers.com\/hu\/produkt\/sacred-fire-a-role-playing-game\/"]}]},{"@type":"ImageObject","inLanguage":"hu","@id":"https:\/\/prismagamers.com\/hu\/produkt\/sacred-fire-a-role-playing-game\/#primaryimage","url":"https:\/\/prismagamers.com\/wp-content\/uploads\/2023\/06\/library_600x900_2x-15.jpg","contentUrl":"https:\/\/prismagamers.com\/wp-content\/uploads\/2023\/06\/library_600x900_2x-15.jpg","width":600,"height":900},{"@type":"BreadcrumbList","@id":"https:\/\/prismagamers.com\/hu\/produkt\/sacred-fire-a-role-playing-game\/#breadcrumb","itemListElement":[{"@type":"ListItem","position":1,"name":"Strona g\u0142\u00f3wna","item":"https:\/\/prismagamers.com\/hu\/prismagamers\/"},{"@type":"ListItem","position":2,"name":"Shop","item":"https:\/\/prismagamers.com\/hu\/shop\/"},{"@type":"ListItem","position":3,"name":"Sacred Fire: A Role Playing Game"}]},{"@type":"WebSite","@id":"https:\/\/prismagamers.com\/hu\/#website","url":"https:\/\/prismagamers.com\/hu\/","name":"Prismagamers","description":"Sklep z grami PC I Sklep klucze Steam","publisher":{"@id":"https:\/\/prismagamers.com\/hu\/#organization"},"potentialAction":[{"@type":"SearchAction","target":{"@type":"EntryPoint","urlTemplate":"https:\/\/prismagamers.com\/hu\/?s={search_term_string}"},"query-input":{"@type":"PropertyValueSpecification","valueRequired":true,"valueName":"search_term_string"}}],"inLanguage":"hu"},{"@type":"Organization","@id":"https:\/\/prismagamers.com\/hu\/#organization","name":"Prismagamers","url":"https:\/\/prismagamers.com\/hu\/","logo":{"@type":"ImageObject","inLanguage":"hu","@id":"https:\/\/prismagamers.com\/hu\/#\/schema\/logo\/image\/","url":"https:\/\/prismagamers.com\/wp-content\/uploads\/2022\/04\/cropped-logo-Prismagamers-01-scaled-1.jpg","contentUrl":"https:\/\/prismagamers.com\/wp-content\/uploads\/2022\/04\/cropped-logo-Prismagamers-01-scaled-1.jpg","width":512,"height":512,"caption":"Prismagamers"},"image":{"@id":"https:\/\/prismagamers.com\/hu\/#\/schema\/logo\/image\/"},"sameAs":["https:\/\/www.facebook.com\/prismagamers","https:\/\/www.instagram.com\/prismagamers_grycyfrowe\/"],"description":"Prismagamers.com to dynamiczny sklep z grami cyfrowymi, stworzony z my\u015bl\u0105 o entuzjastach gier wideo. Nasza strona oferuje szerok\u0105 gam\u0119 gier komputerowych, w tym najnowsze tytu\u0142y, dobrze znane klasyki oraz gry stworzone przez niezale\u017cne studia Ca\u0142y czas d\u0105\u017cymy do rozszerzenia naszej oferty. Do\u0142\u0105cz do nas i sta\u0144 si\u0119 cz\u0119\u015bci\u0105 naszej rosn\u0105cej spo\u0142eczno\u015bci graczy!","email":"shop@prismagamers.com","telephone":"48795541705","legalName":"East Caravan Maksym \u017bukow","foundingDate":"2012-05-10","vatID":"PL8943038612","taxID":"PL8943038612","numberOfEmployees":{"@type":"QuantitativeValue","minValue":"11","maxValue":"50"}}]}},"_links":{"self":[{"href":"https:\/\/prismagamers.com\/hu\/wp-json\/wp\/v2\/product\/42409","targetHints":{"allow":["GET"]}}],"collection":[{"href":"https:\/\/prismagamers.com\/hu\/wp-json\/wp\/v2\/product"}],"about":[{"href":"https:\/\/prismagamers.com\/hu\/wp-json\/wp\/v2\/types\/product"}],"wp:featuredmedia":[{"embeddable":true,"href":"https:\/\/prismagamers.com\/hu\/wp-json\/wp\/v2\/media\/25615"}],"wp:attachment":[{"href":"https:\/\/prismagamers.com\/hu\/wp-json\/wp\/v2\/media?parent=42409"}],"wp:term":[{"taxonomy":"product_brand","embeddable":true,"href":"https:\/\/prismagamers.com\/hu\/wp-json\/wp\/v2\/product_brand?post=42409"},{"taxonomy":"product_cat","embeddable":true,"href":"https:\/\/prismagamers.com\/hu\/wp-json\/wp\/v2\/product_cat?post=42409"},{"taxonomy":"product_tag","embeddable":true,"href":"https:\/\/prismagamers.com\/hu\/wp-json\/wp\/v2\/product_tag?post=42409"}],"curies":[{"name":"wp","href":"https:\/\/api.w.org\/{rel}","templated":true}]}}