{"id":42412,"date":"2023-06-08T18:16:15","date_gmt":"2023-06-08T16:16:15","guid":{"rendered":"https:\/\/prismagamers.com\/produkt\/narcosis\/"},"modified":"2026-01-02T00:36:09","modified_gmt":"2026-01-01T23:36:09","slug":"narcosis","status":"publish","type":"product","link":"https:\/\/prismagamers.com\/hu\/produkt\/narcosis\/","title":{"rendered":"Narcosis"},"content":{"rendered":"<div class=\"game_page_autocollapse_ctn\">\n<div id=\"aboutThisGame\" class=\"game_page_autocollapse\" data-panel=\"{\"type\":\"PanelGroup\"}\">\n<div id=\"game_area_description\" class=\"game_area_description\">\n<p><strong>Survival, egy horrorfilm, amely a Csendes-\u00f3ce\u00e1n s\u00f6t\u00e9t m\u00e9ly\u00e9n j\u00e1tsz\u00f3dik:<\/strong> Az \u00f3ce\u00e1n m\u00e9ly\u00e9n elhagyott, csak kev\u00e9s f\u00e9nyt \u00e9s n\u00e9h\u00e1ny eszk\u00f6zt tartalmaz\u00f3 ipari b\u00fav\u00e1r k\u00e9ts\u00e9gbeesett l\u00e9p\u00e9seket tesz, hogy elker\u00fclje az \u0151r\u00fcletet, \u00e9s feljusson a felsz\u00ednre, miel\u0151tt oxig\u00e9nk\u00e9szlete elfogyna.<\/p>\n<p>A di\u00e1kprojektk\u00e9nt ind\u00edtott t\u00fal\u00e9l\u00e9si t\u00f6rt\u00e9net els\u0151 szem\u00e9lyben, egy &#8222;s\u00e9t\u00e1l\u00f3 kopors\u00f3&#8221; belsej\u00e9b\u0151l mutatja be a t\u00fal\u00e9l\u00e9st. &#8211; egy cs\u00facstechnol\u00f3gi\u00e1s, f\u00e9l tonn\u00e1s m\u00e9lytengeri b\u00fav\u00e1rfelszerel\u00e9sben &#8211; r\u00f6viddel egy ipari katasztr\u00f3fa ut\u00e1n. Az atipikus horror \u00e9s a narrat\u00edv alap\u00fa j\u00e1t\u00e9kok ir\u00e1nti n\u00f6vekv\u0151 kereslet \u00e1ltal inspir\u00e1lt <i>Narcosis <\/i>egy olyan c\u00edm, amely szil\u00e1rdan a val\u00f3s\u00e1g talaj\u00e1n \u00e1ll, m\u00e9gis sz\u00fcrrealizmussal van \u00e1titatva. <\/p>\n<p><strong>Jellemz\u0151k:<\/strong><\/p>\n<ul class=\"bb_ul\">\n<li>Gyilkos nyom\u00e1s: A stresszhelyzetek felgyors\u00edtj\u00e1k az oxig\u00e9nfogyaszt\u00e1st, megzavarj\u00e1k a l\u00e1t\u00e1st, a hall\u00e1st \u00e9s a t\u00e9r-id\u0151beli t\u00e1j\u00e9koz\u00f3d\u00e1st.<\/li>\n<li>Hal\u00e1los vizek: A m\u00e9lytengeri vadvil\u00e1g k\u00eds\u00e9rteties k\u00e9pvisel\u0151ivel val\u00f3 tal\u00e1lkoz\u00e1s t\u00fal\u00e9l\u00e9s\u00e9hez elengedhetetlen a k\u00e9s, a zsebl\u00e1mpa \u00e9s a jelz\u0151f\u00e9nyek.<\/li>\n<li>Fantom-narrat\u00edva: a haj\u00f3t\u00f6r\u00f6tt t\u00f6rt\u00e9nete kisz\u00e1m\u00edthatatlan m\u00f3don bontakozik ki a j\u00e1t\u00e9kos utaz\u00e1sa sor\u00e1n.<\/li>\n<li>A J\u00f3 \u00e9s a Rosszon t\u00fal: Narcosisban a j\u00e1t\u00e9kos nem egy balj\u00f3s terrorszervezettel tal\u00e1lkozik, hanem az \u0151si borzalommal \u00e9s az emberi korl\u00e1tokkal kell szemben\u00e9znie.<\/li>\n<li>A Terror Verite: Primal Horror &#8211; a s\u00f6t\u00e9ts\u00e9g, a klausztrof\u00f3b k\u00f6rnyezet \u00e9s az elszigetelts\u00e9g form\u00e1j\u00e1ban &#8211; a VR-technol\u00f3gi\u00e1nak k\u00f6sz\u00f6nhet\u0151en soha nem l\u00e1tott m\u00e9rt\u00e9k\u0171 mer\u00edt\u00e9st fog el\u00e9rni.<\/li>\n<\/ul>\n<p><strong>A Honor Code-r\u00f3l:<\/strong> A franciaorsz\u00e1gi \u00e9s kaliforniai sz\u00e9khely\u0171 Honor Code olyan emberekb\u0151l \u00e1ll, akik olyan c\u00edmek fejleszt\u00e9s\u00e9ben vettek r\u00e9szt, mint <i>az Assassin&#8217;s Creed<\/i>, a <i>Dance Central<\/i>, a <i>Metal Gear Solid<\/i>, a <i>Remember Me<\/i>, a <i>Republique<\/i>, <i>a The Silent Age<\/i> \u00e9s a <i>Silent Hill<\/i>.<\/p>\n<\/div>\n<\/div>\n<\/div>\n<div class=\"game_page_autocollapse_ctn collapsed\">\n<div class=\"game_page_autocollapse sys_req\"><\/div>\n<\/div>\n","protected":false},"excerpt":{"rendered":"<p>Survival, egy horrorfilm, amely a Csendes-\u00f3ce\u00e1n s\u00f6t\u00e9t m\u00e9ly\u00e9n j\u00e1tsz\u00f3dik: Az \u00f3ce\u00e1n m\u00e9ly\u00e9n elhagyott, csak kev\u00e9s f\u00e9nyt \u00e9s n\u00e9h\u00e1ny eszk\u00f6zt tartalmaz\u00f3 ipari b\u00fav\u00e1r k\u00e9ts\u00e9gbeesett l\u00e9p\u00e9seket tesz, hogy elker\u00fclje az \u0151r\u00fcletet, \u00e9s feljusson a felsz\u00ednre, miel\u0151tt oxig\u00e9nk\u00e9szlete elfogyna.<\/p>\n<p><img decoding=\"async\" class=\"emoji\" role=\"img\" draggable=\"false\" src=\"https:\/\/s.w.org\/images\/core\/emoji\/14.0.0\/svg\/1f30d.svg\" alt=\"\ud83c\udf0d\"> Global<br \/>\n<img decoding=\"async\" class=\"emoji\" role=\"img\" draggable=\"false\" src=\"https:\/\/s.w.org\/images\/core\/emoji\/14.0.0\/svg\/2699.svg\" alt=\"\u2699\ufe0f\"> Steam<br \/>\n<img decoding=\"async\" class=\"emoji\" role=\"img\" draggable=\"false\" src=\"https:\/\/s.w.org\/images\/core\/emoji\/14.0.0\/svg\/1f5dd.svg\" alt=\"\ud83d\udddd\"> Digit\u00e1lis kulcs<\/p>\n","protected":false},"featured_media":25446,"template":"","meta":{"_acf_changed":false,"site-sidebar-layout":"default","site-content-layout":"default","ast-site-content-layout":"default","site-content-style":"default","site-sidebar-style":"default","ast-global-header-display":"","ast-banner-title-visibility":"","ast-main-header-display":"","ast-hfb-above-header-display":"","ast-hfb-below-header-display":"","ast-hfb-mobile-header-display":"","site-post-title":"","ast-breadcrumbs-content":"","ast-featured-img":"","footer-sml-layout":"","ast-disable-related-posts":"","theme-transparent-header-meta":"default","adv-header-id-meta":"","stick-header-meta":"","header-above-stick-meta":"","header-main-stick-meta":"","header-below-stick-meta":"","astra-migrate-meta-layouts":"default","ast-page-background-enabled":"default","ast-page-background-meta":{"desktop":{"background-color":"var(--ast-global-color-4)","background-image":"","background-repeat":"repeat","background-position":"center center","background-size":"auto","background-attachment":"scroll","background-type":"","background-media":"","overlay-type":"","overlay-color":"","overlay-opacity":"","overlay-gradient":""},"tablet":{"background-color":"","background-image":"","background-repeat":"repeat","background-position":"center center","background-size":"auto","background-attachment":"scroll","background-type":"","background-media":"","overlay-type":"","overlay-color":"","overlay-opacity":"","overlay-gradient":""},"mobile":{"background-color":"","background-image":"","background-repeat":"repeat","background-position":"center center","background-size":"auto","background-attachment":"scroll","background-type":"","background-media":"","overlay-type":"","overlay-color":"","overlay-opacity":"","overlay-gradient":""}},"ast-content-background-meta":{"desktop":{"background-color":"var(--ast-global-color-5)","background-image":"","background-repeat":"repeat","background-position":"center center","background-size":"auto","background-attachment":"scroll","background-type":"","background-media":"","overlay-type":"","overlay-color":"","overlay-opacity":"","overlay-gradient":""},"tablet":{"background-color":"var(--ast-global-color-5)","background-image":"","background-repeat":"repeat","background-position":"center center","background-size":"auto","background-attachment":"scroll","background-type":"","background-media":"","overlay-type":"","overlay-color":"","overlay-opacity":"","overlay-gradient":""},"mobile":{"background-color":"var(--ast-global-color-5)","background-image":"","background-repeat":"repeat","background-position":"center center","background-size":"auto","background-attachment":"scroll","background-type":"","background-media":"","overlay-type":"","overlay-color":"","overlay-opacity":"","overlay-gradient":""}}},"product_brand":[],"product_cat":[394,365,462,392,363,378,367],"product_tag":[],"class_list":{"0":"post-42412","1":"product","2":"type-product","3":"status-publish","4":"has-post-thumbnail","6":"product_cat-digitalis-jatekok","7":"product_cat-goz","8":"product_cat-honor-code","9":"product_cat-india","10":"product_cat-kaland-jatekok","11":"product_cat-minden-digitalis-jatek","12":"product_cat-pc-jatekok","13":"desktop-align-left","14":"tablet-align-left","15":"mobile-align-left","17":"first","18":"instock","19":"shipping-taxable","20":"purchasable","21":"product-type-simple"},"acf":[],"yoast_head":"<!-- This site is optimized with the Yoast SEO Premium plugin v27.4 (Yoast SEO v27.4) - https:\/\/yoast.com\/product\/yoast-seo-premium-wordpress\/ -->\n<title>Narcosis - Prismagamers.com<\/title>\n<meta name=\"description\" content=\"Survival, egy horrorfilm, amely a Csendes-\u00f3ce\u00e1n s\u00f6t\u00e9t m\u00e9ly\u00e9n j\u00e1tsz\u00f3dik: Az \u00f3ce\u00e1n m\u00e9ly\u00e9n elhagyott, csak kev\u00e9s f\u00e9nyt \u00e9s n\u00e9h\u00e1ny eszk\u00f6zt tartalmaz\u00f3 ipari b\u00fav\u00e1r k\u00e9ts\u00e9gbeesett l\u00e9p\u00e9seket tesz, hogy elker\u00fclje az \u0151r\u00fcletet, \u00e9s feljusson a felsz\u00ednre, miel\u0151tt oxig\u00e9nk\u00e9szlete elfogyna.  Global Steam Digit\u00e1lis kulcs\" \/>\n<meta name=\"robots\" content=\"index, follow, max-snippet:-1, max-image-preview:large, max-video-preview:-1\" \/>\n<link rel=\"canonical\" href=\"https:\/\/prismagamers.com\/hu\/produkt\/narcosis\/\" \/>\n<meta property=\"og:locale\" content=\"hu_HU\" \/>\n<meta property=\"og:type\" content=\"article\" \/>\n<meta property=\"og:title\" content=\"Narcosis\" \/>\n<meta property=\"og:description\" content=\"Survival, egy horrorfilm, amely a Csendes-\u00f3ce\u00e1n s\u00f6t\u00e9t m\u00e9ly\u00e9n j\u00e1tsz\u00f3dik: Az \u00f3ce\u00e1n m\u00e9ly\u00e9n elhagyott, csak kev\u00e9s f\u00e9nyt \u00e9s n\u00e9h\u00e1ny eszk\u00f6zt tartalmaz\u00f3 ipari b\u00fav\u00e1r k\u00e9ts\u00e9gbeesett l\u00e9p\u00e9seket tesz, hogy elker\u00fclje az \u0151r\u00fcletet, \u00e9s feljusson a felsz\u00ednre, miel\u0151tt oxig\u00e9nk\u00e9szlete elfogyna.  Global Steam Digit\u00e1lis kulcs\" \/>\n<meta property=\"og:url\" content=\"https:\/\/prismagamers.com\/hu\/produkt\/narcosis\/\" \/>\n<meta property=\"og:site_name\" content=\"Prismagamers.com\" \/>\n<meta property=\"article:publisher\" content=\"https:\/\/www.facebook.com\/prismagamers\" \/>\n<meta property=\"article:modified_time\" content=\"2026-01-01T23:36:09+00:00\" \/>\n<meta property=\"og:image\" content=\"https:\/\/prismagamers.com\/wp-content\/uploads\/2023\/06\/Narcosis.jpg\" \/>\n\t<meta property=\"og:image:width\" content=\"350\" \/>\n\t<meta property=\"og:image:height\" content=\"525\" \/>\n\t<meta property=\"og:image:type\" content=\"image\/jpeg\" \/>\n<meta name=\"twitter:card\" content=\"summary_large_image\" \/>\n<meta name=\"twitter:label1\" content=\"Becs\u00fclt olvas\u00e1si id\u0151\" \/>\n\t<meta name=\"twitter:data1\" content=\"2 perc\" \/>\n<script type=\"application\/ld+json\" class=\"yoast-schema-graph\">{\"@context\":\"https:\\\/\\\/schema.org\",\"@graph\":[{\"@type\":\"WebPage\",\"@id\":\"https:\\\/\\\/prismagamers.com\\\/hu\\\/produkt\\\/narcosis\\\/\",\"url\":\"https:\\\/\\\/prismagamers.com\\\/hu\\\/produkt\\\/narcosis\\\/\",\"name\":\"Narcosis - Prismagamers.com\",\"isPartOf\":{\"@id\":\"https:\\\/\\\/prismagamers.com\\\/hu\\\/#website\"},\"primaryImageOfPage\":{\"@id\":\"https:\\\/\\\/prismagamers.com\\\/hu\\\/produkt\\\/narcosis\\\/#primaryimage\"},\"image\":{\"@id\":\"https:\\\/\\\/prismagamers.com\\\/hu\\\/produkt\\\/narcosis\\\/#primaryimage\"},\"thumbnailUrl\":\"https:\\\/\\\/prismagamers.com\\\/wp-content\\\/uploads\\\/2023\\\/06\\\/Narcosis.jpg\",\"datePublished\":\"2023-06-08T16:16:15+00:00\",\"dateModified\":\"2026-01-01T23:36:09+00:00\",\"description\":\"Survival, egy horrorfilm, amely a Csendes-\u00f3ce\u00e1n s\u00f6t\u00e9t m\u00e9ly\u00e9n j\u00e1tsz\u00f3dik: Az \u00f3ce\u00e1n m\u00e9ly\u00e9n elhagyott, csak kev\u00e9s f\u00e9nyt \u00e9s n\u00e9h\u00e1ny eszk\u00f6zt tartalmaz\u00f3 ipari b\u00fav\u00e1r k\u00e9ts\u00e9gbeesett l\u00e9p\u00e9seket tesz, hogy elker\u00fclje az \u0151r\u00fcletet, \u00e9s feljusson a felsz\u00ednre, miel\u0151tt oxig\u00e9nk\u00e9szlete elfogyna. Global Steam Digit\u00e1lis kulcs\",\"breadcrumb\":{\"@id\":\"https:\\\/\\\/prismagamers.com\\\/hu\\\/produkt\\\/narcosis\\\/#breadcrumb\"},\"inLanguage\":\"hu\",\"potentialAction\":[{\"@type\":\"ReadAction\",\"target\":[\"https:\\\/\\\/prismagamers.com\\\/hu\\\/produkt\\\/narcosis\\\/\"]}]},{\"@type\":\"ImageObject\",\"inLanguage\":\"hu\",\"@id\":\"https:\\\/\\\/prismagamers.com\\\/hu\\\/produkt\\\/narcosis\\\/#primaryimage\",\"url\":\"https:\\\/\\\/prismagamers.com\\\/wp-content\\\/uploads\\\/2023\\\/06\\\/Narcosis.jpg\",\"contentUrl\":\"https:\\\/\\\/prismagamers.com\\\/wp-content\\\/uploads\\\/2023\\\/06\\\/Narcosis.jpg\",\"width\":350,\"height\":525},{\"@type\":\"BreadcrumbList\",\"@id\":\"https:\\\/\\\/prismagamers.com\\\/hu\\\/produkt\\\/narcosis\\\/#breadcrumb\",\"itemListElement\":[{\"@type\":\"ListItem\",\"position\":1,\"name\":\"Strona g\u0142\u00f3wna\",\"item\":\"https:\\\/\\\/prismagamers.com\\\/hu\\\/prismagamers\\\/\"},{\"@type\":\"ListItem\",\"position\":2,\"name\":\"Shop\",\"item\":\"https:\\\/\\\/prismagamers.com\\\/hu\\\/shop\\\/\"},{\"@type\":\"ListItem\",\"position\":3,\"name\":\"Narcosis\"}]},{\"@type\":\"WebSite\",\"@id\":\"https:\\\/\\\/prismagamers.com\\\/hu\\\/#website\",\"url\":\"https:\\\/\\\/prismagamers.com\\\/hu\\\/\",\"name\":\"Prismagamers\",\"description\":\"Sklep z grami PC I Sklep klucze Steam\",\"publisher\":{\"@id\":\"https:\\\/\\\/prismagamers.com\\\/hu\\\/#organization\"},\"potentialAction\":[{\"@type\":\"SearchAction\",\"target\":{\"@type\":\"EntryPoint\",\"urlTemplate\":\"https:\\\/\\\/prismagamers.com\\\/hu\\\/?s={search_term_string}\"},\"query-input\":{\"@type\":\"PropertyValueSpecification\",\"valueRequired\":true,\"valueName\":\"search_term_string\"}}],\"inLanguage\":\"hu\"},{\"@type\":\"Organization\",\"@id\":\"https:\\\/\\\/prismagamers.com\\\/hu\\\/#organization\",\"name\":\"Prismagamers\",\"url\":\"https:\\\/\\\/prismagamers.com\\\/hu\\\/\",\"logo\":{\"@type\":\"ImageObject\",\"inLanguage\":\"hu\",\"@id\":\"https:\\\/\\\/prismagamers.com\\\/hu\\\/#\\\/schema\\\/logo\\\/image\\\/\",\"url\":\"https:\\\/\\\/prismagamers.com\\\/wp-content\\\/uploads\\\/2022\\\/04\\\/cropped-logo-Prismagamers-01-scaled-1.jpg\",\"contentUrl\":\"https:\\\/\\\/prismagamers.com\\\/wp-content\\\/uploads\\\/2022\\\/04\\\/cropped-logo-Prismagamers-01-scaled-1.jpg\",\"width\":512,\"height\":512,\"caption\":\"Prismagamers\"},\"image\":{\"@id\":\"https:\\\/\\\/prismagamers.com\\\/hu\\\/#\\\/schema\\\/logo\\\/image\\\/\"},\"sameAs\":[\"https:\\\/\\\/www.facebook.com\\\/prismagamers\",\"https:\\\/\\\/www.instagram.com\\\/prismagamers_grycyfrowe\\\/\"],\"description\":\"Prismagamers.com to dynamiczny sklep z grami cyfrowymi, stworzony z my\u015bl\u0105 o entuzjastach gier wideo. Nasza strona oferuje szerok\u0105 gam\u0119 gier komputerowych, w tym najnowsze tytu\u0142y, dobrze znane klasyki oraz gry stworzone przez niezale\u017cne studia Ca\u0142y czas d\u0105\u017cymy do rozszerzenia naszej oferty. Do\u0142\u0105cz do nas i sta\u0144 si\u0119 cz\u0119\u015bci\u0105 naszej rosn\u0105cej spo\u0142eczno\u015bci graczy!\",\"email\":\"shop@prismagamers.com\",\"telephone\":\"48795541705\",\"legalName\":\"East Caravan Maksym \u017bukow\",\"foundingDate\":\"2012-05-10\",\"vatID\":\"PL8943038612\",\"taxID\":\"PL8943038612\",\"numberOfEmployees\":{\"@type\":\"QuantitativeValue\",\"minValue\":\"11\",\"maxValue\":\"50\"}}]}<\/script>\n<!-- \/ Yoast SEO Premium plugin. -->","yoast_head_json":{"title":"Narcosis - Prismagamers.com","description":"Survival, egy horrorfilm, amely a Csendes-\u00f3ce\u00e1n s\u00f6t\u00e9t m\u00e9ly\u00e9n j\u00e1tsz\u00f3dik: Az \u00f3ce\u00e1n m\u00e9ly\u00e9n elhagyott, csak kev\u00e9s f\u00e9nyt \u00e9s n\u00e9h\u00e1ny eszk\u00f6zt tartalmaz\u00f3 ipari b\u00fav\u00e1r k\u00e9ts\u00e9gbeesett l\u00e9p\u00e9seket tesz, hogy elker\u00fclje az \u0151r\u00fcletet, \u00e9s feljusson a felsz\u00ednre, miel\u0151tt oxig\u00e9nk\u00e9szlete elfogyna.  Global Steam Digit\u00e1lis kulcs","robots":{"index":"index","follow":"follow","max-snippet":"max-snippet:-1","max-image-preview":"max-image-preview:large","max-video-preview":"max-video-preview:-1"},"canonical":"https:\/\/prismagamers.com\/hu\/produkt\/narcosis\/","og_locale":"hu_HU","og_type":"article","og_title":"Narcosis","og_description":"Survival, egy horrorfilm, amely a Csendes-\u00f3ce\u00e1n s\u00f6t\u00e9t m\u00e9ly\u00e9n j\u00e1tsz\u00f3dik: Az \u00f3ce\u00e1n m\u00e9ly\u00e9n elhagyott, csak kev\u00e9s f\u00e9nyt \u00e9s n\u00e9h\u00e1ny eszk\u00f6zt tartalmaz\u00f3 ipari b\u00fav\u00e1r k\u00e9ts\u00e9gbeesett l\u00e9p\u00e9seket tesz, hogy elker\u00fclje az \u0151r\u00fcletet, \u00e9s feljusson a felsz\u00ednre, miel\u0151tt oxig\u00e9nk\u00e9szlete elfogyna.  Global Steam Digit\u00e1lis kulcs","og_url":"https:\/\/prismagamers.com\/hu\/produkt\/narcosis\/","og_site_name":"Prismagamers.com","article_publisher":"https:\/\/www.facebook.com\/prismagamers","article_modified_time":"2026-01-01T23:36:09+00:00","og_image":[{"width":350,"height":525,"url":"https:\/\/prismagamers.com\/wp-content\/uploads\/2023\/06\/Narcosis.jpg","type":"image\/jpeg"}],"twitter_card":"summary_large_image","twitter_misc":{"Becs\u00fclt olvas\u00e1si id\u0151":"2 perc"},"schema":{"@context":"https:\/\/schema.org","@graph":[{"@type":"WebPage","@id":"https:\/\/prismagamers.com\/hu\/produkt\/narcosis\/","url":"https:\/\/prismagamers.com\/hu\/produkt\/narcosis\/","name":"Narcosis - Prismagamers.com","isPartOf":{"@id":"https:\/\/prismagamers.com\/hu\/#website"},"primaryImageOfPage":{"@id":"https:\/\/prismagamers.com\/hu\/produkt\/narcosis\/#primaryimage"},"image":{"@id":"https:\/\/prismagamers.com\/hu\/produkt\/narcosis\/#primaryimage"},"thumbnailUrl":"https:\/\/prismagamers.com\/wp-content\/uploads\/2023\/06\/Narcosis.jpg","datePublished":"2023-06-08T16:16:15+00:00","dateModified":"2026-01-01T23:36:09+00:00","description":"Survival, egy horrorfilm, amely a Csendes-\u00f3ce\u00e1n s\u00f6t\u00e9t m\u00e9ly\u00e9n j\u00e1tsz\u00f3dik: Az \u00f3ce\u00e1n m\u00e9ly\u00e9n elhagyott, csak kev\u00e9s f\u00e9nyt \u00e9s n\u00e9h\u00e1ny eszk\u00f6zt tartalmaz\u00f3 ipari b\u00fav\u00e1r k\u00e9ts\u00e9gbeesett l\u00e9p\u00e9seket tesz, hogy elker\u00fclje az \u0151r\u00fcletet, \u00e9s feljusson a felsz\u00ednre, miel\u0151tt oxig\u00e9nk\u00e9szlete elfogyna. Global Steam Digit\u00e1lis kulcs","breadcrumb":{"@id":"https:\/\/prismagamers.com\/hu\/produkt\/narcosis\/#breadcrumb"},"inLanguage":"hu","potentialAction":[{"@type":"ReadAction","target":["https:\/\/prismagamers.com\/hu\/produkt\/narcosis\/"]}]},{"@type":"ImageObject","inLanguage":"hu","@id":"https:\/\/prismagamers.com\/hu\/produkt\/narcosis\/#primaryimage","url":"https:\/\/prismagamers.com\/wp-content\/uploads\/2023\/06\/Narcosis.jpg","contentUrl":"https:\/\/prismagamers.com\/wp-content\/uploads\/2023\/06\/Narcosis.jpg","width":350,"height":525},{"@type":"BreadcrumbList","@id":"https:\/\/prismagamers.com\/hu\/produkt\/narcosis\/#breadcrumb","itemListElement":[{"@type":"ListItem","position":1,"name":"Strona g\u0142\u00f3wna","item":"https:\/\/prismagamers.com\/hu\/prismagamers\/"},{"@type":"ListItem","position":2,"name":"Shop","item":"https:\/\/prismagamers.com\/hu\/shop\/"},{"@type":"ListItem","position":3,"name":"Narcosis"}]},{"@type":"WebSite","@id":"https:\/\/prismagamers.com\/hu\/#website","url":"https:\/\/prismagamers.com\/hu\/","name":"Prismagamers","description":"Sklep z grami PC I Sklep klucze Steam","publisher":{"@id":"https:\/\/prismagamers.com\/hu\/#organization"},"potentialAction":[{"@type":"SearchAction","target":{"@type":"EntryPoint","urlTemplate":"https:\/\/prismagamers.com\/hu\/?s={search_term_string}"},"query-input":{"@type":"PropertyValueSpecification","valueRequired":true,"valueName":"search_term_string"}}],"inLanguage":"hu"},{"@type":"Organization","@id":"https:\/\/prismagamers.com\/hu\/#organization","name":"Prismagamers","url":"https:\/\/prismagamers.com\/hu\/","logo":{"@type":"ImageObject","inLanguage":"hu","@id":"https:\/\/prismagamers.com\/hu\/#\/schema\/logo\/image\/","url":"https:\/\/prismagamers.com\/wp-content\/uploads\/2022\/04\/cropped-logo-Prismagamers-01-scaled-1.jpg","contentUrl":"https:\/\/prismagamers.com\/wp-content\/uploads\/2022\/04\/cropped-logo-Prismagamers-01-scaled-1.jpg","width":512,"height":512,"caption":"Prismagamers"},"image":{"@id":"https:\/\/prismagamers.com\/hu\/#\/schema\/logo\/image\/"},"sameAs":["https:\/\/www.facebook.com\/prismagamers","https:\/\/www.instagram.com\/prismagamers_grycyfrowe\/"],"description":"Prismagamers.com to dynamiczny sklep z grami cyfrowymi, stworzony z my\u015bl\u0105 o entuzjastach gier wideo. Nasza strona oferuje szerok\u0105 gam\u0119 gier komputerowych, w tym najnowsze tytu\u0142y, dobrze znane klasyki oraz gry stworzone przez niezale\u017cne studia Ca\u0142y czas d\u0105\u017cymy do rozszerzenia naszej oferty. Do\u0142\u0105cz do nas i sta\u0144 si\u0119 cz\u0119\u015bci\u0105 naszej rosn\u0105cej spo\u0142eczno\u015bci graczy!","email":"shop@prismagamers.com","telephone":"48795541705","legalName":"East Caravan Maksym \u017bukow","foundingDate":"2012-05-10","vatID":"PL8943038612","taxID":"PL8943038612","numberOfEmployees":{"@type":"QuantitativeValue","minValue":"11","maxValue":"50"}}]}},"_links":{"self":[{"href":"https:\/\/prismagamers.com\/hu\/wp-json\/wp\/v2\/product\/42412","targetHints":{"allow":["GET"]}}],"collection":[{"href":"https:\/\/prismagamers.com\/hu\/wp-json\/wp\/v2\/product"}],"about":[{"href":"https:\/\/prismagamers.com\/hu\/wp-json\/wp\/v2\/types\/product"}],"wp:featuredmedia":[{"embeddable":true,"href":"https:\/\/prismagamers.com\/hu\/wp-json\/wp\/v2\/media\/25446"}],"wp:attachment":[{"href":"https:\/\/prismagamers.com\/hu\/wp-json\/wp\/v2\/media?parent=42412"}],"wp:term":[{"taxonomy":"product_brand","embeddable":true,"href":"https:\/\/prismagamers.com\/hu\/wp-json\/wp\/v2\/product_brand?post=42412"},{"taxonomy":"product_cat","embeddable":true,"href":"https:\/\/prismagamers.com\/hu\/wp-json\/wp\/v2\/product_cat?post=42412"},{"taxonomy":"product_tag","embeddable":true,"href":"https:\/\/prismagamers.com\/hu\/wp-json\/wp\/v2\/product_tag?post=42412"}],"curies":[{"name":"wp","href":"https:\/\/api.w.org\/{rel}","templated":true}]}}