{"id":42413,"date":"2023-06-01T22:28:02","date_gmt":"2023-06-01T20:28:02","guid":{"rendered":"https:\/\/prismagamers.com\/produkt\/ambition-a-minuet-in-power\/"},"modified":"2023-06-01T22:28:02","modified_gmt":"2023-06-01T20:28:02","slug":"ambition-a-minuet-in-power","status":"publish","type":"product","link":"https:\/\/prismagamers.com\/hu\/produkt\/ambition-a-minuet-in-power\/","title":{"rendered":"Ambition a Minuet in Power"},"content":{"rendered":"<div class=\"flex-1 overflow-hidden\">\n<div class=\"react-scroll-to-bottom--css-nkzux-79elbk h-full\">\n<div class=\"react-scroll-to-bottom--css-nkzux-1n7m0yu\">\n<div class=\"flex flex-col text-sm pb-9\">\n<div class=\"w-full text-token-text-primary\" dir=\"auto\" data-testid=\"conversation-turn-17\" data-scroll-anchor=\"true\">\n<div class=\"py-2 px-3 text-base md:px-4 m-auto md:px-5 lg:px-1 xl:px-5\">\n<div class=\"mx-auto flex flex-1 gap-3 text-base juice:gap-4 juice:md:gap-6 md:max-w-3xl lg:max-w-[40rem] xl:max-w-[48rem]\">\n<div class=\"relative flex w-full min-w-0 flex-col agent-turn\">\n<div class=\"flex-col gap-1 md:gap-3\">\n<div class=\"flex flex-grow flex-col max-w-full\">\n<div class=\"min-h-[20px] text-message flex flex-col items-start whitespace-pre-wrap break-words [.text-message+&amp;]:mt-5 juice:w-full juice:items-end overflow-x-auto gap-3\" dir=\"auto\" data-message-author-role=\"assistant\" data-message-id=\"232d476c-4a9f-40c2-a636-775038ab9e37\">\n<div class=\"markdown prose w-full break-words dark:prose-invert light\">\n<p>Egy forradalmian \u00faj romantikus vizu\u00e1lis reg\u00e9ny, amelyben a d\u00f6nt\u00e9seid megv\u00e1ltoztatj\u00e1k a t\u00f6rt\u00e9nelem menet\u00e9t!<\/p>\n<p>1789. m\u00e1rcius 19. van, \u00e9s XVI. Lajos kir\u00e1ly uralkodik Franciaorsz\u00e1gban a versailles-i aranytermek tr\u00f3nj\u00e1r\u00f3l. Franciaorsz\u00e1g az elegancia \u00e9s a szeg\u00e9nys\u00e9g, az \u0151si hagyom\u00e1nyok \u00e9s a meg\u00e1ll\u00edthatatlan v\u00e1ltoz\u00e1s orsz\u00e1ga. A forradalom k\u00fcsz\u00f6b\u00e9n \u00e1ll\u00f3 orsz\u00e1g.  <\/p>\n<p>Vegyen r\u00e9szt partikon, forgol\u00f3djon a gazdagok \u00e9s hatalmasok t\u00e1rsas\u00e1g\u00e1ban, tanulja meg a titkaikat, \u00e9s haszn\u00e1lja ezt arra, hogy megszerezze a meg\u00e9rdemelt gazdags\u00e1got \u00e9s hatalmat. Tal\u00e1ld meg az igaz szerelmet a folyamatosan v\u00e1ltoz\u00f3 sz\u00f6vets\u00e9gek f\u00e9nyes vil\u00e1g\u00e1ban, amely napr\u00f3l napra vesz\u00e9lyesebb\u00e9 v\u00e1lik. <\/p>\n<p>Mindig szemmel kell azonban tartani a k\u00f6zelg\u0151 forradalmat. V\u00e9g\u00fcl is jobb a t\u00f6rt\u00e9nelem jobb oldal\u00e1n \u00e1llni, mint a guillotine rossz oldal\u00e1n. <\/p>\n<p>Fedezz fel egy \u00e9l\u00e9nk, \u00f6sszeesk\u00fcv\u00e9sekkel teli vil\u00e1got A napt\u00e1r seg\u00edts\u00e9g\u00e9vel tervezd meg a p\u00e1rizsi hetek k\u00f6telezetts\u00e9geit, \u00e9s ami a legfontosabb, azt is, hogy kivel csin\u00e1lod \u0151ket. Egy forradalom fel\u00e9 tart\u00f3 v\u00e1rosban az id\u0151 a legfontosabb, \u00e9s az ellens\u00e9geidnek is megvan a maguk terve! A szerelem hatalom A p\u00e1rizsi nemesek sz\u00edv\u00e9t ejtsd rabul, \u00e9s haszn\u00e1ld a befoly\u00e1sukat a saj\u00e1t el\u0151ny\u00f6dre. V\u00e1ltoztasd meg a politikai esem\u00e9nyek kimenetel\u00e9t, hagyd figyelmen k\u00edv\u00fcl riv\u00e1lisaidat, \u00e9s z\u00fad\u00edtsd magadra a dr\u00e1ga aj\u00e1nd\u00e9kokat. Mindennek \u00e1ra van A pletyk\u00e1kat alak\u00edtsd haszonn\u00e1 a megtudott titkok elad\u00e1s\u00e1val, de vigy\u00e1zz! A saj\u00e1t hiteless\u00e9ged \u00e9s biztons\u00e1god is kock\u00e1n forog. A d\u00f6nt\u00e9seid nagy jutalmakat hozhatnak, \u00e9s megv\u00e1ltoztathatj\u00e1k a t\u00f6rt\u00e9nelem menet\u00e9t, de s\u00falyos k\u00f6vetkezm\u00e9nyekkel j\u00e1rhat, ha lebuksz! Felejthetetlen karakterek Szeress bele a teljes eg\u00e9sz\u00e9ben megalkotott karakterek sz\u00e9les sk\u00e1l\u00e1j\u00e1ba. \u00c9lvezz\u00e9tek egym\u00e1s t\u00e1rsas\u00e1g\u00e1t, \u00e9s ismerj\u00e9tek meg titokzatos papok, igazs\u00e1gtalanul kezelt katon\u00e1k, gazdag \u00f6zvegyasszonyok \u00e9s m\u00e9g sokan m\u00e1sok titkos t\u00f6rt\u00e9neteit! Ne agg\u00f3dj, ha diszkr\u00e9t vagy, nem kell csak egy szem\u00e9lyt v\u00e1lasztanod. Kiv\u00e1l\u00f3 m\u0171alkot\u00e1s Tapasztalja meg a 18. sz\u00e1zadi P\u00e1rizs gy\u00f6ny\u00f6r\u0171en illusztr\u00e1lt \u00e9s gondosan kutatott rekonstrukci\u00f3j\u00e1t. Ez a divat \u00e9s a titokzatoss\u00e1g kora. A leny\u0171g\u00f6z\u0151 sz\u00e9ps\u00e9g \u00e9s az elk\u00e9pzelhetetlen vesz\u00e9lyek vil\u00e1ga. Egy m\u00e1sik korszak hangjai Engedd, hogy elvar\u00e1zsoljon a d\u00edjnyertes zeneszerz\u0151, John Robert Matz \u00e1ltal k\u00e9sz\u00edtett hiteles, eredeti hangs\u00e1v! \u00c9lvezze a zenei utaz\u00e1st, amely a divatos von\u00f3sn\u00e9gyesek el\u0151kel\u0151s\u00e9g\u00e9t\u0151l \u00e9s kifinomults\u00e1g\u00e1t\u00f3l a k\u00e9s\u0151 barokk zenekarok pomp\u00e1j\u00e1ig vezet.              <\/p>\n<\/div>\n<\/div>\n<\/div>\n<\/div>\n<\/div>\n<\/div>\n<\/div>\n<\/div>\n<\/div>\n<\/div>\n<\/div>\n<\/div>\n","protected":false},"excerpt":{"rendered":"<p>A 18. sz\u00e1zadi P\u00e1rizs &#8211; a szerelem, a hazugs\u00e1g \u00e9s a forradalom v\u00e1rosa. Te egy divatos n\u0151 vagy, aki megpr\u00f3b\u00e1l t\u00fal\u00e9lni a politikai z\u0171rzavarban. D\u00e1tum felejthetetlen karakterek. Gy\u0171jtsd \u00f6ssze a meg\u00e9rdemelt vagyont \u00e9s tiszteletet. Vegy\u00e9l r\u00e9szt olyan pletyk\u00e1kban, amelyek megv\u00e1ltoztathatj\u00e1k a t\u00f6rt\u00e9nelem menet\u00e9t, vagy a guillotine al\u00e1 juttathatnak.    <\/p>\n<p>&nbsp;<\/p>\n<p><img decoding=\"async\" class=\"emoji\" role=\"img\" draggable=\"false\" src=\"https:\/\/s.w.org\/images\/core\/emoji\/14.0.0\/svg\/1f30d.svg\" alt=\"\ud83c\udf0d\">  Glob\u00e1lis<br \/>\n<img decoding=\"async\" class=\"emoji\" role=\"img\" draggable=\"false\" src=\"https:\/\/s.w.org\/images\/core\/emoji\/14.0.0\/svg\/2699.svg\" alt=\"\u2699\ufe0f\">  G\u0151z<br \/>\n<img decoding=\"async\" class=\"emoji\" role=\"img\" draggable=\"false\" src=\"https:\/\/s.w.org\/images\/core\/emoji\/14.0.0\/svg\/1f5dd.svg\" alt=\"\ud83d\udddd\">  Digit\u00e1lis kulcs<\/p>\n","protected":false},"featured_media":25431,"template":"","meta":{"_acf_changed":false,"site-sidebar-layout":"default","site-content-layout":"default","ast-site-content-layout":"default","site-content-style":"default","site-sidebar-style":"default","ast-global-header-display":"","ast-banner-title-visibility":"","ast-main-header-display":"","ast-hfb-above-header-display":"","ast-hfb-below-header-display":"","ast-hfb-mobile-header-display":"","site-post-title":"","ast-breadcrumbs-content":"","ast-featured-img":"","footer-sml-layout":"","ast-disable-related-posts":"","theme-transparent-header-meta":"default","adv-header-id-meta":"","stick-header-meta":"","header-above-stick-meta":"","header-main-stick-meta":"","header-below-stick-meta":"","astra-migrate-meta-layouts":"default","ast-page-background-enabled":"default","ast-page-background-meta":{"desktop":{"background-color":"var(--ast-global-color-4)","background-image":"","background-repeat":"repeat","background-position":"center center","background-size":"auto","background-attachment":"scroll","background-type":"","background-media":"","overlay-type":"","overlay-color":"","overlay-opacity":"","overlay-gradient":""},"tablet":{"background-color":"","background-image":"","background-repeat":"repeat","background-position":"center center","background-size":"auto","background-attachment":"scroll","background-type":"","background-media":"","overlay-type":"","overlay-color":"","overlay-opacity":"","overlay-gradient":""},"mobile":{"background-color":"","background-image":"","background-repeat":"repeat","background-position":"center center","background-size":"auto","background-attachment":"scroll","background-type":"","background-media":"","overlay-type":"","overlay-color":"","overlay-opacity":"","overlay-gradient":""}},"ast-content-background-meta":{"desktop":{"background-color":"var(--ast-global-color-5)","background-image":"","background-repeat":"repeat","background-position":"center center","background-size":"auto","background-attachment":"scroll","background-type":"","background-media":"","overlay-type":"","overlay-color":"","overlay-opacity":"","overlay-gradient":""},"tablet":{"background-color":"var(--ast-global-color-5)","background-image":"","background-repeat":"repeat","background-position":"center center","background-size":"auto","background-attachment":"scroll","background-type":"","background-media":"","overlay-type":"","overlay-color":"","overlay-opacity":"","overlay-gradient":""},"mobile":{"background-color":"var(--ast-global-color-5)","background-image":"","background-repeat":"repeat","background-position":"center center","background-size":"auto","background-attachment":"scroll","background-type":"","background-media":"","overlay-type":"","overlay-color":"","overlay-opacity":"","overlay-gradient":""}}},"product_brand":[],"product_cat":[371,394,365,372,378,367,364],"product_tag":[],"class_list":{"0":"post-42413","1":"product","2":"type-product","3":"status-publish","4":"has-post-thumbnail","6":"product_cat-akcio-jatekok","7":"product_cat-digitalis-jatekok","8":"product_cat-goz","9":"product_cat-jatekok-szimulatorok","10":"product_cat-minden-digitalis-jatek","11":"product_cat-pc-jatekok","12":"product_cat-rpg-k","13":"desktop-align-left","14":"tablet-align-left","15":"mobile-align-left","17":"first","18":"instock","19":"shipping-taxable","20":"purchasable","21":"product-type-simple"},"acf":[],"yoast_head":"<!-- This site is optimized with the Yoast SEO Premium plugin v27.4 (Yoast SEO v27.4) - https:\/\/yoast.com\/product\/yoast-seo-premium-wordpress\/ -->\n<title>Ambition a Minuet in Power - Prismagamers.com<\/title>\n<meta name=\"description\" content=\"A 18. sz\u00e1zadi P\u00e1rizs - a szerelem, a hazugs\u00e1g \u00e9s a forradalom v\u00e1rosa. Te egy divatos n\u0151 vagy, aki megpr\u00f3b\u00e1l t\u00fal\u00e9lni a politikai z\u0171rzavarban. D\u00e1tum felejthetetlen karakterek. Gy\u0171jtsd \u00f6ssze a meg\u00e9rdemelt vagyont \u00e9s tiszteletet. Vegy\u00e9l r\u00e9szt olyan pletyk\u00e1kban, amelyek megv\u00e1ltoztathatj\u00e1k a t\u00f6rt\u00e9nelem menet\u00e9t, vagy a guillotine al\u00e1 juttathatnak.   &nbsp;  Glob\u00e1lis  G\u0151z  Digit\u00e1lis kulcs\" \/>\n<meta name=\"robots\" content=\"index, follow, max-snippet:-1, max-image-preview:large, max-video-preview:-1\" \/>\n<link rel=\"canonical\" href=\"https:\/\/prismagamers.com\/hu\/produkt\/ambition-a-minuet-in-power\/\" \/>\n<meta property=\"og:locale\" content=\"hu_HU\" \/>\n<meta property=\"og:type\" content=\"article\" \/>\n<meta property=\"og:title\" content=\"Ambition a Minuet in Power\" \/>\n<meta property=\"og:description\" content=\"A 18. sz\u00e1zadi P\u00e1rizs - a szerelem, a hazugs\u00e1g \u00e9s a forradalom v\u00e1rosa. Te egy divatos n\u0151 vagy, aki megpr\u00f3b\u00e1l t\u00fal\u00e9lni a politikai z\u0171rzavarban. D\u00e1tum felejthetetlen karakterek. Gy\u0171jtsd \u00f6ssze a meg\u00e9rdemelt vagyont \u00e9s tiszteletet. Vegy\u00e9l r\u00e9szt olyan pletyk\u00e1kban, amelyek megv\u00e1ltoztathatj\u00e1k a t\u00f6rt\u00e9nelem menet\u00e9t, vagy a guillotine al\u00e1 juttathatnak.   &nbsp;  Glob\u00e1lis  G\u0151z  Digit\u00e1lis kulcs\" \/>\n<meta property=\"og:url\" content=\"https:\/\/prismagamers.com\/hu\/produkt\/ambition-a-minuet-in-power\/\" \/>\n<meta property=\"og:site_name\" content=\"Prismagamers.com\" \/>\n<meta property=\"article:publisher\" content=\"https:\/\/www.facebook.com\/prismagamers\" \/>\n<meta property=\"og:image\" content=\"https:\/\/prismagamers.com\/wp-content\/uploads\/2023\/06\/Ambition-A-Minuet-in-Power.jpg\" \/>\n\t<meta property=\"og:image:width\" content=\"600\" \/>\n\t<meta property=\"og:image:height\" content=\"900\" \/>\n\t<meta property=\"og:image:type\" content=\"image\/jpeg\" \/>\n<meta name=\"twitter:card\" content=\"summary_large_image\" \/>\n<meta name=\"twitter:label1\" content=\"Becs\u00fclt olvas\u00e1si id\u0151\" \/>\n\t<meta name=\"twitter:data1\" content=\"2 perc\" \/>\n<script type=\"application\/ld+json\" class=\"yoast-schema-graph\">{\"@context\":\"https:\\\/\\\/schema.org\",\"@graph\":[{\"@type\":\"WebPage\",\"@id\":\"https:\\\/\\\/prismagamers.com\\\/hu\\\/produkt\\\/ambition-a-minuet-in-power\\\/\",\"url\":\"https:\\\/\\\/prismagamers.com\\\/hu\\\/produkt\\\/ambition-a-minuet-in-power\\\/\",\"name\":\"Ambition a Minuet in Power - Prismagamers.com\",\"isPartOf\":{\"@id\":\"https:\\\/\\\/prismagamers.com\\\/hu\\\/#website\"},\"primaryImageOfPage\":{\"@id\":\"https:\\\/\\\/prismagamers.com\\\/hu\\\/produkt\\\/ambition-a-minuet-in-power\\\/#primaryimage\"},\"image\":{\"@id\":\"https:\\\/\\\/prismagamers.com\\\/hu\\\/produkt\\\/ambition-a-minuet-in-power\\\/#primaryimage\"},\"thumbnailUrl\":\"https:\\\/\\\/prismagamers.com\\\/wp-content\\\/uploads\\\/2023\\\/06\\\/Ambition-A-Minuet-in-Power.jpg\",\"datePublished\":\"2023-06-01T20:28:02+00:00\",\"description\":\"A 18. sz\u00e1zadi P\u00e1rizs - a szerelem, a hazugs\u00e1g \u00e9s a forradalom v\u00e1rosa. Te egy divatos n\u0151 vagy, aki megpr\u00f3b\u00e1l t\u00fal\u00e9lni a politikai z\u0171rzavarban. D\u00e1tum felejthetetlen karakterek. Gy\u0171jtsd \u00f6ssze a meg\u00e9rdemelt vagyont \u00e9s tiszteletet. Vegy\u00e9l r\u00e9szt olyan pletyk\u00e1kban, amelyek megv\u00e1ltoztathatj\u00e1k a t\u00f6rt\u00e9nelem menet\u00e9t, vagy a guillotine al\u00e1 juttathatnak. &nbsp; Glob\u00e1lis G\u0151z Digit\u00e1lis kulcs\",\"breadcrumb\":{\"@id\":\"https:\\\/\\\/prismagamers.com\\\/hu\\\/produkt\\\/ambition-a-minuet-in-power\\\/#breadcrumb\"},\"inLanguage\":\"hu\",\"potentialAction\":[{\"@type\":\"ReadAction\",\"target\":[\"https:\\\/\\\/prismagamers.com\\\/hu\\\/produkt\\\/ambition-a-minuet-in-power\\\/\"]}]},{\"@type\":\"ImageObject\",\"inLanguage\":\"hu\",\"@id\":\"https:\\\/\\\/prismagamers.com\\\/hu\\\/produkt\\\/ambition-a-minuet-in-power\\\/#primaryimage\",\"url\":\"https:\\\/\\\/prismagamers.com\\\/wp-content\\\/uploads\\\/2023\\\/06\\\/Ambition-A-Minuet-in-Power.jpg\",\"contentUrl\":\"https:\\\/\\\/prismagamers.com\\\/wp-content\\\/uploads\\\/2023\\\/06\\\/Ambition-A-Minuet-in-Power.jpg\",\"width\":600,\"height\":900},{\"@type\":\"BreadcrumbList\",\"@id\":\"https:\\\/\\\/prismagamers.com\\\/hu\\\/produkt\\\/ambition-a-minuet-in-power\\\/#breadcrumb\",\"itemListElement\":[{\"@type\":\"ListItem\",\"position\":1,\"name\":\"Strona g\u0142\u00f3wna\",\"item\":\"https:\\\/\\\/prismagamers.com\\\/hu\\\/prismagamers\\\/\"},{\"@type\":\"ListItem\",\"position\":2,\"name\":\"Shop\",\"item\":\"https:\\\/\\\/prismagamers.com\\\/hu\\\/shop\\\/\"},{\"@type\":\"ListItem\",\"position\":3,\"name\":\"Ambition a Minuet in Power\"}]},{\"@type\":\"WebSite\",\"@id\":\"https:\\\/\\\/prismagamers.com\\\/hu\\\/#website\",\"url\":\"https:\\\/\\\/prismagamers.com\\\/hu\\\/\",\"name\":\"Prismagamers\",\"description\":\"Sklep z grami PC I Sklep klucze Steam\",\"publisher\":{\"@id\":\"https:\\\/\\\/prismagamers.com\\\/hu\\\/#organization\"},\"potentialAction\":[{\"@type\":\"SearchAction\",\"target\":{\"@type\":\"EntryPoint\",\"urlTemplate\":\"https:\\\/\\\/prismagamers.com\\\/hu\\\/?s={search_term_string}\"},\"query-input\":{\"@type\":\"PropertyValueSpecification\",\"valueRequired\":true,\"valueName\":\"search_term_string\"}}],\"inLanguage\":\"hu\"},{\"@type\":\"Organization\",\"@id\":\"https:\\\/\\\/prismagamers.com\\\/hu\\\/#organization\",\"name\":\"Prismagamers\",\"url\":\"https:\\\/\\\/prismagamers.com\\\/hu\\\/\",\"logo\":{\"@type\":\"ImageObject\",\"inLanguage\":\"hu\",\"@id\":\"https:\\\/\\\/prismagamers.com\\\/hu\\\/#\\\/schema\\\/logo\\\/image\\\/\",\"url\":\"https:\\\/\\\/prismagamers.com\\\/wp-content\\\/uploads\\\/2022\\\/04\\\/cropped-logo-Prismagamers-01-scaled-1.jpg\",\"contentUrl\":\"https:\\\/\\\/prismagamers.com\\\/wp-content\\\/uploads\\\/2022\\\/04\\\/cropped-logo-Prismagamers-01-scaled-1.jpg\",\"width\":512,\"height\":512,\"caption\":\"Prismagamers\"},\"image\":{\"@id\":\"https:\\\/\\\/prismagamers.com\\\/hu\\\/#\\\/schema\\\/logo\\\/image\\\/\"},\"sameAs\":[\"https:\\\/\\\/www.facebook.com\\\/prismagamers\",\"https:\\\/\\\/www.instagram.com\\\/prismagamers_grycyfrowe\\\/\"],\"description\":\"Prismagamers.com to dynamiczny sklep z grami cyfrowymi, stworzony z my\u015bl\u0105 o entuzjastach gier wideo. Nasza strona oferuje szerok\u0105 gam\u0119 gier komputerowych, w tym najnowsze tytu\u0142y, dobrze znane klasyki oraz gry stworzone przez niezale\u017cne studia Ca\u0142y czas d\u0105\u017cymy do rozszerzenia naszej oferty. Do\u0142\u0105cz do nas i sta\u0144 si\u0119 cz\u0119\u015bci\u0105 naszej rosn\u0105cej spo\u0142eczno\u015bci graczy!\",\"email\":\"shop@prismagamers.com\",\"telephone\":\"48795541705\",\"legalName\":\"East Caravan Maksym \u017bukow\",\"foundingDate\":\"2012-05-10\",\"vatID\":\"PL8943038612\",\"taxID\":\"PL8943038612\",\"numberOfEmployees\":{\"@type\":\"QuantitativeValue\",\"minValue\":\"11\",\"maxValue\":\"50\"}}]}<\/script>\n<!-- \/ Yoast SEO Premium plugin. -->","yoast_head_json":{"title":"Ambition a Minuet in Power - Prismagamers.com","description":"A 18. sz\u00e1zadi P\u00e1rizs - a szerelem, a hazugs\u00e1g \u00e9s a forradalom v\u00e1rosa. Te egy divatos n\u0151 vagy, aki megpr\u00f3b\u00e1l t\u00fal\u00e9lni a politikai z\u0171rzavarban. D\u00e1tum felejthetetlen karakterek. Gy\u0171jtsd \u00f6ssze a meg\u00e9rdemelt vagyont \u00e9s tiszteletet. Vegy\u00e9l r\u00e9szt olyan pletyk\u00e1kban, amelyek megv\u00e1ltoztathatj\u00e1k a t\u00f6rt\u00e9nelem menet\u00e9t, vagy a guillotine al\u00e1 juttathatnak.   &nbsp;  Glob\u00e1lis  G\u0151z  Digit\u00e1lis kulcs","robots":{"index":"index","follow":"follow","max-snippet":"max-snippet:-1","max-image-preview":"max-image-preview:large","max-video-preview":"max-video-preview:-1"},"canonical":"https:\/\/prismagamers.com\/hu\/produkt\/ambition-a-minuet-in-power\/","og_locale":"hu_HU","og_type":"article","og_title":"Ambition a Minuet in Power","og_description":"A 18. sz\u00e1zadi P\u00e1rizs - a szerelem, a hazugs\u00e1g \u00e9s a forradalom v\u00e1rosa. Te egy divatos n\u0151 vagy, aki megpr\u00f3b\u00e1l t\u00fal\u00e9lni a politikai z\u0171rzavarban. D\u00e1tum felejthetetlen karakterek. Gy\u0171jtsd \u00f6ssze a meg\u00e9rdemelt vagyont \u00e9s tiszteletet. Vegy\u00e9l r\u00e9szt olyan pletyk\u00e1kban, amelyek megv\u00e1ltoztathatj\u00e1k a t\u00f6rt\u00e9nelem menet\u00e9t, vagy a guillotine al\u00e1 juttathatnak.   &nbsp;  Glob\u00e1lis  G\u0151z  Digit\u00e1lis kulcs","og_url":"https:\/\/prismagamers.com\/hu\/produkt\/ambition-a-minuet-in-power\/","og_site_name":"Prismagamers.com","article_publisher":"https:\/\/www.facebook.com\/prismagamers","og_image":[{"width":600,"height":900,"url":"https:\/\/prismagamers.com\/wp-content\/uploads\/2023\/06\/Ambition-A-Minuet-in-Power.jpg","type":"image\/jpeg"}],"twitter_card":"summary_large_image","twitter_misc":{"Becs\u00fclt olvas\u00e1si id\u0151":"2 perc"},"schema":{"@context":"https:\/\/schema.org","@graph":[{"@type":"WebPage","@id":"https:\/\/prismagamers.com\/hu\/produkt\/ambition-a-minuet-in-power\/","url":"https:\/\/prismagamers.com\/hu\/produkt\/ambition-a-minuet-in-power\/","name":"Ambition a Minuet in Power - Prismagamers.com","isPartOf":{"@id":"https:\/\/prismagamers.com\/hu\/#website"},"primaryImageOfPage":{"@id":"https:\/\/prismagamers.com\/hu\/produkt\/ambition-a-minuet-in-power\/#primaryimage"},"image":{"@id":"https:\/\/prismagamers.com\/hu\/produkt\/ambition-a-minuet-in-power\/#primaryimage"},"thumbnailUrl":"https:\/\/prismagamers.com\/wp-content\/uploads\/2023\/06\/Ambition-A-Minuet-in-Power.jpg","datePublished":"2023-06-01T20:28:02+00:00","description":"A 18. sz\u00e1zadi P\u00e1rizs - a szerelem, a hazugs\u00e1g \u00e9s a forradalom v\u00e1rosa. Te egy divatos n\u0151 vagy, aki megpr\u00f3b\u00e1l t\u00fal\u00e9lni a politikai z\u0171rzavarban. D\u00e1tum felejthetetlen karakterek. Gy\u0171jtsd \u00f6ssze a meg\u00e9rdemelt vagyont \u00e9s tiszteletet. Vegy\u00e9l r\u00e9szt olyan pletyk\u00e1kban, amelyek megv\u00e1ltoztathatj\u00e1k a t\u00f6rt\u00e9nelem menet\u00e9t, vagy a guillotine al\u00e1 juttathatnak. &nbsp; Glob\u00e1lis G\u0151z Digit\u00e1lis kulcs","breadcrumb":{"@id":"https:\/\/prismagamers.com\/hu\/produkt\/ambition-a-minuet-in-power\/#breadcrumb"},"inLanguage":"hu","potentialAction":[{"@type":"ReadAction","target":["https:\/\/prismagamers.com\/hu\/produkt\/ambition-a-minuet-in-power\/"]}]},{"@type":"ImageObject","inLanguage":"hu","@id":"https:\/\/prismagamers.com\/hu\/produkt\/ambition-a-minuet-in-power\/#primaryimage","url":"https:\/\/prismagamers.com\/wp-content\/uploads\/2023\/06\/Ambition-A-Minuet-in-Power.jpg","contentUrl":"https:\/\/prismagamers.com\/wp-content\/uploads\/2023\/06\/Ambition-A-Minuet-in-Power.jpg","width":600,"height":900},{"@type":"BreadcrumbList","@id":"https:\/\/prismagamers.com\/hu\/produkt\/ambition-a-minuet-in-power\/#breadcrumb","itemListElement":[{"@type":"ListItem","position":1,"name":"Strona g\u0142\u00f3wna","item":"https:\/\/prismagamers.com\/hu\/prismagamers\/"},{"@type":"ListItem","position":2,"name":"Shop","item":"https:\/\/prismagamers.com\/hu\/shop\/"},{"@type":"ListItem","position":3,"name":"Ambition a Minuet in Power"}]},{"@type":"WebSite","@id":"https:\/\/prismagamers.com\/hu\/#website","url":"https:\/\/prismagamers.com\/hu\/","name":"Prismagamers","description":"Sklep z grami PC I Sklep klucze Steam","publisher":{"@id":"https:\/\/prismagamers.com\/hu\/#organization"},"potentialAction":[{"@type":"SearchAction","target":{"@type":"EntryPoint","urlTemplate":"https:\/\/prismagamers.com\/hu\/?s={search_term_string}"},"query-input":{"@type":"PropertyValueSpecification","valueRequired":true,"valueName":"search_term_string"}}],"inLanguage":"hu"},{"@type":"Organization","@id":"https:\/\/prismagamers.com\/hu\/#organization","name":"Prismagamers","url":"https:\/\/prismagamers.com\/hu\/","logo":{"@type":"ImageObject","inLanguage":"hu","@id":"https:\/\/prismagamers.com\/hu\/#\/schema\/logo\/image\/","url":"https:\/\/prismagamers.com\/wp-content\/uploads\/2022\/04\/cropped-logo-Prismagamers-01-scaled-1.jpg","contentUrl":"https:\/\/prismagamers.com\/wp-content\/uploads\/2022\/04\/cropped-logo-Prismagamers-01-scaled-1.jpg","width":512,"height":512,"caption":"Prismagamers"},"image":{"@id":"https:\/\/prismagamers.com\/hu\/#\/schema\/logo\/image\/"},"sameAs":["https:\/\/www.facebook.com\/prismagamers","https:\/\/www.instagram.com\/prismagamers_grycyfrowe\/"],"description":"Prismagamers.com to dynamiczny sklep z grami cyfrowymi, stworzony z my\u015bl\u0105 o entuzjastach gier wideo. Nasza strona oferuje szerok\u0105 gam\u0119 gier komputerowych, w tym najnowsze tytu\u0142y, dobrze znane klasyki oraz gry stworzone przez niezale\u017cne studia Ca\u0142y czas d\u0105\u017cymy do rozszerzenia naszej oferty. Do\u0142\u0105cz do nas i sta\u0144 si\u0119 cz\u0119\u015bci\u0105 naszej rosn\u0105cej spo\u0142eczno\u015bci graczy!","email":"shop@prismagamers.com","telephone":"48795541705","legalName":"East Caravan Maksym \u017bukow","foundingDate":"2012-05-10","vatID":"PL8943038612","taxID":"PL8943038612","numberOfEmployees":{"@type":"QuantitativeValue","minValue":"11","maxValue":"50"}}]}},"_links":{"self":[{"href":"https:\/\/prismagamers.com\/hu\/wp-json\/wp\/v2\/product\/42413","targetHints":{"allow":["GET"]}}],"collection":[{"href":"https:\/\/prismagamers.com\/hu\/wp-json\/wp\/v2\/product"}],"about":[{"href":"https:\/\/prismagamers.com\/hu\/wp-json\/wp\/v2\/types\/product"}],"wp:featuredmedia":[{"embeddable":true,"href":"https:\/\/prismagamers.com\/hu\/wp-json\/wp\/v2\/media\/25431"}],"wp:attachment":[{"href":"https:\/\/prismagamers.com\/hu\/wp-json\/wp\/v2\/media?parent=42413"}],"wp:term":[{"taxonomy":"product_brand","embeddable":true,"href":"https:\/\/prismagamers.com\/hu\/wp-json\/wp\/v2\/product_brand?post=42413"},{"taxonomy":"product_cat","embeddable":true,"href":"https:\/\/prismagamers.com\/hu\/wp-json\/wp\/v2\/product_cat?post=42413"},{"taxonomy":"product_tag","embeddable":true,"href":"https:\/\/prismagamers.com\/hu\/wp-json\/wp\/v2\/product_tag?post=42413"}],"curies":[{"name":"wp","href":"https:\/\/api.w.org\/{rel}","templated":true}]}}