{"id":42418,"date":"2023-05-26T13:17:59","date_gmt":"2023-05-26T11:17:59","guid":{"rendered":"https:\/\/prismagamers.com\/produkt\/land-of-the-vikings\/"},"modified":"2026-04-18T01:51:59","modified_gmt":"2026-04-17T23:51:59","slug":"land-of-the-vikings","status":"publish","type":"product","link":"https:\/\/prismagamers.com\/hu\/produkt\/land-of-the-vikings\/","title":{"rendered":"Land of the Vikings"},"content":{"rendered":"<p>V\u00e1gj ki f\u00e1kat, \u00fcltess \u00e9s termessz n\u00f6v\u00e9nyeket, vad\u00e1ssz vad\u00e1llatokra, b\u00e1ny\u00e1ssz \u00e9rceket \u00e9s hal\u00e1ssz a k\u00f6rnyez\u0151 tengerekb\u0151l \u00e9s fjordokb\u00f3l. A k\u00e9szletekt\u0151l a vikingekig gondosan gazd\u00e1lkodj a nyersanyagokkal, hogy biztos\u00edtsd a t\u00e9li t\u00fal\u00e9l\u00e9st, \u00e9s szezonr\u00f3l szezonra fejleszd a telep\u00fcl\u00e9sedet. <\/p>\n<p>Minden egyes vikinged egy-egy saj\u00e1tos karakter. A t\u00f6bb mint 20 tulajdons\u00e1ggal rendelkez\u0151 vikingek lehetnek er\u0151teljes fel\u00e9p\u00edt\u00e9s\u0171, er\u0151s f\u00e9rfiak \u00e9s n\u0151k vagy \u00e9kessz\u00f3l\u00f3 sz\u00edn\u00e9szek. Figyelj a k\u00e9szs\u00e9gekre \u00e9s k\u00e9pess\u00e9gekre, amikor feladatokat osztasz ki embereidnek. Nem minden viking egyforma, \u00e9s nem is egyform\u00e1n j\u00f3 minden munk\u00e1ban!   <\/p>\n<p>Ahogy n\u00f6vekszik a telep\u00fcl\u00e9setek, egyre t\u00f6bb viking k\u00e9rni fogja, hogy csatlakozhasson hozz\u00e1. D\u00f6nthetsz, hogy befogadod-e \u0151ket, vagy elk\u00fcld\u00f6d \u0151ket. Id\u0151vel a vikingek \u00faj csal\u00e1dokat alap\u00edtanak, \u00e9s \u00faj gener\u00e1ci\u00f3knak adnak \u00e9letet, meghosszabb\u00edtva az ut\u00f3dok sz\u00e1m\u00e1t \u00e9s meger\u0151s\u00edtve a falutokat.  <\/p>\n","protected":false},"excerpt":{"rendered":"<p>A &#8216;Land of the Vikings&#8217; egy t\u00fal\u00e9l\u0151 kol\u00f3nia szimul\u00e1ci\u00f3s j\u00e1t\u00e9k. Vezesd a faludat, \u00e9s fejleszd vir\u00e1gz\u00f3 v\u00e1ross\u00e1. A b\u00f6lcs Jarlnak gazd\u00e1lkodnia kell az er\u0151forr\u00e1sokkal, t\u00fal kell \u00e9lnie a zord k\u00f6r\u00fclm\u00e9nyeket, \u00e9s viking t\u00e1rsait egy\u00fcttm\u0171k\u00f6d\u00e9sre kell vezetnie a konfliktushelyzetekben. Sk\u00e1l!   <\/p>\n<p><img decoding=\"async\" class=\"emoji\" role=\"img\" src=\"https:\/\/s.w.org\/images\/core\/emoji\/14.0.0\/svg\/1f30d.svg\" alt=\"\ud83c\udf0d\">  Glob\u00e1lis<br \/>\n<img decoding=\"async\" class=\"emoji\" role=\"img\" src=\"https:\/\/s.w.org\/images\/core\/emoji\/14.0.0\/svg\/2699.svg\" alt=\"\u2699\ufe0f\">  G\u0151z<br \/>\n<img decoding=\"async\" class=\"emoji\" role=\"img\" src=\"https:\/\/s.w.org\/images\/core\/emoji\/14.0.0\/svg\/1f5dd.svg\" alt=\"\ud83d\udddd\">  Digit\u00e1lis kulcs<\/p>\n","protected":false},"featured_media":25390,"template":"","meta":{"_acf_changed":false,"site-sidebar-layout":"default","site-content-layout":"default","ast-site-content-layout":"default","site-content-style":"default","site-sidebar-style":"default","ast-global-header-display":"","ast-banner-title-visibility":"","ast-main-header-display":"","ast-hfb-above-header-display":"","ast-hfb-below-header-display":"","ast-hfb-mobile-header-display":"","site-post-title":"","ast-breadcrumbs-content":"","ast-featured-img":"","footer-sml-layout":"","ast-disable-related-posts":"","theme-transparent-header-meta":"default","adv-header-id-meta":"","stick-header-meta":"","header-above-stick-meta":"","header-main-stick-meta":"","header-below-stick-meta":"","astra-migrate-meta-layouts":"default","ast-page-background-enabled":"default","ast-page-background-meta":{"desktop":{"background-color":"var(--ast-global-color-4)","background-image":"","background-repeat":"repeat","background-position":"center center","background-size":"auto","background-attachment":"scroll","background-type":"","background-media":"","overlay-type":"","overlay-color":"","overlay-opacity":"","overlay-gradient":""},"tablet":{"background-color":"","background-image":"","background-repeat":"repeat","background-position":"center center","background-size":"auto","background-attachment":"scroll","background-type":"","background-media":"","overlay-type":"","overlay-color":"","overlay-opacity":"","overlay-gradient":""},"mobile":{"background-color":"","background-image":"","background-repeat":"repeat","background-position":"center center","background-size":"auto","background-attachment":"scroll","background-type":"","background-media":"","overlay-type":"","overlay-color":"","overlay-opacity":"","overlay-gradient":""}},"ast-content-background-meta":{"desktop":{"background-color":"var(--ast-global-color-5)","background-image":"","background-repeat":"repeat","background-position":"center center","background-size":"auto","background-attachment":"scroll","background-type":"","background-media":"","overlay-type":"","overlay-color":"","overlay-opacity":"","overlay-gradient":""},"tablet":{"background-color":"var(--ast-global-color-5)","background-image":"","background-repeat":"repeat","background-position":"center center","background-size":"auto","background-attachment":"scroll","background-type":"","background-media":"","overlay-type":"","overlay-color":"","overlay-opacity":"","overlay-gradient":""},"mobile":{"background-color":"var(--ast-global-color-5)","background-image":"","background-repeat":"repeat","background-position":"center center","background-size":"auto","background-attachment":"scroll","background-type":"","background-media":"","overlay-type":"","overlay-color":"","overlay-opacity":"","overlay-gradient":""}}},"product_brand":[],"product_cat":[394,365,463,378,367,386],"product_tag":[],"class_list":{"0":"post-42418","1":"product","2":"type-product","3":"status-publish","4":"has-post-thumbnail","6":"product_cat-digitalis-jatekok","7":"product_cat-goz","8":"product_cat-iceberg-interactive-hu","9":"product_cat-minden-digitalis-jatek","10":"product_cat-pc-jatekok","11":"product_cat-strategiai-jatekok","12":"desktop-align-left","13":"tablet-align-left","14":"mobile-align-left","16":"first","17":"instock","18":"virtual","19":"purchasable","20":"product-type-simple"},"acf":[],"yoast_head":"<!-- This site is optimized with the Yoast SEO Premium plugin v27.4 (Yoast SEO v27.4) - https:\/\/yoast.com\/product\/yoast-seo-premium-wordpress\/ -->\n<title>Land of the Vikings - Prismagamers.com<\/title>\n<meta name=\"description\" content=\"A &#039;Land of the Vikings&#039; egy t\u00fal\u00e9l\u0151 kol\u00f3nia szimul\u00e1ci\u00f3s j\u00e1t\u00e9k. Vezesd a faludat, \u00e9s fejleszd vir\u00e1gz\u00f3 v\u00e1ross\u00e1. A b\u00f6lcs Jarlnak gazd\u00e1lkodnia kell az er\u0151forr\u00e1sokkal, t\u00fal kell \u00e9lnie a zord k\u00f6r\u00fclm\u00e9nyeket, \u00e9s viking t\u00e1rsait egy\u00fcttm\u0171k\u00f6d\u00e9sre kell vezetnie a konfliktushelyzetekben. Sk\u00e1l!    Glob\u00e1lis  G\u0151z  Digit\u00e1lis kulcs\" \/>\n<meta name=\"robots\" content=\"index, follow, max-snippet:-1, max-image-preview:large, max-video-preview:-1\" \/>\n<link rel=\"canonical\" href=\"https:\/\/prismagamers.com\/hu\/produkt\/land-of-the-vikings\/\" \/>\n<meta property=\"og:locale\" content=\"hu_HU\" \/>\n<meta property=\"og:type\" content=\"article\" \/>\n<meta property=\"og:title\" content=\"Land of the Vikings\" \/>\n<meta property=\"og:description\" content=\"A &#039;Land of the Vikings&#039; egy t\u00fal\u00e9l\u0151 kol\u00f3nia szimul\u00e1ci\u00f3s j\u00e1t\u00e9k. Vezesd a faludat, \u00e9s fejleszd vir\u00e1gz\u00f3 v\u00e1ross\u00e1. A b\u00f6lcs Jarlnak gazd\u00e1lkodnia kell az er\u0151forr\u00e1sokkal, t\u00fal kell \u00e9lnie a zord k\u00f6r\u00fclm\u00e9nyeket, \u00e9s viking t\u00e1rsait egy\u00fcttm\u0171k\u00f6d\u00e9sre kell vezetnie a konfliktushelyzetekben. Sk\u00e1l!    Glob\u00e1lis  G\u0151z  Digit\u00e1lis kulcs\" \/>\n<meta property=\"og:url\" content=\"https:\/\/prismagamers.com\/hu\/produkt\/land-of-the-vikings\/\" \/>\n<meta property=\"og:site_name\" content=\"Prismagamers.com\" \/>\n<meta property=\"article:publisher\" content=\"https:\/\/www.facebook.com\/prismagamers\" \/>\n<meta property=\"article:modified_time\" content=\"2026-04-17T23:51:59+00:00\" \/>\n<meta property=\"og:image\" content=\"https:\/\/prismagamers.com\/wp-content\/uploads\/2023\/05\/library_600x900_2x-19.jpg\" \/>\n\t<meta property=\"og:image:width\" content=\"600\" \/>\n\t<meta property=\"og:image:height\" content=\"900\" \/>\n\t<meta property=\"og:image:type\" content=\"image\/jpeg\" \/>\n<meta name=\"twitter:card\" content=\"summary_large_image\" \/>\n<meta name=\"twitter:label1\" content=\"Becs\u00fclt olvas\u00e1si id\u0151\" \/>\n\t<meta name=\"twitter:data1\" content=\"1 perc\" \/>\n<script type=\"application\/ld+json\" class=\"yoast-schema-graph\">{\"@context\":\"https:\\\/\\\/schema.org\",\"@graph\":[{\"@type\":\"WebPage\",\"@id\":\"https:\\\/\\\/prismagamers.com\\\/hu\\\/produkt\\\/land-of-the-vikings\\\/\",\"url\":\"https:\\\/\\\/prismagamers.com\\\/hu\\\/produkt\\\/land-of-the-vikings\\\/\",\"name\":\"Land of the Vikings - Prismagamers.com\",\"isPartOf\":{\"@id\":\"https:\\\/\\\/prismagamers.com\\\/hu\\\/#website\"},\"primaryImageOfPage\":{\"@id\":\"https:\\\/\\\/prismagamers.com\\\/hu\\\/produkt\\\/land-of-the-vikings\\\/#primaryimage\"},\"image\":{\"@id\":\"https:\\\/\\\/prismagamers.com\\\/hu\\\/produkt\\\/land-of-the-vikings\\\/#primaryimage\"},\"thumbnailUrl\":\"https:\\\/\\\/prismagamers.com\\\/wp-content\\\/uploads\\\/2023\\\/05\\\/library_600x900_2x-19.jpg\",\"datePublished\":\"2023-05-26T11:17:59+00:00\",\"dateModified\":\"2026-04-17T23:51:59+00:00\",\"description\":\"A 'Land of the Vikings' egy t\u00fal\u00e9l\u0151 kol\u00f3nia szimul\u00e1ci\u00f3s j\u00e1t\u00e9k. Vezesd a faludat, \u00e9s fejleszd vir\u00e1gz\u00f3 v\u00e1ross\u00e1. A b\u00f6lcs Jarlnak gazd\u00e1lkodnia kell az er\u0151forr\u00e1sokkal, t\u00fal kell \u00e9lnie a zord k\u00f6r\u00fclm\u00e9nyeket, \u00e9s viking t\u00e1rsait egy\u00fcttm\u0171k\u00f6d\u00e9sre kell vezetnie a konfliktushelyzetekben. Sk\u00e1l! Glob\u00e1lis G\u0151z Digit\u00e1lis kulcs\",\"breadcrumb\":{\"@id\":\"https:\\\/\\\/prismagamers.com\\\/hu\\\/produkt\\\/land-of-the-vikings\\\/#breadcrumb\"},\"inLanguage\":\"hu\",\"potentialAction\":[{\"@type\":\"ReadAction\",\"target\":[\"https:\\\/\\\/prismagamers.com\\\/hu\\\/produkt\\\/land-of-the-vikings\\\/\"]}]},{\"@type\":\"ImageObject\",\"inLanguage\":\"hu\",\"@id\":\"https:\\\/\\\/prismagamers.com\\\/hu\\\/produkt\\\/land-of-the-vikings\\\/#primaryimage\",\"url\":\"https:\\\/\\\/prismagamers.com\\\/wp-content\\\/uploads\\\/2023\\\/05\\\/library_600x900_2x-19.jpg\",\"contentUrl\":\"https:\\\/\\\/prismagamers.com\\\/wp-content\\\/uploads\\\/2023\\\/05\\\/library_600x900_2x-19.jpg\",\"width\":600,\"height\":900},{\"@type\":\"BreadcrumbList\",\"@id\":\"https:\\\/\\\/prismagamers.com\\\/hu\\\/produkt\\\/land-of-the-vikings\\\/#breadcrumb\",\"itemListElement\":[{\"@type\":\"ListItem\",\"position\":1,\"name\":\"Strona g\u0142\u00f3wna\",\"item\":\"https:\\\/\\\/prismagamers.com\\\/hu\\\/prismagamers\\\/\"},{\"@type\":\"ListItem\",\"position\":2,\"name\":\"Shop\",\"item\":\"https:\\\/\\\/prismagamers.com\\\/hu\\\/shop\\\/\"},{\"@type\":\"ListItem\",\"position\":3,\"name\":\"Land of the Vikings\"}]},{\"@type\":\"WebSite\",\"@id\":\"https:\\\/\\\/prismagamers.com\\\/hu\\\/#website\",\"url\":\"https:\\\/\\\/prismagamers.com\\\/hu\\\/\",\"name\":\"Prismagamers\",\"description\":\"Sklep z grami PC I Sklep klucze Steam\",\"publisher\":{\"@id\":\"https:\\\/\\\/prismagamers.com\\\/hu\\\/#organization\"},\"potentialAction\":[{\"@type\":\"SearchAction\",\"target\":{\"@type\":\"EntryPoint\",\"urlTemplate\":\"https:\\\/\\\/prismagamers.com\\\/hu\\\/?s={search_term_string}\"},\"query-input\":{\"@type\":\"PropertyValueSpecification\",\"valueRequired\":true,\"valueName\":\"search_term_string\"}}],\"inLanguage\":\"hu\"},{\"@type\":\"Organization\",\"@id\":\"https:\\\/\\\/prismagamers.com\\\/hu\\\/#organization\",\"name\":\"Prismagamers\",\"url\":\"https:\\\/\\\/prismagamers.com\\\/hu\\\/\",\"logo\":{\"@type\":\"ImageObject\",\"inLanguage\":\"hu\",\"@id\":\"https:\\\/\\\/prismagamers.com\\\/hu\\\/#\\\/schema\\\/logo\\\/image\\\/\",\"url\":\"https:\\\/\\\/prismagamers.com\\\/wp-content\\\/uploads\\\/2022\\\/04\\\/cropped-logo-Prismagamers-01-scaled-1.jpg\",\"contentUrl\":\"https:\\\/\\\/prismagamers.com\\\/wp-content\\\/uploads\\\/2022\\\/04\\\/cropped-logo-Prismagamers-01-scaled-1.jpg\",\"width\":512,\"height\":512,\"caption\":\"Prismagamers\"},\"image\":{\"@id\":\"https:\\\/\\\/prismagamers.com\\\/hu\\\/#\\\/schema\\\/logo\\\/image\\\/\"},\"sameAs\":[\"https:\\\/\\\/www.facebook.com\\\/prismagamers\",\"https:\\\/\\\/www.instagram.com\\\/prismagamers_grycyfrowe\\\/\"],\"description\":\"Prismagamers.com to dynamiczny sklep z grami cyfrowymi, stworzony z my\u015bl\u0105 o entuzjastach gier wideo. Nasza strona oferuje szerok\u0105 gam\u0119 gier komputerowych, w tym najnowsze tytu\u0142y, dobrze znane klasyki oraz gry stworzone przez niezale\u017cne studia Ca\u0142y czas d\u0105\u017cymy do rozszerzenia naszej oferty. Do\u0142\u0105cz do nas i sta\u0144 si\u0119 cz\u0119\u015bci\u0105 naszej rosn\u0105cej spo\u0142eczno\u015bci graczy!\",\"email\":\"shop@prismagamers.com\",\"telephone\":\"48795541705\",\"legalName\":\"East Caravan Maksym \u017bukow\",\"foundingDate\":\"2012-05-10\",\"vatID\":\"PL8943038612\",\"taxID\":\"PL8943038612\",\"numberOfEmployees\":{\"@type\":\"QuantitativeValue\",\"minValue\":\"11\",\"maxValue\":\"50\"}}]}<\/script>\n<!-- \/ Yoast SEO Premium plugin. -->","yoast_head_json":{"title":"Land of the Vikings - Prismagamers.com","description":"A 'Land of the Vikings' egy t\u00fal\u00e9l\u0151 kol\u00f3nia szimul\u00e1ci\u00f3s j\u00e1t\u00e9k. Vezesd a faludat, \u00e9s fejleszd vir\u00e1gz\u00f3 v\u00e1ross\u00e1. A b\u00f6lcs Jarlnak gazd\u00e1lkodnia kell az er\u0151forr\u00e1sokkal, t\u00fal kell \u00e9lnie a zord k\u00f6r\u00fclm\u00e9nyeket, \u00e9s viking t\u00e1rsait egy\u00fcttm\u0171k\u00f6d\u00e9sre kell vezetnie a konfliktushelyzetekben. Sk\u00e1l!    Glob\u00e1lis  G\u0151z  Digit\u00e1lis kulcs","robots":{"index":"index","follow":"follow","max-snippet":"max-snippet:-1","max-image-preview":"max-image-preview:large","max-video-preview":"max-video-preview:-1"},"canonical":"https:\/\/prismagamers.com\/hu\/produkt\/land-of-the-vikings\/","og_locale":"hu_HU","og_type":"article","og_title":"Land of the Vikings","og_description":"A 'Land of the Vikings' egy t\u00fal\u00e9l\u0151 kol\u00f3nia szimul\u00e1ci\u00f3s j\u00e1t\u00e9k. Vezesd a faludat, \u00e9s fejleszd vir\u00e1gz\u00f3 v\u00e1ross\u00e1. A b\u00f6lcs Jarlnak gazd\u00e1lkodnia kell az er\u0151forr\u00e1sokkal, t\u00fal kell \u00e9lnie a zord k\u00f6r\u00fclm\u00e9nyeket, \u00e9s viking t\u00e1rsait egy\u00fcttm\u0171k\u00f6d\u00e9sre kell vezetnie a konfliktushelyzetekben. Sk\u00e1l!    Glob\u00e1lis  G\u0151z  Digit\u00e1lis kulcs","og_url":"https:\/\/prismagamers.com\/hu\/produkt\/land-of-the-vikings\/","og_site_name":"Prismagamers.com","article_publisher":"https:\/\/www.facebook.com\/prismagamers","article_modified_time":"2026-04-17T23:51:59+00:00","og_image":[{"width":600,"height":900,"url":"https:\/\/prismagamers.com\/wp-content\/uploads\/2023\/05\/library_600x900_2x-19.jpg","type":"image\/jpeg"}],"twitter_card":"summary_large_image","twitter_misc":{"Becs\u00fclt olvas\u00e1si id\u0151":"1 perc"},"schema":{"@context":"https:\/\/schema.org","@graph":[{"@type":"WebPage","@id":"https:\/\/prismagamers.com\/hu\/produkt\/land-of-the-vikings\/","url":"https:\/\/prismagamers.com\/hu\/produkt\/land-of-the-vikings\/","name":"Land of the Vikings - Prismagamers.com","isPartOf":{"@id":"https:\/\/prismagamers.com\/hu\/#website"},"primaryImageOfPage":{"@id":"https:\/\/prismagamers.com\/hu\/produkt\/land-of-the-vikings\/#primaryimage"},"image":{"@id":"https:\/\/prismagamers.com\/hu\/produkt\/land-of-the-vikings\/#primaryimage"},"thumbnailUrl":"https:\/\/prismagamers.com\/wp-content\/uploads\/2023\/05\/library_600x900_2x-19.jpg","datePublished":"2023-05-26T11:17:59+00:00","dateModified":"2026-04-17T23:51:59+00:00","description":"A 'Land of the Vikings' egy t\u00fal\u00e9l\u0151 kol\u00f3nia szimul\u00e1ci\u00f3s j\u00e1t\u00e9k. Vezesd a faludat, \u00e9s fejleszd vir\u00e1gz\u00f3 v\u00e1ross\u00e1. A b\u00f6lcs Jarlnak gazd\u00e1lkodnia kell az er\u0151forr\u00e1sokkal, t\u00fal kell \u00e9lnie a zord k\u00f6r\u00fclm\u00e9nyeket, \u00e9s viking t\u00e1rsait egy\u00fcttm\u0171k\u00f6d\u00e9sre kell vezetnie a konfliktushelyzetekben. Sk\u00e1l! Glob\u00e1lis G\u0151z Digit\u00e1lis kulcs","breadcrumb":{"@id":"https:\/\/prismagamers.com\/hu\/produkt\/land-of-the-vikings\/#breadcrumb"},"inLanguage":"hu","potentialAction":[{"@type":"ReadAction","target":["https:\/\/prismagamers.com\/hu\/produkt\/land-of-the-vikings\/"]}]},{"@type":"ImageObject","inLanguage":"hu","@id":"https:\/\/prismagamers.com\/hu\/produkt\/land-of-the-vikings\/#primaryimage","url":"https:\/\/prismagamers.com\/wp-content\/uploads\/2023\/05\/library_600x900_2x-19.jpg","contentUrl":"https:\/\/prismagamers.com\/wp-content\/uploads\/2023\/05\/library_600x900_2x-19.jpg","width":600,"height":900},{"@type":"BreadcrumbList","@id":"https:\/\/prismagamers.com\/hu\/produkt\/land-of-the-vikings\/#breadcrumb","itemListElement":[{"@type":"ListItem","position":1,"name":"Strona g\u0142\u00f3wna","item":"https:\/\/prismagamers.com\/hu\/prismagamers\/"},{"@type":"ListItem","position":2,"name":"Shop","item":"https:\/\/prismagamers.com\/hu\/shop\/"},{"@type":"ListItem","position":3,"name":"Land of the Vikings"}]},{"@type":"WebSite","@id":"https:\/\/prismagamers.com\/hu\/#website","url":"https:\/\/prismagamers.com\/hu\/","name":"Prismagamers","description":"Sklep z grami PC I Sklep klucze Steam","publisher":{"@id":"https:\/\/prismagamers.com\/hu\/#organization"},"potentialAction":[{"@type":"SearchAction","target":{"@type":"EntryPoint","urlTemplate":"https:\/\/prismagamers.com\/hu\/?s={search_term_string}"},"query-input":{"@type":"PropertyValueSpecification","valueRequired":true,"valueName":"search_term_string"}}],"inLanguage":"hu"},{"@type":"Organization","@id":"https:\/\/prismagamers.com\/hu\/#organization","name":"Prismagamers","url":"https:\/\/prismagamers.com\/hu\/","logo":{"@type":"ImageObject","inLanguage":"hu","@id":"https:\/\/prismagamers.com\/hu\/#\/schema\/logo\/image\/","url":"https:\/\/prismagamers.com\/wp-content\/uploads\/2022\/04\/cropped-logo-Prismagamers-01-scaled-1.jpg","contentUrl":"https:\/\/prismagamers.com\/wp-content\/uploads\/2022\/04\/cropped-logo-Prismagamers-01-scaled-1.jpg","width":512,"height":512,"caption":"Prismagamers"},"image":{"@id":"https:\/\/prismagamers.com\/hu\/#\/schema\/logo\/image\/"},"sameAs":["https:\/\/www.facebook.com\/prismagamers","https:\/\/www.instagram.com\/prismagamers_grycyfrowe\/"],"description":"Prismagamers.com to dynamiczny sklep z grami cyfrowymi, stworzony z my\u015bl\u0105 o entuzjastach gier wideo. Nasza strona oferuje szerok\u0105 gam\u0119 gier komputerowych, w tym najnowsze tytu\u0142y, dobrze znane klasyki oraz gry stworzone przez niezale\u017cne studia Ca\u0142y czas d\u0105\u017cymy do rozszerzenia naszej oferty. Do\u0142\u0105cz do nas i sta\u0144 si\u0119 cz\u0119\u015bci\u0105 naszej rosn\u0105cej spo\u0142eczno\u015bci graczy!","email":"shop@prismagamers.com","telephone":"48795541705","legalName":"East Caravan Maksym \u017bukow","foundingDate":"2012-05-10","vatID":"PL8943038612","taxID":"PL8943038612","numberOfEmployees":{"@type":"QuantitativeValue","minValue":"11","maxValue":"50"}}]}},"_links":{"self":[{"href":"https:\/\/prismagamers.com\/hu\/wp-json\/wp\/v2\/product\/42418","targetHints":{"allow":["GET"]}}],"collection":[{"href":"https:\/\/prismagamers.com\/hu\/wp-json\/wp\/v2\/product"}],"about":[{"href":"https:\/\/prismagamers.com\/hu\/wp-json\/wp\/v2\/types\/product"}],"wp:featuredmedia":[{"embeddable":true,"href":"https:\/\/prismagamers.com\/hu\/wp-json\/wp\/v2\/media\/25390"}],"wp:attachment":[{"href":"https:\/\/prismagamers.com\/hu\/wp-json\/wp\/v2\/media?parent=42418"}],"wp:term":[{"taxonomy":"product_brand","embeddable":true,"href":"https:\/\/prismagamers.com\/hu\/wp-json\/wp\/v2\/product_brand?post=42418"},{"taxonomy":"product_cat","embeddable":true,"href":"https:\/\/prismagamers.com\/hu\/wp-json\/wp\/v2\/product_cat?post=42418"},{"taxonomy":"product_tag","embeddable":true,"href":"https:\/\/prismagamers.com\/hu\/wp-json\/wp\/v2\/product_tag?post=42418"}],"curies":[{"name":"wp","href":"https:\/\/api.w.org\/{rel}","templated":true}]}}