{"id":42421,"date":"2023-05-26T13:01:19","date_gmt":"2023-05-26T11:01:19","guid":{"rendered":"https:\/\/prismagamers.com\/produkt\/chivalry-2-kings-edition-content\/"},"modified":"2026-04-21T01:56:03","modified_gmt":"2026-04-20T23:56:03","slug":"chivalry-2-kings-edition-content","status":"publish","type":"product","link":"https:\/\/prismagamers.com\/hu\/produkt\/chivalry-2-kings-edition-content\/","title":{"rendered":"Chivalry 2 &#8211; King&#8217;s Edition Content"},"content":{"rendered":"<p><strong>T\u00e9rj vissza a v\u00e9gs\u0151 k\u00f6z\u00e9pkori csatat\u00e9rre!<\/strong><\/p>\n<p>A Chivalry 2 egy t\u00f6bbj\u00e1t\u00e9kos slasher j\u00e1t\u00e9k, amelyet a filmes k\u00f6z\u00e9pkori csat\u00e1k ihlettek. A j\u00e1t\u00e9kosok belevet\u00fclnek a korszak legikonikusabb \u00f6sszecsap\u00e1saiba &#8211; a kardok keresztez\u00e9s\u00e9t\u0151l kezdve a l\u00e1ngol\u00f3 nyilak z\u00e1por\u00e1n \u00e1t a v\u00e1rak ostrom\u00e1ig \u00e9s m\u00e9g sok m\u00e1sig.<br \/>\nA Chivalry 2 King&#8217;s Edition megv\u00e1s\u00e1rl\u00e1s\u00e1val a k\u00f6vetkez\u0151 tartalmakat kapod meg:<br \/>\n1. Rebel King&#8217;s Armour and War Helmet<br \/>\n&#8211; viseld Malric t\u00e1bornok legend\u00e1s p\u00e1nc\u00e9lj\u00e1t a Stoneshill-i csata sor\u00e1n.<br \/>\n2. Feydrid&#8217;s War Crown \u00e9s Aegis Armour<br \/>\n&#8211; K\u00fczdj a dics\u0151s\u00e9g\u00e9rt \u00e9s a becs\u00fclet\u00e9rt Feydrid kir\u00e1lyi korm\u00e1nyz\u00f3 k\u00e9szlet\u00e9vel.<br \/>\n3 pajzs:<br \/>\n &#8211; V\u00e9dd magad a Claw of the Duke (szabadk\u0151m\u0171ves pajzs) \u00e9s a Kralle of Bridgetown (agathi pajzs) pajzsokkal<br \/>\n4. Gadget: White Flag<br \/>\n&#8211; T\u00fal\u00e9lni \u00e9s versenyezni m\u00e9g egy napot ezzel a k\u00e9szletedhez hozz\u00e1adott szerkezettel.<br \/>\n5. 1,000 korona + 5,000 arany<br \/>\n&#8211; Kapsz 1,000 koron\u00e1t (pr\u00e9mium valuta) \u00e9s 5,000 aranyat (j\u00e1t\u00e9kbeli valuta), amivel \u00faj p\u00e1nc\u00e9lokat, fegyverek kin\u00e9zet\u00e9t \u00e9s m\u00e9g sok m\u00e1st oldhatsz fel!<\/p>\n<p>&nbsp;<\/p>\n<p><strong>A kieg\u00e9sz\u00edt\u0151h\u00f6z a <a href=\"https:\/\/prismagamers.com\/hu\/produkt\/chivalry-2\/\">Chivalry 2<\/a> alapverzi\u00f3ja sz\u00fcks\u00e9ges.   <\/strong><\/p>\n","protected":false},"excerpt":{"rendered":"<p>T\u00e9rj vissza a v\u00e9gs\u0151 k\u00f6z\u00e9pkori csatat\u00e9rre!<br \/>\nA Chivalry 2 egy multiplayer els\u0151 szem\u00e9ly\u0171 slasher, amelyet az epikus k\u00f6z\u00e9pkori filmes csat\u00e1k ihlettek. A j\u00e1t\u00e9kosok belevet\u00fclnek a korszak minden ikonikus pillanat\u00e1nak akci\u00f3j\u00e1ba &#8211; az \u00f6sszecsap\u00f3 kardokt\u00f3l kezdve a l\u00e1ngol\u00f3 nyilak vihar\u00e1n \u00e1t a burj\u00e1nz\u00f3 v\u00e1rak ostrom\u00e1ig \u00e9s m\u00e9g sok m\u00e1sig. <\/p>\n<p><strong>\u00c9rt\u00e9kes\u00edt\u00e9si p\u00e9nznem: EUR<\/strong><\/p>\n<p><img decoding=\"async\" class=\"emoji\" role=\"img\" src=\"https:\/\/s.w.org\/images\/core\/emoji\/14.0.0\/svg\/1f30d.svg\" alt=\"\ud83c\udf0d\">  Glob\u00e1lis<br \/>\n<img decoding=\"async\" class=\"emoji\" role=\"img\" src=\"https:\/\/s.w.org\/images\/core\/emoji\/14.0.0\/svg\/2699.svg\" alt=\"\u2699\ufe0f\">  G\u0151z<br \/>\n<img decoding=\"async\" class=\"emoji\" role=\"img\" src=\"https:\/\/s.w.org\/images\/core\/emoji\/14.0.0\/svg\/1f5dd.svg\" alt=\"\ud83d\udddd\">  Digit\u00e1lis kulcs<\/p>\n","protected":false},"featured_media":25379,"template":"","meta":{"_acf_changed":false,"site-sidebar-layout":"default","site-content-layout":"default","ast-site-content-layout":"default","site-content-style":"default","site-sidebar-style":"default","ast-global-header-display":"","ast-banner-title-visibility":"","ast-main-header-display":"","ast-hfb-above-header-display":"","ast-hfb-below-header-display":"","ast-hfb-mobile-header-display":"","site-post-title":"","ast-breadcrumbs-content":"","ast-featured-img":"","footer-sml-layout":"","ast-disable-related-posts":"","theme-transparent-header-meta":"default","adv-header-id-meta":"","stick-header-meta":"","header-above-stick-meta":"","header-main-stick-meta":"","header-below-stick-meta":"","astra-migrate-meta-layouts":"default","ast-page-background-enabled":"default","ast-page-background-meta":{"desktop":{"background-color":"var(--ast-global-color-4)","background-image":"","background-repeat":"repeat","background-position":"center center","background-size":"auto","background-attachment":"scroll","background-type":"","background-media":"","overlay-type":"","overlay-color":"","overlay-opacity":"","overlay-gradient":""},"tablet":{"background-color":"","background-image":"","background-repeat":"repeat","background-position":"center center","background-size":"auto","background-attachment":"scroll","background-type":"","background-media":"","overlay-type":"","overlay-color":"","overlay-opacity":"","overlay-gradient":""},"mobile":{"background-color":"","background-image":"","background-repeat":"repeat","background-position":"center center","background-size":"auto","background-attachment":"scroll","background-type":"","background-media":"","overlay-type":"","overlay-color":"","overlay-opacity":"","overlay-gradient":""}},"ast-content-background-meta":{"desktop":{"background-color":"var(--ast-global-color-5)","background-image":"","background-repeat":"repeat","background-position":"center center","background-size":"auto","background-attachment":"scroll","background-type":"","background-media":"","overlay-type":"","overlay-color":"","overlay-opacity":"","overlay-gradient":""},"tablet":{"background-color":"var(--ast-global-color-5)","background-image":"","background-repeat":"repeat","background-position":"center center","background-size":"auto","background-attachment":"scroll","background-type":"","background-media":"","overlay-type":"","overlay-color":"","overlay-opacity":"","overlay-gradient":""},"mobile":{"background-color":"var(--ast-global-color-5)","background-image":"","background-repeat":"repeat","background-position":"center center","background-size":"auto","background-attachment":"scroll","background-type":"","background-media":"","overlay-type":"","overlay-color":"","overlay-opacity":"","overlay-gradient":""}}},"product_brand":[],"product_cat":[394,368,365,463,378],"product_tag":[],"class_list":{"0":"post-42421","1":"product","2":"type-product","3":"status-publish","4":"has-post-thumbnail","6":"product_cat-digitalis-jatekok","7":"product_cat-dlc-hu","8":"product_cat-goz","9":"product_cat-iceberg-interactive-hu","10":"product_cat-minden-digitalis-jatek","11":"desktop-align-left","12":"tablet-align-left","13":"mobile-align-left","15":"first","16":"instock","17":"shipping-taxable","18":"purchasable","19":"product-type-simple"},"acf":[],"yoast_head":"<!-- This site is optimized with the Yoast SEO Premium plugin v27.4 (Yoast SEO v27.4) - https:\/\/yoast.com\/product\/yoast-seo-premium-wordpress\/ -->\n<title>Chivalry 2 - King&#039;s Edition Content - Prismagamers.com<\/title>\n<meta name=\"description\" content=\"T\u00e9rj vissza a v\u00e9gs\u0151 k\u00f6z\u00e9pkori csatat\u00e9rre! A Chivalry 2 egy multiplayer els\u0151 szem\u00e9ly\u0171 slasher, amelyet az epikus k\u00f6z\u00e9pkori filmes csat\u00e1k ihlettek. A j\u00e1t\u00e9kosok belevet\u00fclnek a korszak minden ikonikus pillanat\u00e1nak akci\u00f3j\u00e1ba - az \u00f6sszecsap\u00f3 kardokt\u00f3l kezdve a l\u00e1ngol\u00f3 nyilak vihar\u00e1n \u00e1t a burj\u00e1nz\u00f3 v\u00e1rak ostrom\u00e1ig \u00e9s m\u00e9g sok m\u00e1sig.  \u00c9rt\u00e9kes\u00edt\u00e9si p\u00e9nznem: EUR  Glob\u00e1lis  G\u0151z  Digit\u00e1lis kulcs\" \/>\n<meta name=\"robots\" content=\"index, follow, max-snippet:-1, max-image-preview:large, max-video-preview:-1\" \/>\n<link rel=\"canonical\" href=\"https:\/\/prismagamers.com\/hu\/produkt\/chivalry-2-kings-edition-content\/\" \/>\n<meta property=\"og:locale\" content=\"hu_HU\" \/>\n<meta property=\"og:type\" content=\"article\" \/>\n<meta property=\"og:title\" content=\"Chivalry 2 - King&#039;s Edition Content\" \/>\n<meta property=\"og:description\" content=\"T\u00e9rj vissza a v\u00e9gs\u0151 k\u00f6z\u00e9pkori csatat\u00e9rre! A Chivalry 2 egy multiplayer els\u0151 szem\u00e9ly\u0171 slasher, amelyet az epikus k\u00f6z\u00e9pkori filmes csat\u00e1k ihlettek. A j\u00e1t\u00e9kosok belevet\u00fclnek a korszak minden ikonikus pillanat\u00e1nak akci\u00f3j\u00e1ba - az \u00f6sszecsap\u00f3 kardokt\u00f3l kezdve a l\u00e1ngol\u00f3 nyilak vihar\u00e1n \u00e1t a burj\u00e1nz\u00f3 v\u00e1rak ostrom\u00e1ig \u00e9s m\u00e9g sok m\u00e1sig.  \u00c9rt\u00e9kes\u00edt\u00e9si p\u00e9nznem: EUR  Glob\u00e1lis  G\u0151z  Digit\u00e1lis kulcs\" \/>\n<meta property=\"og:url\" content=\"https:\/\/prismagamers.com\/hu\/produkt\/chivalry-2-kings-edition-content\/\" \/>\n<meta property=\"og:site_name\" content=\"Prismagamers.com\" \/>\n<meta property=\"article:publisher\" content=\"https:\/\/www.facebook.com\/prismagamers\" \/>\n<meta property=\"article:modified_time\" content=\"2026-04-20T23:56:03+00:00\" \/>\n<meta property=\"og:image\" content=\"https:\/\/prismagamers.com\/wp-content\/uploads\/2023\/05\/library_600x900_2x-16.jpg\" \/>\n\t<meta property=\"og:image:width\" content=\"600\" \/>\n\t<meta property=\"og:image:height\" content=\"900\" \/>\n\t<meta property=\"og:image:type\" content=\"image\/jpeg\" \/>\n<meta name=\"twitter:card\" content=\"summary_large_image\" \/>\n<meta name=\"twitter:label1\" content=\"Becs\u00fclt olvas\u00e1si id\u0151\" \/>\n\t<meta name=\"twitter:data1\" content=\"1 perc\" \/>\n<script type=\"application\/ld+json\" class=\"yoast-schema-graph\">{\"@context\":\"https:\\\/\\\/schema.org\",\"@graph\":[{\"@type\":\"WebPage\",\"@id\":\"https:\\\/\\\/prismagamers.com\\\/hu\\\/produkt\\\/chivalry-2-kings-edition-content\\\/\",\"url\":\"https:\\\/\\\/prismagamers.com\\\/hu\\\/produkt\\\/chivalry-2-kings-edition-content\\\/\",\"name\":\"Chivalry 2 - King's Edition Content - Prismagamers.com\",\"isPartOf\":{\"@id\":\"https:\\\/\\\/prismagamers.com\\\/hu\\\/#website\"},\"primaryImageOfPage\":{\"@id\":\"https:\\\/\\\/prismagamers.com\\\/hu\\\/produkt\\\/chivalry-2-kings-edition-content\\\/#primaryimage\"},\"image\":{\"@id\":\"https:\\\/\\\/prismagamers.com\\\/hu\\\/produkt\\\/chivalry-2-kings-edition-content\\\/#primaryimage\"},\"thumbnailUrl\":\"https:\\\/\\\/prismagamers.com\\\/wp-content\\\/uploads\\\/2023\\\/05\\\/library_600x900_2x-16.jpg\",\"datePublished\":\"2023-05-26T11:01:19+00:00\",\"dateModified\":\"2026-04-20T23:56:03+00:00\",\"description\":\"T\u00e9rj vissza a v\u00e9gs\u0151 k\u00f6z\u00e9pkori csatat\u00e9rre! A Chivalry 2 egy multiplayer els\u0151 szem\u00e9ly\u0171 slasher, amelyet az epikus k\u00f6z\u00e9pkori filmes csat\u00e1k ihlettek. A j\u00e1t\u00e9kosok belevet\u00fclnek a korszak minden ikonikus pillanat\u00e1nak akci\u00f3j\u00e1ba - az \u00f6sszecsap\u00f3 kardokt\u00f3l kezdve a l\u00e1ngol\u00f3 nyilak vihar\u00e1n \u00e1t a burj\u00e1nz\u00f3 v\u00e1rak ostrom\u00e1ig \u00e9s m\u00e9g sok m\u00e1sig. \u00c9rt\u00e9kes\u00edt\u00e9si p\u00e9nznem: EUR Glob\u00e1lis G\u0151z Digit\u00e1lis kulcs\",\"breadcrumb\":{\"@id\":\"https:\\\/\\\/prismagamers.com\\\/hu\\\/produkt\\\/chivalry-2-kings-edition-content\\\/#breadcrumb\"},\"inLanguage\":\"hu\",\"potentialAction\":[{\"@type\":\"ReadAction\",\"target\":[\"https:\\\/\\\/prismagamers.com\\\/hu\\\/produkt\\\/chivalry-2-kings-edition-content\\\/\"]}]},{\"@type\":\"ImageObject\",\"inLanguage\":\"hu\",\"@id\":\"https:\\\/\\\/prismagamers.com\\\/hu\\\/produkt\\\/chivalry-2-kings-edition-content\\\/#primaryimage\",\"url\":\"https:\\\/\\\/prismagamers.com\\\/wp-content\\\/uploads\\\/2023\\\/05\\\/library_600x900_2x-16.jpg\",\"contentUrl\":\"https:\\\/\\\/prismagamers.com\\\/wp-content\\\/uploads\\\/2023\\\/05\\\/library_600x900_2x-16.jpg\",\"width\":600,\"height\":900},{\"@type\":\"BreadcrumbList\",\"@id\":\"https:\\\/\\\/prismagamers.com\\\/hu\\\/produkt\\\/chivalry-2-kings-edition-content\\\/#breadcrumb\",\"itemListElement\":[{\"@type\":\"ListItem\",\"position\":1,\"name\":\"Strona g\u0142\u00f3wna\",\"item\":\"https:\\\/\\\/prismagamers.com\\\/hu\\\/prismagamers\\\/\"},{\"@type\":\"ListItem\",\"position\":2,\"name\":\"Shop\",\"item\":\"https:\\\/\\\/prismagamers.com\\\/hu\\\/shop\\\/\"},{\"@type\":\"ListItem\",\"position\":3,\"name\":\"Chivalry 2 &#8211; King&#8217;s Edition Content\"}]},{\"@type\":\"WebSite\",\"@id\":\"https:\\\/\\\/prismagamers.com\\\/hu\\\/#website\",\"url\":\"https:\\\/\\\/prismagamers.com\\\/hu\\\/\",\"name\":\"Prismagamers\",\"description\":\"Sklep z grami PC I Sklep klucze Steam\",\"publisher\":{\"@id\":\"https:\\\/\\\/prismagamers.com\\\/hu\\\/#organization\"},\"potentialAction\":[{\"@type\":\"SearchAction\",\"target\":{\"@type\":\"EntryPoint\",\"urlTemplate\":\"https:\\\/\\\/prismagamers.com\\\/hu\\\/?s={search_term_string}\"},\"query-input\":{\"@type\":\"PropertyValueSpecification\",\"valueRequired\":true,\"valueName\":\"search_term_string\"}}],\"inLanguage\":\"hu\"},{\"@type\":\"Organization\",\"@id\":\"https:\\\/\\\/prismagamers.com\\\/hu\\\/#organization\",\"name\":\"Prismagamers\",\"url\":\"https:\\\/\\\/prismagamers.com\\\/hu\\\/\",\"logo\":{\"@type\":\"ImageObject\",\"inLanguage\":\"hu\",\"@id\":\"https:\\\/\\\/prismagamers.com\\\/hu\\\/#\\\/schema\\\/logo\\\/image\\\/\",\"url\":\"https:\\\/\\\/prismagamers.com\\\/wp-content\\\/uploads\\\/2022\\\/04\\\/cropped-logo-Prismagamers-01-scaled-1.jpg\",\"contentUrl\":\"https:\\\/\\\/prismagamers.com\\\/wp-content\\\/uploads\\\/2022\\\/04\\\/cropped-logo-Prismagamers-01-scaled-1.jpg\",\"width\":512,\"height\":512,\"caption\":\"Prismagamers\"},\"image\":{\"@id\":\"https:\\\/\\\/prismagamers.com\\\/hu\\\/#\\\/schema\\\/logo\\\/image\\\/\"},\"sameAs\":[\"https:\\\/\\\/www.facebook.com\\\/prismagamers\",\"https:\\\/\\\/www.instagram.com\\\/prismagamers_grycyfrowe\\\/\"],\"description\":\"Prismagamers.com to dynamiczny sklep z grami cyfrowymi, stworzony z my\u015bl\u0105 o entuzjastach gier wideo. Nasza strona oferuje szerok\u0105 gam\u0119 gier komputerowych, w tym najnowsze tytu\u0142y, dobrze znane klasyki oraz gry stworzone przez niezale\u017cne studia Ca\u0142y czas d\u0105\u017cymy do rozszerzenia naszej oferty. Do\u0142\u0105cz do nas i sta\u0144 si\u0119 cz\u0119\u015bci\u0105 naszej rosn\u0105cej spo\u0142eczno\u015bci graczy!\",\"email\":\"shop@prismagamers.com\",\"telephone\":\"48795541705\",\"legalName\":\"East Caravan Maksym \u017bukow\",\"foundingDate\":\"2012-05-10\",\"vatID\":\"PL8943038612\",\"taxID\":\"PL8943038612\",\"numberOfEmployees\":{\"@type\":\"QuantitativeValue\",\"minValue\":\"11\",\"maxValue\":\"50\"}}]}<\/script>\n<!-- \/ Yoast SEO Premium plugin. -->","yoast_head_json":{"title":"Chivalry 2 - King's Edition Content - Prismagamers.com","description":"T\u00e9rj vissza a v\u00e9gs\u0151 k\u00f6z\u00e9pkori csatat\u00e9rre! A Chivalry 2 egy multiplayer els\u0151 szem\u00e9ly\u0171 slasher, amelyet az epikus k\u00f6z\u00e9pkori filmes csat\u00e1k ihlettek. A j\u00e1t\u00e9kosok belevet\u00fclnek a korszak minden ikonikus pillanat\u00e1nak akci\u00f3j\u00e1ba - az \u00f6sszecsap\u00f3 kardokt\u00f3l kezdve a l\u00e1ngol\u00f3 nyilak vihar\u00e1n \u00e1t a burj\u00e1nz\u00f3 v\u00e1rak ostrom\u00e1ig \u00e9s m\u00e9g sok m\u00e1sig.  \u00c9rt\u00e9kes\u00edt\u00e9si p\u00e9nznem: EUR  Glob\u00e1lis  G\u0151z  Digit\u00e1lis kulcs","robots":{"index":"index","follow":"follow","max-snippet":"max-snippet:-1","max-image-preview":"max-image-preview:large","max-video-preview":"max-video-preview:-1"},"canonical":"https:\/\/prismagamers.com\/hu\/produkt\/chivalry-2-kings-edition-content\/","og_locale":"hu_HU","og_type":"article","og_title":"Chivalry 2 - King's Edition Content","og_description":"T\u00e9rj vissza a v\u00e9gs\u0151 k\u00f6z\u00e9pkori csatat\u00e9rre! A Chivalry 2 egy multiplayer els\u0151 szem\u00e9ly\u0171 slasher, amelyet az epikus k\u00f6z\u00e9pkori filmes csat\u00e1k ihlettek. A j\u00e1t\u00e9kosok belevet\u00fclnek a korszak minden ikonikus pillanat\u00e1nak akci\u00f3j\u00e1ba - az \u00f6sszecsap\u00f3 kardokt\u00f3l kezdve a l\u00e1ngol\u00f3 nyilak vihar\u00e1n \u00e1t a burj\u00e1nz\u00f3 v\u00e1rak ostrom\u00e1ig \u00e9s m\u00e9g sok m\u00e1sig.  \u00c9rt\u00e9kes\u00edt\u00e9si p\u00e9nznem: EUR  Glob\u00e1lis  G\u0151z  Digit\u00e1lis kulcs","og_url":"https:\/\/prismagamers.com\/hu\/produkt\/chivalry-2-kings-edition-content\/","og_site_name":"Prismagamers.com","article_publisher":"https:\/\/www.facebook.com\/prismagamers","article_modified_time":"2026-04-20T23:56:03+00:00","og_image":[{"width":600,"height":900,"url":"https:\/\/prismagamers.com\/wp-content\/uploads\/2023\/05\/library_600x900_2x-16.jpg","type":"image\/jpeg"}],"twitter_card":"summary_large_image","twitter_misc":{"Becs\u00fclt olvas\u00e1si id\u0151":"1 perc"},"schema":{"@context":"https:\/\/schema.org","@graph":[{"@type":"WebPage","@id":"https:\/\/prismagamers.com\/hu\/produkt\/chivalry-2-kings-edition-content\/","url":"https:\/\/prismagamers.com\/hu\/produkt\/chivalry-2-kings-edition-content\/","name":"Chivalry 2 - King's Edition Content - Prismagamers.com","isPartOf":{"@id":"https:\/\/prismagamers.com\/hu\/#website"},"primaryImageOfPage":{"@id":"https:\/\/prismagamers.com\/hu\/produkt\/chivalry-2-kings-edition-content\/#primaryimage"},"image":{"@id":"https:\/\/prismagamers.com\/hu\/produkt\/chivalry-2-kings-edition-content\/#primaryimage"},"thumbnailUrl":"https:\/\/prismagamers.com\/wp-content\/uploads\/2023\/05\/library_600x900_2x-16.jpg","datePublished":"2023-05-26T11:01:19+00:00","dateModified":"2026-04-20T23:56:03+00:00","description":"T\u00e9rj vissza a v\u00e9gs\u0151 k\u00f6z\u00e9pkori csatat\u00e9rre! A Chivalry 2 egy multiplayer els\u0151 szem\u00e9ly\u0171 slasher, amelyet az epikus k\u00f6z\u00e9pkori filmes csat\u00e1k ihlettek. A j\u00e1t\u00e9kosok belevet\u00fclnek a korszak minden ikonikus pillanat\u00e1nak akci\u00f3j\u00e1ba - az \u00f6sszecsap\u00f3 kardokt\u00f3l kezdve a l\u00e1ngol\u00f3 nyilak vihar\u00e1n \u00e1t a burj\u00e1nz\u00f3 v\u00e1rak ostrom\u00e1ig \u00e9s m\u00e9g sok m\u00e1sig. \u00c9rt\u00e9kes\u00edt\u00e9si p\u00e9nznem: EUR Glob\u00e1lis G\u0151z Digit\u00e1lis kulcs","breadcrumb":{"@id":"https:\/\/prismagamers.com\/hu\/produkt\/chivalry-2-kings-edition-content\/#breadcrumb"},"inLanguage":"hu","potentialAction":[{"@type":"ReadAction","target":["https:\/\/prismagamers.com\/hu\/produkt\/chivalry-2-kings-edition-content\/"]}]},{"@type":"ImageObject","inLanguage":"hu","@id":"https:\/\/prismagamers.com\/hu\/produkt\/chivalry-2-kings-edition-content\/#primaryimage","url":"https:\/\/prismagamers.com\/wp-content\/uploads\/2023\/05\/library_600x900_2x-16.jpg","contentUrl":"https:\/\/prismagamers.com\/wp-content\/uploads\/2023\/05\/library_600x900_2x-16.jpg","width":600,"height":900},{"@type":"BreadcrumbList","@id":"https:\/\/prismagamers.com\/hu\/produkt\/chivalry-2-kings-edition-content\/#breadcrumb","itemListElement":[{"@type":"ListItem","position":1,"name":"Strona g\u0142\u00f3wna","item":"https:\/\/prismagamers.com\/hu\/prismagamers\/"},{"@type":"ListItem","position":2,"name":"Shop","item":"https:\/\/prismagamers.com\/hu\/shop\/"},{"@type":"ListItem","position":3,"name":"Chivalry 2 &#8211; King&#8217;s Edition Content"}]},{"@type":"WebSite","@id":"https:\/\/prismagamers.com\/hu\/#website","url":"https:\/\/prismagamers.com\/hu\/","name":"Prismagamers","description":"Sklep z grami PC I Sklep klucze Steam","publisher":{"@id":"https:\/\/prismagamers.com\/hu\/#organization"},"potentialAction":[{"@type":"SearchAction","target":{"@type":"EntryPoint","urlTemplate":"https:\/\/prismagamers.com\/hu\/?s={search_term_string}"},"query-input":{"@type":"PropertyValueSpecification","valueRequired":true,"valueName":"search_term_string"}}],"inLanguage":"hu"},{"@type":"Organization","@id":"https:\/\/prismagamers.com\/hu\/#organization","name":"Prismagamers","url":"https:\/\/prismagamers.com\/hu\/","logo":{"@type":"ImageObject","inLanguage":"hu","@id":"https:\/\/prismagamers.com\/hu\/#\/schema\/logo\/image\/","url":"https:\/\/prismagamers.com\/wp-content\/uploads\/2022\/04\/cropped-logo-Prismagamers-01-scaled-1.jpg","contentUrl":"https:\/\/prismagamers.com\/wp-content\/uploads\/2022\/04\/cropped-logo-Prismagamers-01-scaled-1.jpg","width":512,"height":512,"caption":"Prismagamers"},"image":{"@id":"https:\/\/prismagamers.com\/hu\/#\/schema\/logo\/image\/"},"sameAs":["https:\/\/www.facebook.com\/prismagamers","https:\/\/www.instagram.com\/prismagamers_grycyfrowe\/"],"description":"Prismagamers.com to dynamiczny sklep z grami cyfrowymi, stworzony z my\u015bl\u0105 o entuzjastach gier wideo. Nasza strona oferuje szerok\u0105 gam\u0119 gier komputerowych, w tym najnowsze tytu\u0142y, dobrze znane klasyki oraz gry stworzone przez niezale\u017cne studia Ca\u0142y czas d\u0105\u017cymy do rozszerzenia naszej oferty. Do\u0142\u0105cz do nas i sta\u0144 si\u0119 cz\u0119\u015bci\u0105 naszej rosn\u0105cej spo\u0142eczno\u015bci graczy!","email":"shop@prismagamers.com","telephone":"48795541705","legalName":"East Caravan Maksym \u017bukow","foundingDate":"2012-05-10","vatID":"PL8943038612","taxID":"PL8943038612","numberOfEmployees":{"@type":"QuantitativeValue","minValue":"11","maxValue":"50"}}]}},"_links":{"self":[{"href":"https:\/\/prismagamers.com\/hu\/wp-json\/wp\/v2\/product\/42421","targetHints":{"allow":["GET"]}}],"collection":[{"href":"https:\/\/prismagamers.com\/hu\/wp-json\/wp\/v2\/product"}],"about":[{"href":"https:\/\/prismagamers.com\/hu\/wp-json\/wp\/v2\/types\/product"}],"wp:featuredmedia":[{"embeddable":true,"href":"https:\/\/prismagamers.com\/hu\/wp-json\/wp\/v2\/media\/25379"}],"wp:attachment":[{"href":"https:\/\/prismagamers.com\/hu\/wp-json\/wp\/v2\/media?parent=42421"}],"wp:term":[{"taxonomy":"product_brand","embeddable":true,"href":"https:\/\/prismagamers.com\/hu\/wp-json\/wp\/v2\/product_brand?post=42421"},{"taxonomy":"product_cat","embeddable":true,"href":"https:\/\/prismagamers.com\/hu\/wp-json\/wp\/v2\/product_cat?post=42421"},{"taxonomy":"product_tag","embeddable":true,"href":"https:\/\/prismagamers.com\/hu\/wp-json\/wp\/v2\/product_tag?post=42421"}],"curies":[{"name":"wp","href":"https:\/\/api.w.org\/{rel}","templated":true}]}}