{"id":42422,"date":"2023-05-26T12:26:29","date_gmt":"2023-05-26T10:26:29","guid":{"rendered":"https:\/\/prismagamers.com\/produkt\/chivalry-2-special-edition-content\/"},"modified":"2026-05-09T02:18:46","modified_gmt":"2026-05-09T00:18:46","slug":"chivalry-2-special-edition-content","status":"publish","type":"product","link":"https:\/\/prismagamers.com\/hu\/produkt\/chivalry-2-special-edition-content\/","title":{"rendered":"Chivalry 2 &#8211; Special Edition Content"},"content":{"rendered":"<p>Ha most megv\u00e1s\u00e1rolod a Chivalry 2 Special Editiont, a k\u00f6vetkez\u0151 tartalmakat kapod meg:<\/p>\n<ol>\n<li>Verseny lovagi p\u00e1nc\u00e9l<\/li>\n<\/ol>\n<ul>\n<li>Vegy\u00e9l r\u00e9szt a versenyhelysz\u00edneken a tornalovagi p\u00e1nc\u00e9lzat dics\u0151s\u00e9g\u00e9ben, amely egyedi szettekben kaphat\u00f3 a Mason- \u00e9s az Agate-lovagok sz\u00e1m\u00e1ra.<\/li>\n<\/ul>\n<ol start=\"2\">\n<li>Kir\u00e1lyi sz\u00e9les kard<\/li>\n<\/ol>\n<ul>\n<li>Vedd fel a legend\u00e1s kir\u00e1lyi sz\u00e9les kardot, hogy megmutasd sz\u00f6vets\u00e9geseknek \u00e9s ellens\u00e9geknek egyar\u00e1nt, ki az igazi vezet\u0151 a csatat\u00e9ren.<\/li>\n<\/ul>\n<ol start=\"3\">\n<li>A lovas arany fejsz\u00e9je<\/li>\n<\/ol>\n<ul>\n<li>Ford\u00edtsd el a fejeket st\u00edlusosan a Gold Rider fejsz\u00e9vel, \u00e9s pr\u00f3b\u00e1ld meg nem t\u00f6nkretenni az \u00e9rdekes f\u00e9mdiz\u00e1jnt!<\/li>\n<\/ul>\n<ol start=\"4\">\n<li>R\u00f3zsasz\u00edn kieg\u00e9sz\u00edt\u0151k<\/li>\n<\/ol>\n<ul>\n<li>Fejezd ki a harc ir\u00e1nti szeretetedet a r\u00f3zsasz\u00edn kieg\u00e9sz\u00edt\u0151kkel, amelyeket a hegeszt\u00e9s ut\u00e1n a lelt\u00e1radhoz adt\u00e1l hozz\u00e1.<\/li>\n<\/ul>\n<ol start=\"5\">\n<li>1000 korona + 5000 arany<\/li>\n<\/ol>\n<ul>\n<li>Kapj 1,000 koron\u00e1t (pr\u00e9mium valuta) \u00e9s 5,000 aranyat (keresett valuta), amivel \u00faj p\u00e1nc\u00e9lokat, fegyverek kin\u00e9zet\u00e9t \u00e9s m\u00e9g sok m\u00e1st is feloldhatsz!<\/li>\n<\/ul>\n<p>&nbsp;<\/p>\n<h5>A kieg\u00e9sz\u00edt\u0151h\u00f6z a<a href=\"https:\/\/prismagamers.com\/hu\/produkt\/chivalry-2\/\"> Chivalry 2 <\/a> alapverzi\u00f3ja sz\u00fcks\u00e9ges.  <\/h5>\n","protected":false},"excerpt":{"rendered":"<p>T\u00e9rj vissza a v\u00e9gs\u0151 k\u00f6z\u00e9pkori csatat\u00e9rre! A Chivalry 2 egy t\u00f6bbj\u00e1t\u00e9kos, els\u0151 szem\u00e9ly\u0171 akci\u00f3j\u00e1t\u00e9k, amelyet az epikus filmes k\u00f6z\u00e9pkori csat\u00e1k ihlettek. A j\u00e1t\u00e9kosok belevet\u00fclnek a korszak minden ikonikus pillanat\u00e1nak akci\u00f3j\u00e1ba &#8211; az \u00f6sszecsap\u00f3 kardokt\u00f3l kezdve a l\u00e1ngol\u00f3 nyilak vihar\u00e1n \u00e1t a v\u00e1rak els\u00f6pr\u0151 ostrom\u00e1ig \u00e9s m\u00e9g sok m\u00e1sig.  <\/p>\n<p><img decoding=\"async\" class=\"emoji\" role=\"img\" src=\"https:\/\/s.w.org\/images\/core\/emoji\/14.0.0\/svg\/1f30d.svg\" alt=\"\ud83c\udf0d\">  Glob\u00e1lis<br \/>\n<img decoding=\"async\" class=\"emoji\" role=\"img\" src=\"https:\/\/s.w.org\/images\/core\/emoji\/14.0.0\/svg\/2699.svg\" alt=\"\u2699\ufe0f\">  G\u0151z<br \/>\n<img decoding=\"async\" class=\"emoji\" role=\"img\" src=\"https:\/\/s.w.org\/images\/core\/emoji\/14.0.0\/svg\/1f5dd.svg\" alt=\"\ud83d\udddd\">  Digit\u00e1lis kulcs<\/p>\n","protected":false},"featured_media":25380,"template":"","meta":{"_acf_changed":false,"site-sidebar-layout":"default","site-content-layout":"default","ast-site-content-layout":"default","site-content-style":"default","site-sidebar-style":"default","ast-global-header-display":"","ast-banner-title-visibility":"","ast-main-header-display":"","ast-hfb-above-header-display":"","ast-hfb-below-header-display":"","ast-hfb-mobile-header-display":"","site-post-title":"","ast-breadcrumbs-content":"","ast-featured-img":"","footer-sml-layout":"","ast-disable-related-posts":"","theme-transparent-header-meta":"default","adv-header-id-meta":"","stick-header-meta":"","header-above-stick-meta":"","header-main-stick-meta":"","header-below-stick-meta":"","astra-migrate-meta-layouts":"default","ast-page-background-enabled":"default","ast-page-background-meta":{"desktop":{"background-color":"var(--ast-global-color-4)","background-image":"","background-repeat":"repeat","background-position":"center center","background-size":"auto","background-attachment":"scroll","background-type":"","background-media":"","overlay-type":"","overlay-color":"","overlay-opacity":"","overlay-gradient":""},"tablet":{"background-color":"","background-image":"","background-repeat":"repeat","background-position":"center center","background-size":"auto","background-attachment":"scroll","background-type":"","background-media":"","overlay-type":"","overlay-color":"","overlay-opacity":"","overlay-gradient":""},"mobile":{"background-color":"","background-image":"","background-repeat":"repeat","background-position":"center center","background-size":"auto","background-attachment":"scroll","background-type":"","background-media":"","overlay-type":"","overlay-color":"","overlay-opacity":"","overlay-gradient":""}},"ast-content-background-meta":{"desktop":{"background-color":"var(--ast-global-color-5)","background-image":"","background-repeat":"repeat","background-position":"center center","background-size":"auto","background-attachment":"scroll","background-type":"","background-media":"","overlay-type":"","overlay-color":"","overlay-opacity":"","overlay-gradient":""},"tablet":{"background-color":"var(--ast-global-color-5)","background-image":"","background-repeat":"repeat","background-position":"center center","background-size":"auto","background-attachment":"scroll","background-type":"","background-media":"","overlay-type":"","overlay-color":"","overlay-opacity":"","overlay-gradient":""},"mobile":{"background-color":"var(--ast-global-color-5)","background-image":"","background-repeat":"repeat","background-position":"center center","background-size":"auto","background-attachment":"scroll","background-type":"","background-media":"","overlay-type":"","overlay-color":"","overlay-opacity":"","overlay-gradient":""}}},"product_brand":[],"product_cat":[394,368,365,463],"product_tag":[370],"class_list":{"0":"post-42422","1":"product","2":"type-product","3":"status-publish","4":"has-post-thumbnail","6":"product_cat-digitalis-jatekok","7":"product_cat-dlc-hu","8":"product_cat-goz","9":"product_cat-iceberg-interactive-hu","10":"product_tag-pid-tel","11":"desktop-align-left","12":"tablet-align-left","13":"mobile-align-left","15":"first","16":"instock","17":"shipping-taxable","18":"purchasable","19":"product-type-simple"},"acf":[],"yoast_head":"<!-- This site is optimized with the Yoast SEO Premium plugin v27.5 (Yoast SEO v27.5) - https:\/\/yoast.com\/product\/yoast-seo-premium-wordpress\/ -->\n<title>Chivalry 2 - Special Edition Content - Prismagamers.com<\/title>\n<meta name=\"description\" content=\"T\u00e9rj vissza a v\u00e9gs\u0151 k\u00f6z\u00e9pkori csatat\u00e9rre! A Chivalry 2 egy t\u00f6bbj\u00e1t\u00e9kos, els\u0151 szem\u00e9ly\u0171 akci\u00f3j\u00e1t\u00e9k, amelyet az epikus filmes k\u00f6z\u00e9pkori csat\u00e1k ihlettek. A j\u00e1t\u00e9kosok belevet\u00fclnek a korszak minden ikonikus pillanat\u00e1nak akci\u00f3j\u00e1ba - az \u00f6sszecsap\u00f3 kardokt\u00f3l kezdve a l\u00e1ngol\u00f3 nyilak vihar\u00e1n \u00e1t a v\u00e1rak els\u00f6pr\u0151 ostrom\u00e1ig \u00e9s m\u00e9g sok m\u00e1sig.   Glob\u00e1lis  G\u0151z  Digit\u00e1lis kulcs\" \/>\n<meta name=\"robots\" content=\"index, follow, max-snippet:-1, max-image-preview:large, max-video-preview:-1\" \/>\n<link rel=\"canonical\" href=\"https:\/\/prismagamers.com\/hu\/produkt\/chivalry-2-special-edition-content\/\" \/>\n<meta property=\"og:locale\" content=\"hu_HU\" \/>\n<meta property=\"og:type\" content=\"article\" \/>\n<meta property=\"og:title\" content=\"Chivalry 2 - Special Edition Content\" \/>\n<meta property=\"og:description\" content=\"T\u00e9rj vissza a v\u00e9gs\u0151 k\u00f6z\u00e9pkori csatat\u00e9rre! A Chivalry 2 egy t\u00f6bbj\u00e1t\u00e9kos, els\u0151 szem\u00e9ly\u0171 akci\u00f3j\u00e1t\u00e9k, amelyet az epikus filmes k\u00f6z\u00e9pkori csat\u00e1k ihlettek. A j\u00e1t\u00e9kosok belevet\u00fclnek a korszak minden ikonikus pillanat\u00e1nak akci\u00f3j\u00e1ba - az \u00f6sszecsap\u00f3 kardokt\u00f3l kezdve a l\u00e1ngol\u00f3 nyilak vihar\u00e1n \u00e1t a v\u00e1rak els\u00f6pr\u0151 ostrom\u00e1ig \u00e9s m\u00e9g sok m\u00e1sig.   Glob\u00e1lis  G\u0151z  Digit\u00e1lis kulcs\" \/>\n<meta property=\"og:url\" content=\"https:\/\/prismagamers.com\/hu\/produkt\/chivalry-2-special-edition-content\/\" \/>\n<meta property=\"og:site_name\" content=\"Prismagamers.com\" \/>\n<meta property=\"article:publisher\" content=\"https:\/\/www.facebook.com\/prismagamers\" \/>\n<meta property=\"article:modified_time\" content=\"2026-05-09T00:18:46+00:00\" \/>\n<meta property=\"og:image\" content=\"https:\/\/prismagamers.com\/wp-content\/uploads\/2023\/05\/library_600x900_2x-17.jpg\" \/>\n\t<meta property=\"og:image:width\" content=\"600\" \/>\n\t<meta property=\"og:image:height\" content=\"900\" \/>\n\t<meta property=\"og:image:type\" content=\"image\/jpeg\" \/>\n<meta name=\"twitter:card\" content=\"summary_large_image\" \/>\n<meta name=\"twitter:label1\" content=\"Becs\u00fclt olvas\u00e1si id\u0151\" \/>\n\t<meta name=\"twitter:data1\" content=\"1 perc\" \/>\n<script type=\"application\/ld+json\" class=\"yoast-schema-graph\">{\"@context\":\"https:\\\/\\\/schema.org\",\"@graph\":[{\"@type\":\"WebPage\",\"@id\":\"https:\\\/\\\/prismagamers.com\\\/hu\\\/produkt\\\/chivalry-2-special-edition-content\\\/\",\"url\":\"https:\\\/\\\/prismagamers.com\\\/hu\\\/produkt\\\/chivalry-2-special-edition-content\\\/\",\"name\":\"Chivalry 2 - Special Edition Content - Prismagamers.com\",\"isPartOf\":{\"@id\":\"https:\\\/\\\/prismagamers.com\\\/hu\\\/#website\"},\"primaryImageOfPage\":{\"@id\":\"https:\\\/\\\/prismagamers.com\\\/hu\\\/produkt\\\/chivalry-2-special-edition-content\\\/#primaryimage\"},\"image\":{\"@id\":\"https:\\\/\\\/prismagamers.com\\\/hu\\\/produkt\\\/chivalry-2-special-edition-content\\\/#primaryimage\"},\"thumbnailUrl\":\"https:\\\/\\\/prismagamers.com\\\/wp-content\\\/uploads\\\/2023\\\/05\\\/library_600x900_2x-17.jpg\",\"datePublished\":\"2023-05-26T10:26:29+00:00\",\"dateModified\":\"2026-05-09T00:18:46+00:00\",\"description\":\"T\u00e9rj vissza a v\u00e9gs\u0151 k\u00f6z\u00e9pkori csatat\u00e9rre! A Chivalry 2 egy t\u00f6bbj\u00e1t\u00e9kos, els\u0151 szem\u00e9ly\u0171 akci\u00f3j\u00e1t\u00e9k, amelyet az epikus filmes k\u00f6z\u00e9pkori csat\u00e1k ihlettek. A j\u00e1t\u00e9kosok belevet\u00fclnek a korszak minden ikonikus pillanat\u00e1nak akci\u00f3j\u00e1ba - az \u00f6sszecsap\u00f3 kardokt\u00f3l kezdve a l\u00e1ngol\u00f3 nyilak vihar\u00e1n \u00e1t a v\u00e1rak els\u00f6pr\u0151 ostrom\u00e1ig \u00e9s m\u00e9g sok m\u00e1sig. Glob\u00e1lis G\u0151z Digit\u00e1lis kulcs\",\"breadcrumb\":{\"@id\":\"https:\\\/\\\/prismagamers.com\\\/hu\\\/produkt\\\/chivalry-2-special-edition-content\\\/#breadcrumb\"},\"inLanguage\":\"hu\",\"potentialAction\":[{\"@type\":\"ReadAction\",\"target\":[\"https:\\\/\\\/prismagamers.com\\\/hu\\\/produkt\\\/chivalry-2-special-edition-content\\\/\"]}]},{\"@type\":\"ImageObject\",\"inLanguage\":\"hu\",\"@id\":\"https:\\\/\\\/prismagamers.com\\\/hu\\\/produkt\\\/chivalry-2-special-edition-content\\\/#primaryimage\",\"url\":\"https:\\\/\\\/prismagamers.com\\\/wp-content\\\/uploads\\\/2023\\\/05\\\/library_600x900_2x-17.jpg\",\"contentUrl\":\"https:\\\/\\\/prismagamers.com\\\/wp-content\\\/uploads\\\/2023\\\/05\\\/library_600x900_2x-17.jpg\",\"width\":600,\"height\":900},{\"@type\":\"BreadcrumbList\",\"@id\":\"https:\\\/\\\/prismagamers.com\\\/hu\\\/produkt\\\/chivalry-2-special-edition-content\\\/#breadcrumb\",\"itemListElement\":[{\"@type\":\"ListItem\",\"position\":1,\"name\":\"Strona g\u0142\u00f3wna\",\"item\":\"https:\\\/\\\/prismagamers.com\\\/hu\\\/prismagamers\\\/\"},{\"@type\":\"ListItem\",\"position\":2,\"name\":\"Shop\",\"item\":\"https:\\\/\\\/prismagamers.com\\\/hu\\\/shop\\\/\"},{\"@type\":\"ListItem\",\"position\":3,\"name\":\"Chivalry 2 &#8211; Special Edition Content\"}]},{\"@type\":\"WebSite\",\"@id\":\"https:\\\/\\\/prismagamers.com\\\/hu\\\/#website\",\"url\":\"https:\\\/\\\/prismagamers.com\\\/hu\\\/\",\"name\":\"Prismagamers\",\"description\":\"Sklep z grami PC I Sklep klucze Steam\",\"publisher\":{\"@id\":\"https:\\\/\\\/prismagamers.com\\\/hu\\\/#organization\"},\"potentialAction\":[{\"@type\":\"SearchAction\",\"target\":{\"@type\":\"EntryPoint\",\"urlTemplate\":\"https:\\\/\\\/prismagamers.com\\\/hu\\\/?s={search_term_string}\"},\"query-input\":{\"@type\":\"PropertyValueSpecification\",\"valueRequired\":true,\"valueName\":\"search_term_string\"}}],\"inLanguage\":\"hu\"},{\"@type\":\"Organization\",\"@id\":\"https:\\\/\\\/prismagamers.com\\\/hu\\\/#organization\",\"name\":\"Prismagamers\",\"url\":\"https:\\\/\\\/prismagamers.com\\\/hu\\\/\",\"logo\":{\"@type\":\"ImageObject\",\"inLanguage\":\"hu\",\"@id\":\"https:\\\/\\\/prismagamers.com\\\/hu\\\/#\\\/schema\\\/logo\\\/image\\\/\",\"url\":\"https:\\\/\\\/prismagamers.com\\\/wp-content\\\/uploads\\\/2022\\\/04\\\/cropped-logo-Prismagamers-01-scaled-1.jpg\",\"contentUrl\":\"https:\\\/\\\/prismagamers.com\\\/wp-content\\\/uploads\\\/2022\\\/04\\\/cropped-logo-Prismagamers-01-scaled-1.jpg\",\"width\":512,\"height\":512,\"caption\":\"Prismagamers\"},\"image\":{\"@id\":\"https:\\\/\\\/prismagamers.com\\\/hu\\\/#\\\/schema\\\/logo\\\/image\\\/\"},\"sameAs\":[\"https:\\\/\\\/www.facebook.com\\\/prismagamers\",\"https:\\\/\\\/www.instagram.com\\\/prismagamers_grycyfrowe\\\/\"],\"description\":\"Prismagamers.com to dynamiczny sklep z grami cyfrowymi, stworzony z my\u015bl\u0105 o entuzjastach gier wideo. Nasza strona oferuje szerok\u0105 gam\u0119 gier komputerowych, w tym najnowsze tytu\u0142y, dobrze znane klasyki oraz gry stworzone przez niezale\u017cne studia Ca\u0142y czas d\u0105\u017cymy do rozszerzenia naszej oferty. Do\u0142\u0105cz do nas i sta\u0144 si\u0119 cz\u0119\u015bci\u0105 naszej rosn\u0105cej spo\u0142eczno\u015bci graczy!\",\"email\":\"shop@prismagamers.com\",\"telephone\":\"48795541705\",\"legalName\":\"East Caravan Maksym \u017bukow\",\"foundingDate\":\"2012-05-10\",\"vatID\":\"PL8943038612\",\"taxID\":\"PL8943038612\",\"numberOfEmployees\":{\"@type\":\"QuantitativeValue\",\"minValue\":\"11\",\"maxValue\":\"50\"}}]}<\/script>\n<!-- \/ Yoast SEO Premium plugin. -->","yoast_head_json":{"title":"Chivalry 2 - Special Edition Content - Prismagamers.com","description":"T\u00e9rj vissza a v\u00e9gs\u0151 k\u00f6z\u00e9pkori csatat\u00e9rre! A Chivalry 2 egy t\u00f6bbj\u00e1t\u00e9kos, els\u0151 szem\u00e9ly\u0171 akci\u00f3j\u00e1t\u00e9k, amelyet az epikus filmes k\u00f6z\u00e9pkori csat\u00e1k ihlettek. A j\u00e1t\u00e9kosok belevet\u00fclnek a korszak minden ikonikus pillanat\u00e1nak akci\u00f3j\u00e1ba - az \u00f6sszecsap\u00f3 kardokt\u00f3l kezdve a l\u00e1ngol\u00f3 nyilak vihar\u00e1n \u00e1t a v\u00e1rak els\u00f6pr\u0151 ostrom\u00e1ig \u00e9s m\u00e9g sok m\u00e1sig.   Glob\u00e1lis  G\u0151z  Digit\u00e1lis kulcs","robots":{"index":"index","follow":"follow","max-snippet":"max-snippet:-1","max-image-preview":"max-image-preview:large","max-video-preview":"max-video-preview:-1"},"canonical":"https:\/\/prismagamers.com\/hu\/produkt\/chivalry-2-special-edition-content\/","og_locale":"hu_HU","og_type":"article","og_title":"Chivalry 2 - Special Edition Content","og_description":"T\u00e9rj vissza a v\u00e9gs\u0151 k\u00f6z\u00e9pkori csatat\u00e9rre! A Chivalry 2 egy t\u00f6bbj\u00e1t\u00e9kos, els\u0151 szem\u00e9ly\u0171 akci\u00f3j\u00e1t\u00e9k, amelyet az epikus filmes k\u00f6z\u00e9pkori csat\u00e1k ihlettek. A j\u00e1t\u00e9kosok belevet\u00fclnek a korszak minden ikonikus pillanat\u00e1nak akci\u00f3j\u00e1ba - az \u00f6sszecsap\u00f3 kardokt\u00f3l kezdve a l\u00e1ngol\u00f3 nyilak vihar\u00e1n \u00e1t a v\u00e1rak els\u00f6pr\u0151 ostrom\u00e1ig \u00e9s m\u00e9g sok m\u00e1sig.   Glob\u00e1lis  G\u0151z  Digit\u00e1lis kulcs","og_url":"https:\/\/prismagamers.com\/hu\/produkt\/chivalry-2-special-edition-content\/","og_site_name":"Prismagamers.com","article_publisher":"https:\/\/www.facebook.com\/prismagamers","article_modified_time":"2026-05-09T00:18:46+00:00","og_image":[{"width":600,"height":900,"url":"https:\/\/prismagamers.com\/wp-content\/uploads\/2023\/05\/library_600x900_2x-17.jpg","type":"image\/jpeg"}],"twitter_card":"summary_large_image","twitter_misc":{"Becs\u00fclt olvas\u00e1si id\u0151":"1 perc"},"schema":{"@context":"https:\/\/schema.org","@graph":[{"@type":"WebPage","@id":"https:\/\/prismagamers.com\/hu\/produkt\/chivalry-2-special-edition-content\/","url":"https:\/\/prismagamers.com\/hu\/produkt\/chivalry-2-special-edition-content\/","name":"Chivalry 2 - Special Edition Content - Prismagamers.com","isPartOf":{"@id":"https:\/\/prismagamers.com\/hu\/#website"},"primaryImageOfPage":{"@id":"https:\/\/prismagamers.com\/hu\/produkt\/chivalry-2-special-edition-content\/#primaryimage"},"image":{"@id":"https:\/\/prismagamers.com\/hu\/produkt\/chivalry-2-special-edition-content\/#primaryimage"},"thumbnailUrl":"https:\/\/prismagamers.com\/wp-content\/uploads\/2023\/05\/library_600x900_2x-17.jpg","datePublished":"2023-05-26T10:26:29+00:00","dateModified":"2026-05-09T00:18:46+00:00","description":"T\u00e9rj vissza a v\u00e9gs\u0151 k\u00f6z\u00e9pkori csatat\u00e9rre! A Chivalry 2 egy t\u00f6bbj\u00e1t\u00e9kos, els\u0151 szem\u00e9ly\u0171 akci\u00f3j\u00e1t\u00e9k, amelyet az epikus filmes k\u00f6z\u00e9pkori csat\u00e1k ihlettek. A j\u00e1t\u00e9kosok belevet\u00fclnek a korszak minden ikonikus pillanat\u00e1nak akci\u00f3j\u00e1ba - az \u00f6sszecsap\u00f3 kardokt\u00f3l kezdve a l\u00e1ngol\u00f3 nyilak vihar\u00e1n \u00e1t a v\u00e1rak els\u00f6pr\u0151 ostrom\u00e1ig \u00e9s m\u00e9g sok m\u00e1sig. Glob\u00e1lis G\u0151z Digit\u00e1lis kulcs","breadcrumb":{"@id":"https:\/\/prismagamers.com\/hu\/produkt\/chivalry-2-special-edition-content\/#breadcrumb"},"inLanguage":"hu","potentialAction":[{"@type":"ReadAction","target":["https:\/\/prismagamers.com\/hu\/produkt\/chivalry-2-special-edition-content\/"]}]},{"@type":"ImageObject","inLanguage":"hu","@id":"https:\/\/prismagamers.com\/hu\/produkt\/chivalry-2-special-edition-content\/#primaryimage","url":"https:\/\/prismagamers.com\/wp-content\/uploads\/2023\/05\/library_600x900_2x-17.jpg","contentUrl":"https:\/\/prismagamers.com\/wp-content\/uploads\/2023\/05\/library_600x900_2x-17.jpg","width":600,"height":900},{"@type":"BreadcrumbList","@id":"https:\/\/prismagamers.com\/hu\/produkt\/chivalry-2-special-edition-content\/#breadcrumb","itemListElement":[{"@type":"ListItem","position":1,"name":"Strona g\u0142\u00f3wna","item":"https:\/\/prismagamers.com\/hu\/prismagamers\/"},{"@type":"ListItem","position":2,"name":"Shop","item":"https:\/\/prismagamers.com\/hu\/shop\/"},{"@type":"ListItem","position":3,"name":"Chivalry 2 &#8211; Special Edition Content"}]},{"@type":"WebSite","@id":"https:\/\/prismagamers.com\/hu\/#website","url":"https:\/\/prismagamers.com\/hu\/","name":"Prismagamers","description":"Sklep z grami PC I Sklep klucze Steam","publisher":{"@id":"https:\/\/prismagamers.com\/hu\/#organization"},"potentialAction":[{"@type":"SearchAction","target":{"@type":"EntryPoint","urlTemplate":"https:\/\/prismagamers.com\/hu\/?s={search_term_string}"},"query-input":{"@type":"PropertyValueSpecification","valueRequired":true,"valueName":"search_term_string"}}],"inLanguage":"hu"},{"@type":"Organization","@id":"https:\/\/prismagamers.com\/hu\/#organization","name":"Prismagamers","url":"https:\/\/prismagamers.com\/hu\/","logo":{"@type":"ImageObject","inLanguage":"hu","@id":"https:\/\/prismagamers.com\/hu\/#\/schema\/logo\/image\/","url":"https:\/\/prismagamers.com\/wp-content\/uploads\/2022\/04\/cropped-logo-Prismagamers-01-scaled-1.jpg","contentUrl":"https:\/\/prismagamers.com\/wp-content\/uploads\/2022\/04\/cropped-logo-Prismagamers-01-scaled-1.jpg","width":512,"height":512,"caption":"Prismagamers"},"image":{"@id":"https:\/\/prismagamers.com\/hu\/#\/schema\/logo\/image\/"},"sameAs":["https:\/\/www.facebook.com\/prismagamers","https:\/\/www.instagram.com\/prismagamers_grycyfrowe\/"],"description":"Prismagamers.com to dynamiczny sklep z grami cyfrowymi, stworzony z my\u015bl\u0105 o entuzjastach gier wideo. Nasza strona oferuje szerok\u0105 gam\u0119 gier komputerowych, w tym najnowsze tytu\u0142y, dobrze znane klasyki oraz gry stworzone przez niezale\u017cne studia Ca\u0142y czas d\u0105\u017cymy do rozszerzenia naszej oferty. Do\u0142\u0105cz do nas i sta\u0144 si\u0119 cz\u0119\u015bci\u0105 naszej rosn\u0105cej spo\u0142eczno\u015bci graczy!","email":"shop@prismagamers.com","telephone":"48795541705","legalName":"East Caravan Maksym \u017bukow","foundingDate":"2012-05-10","vatID":"PL8943038612","taxID":"PL8943038612","numberOfEmployees":{"@type":"QuantitativeValue","minValue":"11","maxValue":"50"}}]}},"_links":{"self":[{"href":"https:\/\/prismagamers.com\/hu\/wp-json\/wp\/v2\/product\/42422","targetHints":{"allow":["GET"]}}],"collection":[{"href":"https:\/\/prismagamers.com\/hu\/wp-json\/wp\/v2\/product"}],"about":[{"href":"https:\/\/prismagamers.com\/hu\/wp-json\/wp\/v2\/types\/product"}],"wp:featuredmedia":[{"embeddable":true,"href":"https:\/\/prismagamers.com\/hu\/wp-json\/wp\/v2\/media\/25380"}],"wp:attachment":[{"href":"https:\/\/prismagamers.com\/hu\/wp-json\/wp\/v2\/media?parent=42422"}],"wp:term":[{"taxonomy":"product_brand","embeddable":true,"href":"https:\/\/prismagamers.com\/hu\/wp-json\/wp\/v2\/product_brand?post=42422"},{"taxonomy":"product_cat","embeddable":true,"href":"https:\/\/prismagamers.com\/hu\/wp-json\/wp\/v2\/product_cat?post=42422"},{"taxonomy":"product_tag","embeddable":true,"href":"https:\/\/prismagamers.com\/hu\/wp-json\/wp\/v2\/product_tag?post=42422"}],"curies":[{"name":"wp","href":"https:\/\/api.w.org\/{rel}","templated":true}]}}