{"id":42423,"date":"2023-05-26T12:11:19","date_gmt":"2023-05-26T10:11:19","guid":{"rendered":"https:\/\/prismagamers.com\/produkt\/chivalry-2\/"},"modified":"2026-04-21T01:56:09","modified_gmt":"2026-04-20T23:56:09","slug":"chivalry-2","status":"publish","type":"product","link":"https:\/\/prismagamers.com\/hu\/produkt\/chivalry-2\/","title":{"rendered":"Chivalry 2"},"content":{"rendered":"<p>Vissza a v\u00e9gs\u0151 k\u00f6z\u00e9pkori csatat\u00e9rre!<\/p>\n<p>A Chivalry 2 egy t\u00f6bbj\u00e1t\u00e9kos, els\u0151 szem\u00e9ly\u0171 akci\u00f3j\u00e1t\u00e9k, amelyet a filmekb\u0151l h\u00edress\u00e9 v\u00e1lt epikus k\u00f6z\u00e9pkori csat\u00e1k ihlettek. A j\u00e1t\u00e9kosok a korszak minden ikonikus pillanat\u00e1nak akci\u00f3j\u00e1ba belevetik magukat &#8211; az \u00f6sszecsap\u00f3 kardokt\u00f3l kezdve a l\u00e1ngol\u00f3 nyilak vihar\u00e1n \u00e1t a v\u00e1rak els\u00f6pr\u0151 ostrom\u00e1ig \u00e9s m\u00e9g sok m\u00e1sig. <\/p>\n<p>Uralkodj hatalmas csatatereken 64 j\u00e1t\u00e9kossal. Katapultok robbantj\u00e1k a f\u00f6ldet, mik\u00f6zben v\u00e1rakat ostromolsz, falvakat gy\u00fajtasz fel, \u00e9s mocskos falusiakat m\u00e9sz\u00e1rolsz le a csapatkih\u00edv\u00e1sokkal teli t\u00e9rk\u00e9pekre visszat\u00e9rve. <\/p>\n<p>A teljesen felszerelt lovas harcrendszerrel \u00fagy \u00e9rezheted magad, mintha egy ezer kil\u00f3s harci fenevad h\u00e1t\u00e1n harcoln\u00e1l, lehet\u0151v\u00e9 t\u00e9ve, hogy eltaposd az ellens\u00e9get, el\u00f6lr\u0151l vagy h\u00e1tulr\u00f3l megsemmis\u00edt\u0151 patacsap\u00e1sokat m\u00e9rj r\u00e1, l\u00e1ndzs\u00e1val l\u00f6kd le az ellens\u00e9get a lov\u00e1r\u00f3l, \u00e9s m\u00e9ly k\u00f6zelharcokat v\u00edvj a f\u00f6ld\u00f6n vagy l\u00f3h\u00e1ton l\u00e9v\u0151 ellenfelekkel.<\/p>\n<p>Emelkedj a dics\u0151s\u00e9g cs\u00facs\u00e1ra, \u00e9s b\u0151v\u00edtsd az arzen\u00e1lodat egy \u00faj aloszt\u00e1ly-rendszerrel, amely minden eddigin\u00e9l nagyobb v\u00e1ltozatoss\u00e1got k\u00edn\u00e1l. A n\u00e9gy alaposzt\u00e1ly t\u00f6bb mint 10 aloszt\u00e1lly\u00e1 \u00e9s t\u00f6bb mint 30 egyedi fegyverr\u00e9 b\u0151v\u00fcl, mindegyik t\u00f6bbf\u00e9le vizu\u00e1lis vari\u00e1ci\u00f3val. Az \u00faj t\u00e1mogat\u00f3 t\u00e1rgyak, az olajtart\u00e1lyokt\u00f3l kezdve a barik\u00e1dokon, ell\u00e1t\u00f3 l\u00e1d\u00e1kon \u00e9s \u00edj\u00e1sz t\u00fcsk\u00e9ken \u00e1t m\u00e9g t\u00f6bb taktikai lehet\u0151s\u00e9get biztos\u00edtanak a csatat\u00e9ren.  <\/p>\n<p>Indulj csat\u00e1ba bar\u00e1taiddal egy\u00fctt a Crossplay funkci\u00f3nak k\u00f6sz\u00f6nhet\u0151en minden platformon, \u00e9s szerezz dics\u0151s\u00e9get a peng\u00e9ddel!<\/p>\n","protected":false},"excerpt":{"rendered":"<p>T\u00e9rj vissza a v\u00e9gs\u0151 k\u00f6z\u00e9pkori csatat\u00e9rre. A Chivalry 2 egy els\u0151 szem\u00e9ly\u0171 perspekt\u00edv\u00e1b\u00f3l j\u00e1tsz\u00f3d\u00f3 t\u00f6bbj\u00e1t\u00e9kos harci \u00e9lm\u00e9ny, amelyet a filmekb\u0151l ismert k\u00f6z\u00e9pkori csat\u00e1k ihlettek. A j\u00e1t\u00e9kosok belevet\u00fclnek e korszak felejthetetlen l\u00e1tv\u00e1nyoss\u00e1gaiba &#8211; a kardp\u00e1rbajokt\u00f3l kezdve a hatalmas v\u00e1rak ostrom\u00e1ig.  <\/p>\n<p><img decoding=\"async\" class=\"emoji\" role=\"img\" src=\"https:\/\/s.w.org\/images\/core\/emoji\/14.0.0\/svg\/1f30d.svg\" alt=\"\ud83c\udf0d\">  Glob\u00e1lis<br \/>\n<img decoding=\"async\" class=\"emoji\" role=\"img\" src=\"https:\/\/s.w.org\/images\/core\/emoji\/14.0.0\/svg\/2699.svg\" alt=\"\u2699\ufe0f\">  G\u0151z<br \/>\n<img decoding=\"async\" class=\"emoji\" role=\"img\" src=\"https:\/\/s.w.org\/images\/core\/emoji\/14.0.0\/svg\/1f5dd.svg\" alt=\"\ud83d\udddd\">  Digit\u00e1lis kulcs<\/p>\n","protected":false},"featured_media":25379,"template":"","meta":{"_acf_changed":false,"site-sidebar-layout":"default","site-content-layout":"default","ast-site-content-layout":"default","site-content-style":"default","site-sidebar-style":"default","ast-global-header-display":"","ast-banner-title-visibility":"","ast-main-header-display":"","ast-hfb-above-header-display":"","ast-hfb-below-header-display":"","ast-hfb-mobile-header-display":"","site-post-title":"","ast-breadcrumbs-content":"","ast-featured-img":"","footer-sml-layout":"","ast-disable-related-posts":"","theme-transparent-header-meta":"default","adv-header-id-meta":"","stick-header-meta":"","header-above-stick-meta":"","header-main-stick-meta":"","header-below-stick-meta":"","astra-migrate-meta-layouts":"default","ast-page-background-enabled":"default","ast-page-background-meta":{"desktop":{"background-color":"var(--ast-global-color-4)","background-image":"","background-repeat":"repeat","background-position":"center center","background-size":"auto","background-attachment":"scroll","background-type":"","background-media":"","overlay-type":"","overlay-color":"","overlay-opacity":"","overlay-gradient":""},"tablet":{"background-color":"","background-image":"","background-repeat":"repeat","background-position":"center center","background-size":"auto","background-attachment":"scroll","background-type":"","background-media":"","overlay-type":"","overlay-color":"","overlay-opacity":"","overlay-gradient":""},"mobile":{"background-color":"","background-image":"","background-repeat":"repeat","background-position":"center center","background-size":"auto","background-attachment":"scroll","background-type":"","background-media":"","overlay-type":"","overlay-color":"","overlay-opacity":"","overlay-gradient":""}},"ast-content-background-meta":{"desktop":{"background-color":"var(--ast-global-color-5)","background-image":"","background-repeat":"repeat","background-position":"center center","background-size":"auto","background-attachment":"scroll","background-type":"","background-media":"","overlay-type":"","overlay-color":"","overlay-opacity":"","overlay-gradient":""},"tablet":{"background-color":"var(--ast-global-color-5)","background-image":"","background-repeat":"repeat","background-position":"center center","background-size":"auto","background-attachment":"scroll","background-type":"","background-media":"","overlay-type":"","overlay-color":"","overlay-opacity":"","overlay-gradient":""},"mobile":{"background-color":"var(--ast-global-color-5)","background-image":"","background-repeat":"repeat","background-position":"center center","background-size":"auto","background-attachment":"scroll","background-type":"","background-media":"","overlay-type":"","overlay-color":"","overlay-opacity":"","overlay-gradient":""}}},"product_brand":[],"product_cat":[371,394,365,463,378],"product_tag":[],"class_list":{"0":"post-42423","1":"product","2":"type-product","3":"status-publish","4":"has-post-thumbnail","6":"product_cat-akcio-jatekok","7":"product_cat-digitalis-jatekok","8":"product_cat-goz","9":"product_cat-iceberg-interactive-hu","10":"product_cat-minden-digitalis-jatek","11":"desktop-align-left","12":"tablet-align-left","13":"mobile-align-left","15":"first","16":"instock","17":"virtual","18":"purchasable","19":"product-type-simple"},"acf":[],"yoast_head":"<!-- This site is optimized with the Yoast SEO Premium plugin v27.4 (Yoast SEO v27.4) - https:\/\/yoast.com\/product\/yoast-seo-premium-wordpress\/ -->\n<title>Chivalry 2 - Prismagamers.com<\/title>\n<meta name=\"description\" content=\"T\u00e9rj vissza a v\u00e9gs\u0151 k\u00f6z\u00e9pkori csatat\u00e9rre. A Chivalry 2 egy els\u0151 szem\u00e9ly\u0171 perspekt\u00edv\u00e1b\u00f3l j\u00e1tsz\u00f3d\u00f3 t\u00f6bbj\u00e1t\u00e9kos harci \u00e9lm\u00e9ny, amelyet a filmekb\u0151l ismert k\u00f6z\u00e9pkori csat\u00e1k ihlettek. A j\u00e1t\u00e9kosok belevet\u00fclnek e korszak felejthetetlen l\u00e1tv\u00e1nyoss\u00e1gaiba - a kardp\u00e1rbajokt\u00f3l kezdve a hatalmas v\u00e1rak ostrom\u00e1ig.   Glob\u00e1lis  G\u0151z  Digit\u00e1lis kulcs\" \/>\n<meta name=\"robots\" content=\"index, follow, max-snippet:-1, max-image-preview:large, max-video-preview:-1\" \/>\n<link rel=\"canonical\" href=\"https:\/\/prismagamers.com\/hu\/produkt\/chivalry-2\/\" \/>\n<meta property=\"og:locale\" content=\"hu_HU\" \/>\n<meta property=\"og:type\" content=\"article\" \/>\n<meta property=\"og:title\" content=\"Chivalry 2\" \/>\n<meta property=\"og:description\" content=\"T\u00e9rj vissza a v\u00e9gs\u0151 k\u00f6z\u00e9pkori csatat\u00e9rre. A Chivalry 2 egy els\u0151 szem\u00e9ly\u0171 perspekt\u00edv\u00e1b\u00f3l j\u00e1tsz\u00f3d\u00f3 t\u00f6bbj\u00e1t\u00e9kos harci \u00e9lm\u00e9ny, amelyet a filmekb\u0151l ismert k\u00f6z\u00e9pkori csat\u00e1k ihlettek. A j\u00e1t\u00e9kosok belevet\u00fclnek e korszak felejthetetlen l\u00e1tv\u00e1nyoss\u00e1gaiba - a kardp\u00e1rbajokt\u00f3l kezdve a hatalmas v\u00e1rak ostrom\u00e1ig.   Glob\u00e1lis  G\u0151z  Digit\u00e1lis kulcs\" \/>\n<meta property=\"og:url\" content=\"https:\/\/prismagamers.com\/hu\/produkt\/chivalry-2\/\" \/>\n<meta property=\"og:site_name\" content=\"Prismagamers.com\" \/>\n<meta property=\"article:publisher\" content=\"https:\/\/www.facebook.com\/prismagamers\" \/>\n<meta property=\"article:modified_time\" content=\"2026-04-20T23:56:09+00:00\" \/>\n<meta property=\"og:image\" content=\"https:\/\/prismagamers.com\/wp-content\/uploads\/2023\/05\/library_600x900_2x-16.jpg\" \/>\n\t<meta property=\"og:image:width\" content=\"600\" \/>\n\t<meta property=\"og:image:height\" content=\"900\" \/>\n\t<meta property=\"og:image:type\" content=\"image\/jpeg\" \/>\n<meta name=\"twitter:card\" content=\"summary_large_image\" \/>\n<meta name=\"twitter:label1\" content=\"Becs\u00fclt olvas\u00e1si id\u0151\" \/>\n\t<meta name=\"twitter:data1\" content=\"2 perc\" \/>\n<script type=\"application\/ld+json\" class=\"yoast-schema-graph\">{\"@context\":\"https:\\\/\\\/schema.org\",\"@graph\":[{\"@type\":\"WebPage\",\"@id\":\"https:\\\/\\\/prismagamers.com\\\/hu\\\/produkt\\\/chivalry-2\\\/\",\"url\":\"https:\\\/\\\/prismagamers.com\\\/hu\\\/produkt\\\/chivalry-2\\\/\",\"name\":\"Chivalry 2 - Prismagamers.com\",\"isPartOf\":{\"@id\":\"https:\\\/\\\/prismagamers.com\\\/hu\\\/#website\"},\"primaryImageOfPage\":{\"@id\":\"https:\\\/\\\/prismagamers.com\\\/hu\\\/produkt\\\/chivalry-2\\\/#primaryimage\"},\"image\":{\"@id\":\"https:\\\/\\\/prismagamers.com\\\/hu\\\/produkt\\\/chivalry-2\\\/#primaryimage\"},\"thumbnailUrl\":\"https:\\\/\\\/prismagamers.com\\\/wp-content\\\/uploads\\\/2023\\\/05\\\/library_600x900_2x-16.jpg\",\"datePublished\":\"2023-05-26T10:11:19+00:00\",\"dateModified\":\"2026-04-20T23:56:09+00:00\",\"description\":\"T\u00e9rj vissza a v\u00e9gs\u0151 k\u00f6z\u00e9pkori csatat\u00e9rre. A Chivalry 2 egy els\u0151 szem\u00e9ly\u0171 perspekt\u00edv\u00e1b\u00f3l j\u00e1tsz\u00f3d\u00f3 t\u00f6bbj\u00e1t\u00e9kos harci \u00e9lm\u00e9ny, amelyet a filmekb\u0151l ismert k\u00f6z\u00e9pkori csat\u00e1k ihlettek. A j\u00e1t\u00e9kosok belevet\u00fclnek e korszak felejthetetlen l\u00e1tv\u00e1nyoss\u00e1gaiba - a kardp\u00e1rbajokt\u00f3l kezdve a hatalmas v\u00e1rak ostrom\u00e1ig. Glob\u00e1lis G\u0151z Digit\u00e1lis kulcs\",\"breadcrumb\":{\"@id\":\"https:\\\/\\\/prismagamers.com\\\/hu\\\/produkt\\\/chivalry-2\\\/#breadcrumb\"},\"inLanguage\":\"hu\",\"potentialAction\":[{\"@type\":\"ReadAction\",\"target\":[\"https:\\\/\\\/prismagamers.com\\\/hu\\\/produkt\\\/chivalry-2\\\/\"]}]},{\"@type\":\"ImageObject\",\"inLanguage\":\"hu\",\"@id\":\"https:\\\/\\\/prismagamers.com\\\/hu\\\/produkt\\\/chivalry-2\\\/#primaryimage\",\"url\":\"https:\\\/\\\/prismagamers.com\\\/wp-content\\\/uploads\\\/2023\\\/05\\\/library_600x900_2x-16.jpg\",\"contentUrl\":\"https:\\\/\\\/prismagamers.com\\\/wp-content\\\/uploads\\\/2023\\\/05\\\/library_600x900_2x-16.jpg\",\"width\":600,\"height\":900},{\"@type\":\"BreadcrumbList\",\"@id\":\"https:\\\/\\\/prismagamers.com\\\/hu\\\/produkt\\\/chivalry-2\\\/#breadcrumb\",\"itemListElement\":[{\"@type\":\"ListItem\",\"position\":1,\"name\":\"Strona g\u0142\u00f3wna\",\"item\":\"https:\\\/\\\/prismagamers.com\\\/hu\\\/prismagamers\\\/\"},{\"@type\":\"ListItem\",\"position\":2,\"name\":\"Shop\",\"item\":\"https:\\\/\\\/prismagamers.com\\\/hu\\\/shop\\\/\"},{\"@type\":\"ListItem\",\"position\":3,\"name\":\"Chivalry 2\"}]},{\"@type\":\"WebSite\",\"@id\":\"https:\\\/\\\/prismagamers.com\\\/hu\\\/#website\",\"url\":\"https:\\\/\\\/prismagamers.com\\\/hu\\\/\",\"name\":\"Prismagamers\",\"description\":\"Sklep z grami PC I Sklep klucze Steam\",\"publisher\":{\"@id\":\"https:\\\/\\\/prismagamers.com\\\/hu\\\/#organization\"},\"potentialAction\":[{\"@type\":\"SearchAction\",\"target\":{\"@type\":\"EntryPoint\",\"urlTemplate\":\"https:\\\/\\\/prismagamers.com\\\/hu\\\/?s={search_term_string}\"},\"query-input\":{\"@type\":\"PropertyValueSpecification\",\"valueRequired\":true,\"valueName\":\"search_term_string\"}}],\"inLanguage\":\"hu\"},{\"@type\":\"Organization\",\"@id\":\"https:\\\/\\\/prismagamers.com\\\/hu\\\/#organization\",\"name\":\"Prismagamers\",\"url\":\"https:\\\/\\\/prismagamers.com\\\/hu\\\/\",\"logo\":{\"@type\":\"ImageObject\",\"inLanguage\":\"hu\",\"@id\":\"https:\\\/\\\/prismagamers.com\\\/hu\\\/#\\\/schema\\\/logo\\\/image\\\/\",\"url\":\"https:\\\/\\\/prismagamers.com\\\/wp-content\\\/uploads\\\/2022\\\/04\\\/cropped-logo-Prismagamers-01-scaled-1.jpg\",\"contentUrl\":\"https:\\\/\\\/prismagamers.com\\\/wp-content\\\/uploads\\\/2022\\\/04\\\/cropped-logo-Prismagamers-01-scaled-1.jpg\",\"width\":512,\"height\":512,\"caption\":\"Prismagamers\"},\"image\":{\"@id\":\"https:\\\/\\\/prismagamers.com\\\/hu\\\/#\\\/schema\\\/logo\\\/image\\\/\"},\"sameAs\":[\"https:\\\/\\\/www.facebook.com\\\/prismagamers\",\"https:\\\/\\\/www.instagram.com\\\/prismagamers_grycyfrowe\\\/\"],\"description\":\"Prismagamers.com to dynamiczny sklep z grami cyfrowymi, stworzony z my\u015bl\u0105 o entuzjastach gier wideo. Nasza strona oferuje szerok\u0105 gam\u0119 gier komputerowych, w tym najnowsze tytu\u0142y, dobrze znane klasyki oraz gry stworzone przez niezale\u017cne studia Ca\u0142y czas d\u0105\u017cymy do rozszerzenia naszej oferty. Do\u0142\u0105cz do nas i sta\u0144 si\u0119 cz\u0119\u015bci\u0105 naszej rosn\u0105cej spo\u0142eczno\u015bci graczy!\",\"email\":\"shop@prismagamers.com\",\"telephone\":\"48795541705\",\"legalName\":\"East Caravan Maksym \u017bukow\",\"foundingDate\":\"2012-05-10\",\"vatID\":\"PL8943038612\",\"taxID\":\"PL8943038612\",\"numberOfEmployees\":{\"@type\":\"QuantitativeValue\",\"minValue\":\"11\",\"maxValue\":\"50\"}}]}<\/script>\n<!-- \/ Yoast SEO Premium plugin. -->","yoast_head_json":{"title":"Chivalry 2 - Prismagamers.com","description":"T\u00e9rj vissza a v\u00e9gs\u0151 k\u00f6z\u00e9pkori csatat\u00e9rre. A Chivalry 2 egy els\u0151 szem\u00e9ly\u0171 perspekt\u00edv\u00e1b\u00f3l j\u00e1tsz\u00f3d\u00f3 t\u00f6bbj\u00e1t\u00e9kos harci \u00e9lm\u00e9ny, amelyet a filmekb\u0151l ismert k\u00f6z\u00e9pkori csat\u00e1k ihlettek. A j\u00e1t\u00e9kosok belevet\u00fclnek e korszak felejthetetlen l\u00e1tv\u00e1nyoss\u00e1gaiba - a kardp\u00e1rbajokt\u00f3l kezdve a hatalmas v\u00e1rak ostrom\u00e1ig.   Glob\u00e1lis  G\u0151z  Digit\u00e1lis kulcs","robots":{"index":"index","follow":"follow","max-snippet":"max-snippet:-1","max-image-preview":"max-image-preview:large","max-video-preview":"max-video-preview:-1"},"canonical":"https:\/\/prismagamers.com\/hu\/produkt\/chivalry-2\/","og_locale":"hu_HU","og_type":"article","og_title":"Chivalry 2","og_description":"T\u00e9rj vissza a v\u00e9gs\u0151 k\u00f6z\u00e9pkori csatat\u00e9rre. A Chivalry 2 egy els\u0151 szem\u00e9ly\u0171 perspekt\u00edv\u00e1b\u00f3l j\u00e1tsz\u00f3d\u00f3 t\u00f6bbj\u00e1t\u00e9kos harci \u00e9lm\u00e9ny, amelyet a filmekb\u0151l ismert k\u00f6z\u00e9pkori csat\u00e1k ihlettek. A j\u00e1t\u00e9kosok belevet\u00fclnek e korszak felejthetetlen l\u00e1tv\u00e1nyoss\u00e1gaiba - a kardp\u00e1rbajokt\u00f3l kezdve a hatalmas v\u00e1rak ostrom\u00e1ig.   Glob\u00e1lis  G\u0151z  Digit\u00e1lis kulcs","og_url":"https:\/\/prismagamers.com\/hu\/produkt\/chivalry-2\/","og_site_name":"Prismagamers.com","article_publisher":"https:\/\/www.facebook.com\/prismagamers","article_modified_time":"2026-04-20T23:56:09+00:00","og_image":[{"width":600,"height":900,"url":"https:\/\/prismagamers.com\/wp-content\/uploads\/2023\/05\/library_600x900_2x-16.jpg","type":"image\/jpeg"}],"twitter_card":"summary_large_image","twitter_misc":{"Becs\u00fclt olvas\u00e1si id\u0151":"2 perc"},"schema":{"@context":"https:\/\/schema.org","@graph":[{"@type":"WebPage","@id":"https:\/\/prismagamers.com\/hu\/produkt\/chivalry-2\/","url":"https:\/\/prismagamers.com\/hu\/produkt\/chivalry-2\/","name":"Chivalry 2 - Prismagamers.com","isPartOf":{"@id":"https:\/\/prismagamers.com\/hu\/#website"},"primaryImageOfPage":{"@id":"https:\/\/prismagamers.com\/hu\/produkt\/chivalry-2\/#primaryimage"},"image":{"@id":"https:\/\/prismagamers.com\/hu\/produkt\/chivalry-2\/#primaryimage"},"thumbnailUrl":"https:\/\/prismagamers.com\/wp-content\/uploads\/2023\/05\/library_600x900_2x-16.jpg","datePublished":"2023-05-26T10:11:19+00:00","dateModified":"2026-04-20T23:56:09+00:00","description":"T\u00e9rj vissza a v\u00e9gs\u0151 k\u00f6z\u00e9pkori csatat\u00e9rre. A Chivalry 2 egy els\u0151 szem\u00e9ly\u0171 perspekt\u00edv\u00e1b\u00f3l j\u00e1tsz\u00f3d\u00f3 t\u00f6bbj\u00e1t\u00e9kos harci \u00e9lm\u00e9ny, amelyet a filmekb\u0151l ismert k\u00f6z\u00e9pkori csat\u00e1k ihlettek. A j\u00e1t\u00e9kosok belevet\u00fclnek e korszak felejthetetlen l\u00e1tv\u00e1nyoss\u00e1gaiba - a kardp\u00e1rbajokt\u00f3l kezdve a hatalmas v\u00e1rak ostrom\u00e1ig. Glob\u00e1lis G\u0151z Digit\u00e1lis kulcs","breadcrumb":{"@id":"https:\/\/prismagamers.com\/hu\/produkt\/chivalry-2\/#breadcrumb"},"inLanguage":"hu","potentialAction":[{"@type":"ReadAction","target":["https:\/\/prismagamers.com\/hu\/produkt\/chivalry-2\/"]}]},{"@type":"ImageObject","inLanguage":"hu","@id":"https:\/\/prismagamers.com\/hu\/produkt\/chivalry-2\/#primaryimage","url":"https:\/\/prismagamers.com\/wp-content\/uploads\/2023\/05\/library_600x900_2x-16.jpg","contentUrl":"https:\/\/prismagamers.com\/wp-content\/uploads\/2023\/05\/library_600x900_2x-16.jpg","width":600,"height":900},{"@type":"BreadcrumbList","@id":"https:\/\/prismagamers.com\/hu\/produkt\/chivalry-2\/#breadcrumb","itemListElement":[{"@type":"ListItem","position":1,"name":"Strona g\u0142\u00f3wna","item":"https:\/\/prismagamers.com\/hu\/prismagamers\/"},{"@type":"ListItem","position":2,"name":"Shop","item":"https:\/\/prismagamers.com\/hu\/shop\/"},{"@type":"ListItem","position":3,"name":"Chivalry 2"}]},{"@type":"WebSite","@id":"https:\/\/prismagamers.com\/hu\/#website","url":"https:\/\/prismagamers.com\/hu\/","name":"Prismagamers","description":"Sklep z grami PC I Sklep klucze Steam","publisher":{"@id":"https:\/\/prismagamers.com\/hu\/#organization"},"potentialAction":[{"@type":"SearchAction","target":{"@type":"EntryPoint","urlTemplate":"https:\/\/prismagamers.com\/hu\/?s={search_term_string}"},"query-input":{"@type":"PropertyValueSpecification","valueRequired":true,"valueName":"search_term_string"}}],"inLanguage":"hu"},{"@type":"Organization","@id":"https:\/\/prismagamers.com\/hu\/#organization","name":"Prismagamers","url":"https:\/\/prismagamers.com\/hu\/","logo":{"@type":"ImageObject","inLanguage":"hu","@id":"https:\/\/prismagamers.com\/hu\/#\/schema\/logo\/image\/","url":"https:\/\/prismagamers.com\/wp-content\/uploads\/2022\/04\/cropped-logo-Prismagamers-01-scaled-1.jpg","contentUrl":"https:\/\/prismagamers.com\/wp-content\/uploads\/2022\/04\/cropped-logo-Prismagamers-01-scaled-1.jpg","width":512,"height":512,"caption":"Prismagamers"},"image":{"@id":"https:\/\/prismagamers.com\/hu\/#\/schema\/logo\/image\/"},"sameAs":["https:\/\/www.facebook.com\/prismagamers","https:\/\/www.instagram.com\/prismagamers_grycyfrowe\/"],"description":"Prismagamers.com to dynamiczny sklep z grami cyfrowymi, stworzony z my\u015bl\u0105 o entuzjastach gier wideo. Nasza strona oferuje szerok\u0105 gam\u0119 gier komputerowych, w tym najnowsze tytu\u0142y, dobrze znane klasyki oraz gry stworzone przez niezale\u017cne studia Ca\u0142y czas d\u0105\u017cymy do rozszerzenia naszej oferty. Do\u0142\u0105cz do nas i sta\u0144 si\u0119 cz\u0119\u015bci\u0105 naszej rosn\u0105cej spo\u0142eczno\u015bci graczy!","email":"shop@prismagamers.com","telephone":"48795541705","legalName":"East Caravan Maksym \u017bukow","foundingDate":"2012-05-10","vatID":"PL8943038612","taxID":"PL8943038612","numberOfEmployees":{"@type":"QuantitativeValue","minValue":"11","maxValue":"50"}}]}},"_links":{"self":[{"href":"https:\/\/prismagamers.com\/hu\/wp-json\/wp\/v2\/product\/42423","targetHints":{"allow":["GET"]}}],"collection":[{"href":"https:\/\/prismagamers.com\/hu\/wp-json\/wp\/v2\/product"}],"about":[{"href":"https:\/\/prismagamers.com\/hu\/wp-json\/wp\/v2\/types\/product"}],"wp:featuredmedia":[{"embeddable":true,"href":"https:\/\/prismagamers.com\/hu\/wp-json\/wp\/v2\/media\/25379"}],"wp:attachment":[{"href":"https:\/\/prismagamers.com\/hu\/wp-json\/wp\/v2\/media?parent=42423"}],"wp:term":[{"taxonomy":"product_brand","embeddable":true,"href":"https:\/\/prismagamers.com\/hu\/wp-json\/wp\/v2\/product_brand?post=42423"},{"taxonomy":"product_cat","embeddable":true,"href":"https:\/\/prismagamers.com\/hu\/wp-json\/wp\/v2\/product_cat?post=42423"},{"taxonomy":"product_tag","embeddable":true,"href":"https:\/\/prismagamers.com\/hu\/wp-json\/wp\/v2\/product_tag?post=42423"}],"curies":[{"name":"wp","href":"https:\/\/api.w.org\/{rel}","templated":true}]}}