{"id":42425,"date":"2023-05-26T11:23:37","date_gmt":"2023-05-26T09:23:37","guid":{"rendered":"https:\/\/prismagamers.com\/produkt\/deceive-inc\/"},"modified":"2026-04-20T01:54:50","modified_gmt":"2026-04-19T23:54:50","slug":"deceive-inc","status":"publish","type":"product","link":"https:\/\/prismagamers.com\/hu\/produkt\/deceive-inc\/","title":{"rendered":"Deceive Inc."},"content":{"rendered":"<p>\u00dcdv\u00f6z\u00f6lj\u00fck a <strong>DECEIVE INC.<\/strong><\/p>\n<p>Sz\u00e1llj be a titkos akci\u00f3ba, j\u00e1tszd a k\u00e9mked\u00e9s \u00e1szait \u00e9s mestereit ebben a t\u00f6bbj\u00e1t\u00e9kos j\u00e1t\u00e9kban, amely tele van tr\u00fckk\u00f6kkel \u00e9s tr\u00fckk\u00f6kkel a tarsolyodban. \u00c1lc\u00e1zd magad b\u00e1rmilyen civilnek, hogy elvegy\u00fclj a t\u00f6megben. Haszn\u00e1ld a legmodernebb k\u00fcty\u00fcket, hogy f\u00f6l\u00e9nybe ker\u00fclj. Szerezd meg a csomagot minden\u00e1ron a konkurencia el\u0151tt! Am\u00edg a <strong>DECEIVE INC-nek<\/strong> dolgozol, egyetlen tr\u00fckk sem lehet t\u00fal mocskos.    <\/p>\n<p>A j\u00e1t\u00e9k jellemz\u0151i:<\/p>\n<p>Ismerd meg az \u00e9lm\u00e9nyt &#8211; v\u00e1laszd ki a j\u00e1t\u00e9kst\u00edlusodat a v\u00e1ltozatos f\u00e9rfi \u00e9s n\u0151i \u00fcgyn\u00f6k\u00f6k k\u00f6z\u00fcl, akik saj\u00e1t k\u00fcl\u00f6nleges fegyvereiket \u00e9s k\u00e9pess\u00e9geiket haszn\u00e1lj\u00e1k. A h\u00edrhedt tolvajokt\u00f3l az ambici\u00f3zus j\u00f6v\u0151beli szuperk\u00e9mekig, a <strong>DECEIVE INC.<\/strong> b\u00fcszke arra, hogy egyenl\u0151 szem\u00e9lyzeti politik\u00e1t folytat. <\/p>\n<p>FELSZERELHET\u0150 &#8211; hozzon l\u00e9tre egy \u00f6lt\u00f6z\u00e9ket a rendk\u00edv\u00fcl sokoldal\u00faan felhaszn\u00e1lhat\u00f3 eszk\u00f6z\u00f6k sokas\u00e1g\u00e1b\u00f3l v\u00e1lasztva. Sz\u00fcks\u00e9ged van egy felf\u00fajhat\u00f3 sz\u0151nyegre, egy holomimic ll-re vagy egy goly\u00f3\u00e1ll\u00f3 eserny\u0151re? K+F r\u00e9szleg\u00fcnk minden \u00e1lmodat val\u00f3ra v\u00e1ltja.  <\/p>\n<p>CHAMPION LEVEL CAMUFLAGE &#8211; haszn\u00e1ld a megb\u00edzhat\u00f3 holo-\u00f3r\u00e1t, hogy elker\u00fcld a felder\u00edt\u00e9st, \u00e9s a sz\u00e1mos NPC egyik\u00e9nek \u00e1lc\u00e1zva magad bejuss a korl\u00e1tozott ter\u00fcletekre. Haszn\u00e1lhatsz egy holomimik\u00e1t is, hogy teljesen elvegy\u00fclj a k\u00f6rnyezetedben, \u00e9s olyan t\u00e1rgyak alakj\u00e1t vedd fel, mint a v\u00e9c\u00e9k, sz\u00e9kek, n\u00f6v\u00e9nyek \u00e9s m\u00e9g sok m\u00e1s! <\/p>\n<p>EXOTIKUS HELYEK L\u00c1T\u00c1SA &#8211; a <strong>DECEIVE INC.-nek<\/strong> dolgozva a vil\u00e1g minden t\u00e1j\u00e1ra eljuthat. A t\u00e9rk\u00e9pek tele vannak \u00e9rdekes NPC-kkel \u00e9s felfedez\u00e9sre v\u00e1r\u00f3 titkokkal, \u00e9s m\u00e1r a j\u00e1t\u00e9k kezdet\u00e9t\u0151l fogva \u00e9letre kelnek. <\/p>\n<p>V\u00c1LASSZON J\u00c1T\u00c9KM\u00d3DOT &#8211; csatlakozzon m\u00e1sokhoz, hogy egy\u00fctt teljes\u00edts\u00e9k a t\u00f6k\u00e9letes k\u00fcldet\u00e9st a csapat m\u00f3dban, vagy z\u00fazz\u00e1k sz\u00e9t a versenyt egyed\u00fcl a sz\u00f3l\u00f3 m\u00f3dban.<\/p>\n<p>&nbsp;<\/p>\n","protected":false},"excerpt":{"rendered":"<p>Sz\u00e1llj be a titkos akci\u00f3ba, j\u00e1tszd a k\u00e9mked\u00e9s \u00e1szait \u00e9s mestereit ebben a t\u00f6bbj\u00e1t\u00e9kos j\u00e1t\u00e9kban, amely tele van tr\u00fckk\u00f6kkel \u00e9s tr\u00fckk\u00f6kkel a tarsolyodban. Am\u00edg a DECEIVE INC-nek dolgozol, nincs t\u00fal mocskos tr\u00fckk.<\/p>\n<p><img decoding=\"async\" class=\"emoji\" role=\"img\" src=\"https:\/\/s.w.org\/images\/core\/emoji\/14.0.0\/svg\/1f30d.svg\" alt=\"\ud83c\udf0d\"> Global<br \/>\n<img decoding=\"async\" class=\"emoji\" role=\"img\" src=\"https:\/\/s.w.org\/images\/core\/emoji\/14.0.0\/svg\/2699.svg\" alt=\"\u2699\ufe0f\"> Steam<br \/>\n<img decoding=\"async\" class=\"emoji\" role=\"img\" src=\"https:\/\/s.w.org\/images\/core\/emoji\/14.0.0\/svg\/1f5dd.svg\" alt=\"\ud83d\udddd\"> Digit\u00e1lis kulcs<\/p>\n","protected":false},"featured_media":31981,"template":"","meta":{"_acf_changed":false,"site-sidebar-layout":"default","site-content-layout":"default","ast-site-content-layout":"default","site-content-style":"default","site-sidebar-style":"default","ast-global-header-display":"","ast-banner-title-visibility":"","ast-main-header-display":"","ast-hfb-above-header-display":"","ast-hfb-below-header-display":"","ast-hfb-mobile-header-display":"","site-post-title":"","ast-breadcrumbs-content":"","ast-featured-img":"","footer-sml-layout":"","ast-disable-related-posts":"","theme-transparent-header-meta":"default","adv-header-id-meta":"","stick-header-meta":"","header-above-stick-meta":"","header-main-stick-meta":"","header-below-stick-meta":"","astra-migrate-meta-layouts":"default","ast-page-background-enabled":"default","ast-page-background-meta":{"desktop":{"background-color":"var(--ast-global-color-4)","background-image":"","background-repeat":"repeat","background-position":"center center","background-size":"auto","background-attachment":"scroll","background-type":"","background-media":"","overlay-type":"","overlay-color":"","overlay-opacity":"","overlay-gradient":""},"tablet":{"background-color":"","background-image":"","background-repeat":"repeat","background-position":"center center","background-size":"auto","background-attachment":"scroll","background-type":"","background-media":"","overlay-type":"","overlay-color":"","overlay-opacity":"","overlay-gradient":""},"mobile":{"background-color":"","background-image":"","background-repeat":"repeat","background-position":"center center","background-size":"auto","background-attachment":"scroll","background-type":"","background-media":"","overlay-type":"","overlay-color":"","overlay-opacity":"","overlay-gradient":""}},"ast-content-background-meta":{"desktop":{"background-color":"var(--ast-global-color-5)","background-image":"","background-repeat":"repeat","background-position":"center center","background-size":"auto","background-attachment":"scroll","background-type":"","background-media":"","overlay-type":"","overlay-color":"","overlay-opacity":"","overlay-gradient":""},"tablet":{"background-color":"var(--ast-global-color-5)","background-image":"","background-repeat":"repeat","background-position":"center center","background-size":"auto","background-attachment":"scroll","background-type":"","background-media":"","overlay-type":"","overlay-color":"","overlay-opacity":"","overlay-gradient":""},"mobile":{"background-color":"var(--ast-global-color-5)","background-image":"","background-repeat":"repeat","background-position":"center center","background-size":"auto","background-attachment":"scroll","background-type":"","background-media":"","overlay-type":"","overlay-color":"","overlay-opacity":"","overlay-gradient":""}}},"product_brand":[],"product_cat":[371,394,463,396,378,386],"product_tag":[],"class_list":{"0":"post-42425","1":"product","2":"type-product","3":"status-publish","4":"has-post-thumbnail","6":"product_cat-akcio-jatekok","7":"product_cat-digitalis-jatekok","8":"product_cat-iceberg-interactive-hu","9":"product_cat-lovoldozos-jatekok-a-steamen","10":"product_cat-minden-digitalis-jatek","11":"product_cat-strategiai-jatekok","12":"desktop-align-left","13":"tablet-align-left","14":"mobile-align-left","16":"first","17":"instock","18":"virtual","19":"purchasable","20":"product-type-simple"},"acf":[],"yoast_head":"<!-- This site is optimized with the Yoast SEO Premium plugin v27.4 (Yoast SEO v27.4) - https:\/\/yoast.com\/product\/yoast-seo-premium-wordpress\/ -->\n<title>Deceive Inc. - Prismagamers.com<\/title>\n<meta name=\"description\" content=\"Sz\u00e1llj be a titkos akci\u00f3ba, j\u00e1tszd a k\u00e9mked\u00e9s \u00e1szait \u00e9s mestereit ebben a t\u00f6bbj\u00e1t\u00e9kos j\u00e1t\u00e9kban, amely tele van tr\u00fckk\u00f6kkel \u00e9s tr\u00fckk\u00f6kkel a tarsolyodban. Am\u00edg a DECEIVE INC-nek dolgozol, nincs t\u00fal mocskos tr\u00fckk.   Global Steam Digit\u00e1lis kulcs\" \/>\n<meta name=\"robots\" content=\"index, follow, max-snippet:-1, max-image-preview:large, max-video-preview:-1\" \/>\n<link rel=\"canonical\" href=\"https:\/\/prismagamers.com\/hu\/produkt\/deceive-inc\/\" \/>\n<meta property=\"og:locale\" content=\"hu_HU\" \/>\n<meta property=\"og:type\" content=\"article\" \/>\n<meta property=\"og:title\" content=\"Deceive Inc.\" \/>\n<meta property=\"og:description\" content=\"Sz\u00e1llj be a titkos akci\u00f3ba, j\u00e1tszd a k\u00e9mked\u00e9s \u00e1szait \u00e9s mestereit ebben a t\u00f6bbj\u00e1t\u00e9kos j\u00e1t\u00e9kban, amely tele van tr\u00fckk\u00f6kkel \u00e9s tr\u00fckk\u00f6kkel a tarsolyodban. Am\u00edg a DECEIVE INC-nek dolgozol, nincs t\u00fal mocskos tr\u00fckk.   Global Steam Digit\u00e1lis kulcs\" \/>\n<meta property=\"og:url\" content=\"https:\/\/prismagamers.com\/hu\/produkt\/deceive-inc\/\" \/>\n<meta property=\"og:site_name\" content=\"Prismagamers.com\" \/>\n<meta property=\"article:publisher\" content=\"https:\/\/www.facebook.com\/prismagamers\" \/>\n<meta property=\"article:modified_time\" content=\"2026-04-19T23:54:50+00:00\" \/>\n<meta property=\"og:image\" content=\"https:\/\/prismagamers.com\/wp-content\/uploads\/2023\/05\/Deceive-Inc.-Black-Tie-Edition-e1718902013915.png\" \/>\n\t<meta property=\"og:image:width\" content=\"316\" \/>\n\t<meta property=\"og:image:height\" content=\"450\" \/>\n\t<meta property=\"og:image:type\" content=\"image\/png\" \/>\n<meta name=\"twitter:card\" content=\"summary_large_image\" \/>\n<meta name=\"twitter:label1\" content=\"Becs\u00fclt olvas\u00e1si id\u0151\" \/>\n\t<meta name=\"twitter:data1\" content=\"2 perc\" \/>\n<script type=\"application\/ld+json\" class=\"yoast-schema-graph\">{\"@context\":\"https:\\\/\\\/schema.org\",\"@graph\":[{\"@type\":\"WebPage\",\"@id\":\"https:\\\/\\\/prismagamers.com\\\/hu\\\/produkt\\\/deceive-inc\\\/\",\"url\":\"https:\\\/\\\/prismagamers.com\\\/hu\\\/produkt\\\/deceive-inc\\\/\",\"name\":\"Deceive Inc. - Prismagamers.com\",\"isPartOf\":{\"@id\":\"https:\\\/\\\/prismagamers.com\\\/hu\\\/#website\"},\"primaryImageOfPage\":{\"@id\":\"https:\\\/\\\/prismagamers.com\\\/hu\\\/produkt\\\/deceive-inc\\\/#primaryimage\"},\"image\":{\"@id\":\"https:\\\/\\\/prismagamers.com\\\/hu\\\/produkt\\\/deceive-inc\\\/#primaryimage\"},\"thumbnailUrl\":\"https:\\\/\\\/prismagamers.com\\\/wp-content\\\/uploads\\\/2023\\\/05\\\/Deceive-Inc.-Black-Tie-Edition-e1718902013915.png\",\"datePublished\":\"2023-05-26T09:23:37+00:00\",\"dateModified\":\"2026-04-19T23:54:50+00:00\",\"description\":\"Sz\u00e1llj be a titkos akci\u00f3ba, j\u00e1tszd a k\u00e9mked\u00e9s \u00e1szait \u00e9s mestereit ebben a t\u00f6bbj\u00e1t\u00e9kos j\u00e1t\u00e9kban, amely tele van tr\u00fckk\u00f6kkel \u00e9s tr\u00fckk\u00f6kkel a tarsolyodban. Am\u00edg a DECEIVE INC-nek dolgozol, nincs t\u00fal mocskos tr\u00fckk. Global Steam Digit\u00e1lis kulcs\",\"breadcrumb\":{\"@id\":\"https:\\\/\\\/prismagamers.com\\\/hu\\\/produkt\\\/deceive-inc\\\/#breadcrumb\"},\"inLanguage\":\"hu\",\"potentialAction\":[{\"@type\":\"ReadAction\",\"target\":[\"https:\\\/\\\/prismagamers.com\\\/hu\\\/produkt\\\/deceive-inc\\\/\"]}]},{\"@type\":\"ImageObject\",\"inLanguage\":\"hu\",\"@id\":\"https:\\\/\\\/prismagamers.com\\\/hu\\\/produkt\\\/deceive-inc\\\/#primaryimage\",\"url\":\"https:\\\/\\\/prismagamers.com\\\/wp-content\\\/uploads\\\/2023\\\/05\\\/Deceive-Inc.-Black-Tie-Edition-e1718902013915.png\",\"contentUrl\":\"https:\\\/\\\/prismagamers.com\\\/wp-content\\\/uploads\\\/2023\\\/05\\\/Deceive-Inc.-Black-Tie-Edition-e1718902013915.png\",\"width\":316,\"height\":450},{\"@type\":\"BreadcrumbList\",\"@id\":\"https:\\\/\\\/prismagamers.com\\\/hu\\\/produkt\\\/deceive-inc\\\/#breadcrumb\",\"itemListElement\":[{\"@type\":\"ListItem\",\"position\":1,\"name\":\"Strona g\u0142\u00f3wna\",\"item\":\"https:\\\/\\\/prismagamers.com\\\/hu\\\/prismagamers\\\/\"},{\"@type\":\"ListItem\",\"position\":2,\"name\":\"Shop\",\"item\":\"https:\\\/\\\/prismagamers.com\\\/hu\\\/shop\\\/\"},{\"@type\":\"ListItem\",\"position\":3,\"name\":\"Deceive Inc.\"}]},{\"@type\":\"WebSite\",\"@id\":\"https:\\\/\\\/prismagamers.com\\\/hu\\\/#website\",\"url\":\"https:\\\/\\\/prismagamers.com\\\/hu\\\/\",\"name\":\"Prismagamers\",\"description\":\"Sklep z grami PC I Sklep klucze Steam\",\"publisher\":{\"@id\":\"https:\\\/\\\/prismagamers.com\\\/hu\\\/#organization\"},\"potentialAction\":[{\"@type\":\"SearchAction\",\"target\":{\"@type\":\"EntryPoint\",\"urlTemplate\":\"https:\\\/\\\/prismagamers.com\\\/hu\\\/?s={search_term_string}\"},\"query-input\":{\"@type\":\"PropertyValueSpecification\",\"valueRequired\":true,\"valueName\":\"search_term_string\"}}],\"inLanguage\":\"hu\"},{\"@type\":\"Organization\",\"@id\":\"https:\\\/\\\/prismagamers.com\\\/hu\\\/#organization\",\"name\":\"Prismagamers\",\"url\":\"https:\\\/\\\/prismagamers.com\\\/hu\\\/\",\"logo\":{\"@type\":\"ImageObject\",\"inLanguage\":\"hu\",\"@id\":\"https:\\\/\\\/prismagamers.com\\\/hu\\\/#\\\/schema\\\/logo\\\/image\\\/\",\"url\":\"https:\\\/\\\/prismagamers.com\\\/wp-content\\\/uploads\\\/2022\\\/04\\\/cropped-logo-Prismagamers-01-scaled-1.jpg\",\"contentUrl\":\"https:\\\/\\\/prismagamers.com\\\/wp-content\\\/uploads\\\/2022\\\/04\\\/cropped-logo-Prismagamers-01-scaled-1.jpg\",\"width\":512,\"height\":512,\"caption\":\"Prismagamers\"},\"image\":{\"@id\":\"https:\\\/\\\/prismagamers.com\\\/hu\\\/#\\\/schema\\\/logo\\\/image\\\/\"},\"sameAs\":[\"https:\\\/\\\/www.facebook.com\\\/prismagamers\",\"https:\\\/\\\/www.instagram.com\\\/prismagamers_grycyfrowe\\\/\"],\"description\":\"Prismagamers.com to dynamiczny sklep z grami cyfrowymi, stworzony z my\u015bl\u0105 o entuzjastach gier wideo. Nasza strona oferuje szerok\u0105 gam\u0119 gier komputerowych, w tym najnowsze tytu\u0142y, dobrze znane klasyki oraz gry stworzone przez niezale\u017cne studia Ca\u0142y czas d\u0105\u017cymy do rozszerzenia naszej oferty. Do\u0142\u0105cz do nas i sta\u0144 si\u0119 cz\u0119\u015bci\u0105 naszej rosn\u0105cej spo\u0142eczno\u015bci graczy!\",\"email\":\"shop@prismagamers.com\",\"telephone\":\"48795541705\",\"legalName\":\"East Caravan Maksym \u017bukow\",\"foundingDate\":\"2012-05-10\",\"vatID\":\"PL8943038612\",\"taxID\":\"PL8943038612\",\"numberOfEmployees\":{\"@type\":\"QuantitativeValue\",\"minValue\":\"11\",\"maxValue\":\"50\"}}]}<\/script>\n<!-- \/ Yoast SEO Premium plugin. -->","yoast_head_json":{"title":"Deceive Inc. - Prismagamers.com","description":"Sz\u00e1llj be a titkos akci\u00f3ba, j\u00e1tszd a k\u00e9mked\u00e9s \u00e1szait \u00e9s mestereit ebben a t\u00f6bbj\u00e1t\u00e9kos j\u00e1t\u00e9kban, amely tele van tr\u00fckk\u00f6kkel \u00e9s tr\u00fckk\u00f6kkel a tarsolyodban. Am\u00edg a DECEIVE INC-nek dolgozol, nincs t\u00fal mocskos tr\u00fckk.   Global Steam Digit\u00e1lis kulcs","robots":{"index":"index","follow":"follow","max-snippet":"max-snippet:-1","max-image-preview":"max-image-preview:large","max-video-preview":"max-video-preview:-1"},"canonical":"https:\/\/prismagamers.com\/hu\/produkt\/deceive-inc\/","og_locale":"hu_HU","og_type":"article","og_title":"Deceive Inc.","og_description":"Sz\u00e1llj be a titkos akci\u00f3ba, j\u00e1tszd a k\u00e9mked\u00e9s \u00e1szait \u00e9s mestereit ebben a t\u00f6bbj\u00e1t\u00e9kos j\u00e1t\u00e9kban, amely tele van tr\u00fckk\u00f6kkel \u00e9s tr\u00fckk\u00f6kkel a tarsolyodban. Am\u00edg a DECEIVE INC-nek dolgozol, nincs t\u00fal mocskos tr\u00fckk.   Global Steam Digit\u00e1lis kulcs","og_url":"https:\/\/prismagamers.com\/hu\/produkt\/deceive-inc\/","og_site_name":"Prismagamers.com","article_publisher":"https:\/\/www.facebook.com\/prismagamers","article_modified_time":"2026-04-19T23:54:50+00:00","og_image":[{"width":316,"height":450,"url":"https:\/\/prismagamers.com\/wp-content\/uploads\/2023\/05\/Deceive-Inc.-Black-Tie-Edition-e1718902013915.png","type":"image\/png"}],"twitter_card":"summary_large_image","twitter_misc":{"Becs\u00fclt olvas\u00e1si id\u0151":"2 perc"},"schema":{"@context":"https:\/\/schema.org","@graph":[{"@type":"WebPage","@id":"https:\/\/prismagamers.com\/hu\/produkt\/deceive-inc\/","url":"https:\/\/prismagamers.com\/hu\/produkt\/deceive-inc\/","name":"Deceive Inc. - Prismagamers.com","isPartOf":{"@id":"https:\/\/prismagamers.com\/hu\/#website"},"primaryImageOfPage":{"@id":"https:\/\/prismagamers.com\/hu\/produkt\/deceive-inc\/#primaryimage"},"image":{"@id":"https:\/\/prismagamers.com\/hu\/produkt\/deceive-inc\/#primaryimage"},"thumbnailUrl":"https:\/\/prismagamers.com\/wp-content\/uploads\/2023\/05\/Deceive-Inc.-Black-Tie-Edition-e1718902013915.png","datePublished":"2023-05-26T09:23:37+00:00","dateModified":"2026-04-19T23:54:50+00:00","description":"Sz\u00e1llj be a titkos akci\u00f3ba, j\u00e1tszd a k\u00e9mked\u00e9s \u00e1szait \u00e9s mestereit ebben a t\u00f6bbj\u00e1t\u00e9kos j\u00e1t\u00e9kban, amely tele van tr\u00fckk\u00f6kkel \u00e9s tr\u00fckk\u00f6kkel a tarsolyodban. Am\u00edg a DECEIVE INC-nek dolgozol, nincs t\u00fal mocskos tr\u00fckk. Global Steam Digit\u00e1lis kulcs","breadcrumb":{"@id":"https:\/\/prismagamers.com\/hu\/produkt\/deceive-inc\/#breadcrumb"},"inLanguage":"hu","potentialAction":[{"@type":"ReadAction","target":["https:\/\/prismagamers.com\/hu\/produkt\/deceive-inc\/"]}]},{"@type":"ImageObject","inLanguage":"hu","@id":"https:\/\/prismagamers.com\/hu\/produkt\/deceive-inc\/#primaryimage","url":"https:\/\/prismagamers.com\/wp-content\/uploads\/2023\/05\/Deceive-Inc.-Black-Tie-Edition-e1718902013915.png","contentUrl":"https:\/\/prismagamers.com\/wp-content\/uploads\/2023\/05\/Deceive-Inc.-Black-Tie-Edition-e1718902013915.png","width":316,"height":450},{"@type":"BreadcrumbList","@id":"https:\/\/prismagamers.com\/hu\/produkt\/deceive-inc\/#breadcrumb","itemListElement":[{"@type":"ListItem","position":1,"name":"Strona g\u0142\u00f3wna","item":"https:\/\/prismagamers.com\/hu\/prismagamers\/"},{"@type":"ListItem","position":2,"name":"Shop","item":"https:\/\/prismagamers.com\/hu\/shop\/"},{"@type":"ListItem","position":3,"name":"Deceive Inc."}]},{"@type":"WebSite","@id":"https:\/\/prismagamers.com\/hu\/#website","url":"https:\/\/prismagamers.com\/hu\/","name":"Prismagamers","description":"Sklep z grami PC I Sklep klucze Steam","publisher":{"@id":"https:\/\/prismagamers.com\/hu\/#organization"},"potentialAction":[{"@type":"SearchAction","target":{"@type":"EntryPoint","urlTemplate":"https:\/\/prismagamers.com\/hu\/?s={search_term_string}"},"query-input":{"@type":"PropertyValueSpecification","valueRequired":true,"valueName":"search_term_string"}}],"inLanguage":"hu"},{"@type":"Organization","@id":"https:\/\/prismagamers.com\/hu\/#organization","name":"Prismagamers","url":"https:\/\/prismagamers.com\/hu\/","logo":{"@type":"ImageObject","inLanguage":"hu","@id":"https:\/\/prismagamers.com\/hu\/#\/schema\/logo\/image\/","url":"https:\/\/prismagamers.com\/wp-content\/uploads\/2022\/04\/cropped-logo-Prismagamers-01-scaled-1.jpg","contentUrl":"https:\/\/prismagamers.com\/wp-content\/uploads\/2022\/04\/cropped-logo-Prismagamers-01-scaled-1.jpg","width":512,"height":512,"caption":"Prismagamers"},"image":{"@id":"https:\/\/prismagamers.com\/hu\/#\/schema\/logo\/image\/"},"sameAs":["https:\/\/www.facebook.com\/prismagamers","https:\/\/www.instagram.com\/prismagamers_grycyfrowe\/"],"description":"Prismagamers.com to dynamiczny sklep z grami cyfrowymi, stworzony z my\u015bl\u0105 o entuzjastach gier wideo. Nasza strona oferuje szerok\u0105 gam\u0119 gier komputerowych, w tym najnowsze tytu\u0142y, dobrze znane klasyki oraz gry stworzone przez niezale\u017cne studia Ca\u0142y czas d\u0105\u017cymy do rozszerzenia naszej oferty. Do\u0142\u0105cz do nas i sta\u0144 si\u0119 cz\u0119\u015bci\u0105 naszej rosn\u0105cej spo\u0142eczno\u015bci graczy!","email":"shop@prismagamers.com","telephone":"48795541705","legalName":"East Caravan Maksym \u017bukow","foundingDate":"2012-05-10","vatID":"PL8943038612","taxID":"PL8943038612","numberOfEmployees":{"@type":"QuantitativeValue","minValue":"11","maxValue":"50"}}]}},"_links":{"self":[{"href":"https:\/\/prismagamers.com\/hu\/wp-json\/wp\/v2\/product\/42425","targetHints":{"allow":["GET"]}}],"collection":[{"href":"https:\/\/prismagamers.com\/hu\/wp-json\/wp\/v2\/product"}],"about":[{"href":"https:\/\/prismagamers.com\/hu\/wp-json\/wp\/v2\/types\/product"}],"wp:featuredmedia":[{"embeddable":true,"href":"https:\/\/prismagamers.com\/hu\/wp-json\/wp\/v2\/media\/31981"}],"wp:attachment":[{"href":"https:\/\/prismagamers.com\/hu\/wp-json\/wp\/v2\/media?parent=42425"}],"wp:term":[{"taxonomy":"product_brand","embeddable":true,"href":"https:\/\/prismagamers.com\/hu\/wp-json\/wp\/v2\/product_brand?post=42425"},{"taxonomy":"product_cat","embeddable":true,"href":"https:\/\/prismagamers.com\/hu\/wp-json\/wp\/v2\/product_cat?post=42425"},{"taxonomy":"product_tag","embeddable":true,"href":"https:\/\/prismagamers.com\/hu\/wp-json\/wp\/v2\/product_tag?post=42425"}],"curies":[{"name":"wp","href":"https:\/\/api.w.org\/{rel}","templated":true}]}}