{"id":42427,"date":"2023-05-26T11:09:00","date_gmt":"2023-05-26T09:09:00","guid":{"rendered":"https:\/\/prismagamers.com\/produkt\/strange-horticulture\/"},"modified":"2026-01-02T00:36:09","modified_gmt":"2026-01-01T23:36:09","slug":"strange-horticulture","status":"publish","type":"product","link":"https:\/\/prismagamers.com\/hu\/produkt\/strange-horticulture\/","title":{"rendered":"Strange Horticulture"},"content":{"rendered":"<div class=\"flex-1 overflow-hidden\">\n<div class=\"react-scroll-to-bottom--css-nkzux-79elbk h-full\">\n<div class=\"react-scroll-to-bottom--css-nkzux-1n7m0yu\">\n<div class=\"flex flex-col text-sm pb-9\">\n<div class=\"w-full text-token-text-primary\" dir=\"auto\" data-testid=\"conversation-turn-49\" data-scroll-anchor=\"true\">\n<div class=\"py-2 px-3 text-base md:px-4 m-auto md:px-5 lg:px-1 xl:px-5\">\n<div class=\"mx-auto flex flex-1 gap-3 text-base juice:gap-4 juice:md:gap-6 md:max-w-3xl lg:max-w-[40rem] xl:max-w-[48rem]\">\n<div class=\"relative flex w-full min-w-0 flex-col agent-turn\">\n<div class=\"flex-col gap-1 md:gap-3\">\n<div class=\"flex flex-grow flex-col max-w-full\">\n<div class=\"min-h-[20px] text-message flex flex-col items-start whitespace-pre-wrap break-words [.text-message+&amp;]:mt-5 juice:w-full juice:items-end overflow-x-auto gap-3\" dir=\"auto\" data-message-author-role=\"assistant\" data-message-id=\"de12690a-3055-413c-a465-fad918eb7145\">\n<div class=\"markdown prose w-full break-words dark:prose-invert light\">\n<p>Fedezz fel \u00e9s azonos\u00edts \u00faj n\u00f6v\u00e9nyeket, simogasd meg a macsk\u00e1dat, besz\u00e9lgess egy sz\u00f6vets\u00e9ggel vagy csatlakozz egy szekt\u00e1hoz. Haszn\u00e1ld a n\u00f6vekv\u0151 gy\u0171jtem\u00e9nyedet, hogy befoly\u00e1sold a cselekm\u00e9nyt \u00e9s megfejtsd Undermere s\u00f6t\u00e9t rejt\u00e9lyeit. <\/p>\n<p>\u00dcdv\u00f6z\u00f6lj\u00fck Undermere-ben, egy b\u00e1jos v\u00e1rosban, amelyet boszork\u00e1nyokt\u00f3l k\u00eds\u00e9rtett erd\u0151k \u00e9s zord hegyek vesznek k\u00f6r\u00fcl. Te vagy a Kert\u00e9sz, a helyi n\u00f6v\u00e9nybolt, a Strange Horticulture tulajdonosa. Amikor sz\u00ednes v\u00e1s\u00e1rl\u00f3k kezdenek bet\u00e9rni a boltodba, hamarosan egy t\u00f6bb sz\u00e1z \u00e9vre visszany\u00fal\u00f3 okkult rejt\u00e9lybe keveredsz.  <\/p>\n<p>Fedezd fel a boltodon k\u00edv\u00fcli ter\u00fcleteket, hogy \u00faj n\u00f6v\u00e9nyeket tal\u00e1lj, de l\u00e9gy \u00f3vatos! A s\u00f6t\u00e9t erd\u0151k \u00e9s tavak nem mindig bar\u00e1ts\u00e1gosak az alkalmi gy\u00f3gyn\u00f6v\u00e9nykeresked\u0151kkel. El\u0151fordulhat, hogy olyan er\u0151ket fedezel fel, amikr\u0151l legmer\u00e9szebb \u00e1lmaidban sem \u00e1lmodt\u00e1l &#8211; vagy teljesen elvesz\u00edtheted az eszed. Haszn\u00e1ld a sz\u00f6vegk\u00f6rnyezeti nyomokat, hogy eld\u00f6ntsd, mely helyeket \u00e9rdemes felkeresned, \u00e9s melyeket ker\u00fcln\u00f6d!   <\/p>\n<p>A megb\u00edzhat\u00f3 enciklop\u00e9dia \u00e9s a felfedez\u00e9s sor\u00e1n tal\u00e1lt nyomok seg\u00edts\u00e9g\u00e9vel t\u00f6bbet tudhatsz meg a furcsa n\u00f6v\u00e9nyekr\u0151l, amelyekkel tal\u00e1lkozol. Az egyes n\u00f6v\u00e9nyek azonos\u00edt\u00e1s\u00e1val k\u00e9pes leszel a hat\u00e1sukat felhaszn\u00e1lni a cselekm\u00e9ny befoly\u00e1sol\u00e1s\u00e1ra &#8211; a hipnotikus hallucinog\u00e9nekt\u0151l az er\u0151s m\u00e9rgekig. <\/p>\n<\/div>\n<\/div>\n<\/div>\n<\/div>\n<\/div>\n<\/div>\n<\/div>\n<\/div>\n<\/div>\n<\/div>\n<\/div>\n<\/div>\n","protected":false},"excerpt":{"rendered":"<div class=\"flex-1 overflow-hidden\">\n<div class=\"react-scroll-to-bottom--css-nkzux-79elbk h-full\">\n<div class=\"react-scroll-to-bottom--css-nkzux-1n7m0yu\">\n<div class=\"flex flex-col text-sm pb-9\">\n<div class=\"w-full text-token-text-primary\" dir=\"auto\" data-testid=\"conversation-turn-51\" data-scroll-anchor=\"true\">\n<div class=\"py-2 px-3 text-base md:px-4 m-auto md:px-5 lg:px-1 xl:px-5\">\n<div class=\"mx-auto flex flex-1 gap-3 text-base juice:gap-4 juice:md:gap-6 md:max-w-3xl lg:max-w-[40rem] xl:max-w-[48rem]\">\n<div class=\"relative flex w-full min-w-0 flex-col agent-turn\">\n<div class=\"flex-col gap-1 md:gap-3\">\n<div class=\"flex flex-grow flex-col max-w-full\">\n<div class=\"min-h-[20px] text-message flex flex-col items-start whitespace-pre-wrap break-words [.text-message+&amp;]:mt-5 juice:w-full juice:items-end overflow-x-auto gap-3\" dir=\"auto\" data-message-author-role=\"assistant\" data-message-id=\"624d4dab-1d9b-4331-ac54-85e35b7b6727\">\n<div class=\"markdown prose w-full break-words dark:prose-invert light\">\n<p>A Strange Horticulture egy okkult kirak\u00f3s j\u00e1t\u00e9k, amelyben egy helyi n\u00f6v\u00e9nybolt tulajdonos\u00e1t alak\u00edtod. Fedezz fel \u00e9s azonos\u00edts \u00faj n\u00f6v\u00e9nyeket, simogasd meg a macsk\u00e1dat, besz\u00e9lj egy coven-rel vagy csatlakozz egy szekt\u00e1hoz. Haszn\u00e1ld a hatalmas n\u00f6v\u00e9nyek gy\u0171jtem\u00e9ny\u00e9t, hogy befoly\u00e1sold a cselekm\u00e9nyt, \u00e9s fejtsd meg Undermere s\u00f6t\u00e9t rejt\u00e9lyeit Metroidvania st\u00edlusban.  <\/p>\n<\/div>\n<\/div>\n<\/div>\n<\/div>\n<\/div>\n<\/div>\n<\/div>\n<\/div>\n<\/div>\n<\/div>\n<\/div>\n<\/div>\n<p><img decoding=\"async\" class=\"emoji\" role=\"img\" src=\"https:\/\/s.w.org\/images\/core\/emoji\/14.0.0\/svg\/1f30d.svg\" alt=\"\ud83c\udf0d\">  Glob\u00e1lis<br \/>\n<img decoding=\"async\" class=\"emoji\" role=\"img\" src=\"https:\/\/s.w.org\/images\/core\/emoji\/14.0.0\/svg\/2699.svg\" alt=\"\u2699\ufe0f\">  G\u0151z<br \/>\n<img decoding=\"async\" class=\"emoji\" role=\"img\" src=\"https:\/\/s.w.org\/images\/core\/emoji\/14.0.0\/svg\/1f5dd.svg\" alt=\"\ud83d\udddd\">  Digit\u00e1lis kulcs<\/p>\n","protected":false},"featured_media":25371,"template":"","meta":{"_acf_changed":false,"site-sidebar-layout":"default","site-content-layout":"default","ast-site-content-layout":"default","site-content-style":"default","site-sidebar-style":"default","ast-global-header-display":"","ast-banner-title-visibility":"","ast-main-header-display":"","ast-hfb-above-header-display":"","ast-hfb-below-header-display":"","ast-hfb-mobile-header-display":"","site-post-title":"","ast-breadcrumbs-content":"","ast-featured-img":"","footer-sml-layout":"","ast-disable-related-posts":"","theme-transparent-header-meta":"default","adv-header-id-meta":"","stick-header-meta":"","header-above-stick-meta":"","header-main-stick-meta":"","header-below-stick-meta":"","astra-migrate-meta-layouts":"default","ast-page-background-enabled":"default","ast-page-background-meta":{"desktop":{"background-color":"var(--ast-global-color-4)","background-image":"","background-repeat":"repeat","background-position":"center center","background-size":"auto","background-attachment":"scroll","background-type":"","background-media":"","overlay-type":"","overlay-color":"","overlay-opacity":"","overlay-gradient":""},"tablet":{"background-color":"","background-image":"","background-repeat":"repeat","background-position":"center center","background-size":"auto","background-attachment":"scroll","background-type":"","background-media":"","overlay-type":"","overlay-color":"","overlay-opacity":"","overlay-gradient":""},"mobile":{"background-color":"","background-image":"","background-repeat":"repeat","background-position":"center center","background-size":"auto","background-attachment":"scroll","background-type":"","background-media":"","overlay-type":"","overlay-color":"","overlay-opacity":"","overlay-gradient":""}},"ast-content-background-meta":{"desktop":{"background-color":"var(--ast-global-color-5)","background-image":"","background-repeat":"repeat","background-position":"center center","background-size":"auto","background-attachment":"scroll","background-type":"","background-media":"","overlay-type":"","overlay-color":"","overlay-opacity":"","overlay-gradient":""},"tablet":{"background-color":"var(--ast-global-color-5)","background-image":"","background-repeat":"repeat","background-position":"center center","background-size":"auto","background-attachment":"scroll","background-type":"","background-media":"","overlay-type":"","overlay-color":"","overlay-opacity":"","overlay-gradient":""},"mobile":{"background-color":"var(--ast-global-color-5)","background-image":"","background-repeat":"repeat","background-position":"center center","background-size":"auto","background-attachment":"scroll","background-type":"","background-media":"","overlay-type":"","overlay-color":"","overlay-opacity":"","overlay-gradient":""}}},"product_brand":[],"product_cat":[394,365,463,372,363,378,367,335],"product_tag":[370],"class_list":{"0":"post-42427","1":"product","2":"type-product","3":"status-publish","4":"has-post-thumbnail","6":"product_cat-digitalis-jatekok","7":"product_cat-goz","8":"product_cat-iceberg-interactive-hu","9":"product_cat-jatekok-szimulatorok","10":"product_cat-kaland-jatekok","11":"product_cat-minden-digitalis-jatek","12":"product_cat-pc-jatekok","13":"product_cat-wyprzedaz","14":"product_tag-pid-tel","15":"desktop-align-left","16":"tablet-align-left","17":"mobile-align-left","19":"first","20":"instock","21":"shipping-taxable","22":"purchasable","23":"product-type-simple"},"acf":[],"yoast_head":"<!-- This site is optimized with the Yoast SEO Premium plugin v27.4 (Yoast SEO v27.4) - https:\/\/yoast.com\/product\/yoast-seo-premium-wordpress\/ -->\n<title>Strange Horticulture - Prismagamers.com<\/title>\n<meta name=\"description\" content=\"A Strange Horticulture egy okkult kirak\u00f3s j\u00e1t\u00e9k, amelyben egy helyi n\u00f6v\u00e9nybolt tulajdonos\u00e1t alak\u00edtod. Fedezz fel \u00e9s azonos\u00edts \u00faj n\u00f6v\u00e9nyeket, simogasd meg a macsk\u00e1dat, besz\u00e9lj egy coven-rel vagy csatlakozz egy szekt\u00e1hoz. Haszn\u00e1ld a hatalmas n\u00f6v\u00e9nyek gy\u0171jtem\u00e9ny\u00e9t, hogy befoly\u00e1sold a cselekm\u00e9nyt, \u00e9s fejtsd meg Undermere s\u00f6t\u00e9t rejt\u00e9lyeit Metroidvania st\u00edlusban.         Glob\u00e1lis  G\u0151z  Digit\u00e1lis kulcs\" \/>\n<meta name=\"robots\" content=\"index, follow, max-snippet:-1, max-image-preview:large, max-video-preview:-1\" \/>\n<link rel=\"canonical\" href=\"https:\/\/prismagamers.com\/hu\/produkt\/strange-horticulture\/\" \/>\n<meta property=\"og:locale\" content=\"hu_HU\" \/>\n<meta property=\"og:type\" content=\"article\" \/>\n<meta property=\"og:title\" content=\"Strange Horticulture\" \/>\n<meta property=\"og:description\" content=\"A Strange Horticulture egy okkult kirak\u00f3s j\u00e1t\u00e9k, amelyben egy helyi n\u00f6v\u00e9nybolt tulajdonos\u00e1t alak\u00edtod. Fedezz fel \u00e9s azonos\u00edts \u00faj n\u00f6v\u00e9nyeket, simogasd meg a macsk\u00e1dat, besz\u00e9lj egy coven-rel vagy csatlakozz egy szekt\u00e1hoz. Haszn\u00e1ld a hatalmas n\u00f6v\u00e9nyek gy\u0171jtem\u00e9ny\u00e9t, hogy befoly\u00e1sold a cselekm\u00e9nyt, \u00e9s fejtsd meg Undermere s\u00f6t\u00e9t rejt\u00e9lyeit Metroidvania st\u00edlusban.         Glob\u00e1lis  G\u0151z  Digit\u00e1lis kulcs\" \/>\n<meta property=\"og:url\" content=\"https:\/\/prismagamers.com\/hu\/produkt\/strange-horticulture\/\" \/>\n<meta property=\"og:site_name\" content=\"Prismagamers.com\" \/>\n<meta property=\"article:publisher\" content=\"https:\/\/www.facebook.com\/prismagamers\" \/>\n<meta property=\"article:modified_time\" content=\"2026-01-01T23:36:09+00:00\" \/>\n<meta property=\"og:image\" content=\"https:\/\/prismagamers.com\/wp-content\/uploads\/2023\/05\/Strange-Horticulture.jpg\" \/>\n\t<meta property=\"og:image:width\" content=\"600\" \/>\n\t<meta property=\"og:image:height\" content=\"900\" \/>\n\t<meta property=\"og:image:type\" content=\"image\/jpeg\" \/>\n<meta name=\"twitter:card\" content=\"summary_large_image\" \/>\n<meta name=\"twitter:label1\" content=\"Becs\u00fclt olvas\u00e1si id\u0151\" \/>\n\t<meta name=\"twitter:data1\" content=\"1 perc\" \/>\n<script type=\"application\/ld+json\" class=\"yoast-schema-graph\">{\"@context\":\"https:\\\/\\\/schema.org\",\"@graph\":[{\"@type\":\"WebPage\",\"@id\":\"https:\\\/\\\/prismagamers.com\\\/hu\\\/produkt\\\/strange-horticulture\\\/\",\"url\":\"https:\\\/\\\/prismagamers.com\\\/hu\\\/produkt\\\/strange-horticulture\\\/\",\"name\":\"Strange Horticulture - Prismagamers.com\",\"isPartOf\":{\"@id\":\"https:\\\/\\\/prismagamers.com\\\/hu\\\/#website\"},\"primaryImageOfPage\":{\"@id\":\"https:\\\/\\\/prismagamers.com\\\/hu\\\/produkt\\\/strange-horticulture\\\/#primaryimage\"},\"image\":{\"@id\":\"https:\\\/\\\/prismagamers.com\\\/hu\\\/produkt\\\/strange-horticulture\\\/#primaryimage\"},\"thumbnailUrl\":\"https:\\\/\\\/prismagamers.com\\\/wp-content\\\/uploads\\\/2023\\\/05\\\/Strange-Horticulture.jpg\",\"datePublished\":\"2023-05-26T09:09:00+00:00\",\"dateModified\":\"2026-01-01T23:36:09+00:00\",\"description\":\"A Strange Horticulture egy okkult kirak\u00f3s j\u00e1t\u00e9k, amelyben egy helyi n\u00f6v\u00e9nybolt tulajdonos\u00e1t alak\u00edtod. Fedezz fel \u00e9s azonos\u00edts \u00faj n\u00f6v\u00e9nyeket, simogasd meg a macsk\u00e1dat, besz\u00e9lj egy coven-rel vagy csatlakozz egy szekt\u00e1hoz. Haszn\u00e1ld a hatalmas n\u00f6v\u00e9nyek gy\u0171jtem\u00e9ny\u00e9t, hogy befoly\u00e1sold a cselekm\u00e9nyt, \u00e9s fejtsd meg Undermere s\u00f6t\u00e9t rejt\u00e9lyeit Metroidvania st\u00edlusban. Glob\u00e1lis G\u0151z Digit\u00e1lis kulcs\",\"breadcrumb\":{\"@id\":\"https:\\\/\\\/prismagamers.com\\\/hu\\\/produkt\\\/strange-horticulture\\\/#breadcrumb\"},\"inLanguage\":\"hu\",\"potentialAction\":[{\"@type\":\"ReadAction\",\"target\":[\"https:\\\/\\\/prismagamers.com\\\/hu\\\/produkt\\\/strange-horticulture\\\/\"]}]},{\"@type\":\"ImageObject\",\"inLanguage\":\"hu\",\"@id\":\"https:\\\/\\\/prismagamers.com\\\/hu\\\/produkt\\\/strange-horticulture\\\/#primaryimage\",\"url\":\"https:\\\/\\\/prismagamers.com\\\/wp-content\\\/uploads\\\/2023\\\/05\\\/Strange-Horticulture.jpg\",\"contentUrl\":\"https:\\\/\\\/prismagamers.com\\\/wp-content\\\/uploads\\\/2023\\\/05\\\/Strange-Horticulture.jpg\",\"width\":600,\"height\":900},{\"@type\":\"BreadcrumbList\",\"@id\":\"https:\\\/\\\/prismagamers.com\\\/hu\\\/produkt\\\/strange-horticulture\\\/#breadcrumb\",\"itemListElement\":[{\"@type\":\"ListItem\",\"position\":1,\"name\":\"Strona g\u0142\u00f3wna\",\"item\":\"https:\\\/\\\/prismagamers.com\\\/hu\\\/prismagamers\\\/\"},{\"@type\":\"ListItem\",\"position\":2,\"name\":\"Shop\",\"item\":\"https:\\\/\\\/prismagamers.com\\\/hu\\\/shop\\\/\"},{\"@type\":\"ListItem\",\"position\":3,\"name\":\"Strange Horticulture\"}]},{\"@type\":\"WebSite\",\"@id\":\"https:\\\/\\\/prismagamers.com\\\/hu\\\/#website\",\"url\":\"https:\\\/\\\/prismagamers.com\\\/hu\\\/\",\"name\":\"Prismagamers\",\"description\":\"Sklep z grami PC I Sklep klucze Steam\",\"publisher\":{\"@id\":\"https:\\\/\\\/prismagamers.com\\\/hu\\\/#organization\"},\"potentialAction\":[{\"@type\":\"SearchAction\",\"target\":{\"@type\":\"EntryPoint\",\"urlTemplate\":\"https:\\\/\\\/prismagamers.com\\\/hu\\\/?s={search_term_string}\"},\"query-input\":{\"@type\":\"PropertyValueSpecification\",\"valueRequired\":true,\"valueName\":\"search_term_string\"}}],\"inLanguage\":\"hu\"},{\"@type\":\"Organization\",\"@id\":\"https:\\\/\\\/prismagamers.com\\\/hu\\\/#organization\",\"name\":\"Prismagamers\",\"url\":\"https:\\\/\\\/prismagamers.com\\\/hu\\\/\",\"logo\":{\"@type\":\"ImageObject\",\"inLanguage\":\"hu\",\"@id\":\"https:\\\/\\\/prismagamers.com\\\/hu\\\/#\\\/schema\\\/logo\\\/image\\\/\",\"url\":\"https:\\\/\\\/prismagamers.com\\\/wp-content\\\/uploads\\\/2022\\\/04\\\/cropped-logo-Prismagamers-01-scaled-1.jpg\",\"contentUrl\":\"https:\\\/\\\/prismagamers.com\\\/wp-content\\\/uploads\\\/2022\\\/04\\\/cropped-logo-Prismagamers-01-scaled-1.jpg\",\"width\":512,\"height\":512,\"caption\":\"Prismagamers\"},\"image\":{\"@id\":\"https:\\\/\\\/prismagamers.com\\\/hu\\\/#\\\/schema\\\/logo\\\/image\\\/\"},\"sameAs\":[\"https:\\\/\\\/www.facebook.com\\\/prismagamers\",\"https:\\\/\\\/www.instagram.com\\\/prismagamers_grycyfrowe\\\/\"],\"description\":\"Prismagamers.com to dynamiczny sklep z grami cyfrowymi, stworzony z my\u015bl\u0105 o entuzjastach gier wideo. Nasza strona oferuje szerok\u0105 gam\u0119 gier komputerowych, w tym najnowsze tytu\u0142y, dobrze znane klasyki oraz gry stworzone przez niezale\u017cne studia Ca\u0142y czas d\u0105\u017cymy do rozszerzenia naszej oferty. Do\u0142\u0105cz do nas i sta\u0144 si\u0119 cz\u0119\u015bci\u0105 naszej rosn\u0105cej spo\u0142eczno\u015bci graczy!\",\"email\":\"shop@prismagamers.com\",\"telephone\":\"48795541705\",\"legalName\":\"East Caravan Maksym \u017bukow\",\"foundingDate\":\"2012-05-10\",\"vatID\":\"PL8943038612\",\"taxID\":\"PL8943038612\",\"numberOfEmployees\":{\"@type\":\"QuantitativeValue\",\"minValue\":\"11\",\"maxValue\":\"50\"}}]}<\/script>\n<!-- \/ Yoast SEO Premium plugin. -->","yoast_head_json":{"title":"Strange Horticulture - Prismagamers.com","description":"A Strange Horticulture egy okkult kirak\u00f3s j\u00e1t\u00e9k, amelyben egy helyi n\u00f6v\u00e9nybolt tulajdonos\u00e1t alak\u00edtod. Fedezz fel \u00e9s azonos\u00edts \u00faj n\u00f6v\u00e9nyeket, simogasd meg a macsk\u00e1dat, besz\u00e9lj egy coven-rel vagy csatlakozz egy szekt\u00e1hoz. Haszn\u00e1ld a hatalmas n\u00f6v\u00e9nyek gy\u0171jtem\u00e9ny\u00e9t, hogy befoly\u00e1sold a cselekm\u00e9nyt, \u00e9s fejtsd meg Undermere s\u00f6t\u00e9t rejt\u00e9lyeit Metroidvania st\u00edlusban.         Glob\u00e1lis  G\u0151z  Digit\u00e1lis kulcs","robots":{"index":"index","follow":"follow","max-snippet":"max-snippet:-1","max-image-preview":"max-image-preview:large","max-video-preview":"max-video-preview:-1"},"canonical":"https:\/\/prismagamers.com\/hu\/produkt\/strange-horticulture\/","og_locale":"hu_HU","og_type":"article","og_title":"Strange Horticulture","og_description":"A Strange Horticulture egy okkult kirak\u00f3s j\u00e1t\u00e9k, amelyben egy helyi n\u00f6v\u00e9nybolt tulajdonos\u00e1t alak\u00edtod. Fedezz fel \u00e9s azonos\u00edts \u00faj n\u00f6v\u00e9nyeket, simogasd meg a macsk\u00e1dat, besz\u00e9lj egy coven-rel vagy csatlakozz egy szekt\u00e1hoz. Haszn\u00e1ld a hatalmas n\u00f6v\u00e9nyek gy\u0171jtem\u00e9ny\u00e9t, hogy befoly\u00e1sold a cselekm\u00e9nyt, \u00e9s fejtsd meg Undermere s\u00f6t\u00e9t rejt\u00e9lyeit Metroidvania st\u00edlusban.         Glob\u00e1lis  G\u0151z  Digit\u00e1lis kulcs","og_url":"https:\/\/prismagamers.com\/hu\/produkt\/strange-horticulture\/","og_site_name":"Prismagamers.com","article_publisher":"https:\/\/www.facebook.com\/prismagamers","article_modified_time":"2026-01-01T23:36:09+00:00","og_image":[{"width":600,"height":900,"url":"https:\/\/prismagamers.com\/wp-content\/uploads\/2023\/05\/Strange-Horticulture.jpg","type":"image\/jpeg"}],"twitter_card":"summary_large_image","twitter_misc":{"Becs\u00fclt olvas\u00e1si id\u0151":"1 perc"},"schema":{"@context":"https:\/\/schema.org","@graph":[{"@type":"WebPage","@id":"https:\/\/prismagamers.com\/hu\/produkt\/strange-horticulture\/","url":"https:\/\/prismagamers.com\/hu\/produkt\/strange-horticulture\/","name":"Strange Horticulture - Prismagamers.com","isPartOf":{"@id":"https:\/\/prismagamers.com\/hu\/#website"},"primaryImageOfPage":{"@id":"https:\/\/prismagamers.com\/hu\/produkt\/strange-horticulture\/#primaryimage"},"image":{"@id":"https:\/\/prismagamers.com\/hu\/produkt\/strange-horticulture\/#primaryimage"},"thumbnailUrl":"https:\/\/prismagamers.com\/wp-content\/uploads\/2023\/05\/Strange-Horticulture.jpg","datePublished":"2023-05-26T09:09:00+00:00","dateModified":"2026-01-01T23:36:09+00:00","description":"A Strange Horticulture egy okkult kirak\u00f3s j\u00e1t\u00e9k, amelyben egy helyi n\u00f6v\u00e9nybolt tulajdonos\u00e1t alak\u00edtod. Fedezz fel \u00e9s azonos\u00edts \u00faj n\u00f6v\u00e9nyeket, simogasd meg a macsk\u00e1dat, besz\u00e9lj egy coven-rel vagy csatlakozz egy szekt\u00e1hoz. Haszn\u00e1ld a hatalmas n\u00f6v\u00e9nyek gy\u0171jtem\u00e9ny\u00e9t, hogy befoly\u00e1sold a cselekm\u00e9nyt, \u00e9s fejtsd meg Undermere s\u00f6t\u00e9t rejt\u00e9lyeit Metroidvania st\u00edlusban. Glob\u00e1lis G\u0151z Digit\u00e1lis kulcs","breadcrumb":{"@id":"https:\/\/prismagamers.com\/hu\/produkt\/strange-horticulture\/#breadcrumb"},"inLanguage":"hu","potentialAction":[{"@type":"ReadAction","target":["https:\/\/prismagamers.com\/hu\/produkt\/strange-horticulture\/"]}]},{"@type":"ImageObject","inLanguage":"hu","@id":"https:\/\/prismagamers.com\/hu\/produkt\/strange-horticulture\/#primaryimage","url":"https:\/\/prismagamers.com\/wp-content\/uploads\/2023\/05\/Strange-Horticulture.jpg","contentUrl":"https:\/\/prismagamers.com\/wp-content\/uploads\/2023\/05\/Strange-Horticulture.jpg","width":600,"height":900},{"@type":"BreadcrumbList","@id":"https:\/\/prismagamers.com\/hu\/produkt\/strange-horticulture\/#breadcrumb","itemListElement":[{"@type":"ListItem","position":1,"name":"Strona g\u0142\u00f3wna","item":"https:\/\/prismagamers.com\/hu\/prismagamers\/"},{"@type":"ListItem","position":2,"name":"Shop","item":"https:\/\/prismagamers.com\/hu\/shop\/"},{"@type":"ListItem","position":3,"name":"Strange Horticulture"}]},{"@type":"WebSite","@id":"https:\/\/prismagamers.com\/hu\/#website","url":"https:\/\/prismagamers.com\/hu\/","name":"Prismagamers","description":"Sklep z grami PC I Sklep klucze Steam","publisher":{"@id":"https:\/\/prismagamers.com\/hu\/#organization"},"potentialAction":[{"@type":"SearchAction","target":{"@type":"EntryPoint","urlTemplate":"https:\/\/prismagamers.com\/hu\/?s={search_term_string}"},"query-input":{"@type":"PropertyValueSpecification","valueRequired":true,"valueName":"search_term_string"}}],"inLanguage":"hu"},{"@type":"Organization","@id":"https:\/\/prismagamers.com\/hu\/#organization","name":"Prismagamers","url":"https:\/\/prismagamers.com\/hu\/","logo":{"@type":"ImageObject","inLanguage":"hu","@id":"https:\/\/prismagamers.com\/hu\/#\/schema\/logo\/image\/","url":"https:\/\/prismagamers.com\/wp-content\/uploads\/2022\/04\/cropped-logo-Prismagamers-01-scaled-1.jpg","contentUrl":"https:\/\/prismagamers.com\/wp-content\/uploads\/2022\/04\/cropped-logo-Prismagamers-01-scaled-1.jpg","width":512,"height":512,"caption":"Prismagamers"},"image":{"@id":"https:\/\/prismagamers.com\/hu\/#\/schema\/logo\/image\/"},"sameAs":["https:\/\/www.facebook.com\/prismagamers","https:\/\/www.instagram.com\/prismagamers_grycyfrowe\/"],"description":"Prismagamers.com to dynamiczny sklep z grami cyfrowymi, stworzony z my\u015bl\u0105 o entuzjastach gier wideo. Nasza strona oferuje szerok\u0105 gam\u0119 gier komputerowych, w tym najnowsze tytu\u0142y, dobrze znane klasyki oraz gry stworzone przez niezale\u017cne studia Ca\u0142y czas d\u0105\u017cymy do rozszerzenia naszej oferty. Do\u0142\u0105cz do nas i sta\u0144 si\u0119 cz\u0119\u015bci\u0105 naszej rosn\u0105cej spo\u0142eczno\u015bci graczy!","email":"shop@prismagamers.com","telephone":"48795541705","legalName":"East Caravan Maksym \u017bukow","foundingDate":"2012-05-10","vatID":"PL8943038612","taxID":"PL8943038612","numberOfEmployees":{"@type":"QuantitativeValue","minValue":"11","maxValue":"50"}}]}},"_links":{"self":[{"href":"https:\/\/prismagamers.com\/hu\/wp-json\/wp\/v2\/product\/42427","targetHints":{"allow":["GET"]}}],"collection":[{"href":"https:\/\/prismagamers.com\/hu\/wp-json\/wp\/v2\/product"}],"about":[{"href":"https:\/\/prismagamers.com\/hu\/wp-json\/wp\/v2\/types\/product"}],"wp:featuredmedia":[{"embeddable":true,"href":"https:\/\/prismagamers.com\/hu\/wp-json\/wp\/v2\/media\/25371"}],"wp:attachment":[{"href":"https:\/\/prismagamers.com\/hu\/wp-json\/wp\/v2\/media?parent=42427"}],"wp:term":[{"taxonomy":"product_brand","embeddable":true,"href":"https:\/\/prismagamers.com\/hu\/wp-json\/wp\/v2\/product_brand?post=42427"},{"taxonomy":"product_cat","embeddable":true,"href":"https:\/\/prismagamers.com\/hu\/wp-json\/wp\/v2\/product_cat?post=42427"},{"taxonomy":"product_tag","embeddable":true,"href":"https:\/\/prismagamers.com\/hu\/wp-json\/wp\/v2\/product_tag?post=42427"}],"curies":[{"name":"wp","href":"https:\/\/api.w.org\/{rel}","templated":true}]}}