{"id":42428,"date":"2023-05-26T13:09:20","date_gmt":"2023-05-26T11:09:20","guid":{"rendered":"https:\/\/prismagamers.com\/produkt\/mahokenshi\/"},"modified":"2026-04-20T01:54:50","modified_gmt":"2026-04-19T23:54:50","slug":"mahokenshi","status":"publish","type":"product","link":"https:\/\/prismagamers.com\/hu\/produkt\/mahokenshi\/","title":{"rendered":"Mahokenshi"},"content":{"rendered":"<p>K\u00f6teless\u00e9ged, hogy karddal \u00e9s m\u00e1gi\u00e1val megv\u00e9dd az \u00c9gi Szigeteket minden olyan fenyeget\u00e9st\u0151l, amely meg akarja \u0151ket fert\u0151zni. H\u00edvd ki a sorsot, \u00e9s hozz l\u00e9tre egy k\u00e1rtyapaklit, hogy legy\u0151zd az ellens\u00e9get \u00e9s teljes\u00edtsd a k\u00fcldet\u00e9seket. Fejleszd a karakteredet minden egyes v\u00e9gigj\u00e1tsz\u00e1s sor\u00e1n, \u00e9s v\u00e1lj azz\u00e1 a Mahokenshiv\u00e9, akire ennek a vil\u00e1gnak sz\u00fcks\u00e9ge van.  <\/p>\n<p>Hol fogod kezdeni az utadat? A vadreg\u00e9nyes Zaf\u00edrh\u00e1zat v\u00e1lasztod? Az okos Top\u00e1z-h\u00e1zat? A vad Rubin H\u00e1z\u00e1t? Vagy a titokzatos J\u00e1de-h\u00e1zat? Mindegyik h\u00e1z m\u00e1s-m\u00e1s elemi szellem erej\u00e9vel b\u00edr, \u00edgy m\u00e1s-m\u00e1s m\u00f3don j\u00e1tszhatsz.     <\/p>\n<p>Fedezz fel t\u00f6bb mint 200 k\u00e1rty\u00e1t, amelyek gy\u00f6ny\u00f6r\u0171 illusztr\u00e1ci\u00f3kkal rendelkeznek. Kezdd a k\u00fcldet\u00e9seket egy alapk\u00e1rtyak\u00e9szlettel, \u00e9s m\u00f3dos\u00edtsd a paklidat, ahogy legy\u0151z\u00f6d a neh\u00e9z ellens\u00e9geket, kincseket fedezel fel \u00e9s t\u00e1voli ter\u00fcleteket \u00e9rsz el. Gondolkodj taktikusan &#8211; minden terept\u00edpus m\u00e1s-m\u00e1s b\u00f3nuszokat biztos\u00edt. Fejleszd j\u00e1t\u00e9kst\u00edlusodat minden k\u00fcldet\u00e9s sor\u00e1n, \u00e9s haszn\u00e1ld ki szamur\u00e1jh\u00e1zad el\u0151nyeit, hogy er\u0151teljes komb\u00f3kat hozz l\u00e9tre.   <\/p>\n<p>Utazz a k\u00fcl\u00f6nb\u00f6z\u0151 izgalmas \u00e9s gy\u00f6ny\u00f6r\u0171en megtervezett 3D-s t\u00e9rk\u00e9peken. Ismerd meg a Mennyei Szigetek v\u00e1ltozatos lak\u00f3it, ments meg falvakat, fedezz fel szent\u00e9lyeket \u00e9s gy\u0151zz le hal\u00e1los d\u00e9monokat. N\u00e9zd, ahogy teljesen anim\u00e1lt karakterek keltik \u00e9letre a csat\u00e1idat. Var\u00e1zsolj, \u00e9gesd hamuv\u00e1 az ellens\u00e9get, v\u00e9dekezz \u00e9s ind\u00edts gyors ellent\u00e1mad\u00e1sokat, hogy helyre\u00e1ll\u00edtsd a b\u00e9k\u00e9t a vil\u00e1gban.   <\/p>\n<p>&nbsp;<\/p>\n","protected":false},"excerpt":{"rendered":"<p>Kezdd el az utadat, hogy hatalmas m\u00e1gikus szamur\u00e1jj\u00e1 v\u00e1lj! D\u00f6ntsd el, hogyan k\u00f6veted Mahoken \u00fatj\u00e1t &#8211; \u00e9lvezd a kalandokat, gondolkodj strat\u00e9giailag \u00e9s \u00e9p\u00edtsd a paklidat. Fedezd fel a Mennyei Szigeteket, k\u00e9sz\u00edtsd el a paklidat, k\u00fczdj meg a kih\u00edv\u00e1st jelent\u0151 ellenfelekkel, \u00e9s v\u00e9dd meg a f\u00f6ldet a warpokt\u00f3l.  <\/p>\n<p><img decoding=\"async\" class=\"emoji\" role=\"img\" draggable=\"false\" src=\"https:\/\/s.w.org\/images\/core\/emoji\/14.0.0\/svg\/1f30d.svg\" alt=\"\ud83c\udf0d\">  Glob\u00e1lis<br \/>\n<img decoding=\"async\" class=\"emoji\" role=\"img\" draggable=\"false\" src=\"https:\/\/s.w.org\/images\/core\/emoji\/14.0.0\/svg\/2699.svg\" alt=\"\u2699\ufe0f\">  G\u0151z<br \/>\n<img decoding=\"async\" class=\"emoji\" role=\"img\" draggable=\"false\" src=\"https:\/\/s.w.org\/images\/core\/emoji\/14.0.0\/svg\/1f5dd.svg\" alt=\"\ud83d\udddd\">  Digit\u00e1lis kulcs<\/p>\n","protected":false},"featured_media":25385,"template":"","meta":{"_acf_changed":false,"site-sidebar-layout":"default","site-content-layout":"default","ast-site-content-layout":"default","site-content-style":"default","site-sidebar-style":"default","ast-global-header-display":"","ast-banner-title-visibility":"","ast-main-header-display":"","ast-hfb-above-header-display":"","ast-hfb-below-header-display":"","ast-hfb-mobile-header-display":"","site-post-title":"","ast-breadcrumbs-content":"","ast-featured-img":"","footer-sml-layout":"","ast-disable-related-posts":"","theme-transparent-header-meta":"default","adv-header-id-meta":"","stick-header-meta":"","header-above-stick-meta":"","header-main-stick-meta":"","header-below-stick-meta":"","astra-migrate-meta-layouts":"default","ast-page-background-enabled":"default","ast-page-background-meta":{"desktop":{"background-color":"var(--ast-global-color-4)","background-image":"","background-repeat":"repeat","background-position":"center center","background-size":"auto","background-attachment":"scroll","background-type":"","background-media":"","overlay-type":"","overlay-color":"","overlay-opacity":"","overlay-gradient":""},"tablet":{"background-color":"","background-image":"","background-repeat":"repeat","background-position":"center center","background-size":"auto","background-attachment":"scroll","background-type":"","background-media":"","overlay-type":"","overlay-color":"","overlay-opacity":"","overlay-gradient":""},"mobile":{"background-color":"","background-image":"","background-repeat":"repeat","background-position":"center center","background-size":"auto","background-attachment":"scroll","background-type":"","background-media":"","overlay-type":"","overlay-color":"","overlay-opacity":"","overlay-gradient":""}},"ast-content-background-meta":{"desktop":{"background-color":"var(--ast-global-color-5)","background-image":"","background-repeat":"repeat","background-position":"center center","background-size":"auto","background-attachment":"scroll","background-type":"","background-media":"","overlay-type":"","overlay-color":"","overlay-opacity":"","overlay-gradient":""},"tablet":{"background-color":"var(--ast-global-color-5)","background-image":"","background-repeat":"repeat","background-position":"center center","background-size":"auto","background-attachment":"scroll","background-type":"","background-media":"","overlay-type":"","overlay-color":"","overlay-opacity":"","overlay-gradient":""},"mobile":{"background-color":"var(--ast-global-color-5)","background-image":"","background-repeat":"repeat","background-position":"center center","background-size":"auto","background-attachment":"scroll","background-type":"","background-media":"","overlay-type":"","overlay-color":"","overlay-opacity":"","overlay-gradient":""}}},"product_brand":[],"product_cat":[394,365,463,378,364,386],"product_tag":[],"class_list":{"0":"post-42428","1":"product","2":"type-product","3":"status-publish","4":"has-post-thumbnail","6":"product_cat-digitalis-jatekok","7":"product_cat-goz","8":"product_cat-iceberg-interactive-hu","9":"product_cat-minden-digitalis-jatek","10":"product_cat-rpg-k","11":"product_cat-strategiai-jatekok","12":"desktop-align-left","13":"tablet-align-left","14":"mobile-align-left","16":"first","17":"instock","18":"virtual","19":"purchasable","20":"product-type-simple"},"acf":[],"yoast_head":"<!-- This site is optimized with the Yoast SEO Premium plugin v27.4 (Yoast SEO v27.4) - https:\/\/yoast.com\/product\/yoast-seo-premium-wordpress\/ -->\n<title>Mahokenshi - Prismagamers.com<\/title>\n<meta name=\"description\" content=\"Kezdd el az utadat, hogy hatalmas m\u00e1gikus szamur\u00e1jj\u00e1 v\u00e1lj! D\u00f6ntsd el, hogyan k\u00f6veted Mahoken \u00fatj\u00e1t - \u00e9lvezd a kalandokat, gondolkodj strat\u00e9giailag \u00e9s \u00e9p\u00edtsd a paklidat. Fedezd fel a Mennyei Szigeteket, k\u00e9sz\u00edtsd el a paklidat, k\u00fczdj meg a kih\u00edv\u00e1st jelent\u0151 ellenfelekkel, \u00e9s v\u00e9dd meg a f\u00f6ldet a warpokt\u00f3l.   Glob\u00e1lis  G\u0151z  Digit\u00e1lis kulcs\" \/>\n<meta name=\"robots\" content=\"index, follow, max-snippet:-1, max-image-preview:large, max-video-preview:-1\" \/>\n<link rel=\"canonical\" href=\"https:\/\/prismagamers.com\/hu\/produkt\/mahokenshi\/\" \/>\n<meta property=\"og:locale\" content=\"hu_HU\" \/>\n<meta property=\"og:type\" content=\"article\" \/>\n<meta property=\"og:title\" content=\"Mahokenshi\" \/>\n<meta property=\"og:description\" content=\"Kezdd el az utadat, hogy hatalmas m\u00e1gikus szamur\u00e1jj\u00e1 v\u00e1lj! D\u00f6ntsd el, hogyan k\u00f6veted Mahoken \u00fatj\u00e1t - \u00e9lvezd a kalandokat, gondolkodj strat\u00e9giailag \u00e9s \u00e9p\u00edtsd a paklidat. Fedezd fel a Mennyei Szigeteket, k\u00e9sz\u00edtsd el a paklidat, k\u00fczdj meg a kih\u00edv\u00e1st jelent\u0151 ellenfelekkel, \u00e9s v\u00e9dd meg a f\u00f6ldet a warpokt\u00f3l.   Glob\u00e1lis  G\u0151z  Digit\u00e1lis kulcs\" \/>\n<meta property=\"og:url\" content=\"https:\/\/prismagamers.com\/hu\/produkt\/mahokenshi\/\" \/>\n<meta property=\"og:site_name\" content=\"Prismagamers.com\" \/>\n<meta property=\"article:publisher\" content=\"https:\/\/www.facebook.com\/prismagamers\" \/>\n<meta property=\"article:modified_time\" content=\"2026-04-19T23:54:50+00:00\" \/>\n<meta property=\"og:image\" content=\"https:\/\/prismagamers.com\/wp-content\/uploads\/2023\/05\/library_600x900_2x-18-e1727183132202.jpg\" \/>\n\t<meta property=\"og:image:width\" content=\"300\" \/>\n\t<meta property=\"og:image:height\" content=\"450\" \/>\n\t<meta property=\"og:image:type\" content=\"image\/jpeg\" \/>\n<meta name=\"twitter:card\" content=\"summary_large_image\" \/>\n<meta name=\"twitter:label1\" content=\"Becs\u00fclt olvas\u00e1si id\u0151\" \/>\n\t<meta name=\"twitter:data1\" content=\"1 perc\" \/>\n<script type=\"application\/ld+json\" class=\"yoast-schema-graph\">{\"@context\":\"https:\\\/\\\/schema.org\",\"@graph\":[{\"@type\":\"WebPage\",\"@id\":\"https:\\\/\\\/prismagamers.com\\\/hu\\\/produkt\\\/mahokenshi\\\/\",\"url\":\"https:\\\/\\\/prismagamers.com\\\/hu\\\/produkt\\\/mahokenshi\\\/\",\"name\":\"Mahokenshi - Prismagamers.com\",\"isPartOf\":{\"@id\":\"https:\\\/\\\/prismagamers.com\\\/hu\\\/#website\"},\"primaryImageOfPage\":{\"@id\":\"https:\\\/\\\/prismagamers.com\\\/hu\\\/produkt\\\/mahokenshi\\\/#primaryimage\"},\"image\":{\"@id\":\"https:\\\/\\\/prismagamers.com\\\/hu\\\/produkt\\\/mahokenshi\\\/#primaryimage\"},\"thumbnailUrl\":\"https:\\\/\\\/prismagamers.com\\\/wp-content\\\/uploads\\\/2023\\\/05\\\/library_600x900_2x-18-e1727183132202.jpg\",\"datePublished\":\"2023-05-26T11:09:20+00:00\",\"dateModified\":\"2026-04-19T23:54:50+00:00\",\"description\":\"Kezdd el az utadat, hogy hatalmas m\u00e1gikus szamur\u00e1jj\u00e1 v\u00e1lj! D\u00f6ntsd el, hogyan k\u00f6veted Mahoken \u00fatj\u00e1t - \u00e9lvezd a kalandokat, gondolkodj strat\u00e9giailag \u00e9s \u00e9p\u00edtsd a paklidat. Fedezd fel a Mennyei Szigeteket, k\u00e9sz\u00edtsd el a paklidat, k\u00fczdj meg a kih\u00edv\u00e1st jelent\u0151 ellenfelekkel, \u00e9s v\u00e9dd meg a f\u00f6ldet a warpokt\u00f3l. Glob\u00e1lis G\u0151z Digit\u00e1lis kulcs\",\"breadcrumb\":{\"@id\":\"https:\\\/\\\/prismagamers.com\\\/hu\\\/produkt\\\/mahokenshi\\\/#breadcrumb\"},\"inLanguage\":\"hu\",\"potentialAction\":[{\"@type\":\"ReadAction\",\"target\":[\"https:\\\/\\\/prismagamers.com\\\/hu\\\/produkt\\\/mahokenshi\\\/\"]}]},{\"@type\":\"ImageObject\",\"inLanguage\":\"hu\",\"@id\":\"https:\\\/\\\/prismagamers.com\\\/hu\\\/produkt\\\/mahokenshi\\\/#primaryimage\",\"url\":\"https:\\\/\\\/prismagamers.com\\\/wp-content\\\/uploads\\\/2023\\\/05\\\/library_600x900_2x-18-e1727183132202.jpg\",\"contentUrl\":\"https:\\\/\\\/prismagamers.com\\\/wp-content\\\/uploads\\\/2023\\\/05\\\/library_600x900_2x-18-e1727183132202.jpg\",\"width\":300,\"height\":450},{\"@type\":\"BreadcrumbList\",\"@id\":\"https:\\\/\\\/prismagamers.com\\\/hu\\\/produkt\\\/mahokenshi\\\/#breadcrumb\",\"itemListElement\":[{\"@type\":\"ListItem\",\"position\":1,\"name\":\"Strona g\u0142\u00f3wna\",\"item\":\"https:\\\/\\\/prismagamers.com\\\/hu\\\/prismagamers\\\/\"},{\"@type\":\"ListItem\",\"position\":2,\"name\":\"Shop\",\"item\":\"https:\\\/\\\/prismagamers.com\\\/hu\\\/shop\\\/\"},{\"@type\":\"ListItem\",\"position\":3,\"name\":\"Mahokenshi\"}]},{\"@type\":\"WebSite\",\"@id\":\"https:\\\/\\\/prismagamers.com\\\/hu\\\/#website\",\"url\":\"https:\\\/\\\/prismagamers.com\\\/hu\\\/\",\"name\":\"Prismagamers\",\"description\":\"Sklep z grami PC I Sklep klucze Steam\",\"publisher\":{\"@id\":\"https:\\\/\\\/prismagamers.com\\\/hu\\\/#organization\"},\"potentialAction\":[{\"@type\":\"SearchAction\",\"target\":{\"@type\":\"EntryPoint\",\"urlTemplate\":\"https:\\\/\\\/prismagamers.com\\\/hu\\\/?s={search_term_string}\"},\"query-input\":{\"@type\":\"PropertyValueSpecification\",\"valueRequired\":true,\"valueName\":\"search_term_string\"}}],\"inLanguage\":\"hu\"},{\"@type\":\"Organization\",\"@id\":\"https:\\\/\\\/prismagamers.com\\\/hu\\\/#organization\",\"name\":\"Prismagamers\",\"url\":\"https:\\\/\\\/prismagamers.com\\\/hu\\\/\",\"logo\":{\"@type\":\"ImageObject\",\"inLanguage\":\"hu\",\"@id\":\"https:\\\/\\\/prismagamers.com\\\/hu\\\/#\\\/schema\\\/logo\\\/image\\\/\",\"url\":\"https:\\\/\\\/prismagamers.com\\\/wp-content\\\/uploads\\\/2022\\\/04\\\/cropped-logo-Prismagamers-01-scaled-1.jpg\",\"contentUrl\":\"https:\\\/\\\/prismagamers.com\\\/wp-content\\\/uploads\\\/2022\\\/04\\\/cropped-logo-Prismagamers-01-scaled-1.jpg\",\"width\":512,\"height\":512,\"caption\":\"Prismagamers\"},\"image\":{\"@id\":\"https:\\\/\\\/prismagamers.com\\\/hu\\\/#\\\/schema\\\/logo\\\/image\\\/\"},\"sameAs\":[\"https:\\\/\\\/www.facebook.com\\\/prismagamers\",\"https:\\\/\\\/www.instagram.com\\\/prismagamers_grycyfrowe\\\/\"],\"description\":\"Prismagamers.com to dynamiczny sklep z grami cyfrowymi, stworzony z my\u015bl\u0105 o entuzjastach gier wideo. Nasza strona oferuje szerok\u0105 gam\u0119 gier komputerowych, w tym najnowsze tytu\u0142y, dobrze znane klasyki oraz gry stworzone przez niezale\u017cne studia Ca\u0142y czas d\u0105\u017cymy do rozszerzenia naszej oferty. Do\u0142\u0105cz do nas i sta\u0144 si\u0119 cz\u0119\u015bci\u0105 naszej rosn\u0105cej spo\u0142eczno\u015bci graczy!\",\"email\":\"shop@prismagamers.com\",\"telephone\":\"48795541705\",\"legalName\":\"East Caravan Maksym \u017bukow\",\"foundingDate\":\"2012-05-10\",\"vatID\":\"PL8943038612\",\"taxID\":\"PL8943038612\",\"numberOfEmployees\":{\"@type\":\"QuantitativeValue\",\"minValue\":\"11\",\"maxValue\":\"50\"}}]}<\/script>\n<!-- \/ Yoast SEO Premium plugin. -->","yoast_head_json":{"title":"Mahokenshi - Prismagamers.com","description":"Kezdd el az utadat, hogy hatalmas m\u00e1gikus szamur\u00e1jj\u00e1 v\u00e1lj! D\u00f6ntsd el, hogyan k\u00f6veted Mahoken \u00fatj\u00e1t - \u00e9lvezd a kalandokat, gondolkodj strat\u00e9giailag \u00e9s \u00e9p\u00edtsd a paklidat. Fedezd fel a Mennyei Szigeteket, k\u00e9sz\u00edtsd el a paklidat, k\u00fczdj meg a kih\u00edv\u00e1st jelent\u0151 ellenfelekkel, \u00e9s v\u00e9dd meg a f\u00f6ldet a warpokt\u00f3l.   Glob\u00e1lis  G\u0151z  Digit\u00e1lis kulcs","robots":{"index":"index","follow":"follow","max-snippet":"max-snippet:-1","max-image-preview":"max-image-preview:large","max-video-preview":"max-video-preview:-1"},"canonical":"https:\/\/prismagamers.com\/hu\/produkt\/mahokenshi\/","og_locale":"hu_HU","og_type":"article","og_title":"Mahokenshi","og_description":"Kezdd el az utadat, hogy hatalmas m\u00e1gikus szamur\u00e1jj\u00e1 v\u00e1lj! D\u00f6ntsd el, hogyan k\u00f6veted Mahoken \u00fatj\u00e1t - \u00e9lvezd a kalandokat, gondolkodj strat\u00e9giailag \u00e9s \u00e9p\u00edtsd a paklidat. Fedezd fel a Mennyei Szigeteket, k\u00e9sz\u00edtsd el a paklidat, k\u00fczdj meg a kih\u00edv\u00e1st jelent\u0151 ellenfelekkel, \u00e9s v\u00e9dd meg a f\u00f6ldet a warpokt\u00f3l.   Glob\u00e1lis  G\u0151z  Digit\u00e1lis kulcs","og_url":"https:\/\/prismagamers.com\/hu\/produkt\/mahokenshi\/","og_site_name":"Prismagamers.com","article_publisher":"https:\/\/www.facebook.com\/prismagamers","article_modified_time":"2026-04-19T23:54:50+00:00","og_image":[{"width":300,"height":450,"url":"https:\/\/prismagamers.com\/wp-content\/uploads\/2023\/05\/library_600x900_2x-18-e1727183132202.jpg","type":"image\/jpeg"}],"twitter_card":"summary_large_image","twitter_misc":{"Becs\u00fclt olvas\u00e1si id\u0151":"1 perc"},"schema":{"@context":"https:\/\/schema.org","@graph":[{"@type":"WebPage","@id":"https:\/\/prismagamers.com\/hu\/produkt\/mahokenshi\/","url":"https:\/\/prismagamers.com\/hu\/produkt\/mahokenshi\/","name":"Mahokenshi - Prismagamers.com","isPartOf":{"@id":"https:\/\/prismagamers.com\/hu\/#website"},"primaryImageOfPage":{"@id":"https:\/\/prismagamers.com\/hu\/produkt\/mahokenshi\/#primaryimage"},"image":{"@id":"https:\/\/prismagamers.com\/hu\/produkt\/mahokenshi\/#primaryimage"},"thumbnailUrl":"https:\/\/prismagamers.com\/wp-content\/uploads\/2023\/05\/library_600x900_2x-18-e1727183132202.jpg","datePublished":"2023-05-26T11:09:20+00:00","dateModified":"2026-04-19T23:54:50+00:00","description":"Kezdd el az utadat, hogy hatalmas m\u00e1gikus szamur\u00e1jj\u00e1 v\u00e1lj! D\u00f6ntsd el, hogyan k\u00f6veted Mahoken \u00fatj\u00e1t - \u00e9lvezd a kalandokat, gondolkodj strat\u00e9giailag \u00e9s \u00e9p\u00edtsd a paklidat. Fedezd fel a Mennyei Szigeteket, k\u00e9sz\u00edtsd el a paklidat, k\u00fczdj meg a kih\u00edv\u00e1st jelent\u0151 ellenfelekkel, \u00e9s v\u00e9dd meg a f\u00f6ldet a warpokt\u00f3l. Glob\u00e1lis G\u0151z Digit\u00e1lis kulcs","breadcrumb":{"@id":"https:\/\/prismagamers.com\/hu\/produkt\/mahokenshi\/#breadcrumb"},"inLanguage":"hu","potentialAction":[{"@type":"ReadAction","target":["https:\/\/prismagamers.com\/hu\/produkt\/mahokenshi\/"]}]},{"@type":"ImageObject","inLanguage":"hu","@id":"https:\/\/prismagamers.com\/hu\/produkt\/mahokenshi\/#primaryimage","url":"https:\/\/prismagamers.com\/wp-content\/uploads\/2023\/05\/library_600x900_2x-18-e1727183132202.jpg","contentUrl":"https:\/\/prismagamers.com\/wp-content\/uploads\/2023\/05\/library_600x900_2x-18-e1727183132202.jpg","width":300,"height":450},{"@type":"BreadcrumbList","@id":"https:\/\/prismagamers.com\/hu\/produkt\/mahokenshi\/#breadcrumb","itemListElement":[{"@type":"ListItem","position":1,"name":"Strona g\u0142\u00f3wna","item":"https:\/\/prismagamers.com\/hu\/prismagamers\/"},{"@type":"ListItem","position":2,"name":"Shop","item":"https:\/\/prismagamers.com\/hu\/shop\/"},{"@type":"ListItem","position":3,"name":"Mahokenshi"}]},{"@type":"WebSite","@id":"https:\/\/prismagamers.com\/hu\/#website","url":"https:\/\/prismagamers.com\/hu\/","name":"Prismagamers","description":"Sklep z grami PC I Sklep klucze Steam","publisher":{"@id":"https:\/\/prismagamers.com\/hu\/#organization"},"potentialAction":[{"@type":"SearchAction","target":{"@type":"EntryPoint","urlTemplate":"https:\/\/prismagamers.com\/hu\/?s={search_term_string}"},"query-input":{"@type":"PropertyValueSpecification","valueRequired":true,"valueName":"search_term_string"}}],"inLanguage":"hu"},{"@type":"Organization","@id":"https:\/\/prismagamers.com\/hu\/#organization","name":"Prismagamers","url":"https:\/\/prismagamers.com\/hu\/","logo":{"@type":"ImageObject","inLanguage":"hu","@id":"https:\/\/prismagamers.com\/hu\/#\/schema\/logo\/image\/","url":"https:\/\/prismagamers.com\/wp-content\/uploads\/2022\/04\/cropped-logo-Prismagamers-01-scaled-1.jpg","contentUrl":"https:\/\/prismagamers.com\/wp-content\/uploads\/2022\/04\/cropped-logo-Prismagamers-01-scaled-1.jpg","width":512,"height":512,"caption":"Prismagamers"},"image":{"@id":"https:\/\/prismagamers.com\/hu\/#\/schema\/logo\/image\/"},"sameAs":["https:\/\/www.facebook.com\/prismagamers","https:\/\/www.instagram.com\/prismagamers_grycyfrowe\/"],"description":"Prismagamers.com to dynamiczny sklep z grami cyfrowymi, stworzony z my\u015bl\u0105 o entuzjastach gier wideo. Nasza strona oferuje szerok\u0105 gam\u0119 gier komputerowych, w tym najnowsze tytu\u0142y, dobrze znane klasyki oraz gry stworzone przez niezale\u017cne studia Ca\u0142y czas d\u0105\u017cymy do rozszerzenia naszej oferty. Do\u0142\u0105cz do nas i sta\u0144 si\u0119 cz\u0119\u015bci\u0105 naszej rosn\u0105cej spo\u0142eczno\u015bci graczy!","email":"shop@prismagamers.com","telephone":"48795541705","legalName":"East Caravan Maksym \u017bukow","foundingDate":"2012-05-10","vatID":"PL8943038612","taxID":"PL8943038612","numberOfEmployees":{"@type":"QuantitativeValue","minValue":"11","maxValue":"50"}}]}},"_links":{"self":[{"href":"https:\/\/prismagamers.com\/hu\/wp-json\/wp\/v2\/product\/42428","targetHints":{"allow":["GET"]}}],"collection":[{"href":"https:\/\/prismagamers.com\/hu\/wp-json\/wp\/v2\/product"}],"about":[{"href":"https:\/\/prismagamers.com\/hu\/wp-json\/wp\/v2\/types\/product"}],"wp:featuredmedia":[{"embeddable":true,"href":"https:\/\/prismagamers.com\/hu\/wp-json\/wp\/v2\/media\/25385"}],"wp:attachment":[{"href":"https:\/\/prismagamers.com\/hu\/wp-json\/wp\/v2\/media?parent=42428"}],"wp:term":[{"taxonomy":"product_brand","embeddable":true,"href":"https:\/\/prismagamers.com\/hu\/wp-json\/wp\/v2\/product_brand?post=42428"},{"taxonomy":"product_cat","embeddable":true,"href":"https:\/\/prismagamers.com\/hu\/wp-json\/wp\/v2\/product_cat?post=42428"},{"taxonomy":"product_tag","embeddable":true,"href":"https:\/\/prismagamers.com\/hu\/wp-json\/wp\/v2\/product_tag?post=42428"}],"curies":[{"name":"wp","href":"https:\/\/api.w.org\/{rel}","templated":true}]}}