{"id":42432,"date":"2023-05-23T15:24:43","date_gmt":"2023-05-23T13:24:43","guid":{"rendered":"https:\/\/prismagamers.com\/produkt\/ancient-enemy\/"},"modified":"2026-03-05T00:00:48","modified_gmt":"2026-03-04T23:00:48","slug":"ancient-enemy","status":"publish","type":"product","link":"https:\/\/prismagamers.com\/hu\/produkt\/ancient-enemy\/","title":{"rendered":"Ancient Enemy"},"content":{"rendered":"<p>Az Ancient Enemy egy strat\u00e9giai k\u00e1rty\u00e1s RPG, amelyben \u00e9rdekes taktikai d\u00f6nt\u00e9seket hozol, mik\u00f6zben torz ellens\u00e9gekkel harcolsz \u00e9s kih\u00edv\u00e1st jelent\u0151 rejtv\u00e9nyeket oldasz meg. Szembe kell n\u00e9zned hal\u00e1los ellens\u00e9gek hord\u00e1j\u00e1val, akik mind egy olyan vil\u00e1gb\u00f3l ker\u00fclnek el\u0151, ahol a gonosz m\u00e1r gy\u0151zedelmeskedett. Nemcsak t\u00fal\u00e9lned kell, hanem \u00fajj\u00e1 kell \u00e9p\u00edtened az er\u0151det, hogy legy\u0151zd a gonoszt, \u00e9s megv\u00edvd a v\u00e9gs\u0151 p\u00e1rbajt a hatalmas ellenfeleddel!  <\/p>\n<p>Fedezd fel a lepusztult, hangulatos szintekkel teli t\u00e1jat, mer\u00edts er\u0151t a f\u00f6ldb\u0151l, \u00e9s harcolj a vil\u00e1g lelk\u00e9\u00e9rt. Teszteld k\u00e9pess\u00e9geidet a legk\u00fcl\u00f6nf\u00e9l\u00e9bb ellens\u00e9gekkel szemben egy egyed\u00fcl\u00e1ll\u00f3, fordul\u00f3alap\u00fa, mag\u00e1nyos harcst\u00edlusban! <\/p>\n<p><strong>A j\u00e1t\u00e9k jellemz\u0151i:<\/strong><\/p>\n<ul>\n<li>Innovat\u00edv, strat\u00e9giai, fordul\u00f3alap\u00fa harc.<\/li>\n<li>Puszt\u00edtsd el az er\u0151s ellens\u00e9ges parancsnokokat k\u00fcl\u00f6nf\u00e9le var\u00e1zslatokkal \u00e9s k\u00e9pess\u00e9gekkel.<\/li>\n<li>Szerezz er\u0151t a lepusztult t\u00e1jb\u00f3l, hogy meggy\u00f3gy\u00edtsd az elm\u00e9det \u00e9s fokozd a m\u00e1gi\u00e1t.<\/li>\n<li>V\u00e1lassza ki saj\u00e1t \u00fatj\u00e1t a s\u00f6t\u00e9t folkl\u00f3rt\u00f6rt\u00e9netben.<\/li>\n<li>H\u00e1rom neh\u00e9zs\u00e9gi szint, a pihentet\u0151t\u0151l a r\u00e9m\u00e1lomig.<\/li>\n<li>V\u00edvj p\u00e1rbajt a fellegv\u00e1rig, \u00e9s gy\u0151zd le az ellens\u00e9get egyszer \u00e9s mindenkorra!<\/li>\n<\/ul>\n<p>Az Ancient Enemy a Grey Alien Games innovat\u00edv k\u00e1rtyaj\u00e1t\u00e9k-projektj\u00e9nek leg\u00fajabb r\u00e9sze, amely ez\u00fattal a neves sk\u00f3t j\u00e1t\u00e9km\u0171v\u00e9sszel, Jen Pattisonnal \u00e9s az elismert j\u00e1t\u00e9ktervez\u0151vel, Jim Rossignollal egy\u00fcttm\u0171k\u00f6d\u00e9sben k\u00e9sz\u00fclt.<\/p>\n<p>Az Ancient Enemy egy hangulatos, fordul\u00f3alap\u00fa kalandj\u00e1t\u00e9k, amely olyan remekm\u0171vek szellem\u00e9ben k\u00e9sz\u00fclt, mint a Darkest Dungeon \u00e9s a Slay The Spire!<\/p>\n","protected":false},"excerpt":{"rendered":"<p><span lang=\"en-US\">Az Ancient Enemy egy RPG-k\u00e1rty\u00e1s csataj\u00e1t\u00e9k, amely egy omladoz\u00f3 vil\u00e1gban j\u00e1tsz\u00f3dik, ahol a gonosz er\u0151i m\u00e1r gy\u0151ztek. Robbantsd sz\u00e9t a torz ellens\u00e9get a var\u00e1zslatok \u00e9s k\u00e9pess\u00e9gek kiel\u00e9g\u00edt\u0151 v\u00e1laszt\u00e9k\u00e1val. Utazz el a sebhelyes vadonba, \u00e9s mer\u00edts er\u0151t \u00e9s rem\u00e9nyt a t\u00e1jb\u00f3l, hogy legy\u0151zd a leghal\u00e1losabb ellens\u00e9get!  <\/span><\/p>\n<p><img decoding=\"async\" class=\"emoji\" role=\"img\" draggable=\"false\" src=\"https:\/\/s.w.org\/images\/core\/emoji\/14.0.0\/svg\/1f30d.svg\" alt=\"\ud83c\udf0d\">  Glob\u00e1lis<br \/>\n<img decoding=\"async\" class=\"emoji\" role=\"img\" draggable=\"false\" src=\"https:\/\/s.w.org\/images\/core\/emoji\/14.0.0\/svg\/2699.svg\" alt=\"\u2699\ufe0f\">  G\u0151z<br \/>\n<img decoding=\"async\" class=\"emoji\" role=\"img\" draggable=\"false\" src=\"https:\/\/s.w.org\/images\/core\/emoji\/14.0.0\/svg\/1f5dd.svg\" alt=\"\ud83d\udddd\">  Digit\u00e1lis kulcs<\/p>\n","protected":false},"featured_media":31472,"template":"","meta":{"_acf_changed":false,"site-sidebar-layout":"default","site-content-layout":"default","ast-site-content-layout":"default","site-content-style":"default","site-sidebar-style":"default","ast-global-header-display":"","ast-banner-title-visibility":"","ast-main-header-display":"","ast-hfb-above-header-display":"","ast-hfb-below-header-display":"","ast-hfb-mobile-header-display":"","site-post-title":"","ast-breadcrumbs-content":"","ast-featured-img":"","footer-sml-layout":"","ast-disable-related-posts":"","theme-transparent-header-meta":"default","adv-header-id-meta":"","stick-header-meta":"","header-above-stick-meta":"","header-main-stick-meta":"","header-below-stick-meta":"","astra-migrate-meta-layouts":"default","ast-page-background-enabled":"default","ast-page-background-meta":{"desktop":{"background-color":"var(--ast-global-color-4)","background-image":"","background-repeat":"repeat","background-position":"center center","background-size":"auto","background-attachment":"scroll","background-type":"","background-media":"","overlay-type":"","overlay-color":"","overlay-opacity":"","overlay-gradient":""},"tablet":{"background-color":"","background-image":"","background-repeat":"repeat","background-position":"center center","background-size":"auto","background-attachment":"scroll","background-type":"","background-media":"","overlay-type":"","overlay-color":"","overlay-opacity":"","overlay-gradient":""},"mobile":{"background-color":"","background-image":"","background-repeat":"repeat","background-position":"center center","background-size":"auto","background-attachment":"scroll","background-type":"","background-media":"","overlay-type":"","overlay-color":"","overlay-opacity":"","overlay-gradient":""}},"ast-content-background-meta":{"desktop":{"background-color":"var(--ast-global-color-5)","background-image":"","background-repeat":"repeat","background-position":"center center","background-size":"auto","background-attachment":"scroll","background-type":"","background-media":"","overlay-type":"","overlay-color":"","overlay-opacity":"","overlay-gradient":""},"tablet":{"background-color":"var(--ast-global-color-5)","background-image":"","background-repeat":"repeat","background-position":"center center","background-size":"auto","background-attachment":"scroll","background-type":"","background-media":"","overlay-type":"","overlay-color":"","overlay-opacity":"","overlay-gradient":""},"mobile":{"background-color":"var(--ast-global-color-5)","background-image":"","background-repeat":"repeat","background-position":"center center","background-size":"auto","background-attachment":"scroll","background-type":"","background-media":"","overlay-type":"","overlay-color":"","overlay-opacity":"","overlay-gradient":""}}},"product_brand":[],"product_cat":[369,394,365,392,378,367,364,386],"product_tag":[],"class_list":{"0":"post-42432","1":"product","2":"type-product","3":"status-publish","4":"has-post-thumbnail","6":"product_cat-csarnokok","7":"product_cat-digitalis-jatekok","8":"product_cat-goz","9":"product_cat-india","10":"product_cat-minden-digitalis-jatek","11":"product_cat-pc-jatekok","12":"product_cat-rpg-k","13":"product_cat-strategiai-jatekok","14":"desktop-align-left","15":"tablet-align-left","16":"mobile-align-left","18":"first","19":"instock","20":"shipping-taxable","21":"purchasable","22":"product-type-simple"},"acf":[],"yoast_head":"<!-- This site is optimized with the Yoast SEO Premium plugin v27.4 (Yoast SEO v27.4) - https:\/\/yoast.com\/product\/yoast-seo-premium-wordpress\/ -->\n<title>Ancient Enemy - Prismagamers.com<\/title>\n<meta name=\"description\" content=\"Az Ancient Enemy egy RPG-k\u00e1rty\u00e1s csataj\u00e1t\u00e9k, amely egy omladoz\u00f3 vil\u00e1gban j\u00e1tsz\u00f3dik, ahol a gonosz er\u0151i m\u00e1r gy\u0151ztek. Robbantsd sz\u00e9t a torz ellens\u00e9get a var\u00e1zslatok \u00e9s k\u00e9pess\u00e9gek kiel\u00e9g\u00edt\u0151 v\u00e1laszt\u00e9k\u00e1val. Utazz el a sebhelyes vadonba, \u00e9s mer\u00edts er\u0151t \u00e9s rem\u00e9nyt a t\u00e1jb\u00f3l, hogy legy\u0151zd a leghal\u00e1losabb ellens\u00e9get!   Glob\u00e1lis  G\u0151z  Digit\u00e1lis kulcs\" \/>\n<meta name=\"robots\" content=\"index, follow, max-snippet:-1, max-image-preview:large, max-video-preview:-1\" \/>\n<link rel=\"canonical\" href=\"https:\/\/prismagamers.com\/hu\/produkt\/ancient-enemy\/\" \/>\n<meta property=\"og:locale\" content=\"hu_HU\" \/>\n<meta property=\"og:type\" content=\"article\" \/>\n<meta property=\"og:title\" content=\"Ancient Enemy\" \/>\n<meta property=\"og:description\" content=\"Az Ancient Enemy egy RPG-k\u00e1rty\u00e1s csataj\u00e1t\u00e9k, amely egy omladoz\u00f3 vil\u00e1gban j\u00e1tsz\u00f3dik, ahol a gonosz er\u0151i m\u00e1r gy\u0151ztek. Robbantsd sz\u00e9t a torz ellens\u00e9get a var\u00e1zslatok \u00e9s k\u00e9pess\u00e9gek kiel\u00e9g\u00edt\u0151 v\u00e1laszt\u00e9k\u00e1val. Utazz el a sebhelyes vadonba, \u00e9s mer\u00edts er\u0151t \u00e9s rem\u00e9nyt a t\u00e1jb\u00f3l, hogy legy\u0151zd a leghal\u00e1losabb ellens\u00e9get!   Glob\u00e1lis  G\u0151z  Digit\u00e1lis kulcs\" \/>\n<meta property=\"og:url\" content=\"https:\/\/prismagamers.com\/hu\/produkt\/ancient-enemy\/\" \/>\n<meta property=\"og:site_name\" content=\"Prismagamers.com\" \/>\n<meta property=\"article:publisher\" content=\"https:\/\/www.facebook.com\/prismagamers\" \/>\n<meta property=\"article:modified_time\" content=\"2026-03-04T23:00:48+00:00\" \/>\n<meta property=\"og:image\" content=\"https:\/\/prismagamers.com\/wp-content\/uploads\/2023\/05\/Ancient-Enemy-e1715544193817.jpg\" \/>\n\t<meta property=\"og:image:width\" content=\"300\" \/>\n\t<meta property=\"og:image:height\" content=\"400\" \/>\n\t<meta property=\"og:image:type\" content=\"image\/jpeg\" \/>\n<meta name=\"twitter:card\" content=\"summary_large_image\" \/>\n<meta name=\"twitter:label1\" content=\"Becs\u00fclt olvas\u00e1si id\u0151\" \/>\n\t<meta name=\"twitter:data1\" content=\"2 perc\" \/>\n<script type=\"application\/ld+json\" class=\"yoast-schema-graph\">{\"@context\":\"https:\\\/\\\/schema.org\",\"@graph\":[{\"@type\":\"WebPage\",\"@id\":\"https:\\\/\\\/prismagamers.com\\\/hu\\\/produkt\\\/ancient-enemy\\\/\",\"url\":\"https:\\\/\\\/prismagamers.com\\\/hu\\\/produkt\\\/ancient-enemy\\\/\",\"name\":\"Ancient Enemy - Prismagamers.com\",\"isPartOf\":{\"@id\":\"https:\\\/\\\/prismagamers.com\\\/hu\\\/#website\"},\"primaryImageOfPage\":{\"@id\":\"https:\\\/\\\/prismagamers.com\\\/hu\\\/produkt\\\/ancient-enemy\\\/#primaryimage\"},\"image\":{\"@id\":\"https:\\\/\\\/prismagamers.com\\\/hu\\\/produkt\\\/ancient-enemy\\\/#primaryimage\"},\"thumbnailUrl\":\"https:\\\/\\\/prismagamers.com\\\/wp-content\\\/uploads\\\/2023\\\/05\\\/Ancient-Enemy-e1715544193817.jpg\",\"datePublished\":\"2023-05-23T13:24:43+00:00\",\"dateModified\":\"2026-03-04T23:00:48+00:00\",\"description\":\"Az Ancient Enemy egy RPG-k\u00e1rty\u00e1s csataj\u00e1t\u00e9k, amely egy omladoz\u00f3 vil\u00e1gban j\u00e1tsz\u00f3dik, ahol a gonosz er\u0151i m\u00e1r gy\u0151ztek. Robbantsd sz\u00e9t a torz ellens\u00e9get a var\u00e1zslatok \u00e9s k\u00e9pess\u00e9gek kiel\u00e9g\u00edt\u0151 v\u00e1laszt\u00e9k\u00e1val. Utazz el a sebhelyes vadonba, \u00e9s mer\u00edts er\u0151t \u00e9s rem\u00e9nyt a t\u00e1jb\u00f3l, hogy legy\u0151zd a leghal\u00e1losabb ellens\u00e9get! Glob\u00e1lis G\u0151z Digit\u00e1lis kulcs\",\"breadcrumb\":{\"@id\":\"https:\\\/\\\/prismagamers.com\\\/hu\\\/produkt\\\/ancient-enemy\\\/#breadcrumb\"},\"inLanguage\":\"hu\",\"potentialAction\":[{\"@type\":\"ReadAction\",\"target\":[\"https:\\\/\\\/prismagamers.com\\\/hu\\\/produkt\\\/ancient-enemy\\\/\"]}]},{\"@type\":\"ImageObject\",\"inLanguage\":\"hu\",\"@id\":\"https:\\\/\\\/prismagamers.com\\\/hu\\\/produkt\\\/ancient-enemy\\\/#primaryimage\",\"url\":\"https:\\\/\\\/prismagamers.com\\\/wp-content\\\/uploads\\\/2023\\\/05\\\/Ancient-Enemy-e1715544193817.jpg\",\"contentUrl\":\"https:\\\/\\\/prismagamers.com\\\/wp-content\\\/uploads\\\/2023\\\/05\\\/Ancient-Enemy-e1715544193817.jpg\",\"width\":300,\"height\":400},{\"@type\":\"BreadcrumbList\",\"@id\":\"https:\\\/\\\/prismagamers.com\\\/hu\\\/produkt\\\/ancient-enemy\\\/#breadcrumb\",\"itemListElement\":[{\"@type\":\"ListItem\",\"position\":1,\"name\":\"Strona g\u0142\u00f3wna\",\"item\":\"https:\\\/\\\/prismagamers.com\\\/hu\\\/prismagamers\\\/\"},{\"@type\":\"ListItem\",\"position\":2,\"name\":\"Shop\",\"item\":\"https:\\\/\\\/prismagamers.com\\\/hu\\\/shop\\\/\"},{\"@type\":\"ListItem\",\"position\":3,\"name\":\"Ancient Enemy\"}]},{\"@type\":\"WebSite\",\"@id\":\"https:\\\/\\\/prismagamers.com\\\/hu\\\/#website\",\"url\":\"https:\\\/\\\/prismagamers.com\\\/hu\\\/\",\"name\":\"Prismagamers\",\"description\":\"Sklep z grami PC I Sklep klucze Steam\",\"publisher\":{\"@id\":\"https:\\\/\\\/prismagamers.com\\\/hu\\\/#organization\"},\"potentialAction\":[{\"@type\":\"SearchAction\",\"target\":{\"@type\":\"EntryPoint\",\"urlTemplate\":\"https:\\\/\\\/prismagamers.com\\\/hu\\\/?s={search_term_string}\"},\"query-input\":{\"@type\":\"PropertyValueSpecification\",\"valueRequired\":true,\"valueName\":\"search_term_string\"}}],\"inLanguage\":\"hu\"},{\"@type\":\"Organization\",\"@id\":\"https:\\\/\\\/prismagamers.com\\\/hu\\\/#organization\",\"name\":\"Prismagamers\",\"url\":\"https:\\\/\\\/prismagamers.com\\\/hu\\\/\",\"logo\":{\"@type\":\"ImageObject\",\"inLanguage\":\"hu\",\"@id\":\"https:\\\/\\\/prismagamers.com\\\/hu\\\/#\\\/schema\\\/logo\\\/image\\\/\",\"url\":\"https:\\\/\\\/prismagamers.com\\\/wp-content\\\/uploads\\\/2022\\\/04\\\/cropped-logo-Prismagamers-01-scaled-1.jpg\",\"contentUrl\":\"https:\\\/\\\/prismagamers.com\\\/wp-content\\\/uploads\\\/2022\\\/04\\\/cropped-logo-Prismagamers-01-scaled-1.jpg\",\"width\":512,\"height\":512,\"caption\":\"Prismagamers\"},\"image\":{\"@id\":\"https:\\\/\\\/prismagamers.com\\\/hu\\\/#\\\/schema\\\/logo\\\/image\\\/\"},\"sameAs\":[\"https:\\\/\\\/www.facebook.com\\\/prismagamers\",\"https:\\\/\\\/www.instagram.com\\\/prismagamers_grycyfrowe\\\/\"],\"description\":\"Prismagamers.com to dynamiczny sklep z grami cyfrowymi, stworzony z my\u015bl\u0105 o entuzjastach gier wideo. Nasza strona oferuje szerok\u0105 gam\u0119 gier komputerowych, w tym najnowsze tytu\u0142y, dobrze znane klasyki oraz gry stworzone przez niezale\u017cne studia Ca\u0142y czas d\u0105\u017cymy do rozszerzenia naszej oferty. Do\u0142\u0105cz do nas i sta\u0144 si\u0119 cz\u0119\u015bci\u0105 naszej rosn\u0105cej spo\u0142eczno\u015bci graczy!\",\"email\":\"shop@prismagamers.com\",\"telephone\":\"48795541705\",\"legalName\":\"East Caravan Maksym \u017bukow\",\"foundingDate\":\"2012-05-10\",\"vatID\":\"PL8943038612\",\"taxID\":\"PL8943038612\",\"numberOfEmployees\":{\"@type\":\"QuantitativeValue\",\"minValue\":\"11\",\"maxValue\":\"50\"}}]}<\/script>\n<!-- \/ Yoast SEO Premium plugin. -->","yoast_head_json":{"title":"Ancient Enemy - Prismagamers.com","description":"Az Ancient Enemy egy RPG-k\u00e1rty\u00e1s csataj\u00e1t\u00e9k, amely egy omladoz\u00f3 vil\u00e1gban j\u00e1tsz\u00f3dik, ahol a gonosz er\u0151i m\u00e1r gy\u0151ztek. Robbantsd sz\u00e9t a torz ellens\u00e9get a var\u00e1zslatok \u00e9s k\u00e9pess\u00e9gek kiel\u00e9g\u00edt\u0151 v\u00e1laszt\u00e9k\u00e1val. Utazz el a sebhelyes vadonba, \u00e9s mer\u00edts er\u0151t \u00e9s rem\u00e9nyt a t\u00e1jb\u00f3l, hogy legy\u0151zd a leghal\u00e1losabb ellens\u00e9get!   Glob\u00e1lis  G\u0151z  Digit\u00e1lis kulcs","robots":{"index":"index","follow":"follow","max-snippet":"max-snippet:-1","max-image-preview":"max-image-preview:large","max-video-preview":"max-video-preview:-1"},"canonical":"https:\/\/prismagamers.com\/hu\/produkt\/ancient-enemy\/","og_locale":"hu_HU","og_type":"article","og_title":"Ancient Enemy","og_description":"Az Ancient Enemy egy RPG-k\u00e1rty\u00e1s csataj\u00e1t\u00e9k, amely egy omladoz\u00f3 vil\u00e1gban j\u00e1tsz\u00f3dik, ahol a gonosz er\u0151i m\u00e1r gy\u0151ztek. Robbantsd sz\u00e9t a torz ellens\u00e9get a var\u00e1zslatok \u00e9s k\u00e9pess\u00e9gek kiel\u00e9g\u00edt\u0151 v\u00e1laszt\u00e9k\u00e1val. Utazz el a sebhelyes vadonba, \u00e9s mer\u00edts er\u0151t \u00e9s rem\u00e9nyt a t\u00e1jb\u00f3l, hogy legy\u0151zd a leghal\u00e1losabb ellens\u00e9get!   Glob\u00e1lis  G\u0151z  Digit\u00e1lis kulcs","og_url":"https:\/\/prismagamers.com\/hu\/produkt\/ancient-enemy\/","og_site_name":"Prismagamers.com","article_publisher":"https:\/\/www.facebook.com\/prismagamers","article_modified_time":"2026-03-04T23:00:48+00:00","og_image":[{"width":300,"height":400,"url":"https:\/\/prismagamers.com\/wp-content\/uploads\/2023\/05\/Ancient-Enemy-e1715544193817.jpg","type":"image\/jpeg"}],"twitter_card":"summary_large_image","twitter_misc":{"Becs\u00fclt olvas\u00e1si id\u0151":"2 perc"},"schema":{"@context":"https:\/\/schema.org","@graph":[{"@type":"WebPage","@id":"https:\/\/prismagamers.com\/hu\/produkt\/ancient-enemy\/","url":"https:\/\/prismagamers.com\/hu\/produkt\/ancient-enemy\/","name":"Ancient Enemy - Prismagamers.com","isPartOf":{"@id":"https:\/\/prismagamers.com\/hu\/#website"},"primaryImageOfPage":{"@id":"https:\/\/prismagamers.com\/hu\/produkt\/ancient-enemy\/#primaryimage"},"image":{"@id":"https:\/\/prismagamers.com\/hu\/produkt\/ancient-enemy\/#primaryimage"},"thumbnailUrl":"https:\/\/prismagamers.com\/wp-content\/uploads\/2023\/05\/Ancient-Enemy-e1715544193817.jpg","datePublished":"2023-05-23T13:24:43+00:00","dateModified":"2026-03-04T23:00:48+00:00","description":"Az Ancient Enemy egy RPG-k\u00e1rty\u00e1s csataj\u00e1t\u00e9k, amely egy omladoz\u00f3 vil\u00e1gban j\u00e1tsz\u00f3dik, ahol a gonosz er\u0151i m\u00e1r gy\u0151ztek. Robbantsd sz\u00e9t a torz ellens\u00e9get a var\u00e1zslatok \u00e9s k\u00e9pess\u00e9gek kiel\u00e9g\u00edt\u0151 v\u00e1laszt\u00e9k\u00e1val. Utazz el a sebhelyes vadonba, \u00e9s mer\u00edts er\u0151t \u00e9s rem\u00e9nyt a t\u00e1jb\u00f3l, hogy legy\u0151zd a leghal\u00e1losabb ellens\u00e9get! Glob\u00e1lis G\u0151z Digit\u00e1lis kulcs","breadcrumb":{"@id":"https:\/\/prismagamers.com\/hu\/produkt\/ancient-enemy\/#breadcrumb"},"inLanguage":"hu","potentialAction":[{"@type":"ReadAction","target":["https:\/\/prismagamers.com\/hu\/produkt\/ancient-enemy\/"]}]},{"@type":"ImageObject","inLanguage":"hu","@id":"https:\/\/prismagamers.com\/hu\/produkt\/ancient-enemy\/#primaryimage","url":"https:\/\/prismagamers.com\/wp-content\/uploads\/2023\/05\/Ancient-Enemy-e1715544193817.jpg","contentUrl":"https:\/\/prismagamers.com\/wp-content\/uploads\/2023\/05\/Ancient-Enemy-e1715544193817.jpg","width":300,"height":400},{"@type":"BreadcrumbList","@id":"https:\/\/prismagamers.com\/hu\/produkt\/ancient-enemy\/#breadcrumb","itemListElement":[{"@type":"ListItem","position":1,"name":"Strona g\u0142\u00f3wna","item":"https:\/\/prismagamers.com\/hu\/prismagamers\/"},{"@type":"ListItem","position":2,"name":"Shop","item":"https:\/\/prismagamers.com\/hu\/shop\/"},{"@type":"ListItem","position":3,"name":"Ancient Enemy"}]},{"@type":"WebSite","@id":"https:\/\/prismagamers.com\/hu\/#website","url":"https:\/\/prismagamers.com\/hu\/","name":"Prismagamers","description":"Sklep z grami PC I Sklep klucze Steam","publisher":{"@id":"https:\/\/prismagamers.com\/hu\/#organization"},"potentialAction":[{"@type":"SearchAction","target":{"@type":"EntryPoint","urlTemplate":"https:\/\/prismagamers.com\/hu\/?s={search_term_string}"},"query-input":{"@type":"PropertyValueSpecification","valueRequired":true,"valueName":"search_term_string"}}],"inLanguage":"hu"},{"@type":"Organization","@id":"https:\/\/prismagamers.com\/hu\/#organization","name":"Prismagamers","url":"https:\/\/prismagamers.com\/hu\/","logo":{"@type":"ImageObject","inLanguage":"hu","@id":"https:\/\/prismagamers.com\/hu\/#\/schema\/logo\/image\/","url":"https:\/\/prismagamers.com\/wp-content\/uploads\/2022\/04\/cropped-logo-Prismagamers-01-scaled-1.jpg","contentUrl":"https:\/\/prismagamers.com\/wp-content\/uploads\/2022\/04\/cropped-logo-Prismagamers-01-scaled-1.jpg","width":512,"height":512,"caption":"Prismagamers"},"image":{"@id":"https:\/\/prismagamers.com\/hu\/#\/schema\/logo\/image\/"},"sameAs":["https:\/\/www.facebook.com\/prismagamers","https:\/\/www.instagram.com\/prismagamers_grycyfrowe\/"],"description":"Prismagamers.com to dynamiczny sklep z grami cyfrowymi, stworzony z my\u015bl\u0105 o entuzjastach gier wideo. Nasza strona oferuje szerok\u0105 gam\u0119 gier komputerowych, w tym najnowsze tytu\u0142y, dobrze znane klasyki oraz gry stworzone przez niezale\u017cne studia Ca\u0142y czas d\u0105\u017cymy do rozszerzenia naszej oferty. Do\u0142\u0105cz do nas i sta\u0144 si\u0119 cz\u0119\u015bci\u0105 naszej rosn\u0105cej spo\u0142eczno\u015bci graczy!","email":"shop@prismagamers.com","telephone":"48795541705","legalName":"East Caravan Maksym \u017bukow","foundingDate":"2012-05-10","vatID":"PL8943038612","taxID":"PL8943038612","numberOfEmployees":{"@type":"QuantitativeValue","minValue":"11","maxValue":"50"}}]}},"_links":{"self":[{"href":"https:\/\/prismagamers.com\/hu\/wp-json\/wp\/v2\/product\/42432","targetHints":{"allow":["GET"]}}],"collection":[{"href":"https:\/\/prismagamers.com\/hu\/wp-json\/wp\/v2\/product"}],"about":[{"href":"https:\/\/prismagamers.com\/hu\/wp-json\/wp\/v2\/types\/product"}],"wp:featuredmedia":[{"embeddable":true,"href":"https:\/\/prismagamers.com\/hu\/wp-json\/wp\/v2\/media\/31472"}],"wp:attachment":[{"href":"https:\/\/prismagamers.com\/hu\/wp-json\/wp\/v2\/media?parent=42432"}],"wp:term":[{"taxonomy":"product_brand","embeddable":true,"href":"https:\/\/prismagamers.com\/hu\/wp-json\/wp\/v2\/product_brand?post=42432"},{"taxonomy":"product_cat","embeddable":true,"href":"https:\/\/prismagamers.com\/hu\/wp-json\/wp\/v2\/product_cat?post=42432"},{"taxonomy":"product_tag","embeddable":true,"href":"https:\/\/prismagamers.com\/hu\/wp-json\/wp\/v2\/product_tag?post=42432"}],"curies":[{"name":"wp","href":"https:\/\/api.w.org\/{rel}","templated":true}]}}