{"id":42433,"date":"2023-05-24T20:45:50","date_gmt":"2023-05-24T18:45:50","guid":{"rendered":"https:\/\/prismagamers.com\/produkt\/end-of-lines\/"},"modified":"2023-05-24T20:45:50","modified_gmt":"2023-05-24T18:45:50","slug":"end-of-lines","status":"publish","type":"product","link":"https:\/\/prismagamers.com\/hu\/produkt\/end-of-lines\/","title":{"rendered":"End of Lines"},"content":{"rendered":"<h3 data-start=\"156\" data-end=\"226\">End of Lines &#8211; interakt\u00edv k\u00e9preg\u00e9ny az \u00e9ghajlat j\u00f6v\u0151j\u00e9r\u0151l<\/h3>\n<p data-start=\"228\" data-end=\"537\"><strong data-start=\"228\" data-end=\"244\">Az End of Lines<\/strong> egy interakt\u00edv <strong data-start=\"261\" data-end=\"291\">grafikus vizu\u00e1lis reg\u00e9ny<\/strong>, amely a k\u00f6zelj\u00f6v\u0151ben j\u00e1tsz\u00f3dik. Egy \u00e9ghajlati katasztr\u00f3f\u00e1t k\u00f6vet\u0151en a t\u00fal\u00e9l\u0151k egy csoportja, k\u00f6z\u00e9ppontban egy kis csal\u00e1ddal, <strong data-start=\"452\" data-end=\"475\">D\u00e9l-Eur\u00f3pa<\/strong> elpusztult vid\u00e9k\u00e9n bolyong, hogy biztons\u00e1gos helyet keressenek maguknak. <\/p>\n<p data-start=\"539\" data-end=\"680\">Ez a <strong data-start=\"542\" data-end=\"586\">m\u00e9lyen elgondolkodtat\u00f3 k\u00f6rnyezetv\u00e9delmi t\u00f6rt\u00e9net<\/strong> az \u00e9ghajlatv\u00e1ltoz\u00e1ssal \u00e9s az \u00f6kosziszt\u00e9m\u00e1k \u00f6sszeoml\u00e1s\u00e1val szembeni passzivit\u00e1sra figyelmeztet.<\/p>\n<h4 data-start=\"682\" data-end=\"711\">A j\u00e1t\u00e9k titokzatos hangulata<\/h4>\n<ul data-start=\"712\" data-end=\"856\">\n<li data-start=\"712\" data-end=\"765\">\n<p data-start=\"714\" data-end=\"765\">Az \u00e9g v\u00f6r\u00f6s. Vagy csak \u00fagy t\u0171nik? <\/p>\n<\/li>\n<li data-start=\"766\" data-end=\"820\">\n<p data-start=\"768\" data-end=\"820\">A leveg\u0151 olyan forr\u00f3, hogy v\u00f6r\u00f6snek t\u0171nik.<\/p>\n<\/li>\n<li data-start=\"821\" data-end=\"856\">\n<p data-start=\"823\" data-end=\"856\">Mikor sz\u0171nt meg k\u00e9knek lenni?<\/p>\n<\/li>\n<\/ul>\n<p data-start=\"858\" data-end=\"1151\">Foltos oldalakat tal\u00e1lunk \u00e9rthetetlen szavakkal, sorok t\u0171nnek el \u00e9s olvadnak el a r\u00e1ncok \u00e9s szakad\u00e1sok k\u00f6z\u00f6tt. Ezek a <strong data-start=\"964\" data-end=\"995\">sorok a rem\u00e9ny fel\u00e9 vezetnek<\/strong> &#8211; egy bar\u00e1ts\u00e1gos f\u00f6ld rem\u00e9nye, ahol az \u00e9let \u00fajj\u00e1\u00e9p\u00edthet\u0151. \u00c9s m\u00e9gsem tudja senki, mi v\u00e1r r\u00e1nk <strong data-start=\"1092\" data-end=\"1148\">a t\u00e9rk\u00e9p m\u00e1sik oldal\u00e1n, ahol a vonalak v\u00e9get \u00e9rnek<\/strong>.  <\/p>\n<h4 data-start=\"1153\" data-end=\"1180\">Mi\u00e9rt j\u00e1tszunk?<\/h4>\n<ul data-start=\"1181\" data-end=\"1485\">\n<li data-start=\"1181\" data-end=\"1253\">\n<p data-start=\"1183\" data-end=\"1253\">Fedezz fel egy poszt-apokaliptikus vil\u00e1got, amely vizu\u00e1lisan \u00e9s \u00e9rzelmileg is mag\u00e1val ragad\u00f3.<\/p>\n<\/li>\n<li data-start=\"1254\" data-end=\"1333\">\n<p data-start=\"1256\" data-end=\"1333\">\u00c9ljen \u00e1t <strong data-start=\"1264\" data-end=\"1288\">egy \u00f6kol\u00f3giai thrillert<\/strong>, amely az \u00e9ghajlatv\u00e1ltoz\u00e1s hat\u00e1saira figyelmeztet.<\/p>\n<\/li>\n<li data-start=\"1334\" data-end=\"1399\">\n<p data-start=\"1336\" data-end=\"1399\">Hozzon olyan d\u00f6nt\u00e9seket, amelyek befoly\u00e1solj\u00e1k a csal\u00e1d \u00e9s a t\u00fal\u00e9l\u0151k sors\u00e1t.<\/p>\n<\/li>\n<li data-start=\"1400\" data-end=\"1485\">\n<p data-start=\"1402\" data-end=\"1485\">Ide\u00e1lis az <strong data-start=\"1431\" data-end=\"1482\">interakt\u00edv t\u00f6rt\u00e9netek \u00e9s a k\u00e9preg\u00e9nyek<\/strong> rajong\u00f3i sz\u00e1m\u00e1ra.<\/p>\n<\/li>\n<\/ul>\n<p data-start=\"1487\" data-end=\"1558\"><strong data-start=\"1487\" data-end=\"1556\">Mer\u00fclj el az End of Lines vil\u00e1g\u00e1ban, \u00e9s fedezd fel, hov\u00e1 vezetnek a vonalak&#8230;.<\/strong><\/p>\n","protected":false},"excerpt":{"rendered":"<p data-start=\"62\" data-end=\"368\"><strong data-start=\"62\" data-end=\"78\">Az End of Lines<\/strong> egy interakt\u00edv grafikus k\u00e9preg\u00e9ny, amely a poszt-apokaliptikus D\u00e9l-Eur\u00f3p\u00e1ban j\u00e1tsz\u00f3dik. K\u00f6vess egy t\u00fal\u00e9l\u0151kb\u0151l \u00e1ll\u00f3 csal\u00e1dot, akik titokzatos vil\u00e1gokat fedeznek fel, \u00e9s sorsukat befoly\u00e1sol\u00f3 d\u00f6nt\u00e9seket hoznak. Ez a mag\u00e1val ragad\u00f3 k\u00f6rnyezeti mese az \u00e9ghajlatv\u00e1ltoz\u00e1s \u00e9s az elt\u0171n\u0151 \u00f6kosziszt\u00e9m\u00e1k hat\u00e1saira figyelmeztet.  <\/p>\n<p><img decoding=\"async\" class=\"emoji\" role=\"img\" draggable=\"false\" src=\"https:\/\/s.w.org\/images\/core\/emoji\/14.0.0\/svg\/1f30d.svg\" alt=\"\ud83c\udf0d\">  Glob\u00e1lis<br \/>\n<img decoding=\"async\" class=\"emoji\" role=\"img\" draggable=\"false\" src=\"https:\/\/s.w.org\/images\/core\/emoji\/14.0.0\/svg\/2699.svg\" alt=\"\u2699\ufe0f\">  G\u0151z<br \/>\n<img decoding=\"async\" class=\"emoji\" role=\"img\" draggable=\"false\" src=\"https:\/\/s.w.org\/images\/core\/emoji\/14.0.0\/svg\/1f5dd.svg\" alt=\"\ud83d\udddd\">  Digit\u00e1lis kulcs<\/p>\n","protected":false},"featured_media":25346,"template":"","meta":{"_acf_changed":false,"site-sidebar-layout":"default","site-content-layout":"default","ast-site-content-layout":"default","site-content-style":"default","site-sidebar-style":"default","ast-global-header-display":"","ast-banner-title-visibility":"","ast-main-header-display":"","ast-hfb-above-header-display":"","ast-hfb-below-header-display":"","ast-hfb-mobile-header-display":"","site-post-title":"","ast-breadcrumbs-content":"","ast-featured-img":"","footer-sml-layout":"","ast-disable-related-posts":"","theme-transparent-header-meta":"default","adv-header-id-meta":"","stick-header-meta":"","header-above-stick-meta":"","header-main-stick-meta":"","header-below-stick-meta":"","astra-migrate-meta-layouts":"default","ast-page-background-enabled":"default","ast-page-background-meta":{"desktop":{"background-color":"var(--ast-global-color-4)","background-image":"","background-repeat":"repeat","background-position":"center center","background-size":"auto","background-attachment":"scroll","background-type":"","background-media":"","overlay-type":"","overlay-color":"","overlay-opacity":"","overlay-gradient":""},"tablet":{"background-color":"","background-image":"","background-repeat":"repeat","background-position":"center center","background-size":"auto","background-attachment":"scroll","background-type":"","background-media":"","overlay-type":"","overlay-color":"","overlay-opacity":"","overlay-gradient":""},"mobile":{"background-color":"","background-image":"","background-repeat":"repeat","background-position":"center center","background-size":"auto","background-attachment":"scroll","background-type":"","background-media":"","overlay-type":"","overlay-color":"","overlay-opacity":"","overlay-gradient":""}},"ast-content-background-meta":{"desktop":{"background-color":"var(--ast-global-color-5)","background-image":"","background-repeat":"repeat","background-position":"center center","background-size":"auto","background-attachment":"scroll","background-type":"","background-media":"","overlay-type":"","overlay-color":"","overlay-opacity":"","overlay-gradient":""},"tablet":{"background-color":"var(--ast-global-color-5)","background-image":"","background-repeat":"repeat","background-position":"center center","background-size":"auto","background-attachment":"scroll","background-type":"","background-media":"","overlay-type":"","overlay-color":"","overlay-opacity":"","overlay-gradient":""},"mobile":{"background-color":"var(--ast-global-color-5)","background-image":"","background-repeat":"repeat","background-position":"center center","background-size":"auto","background-attachment":"scroll","background-type":"","background-media":"","overlay-type":"","overlay-color":"","overlay-opacity":"","overlay-gradient":""}}},"product_brand":[],"product_cat":[394,365,363,378,367],"product_tag":[],"class_list":{"0":"post-42433","1":"product","2":"type-product","3":"status-publish","4":"has-post-thumbnail","6":"product_cat-digitalis-jatekok","7":"product_cat-goz","8":"product_cat-kaland-jatekok","9":"product_cat-minden-digitalis-jatek","10":"product_cat-pc-jatekok","11":"desktop-align-left","12":"tablet-align-left","13":"mobile-align-left","15":"first","16":"instock","17":"shipping-taxable","18":"purchasable","19":"product-type-simple"},"acf":[],"yoast_head":"<!-- This site is optimized with the Yoast SEO Premium plugin v27.5 (Yoast SEO v27.5) - https:\/\/yoast.com\/product\/yoast-seo-premium-wordpress\/ -->\n<title>End of Lines - Prismagamers.com<\/title>\n<meta name=\"description\" content=\"Az End of Lines egy interakt\u00edv grafikus k\u00e9preg\u00e9ny, amely a poszt-apokaliptikus D\u00e9l-Eur\u00f3p\u00e1ban j\u00e1tsz\u00f3dik. K\u00f6vess egy t\u00fal\u00e9l\u0151kb\u0151l \u00e1ll\u00f3 csal\u00e1dot, akik titokzatos vil\u00e1gokat fedeznek fel, \u00e9s sorsukat befoly\u00e1sol\u00f3 d\u00f6nt\u00e9seket hoznak. Ez a mag\u00e1val ragad\u00f3 k\u00f6rnyezeti mese az \u00e9ghajlatv\u00e1ltoz\u00e1s \u00e9s az elt\u0171n\u0151 \u00f6kosziszt\u00e9m\u00e1k hat\u00e1saira figyelmeztet.   Glob\u00e1lis  G\u0151z  Digit\u00e1lis kulcs\" \/>\n<meta name=\"robots\" content=\"index, follow, max-snippet:-1, max-image-preview:large, max-video-preview:-1\" \/>\n<link rel=\"canonical\" href=\"https:\/\/prismagamers.com\/hu\/produkt\/end-of-lines\/\" \/>\n<meta property=\"og:locale\" content=\"hu_HU\" \/>\n<meta property=\"og:type\" content=\"article\" \/>\n<meta property=\"og:title\" content=\"End of Lines\" \/>\n<meta property=\"og:description\" content=\"Az End of Lines egy interakt\u00edv grafikus k\u00e9preg\u00e9ny, amely a poszt-apokaliptikus D\u00e9l-Eur\u00f3p\u00e1ban j\u00e1tsz\u00f3dik. K\u00f6vess egy t\u00fal\u00e9l\u0151kb\u0151l \u00e1ll\u00f3 csal\u00e1dot, akik titokzatos vil\u00e1gokat fedeznek fel, \u00e9s sorsukat befoly\u00e1sol\u00f3 d\u00f6nt\u00e9seket hoznak. Ez a mag\u00e1val ragad\u00f3 k\u00f6rnyezeti mese az \u00e9ghajlatv\u00e1ltoz\u00e1s \u00e9s az elt\u0171n\u0151 \u00f6kosziszt\u00e9m\u00e1k hat\u00e1saira figyelmeztet.   Glob\u00e1lis  G\u0151z  Digit\u00e1lis kulcs\" \/>\n<meta property=\"og:url\" content=\"https:\/\/prismagamers.com\/hu\/produkt\/end-of-lines\/\" \/>\n<meta property=\"og:site_name\" content=\"Prismagamers.com\" \/>\n<meta property=\"article:publisher\" content=\"https:\/\/www.facebook.com\/prismagamers\" \/>\n<meta property=\"og:image\" content=\"https:\/\/prismagamers.com\/wp-content\/uploads\/2023\/05\/library_600x900_2x-14.jpg\" \/>\n\t<meta property=\"og:image:width\" content=\"600\" \/>\n\t<meta property=\"og:image:height\" content=\"900\" \/>\n\t<meta property=\"og:image:type\" content=\"image\/jpeg\" \/>\n<meta name=\"twitter:card\" content=\"summary_large_image\" \/>\n<meta name=\"twitter:label1\" content=\"Becs\u00fclt olvas\u00e1si id\u0151\" \/>\n\t<meta name=\"twitter:data1\" content=\"1 perc\" \/>\n<script type=\"application\/ld+json\" class=\"yoast-schema-graph\">{\"@context\":\"https:\\\/\\\/schema.org\",\"@graph\":[{\"@type\":\"WebPage\",\"@id\":\"https:\\\/\\\/prismagamers.com\\\/hu\\\/produkt\\\/end-of-lines\\\/\",\"url\":\"https:\\\/\\\/prismagamers.com\\\/hu\\\/produkt\\\/end-of-lines\\\/\",\"name\":\"End of Lines - Prismagamers.com\",\"isPartOf\":{\"@id\":\"https:\\\/\\\/prismagamers.com\\\/hu\\\/#website\"},\"primaryImageOfPage\":{\"@id\":\"https:\\\/\\\/prismagamers.com\\\/hu\\\/produkt\\\/end-of-lines\\\/#primaryimage\"},\"image\":{\"@id\":\"https:\\\/\\\/prismagamers.com\\\/hu\\\/produkt\\\/end-of-lines\\\/#primaryimage\"},\"thumbnailUrl\":\"https:\\\/\\\/prismagamers.com\\\/wp-content\\\/uploads\\\/2023\\\/05\\\/library_600x900_2x-14.jpg\",\"datePublished\":\"2023-05-24T18:45:50+00:00\",\"description\":\"Az End of Lines egy interakt\u00edv grafikus k\u00e9preg\u00e9ny, amely a poszt-apokaliptikus D\u00e9l-Eur\u00f3p\u00e1ban j\u00e1tsz\u00f3dik. K\u00f6vess egy t\u00fal\u00e9l\u0151kb\u0151l \u00e1ll\u00f3 csal\u00e1dot, akik titokzatos vil\u00e1gokat fedeznek fel, \u00e9s sorsukat befoly\u00e1sol\u00f3 d\u00f6nt\u00e9seket hoznak. Ez a mag\u00e1val ragad\u00f3 k\u00f6rnyezeti mese az \u00e9ghajlatv\u00e1ltoz\u00e1s \u00e9s az elt\u0171n\u0151 \u00f6kosziszt\u00e9m\u00e1k hat\u00e1saira figyelmeztet. Glob\u00e1lis G\u0151z Digit\u00e1lis kulcs\",\"breadcrumb\":{\"@id\":\"https:\\\/\\\/prismagamers.com\\\/hu\\\/produkt\\\/end-of-lines\\\/#breadcrumb\"},\"inLanguage\":\"hu\",\"potentialAction\":[{\"@type\":\"ReadAction\",\"target\":[\"https:\\\/\\\/prismagamers.com\\\/hu\\\/produkt\\\/end-of-lines\\\/\"]}]},{\"@type\":\"ImageObject\",\"inLanguage\":\"hu\",\"@id\":\"https:\\\/\\\/prismagamers.com\\\/hu\\\/produkt\\\/end-of-lines\\\/#primaryimage\",\"url\":\"https:\\\/\\\/prismagamers.com\\\/wp-content\\\/uploads\\\/2023\\\/05\\\/library_600x900_2x-14.jpg\",\"contentUrl\":\"https:\\\/\\\/prismagamers.com\\\/wp-content\\\/uploads\\\/2023\\\/05\\\/library_600x900_2x-14.jpg\",\"width\":600,\"height\":900},{\"@type\":\"BreadcrumbList\",\"@id\":\"https:\\\/\\\/prismagamers.com\\\/hu\\\/produkt\\\/end-of-lines\\\/#breadcrumb\",\"itemListElement\":[{\"@type\":\"ListItem\",\"position\":1,\"name\":\"Strona g\u0142\u00f3wna\",\"item\":\"https:\\\/\\\/prismagamers.com\\\/hu\\\/prismagamers\\\/\"},{\"@type\":\"ListItem\",\"position\":2,\"name\":\"Shop\",\"item\":\"https:\\\/\\\/prismagamers.com\\\/hu\\\/shop\\\/\"},{\"@type\":\"ListItem\",\"position\":3,\"name\":\"End of Lines\"}]},{\"@type\":\"WebSite\",\"@id\":\"https:\\\/\\\/prismagamers.com\\\/hu\\\/#website\",\"url\":\"https:\\\/\\\/prismagamers.com\\\/hu\\\/\",\"name\":\"Prismagamers\",\"description\":\"Sklep z grami PC I Sklep klucze Steam\",\"publisher\":{\"@id\":\"https:\\\/\\\/prismagamers.com\\\/hu\\\/#organization\"},\"potentialAction\":[{\"@type\":\"SearchAction\",\"target\":{\"@type\":\"EntryPoint\",\"urlTemplate\":\"https:\\\/\\\/prismagamers.com\\\/hu\\\/?s={search_term_string}\"},\"query-input\":{\"@type\":\"PropertyValueSpecification\",\"valueRequired\":true,\"valueName\":\"search_term_string\"}}],\"inLanguage\":\"hu\"},{\"@type\":\"Organization\",\"@id\":\"https:\\\/\\\/prismagamers.com\\\/hu\\\/#organization\",\"name\":\"Prismagamers\",\"url\":\"https:\\\/\\\/prismagamers.com\\\/hu\\\/\",\"logo\":{\"@type\":\"ImageObject\",\"inLanguage\":\"hu\",\"@id\":\"https:\\\/\\\/prismagamers.com\\\/hu\\\/#\\\/schema\\\/logo\\\/image\\\/\",\"url\":\"https:\\\/\\\/prismagamers.com\\\/wp-content\\\/uploads\\\/2022\\\/04\\\/cropped-logo-Prismagamers-01-scaled-1.jpg\",\"contentUrl\":\"https:\\\/\\\/prismagamers.com\\\/wp-content\\\/uploads\\\/2022\\\/04\\\/cropped-logo-Prismagamers-01-scaled-1.jpg\",\"width\":512,\"height\":512,\"caption\":\"Prismagamers\"},\"image\":{\"@id\":\"https:\\\/\\\/prismagamers.com\\\/hu\\\/#\\\/schema\\\/logo\\\/image\\\/\"},\"sameAs\":[\"https:\\\/\\\/www.facebook.com\\\/prismagamers\",\"https:\\\/\\\/www.instagram.com\\\/prismagamers_grycyfrowe\\\/\"],\"description\":\"Prismagamers.com to dynamiczny sklep z grami cyfrowymi, stworzony z my\u015bl\u0105 o entuzjastach gier wideo. Nasza strona oferuje szerok\u0105 gam\u0119 gier komputerowych, w tym najnowsze tytu\u0142y, dobrze znane klasyki oraz gry stworzone przez niezale\u017cne studia Ca\u0142y czas d\u0105\u017cymy do rozszerzenia naszej oferty. Do\u0142\u0105cz do nas i sta\u0144 si\u0119 cz\u0119\u015bci\u0105 naszej rosn\u0105cej spo\u0142eczno\u015bci graczy!\",\"email\":\"shop@prismagamers.com\",\"telephone\":\"48795541705\",\"legalName\":\"East Caravan Maksym \u017bukow\",\"foundingDate\":\"2012-05-10\",\"vatID\":\"PL8943038612\",\"taxID\":\"PL8943038612\",\"numberOfEmployees\":{\"@type\":\"QuantitativeValue\",\"minValue\":\"11\",\"maxValue\":\"50\"}}]}<\/script>\n<!-- \/ Yoast SEO Premium plugin. -->","yoast_head_json":{"title":"End of Lines - Prismagamers.com","description":"Az End of Lines egy interakt\u00edv grafikus k\u00e9preg\u00e9ny, amely a poszt-apokaliptikus D\u00e9l-Eur\u00f3p\u00e1ban j\u00e1tsz\u00f3dik. K\u00f6vess egy t\u00fal\u00e9l\u0151kb\u0151l \u00e1ll\u00f3 csal\u00e1dot, akik titokzatos vil\u00e1gokat fedeznek fel, \u00e9s sorsukat befoly\u00e1sol\u00f3 d\u00f6nt\u00e9seket hoznak. Ez a mag\u00e1val ragad\u00f3 k\u00f6rnyezeti mese az \u00e9ghajlatv\u00e1ltoz\u00e1s \u00e9s az elt\u0171n\u0151 \u00f6kosziszt\u00e9m\u00e1k hat\u00e1saira figyelmeztet.   Glob\u00e1lis  G\u0151z  Digit\u00e1lis kulcs","robots":{"index":"index","follow":"follow","max-snippet":"max-snippet:-1","max-image-preview":"max-image-preview:large","max-video-preview":"max-video-preview:-1"},"canonical":"https:\/\/prismagamers.com\/hu\/produkt\/end-of-lines\/","og_locale":"hu_HU","og_type":"article","og_title":"End of Lines","og_description":"Az End of Lines egy interakt\u00edv grafikus k\u00e9preg\u00e9ny, amely a poszt-apokaliptikus D\u00e9l-Eur\u00f3p\u00e1ban j\u00e1tsz\u00f3dik. K\u00f6vess egy t\u00fal\u00e9l\u0151kb\u0151l \u00e1ll\u00f3 csal\u00e1dot, akik titokzatos vil\u00e1gokat fedeznek fel, \u00e9s sorsukat befoly\u00e1sol\u00f3 d\u00f6nt\u00e9seket hoznak. Ez a mag\u00e1val ragad\u00f3 k\u00f6rnyezeti mese az \u00e9ghajlatv\u00e1ltoz\u00e1s \u00e9s az elt\u0171n\u0151 \u00f6kosziszt\u00e9m\u00e1k hat\u00e1saira figyelmeztet.   Glob\u00e1lis  G\u0151z  Digit\u00e1lis kulcs","og_url":"https:\/\/prismagamers.com\/hu\/produkt\/end-of-lines\/","og_site_name":"Prismagamers.com","article_publisher":"https:\/\/www.facebook.com\/prismagamers","og_image":[{"width":600,"height":900,"url":"https:\/\/prismagamers.com\/wp-content\/uploads\/2023\/05\/library_600x900_2x-14.jpg","type":"image\/jpeg"}],"twitter_card":"summary_large_image","twitter_misc":{"Becs\u00fclt olvas\u00e1si id\u0151":"1 perc"},"schema":{"@context":"https:\/\/schema.org","@graph":[{"@type":"WebPage","@id":"https:\/\/prismagamers.com\/hu\/produkt\/end-of-lines\/","url":"https:\/\/prismagamers.com\/hu\/produkt\/end-of-lines\/","name":"End of Lines - Prismagamers.com","isPartOf":{"@id":"https:\/\/prismagamers.com\/hu\/#website"},"primaryImageOfPage":{"@id":"https:\/\/prismagamers.com\/hu\/produkt\/end-of-lines\/#primaryimage"},"image":{"@id":"https:\/\/prismagamers.com\/hu\/produkt\/end-of-lines\/#primaryimage"},"thumbnailUrl":"https:\/\/prismagamers.com\/wp-content\/uploads\/2023\/05\/library_600x900_2x-14.jpg","datePublished":"2023-05-24T18:45:50+00:00","description":"Az End of Lines egy interakt\u00edv grafikus k\u00e9preg\u00e9ny, amely a poszt-apokaliptikus D\u00e9l-Eur\u00f3p\u00e1ban j\u00e1tsz\u00f3dik. K\u00f6vess egy t\u00fal\u00e9l\u0151kb\u0151l \u00e1ll\u00f3 csal\u00e1dot, akik titokzatos vil\u00e1gokat fedeznek fel, \u00e9s sorsukat befoly\u00e1sol\u00f3 d\u00f6nt\u00e9seket hoznak. Ez a mag\u00e1val ragad\u00f3 k\u00f6rnyezeti mese az \u00e9ghajlatv\u00e1ltoz\u00e1s \u00e9s az elt\u0171n\u0151 \u00f6kosziszt\u00e9m\u00e1k hat\u00e1saira figyelmeztet. Glob\u00e1lis G\u0151z Digit\u00e1lis kulcs","breadcrumb":{"@id":"https:\/\/prismagamers.com\/hu\/produkt\/end-of-lines\/#breadcrumb"},"inLanguage":"hu","potentialAction":[{"@type":"ReadAction","target":["https:\/\/prismagamers.com\/hu\/produkt\/end-of-lines\/"]}]},{"@type":"ImageObject","inLanguage":"hu","@id":"https:\/\/prismagamers.com\/hu\/produkt\/end-of-lines\/#primaryimage","url":"https:\/\/prismagamers.com\/wp-content\/uploads\/2023\/05\/library_600x900_2x-14.jpg","contentUrl":"https:\/\/prismagamers.com\/wp-content\/uploads\/2023\/05\/library_600x900_2x-14.jpg","width":600,"height":900},{"@type":"BreadcrumbList","@id":"https:\/\/prismagamers.com\/hu\/produkt\/end-of-lines\/#breadcrumb","itemListElement":[{"@type":"ListItem","position":1,"name":"Strona g\u0142\u00f3wna","item":"https:\/\/prismagamers.com\/hu\/prismagamers\/"},{"@type":"ListItem","position":2,"name":"Shop","item":"https:\/\/prismagamers.com\/hu\/shop\/"},{"@type":"ListItem","position":3,"name":"End of Lines"}]},{"@type":"WebSite","@id":"https:\/\/prismagamers.com\/hu\/#website","url":"https:\/\/prismagamers.com\/hu\/","name":"Prismagamers","description":"Sklep z grami PC I Sklep klucze Steam","publisher":{"@id":"https:\/\/prismagamers.com\/hu\/#organization"},"potentialAction":[{"@type":"SearchAction","target":{"@type":"EntryPoint","urlTemplate":"https:\/\/prismagamers.com\/hu\/?s={search_term_string}"},"query-input":{"@type":"PropertyValueSpecification","valueRequired":true,"valueName":"search_term_string"}}],"inLanguage":"hu"},{"@type":"Organization","@id":"https:\/\/prismagamers.com\/hu\/#organization","name":"Prismagamers","url":"https:\/\/prismagamers.com\/hu\/","logo":{"@type":"ImageObject","inLanguage":"hu","@id":"https:\/\/prismagamers.com\/hu\/#\/schema\/logo\/image\/","url":"https:\/\/prismagamers.com\/wp-content\/uploads\/2022\/04\/cropped-logo-Prismagamers-01-scaled-1.jpg","contentUrl":"https:\/\/prismagamers.com\/wp-content\/uploads\/2022\/04\/cropped-logo-Prismagamers-01-scaled-1.jpg","width":512,"height":512,"caption":"Prismagamers"},"image":{"@id":"https:\/\/prismagamers.com\/hu\/#\/schema\/logo\/image\/"},"sameAs":["https:\/\/www.facebook.com\/prismagamers","https:\/\/www.instagram.com\/prismagamers_grycyfrowe\/"],"description":"Prismagamers.com to dynamiczny sklep z grami cyfrowymi, stworzony z my\u015bl\u0105 o entuzjastach gier wideo. Nasza strona oferuje szerok\u0105 gam\u0119 gier komputerowych, w tym najnowsze tytu\u0142y, dobrze znane klasyki oraz gry stworzone przez niezale\u017cne studia Ca\u0142y czas d\u0105\u017cymy do rozszerzenia naszej oferty. Do\u0142\u0105cz do nas i sta\u0144 si\u0119 cz\u0119\u015bci\u0105 naszej rosn\u0105cej spo\u0142eczno\u015bci graczy!","email":"shop@prismagamers.com","telephone":"48795541705","legalName":"East Caravan Maksym \u017bukow","foundingDate":"2012-05-10","vatID":"PL8943038612","taxID":"PL8943038612","numberOfEmployees":{"@type":"QuantitativeValue","minValue":"11","maxValue":"50"}}]}},"_links":{"self":[{"href":"https:\/\/prismagamers.com\/hu\/wp-json\/wp\/v2\/product\/42433","targetHints":{"allow":["GET"]}}],"collection":[{"href":"https:\/\/prismagamers.com\/hu\/wp-json\/wp\/v2\/product"}],"about":[{"href":"https:\/\/prismagamers.com\/hu\/wp-json\/wp\/v2\/types\/product"}],"wp:featuredmedia":[{"embeddable":true,"href":"https:\/\/prismagamers.com\/hu\/wp-json\/wp\/v2\/media\/25346"}],"wp:attachment":[{"href":"https:\/\/prismagamers.com\/hu\/wp-json\/wp\/v2\/media?parent=42433"}],"wp:term":[{"taxonomy":"product_brand","embeddable":true,"href":"https:\/\/prismagamers.com\/hu\/wp-json\/wp\/v2\/product_brand?post=42433"},{"taxonomy":"product_cat","embeddable":true,"href":"https:\/\/prismagamers.com\/hu\/wp-json\/wp\/v2\/product_cat?post=42433"},{"taxonomy":"product_tag","embeddable":true,"href":"https:\/\/prismagamers.com\/hu\/wp-json\/wp\/v2\/product_tag?post=42433"}],"curies":[{"name":"wp","href":"https:\/\/api.w.org\/{rel}","templated":true}]}}