{"id":42435,"date":"2023-05-03T12:22:20","date_gmt":"2023-05-03T10:22:20","guid":{"rendered":"https:\/\/prismagamers.com\/produkt\/saint-kotar\/"},"modified":"2023-05-03T12:22:20","modified_gmt":"2023-05-03T10:22:20","slug":"saint-kotar","status":"publish","type":"product","link":"https:\/\/prismagamers.com\/hu\/produkt\/saint-kotar\/","title":{"rendered":"Saint Kotar"},"content":{"rendered":"<h2 class=\"bb_tag\">Fedezze fel a Szent Kotar titkait<\/h2>\n<p>Ebben a cselekm\u00e9ny- \u00e9s d\u00f6nt\u00e9sk\u00f6zpont\u00fa pszichol\u00f3giai detekt\u00edvhorrorban Benedek \u00e9s Nikolay, k\u00e9t j\u00e1mbor f\u00e9rfi szerep\u00e9be b\u00fajhatsz, akik elt\u0171nt rokonukat keresik az \u0151si \u00e9s j\u00e1mbor Sveti Kotar v\u00e1ros\u00e1ban. Itt egy ismeretlen entit\u00e1s zs\u00e1km\u00e1nyolja a gyeng\u00e9ket, \u00e9s egy \u00f6rd\u00f6g- \u00e9s boszork\u00e1nykultusz \u00e9l\u00e9n \u00e1ll. A bizony\u00edt\u00e9kok arra utalnak, hogy elt\u0171nt rokonuk h\u00e1tborzongat\u00f3 gyilkoss\u00e1gokba \u00e9s okkultizmusba keveredett, de mi az igazs\u00e1g? \u00d6n is hib\u00e1s a t\u00f6rt\u00e9ntek\u00e9rt?   <\/p>\n<h2 class=\"bb_tag\">Mi\u00e9rt ijeszt meg Szent Kotar<\/h2>\n<ul class=\"bb_ul\">\n<li>Oldja meg a rejt\u00e9lyt a rokon\u00e1nak a v\u00e1ros bizarr \u00e9s h\u00e1tborzongat\u00f3 ritu\u00e1l\u00e9iban val\u00f3 r\u00e9szv\u00e9tele m\u00f6g\u00f6tt.<\/li>\n<li>V\u00e1lts k\u00e9t val\u00f3s\u00e1g k\u00f6z\u00f6tt, hogy felfedezd a v\u00e1ros f\u00e9lelmetes titkait!<\/li>\n<li>L\u00e9gy \u00f3vatos, mert a d\u00f6nt\u00e9seid befoly\u00e1solj\u00e1k a cselekm\u00e9nyt \u00e9s mag\u00e1t a j\u00e1t\u00e9kmenetet is<\/li>\n<li>Fedezd fel a rejtett helysz\u00edneket \u00e9s teljes\u00edts mell\u00e9kk\u00fcldet\u00e9seket, hogy megismerd Saint Kotar teljes t\u00f6rt\u00e9net\u00e9t.<\/li>\n<\/ul>\n","protected":false},"excerpt":{"rendered":"<p>A Sveti Kotar egy pszichol\u00f3giai nyomoz\u00f3s horror, amely egy el\u00e1tkozott v\u00f6lgyben j\u00e1tsz\u00f3dik Horv\u00e1torsz\u00e1g vid\u00e9ki r\u00e9sz\u00e9n. Vizsg\u00e1ld meg egy csal\u00e1dtagod elt\u0171n\u00e9s\u00e9t Sveti Kotar okkultizmussal fert\u0151z\u00f6tt v\u00e1ros\u00e1ban, k\u00fcl\u00f6nb\u00f6z\u0151 val\u00f3s\u00e1gok k\u00f6z\u00f6tt v\u00e1ltogatva. <\/p>\n<p><img decoding=\"async\" class=\"emoji\" role=\"img\" draggable=\"false\" src=\"https:\/\/s.w.org\/images\/core\/emoji\/14.0.0\/svg\/1f30d.svg\" alt=\"\ud83c\udf0d\">  Glob\u00e1lis<br \/>\n<img decoding=\"async\" class=\"emoji\" role=\"img\" draggable=\"false\" src=\"https:\/\/s.w.org\/images\/core\/emoji\/14.0.0\/svg\/2699.svg\" alt=\"\u2699\ufe0f\">  G\u0151z<br \/>\n<img decoding=\"async\" class=\"emoji\" role=\"img\" draggable=\"false\" src=\"https:\/\/s.w.org\/images\/core\/emoji\/14.0.0\/svg\/1f5dd.svg\" alt=\"\ud83d\udddd\">  Digit\u00e1lis kulcs<\/p>\n","protected":false},"featured_media":25276,"template":"","meta":{"_acf_changed":false,"site-sidebar-layout":"default","site-content-layout":"default","ast-site-content-layout":"default","site-content-style":"default","site-sidebar-style":"default","ast-global-header-display":"","ast-banner-title-visibility":"","ast-main-header-display":"","ast-hfb-above-header-display":"","ast-hfb-below-header-display":"","ast-hfb-mobile-header-display":"","site-post-title":"","ast-breadcrumbs-content":"","ast-featured-img":"","footer-sml-layout":"","ast-disable-related-posts":"","theme-transparent-header-meta":"default","adv-header-id-meta":"","stick-header-meta":"","header-above-stick-meta":"","header-main-stick-meta":"","header-below-stick-meta":"","astra-migrate-meta-layouts":"default","ast-page-background-enabled":"default","ast-page-background-meta":{"desktop":{"background-color":"var(--ast-global-color-4)","background-image":"","background-repeat":"repeat","background-position":"center center","background-size":"auto","background-attachment":"scroll","background-type":"","background-media":"","overlay-type":"","overlay-color":"","overlay-opacity":"","overlay-gradient":""},"tablet":{"background-color":"","background-image":"","background-repeat":"repeat","background-position":"center center","background-size":"auto","background-attachment":"scroll","background-type":"","background-media":"","overlay-type":"","overlay-color":"","overlay-opacity":"","overlay-gradient":""},"mobile":{"background-color":"","background-image":"","background-repeat":"repeat","background-position":"center center","background-size":"auto","background-attachment":"scroll","background-type":"","background-media":"","overlay-type":"","overlay-color":"","overlay-opacity":"","overlay-gradient":""}},"ast-content-background-meta":{"desktop":{"background-color":"var(--ast-global-color-5)","background-image":"","background-repeat":"repeat","background-position":"center center","background-size":"auto","background-attachment":"scroll","background-type":"","background-media":"","overlay-type":"","overlay-color":"","overlay-opacity":"","overlay-gradient":""},"tablet":{"background-color":"var(--ast-global-color-5)","background-image":"","background-repeat":"repeat","background-position":"center center","background-size":"auto","background-attachment":"scroll","background-type":"","background-media":"","overlay-type":"","overlay-color":"","overlay-opacity":"","overlay-gradient":""},"mobile":{"background-color":"var(--ast-global-color-5)","background-image":"","background-repeat":"repeat","background-position":"center center","background-size":"auto","background-attachment":"scroll","background-type":"","background-media":"","overlay-type":"","overlay-color":"","overlay-opacity":"","overlay-gradient":""}}},"product_brand":[],"product_cat":[394,365,392,363,378,367],"product_tag":[],"class_list":{"0":"post-42435","1":"product","2":"type-product","3":"status-publish","4":"has-post-thumbnail","6":"product_cat-digitalis-jatekok","7":"product_cat-goz","8":"product_cat-india","9":"product_cat-kaland-jatekok","10":"product_cat-minden-digitalis-jatek","11":"product_cat-pc-jatekok","12":"desktop-align-left","13":"tablet-align-left","14":"mobile-align-left","16":"first","17":"instock","18":"virtual","19":"purchasable","20":"product-type-simple"},"acf":[],"yoast_head":"<!-- This site is optimized with the Yoast SEO Premium plugin v27.4 (Yoast SEO v27.4) - https:\/\/yoast.com\/product\/yoast-seo-premium-wordpress\/ -->\n<title>Saint Kotar - Prismagamers.com<\/title>\n<meta name=\"description\" content=\"A Sveti Kotar egy pszichol\u00f3giai nyomoz\u00f3s horror, amely egy el\u00e1tkozott v\u00f6lgyben j\u00e1tsz\u00f3dik Horv\u00e1torsz\u00e1g vid\u00e9ki r\u00e9sz\u00e9n. Vizsg\u00e1ld meg egy csal\u00e1dtagod elt\u0171n\u00e9s\u00e9t Sveti Kotar okkultizmussal fert\u0151z\u00f6tt v\u00e1ros\u00e1ban, k\u00fcl\u00f6nb\u00f6z\u0151 val\u00f3s\u00e1gok k\u00f6z\u00f6tt v\u00e1ltogatva.   Glob\u00e1lis  G\u0151z  Digit\u00e1lis kulcs\" \/>\n<meta name=\"robots\" content=\"index, follow, max-snippet:-1, max-image-preview:large, max-video-preview:-1\" \/>\n<link rel=\"canonical\" href=\"https:\/\/prismagamers.com\/hu\/produkt\/saint-kotar\/\" \/>\n<meta property=\"og:locale\" content=\"hu_HU\" \/>\n<meta property=\"og:type\" content=\"article\" \/>\n<meta property=\"og:title\" content=\"Saint Kotar\" \/>\n<meta property=\"og:description\" content=\"A Sveti Kotar egy pszichol\u00f3giai nyomoz\u00f3s horror, amely egy el\u00e1tkozott v\u00f6lgyben j\u00e1tsz\u00f3dik Horv\u00e1torsz\u00e1g vid\u00e9ki r\u00e9sz\u00e9n. Vizsg\u00e1ld meg egy csal\u00e1dtagod elt\u0171n\u00e9s\u00e9t Sveti Kotar okkultizmussal fert\u0151z\u00f6tt v\u00e1ros\u00e1ban, k\u00fcl\u00f6nb\u00f6z\u0151 val\u00f3s\u00e1gok k\u00f6z\u00f6tt v\u00e1ltogatva.   Glob\u00e1lis  G\u0151z  Digit\u00e1lis kulcs\" \/>\n<meta property=\"og:url\" content=\"https:\/\/prismagamers.com\/hu\/produkt\/saint-kotar\/\" \/>\n<meta property=\"og:site_name\" content=\"Prismagamers.com\" \/>\n<meta property=\"article:publisher\" content=\"https:\/\/www.facebook.com\/prismagamers\" \/>\n<meta property=\"og:image\" content=\"https:\/\/prismagamers.com\/wp-content\/uploads\/2023\/05\/Steam_DigitalStoreAssets_LibraryCapsule_600x900-e1736254689975.png\" \/>\n\t<meta property=\"og:image:width\" content=\"300\" \/>\n\t<meta property=\"og:image:height\" content=\"450\" \/>\n\t<meta property=\"og:image:type\" content=\"image\/png\" \/>\n<meta name=\"twitter:card\" content=\"summary_large_image\" \/>\n<meta name=\"twitter:label1\" content=\"Becs\u00fclt olvas\u00e1si id\u0151\" \/>\n\t<meta name=\"twitter:data1\" content=\"1 perc\" \/>\n<script type=\"application\/ld+json\" class=\"yoast-schema-graph\">{\"@context\":\"https:\\\/\\\/schema.org\",\"@graph\":[{\"@type\":\"WebPage\",\"@id\":\"https:\\\/\\\/prismagamers.com\\\/hu\\\/produkt\\\/saint-kotar\\\/\",\"url\":\"https:\\\/\\\/prismagamers.com\\\/hu\\\/produkt\\\/saint-kotar\\\/\",\"name\":\"Saint Kotar - Prismagamers.com\",\"isPartOf\":{\"@id\":\"https:\\\/\\\/prismagamers.com\\\/hu\\\/#website\"},\"primaryImageOfPage\":{\"@id\":\"https:\\\/\\\/prismagamers.com\\\/hu\\\/produkt\\\/saint-kotar\\\/#primaryimage\"},\"image\":{\"@id\":\"https:\\\/\\\/prismagamers.com\\\/hu\\\/produkt\\\/saint-kotar\\\/#primaryimage\"},\"thumbnailUrl\":\"https:\\\/\\\/prismagamers.com\\\/wp-content\\\/uploads\\\/2023\\\/05\\\/Steam_DigitalStoreAssets_LibraryCapsule_600x900-e1736254689975.png\",\"datePublished\":\"2023-05-03T10:22:20+00:00\",\"description\":\"A Sveti Kotar egy pszichol\u00f3giai nyomoz\u00f3s horror, amely egy el\u00e1tkozott v\u00f6lgyben j\u00e1tsz\u00f3dik Horv\u00e1torsz\u00e1g vid\u00e9ki r\u00e9sz\u00e9n. Vizsg\u00e1ld meg egy csal\u00e1dtagod elt\u0171n\u00e9s\u00e9t Sveti Kotar okkultizmussal fert\u0151z\u00f6tt v\u00e1ros\u00e1ban, k\u00fcl\u00f6nb\u00f6z\u0151 val\u00f3s\u00e1gok k\u00f6z\u00f6tt v\u00e1ltogatva. Glob\u00e1lis G\u0151z Digit\u00e1lis kulcs\",\"breadcrumb\":{\"@id\":\"https:\\\/\\\/prismagamers.com\\\/hu\\\/produkt\\\/saint-kotar\\\/#breadcrumb\"},\"inLanguage\":\"hu\",\"potentialAction\":[{\"@type\":\"ReadAction\",\"target\":[\"https:\\\/\\\/prismagamers.com\\\/hu\\\/produkt\\\/saint-kotar\\\/\"]}]},{\"@type\":\"ImageObject\",\"inLanguage\":\"hu\",\"@id\":\"https:\\\/\\\/prismagamers.com\\\/hu\\\/produkt\\\/saint-kotar\\\/#primaryimage\",\"url\":\"https:\\\/\\\/prismagamers.com\\\/wp-content\\\/uploads\\\/2023\\\/05\\\/Steam_DigitalStoreAssets_LibraryCapsule_600x900-e1736254689975.png\",\"contentUrl\":\"https:\\\/\\\/prismagamers.com\\\/wp-content\\\/uploads\\\/2023\\\/05\\\/Steam_DigitalStoreAssets_LibraryCapsule_600x900-e1736254689975.png\",\"width\":300,\"height\":450},{\"@type\":\"BreadcrumbList\",\"@id\":\"https:\\\/\\\/prismagamers.com\\\/hu\\\/produkt\\\/saint-kotar\\\/#breadcrumb\",\"itemListElement\":[{\"@type\":\"ListItem\",\"position\":1,\"name\":\"Strona g\u0142\u00f3wna\",\"item\":\"https:\\\/\\\/prismagamers.com\\\/hu\\\/prismagamers\\\/\"},{\"@type\":\"ListItem\",\"position\":2,\"name\":\"Shop\",\"item\":\"https:\\\/\\\/prismagamers.com\\\/hu\\\/shop\\\/\"},{\"@type\":\"ListItem\",\"position\":3,\"name\":\"Saint Kotar\"}]},{\"@type\":\"WebSite\",\"@id\":\"https:\\\/\\\/prismagamers.com\\\/hu\\\/#website\",\"url\":\"https:\\\/\\\/prismagamers.com\\\/hu\\\/\",\"name\":\"Prismagamers\",\"description\":\"Sklep z grami PC I Sklep klucze Steam\",\"publisher\":{\"@id\":\"https:\\\/\\\/prismagamers.com\\\/hu\\\/#organization\"},\"potentialAction\":[{\"@type\":\"SearchAction\",\"target\":{\"@type\":\"EntryPoint\",\"urlTemplate\":\"https:\\\/\\\/prismagamers.com\\\/hu\\\/?s={search_term_string}\"},\"query-input\":{\"@type\":\"PropertyValueSpecification\",\"valueRequired\":true,\"valueName\":\"search_term_string\"}}],\"inLanguage\":\"hu\"},{\"@type\":\"Organization\",\"@id\":\"https:\\\/\\\/prismagamers.com\\\/hu\\\/#organization\",\"name\":\"Prismagamers\",\"url\":\"https:\\\/\\\/prismagamers.com\\\/hu\\\/\",\"logo\":{\"@type\":\"ImageObject\",\"inLanguage\":\"hu\",\"@id\":\"https:\\\/\\\/prismagamers.com\\\/hu\\\/#\\\/schema\\\/logo\\\/image\\\/\",\"url\":\"https:\\\/\\\/prismagamers.com\\\/wp-content\\\/uploads\\\/2022\\\/04\\\/cropped-logo-Prismagamers-01-scaled-1.jpg\",\"contentUrl\":\"https:\\\/\\\/prismagamers.com\\\/wp-content\\\/uploads\\\/2022\\\/04\\\/cropped-logo-Prismagamers-01-scaled-1.jpg\",\"width\":512,\"height\":512,\"caption\":\"Prismagamers\"},\"image\":{\"@id\":\"https:\\\/\\\/prismagamers.com\\\/hu\\\/#\\\/schema\\\/logo\\\/image\\\/\"},\"sameAs\":[\"https:\\\/\\\/www.facebook.com\\\/prismagamers\",\"https:\\\/\\\/www.instagram.com\\\/prismagamers_grycyfrowe\\\/\"],\"description\":\"Prismagamers.com to dynamiczny sklep z grami cyfrowymi, stworzony z my\u015bl\u0105 o entuzjastach gier wideo. Nasza strona oferuje szerok\u0105 gam\u0119 gier komputerowych, w tym najnowsze tytu\u0142y, dobrze znane klasyki oraz gry stworzone przez niezale\u017cne studia Ca\u0142y czas d\u0105\u017cymy do rozszerzenia naszej oferty. Do\u0142\u0105cz do nas i sta\u0144 si\u0119 cz\u0119\u015bci\u0105 naszej rosn\u0105cej spo\u0142eczno\u015bci graczy!\",\"email\":\"shop@prismagamers.com\",\"telephone\":\"48795541705\",\"legalName\":\"East Caravan Maksym \u017bukow\",\"foundingDate\":\"2012-05-10\",\"vatID\":\"PL8943038612\",\"taxID\":\"PL8943038612\",\"numberOfEmployees\":{\"@type\":\"QuantitativeValue\",\"minValue\":\"11\",\"maxValue\":\"50\"}}]}<\/script>\n<!-- \/ Yoast SEO Premium plugin. -->","yoast_head_json":{"title":"Saint Kotar - Prismagamers.com","description":"A Sveti Kotar egy pszichol\u00f3giai nyomoz\u00f3s horror, amely egy el\u00e1tkozott v\u00f6lgyben j\u00e1tsz\u00f3dik Horv\u00e1torsz\u00e1g vid\u00e9ki r\u00e9sz\u00e9n. Vizsg\u00e1ld meg egy csal\u00e1dtagod elt\u0171n\u00e9s\u00e9t Sveti Kotar okkultizmussal fert\u0151z\u00f6tt v\u00e1ros\u00e1ban, k\u00fcl\u00f6nb\u00f6z\u0151 val\u00f3s\u00e1gok k\u00f6z\u00f6tt v\u00e1ltogatva.   Glob\u00e1lis  G\u0151z  Digit\u00e1lis kulcs","robots":{"index":"index","follow":"follow","max-snippet":"max-snippet:-1","max-image-preview":"max-image-preview:large","max-video-preview":"max-video-preview:-1"},"canonical":"https:\/\/prismagamers.com\/hu\/produkt\/saint-kotar\/","og_locale":"hu_HU","og_type":"article","og_title":"Saint Kotar","og_description":"A Sveti Kotar egy pszichol\u00f3giai nyomoz\u00f3s horror, amely egy el\u00e1tkozott v\u00f6lgyben j\u00e1tsz\u00f3dik Horv\u00e1torsz\u00e1g vid\u00e9ki r\u00e9sz\u00e9n. Vizsg\u00e1ld meg egy csal\u00e1dtagod elt\u0171n\u00e9s\u00e9t Sveti Kotar okkultizmussal fert\u0151z\u00f6tt v\u00e1ros\u00e1ban, k\u00fcl\u00f6nb\u00f6z\u0151 val\u00f3s\u00e1gok k\u00f6z\u00f6tt v\u00e1ltogatva.   Glob\u00e1lis  G\u0151z  Digit\u00e1lis kulcs","og_url":"https:\/\/prismagamers.com\/hu\/produkt\/saint-kotar\/","og_site_name":"Prismagamers.com","article_publisher":"https:\/\/www.facebook.com\/prismagamers","og_image":[{"width":300,"height":450,"url":"https:\/\/prismagamers.com\/wp-content\/uploads\/2023\/05\/Steam_DigitalStoreAssets_LibraryCapsule_600x900-e1736254689975.png","type":"image\/png"}],"twitter_card":"summary_large_image","twitter_misc":{"Becs\u00fclt olvas\u00e1si id\u0151":"1 perc"},"schema":{"@context":"https:\/\/schema.org","@graph":[{"@type":"WebPage","@id":"https:\/\/prismagamers.com\/hu\/produkt\/saint-kotar\/","url":"https:\/\/prismagamers.com\/hu\/produkt\/saint-kotar\/","name":"Saint Kotar - Prismagamers.com","isPartOf":{"@id":"https:\/\/prismagamers.com\/hu\/#website"},"primaryImageOfPage":{"@id":"https:\/\/prismagamers.com\/hu\/produkt\/saint-kotar\/#primaryimage"},"image":{"@id":"https:\/\/prismagamers.com\/hu\/produkt\/saint-kotar\/#primaryimage"},"thumbnailUrl":"https:\/\/prismagamers.com\/wp-content\/uploads\/2023\/05\/Steam_DigitalStoreAssets_LibraryCapsule_600x900-e1736254689975.png","datePublished":"2023-05-03T10:22:20+00:00","description":"A Sveti Kotar egy pszichol\u00f3giai nyomoz\u00f3s horror, amely egy el\u00e1tkozott v\u00f6lgyben j\u00e1tsz\u00f3dik Horv\u00e1torsz\u00e1g vid\u00e9ki r\u00e9sz\u00e9n. Vizsg\u00e1ld meg egy csal\u00e1dtagod elt\u0171n\u00e9s\u00e9t Sveti Kotar okkultizmussal fert\u0151z\u00f6tt v\u00e1ros\u00e1ban, k\u00fcl\u00f6nb\u00f6z\u0151 val\u00f3s\u00e1gok k\u00f6z\u00f6tt v\u00e1ltogatva. Glob\u00e1lis G\u0151z Digit\u00e1lis kulcs","breadcrumb":{"@id":"https:\/\/prismagamers.com\/hu\/produkt\/saint-kotar\/#breadcrumb"},"inLanguage":"hu","potentialAction":[{"@type":"ReadAction","target":["https:\/\/prismagamers.com\/hu\/produkt\/saint-kotar\/"]}]},{"@type":"ImageObject","inLanguage":"hu","@id":"https:\/\/prismagamers.com\/hu\/produkt\/saint-kotar\/#primaryimage","url":"https:\/\/prismagamers.com\/wp-content\/uploads\/2023\/05\/Steam_DigitalStoreAssets_LibraryCapsule_600x900-e1736254689975.png","contentUrl":"https:\/\/prismagamers.com\/wp-content\/uploads\/2023\/05\/Steam_DigitalStoreAssets_LibraryCapsule_600x900-e1736254689975.png","width":300,"height":450},{"@type":"BreadcrumbList","@id":"https:\/\/prismagamers.com\/hu\/produkt\/saint-kotar\/#breadcrumb","itemListElement":[{"@type":"ListItem","position":1,"name":"Strona g\u0142\u00f3wna","item":"https:\/\/prismagamers.com\/hu\/prismagamers\/"},{"@type":"ListItem","position":2,"name":"Shop","item":"https:\/\/prismagamers.com\/hu\/shop\/"},{"@type":"ListItem","position":3,"name":"Saint Kotar"}]},{"@type":"WebSite","@id":"https:\/\/prismagamers.com\/hu\/#website","url":"https:\/\/prismagamers.com\/hu\/","name":"Prismagamers","description":"Sklep z grami PC I Sklep klucze Steam","publisher":{"@id":"https:\/\/prismagamers.com\/hu\/#organization"},"potentialAction":[{"@type":"SearchAction","target":{"@type":"EntryPoint","urlTemplate":"https:\/\/prismagamers.com\/hu\/?s={search_term_string}"},"query-input":{"@type":"PropertyValueSpecification","valueRequired":true,"valueName":"search_term_string"}}],"inLanguage":"hu"},{"@type":"Organization","@id":"https:\/\/prismagamers.com\/hu\/#organization","name":"Prismagamers","url":"https:\/\/prismagamers.com\/hu\/","logo":{"@type":"ImageObject","inLanguage":"hu","@id":"https:\/\/prismagamers.com\/hu\/#\/schema\/logo\/image\/","url":"https:\/\/prismagamers.com\/wp-content\/uploads\/2022\/04\/cropped-logo-Prismagamers-01-scaled-1.jpg","contentUrl":"https:\/\/prismagamers.com\/wp-content\/uploads\/2022\/04\/cropped-logo-Prismagamers-01-scaled-1.jpg","width":512,"height":512,"caption":"Prismagamers"},"image":{"@id":"https:\/\/prismagamers.com\/hu\/#\/schema\/logo\/image\/"},"sameAs":["https:\/\/www.facebook.com\/prismagamers","https:\/\/www.instagram.com\/prismagamers_grycyfrowe\/"],"description":"Prismagamers.com to dynamiczny sklep z grami cyfrowymi, stworzony z my\u015bl\u0105 o entuzjastach gier wideo. Nasza strona oferuje szerok\u0105 gam\u0119 gier komputerowych, w tym najnowsze tytu\u0142y, dobrze znane klasyki oraz gry stworzone przez niezale\u017cne studia Ca\u0142y czas d\u0105\u017cymy do rozszerzenia naszej oferty. Do\u0142\u0105cz do nas i sta\u0144 si\u0119 cz\u0119\u015bci\u0105 naszej rosn\u0105cej spo\u0142eczno\u015bci graczy!","email":"shop@prismagamers.com","telephone":"48795541705","legalName":"East Caravan Maksym \u017bukow","foundingDate":"2012-05-10","vatID":"PL8943038612","taxID":"PL8943038612","numberOfEmployees":{"@type":"QuantitativeValue","minValue":"11","maxValue":"50"}}]}},"_links":{"self":[{"href":"https:\/\/prismagamers.com\/hu\/wp-json\/wp\/v2\/product\/42435","targetHints":{"allow":["GET"]}}],"collection":[{"href":"https:\/\/prismagamers.com\/hu\/wp-json\/wp\/v2\/product"}],"about":[{"href":"https:\/\/prismagamers.com\/hu\/wp-json\/wp\/v2\/types\/product"}],"wp:featuredmedia":[{"embeddable":true,"href":"https:\/\/prismagamers.com\/hu\/wp-json\/wp\/v2\/media\/25276"}],"wp:attachment":[{"href":"https:\/\/prismagamers.com\/hu\/wp-json\/wp\/v2\/media?parent=42435"}],"wp:term":[{"taxonomy":"product_brand","embeddable":true,"href":"https:\/\/prismagamers.com\/hu\/wp-json\/wp\/v2\/product_brand?post=42435"},{"taxonomy":"product_cat","embeddable":true,"href":"https:\/\/prismagamers.com\/hu\/wp-json\/wp\/v2\/product_cat?post=42435"},{"taxonomy":"product_tag","embeddable":true,"href":"https:\/\/prismagamers.com\/hu\/wp-json\/wp\/v2\/product_tag?post=42435"}],"curies":[{"name":"wp","href":"https:\/\/api.w.org\/{rel}","templated":true}]}}