{"id":42436,"date":"2023-05-03T16:49:07","date_gmt":"2023-05-03T14:49:07","guid":{"rendered":"https:\/\/prismagamers.com\/produkt\/twilight-struggle\/"},"modified":"2023-05-03T16:49:07","modified_gmt":"2023-05-03T14:49:07","slug":"twilight-struggle","status":"publish","type":"product","link":"https:\/\/prismagamers.com\/hu\/produkt\/twilight-struggle\/","title":{"rendered":"Twilight Struggle"},"content":{"rendered":"<h3 data-start=\"109\" data-end=\"167\">Twilight Struggle &#8211; Strat\u00e9giai j\u00e1t\u00e9k a hidegh\u00e1bor\u00far\u00f3l<\/h3>\n<p data-start=\"169\" data-end=\"512\">A <strong data-start=\"169\" data-end=\"190\">Twilight Struggle<\/strong> a <strong data-start=\"230\" data-end=\"246\">hidegh\u00e1bor\u00fa<\/strong> kor\u00e1ban j\u00e1tsz\u00f3d\u00f3 strat\u00e9giai j\u00e1t\u00e9k, amely minden alkalommal \u00faj \u00e9s egyedi kih\u00edv\u00e1sok el\u00e9 \u00e1ll\u00edtja a j\u00e1t\u00e9kosokat. A j\u00e1t\u00e9kt\u00e1bla egy <strong data-start=\"333\" data-end=\"370\">hidegh\u00e1bor\u00fa korabeli vil\u00e1gt\u00e9rk\u00e9p<\/strong>, amelyen a j\u00e1t\u00e9kosok egys\u00e9geket mozgatnak \u00e9s befoly\u00e1st szereznek, hogy sz\u00f6vets\u00e9geseket \u00e9s ellen\u0151rz\u00e9st szerezzenek a szuperhatalmuk &#8211; <strong data-start=\"493\" data-end=\"509\">az USA vagy a Szovjetuni\u00f3<\/strong>&#8211; sz\u00e1m\u00e1ra. <\/p>\n<p data-start=\"514\" data-end=\"766\">A j\u00e1t\u00e9k t\u00f6rt\u00e9nelmi esem\u00e9nyeket \u00f6lel fel, az 1948-as \u00e9s 1967-es arab \u00e9s izraeli konfliktusokt\u00f3l kezdve a vietnami h\u00e1bor\u00fan \u00e9s az amerikai b\u00e9kemozgalmon \u00e1t a <strong data-start=\"668\" data-end=\"687\">kubai rak\u00e9tav\u00e1ls\u00e1gig<\/strong> \u00e9s m\u00e1s esem\u00e9nyekig, amelyek majdnem a vil\u00e1g <strong data-start=\"741\" data-end=\"763\">nukle\u00e1ris megsemmis\u00fcl\u00e9s\u00e9hez<\/strong> vezettek.<\/p>\n<h4 data-start=\"768\" data-end=\"796\">A j\u00e1t\u00e9k f\u0151bb jellemz\u0151i<\/h4>\n<ul data-start=\"797\" data-end=\"982\">\n<li data-start=\"797\" data-end=\"888\">\n<p data-start=\"799\" data-end=\"888\">A j\u00e1t\u00e9k esem\u00e9nyei a hidegh\u00e1bor\u00fa <strong data-start=\"830\" data-end=\"872\">t\u00e9nyleges t\u00f6rt\u00e9nelmi esem\u00e9nyein<\/strong> alapulnak.<\/p>\n<\/li>\n<li data-start=\"889\" data-end=\"982\">\n<p data-start=\"891\" data-end=\"982\"><strong data-start=\"891\" data-end=\"947\">Teljes k\u00f6r\u0171 t\u00e1mogat\u00e1s az aszinkron online j\u00e1t\u00e9khoz<\/strong>, ide\u00e1lis a t\u00f6bbj\u00e1t\u00e9kos j\u00e1t\u00e9kosok sz\u00e1m\u00e1ra.<\/p>\n<\/li>\n<\/ul>\n<p data-start=\"984\" data-end=\"1057\"><strong data-start=\"984\" data-end=\"1055\">J\u00e1tssz az USA vagy a Szovjetuni\u00f3 szerep\u00e9ben, \u00e9s v\u00e1ltoztasd meg a t\u00f6rt\u00e9nelem menet\u00e9t a Twilight Struggle j\u00e1t\u00e9kban!<\/strong><\/p>\n","protected":false},"excerpt":{"rendered":"<p>A Twilight Struggle egy k\u00e9tszem\u00e9lyes j\u00e1t\u00e9k, amelyben a j\u00e1t\u00e9kosok az Egyes\u00fclt \u00c1llamok vagy a Szovjetuni\u00f3 szerep\u00e9t veszik \u00e1t a hidegh\u00e1bor\u00fa idej\u00e9n. A j\u00e1t\u00e9kosoknak a t\u00f6rt\u00e9nelem val\u00f3s esem\u00e9nyeit felhaszn\u00e1lva kell megtervezni\u00fck strat\u00e9gi\u00e1jukat a vil\u00e1guralom megszerz\u00e9se \u00e9rdek\u00e9ben. J\u00e1tssz a Twilight Struggle j\u00e1t\u00e9kkal, \u00e9s v\u00e1ltoztasd meg a t\u00f6rt\u00e9nelem menet\u00e9t.  <\/p>\n<p><img decoding=\"async\" class=\"emoji\" role=\"img\" draggable=\"false\" src=\"https:\/\/s.w.org\/images\/core\/emoji\/14.0.0\/svg\/1f30d.svg\" alt=\"\ud83c\udf0d\">  Glob\u00e1lis<br \/>\n<img decoding=\"async\" class=\"emoji\" role=\"img\" draggable=\"false\" src=\"https:\/\/s.w.org\/images\/core\/emoji\/14.0.0\/svg\/2699.svg\" alt=\"\u2699\ufe0f\">  G\u0151z<br \/>\n<img decoding=\"async\" class=\"emoji\" role=\"img\" draggable=\"false\" src=\"https:\/\/s.w.org\/images\/core\/emoji\/14.0.0\/svg\/1f5dd.svg\" alt=\"\ud83d\udddd\">  Digit\u00e1lis kulcs<\/p>\n","protected":false},"featured_media":25285,"template":"","meta":{"_acf_changed":false,"site-sidebar-layout":"default","site-content-layout":"default","ast-site-content-layout":"default","site-content-style":"default","site-sidebar-style":"default","ast-global-header-display":"","ast-banner-title-visibility":"","ast-main-header-display":"","ast-hfb-above-header-display":"","ast-hfb-below-header-display":"","ast-hfb-mobile-header-display":"","site-post-title":"","ast-breadcrumbs-content":"","ast-featured-img":"","footer-sml-layout":"","ast-disable-related-posts":"","theme-transparent-header-meta":"default","adv-header-id-meta":"","stick-header-meta":"","header-above-stick-meta":"","header-main-stick-meta":"","header-below-stick-meta":"","astra-migrate-meta-layouts":"default","ast-page-background-enabled":"default","ast-page-background-meta":{"desktop":{"background-color":"var(--ast-global-color-4)","background-image":"","background-repeat":"repeat","background-position":"center center","background-size":"auto","background-attachment":"scroll","background-type":"","background-media":"","overlay-type":"","overlay-color":"","overlay-opacity":"","overlay-gradient":""},"tablet":{"background-color":"","background-image":"","background-repeat":"repeat","background-position":"center center","background-size":"auto","background-attachment":"scroll","background-type":"","background-media":"","overlay-type":"","overlay-color":"","overlay-opacity":"","overlay-gradient":""},"mobile":{"background-color":"","background-image":"","background-repeat":"repeat","background-position":"center center","background-size":"auto","background-attachment":"scroll","background-type":"","background-media":"","overlay-type":"","overlay-color":"","overlay-opacity":"","overlay-gradient":""}},"ast-content-background-meta":{"desktop":{"background-color":"var(--ast-global-color-5)","background-image":"","background-repeat":"repeat","background-position":"center center","background-size":"auto","background-attachment":"scroll","background-type":"","background-media":"","overlay-type":"","overlay-color":"","overlay-opacity":"","overlay-gradient":""},"tablet":{"background-color":"var(--ast-global-color-5)","background-image":"","background-repeat":"repeat","background-position":"center center","background-size":"auto","background-attachment":"scroll","background-type":"","background-media":"","overlay-type":"","overlay-color":"","overlay-opacity":"","overlay-gradient":""},"mobile":{"background-color":"var(--ast-global-color-5)","background-image":"","background-repeat":"repeat","background-position":"center center","background-size":"auto","background-attachment":"scroll","background-type":"","background-media":"","overlay-type":"","overlay-color":"","overlay-opacity":"","overlay-gradient":""}}},"product_brand":[],"product_cat":[394,365,372,378,367,386],"product_tag":[],"class_list":{"0":"post-42436","1":"product","2":"type-product","3":"status-publish","4":"has-post-thumbnail","6":"product_cat-digitalis-jatekok","7":"product_cat-goz","8":"product_cat-jatekok-szimulatorok","9":"product_cat-minden-digitalis-jatek","10":"product_cat-pc-jatekok","11":"product_cat-strategiai-jatekok","12":"desktop-align-left","13":"tablet-align-left","14":"mobile-align-left","16":"first","17":"instock","18":"shipping-taxable","19":"purchasable","20":"product-type-simple"},"acf":[],"yoast_head":"<!-- This site is optimized with the Yoast SEO Premium plugin v27.4 (Yoast SEO v27.4) - https:\/\/yoast.com\/product\/yoast-seo-premium-wordpress\/ -->\n<title>Twilight Struggle - Prismagamers.com<\/title>\n<meta name=\"description\" content=\"A Twilight Struggle egy k\u00e9tszem\u00e9lyes j\u00e1t\u00e9k, amelyben a j\u00e1t\u00e9kosok az Egyes\u00fclt \u00c1llamok vagy a Szovjetuni\u00f3 szerep\u00e9t veszik \u00e1t a hidegh\u00e1bor\u00fa idej\u00e9n. A j\u00e1t\u00e9kosoknak a t\u00f6rt\u00e9nelem val\u00f3s esem\u00e9nyeit felhaszn\u00e1lva kell megtervezni\u00fck strat\u00e9gi\u00e1jukat a vil\u00e1guralom megszerz\u00e9se \u00e9rdek\u00e9ben. J\u00e1tssz a Twilight Struggle j\u00e1t\u00e9kkal, \u00e9s v\u00e1ltoztasd meg a t\u00f6rt\u00e9nelem menet\u00e9t.   Glob\u00e1lis  G\u0151z  Digit\u00e1lis kulcs\" \/>\n<meta name=\"robots\" content=\"index, follow, max-snippet:-1, max-image-preview:large, max-video-preview:-1\" \/>\n<link rel=\"canonical\" href=\"https:\/\/prismagamers.com\/hu\/produkt\/twilight-struggle\/\" \/>\n<meta property=\"og:locale\" content=\"hu_HU\" \/>\n<meta property=\"og:type\" content=\"article\" \/>\n<meta property=\"og:title\" content=\"Twilight Struggle\" \/>\n<meta property=\"og:description\" content=\"A Twilight Struggle egy k\u00e9tszem\u00e9lyes j\u00e1t\u00e9k, amelyben a j\u00e1t\u00e9kosok az Egyes\u00fclt \u00c1llamok vagy a Szovjetuni\u00f3 szerep\u00e9t veszik \u00e1t a hidegh\u00e1bor\u00fa idej\u00e9n. A j\u00e1t\u00e9kosoknak a t\u00f6rt\u00e9nelem val\u00f3s esem\u00e9nyeit felhaszn\u00e1lva kell megtervezni\u00fck strat\u00e9gi\u00e1jukat a vil\u00e1guralom megszerz\u00e9se \u00e9rdek\u00e9ben. J\u00e1tssz a Twilight Struggle j\u00e1t\u00e9kkal, \u00e9s v\u00e1ltoztasd meg a t\u00f6rt\u00e9nelem menet\u00e9t.   Glob\u00e1lis  G\u0151z  Digit\u00e1lis kulcs\" \/>\n<meta property=\"og:url\" content=\"https:\/\/prismagamers.com\/hu\/produkt\/twilight-struggle\/\" \/>\n<meta property=\"og:site_name\" content=\"Prismagamers.com\" \/>\n<meta property=\"article:publisher\" content=\"https:\/\/www.facebook.com\/prismagamers\" \/>\n<meta property=\"og:image\" content=\"https:\/\/prismagamers.com\/wp-content\/uploads\/2023\/05\/Twilight-Struggle.jpeg\" \/>\n\t<meta property=\"og:image:width\" content=\"350\" \/>\n\t<meta property=\"og:image:height\" content=\"492\" \/>\n\t<meta property=\"og:image:type\" content=\"image\/jpeg\" \/>\n<meta name=\"twitter:card\" content=\"summary_large_image\" \/>\n<meta name=\"twitter:label1\" content=\"Becs\u00fclt olvas\u00e1si id\u0151\" \/>\n\t<meta name=\"twitter:data1\" content=\"1 perc\" \/>\n<script type=\"application\/ld+json\" class=\"yoast-schema-graph\">{\"@context\":\"https:\\\/\\\/schema.org\",\"@graph\":[{\"@type\":\"WebPage\",\"@id\":\"https:\\\/\\\/prismagamers.com\\\/hu\\\/produkt\\\/twilight-struggle\\\/\",\"url\":\"https:\\\/\\\/prismagamers.com\\\/hu\\\/produkt\\\/twilight-struggle\\\/\",\"name\":\"Twilight Struggle - Prismagamers.com\",\"isPartOf\":{\"@id\":\"https:\\\/\\\/prismagamers.com\\\/hu\\\/#website\"},\"primaryImageOfPage\":{\"@id\":\"https:\\\/\\\/prismagamers.com\\\/hu\\\/produkt\\\/twilight-struggle\\\/#primaryimage\"},\"image\":{\"@id\":\"https:\\\/\\\/prismagamers.com\\\/hu\\\/produkt\\\/twilight-struggle\\\/#primaryimage\"},\"thumbnailUrl\":\"https:\\\/\\\/prismagamers.com\\\/wp-content\\\/uploads\\\/2023\\\/05\\\/Twilight-Struggle.jpeg\",\"datePublished\":\"2023-05-03T14:49:07+00:00\",\"description\":\"A Twilight Struggle egy k\u00e9tszem\u00e9lyes j\u00e1t\u00e9k, amelyben a j\u00e1t\u00e9kosok az Egyes\u00fclt \u00c1llamok vagy a Szovjetuni\u00f3 szerep\u00e9t veszik \u00e1t a hidegh\u00e1bor\u00fa idej\u00e9n. A j\u00e1t\u00e9kosoknak a t\u00f6rt\u00e9nelem val\u00f3s esem\u00e9nyeit felhaszn\u00e1lva kell megtervezni\u00fck strat\u00e9gi\u00e1jukat a vil\u00e1guralom megszerz\u00e9se \u00e9rdek\u00e9ben. J\u00e1tssz a Twilight Struggle j\u00e1t\u00e9kkal, \u00e9s v\u00e1ltoztasd meg a t\u00f6rt\u00e9nelem menet\u00e9t. Glob\u00e1lis G\u0151z Digit\u00e1lis kulcs\",\"breadcrumb\":{\"@id\":\"https:\\\/\\\/prismagamers.com\\\/hu\\\/produkt\\\/twilight-struggle\\\/#breadcrumb\"},\"inLanguage\":\"hu\",\"potentialAction\":[{\"@type\":\"ReadAction\",\"target\":[\"https:\\\/\\\/prismagamers.com\\\/hu\\\/produkt\\\/twilight-struggle\\\/\"]}]},{\"@type\":\"ImageObject\",\"inLanguage\":\"hu\",\"@id\":\"https:\\\/\\\/prismagamers.com\\\/hu\\\/produkt\\\/twilight-struggle\\\/#primaryimage\",\"url\":\"https:\\\/\\\/prismagamers.com\\\/wp-content\\\/uploads\\\/2023\\\/05\\\/Twilight-Struggle.jpeg\",\"contentUrl\":\"https:\\\/\\\/prismagamers.com\\\/wp-content\\\/uploads\\\/2023\\\/05\\\/Twilight-Struggle.jpeg\",\"width\":350,\"height\":492},{\"@type\":\"BreadcrumbList\",\"@id\":\"https:\\\/\\\/prismagamers.com\\\/hu\\\/produkt\\\/twilight-struggle\\\/#breadcrumb\",\"itemListElement\":[{\"@type\":\"ListItem\",\"position\":1,\"name\":\"Strona g\u0142\u00f3wna\",\"item\":\"https:\\\/\\\/prismagamers.com\\\/hu\\\/prismagamers\\\/\"},{\"@type\":\"ListItem\",\"position\":2,\"name\":\"Shop\",\"item\":\"https:\\\/\\\/prismagamers.com\\\/hu\\\/shop\\\/\"},{\"@type\":\"ListItem\",\"position\":3,\"name\":\"Twilight Struggle\"}]},{\"@type\":\"WebSite\",\"@id\":\"https:\\\/\\\/prismagamers.com\\\/hu\\\/#website\",\"url\":\"https:\\\/\\\/prismagamers.com\\\/hu\\\/\",\"name\":\"Prismagamers\",\"description\":\"Sklep z grami PC I Sklep klucze Steam\",\"publisher\":{\"@id\":\"https:\\\/\\\/prismagamers.com\\\/hu\\\/#organization\"},\"potentialAction\":[{\"@type\":\"SearchAction\",\"target\":{\"@type\":\"EntryPoint\",\"urlTemplate\":\"https:\\\/\\\/prismagamers.com\\\/hu\\\/?s={search_term_string}\"},\"query-input\":{\"@type\":\"PropertyValueSpecification\",\"valueRequired\":true,\"valueName\":\"search_term_string\"}}],\"inLanguage\":\"hu\"},{\"@type\":\"Organization\",\"@id\":\"https:\\\/\\\/prismagamers.com\\\/hu\\\/#organization\",\"name\":\"Prismagamers\",\"url\":\"https:\\\/\\\/prismagamers.com\\\/hu\\\/\",\"logo\":{\"@type\":\"ImageObject\",\"inLanguage\":\"hu\",\"@id\":\"https:\\\/\\\/prismagamers.com\\\/hu\\\/#\\\/schema\\\/logo\\\/image\\\/\",\"url\":\"https:\\\/\\\/prismagamers.com\\\/wp-content\\\/uploads\\\/2022\\\/04\\\/cropped-logo-Prismagamers-01-scaled-1.jpg\",\"contentUrl\":\"https:\\\/\\\/prismagamers.com\\\/wp-content\\\/uploads\\\/2022\\\/04\\\/cropped-logo-Prismagamers-01-scaled-1.jpg\",\"width\":512,\"height\":512,\"caption\":\"Prismagamers\"},\"image\":{\"@id\":\"https:\\\/\\\/prismagamers.com\\\/hu\\\/#\\\/schema\\\/logo\\\/image\\\/\"},\"sameAs\":[\"https:\\\/\\\/www.facebook.com\\\/prismagamers\",\"https:\\\/\\\/www.instagram.com\\\/prismagamers_grycyfrowe\\\/\"],\"description\":\"Prismagamers.com to dynamiczny sklep z grami cyfrowymi, stworzony z my\u015bl\u0105 o entuzjastach gier wideo. Nasza strona oferuje szerok\u0105 gam\u0119 gier komputerowych, w tym najnowsze tytu\u0142y, dobrze znane klasyki oraz gry stworzone przez niezale\u017cne studia Ca\u0142y czas d\u0105\u017cymy do rozszerzenia naszej oferty. Do\u0142\u0105cz do nas i sta\u0144 si\u0119 cz\u0119\u015bci\u0105 naszej rosn\u0105cej spo\u0142eczno\u015bci graczy!\",\"email\":\"shop@prismagamers.com\",\"telephone\":\"48795541705\",\"legalName\":\"East Caravan Maksym \u017bukow\",\"foundingDate\":\"2012-05-10\",\"vatID\":\"PL8943038612\",\"taxID\":\"PL8943038612\",\"numberOfEmployees\":{\"@type\":\"QuantitativeValue\",\"minValue\":\"11\",\"maxValue\":\"50\"}}]}<\/script>\n<!-- \/ Yoast SEO Premium plugin. -->","yoast_head_json":{"title":"Twilight Struggle - Prismagamers.com","description":"A Twilight Struggle egy k\u00e9tszem\u00e9lyes j\u00e1t\u00e9k, amelyben a j\u00e1t\u00e9kosok az Egyes\u00fclt \u00c1llamok vagy a Szovjetuni\u00f3 szerep\u00e9t veszik \u00e1t a hidegh\u00e1bor\u00fa idej\u00e9n. A j\u00e1t\u00e9kosoknak a t\u00f6rt\u00e9nelem val\u00f3s esem\u00e9nyeit felhaszn\u00e1lva kell megtervezni\u00fck strat\u00e9gi\u00e1jukat a vil\u00e1guralom megszerz\u00e9se \u00e9rdek\u00e9ben. J\u00e1tssz a Twilight Struggle j\u00e1t\u00e9kkal, \u00e9s v\u00e1ltoztasd meg a t\u00f6rt\u00e9nelem menet\u00e9t.   Glob\u00e1lis  G\u0151z  Digit\u00e1lis kulcs","robots":{"index":"index","follow":"follow","max-snippet":"max-snippet:-1","max-image-preview":"max-image-preview:large","max-video-preview":"max-video-preview:-1"},"canonical":"https:\/\/prismagamers.com\/hu\/produkt\/twilight-struggle\/","og_locale":"hu_HU","og_type":"article","og_title":"Twilight Struggle","og_description":"A Twilight Struggle egy k\u00e9tszem\u00e9lyes j\u00e1t\u00e9k, amelyben a j\u00e1t\u00e9kosok az Egyes\u00fclt \u00c1llamok vagy a Szovjetuni\u00f3 szerep\u00e9t veszik \u00e1t a hidegh\u00e1bor\u00fa idej\u00e9n. A j\u00e1t\u00e9kosoknak a t\u00f6rt\u00e9nelem val\u00f3s esem\u00e9nyeit felhaszn\u00e1lva kell megtervezni\u00fck strat\u00e9gi\u00e1jukat a vil\u00e1guralom megszerz\u00e9se \u00e9rdek\u00e9ben. J\u00e1tssz a Twilight Struggle j\u00e1t\u00e9kkal, \u00e9s v\u00e1ltoztasd meg a t\u00f6rt\u00e9nelem menet\u00e9t.   Glob\u00e1lis  G\u0151z  Digit\u00e1lis kulcs","og_url":"https:\/\/prismagamers.com\/hu\/produkt\/twilight-struggle\/","og_site_name":"Prismagamers.com","article_publisher":"https:\/\/www.facebook.com\/prismagamers","og_image":[{"width":350,"height":492,"url":"https:\/\/prismagamers.com\/wp-content\/uploads\/2023\/05\/Twilight-Struggle.jpeg","type":"image\/jpeg"}],"twitter_card":"summary_large_image","twitter_misc":{"Becs\u00fclt olvas\u00e1si id\u0151":"1 perc"},"schema":{"@context":"https:\/\/schema.org","@graph":[{"@type":"WebPage","@id":"https:\/\/prismagamers.com\/hu\/produkt\/twilight-struggle\/","url":"https:\/\/prismagamers.com\/hu\/produkt\/twilight-struggle\/","name":"Twilight Struggle - Prismagamers.com","isPartOf":{"@id":"https:\/\/prismagamers.com\/hu\/#website"},"primaryImageOfPage":{"@id":"https:\/\/prismagamers.com\/hu\/produkt\/twilight-struggle\/#primaryimage"},"image":{"@id":"https:\/\/prismagamers.com\/hu\/produkt\/twilight-struggle\/#primaryimage"},"thumbnailUrl":"https:\/\/prismagamers.com\/wp-content\/uploads\/2023\/05\/Twilight-Struggle.jpeg","datePublished":"2023-05-03T14:49:07+00:00","description":"A Twilight Struggle egy k\u00e9tszem\u00e9lyes j\u00e1t\u00e9k, amelyben a j\u00e1t\u00e9kosok az Egyes\u00fclt \u00c1llamok vagy a Szovjetuni\u00f3 szerep\u00e9t veszik \u00e1t a hidegh\u00e1bor\u00fa idej\u00e9n. A j\u00e1t\u00e9kosoknak a t\u00f6rt\u00e9nelem val\u00f3s esem\u00e9nyeit felhaszn\u00e1lva kell megtervezni\u00fck strat\u00e9gi\u00e1jukat a vil\u00e1guralom megszerz\u00e9se \u00e9rdek\u00e9ben. J\u00e1tssz a Twilight Struggle j\u00e1t\u00e9kkal, \u00e9s v\u00e1ltoztasd meg a t\u00f6rt\u00e9nelem menet\u00e9t. Glob\u00e1lis G\u0151z Digit\u00e1lis kulcs","breadcrumb":{"@id":"https:\/\/prismagamers.com\/hu\/produkt\/twilight-struggle\/#breadcrumb"},"inLanguage":"hu","potentialAction":[{"@type":"ReadAction","target":["https:\/\/prismagamers.com\/hu\/produkt\/twilight-struggle\/"]}]},{"@type":"ImageObject","inLanguage":"hu","@id":"https:\/\/prismagamers.com\/hu\/produkt\/twilight-struggle\/#primaryimage","url":"https:\/\/prismagamers.com\/wp-content\/uploads\/2023\/05\/Twilight-Struggle.jpeg","contentUrl":"https:\/\/prismagamers.com\/wp-content\/uploads\/2023\/05\/Twilight-Struggle.jpeg","width":350,"height":492},{"@type":"BreadcrumbList","@id":"https:\/\/prismagamers.com\/hu\/produkt\/twilight-struggle\/#breadcrumb","itemListElement":[{"@type":"ListItem","position":1,"name":"Strona g\u0142\u00f3wna","item":"https:\/\/prismagamers.com\/hu\/prismagamers\/"},{"@type":"ListItem","position":2,"name":"Shop","item":"https:\/\/prismagamers.com\/hu\/shop\/"},{"@type":"ListItem","position":3,"name":"Twilight Struggle"}]},{"@type":"WebSite","@id":"https:\/\/prismagamers.com\/hu\/#website","url":"https:\/\/prismagamers.com\/hu\/","name":"Prismagamers","description":"Sklep z grami PC I Sklep klucze Steam","publisher":{"@id":"https:\/\/prismagamers.com\/hu\/#organization"},"potentialAction":[{"@type":"SearchAction","target":{"@type":"EntryPoint","urlTemplate":"https:\/\/prismagamers.com\/hu\/?s={search_term_string}"},"query-input":{"@type":"PropertyValueSpecification","valueRequired":true,"valueName":"search_term_string"}}],"inLanguage":"hu"},{"@type":"Organization","@id":"https:\/\/prismagamers.com\/hu\/#organization","name":"Prismagamers","url":"https:\/\/prismagamers.com\/hu\/","logo":{"@type":"ImageObject","inLanguage":"hu","@id":"https:\/\/prismagamers.com\/hu\/#\/schema\/logo\/image\/","url":"https:\/\/prismagamers.com\/wp-content\/uploads\/2022\/04\/cropped-logo-Prismagamers-01-scaled-1.jpg","contentUrl":"https:\/\/prismagamers.com\/wp-content\/uploads\/2022\/04\/cropped-logo-Prismagamers-01-scaled-1.jpg","width":512,"height":512,"caption":"Prismagamers"},"image":{"@id":"https:\/\/prismagamers.com\/hu\/#\/schema\/logo\/image\/"},"sameAs":["https:\/\/www.facebook.com\/prismagamers","https:\/\/www.instagram.com\/prismagamers_grycyfrowe\/"],"description":"Prismagamers.com to dynamiczny sklep z grami cyfrowymi, stworzony z my\u015bl\u0105 o entuzjastach gier wideo. Nasza strona oferuje szerok\u0105 gam\u0119 gier komputerowych, w tym najnowsze tytu\u0142y, dobrze znane klasyki oraz gry stworzone przez niezale\u017cne studia Ca\u0142y czas d\u0105\u017cymy do rozszerzenia naszej oferty. Do\u0142\u0105cz do nas i sta\u0144 si\u0119 cz\u0119\u015bci\u0105 naszej rosn\u0105cej spo\u0142eczno\u015bci graczy!","email":"shop@prismagamers.com","telephone":"48795541705","legalName":"East Caravan Maksym \u017bukow","foundingDate":"2012-05-10","vatID":"PL8943038612","taxID":"PL8943038612","numberOfEmployees":{"@type":"QuantitativeValue","minValue":"11","maxValue":"50"}}]}},"_links":{"self":[{"href":"https:\/\/prismagamers.com\/hu\/wp-json\/wp\/v2\/product\/42436","targetHints":{"allow":["GET"]}}],"collection":[{"href":"https:\/\/prismagamers.com\/hu\/wp-json\/wp\/v2\/product"}],"about":[{"href":"https:\/\/prismagamers.com\/hu\/wp-json\/wp\/v2\/types\/product"}],"wp:featuredmedia":[{"embeddable":true,"href":"https:\/\/prismagamers.com\/hu\/wp-json\/wp\/v2\/media\/25285"}],"wp:attachment":[{"href":"https:\/\/prismagamers.com\/hu\/wp-json\/wp\/v2\/media?parent=42436"}],"wp:term":[{"taxonomy":"product_brand","embeddable":true,"href":"https:\/\/prismagamers.com\/hu\/wp-json\/wp\/v2\/product_brand?post=42436"},{"taxonomy":"product_cat","embeddable":true,"href":"https:\/\/prismagamers.com\/hu\/wp-json\/wp\/v2\/product_cat?post=42436"},{"taxonomy":"product_tag","embeddable":true,"href":"https:\/\/prismagamers.com\/hu\/wp-json\/wp\/v2\/product_tag?post=42436"}],"curies":[{"name":"wp","href":"https:\/\/api.w.org\/{rel}","templated":true}]}}