{"id":42437,"date":"2023-05-03T17:07:03","date_gmt":"2023-05-03T15:07:03","guid":{"rendered":"https:\/\/prismagamers.com\/produkt\/innchanted\/"},"modified":"2023-05-03T17:07:03","modified_gmt":"2023-05-03T15:07:03","slug":"innchanted","status":"publish","type":"product","link":"https:\/\/prismagamers.com\/hu\/produkt\/innchanted\/","title":{"rendered":"Innchanted"},"content":{"rendered":"<h3 data-start=\"152\" data-end=\"211\">Var\u00e1zslatos fogad\u00f3 &#8211; Futtass egy var\u00e1zslatos fogad\u00f3t a bar\u00e1taiddal!<\/h3>\n<p data-start=\"213\" data-end=\"585\">Yarrul csal\u00e1di fogad\u00f3j\u00e1t elfoglalta a gonosz var\u00e1zsl\u00f3-tulajdonos! Hogy visszaszerezd a csal\u00e1dod \u00f6r\u00f6ks\u00e9g\u00e9t, <strong data-start=\"324\" data-end=\"354\">fogj \u00f6ssze a bar\u00e1taiddal<\/strong>, ir\u00e1ny\u00edtsd a fogad\u00f3t, f\u0151zz b\u00e1jitalokat, hal\u00e1ssz, f\u0151zz \u00e9s harcolj ebben az 1-4 j\u00e1t\u00e9kosnak sz\u00f3l\u00f3 vagy kooperat\u00edv var\u00e1zslatos kalandban. Az eg\u00e9sz j\u00e1t\u00e9k egy fant\u00e1ziavil\u00e1gban j\u00e1tsz\u00f3dik, amelyet az ausztr\u00e1liai \u0151slakosok t\u00f6rt\u00e9netei ihlettek.  <\/p>\n<p data-start=\"587\" data-end=\"873\">Ahhoz, hogy meg\u00e1ll\u00edtsd a var\u00e1zsl\u00f3t a puszt\u00edt\u00e1sban \u00e9s visszaszerezd a fogad\u00f3t, \u00e1t kell menned a kih\u00edv\u00e1s\u00e1n: <strong data-start=\"685\" data-end=\"737\">be kell bizony\u00edtanod, hogy jobb h\u00e1zigazda vagy n\u00e1la!<\/strong> A var\u00e1zslatos kocsm\u00e1d naponta v\u00e1ltozik, friss kalandokat \u00e9s mechanik\u00e1kat k\u00edn\u00e1l, \u00e9s bar\u00e1taiddal vagy AI t\u00e1rsaddal egy\u00fctt kell:<\/p>\n<ul data-start=\"874\" data-end=\"1108\">\n<li data-start=\"874\" data-end=\"928\">\n<p data-start=\"876\" data-end=\"928\">Vend\u00e9gek kiszolg\u00e1l\u00e1sa, \u00e9telek \u00e9s f\u0151zetek felszolg\u00e1l\u00e1sa,<\/p>\n<\/li>\n<li data-start=\"929\" data-end=\"1006\">\n<p data-start=\"931\" data-end=\"1006\">V\u00e9dd meg a fogad\u00f3t a sz\u00f6rnyekt\u0151l, tolvajokt\u00f3l \u00e9s var\u00e1zsl\u00f3kt\u00f3l,<\/p>\n<\/li>\n<li data-start=\"1007\" data-end=\"1053\">\n<p data-start=\"1009\" data-end=\"1053\">Gy\u0171jtsd \u00f6ssze a kagyl\u00f3kat, hogy jav\u00edtsd a helyed,<\/p>\n<\/li>\n<li data-start=\"1054\" data-end=\"1108\">\n<p data-start=\"1056\" data-end=\"1108\">Gondoskodj az \u00e1llatokr\u00f3l \u00e9s gy\u0151zd le a m\u00e1gikus szellemeket.<\/p>\n<\/li>\n<\/ul>\n<p data-start=\"1110\" data-end=\"1364\">A fogad\u00f3ban t\u00f6lt\u00f6tt est\u00e9k a pihen\u00e9s ideje &#8211; v\u00e1lassz az 5 \u00e9jszakai tev\u00e9kenys\u00e9g k\u00f6z\u00fcl, hogy b\u00f3nuszokat szerezz a k\u00f6vetkez\u0151 napra: gyakorold az alk\u00edmi\u00e1t, fedezd fel a vil\u00e1got, vigy\u00e1zz a fogad\u00f3ra vagy egyszer\u0171en csak pihenj. D\u00f6nt\u00e9seid befoly\u00e1solj\u00e1k a k\u00f6vetkez\u0151 kih\u00edv\u00e1sokat \u00e9s a fogad\u00f3 siker\u00e9t! <\/p>\n<p data-start=\"1366\" data-end=\"1578\">A <strong data-start=\"1366\" data-end=\"1381\">Magical Inn<\/strong> egy humoros, mag\u00e1val ragad\u00f3 kaland egy gy\u00f6ny\u00f6r\u0171, Ausztr\u00e1lia \u00e1ltal inspir\u00e1lt fant\u00e1ziavil\u00e1gban. \u00c1llj \u00f6ssze bar\u00e1taiddal, gy\u0151zd le a gonosz var\u00e1zsl\u00f3t, \u00e9s l\u00e9gy te a v\u00e9gs\u0151 Magical Inn Host! <\/p>\n","protected":false},"excerpt":{"rendered":"<p>Futtasd a Magic Innt a bar\u00e1taiddal! A Yarrula csal\u00e1d fogad\u00f3j\u00e1t ellopta a gonosz var\u00e1zsl\u00f3 tulajdonos! Fogj \u00f6ssze bar\u00e1taiddal, hogy visszaszerezd a csal\u00e1d \u00f6r\u00f6ks\u00e9g\u00e9t. Vezesd a fogad\u00f3t, f\u0151zz b\u00e1jitalokat, f\u0151zz \u00e9s harcolj ebben a mozgalmas \u00e9s sz\u00edvhez sz\u00f3l\u00f3 m\u00e1gikus kalandban. J\u00e1tssz egyed\u00fcl vagy kooperat\u00edv m\u00f3dban 1-4 j\u00e1t\u00e9kos sz\u00e1m\u00e1ra.    <\/p>\n<p><img decoding=\"async\" class=\"emoji\" role=\"img\" draggable=\"false\" src=\"https:\/\/s.w.org\/images\/core\/emoji\/14.0.0\/svg\/1f30d.svg\" alt=\"\ud83c\udf0d\">  Glob\u00e1lis<br \/>\n<img decoding=\"async\" class=\"emoji\" role=\"img\" draggable=\"false\" src=\"https:\/\/s.w.org\/images\/core\/emoji\/14.0.0\/svg\/2699.svg\" alt=\"\u2699\ufe0f\">  G\u0151z<br \/>\n<img decoding=\"async\" class=\"emoji\" role=\"img\" draggable=\"false\" src=\"https:\/\/s.w.org\/images\/core\/emoji\/14.0.0\/svg\/1f5dd.svg\" alt=\"\ud83d\udddd\">  Digit\u00e1lis kulcs<\/p>\n","protected":false},"featured_media":25298,"template":"","meta":{"_acf_changed":false,"site-sidebar-layout":"default","site-content-layout":"default","ast-site-content-layout":"default","site-content-style":"default","site-sidebar-style":"default","ast-global-header-display":"","ast-banner-title-visibility":"","ast-main-header-display":"","ast-hfb-above-header-display":"","ast-hfb-below-header-display":"","ast-hfb-mobile-header-display":"","site-post-title":"","ast-breadcrumbs-content":"","ast-featured-img":"","footer-sml-layout":"","ast-disable-related-posts":"","theme-transparent-header-meta":"default","adv-header-id-meta":"","stick-header-meta":"","header-above-stick-meta":"","header-main-stick-meta":"","header-below-stick-meta":"","astra-migrate-meta-layouts":"default","ast-page-background-enabled":"default","ast-page-background-meta":{"desktop":{"background-color":"var(--ast-global-color-4)","background-image":"","background-repeat":"repeat","background-position":"center center","background-size":"auto","background-attachment":"scroll","background-type":"","background-media":"","overlay-type":"","overlay-color":"","overlay-opacity":"","overlay-gradient":""},"tablet":{"background-color":"","background-image":"","background-repeat":"repeat","background-position":"center center","background-size":"auto","background-attachment":"scroll","background-type":"","background-media":"","overlay-type":"","overlay-color":"","overlay-opacity":"","overlay-gradient":""},"mobile":{"background-color":"","background-image":"","background-repeat":"repeat","background-position":"center center","background-size":"auto","background-attachment":"scroll","background-type":"","background-media":"","overlay-type":"","overlay-color":"","overlay-opacity":"","overlay-gradient":""}},"ast-content-background-meta":{"desktop":{"background-color":"var(--ast-global-color-5)","background-image":"","background-repeat":"repeat","background-position":"center center","background-size":"auto","background-attachment":"scroll","background-type":"","background-media":"","overlay-type":"","overlay-color":"","overlay-opacity":"","overlay-gradient":""},"tablet":{"background-color":"var(--ast-global-color-5)","background-image":"","background-repeat":"repeat","background-position":"center center","background-size":"auto","background-attachment":"scroll","background-type":"","background-media":"","overlay-type":"","overlay-color":"","overlay-opacity":"","overlay-gradient":""},"mobile":{"background-color":"var(--ast-global-color-5)","background-image":"","background-repeat":"repeat","background-position":"center center","background-size":"auto","background-attachment":"scroll","background-type":"","background-media":"","overlay-type":"","overlay-color":"","overlay-opacity":"","overlay-gradient":""}}},"product_brand":[],"product_cat":[371,394,365,363,378,367],"product_tag":[],"class_list":{"0":"post-42437","1":"product","2":"type-product","3":"status-publish","4":"has-post-thumbnail","6":"product_cat-akcio-jatekok","7":"product_cat-digitalis-jatekok","8":"product_cat-goz","9":"product_cat-kaland-jatekok","10":"product_cat-minden-digitalis-jatek","11":"product_cat-pc-jatekok","12":"desktop-align-left","13":"tablet-align-left","14":"mobile-align-left","16":"first","17":"instock","18":"shipping-taxable","19":"purchasable","20":"product-type-simple"},"acf":[],"yoast_head":"<!-- This site is optimized with the Yoast SEO Premium plugin v27.4 (Yoast SEO v27.4) - https:\/\/yoast.com\/product\/yoast-seo-premium-wordpress\/ -->\n<title>Innchanted - Prismagamers.com<\/title>\n<meta name=\"description\" content=\"Futtasd a Magic Innt a bar\u00e1taiddal! A Yarrula csal\u00e1d fogad\u00f3j\u00e1t ellopta a gonosz var\u00e1zsl\u00f3 tulajdonos! Fogj \u00f6ssze bar\u00e1taiddal, hogy visszaszerezd a csal\u00e1d \u00f6r\u00f6ks\u00e9g\u00e9t. Vezesd a fogad\u00f3t, f\u0151zz b\u00e1jitalokat, f\u0151zz \u00e9s harcolj ebben a mozgalmas \u00e9s sz\u00edvhez sz\u00f3l\u00f3 m\u00e1gikus kalandban. J\u00e1tssz egyed\u00fcl vagy kooperat\u00edv m\u00f3dban 1-4 j\u00e1t\u00e9kos sz\u00e1m\u00e1ra.    Glob\u00e1lis  G\u0151z  Digit\u00e1lis kulcs\" \/>\n<meta name=\"robots\" content=\"index, follow, max-snippet:-1, max-image-preview:large, max-video-preview:-1\" \/>\n<link rel=\"canonical\" href=\"https:\/\/prismagamers.com\/hu\/produkt\/innchanted\/\" \/>\n<meta property=\"og:locale\" content=\"hu_HU\" \/>\n<meta property=\"og:type\" content=\"article\" \/>\n<meta property=\"og:title\" content=\"Innchanted\" \/>\n<meta property=\"og:description\" content=\"Futtasd a Magic Innt a bar\u00e1taiddal! A Yarrula csal\u00e1d fogad\u00f3j\u00e1t ellopta a gonosz var\u00e1zsl\u00f3 tulajdonos! Fogj \u00f6ssze bar\u00e1taiddal, hogy visszaszerezd a csal\u00e1d \u00f6r\u00f6ks\u00e9g\u00e9t. Vezesd a fogad\u00f3t, f\u0151zz b\u00e1jitalokat, f\u0151zz \u00e9s harcolj ebben a mozgalmas \u00e9s sz\u00edvhez sz\u00f3l\u00f3 m\u00e1gikus kalandban. J\u00e1tssz egyed\u00fcl vagy kooperat\u00edv m\u00f3dban 1-4 j\u00e1t\u00e9kos sz\u00e1m\u00e1ra.    Glob\u00e1lis  G\u0151z  Digit\u00e1lis kulcs\" \/>\n<meta property=\"og:url\" content=\"https:\/\/prismagamers.com\/hu\/produkt\/innchanted\/\" \/>\n<meta property=\"og:site_name\" content=\"Prismagamers.com\" \/>\n<meta property=\"article:publisher\" content=\"https:\/\/www.facebook.com\/prismagamers\" \/>\n<meta property=\"og:image\" content=\"https:\/\/prismagamers.com\/wp-content\/uploads\/2023\/05\/library_600x900_2x-8.jpg\" \/>\n\t<meta property=\"og:image:width\" content=\"600\" \/>\n\t<meta property=\"og:image:height\" content=\"900\" \/>\n\t<meta property=\"og:image:type\" content=\"image\/jpeg\" \/>\n<meta name=\"twitter:card\" content=\"summary_large_image\" \/>\n<meta name=\"twitter:label1\" content=\"Becs\u00fclt olvas\u00e1si id\u0151\" \/>\n\t<meta name=\"twitter:data1\" content=\"2 perc\" \/>\n<script type=\"application\/ld+json\" class=\"yoast-schema-graph\">{\"@context\":\"https:\\\/\\\/schema.org\",\"@graph\":[{\"@type\":\"WebPage\",\"@id\":\"https:\\\/\\\/prismagamers.com\\\/hu\\\/produkt\\\/innchanted\\\/\",\"url\":\"https:\\\/\\\/prismagamers.com\\\/hu\\\/produkt\\\/innchanted\\\/\",\"name\":\"Innchanted - Prismagamers.com\",\"isPartOf\":{\"@id\":\"https:\\\/\\\/prismagamers.com\\\/hu\\\/#website\"},\"primaryImageOfPage\":{\"@id\":\"https:\\\/\\\/prismagamers.com\\\/hu\\\/produkt\\\/innchanted\\\/#primaryimage\"},\"image\":{\"@id\":\"https:\\\/\\\/prismagamers.com\\\/hu\\\/produkt\\\/innchanted\\\/#primaryimage\"},\"thumbnailUrl\":\"https:\\\/\\\/prismagamers.com\\\/wp-content\\\/uploads\\\/2023\\\/05\\\/library_600x900_2x-8.jpg\",\"datePublished\":\"2023-05-03T15:07:03+00:00\",\"description\":\"Futtasd a Magic Innt a bar\u00e1taiddal! A Yarrula csal\u00e1d fogad\u00f3j\u00e1t ellopta a gonosz var\u00e1zsl\u00f3 tulajdonos! Fogj \u00f6ssze bar\u00e1taiddal, hogy visszaszerezd a csal\u00e1d \u00f6r\u00f6ks\u00e9g\u00e9t. Vezesd a fogad\u00f3t, f\u0151zz b\u00e1jitalokat, f\u0151zz \u00e9s harcolj ebben a mozgalmas \u00e9s sz\u00edvhez sz\u00f3l\u00f3 m\u00e1gikus kalandban. J\u00e1tssz egyed\u00fcl vagy kooperat\u00edv m\u00f3dban 1-4 j\u00e1t\u00e9kos sz\u00e1m\u00e1ra. Glob\u00e1lis G\u0151z Digit\u00e1lis kulcs\",\"breadcrumb\":{\"@id\":\"https:\\\/\\\/prismagamers.com\\\/hu\\\/produkt\\\/innchanted\\\/#breadcrumb\"},\"inLanguage\":\"hu\",\"potentialAction\":[{\"@type\":\"ReadAction\",\"target\":[\"https:\\\/\\\/prismagamers.com\\\/hu\\\/produkt\\\/innchanted\\\/\"]}]},{\"@type\":\"ImageObject\",\"inLanguage\":\"hu\",\"@id\":\"https:\\\/\\\/prismagamers.com\\\/hu\\\/produkt\\\/innchanted\\\/#primaryimage\",\"url\":\"https:\\\/\\\/prismagamers.com\\\/wp-content\\\/uploads\\\/2023\\\/05\\\/library_600x900_2x-8.jpg\",\"contentUrl\":\"https:\\\/\\\/prismagamers.com\\\/wp-content\\\/uploads\\\/2023\\\/05\\\/library_600x900_2x-8.jpg\",\"width\":600,\"height\":900},{\"@type\":\"BreadcrumbList\",\"@id\":\"https:\\\/\\\/prismagamers.com\\\/hu\\\/produkt\\\/innchanted\\\/#breadcrumb\",\"itemListElement\":[{\"@type\":\"ListItem\",\"position\":1,\"name\":\"Strona g\u0142\u00f3wna\",\"item\":\"https:\\\/\\\/prismagamers.com\\\/hu\\\/prismagamers\\\/\"},{\"@type\":\"ListItem\",\"position\":2,\"name\":\"Shop\",\"item\":\"https:\\\/\\\/prismagamers.com\\\/hu\\\/shop\\\/\"},{\"@type\":\"ListItem\",\"position\":3,\"name\":\"Innchanted\"}]},{\"@type\":\"WebSite\",\"@id\":\"https:\\\/\\\/prismagamers.com\\\/hu\\\/#website\",\"url\":\"https:\\\/\\\/prismagamers.com\\\/hu\\\/\",\"name\":\"Prismagamers\",\"description\":\"Sklep z grami PC I Sklep klucze Steam\",\"publisher\":{\"@id\":\"https:\\\/\\\/prismagamers.com\\\/hu\\\/#organization\"},\"potentialAction\":[{\"@type\":\"SearchAction\",\"target\":{\"@type\":\"EntryPoint\",\"urlTemplate\":\"https:\\\/\\\/prismagamers.com\\\/hu\\\/?s={search_term_string}\"},\"query-input\":{\"@type\":\"PropertyValueSpecification\",\"valueRequired\":true,\"valueName\":\"search_term_string\"}}],\"inLanguage\":\"hu\"},{\"@type\":\"Organization\",\"@id\":\"https:\\\/\\\/prismagamers.com\\\/hu\\\/#organization\",\"name\":\"Prismagamers\",\"url\":\"https:\\\/\\\/prismagamers.com\\\/hu\\\/\",\"logo\":{\"@type\":\"ImageObject\",\"inLanguage\":\"hu\",\"@id\":\"https:\\\/\\\/prismagamers.com\\\/hu\\\/#\\\/schema\\\/logo\\\/image\\\/\",\"url\":\"https:\\\/\\\/prismagamers.com\\\/wp-content\\\/uploads\\\/2022\\\/04\\\/cropped-logo-Prismagamers-01-scaled-1.jpg\",\"contentUrl\":\"https:\\\/\\\/prismagamers.com\\\/wp-content\\\/uploads\\\/2022\\\/04\\\/cropped-logo-Prismagamers-01-scaled-1.jpg\",\"width\":512,\"height\":512,\"caption\":\"Prismagamers\"},\"image\":{\"@id\":\"https:\\\/\\\/prismagamers.com\\\/hu\\\/#\\\/schema\\\/logo\\\/image\\\/\"},\"sameAs\":[\"https:\\\/\\\/www.facebook.com\\\/prismagamers\",\"https:\\\/\\\/www.instagram.com\\\/prismagamers_grycyfrowe\\\/\"],\"description\":\"Prismagamers.com to dynamiczny sklep z grami cyfrowymi, stworzony z my\u015bl\u0105 o entuzjastach gier wideo. Nasza strona oferuje szerok\u0105 gam\u0119 gier komputerowych, w tym najnowsze tytu\u0142y, dobrze znane klasyki oraz gry stworzone przez niezale\u017cne studia Ca\u0142y czas d\u0105\u017cymy do rozszerzenia naszej oferty. Do\u0142\u0105cz do nas i sta\u0144 si\u0119 cz\u0119\u015bci\u0105 naszej rosn\u0105cej spo\u0142eczno\u015bci graczy!\",\"email\":\"shop@prismagamers.com\",\"telephone\":\"48795541705\",\"legalName\":\"East Caravan Maksym \u017bukow\",\"foundingDate\":\"2012-05-10\",\"vatID\":\"PL8943038612\",\"taxID\":\"PL8943038612\",\"numberOfEmployees\":{\"@type\":\"QuantitativeValue\",\"minValue\":\"11\",\"maxValue\":\"50\"}}]}<\/script>\n<!-- \/ Yoast SEO Premium plugin. -->","yoast_head_json":{"title":"Innchanted - Prismagamers.com","description":"Futtasd a Magic Innt a bar\u00e1taiddal! A Yarrula csal\u00e1d fogad\u00f3j\u00e1t ellopta a gonosz var\u00e1zsl\u00f3 tulajdonos! Fogj \u00f6ssze bar\u00e1taiddal, hogy visszaszerezd a csal\u00e1d \u00f6r\u00f6ks\u00e9g\u00e9t. Vezesd a fogad\u00f3t, f\u0151zz b\u00e1jitalokat, f\u0151zz \u00e9s harcolj ebben a mozgalmas \u00e9s sz\u00edvhez sz\u00f3l\u00f3 m\u00e1gikus kalandban. J\u00e1tssz egyed\u00fcl vagy kooperat\u00edv m\u00f3dban 1-4 j\u00e1t\u00e9kos sz\u00e1m\u00e1ra.    Glob\u00e1lis  G\u0151z  Digit\u00e1lis kulcs","robots":{"index":"index","follow":"follow","max-snippet":"max-snippet:-1","max-image-preview":"max-image-preview:large","max-video-preview":"max-video-preview:-1"},"canonical":"https:\/\/prismagamers.com\/hu\/produkt\/innchanted\/","og_locale":"hu_HU","og_type":"article","og_title":"Innchanted","og_description":"Futtasd a Magic Innt a bar\u00e1taiddal! A Yarrula csal\u00e1d fogad\u00f3j\u00e1t ellopta a gonosz var\u00e1zsl\u00f3 tulajdonos! Fogj \u00f6ssze bar\u00e1taiddal, hogy visszaszerezd a csal\u00e1d \u00f6r\u00f6ks\u00e9g\u00e9t. Vezesd a fogad\u00f3t, f\u0151zz b\u00e1jitalokat, f\u0151zz \u00e9s harcolj ebben a mozgalmas \u00e9s sz\u00edvhez sz\u00f3l\u00f3 m\u00e1gikus kalandban. J\u00e1tssz egyed\u00fcl vagy kooperat\u00edv m\u00f3dban 1-4 j\u00e1t\u00e9kos sz\u00e1m\u00e1ra.    Glob\u00e1lis  G\u0151z  Digit\u00e1lis kulcs","og_url":"https:\/\/prismagamers.com\/hu\/produkt\/innchanted\/","og_site_name":"Prismagamers.com","article_publisher":"https:\/\/www.facebook.com\/prismagamers","og_image":[{"width":600,"height":900,"url":"https:\/\/prismagamers.com\/wp-content\/uploads\/2023\/05\/library_600x900_2x-8.jpg","type":"image\/jpeg"}],"twitter_card":"summary_large_image","twitter_misc":{"Becs\u00fclt olvas\u00e1si id\u0151":"2 perc"},"schema":{"@context":"https:\/\/schema.org","@graph":[{"@type":"WebPage","@id":"https:\/\/prismagamers.com\/hu\/produkt\/innchanted\/","url":"https:\/\/prismagamers.com\/hu\/produkt\/innchanted\/","name":"Innchanted - Prismagamers.com","isPartOf":{"@id":"https:\/\/prismagamers.com\/hu\/#website"},"primaryImageOfPage":{"@id":"https:\/\/prismagamers.com\/hu\/produkt\/innchanted\/#primaryimage"},"image":{"@id":"https:\/\/prismagamers.com\/hu\/produkt\/innchanted\/#primaryimage"},"thumbnailUrl":"https:\/\/prismagamers.com\/wp-content\/uploads\/2023\/05\/library_600x900_2x-8.jpg","datePublished":"2023-05-03T15:07:03+00:00","description":"Futtasd a Magic Innt a bar\u00e1taiddal! A Yarrula csal\u00e1d fogad\u00f3j\u00e1t ellopta a gonosz var\u00e1zsl\u00f3 tulajdonos! Fogj \u00f6ssze bar\u00e1taiddal, hogy visszaszerezd a csal\u00e1d \u00f6r\u00f6ks\u00e9g\u00e9t. Vezesd a fogad\u00f3t, f\u0151zz b\u00e1jitalokat, f\u0151zz \u00e9s harcolj ebben a mozgalmas \u00e9s sz\u00edvhez sz\u00f3l\u00f3 m\u00e1gikus kalandban. J\u00e1tssz egyed\u00fcl vagy kooperat\u00edv m\u00f3dban 1-4 j\u00e1t\u00e9kos sz\u00e1m\u00e1ra. Glob\u00e1lis G\u0151z Digit\u00e1lis kulcs","breadcrumb":{"@id":"https:\/\/prismagamers.com\/hu\/produkt\/innchanted\/#breadcrumb"},"inLanguage":"hu","potentialAction":[{"@type":"ReadAction","target":["https:\/\/prismagamers.com\/hu\/produkt\/innchanted\/"]}]},{"@type":"ImageObject","inLanguage":"hu","@id":"https:\/\/prismagamers.com\/hu\/produkt\/innchanted\/#primaryimage","url":"https:\/\/prismagamers.com\/wp-content\/uploads\/2023\/05\/library_600x900_2x-8.jpg","contentUrl":"https:\/\/prismagamers.com\/wp-content\/uploads\/2023\/05\/library_600x900_2x-8.jpg","width":600,"height":900},{"@type":"BreadcrumbList","@id":"https:\/\/prismagamers.com\/hu\/produkt\/innchanted\/#breadcrumb","itemListElement":[{"@type":"ListItem","position":1,"name":"Strona g\u0142\u00f3wna","item":"https:\/\/prismagamers.com\/hu\/prismagamers\/"},{"@type":"ListItem","position":2,"name":"Shop","item":"https:\/\/prismagamers.com\/hu\/shop\/"},{"@type":"ListItem","position":3,"name":"Innchanted"}]},{"@type":"WebSite","@id":"https:\/\/prismagamers.com\/hu\/#website","url":"https:\/\/prismagamers.com\/hu\/","name":"Prismagamers","description":"Sklep z grami PC I Sklep klucze Steam","publisher":{"@id":"https:\/\/prismagamers.com\/hu\/#organization"},"potentialAction":[{"@type":"SearchAction","target":{"@type":"EntryPoint","urlTemplate":"https:\/\/prismagamers.com\/hu\/?s={search_term_string}"},"query-input":{"@type":"PropertyValueSpecification","valueRequired":true,"valueName":"search_term_string"}}],"inLanguage":"hu"},{"@type":"Organization","@id":"https:\/\/prismagamers.com\/hu\/#organization","name":"Prismagamers","url":"https:\/\/prismagamers.com\/hu\/","logo":{"@type":"ImageObject","inLanguage":"hu","@id":"https:\/\/prismagamers.com\/hu\/#\/schema\/logo\/image\/","url":"https:\/\/prismagamers.com\/wp-content\/uploads\/2022\/04\/cropped-logo-Prismagamers-01-scaled-1.jpg","contentUrl":"https:\/\/prismagamers.com\/wp-content\/uploads\/2022\/04\/cropped-logo-Prismagamers-01-scaled-1.jpg","width":512,"height":512,"caption":"Prismagamers"},"image":{"@id":"https:\/\/prismagamers.com\/hu\/#\/schema\/logo\/image\/"},"sameAs":["https:\/\/www.facebook.com\/prismagamers","https:\/\/www.instagram.com\/prismagamers_grycyfrowe\/"],"description":"Prismagamers.com to dynamiczny sklep z grami cyfrowymi, stworzony z my\u015bl\u0105 o entuzjastach gier wideo. Nasza strona oferuje szerok\u0105 gam\u0119 gier komputerowych, w tym najnowsze tytu\u0142y, dobrze znane klasyki oraz gry stworzone przez niezale\u017cne studia Ca\u0142y czas d\u0105\u017cymy do rozszerzenia naszej oferty. Do\u0142\u0105cz do nas i sta\u0144 si\u0119 cz\u0119\u015bci\u0105 naszej rosn\u0105cej spo\u0142eczno\u015bci graczy!","email":"shop@prismagamers.com","telephone":"48795541705","legalName":"East Caravan Maksym \u017bukow","foundingDate":"2012-05-10","vatID":"PL8943038612","taxID":"PL8943038612","numberOfEmployees":{"@type":"QuantitativeValue","minValue":"11","maxValue":"50"}}]}},"_links":{"self":[{"href":"https:\/\/prismagamers.com\/hu\/wp-json\/wp\/v2\/product\/42437","targetHints":{"allow":["GET"]}}],"collection":[{"href":"https:\/\/prismagamers.com\/hu\/wp-json\/wp\/v2\/product"}],"about":[{"href":"https:\/\/prismagamers.com\/hu\/wp-json\/wp\/v2\/types\/product"}],"wp:featuredmedia":[{"embeddable":true,"href":"https:\/\/prismagamers.com\/hu\/wp-json\/wp\/v2\/media\/25298"}],"wp:attachment":[{"href":"https:\/\/prismagamers.com\/hu\/wp-json\/wp\/v2\/media?parent=42437"}],"wp:term":[{"taxonomy":"product_brand","embeddable":true,"href":"https:\/\/prismagamers.com\/hu\/wp-json\/wp\/v2\/product_brand?post=42437"},{"taxonomy":"product_cat","embeddable":true,"href":"https:\/\/prismagamers.com\/hu\/wp-json\/wp\/v2\/product_cat?post=42437"},{"taxonomy":"product_tag","embeddable":true,"href":"https:\/\/prismagamers.com\/hu\/wp-json\/wp\/v2\/product_tag?post=42437"}],"curies":[{"name":"wp","href":"https:\/\/api.w.org\/{rel}","templated":true}]}}