{"id":42444,"date":"2023-05-02T18:50:38","date_gmt":"2023-05-02T16:50:38","guid":{"rendered":"https:\/\/prismagamers.com\/produkt\/floppy-knights\/"},"modified":"2023-05-02T18:50:38","modified_gmt":"2023-05-02T16:50:38","slug":"floppy-knights","status":"publish","type":"product","link":"https:\/\/prismagamers.com\/hu\/produkt\/floppy-knights\/","title":{"rendered":"Floppy Knights"},"content":{"rendered":"<h3 data-start=\"119\" data-end=\"196\">Floppy Knights &#8211; Egy taktikai k\u00e1rtyaj\u00e1t\u00e9k tele m\u00e1gi\u00e1val \u00e9s retro-technol\u00f3gi\u00e1val<\/h3>\n<p data-start=\"198\" data-end=\"381\">Sziasztok! Itt Carlton &#8211; Phoebe legjobb bar\u00e1tja \u00e9s szuper men\u0151 <strong data-start=\"268\" data-end=\"288\">robotkarja<\/strong>. Van n\u00e9h\u00e1ny inform\u00e1ci\u00f3m sz\u00e1motokra <strong data-start=\"321\" data-end=\"331\">Phoebe-r\u0151l<\/strong> \u00e9s leg\u00fajabb tal\u00e1lm\u00e1ny\u00e1r\u00f3l: <strong data-start=\"360\" data-end=\"378\">Floppy Knights<\/strong>!  <\/p>\n<p data-start=\"383\" data-end=\"595\">Phoebe tehets\u00e9ges feltal\u00e1l\u00f3, aki arr\u00f3l \u00e1lmodik, hogy v\u00e9gre elk\u00f6lt\u00f6zik a sz\u00fcleit\u0151l. A v\u00e1ros tele van furcsa munk\u00e1kkal, de csak Phoebe tudja a legt\u00f6bbet kihozni bel\u0151l\u00fck &#8211; \u00e9s itt j\u00f6nnek k\u00e9pbe a <strong data-start=\"574\" data-end=\"592\">Floppy lovagok<\/strong>! <\/p>\n<h4 data-start=\"597\" data-end=\"622\">Mi v\u00e1r r\u00e1d a j\u00e1t\u00e9kban?<\/h4>\n<ul data-start=\"623\" data-end=\"1132\">\n<li data-start=\"623\" data-end=\"757\">\n<p data-start=\"625\" data-end=\"757\"><strong data-start=\"625\" data-end=\"664\">A fordul\u00f3alap\u00fa taktika tal\u00e1lkozik a k\u00e1rtyaj\u00e1t\u00e9kokkal<\/strong> &#8211; vezesd gy\u0151zelemre lovagjaidat a saj\u00e1t magad \u00e1ltal k\u00e9sz\u00edtett paklik seg\u00edts\u00e9g\u00e9vel.<\/p>\n<\/li>\n<li data-start=\"758\" data-end=\"965\">\n<p data-start=\"760\" data-end=\"965\"><strong data-start=\"760\" data-end=\"804\">A retro technol\u00f3gia \u00e9s a m\u00e1gia sz\u00ednes vil\u00e1ga<\/strong> &#8211; fedezd fel a Marlowe Dobbe (Dicey Dungeons) \u00e1ltal k\u00e9zzel rajzolt t\u00e1jakat, a buja erd\u0151t\u0151l \u00e9s az alattomos vulk\u00e1nokt\u00f3l a j\u00e9gbarlangokig \u00e9s a k\u00f6d\u00f6s erd\u0151kig.<\/p>\n<\/li>\n<li data-start=\"966\" data-end=\"1132\">\n<p data-start=\"968\" data-end=\"1132\"><strong data-start=\"968\" data-end=\"1001\">Tal\u00e1ld meg a Floppy harcst\u00edlusodat<\/strong> &#8211; minden egys\u00e9g egyedi j\u00e1t\u00e9km\u00f3ddal rendelkezik, \u00e9s k\u00fcl\u00f6nleges k\u00e1rty\u00e1kat hoz l\u00e9tre a csata sor\u00e1n, \u00edgy szinte v\u00e9gtelen strat\u00e9giai lehet\u0151s\u00e9get k\u00edn\u00e1l.<\/p>\n<\/li>\n<\/ul>\n<h4 data-start=\"1134\" data-end=\"1157\">Tehets\u00e9gek \u00e9s strat\u00e9gi\u00e1k:<\/h4>\n<ul data-start=\"1158\" data-end=\"1384\">\n<li data-start=\"1158\" data-end=\"1249\">\n<p data-start=\"1160\" data-end=\"1249\"><strong data-start=\"1160\" data-end=\"1175\">N\u00f6v\u00e9nyek fed\u00e9lzet<\/strong> &#8211; fejleszd a k\u00e9pess\u00e9geket, kezeld a sz\u00f6vets\u00e9geseket \u00e9s szerezz terepel\u0151ny\u00f6ket.<\/p>\n<\/li>\n<li data-start=\"1250\" data-end=\"1318\">\n<p data-start=\"1252\" data-end=\"1318\"><strong data-start=\"1252\" data-end=\"1269\">Monsters Deck<\/strong> &#8211; p\u00e1nc\u00e9lzatot adhatsz hozz\u00e1 \u00e9s HP-t cser\u00e9lhetsz er\u0151s\u00edt\u00e9sre.<\/p>\n<\/li>\n<li data-start=\"1319\" data-end=\"1384\">\n<p data-start=\"1321\" data-end=\"1384\"><strong data-start=\"1321\" data-end=\"1339\">Hooligans Deck<\/strong> &#8211; h\u00e1rom sz\u00f3: gonosz, m\u00e9rges, gyors.<\/p>\n<\/li>\n<\/ul>\n<p data-start=\"1386\" data-end=\"1559\">A <strong data-start=\"1386\" data-end=\"1404\">Floppy Knights<\/strong> egy \u00fajragondolt, ismer\u0151s m\u0171faj &#8211; k\u00e9sz\u00edtsd el a paklidat, vezesd gy\u0151zelemre a lovagjaidat, \u00e9s fedezz fel egy fantasztikus vil\u00e1got, tele kalandokkal \u00e9s retro technol\u00f3gi\u00e1val!<\/p>\n","protected":false},"excerpt":{"rendered":"<p>Ismerd meg a Floppy lovagokat! A taktika \u00e9s a k\u00e1rtyaj\u00e1t\u00e9k mechanik\u00e1ja \u00f6tv\u00f6z\u0151dik, mik\u00f6zben Phoebe \u00e9s Carlton, egy zseni\u00e1lis fiatal feltal\u00e1l\u00f3 \u00e9s robot\u00e1llata sorra veszi fel a harcot. V\u00e1laszd ki a lovagjaidat, finom\u00edtsd a paklidat, \u00e9s k\u00f6vess gy\u0151ztes strat\u00e9gi\u00e1t!  <\/p>\n<p><img decoding=\"async\" class=\"emoji\" role=\"img\" draggable=\"false\" src=\"https:\/\/s.w.org\/images\/core\/emoji\/14.0.0\/svg\/1f30d.svg\" alt=\"\ud83c\udf0d\">  Glob\u00e1lis<br \/>\n<img decoding=\"async\" class=\"emoji\" role=\"img\" draggable=\"false\" src=\"https:\/\/s.w.org\/images\/core\/emoji\/14.0.0\/svg\/2699.svg\" alt=\"\u2699\ufe0f\">  G\u0151z<br \/>\n<img decoding=\"async\" class=\"emoji\" role=\"img\" draggable=\"false\" src=\"https:\/\/s.w.org\/images\/core\/emoji\/14.0.0\/svg\/1f5dd.svg\" alt=\"\ud83d\udddd\">  Digit\u00e1lis kulcs<\/p>\n","protected":false},"featured_media":25255,"template":"","meta":{"_acf_changed":false,"site-sidebar-layout":"default","site-content-layout":"default","ast-site-content-layout":"default","site-content-style":"default","site-sidebar-style":"default","ast-global-header-display":"","ast-banner-title-visibility":"","ast-main-header-display":"","ast-hfb-above-header-display":"","ast-hfb-below-header-display":"","ast-hfb-mobile-header-display":"","site-post-title":"","ast-breadcrumbs-content":"","ast-featured-img":"","footer-sml-layout":"","ast-disable-related-posts":"","theme-transparent-header-meta":"default","adv-header-id-meta":"","stick-header-meta":"","header-above-stick-meta":"","header-main-stick-meta":"","header-below-stick-meta":"","astra-migrate-meta-layouts":"default","ast-page-background-enabled":"default","ast-page-background-meta":{"desktop":{"background-color":"var(--ast-global-color-4)","background-image":"","background-repeat":"repeat","background-position":"center center","background-size":"auto","background-attachment":"scroll","background-type":"","background-media":"","overlay-type":"","overlay-color":"","overlay-opacity":"","overlay-gradient":""},"tablet":{"background-color":"","background-image":"","background-repeat":"repeat","background-position":"center center","background-size":"auto","background-attachment":"scroll","background-type":"","background-media":"","overlay-type":"","overlay-color":"","overlay-opacity":"","overlay-gradient":""},"mobile":{"background-color":"","background-image":"","background-repeat":"repeat","background-position":"center center","background-size":"auto","background-attachment":"scroll","background-type":"","background-media":"","overlay-type":"","overlay-color":"","overlay-opacity":"","overlay-gradient":""}},"ast-content-background-meta":{"desktop":{"background-color":"var(--ast-global-color-5)","background-image":"","background-repeat":"repeat","background-position":"center center","background-size":"auto","background-attachment":"scroll","background-type":"","background-media":"","overlay-type":"","overlay-color":"","overlay-opacity":"","overlay-gradient":""},"tablet":{"background-color":"var(--ast-global-color-5)","background-image":"","background-repeat":"repeat","background-position":"center center","background-size":"auto","background-attachment":"scroll","background-type":"","background-media":"","overlay-type":"","overlay-color":"","overlay-opacity":"","overlay-gradient":""},"mobile":{"background-color":"var(--ast-global-color-5)","background-image":"","background-repeat":"repeat","background-position":"center center","background-size":"auto","background-attachment":"scroll","background-type":"","background-media":"","overlay-type":"","overlay-color":"","overlay-opacity":"","overlay-gradient":""}}},"product_brand":[],"product_cat":[394,365,378,367,386],"product_tag":[],"class_list":{"0":"post-42444","1":"product","2":"type-product","3":"status-publish","4":"has-post-thumbnail","6":"product_cat-digitalis-jatekok","7":"product_cat-goz","8":"product_cat-minden-digitalis-jatek","9":"product_cat-pc-jatekok","10":"product_cat-strategiai-jatekok","11":"desktop-align-left","12":"tablet-align-left","13":"mobile-align-left","15":"first","16":"instock","17":"shipping-taxable","18":"purchasable","19":"product-type-simple"},"acf":[],"yoast_head":"<!-- This site is optimized with the Yoast SEO Premium plugin v27.4 (Yoast SEO v27.4) - https:\/\/yoast.com\/product\/yoast-seo-premium-wordpress\/ -->\n<title>Floppy Knights - Prismagamers.com<\/title>\n<meta name=\"description\" content=\"Ismerd meg a Floppy lovagokat! A taktika \u00e9s a k\u00e1rtyaj\u00e1t\u00e9k mechanik\u00e1ja \u00f6tv\u00f6z\u0151dik, mik\u00f6zben Phoebe \u00e9s Carlton, egy zseni\u00e1lis fiatal feltal\u00e1l\u00f3 \u00e9s robot\u00e1llata sorra veszi fel a harcot. V\u00e1laszd ki a lovagjaidat, finom\u00edtsd a paklidat, \u00e9s k\u00f6vess gy\u0151ztes strat\u00e9gi\u00e1t!   Glob\u00e1lis  G\u0151z  Digit\u00e1lis kulcs\" \/>\n<meta name=\"robots\" content=\"index, follow, max-snippet:-1, max-image-preview:large, max-video-preview:-1\" \/>\n<link rel=\"canonical\" href=\"https:\/\/prismagamers.com\/hu\/produkt\/floppy-knights\/\" \/>\n<meta property=\"og:locale\" content=\"hu_HU\" \/>\n<meta property=\"og:type\" content=\"article\" \/>\n<meta property=\"og:title\" content=\"Floppy Knights\" \/>\n<meta property=\"og:description\" content=\"Ismerd meg a Floppy lovagokat! A taktika \u00e9s a k\u00e1rtyaj\u00e1t\u00e9k mechanik\u00e1ja \u00f6tv\u00f6z\u0151dik, mik\u00f6zben Phoebe \u00e9s Carlton, egy zseni\u00e1lis fiatal feltal\u00e1l\u00f3 \u00e9s robot\u00e1llata sorra veszi fel a harcot. V\u00e1laszd ki a lovagjaidat, finom\u00edtsd a paklidat, \u00e9s k\u00f6vess gy\u0151ztes strat\u00e9gi\u00e1t!   Glob\u00e1lis  G\u0151z  Digit\u00e1lis kulcs\" \/>\n<meta property=\"og:url\" content=\"https:\/\/prismagamers.com\/hu\/produkt\/floppy-knights\/\" \/>\n<meta property=\"og:site_name\" content=\"Prismagamers.com\" \/>\n<meta property=\"article:publisher\" content=\"https:\/\/www.facebook.com\/prismagamers\" \/>\n<meta property=\"og:image\" content=\"https:\/\/prismagamers.com\/wp-content\/uploads\/2023\/05\/library_600x900_2x-4.jpg\" \/>\n\t<meta property=\"og:image:width\" content=\"600\" \/>\n\t<meta property=\"og:image:height\" content=\"900\" \/>\n\t<meta property=\"og:image:type\" content=\"image\/jpeg\" \/>\n<meta name=\"twitter:card\" content=\"summary_large_image\" \/>\n<meta name=\"twitter:label1\" content=\"Becs\u00fclt olvas\u00e1si id\u0151\" \/>\n\t<meta name=\"twitter:data1\" content=\"2 perc\" \/>\n<script type=\"application\/ld+json\" class=\"yoast-schema-graph\">{\"@context\":\"https:\\\/\\\/schema.org\",\"@graph\":[{\"@type\":\"WebPage\",\"@id\":\"https:\\\/\\\/prismagamers.com\\\/hu\\\/produkt\\\/floppy-knights\\\/\",\"url\":\"https:\\\/\\\/prismagamers.com\\\/hu\\\/produkt\\\/floppy-knights\\\/\",\"name\":\"Floppy Knights - Prismagamers.com\",\"isPartOf\":{\"@id\":\"https:\\\/\\\/prismagamers.com\\\/hu\\\/#website\"},\"primaryImageOfPage\":{\"@id\":\"https:\\\/\\\/prismagamers.com\\\/hu\\\/produkt\\\/floppy-knights\\\/#primaryimage\"},\"image\":{\"@id\":\"https:\\\/\\\/prismagamers.com\\\/hu\\\/produkt\\\/floppy-knights\\\/#primaryimage\"},\"thumbnailUrl\":\"https:\\\/\\\/prismagamers.com\\\/wp-content\\\/uploads\\\/2023\\\/05\\\/library_600x900_2x-4.jpg\",\"datePublished\":\"2023-05-02T16:50:38+00:00\",\"description\":\"Ismerd meg a Floppy lovagokat! A taktika \u00e9s a k\u00e1rtyaj\u00e1t\u00e9k mechanik\u00e1ja \u00f6tv\u00f6z\u0151dik, mik\u00f6zben Phoebe \u00e9s Carlton, egy zseni\u00e1lis fiatal feltal\u00e1l\u00f3 \u00e9s robot\u00e1llata sorra veszi fel a harcot. V\u00e1laszd ki a lovagjaidat, finom\u00edtsd a paklidat, \u00e9s k\u00f6vess gy\u0151ztes strat\u00e9gi\u00e1t! Glob\u00e1lis G\u0151z Digit\u00e1lis kulcs\",\"breadcrumb\":{\"@id\":\"https:\\\/\\\/prismagamers.com\\\/hu\\\/produkt\\\/floppy-knights\\\/#breadcrumb\"},\"inLanguage\":\"hu\",\"potentialAction\":[{\"@type\":\"ReadAction\",\"target\":[\"https:\\\/\\\/prismagamers.com\\\/hu\\\/produkt\\\/floppy-knights\\\/\"]}]},{\"@type\":\"ImageObject\",\"inLanguage\":\"hu\",\"@id\":\"https:\\\/\\\/prismagamers.com\\\/hu\\\/produkt\\\/floppy-knights\\\/#primaryimage\",\"url\":\"https:\\\/\\\/prismagamers.com\\\/wp-content\\\/uploads\\\/2023\\\/05\\\/library_600x900_2x-4.jpg\",\"contentUrl\":\"https:\\\/\\\/prismagamers.com\\\/wp-content\\\/uploads\\\/2023\\\/05\\\/library_600x900_2x-4.jpg\",\"width\":600,\"height\":900},{\"@type\":\"BreadcrumbList\",\"@id\":\"https:\\\/\\\/prismagamers.com\\\/hu\\\/produkt\\\/floppy-knights\\\/#breadcrumb\",\"itemListElement\":[{\"@type\":\"ListItem\",\"position\":1,\"name\":\"Strona g\u0142\u00f3wna\",\"item\":\"https:\\\/\\\/prismagamers.com\\\/hu\\\/prismagamers\\\/\"},{\"@type\":\"ListItem\",\"position\":2,\"name\":\"Shop\",\"item\":\"https:\\\/\\\/prismagamers.com\\\/hu\\\/shop\\\/\"},{\"@type\":\"ListItem\",\"position\":3,\"name\":\"Floppy Knights\"}]},{\"@type\":\"WebSite\",\"@id\":\"https:\\\/\\\/prismagamers.com\\\/hu\\\/#website\",\"url\":\"https:\\\/\\\/prismagamers.com\\\/hu\\\/\",\"name\":\"Prismagamers\",\"description\":\"Sklep z grami PC I Sklep klucze Steam\",\"publisher\":{\"@id\":\"https:\\\/\\\/prismagamers.com\\\/hu\\\/#organization\"},\"potentialAction\":[{\"@type\":\"SearchAction\",\"target\":{\"@type\":\"EntryPoint\",\"urlTemplate\":\"https:\\\/\\\/prismagamers.com\\\/hu\\\/?s={search_term_string}\"},\"query-input\":{\"@type\":\"PropertyValueSpecification\",\"valueRequired\":true,\"valueName\":\"search_term_string\"}}],\"inLanguage\":\"hu\"},{\"@type\":\"Organization\",\"@id\":\"https:\\\/\\\/prismagamers.com\\\/hu\\\/#organization\",\"name\":\"Prismagamers\",\"url\":\"https:\\\/\\\/prismagamers.com\\\/hu\\\/\",\"logo\":{\"@type\":\"ImageObject\",\"inLanguage\":\"hu\",\"@id\":\"https:\\\/\\\/prismagamers.com\\\/hu\\\/#\\\/schema\\\/logo\\\/image\\\/\",\"url\":\"https:\\\/\\\/prismagamers.com\\\/wp-content\\\/uploads\\\/2022\\\/04\\\/cropped-logo-Prismagamers-01-scaled-1.jpg\",\"contentUrl\":\"https:\\\/\\\/prismagamers.com\\\/wp-content\\\/uploads\\\/2022\\\/04\\\/cropped-logo-Prismagamers-01-scaled-1.jpg\",\"width\":512,\"height\":512,\"caption\":\"Prismagamers\"},\"image\":{\"@id\":\"https:\\\/\\\/prismagamers.com\\\/hu\\\/#\\\/schema\\\/logo\\\/image\\\/\"},\"sameAs\":[\"https:\\\/\\\/www.facebook.com\\\/prismagamers\",\"https:\\\/\\\/www.instagram.com\\\/prismagamers_grycyfrowe\\\/\"],\"description\":\"Prismagamers.com to dynamiczny sklep z grami cyfrowymi, stworzony z my\u015bl\u0105 o entuzjastach gier wideo. Nasza strona oferuje szerok\u0105 gam\u0119 gier komputerowych, w tym najnowsze tytu\u0142y, dobrze znane klasyki oraz gry stworzone przez niezale\u017cne studia Ca\u0142y czas d\u0105\u017cymy do rozszerzenia naszej oferty. Do\u0142\u0105cz do nas i sta\u0144 si\u0119 cz\u0119\u015bci\u0105 naszej rosn\u0105cej spo\u0142eczno\u015bci graczy!\",\"email\":\"shop@prismagamers.com\",\"telephone\":\"48795541705\",\"legalName\":\"East Caravan Maksym \u017bukow\",\"foundingDate\":\"2012-05-10\",\"vatID\":\"PL8943038612\",\"taxID\":\"PL8943038612\",\"numberOfEmployees\":{\"@type\":\"QuantitativeValue\",\"minValue\":\"11\",\"maxValue\":\"50\"}}]}<\/script>\n<!-- \/ Yoast SEO Premium plugin. -->","yoast_head_json":{"title":"Floppy Knights - Prismagamers.com","description":"Ismerd meg a Floppy lovagokat! A taktika \u00e9s a k\u00e1rtyaj\u00e1t\u00e9k mechanik\u00e1ja \u00f6tv\u00f6z\u0151dik, mik\u00f6zben Phoebe \u00e9s Carlton, egy zseni\u00e1lis fiatal feltal\u00e1l\u00f3 \u00e9s robot\u00e1llata sorra veszi fel a harcot. V\u00e1laszd ki a lovagjaidat, finom\u00edtsd a paklidat, \u00e9s k\u00f6vess gy\u0151ztes strat\u00e9gi\u00e1t!   Glob\u00e1lis  G\u0151z  Digit\u00e1lis kulcs","robots":{"index":"index","follow":"follow","max-snippet":"max-snippet:-1","max-image-preview":"max-image-preview:large","max-video-preview":"max-video-preview:-1"},"canonical":"https:\/\/prismagamers.com\/hu\/produkt\/floppy-knights\/","og_locale":"hu_HU","og_type":"article","og_title":"Floppy Knights","og_description":"Ismerd meg a Floppy lovagokat! A taktika \u00e9s a k\u00e1rtyaj\u00e1t\u00e9k mechanik\u00e1ja \u00f6tv\u00f6z\u0151dik, mik\u00f6zben Phoebe \u00e9s Carlton, egy zseni\u00e1lis fiatal feltal\u00e1l\u00f3 \u00e9s robot\u00e1llata sorra veszi fel a harcot. V\u00e1laszd ki a lovagjaidat, finom\u00edtsd a paklidat, \u00e9s k\u00f6vess gy\u0151ztes strat\u00e9gi\u00e1t!   Glob\u00e1lis  G\u0151z  Digit\u00e1lis kulcs","og_url":"https:\/\/prismagamers.com\/hu\/produkt\/floppy-knights\/","og_site_name":"Prismagamers.com","article_publisher":"https:\/\/www.facebook.com\/prismagamers","og_image":[{"width":600,"height":900,"url":"https:\/\/prismagamers.com\/wp-content\/uploads\/2023\/05\/library_600x900_2x-4.jpg","type":"image\/jpeg"}],"twitter_card":"summary_large_image","twitter_misc":{"Becs\u00fclt olvas\u00e1si id\u0151":"2 perc"},"schema":{"@context":"https:\/\/schema.org","@graph":[{"@type":"WebPage","@id":"https:\/\/prismagamers.com\/hu\/produkt\/floppy-knights\/","url":"https:\/\/prismagamers.com\/hu\/produkt\/floppy-knights\/","name":"Floppy Knights - Prismagamers.com","isPartOf":{"@id":"https:\/\/prismagamers.com\/hu\/#website"},"primaryImageOfPage":{"@id":"https:\/\/prismagamers.com\/hu\/produkt\/floppy-knights\/#primaryimage"},"image":{"@id":"https:\/\/prismagamers.com\/hu\/produkt\/floppy-knights\/#primaryimage"},"thumbnailUrl":"https:\/\/prismagamers.com\/wp-content\/uploads\/2023\/05\/library_600x900_2x-4.jpg","datePublished":"2023-05-02T16:50:38+00:00","description":"Ismerd meg a Floppy lovagokat! A taktika \u00e9s a k\u00e1rtyaj\u00e1t\u00e9k mechanik\u00e1ja \u00f6tv\u00f6z\u0151dik, mik\u00f6zben Phoebe \u00e9s Carlton, egy zseni\u00e1lis fiatal feltal\u00e1l\u00f3 \u00e9s robot\u00e1llata sorra veszi fel a harcot. V\u00e1laszd ki a lovagjaidat, finom\u00edtsd a paklidat, \u00e9s k\u00f6vess gy\u0151ztes strat\u00e9gi\u00e1t! Glob\u00e1lis G\u0151z Digit\u00e1lis kulcs","breadcrumb":{"@id":"https:\/\/prismagamers.com\/hu\/produkt\/floppy-knights\/#breadcrumb"},"inLanguage":"hu","potentialAction":[{"@type":"ReadAction","target":["https:\/\/prismagamers.com\/hu\/produkt\/floppy-knights\/"]}]},{"@type":"ImageObject","inLanguage":"hu","@id":"https:\/\/prismagamers.com\/hu\/produkt\/floppy-knights\/#primaryimage","url":"https:\/\/prismagamers.com\/wp-content\/uploads\/2023\/05\/library_600x900_2x-4.jpg","contentUrl":"https:\/\/prismagamers.com\/wp-content\/uploads\/2023\/05\/library_600x900_2x-4.jpg","width":600,"height":900},{"@type":"BreadcrumbList","@id":"https:\/\/prismagamers.com\/hu\/produkt\/floppy-knights\/#breadcrumb","itemListElement":[{"@type":"ListItem","position":1,"name":"Strona g\u0142\u00f3wna","item":"https:\/\/prismagamers.com\/hu\/prismagamers\/"},{"@type":"ListItem","position":2,"name":"Shop","item":"https:\/\/prismagamers.com\/hu\/shop\/"},{"@type":"ListItem","position":3,"name":"Floppy Knights"}]},{"@type":"WebSite","@id":"https:\/\/prismagamers.com\/hu\/#website","url":"https:\/\/prismagamers.com\/hu\/","name":"Prismagamers","description":"Sklep z grami PC I Sklep klucze Steam","publisher":{"@id":"https:\/\/prismagamers.com\/hu\/#organization"},"potentialAction":[{"@type":"SearchAction","target":{"@type":"EntryPoint","urlTemplate":"https:\/\/prismagamers.com\/hu\/?s={search_term_string}"},"query-input":{"@type":"PropertyValueSpecification","valueRequired":true,"valueName":"search_term_string"}}],"inLanguage":"hu"},{"@type":"Organization","@id":"https:\/\/prismagamers.com\/hu\/#organization","name":"Prismagamers","url":"https:\/\/prismagamers.com\/hu\/","logo":{"@type":"ImageObject","inLanguage":"hu","@id":"https:\/\/prismagamers.com\/hu\/#\/schema\/logo\/image\/","url":"https:\/\/prismagamers.com\/wp-content\/uploads\/2022\/04\/cropped-logo-Prismagamers-01-scaled-1.jpg","contentUrl":"https:\/\/prismagamers.com\/wp-content\/uploads\/2022\/04\/cropped-logo-Prismagamers-01-scaled-1.jpg","width":512,"height":512,"caption":"Prismagamers"},"image":{"@id":"https:\/\/prismagamers.com\/hu\/#\/schema\/logo\/image\/"},"sameAs":["https:\/\/www.facebook.com\/prismagamers","https:\/\/www.instagram.com\/prismagamers_grycyfrowe\/"],"description":"Prismagamers.com to dynamiczny sklep z grami cyfrowymi, stworzony z my\u015bl\u0105 o entuzjastach gier wideo. Nasza strona oferuje szerok\u0105 gam\u0119 gier komputerowych, w tym najnowsze tytu\u0142y, dobrze znane klasyki oraz gry stworzone przez niezale\u017cne studia Ca\u0142y czas d\u0105\u017cymy do rozszerzenia naszej oferty. Do\u0142\u0105cz do nas i sta\u0144 si\u0119 cz\u0119\u015bci\u0105 naszej rosn\u0105cej spo\u0142eczno\u015bci graczy!","email":"shop@prismagamers.com","telephone":"48795541705","legalName":"East Caravan Maksym \u017bukow","foundingDate":"2012-05-10","vatID":"PL8943038612","taxID":"PL8943038612","numberOfEmployees":{"@type":"QuantitativeValue","minValue":"11","maxValue":"50"}}]}},"_links":{"self":[{"href":"https:\/\/prismagamers.com\/hu\/wp-json\/wp\/v2\/product\/42444","targetHints":{"allow":["GET"]}}],"collection":[{"href":"https:\/\/prismagamers.com\/hu\/wp-json\/wp\/v2\/product"}],"about":[{"href":"https:\/\/prismagamers.com\/hu\/wp-json\/wp\/v2\/types\/product"}],"wp:featuredmedia":[{"embeddable":true,"href":"https:\/\/prismagamers.com\/hu\/wp-json\/wp\/v2\/media\/25255"}],"wp:attachment":[{"href":"https:\/\/prismagamers.com\/hu\/wp-json\/wp\/v2\/media?parent=42444"}],"wp:term":[{"taxonomy":"product_brand","embeddable":true,"href":"https:\/\/prismagamers.com\/hu\/wp-json\/wp\/v2\/product_brand?post=42444"},{"taxonomy":"product_cat","embeddable":true,"href":"https:\/\/prismagamers.com\/hu\/wp-json\/wp\/v2\/product_cat?post=42444"},{"taxonomy":"product_tag","embeddable":true,"href":"https:\/\/prismagamers.com\/hu\/wp-json\/wp\/v2\/product_tag?post=42444"}],"curies":[{"name":"wp","href":"https:\/\/api.w.org\/{rel}","templated":true}]}}