{"id":42445,"date":"2023-05-02T17:24:23","date_gmt":"2023-05-02T15:24:23","guid":{"rendered":"https:\/\/prismagamers.com\/produkt\/the-forest-quartet\/"},"modified":"2023-05-02T17:24:23","modified_gmt":"2023-05-02T15:24:23","slug":"the-forest-quartet","status":"publish","type":"product","link":"https:\/\/prismagamers.com\/hu\/produkt\/the-forest-quartet\/","title":{"rendered":"The Forest Quartet"},"content":{"rendered":"<p>Az Erdei kvartett egy h\u00e1romdimenzi\u00f3s t\u00f6rt\u00e9net rejtv\u00e9nyekkel. F\u0151h\u0151se egy elhunyt, de felejthetetlen \u00e9nekesn\u0151 szelleme. J\u00e1tssz 3 felvon\u00e1st, amelyek az egy\u00fcttes\u00e9nek tagjaihoz kapcsol\u00f3dnak, \u00e9s adj egy utols\u00f3, b\u00facs\u00fakoncertet. \u00c9ld \u00e1t \u00fajra a szerepl\u0151k \u00e9rzelmeit, oldj meg rejtv\u00e9nyeket \u00e9s k\u00fczdj a lelk\u00fck\u00f6n v\u00e9gigg\u00f6rd\u00fcl\u0151 roml\u00e1s ellen.   <\/p>\n<p><img decoding=\"async\" src=\"https:\/\/cdn.akamai.steamstatic.com\/steam\/apps\/1620720\/extras\/KIRK_BOLD.png?t=1681372696\"><\/p>\n<ul class=\"bb_ul\">\n<li>Valami k\u00fcl\u00f6n\u00f6s t\u00f6rt\u00e9nt az egykor z\u00f6ld \u00e9s buja term\u00e9szettel, amelyb\u0151l Kirk ihletet mer\u00edtett. A gomba lassan n\u00f6vekszik, a fejl\u0151d\u00e9st roml\u00e1ss\u00e1 v\u00e1ltoztatva. Haszn\u00e1ld hangod erej\u00e9t, hogy meggy\u00f3gy\u00edtsd az erd\u0151t.  <\/li>\n<\/ul>\n<p><img decoding=\"async\" src=\"https:\/\/cdn.akamai.steamstatic.com\/steam\/apps\/1620720\/extras\/JB_BOLD.png?t=1681372696\"><\/p>\n<ul class=\"bb_ul\">\n<li>Az erd\u0151 s\u00f6t\u00e9t szakad\u00e9kk\u00e1 v\u00e1lt. JB otthon\u00e1ban hemzsegnek a m\u00e9ly alvil\u00e1gb\u00f3l fel\u00e9bresztett l\u00e9nyek. Tal\u00e1ld meg a f\u00e9nyt, amely egykor megvil\u00e1g\u00edtotta a s\u00f6t\u00e9ts\u00e9get, hogy \u00fajra fel\u00e9ledjen JB zenei tehets\u00e9ge.  <\/li>\n<\/ul>\n<p><img decoding=\"async\" src=\"https:\/\/cdn.akamai.steamstatic.com\/steam\/apps\/1620720\/extras\/SEBASTIAN_BOLD.png?t=1681372696\"><\/p>\n<ul class=\"bb_ul\">\n<li>Vulk\u00e1nkit\u00f6r\u00e9s t\u00f6rt\u00e9nt, \u00e9s a l\u00e1va el\u00e1rasztotta a k\u00f6zeli erd\u0151t, t\u00fczeket \u00e9s puszt\u00edt\u00e1st okozva. \u00c1ll\u00edtsd helyre a m\u00e9lyen a f\u00f6ld alatt rejt\u0151z\u0151 v\u00edzrendszert, \u00e9s k\u00f6sd vissza a cs\u00f6veket, hogy meg\u00e1ll\u00edtsd a vulk\u00e1nkit\u00f6r\u00e9st. <\/li>\n<\/ul>\n<p><img decoding=\"async\" src=\"https:\/\/cdn.akamai.steamstatic.com\/steam\/apps\/1620720\/extras\/SPIRIT_POL.png?t=1681372696\"><\/p>\n<ul class=\"bb_ul\">\n<li>\u00c9nekelj, hogy k\u00f6lcs\u00f6nhat\u00e1sba l\u00e9pj a t\u00e1rgyakkal, \u00e9s az ujjbegyeddel f\u00e9nyt hozz l\u00e9tre. Mozogj egy l\u00e9p\u00e9ssel, lebegj a leveg\u0151ben \u00e9s alakulj \u00e1t pillang\u00f3v\u00e1, hogy m\u00e9lyen belel\u00e1ss a zenekar tagjainak pszich\u00e9j\u00e9be. <\/li>\n<\/ul>\n<p><img decoding=\"async\" src=\"https:\/\/cdn.akamai.steamstatic.com\/steam\/apps\/1620720\/extras\/LISTEN_POL.png?t=1681372696\"><\/p>\n<ul class=\"bb_ul\">\n<li>A k\u00f6rnyezet \u00e9s a t\u00e1rgyak tov\u00e1bbi r\u00e9tegeket adnak a hangs\u00e1vhoz. Ilyen lehet a t\u0171z pattog\u00e1sa egy \u00e9g\u0151 erd\u0151ben vagy a m\u00e9ly barlangokb\u00f3l \u00e9rkez\u0151 hideg sz\u00e9ll\u00f6k\u00e9sek. <\/li>\n<\/ul>\n<p><img decoding=\"async\" src=\"https:\/\/cdn.akamai.steamstatic.com\/steam\/apps\/1620720\/extras\/STORY_POL.png?t=1681372696\"><\/p>\n<ul class=\"bb_ul\">\n<li>T\u00fal\u00e9lni a gy\u00e1szt \u00e9s a vesztes\u00e9get. R\u00e1zza le mag\u00e1r\u00f3l a gy\u00e1szt, \u00e9s a zenekar tagjai \u00fajra zenei ihletet \u00e9rezzenek. <\/li>\n<\/ul>\n<p><img decoding=\"async\" src=\"https:\/\/cdn.akamai.steamstatic.com\/steam\/apps\/1620720\/extras\/RELAX_POL.png?t=1681372696\"><\/p>\n<ul class=\"bb_ul\">\n<li>Nincs le\u00edr\u00e1s vagy utas\u00edt\u00e1s &#8211; tov\u00e1bbi hatalmakat nyerhetsz az utaz\u00e1sokkal.<\/li>\n<\/ul>\n<h2 class=\"bb_tag\"><strong>A szerz\u0151k megjegyz\u00e9se:<\/strong><\/h2>\n<p>A Forest Quartet egy szem\u00e9lyes \u00e9s csal\u00e1di projekt. Az eredeti jazz-zene zeneszerz\u0151je Mads \u00e9desapja, Nina hangj\u00e1t a n\u0151v\u00e9re szolg\u00e1ltatta, a hangs\u00e1vot pedig a D\u00e1n R\u00e1di\u00f3 Big Band zen\u00e9szei vett\u00e9k fel a koppenh\u00e1gai D\u00e1ni\u00e1b\u00f3l. <\/p>\n","protected":false},"excerpt":{"rendered":"<p>Az Erdei kvartett egy h\u00e1romdimenzi\u00f3s t\u00f6rt\u00e9net rejtv\u00e9nyekkel. F\u0151h\u0151se egy elhunyt, de felejthetetlen \u00e9nekesn\u0151 szelleme. J\u00e1tssz 3 felvon\u00e1st, amelyek az egy\u00fcttes\u00e9nek tagjaihoz kapcsol\u00f3dnak, \u00e9s adj egy utols\u00f3, b\u00facs\u00fakoncertet. \u00c9ld \u00e1t \u00fajra a szerepl\u0151k \u00e9rzelmeit, oldd meg a rejtv\u00e9nyeket \u00e9s k\u00fczdj a lelk\u00fck\u00f6n v\u00e9gigg\u00f6rd\u00fcl\u0151 roml\u00e1s ellen.   <\/p>\n<p><img decoding=\"async\" class=\"emoji\" role=\"img\" draggable=\"false\" src=\"https:\/\/s.w.org\/images\/core\/emoji\/14.0.0\/svg\/1f30d.svg\" alt=\"\ud83c\udf0d\">  Glob\u00e1lis<br \/>\n<img decoding=\"async\" class=\"emoji\" role=\"img\" draggable=\"false\" src=\"https:\/\/s.w.org\/images\/core\/emoji\/14.0.0\/svg\/2699.svg\" alt=\"\u2699\ufe0f\">  G\u0151z<br \/>\n<img decoding=\"async\" class=\"emoji\" role=\"img\" draggable=\"false\" src=\"https:\/\/s.w.org\/images\/core\/emoji\/14.0.0\/svg\/1f5dd.svg\" alt=\"\ud83d\udddd\">  Digit\u00e1lis kulcs<\/p>\n","protected":false},"featured_media":25213,"template":"","meta":{"_acf_changed":false,"site-sidebar-layout":"default","site-content-layout":"default","ast-site-content-layout":"default","site-content-style":"default","site-sidebar-style":"default","ast-global-header-display":"","ast-banner-title-visibility":"","ast-main-header-display":"","ast-hfb-above-header-display":"","ast-hfb-below-header-display":"","ast-hfb-mobile-header-display":"","site-post-title":"","ast-breadcrumbs-content":"","ast-featured-img":"","footer-sml-layout":"","ast-disable-related-posts":"","theme-transparent-header-meta":"default","adv-header-id-meta":"","stick-header-meta":"","header-above-stick-meta":"","header-main-stick-meta":"","header-below-stick-meta":"","astra-migrate-meta-layouts":"default","ast-page-background-enabled":"default","ast-page-background-meta":{"desktop":{"background-color":"var(--ast-global-color-4)","background-image":"","background-repeat":"repeat","background-position":"center center","background-size":"auto","background-attachment":"scroll","background-type":"","background-media":"","overlay-type":"","overlay-color":"","overlay-opacity":"","overlay-gradient":""},"tablet":{"background-color":"","background-image":"","background-repeat":"repeat","background-position":"center center","background-size":"auto","background-attachment":"scroll","background-type":"","background-media":"","overlay-type":"","overlay-color":"","overlay-opacity":"","overlay-gradient":""},"mobile":{"background-color":"","background-image":"","background-repeat":"repeat","background-position":"center center","background-size":"auto","background-attachment":"scroll","background-type":"","background-media":"","overlay-type":"","overlay-color":"","overlay-opacity":"","overlay-gradient":""}},"ast-content-background-meta":{"desktop":{"background-color":"var(--ast-global-color-5)","background-image":"","background-repeat":"repeat","background-position":"center center","background-size":"auto","background-attachment":"scroll","background-type":"","background-media":"","overlay-type":"","overlay-color":"","overlay-opacity":"","overlay-gradient":""},"tablet":{"background-color":"var(--ast-global-color-5)","background-image":"","background-repeat":"repeat","background-position":"center center","background-size":"auto","background-attachment":"scroll","background-type":"","background-media":"","overlay-type":"","overlay-color":"","overlay-opacity":"","overlay-gradient":""},"mobile":{"background-color":"var(--ast-global-color-5)","background-image":"","background-repeat":"repeat","background-position":"center center","background-size":"auto","background-attachment":"scroll","background-type":"","background-media":"","overlay-type":"","overlay-color":"","overlay-opacity":"","overlay-gradient":""}}},"product_brand":[],"product_cat":[365,392,363,367],"product_tag":[],"class_list":{"0":"post-42445","1":"product","2":"type-product","3":"status-publish","4":"has-post-thumbnail","6":"product_cat-goz","7":"product_cat-india","8":"product_cat-kaland-jatekok","9":"product_cat-pc-jatekok","10":"desktop-align-left","11":"tablet-align-left","12":"mobile-align-left","14":"first","15":"instock","16":"shipping-taxable","17":"purchasable","18":"product-type-simple"},"acf":[],"yoast_head":"<!-- This site is optimized with the Yoast SEO Premium plugin v27.4 (Yoast SEO v27.4) - https:\/\/yoast.com\/product\/yoast-seo-premium-wordpress\/ -->\n<title>The Forest Quartet - Prismagamers.com<\/title>\n<meta name=\"description\" content=\"Az Erdei kvartett egy h\u00e1romdimenzi\u00f3s t\u00f6rt\u00e9net rejtv\u00e9nyekkel. F\u0151h\u0151se egy elhunyt, de felejthetetlen \u00e9nekesn\u0151 szelleme. J\u00e1tssz 3 felvon\u00e1st, amelyek az egy\u00fcttes\u00e9nek tagjaihoz kapcsol\u00f3dnak, \u00e9s adj egy utols\u00f3, b\u00facs\u00fakoncertet. \u00c9ld \u00e1t \u00fajra a szerepl\u0151k \u00e9rzelmeit, oldd meg a rejtv\u00e9nyeket \u00e9s k\u00fczdj a lelk\u00fck\u00f6n v\u00e9gigg\u00f6rd\u00fcl\u0151 roml\u00e1s ellen.    Glob\u00e1lis  G\u0151z  Digit\u00e1lis kulcs\" \/>\n<meta name=\"robots\" content=\"index, follow, max-snippet:-1, max-image-preview:large, max-video-preview:-1\" \/>\n<link rel=\"canonical\" href=\"https:\/\/prismagamers.com\/hu\/produkt\/the-forest-quartet\/\" \/>\n<meta property=\"og:locale\" content=\"hu_HU\" \/>\n<meta property=\"og:type\" content=\"article\" \/>\n<meta property=\"og:title\" content=\"The Forest Quartet\" \/>\n<meta property=\"og:description\" content=\"Az Erdei kvartett egy h\u00e1romdimenzi\u00f3s t\u00f6rt\u00e9net rejtv\u00e9nyekkel. F\u0151h\u0151se egy elhunyt, de felejthetetlen \u00e9nekesn\u0151 szelleme. J\u00e1tssz 3 felvon\u00e1st, amelyek az egy\u00fcttes\u00e9nek tagjaihoz kapcsol\u00f3dnak, \u00e9s adj egy utols\u00f3, b\u00facs\u00fakoncertet. \u00c9ld \u00e1t \u00fajra a szerepl\u0151k \u00e9rzelmeit, oldd meg a rejtv\u00e9nyeket \u00e9s k\u00fczdj a lelk\u00fck\u00f6n v\u00e9gigg\u00f6rd\u00fcl\u0151 roml\u00e1s ellen.    Glob\u00e1lis  G\u0151z  Digit\u00e1lis kulcs\" \/>\n<meta property=\"og:url\" content=\"https:\/\/prismagamers.com\/hu\/produkt\/the-forest-quartet\/\" \/>\n<meta property=\"og:site_name\" content=\"Prismagamers.com\" \/>\n<meta property=\"article:publisher\" content=\"https:\/\/www.facebook.com\/prismagamers\" \/>\n<meta property=\"og:image\" content=\"https:\/\/prismagamers.com\/wp-content\/uploads\/2023\/05\/the-forest-quarter.jpg\" \/>\n\t<meta property=\"og:image:width\" content=\"350\" \/>\n\t<meta property=\"og:image:height\" content=\"525\" \/>\n\t<meta property=\"og:image:type\" content=\"image\/jpeg\" \/>\n<meta name=\"twitter:card\" content=\"summary_large_image\" \/>\n<meta name=\"twitter:label1\" content=\"Becs\u00fclt olvas\u00e1si id\u0151\" \/>\n\t<meta name=\"twitter:data1\" content=\"2 perc\" \/>\n<script type=\"application\/ld+json\" class=\"yoast-schema-graph\">{\"@context\":\"https:\\\/\\\/schema.org\",\"@graph\":[{\"@type\":\"WebPage\",\"@id\":\"https:\\\/\\\/prismagamers.com\\\/hu\\\/produkt\\\/the-forest-quartet\\\/\",\"url\":\"https:\\\/\\\/prismagamers.com\\\/hu\\\/produkt\\\/the-forest-quartet\\\/\",\"name\":\"The Forest Quartet - Prismagamers.com\",\"isPartOf\":{\"@id\":\"https:\\\/\\\/prismagamers.com\\\/hu\\\/#website\"},\"primaryImageOfPage\":{\"@id\":\"https:\\\/\\\/prismagamers.com\\\/hu\\\/produkt\\\/the-forest-quartet\\\/#primaryimage\"},\"image\":{\"@id\":\"https:\\\/\\\/prismagamers.com\\\/hu\\\/produkt\\\/the-forest-quartet\\\/#primaryimage\"},\"thumbnailUrl\":\"https:\\\/\\\/prismagamers.com\\\/wp-content\\\/uploads\\\/2023\\\/05\\\/the-forest-quarter.jpg\",\"datePublished\":\"2023-05-02T15:24:23+00:00\",\"description\":\"Az Erdei kvartett egy h\u00e1romdimenzi\u00f3s t\u00f6rt\u00e9net rejtv\u00e9nyekkel. F\u0151h\u0151se egy elhunyt, de felejthetetlen \u00e9nekesn\u0151 szelleme. J\u00e1tssz 3 felvon\u00e1st, amelyek az egy\u00fcttes\u00e9nek tagjaihoz kapcsol\u00f3dnak, \u00e9s adj egy utols\u00f3, b\u00facs\u00fakoncertet. \u00c9ld \u00e1t \u00fajra a szerepl\u0151k \u00e9rzelmeit, oldd meg a rejtv\u00e9nyeket \u00e9s k\u00fczdj a lelk\u00fck\u00f6n v\u00e9gigg\u00f6rd\u00fcl\u0151 roml\u00e1s ellen. Glob\u00e1lis G\u0151z Digit\u00e1lis kulcs\",\"breadcrumb\":{\"@id\":\"https:\\\/\\\/prismagamers.com\\\/hu\\\/produkt\\\/the-forest-quartet\\\/#breadcrumb\"},\"inLanguage\":\"hu\",\"potentialAction\":[{\"@type\":\"ReadAction\",\"target\":[\"https:\\\/\\\/prismagamers.com\\\/hu\\\/produkt\\\/the-forest-quartet\\\/\"]}]},{\"@type\":\"ImageObject\",\"inLanguage\":\"hu\",\"@id\":\"https:\\\/\\\/prismagamers.com\\\/hu\\\/produkt\\\/the-forest-quartet\\\/#primaryimage\",\"url\":\"https:\\\/\\\/prismagamers.com\\\/wp-content\\\/uploads\\\/2023\\\/05\\\/the-forest-quarter.jpg\",\"contentUrl\":\"https:\\\/\\\/prismagamers.com\\\/wp-content\\\/uploads\\\/2023\\\/05\\\/the-forest-quarter.jpg\",\"width\":350,\"height\":525},{\"@type\":\"BreadcrumbList\",\"@id\":\"https:\\\/\\\/prismagamers.com\\\/hu\\\/produkt\\\/the-forest-quartet\\\/#breadcrumb\",\"itemListElement\":[{\"@type\":\"ListItem\",\"position\":1,\"name\":\"Strona g\u0142\u00f3wna\",\"item\":\"https:\\\/\\\/prismagamers.com\\\/hu\\\/prismagamers\\\/\"},{\"@type\":\"ListItem\",\"position\":2,\"name\":\"Shop\",\"item\":\"https:\\\/\\\/prismagamers.com\\\/hu\\\/shop\\\/\"},{\"@type\":\"ListItem\",\"position\":3,\"name\":\"The Forest Quartet\"}]},{\"@type\":\"WebSite\",\"@id\":\"https:\\\/\\\/prismagamers.com\\\/hu\\\/#website\",\"url\":\"https:\\\/\\\/prismagamers.com\\\/hu\\\/\",\"name\":\"Prismagamers\",\"description\":\"Sklep z grami PC I Sklep klucze Steam\",\"publisher\":{\"@id\":\"https:\\\/\\\/prismagamers.com\\\/hu\\\/#organization\"},\"potentialAction\":[{\"@type\":\"SearchAction\",\"target\":{\"@type\":\"EntryPoint\",\"urlTemplate\":\"https:\\\/\\\/prismagamers.com\\\/hu\\\/?s={search_term_string}\"},\"query-input\":{\"@type\":\"PropertyValueSpecification\",\"valueRequired\":true,\"valueName\":\"search_term_string\"}}],\"inLanguage\":\"hu\"},{\"@type\":\"Organization\",\"@id\":\"https:\\\/\\\/prismagamers.com\\\/hu\\\/#organization\",\"name\":\"Prismagamers\",\"url\":\"https:\\\/\\\/prismagamers.com\\\/hu\\\/\",\"logo\":{\"@type\":\"ImageObject\",\"inLanguage\":\"hu\",\"@id\":\"https:\\\/\\\/prismagamers.com\\\/hu\\\/#\\\/schema\\\/logo\\\/image\\\/\",\"url\":\"https:\\\/\\\/prismagamers.com\\\/wp-content\\\/uploads\\\/2022\\\/04\\\/cropped-logo-Prismagamers-01-scaled-1.jpg\",\"contentUrl\":\"https:\\\/\\\/prismagamers.com\\\/wp-content\\\/uploads\\\/2022\\\/04\\\/cropped-logo-Prismagamers-01-scaled-1.jpg\",\"width\":512,\"height\":512,\"caption\":\"Prismagamers\"},\"image\":{\"@id\":\"https:\\\/\\\/prismagamers.com\\\/hu\\\/#\\\/schema\\\/logo\\\/image\\\/\"},\"sameAs\":[\"https:\\\/\\\/www.facebook.com\\\/prismagamers\",\"https:\\\/\\\/www.instagram.com\\\/prismagamers_grycyfrowe\\\/\"],\"description\":\"Prismagamers.com to dynamiczny sklep z grami cyfrowymi, stworzony z my\u015bl\u0105 o entuzjastach gier wideo. Nasza strona oferuje szerok\u0105 gam\u0119 gier komputerowych, w tym najnowsze tytu\u0142y, dobrze znane klasyki oraz gry stworzone przez niezale\u017cne studia Ca\u0142y czas d\u0105\u017cymy do rozszerzenia naszej oferty. Do\u0142\u0105cz do nas i sta\u0144 si\u0119 cz\u0119\u015bci\u0105 naszej rosn\u0105cej spo\u0142eczno\u015bci graczy!\",\"email\":\"shop@prismagamers.com\",\"telephone\":\"48795541705\",\"legalName\":\"East Caravan Maksym \u017bukow\",\"foundingDate\":\"2012-05-10\",\"vatID\":\"PL8943038612\",\"taxID\":\"PL8943038612\",\"numberOfEmployees\":{\"@type\":\"QuantitativeValue\",\"minValue\":\"11\",\"maxValue\":\"50\"}}]}<\/script>\n<!-- \/ Yoast SEO Premium plugin. -->","yoast_head_json":{"title":"The Forest Quartet - Prismagamers.com","description":"Az Erdei kvartett egy h\u00e1romdimenzi\u00f3s t\u00f6rt\u00e9net rejtv\u00e9nyekkel. F\u0151h\u0151se egy elhunyt, de felejthetetlen \u00e9nekesn\u0151 szelleme. J\u00e1tssz 3 felvon\u00e1st, amelyek az egy\u00fcttes\u00e9nek tagjaihoz kapcsol\u00f3dnak, \u00e9s adj egy utols\u00f3, b\u00facs\u00fakoncertet. \u00c9ld \u00e1t \u00fajra a szerepl\u0151k \u00e9rzelmeit, oldd meg a rejtv\u00e9nyeket \u00e9s k\u00fczdj a lelk\u00fck\u00f6n v\u00e9gigg\u00f6rd\u00fcl\u0151 roml\u00e1s ellen.    Glob\u00e1lis  G\u0151z  Digit\u00e1lis kulcs","robots":{"index":"index","follow":"follow","max-snippet":"max-snippet:-1","max-image-preview":"max-image-preview:large","max-video-preview":"max-video-preview:-1"},"canonical":"https:\/\/prismagamers.com\/hu\/produkt\/the-forest-quartet\/","og_locale":"hu_HU","og_type":"article","og_title":"The Forest Quartet","og_description":"Az Erdei kvartett egy h\u00e1romdimenzi\u00f3s t\u00f6rt\u00e9net rejtv\u00e9nyekkel. F\u0151h\u0151se egy elhunyt, de felejthetetlen \u00e9nekesn\u0151 szelleme. J\u00e1tssz 3 felvon\u00e1st, amelyek az egy\u00fcttes\u00e9nek tagjaihoz kapcsol\u00f3dnak, \u00e9s adj egy utols\u00f3, b\u00facs\u00fakoncertet. \u00c9ld \u00e1t \u00fajra a szerepl\u0151k \u00e9rzelmeit, oldd meg a rejtv\u00e9nyeket \u00e9s k\u00fczdj a lelk\u00fck\u00f6n v\u00e9gigg\u00f6rd\u00fcl\u0151 roml\u00e1s ellen.    Glob\u00e1lis  G\u0151z  Digit\u00e1lis kulcs","og_url":"https:\/\/prismagamers.com\/hu\/produkt\/the-forest-quartet\/","og_site_name":"Prismagamers.com","article_publisher":"https:\/\/www.facebook.com\/prismagamers","og_image":[{"width":350,"height":525,"url":"https:\/\/prismagamers.com\/wp-content\/uploads\/2023\/05\/the-forest-quarter.jpg","type":"image\/jpeg"}],"twitter_card":"summary_large_image","twitter_misc":{"Becs\u00fclt olvas\u00e1si id\u0151":"2 perc"},"schema":{"@context":"https:\/\/schema.org","@graph":[{"@type":"WebPage","@id":"https:\/\/prismagamers.com\/hu\/produkt\/the-forest-quartet\/","url":"https:\/\/prismagamers.com\/hu\/produkt\/the-forest-quartet\/","name":"The Forest Quartet - Prismagamers.com","isPartOf":{"@id":"https:\/\/prismagamers.com\/hu\/#website"},"primaryImageOfPage":{"@id":"https:\/\/prismagamers.com\/hu\/produkt\/the-forest-quartet\/#primaryimage"},"image":{"@id":"https:\/\/prismagamers.com\/hu\/produkt\/the-forest-quartet\/#primaryimage"},"thumbnailUrl":"https:\/\/prismagamers.com\/wp-content\/uploads\/2023\/05\/the-forest-quarter.jpg","datePublished":"2023-05-02T15:24:23+00:00","description":"Az Erdei kvartett egy h\u00e1romdimenzi\u00f3s t\u00f6rt\u00e9net rejtv\u00e9nyekkel. F\u0151h\u0151se egy elhunyt, de felejthetetlen \u00e9nekesn\u0151 szelleme. J\u00e1tssz 3 felvon\u00e1st, amelyek az egy\u00fcttes\u00e9nek tagjaihoz kapcsol\u00f3dnak, \u00e9s adj egy utols\u00f3, b\u00facs\u00fakoncertet. \u00c9ld \u00e1t \u00fajra a szerepl\u0151k \u00e9rzelmeit, oldd meg a rejtv\u00e9nyeket \u00e9s k\u00fczdj a lelk\u00fck\u00f6n v\u00e9gigg\u00f6rd\u00fcl\u0151 roml\u00e1s ellen. Glob\u00e1lis G\u0151z Digit\u00e1lis kulcs","breadcrumb":{"@id":"https:\/\/prismagamers.com\/hu\/produkt\/the-forest-quartet\/#breadcrumb"},"inLanguage":"hu","potentialAction":[{"@type":"ReadAction","target":["https:\/\/prismagamers.com\/hu\/produkt\/the-forest-quartet\/"]}]},{"@type":"ImageObject","inLanguage":"hu","@id":"https:\/\/prismagamers.com\/hu\/produkt\/the-forest-quartet\/#primaryimage","url":"https:\/\/prismagamers.com\/wp-content\/uploads\/2023\/05\/the-forest-quarter.jpg","contentUrl":"https:\/\/prismagamers.com\/wp-content\/uploads\/2023\/05\/the-forest-quarter.jpg","width":350,"height":525},{"@type":"BreadcrumbList","@id":"https:\/\/prismagamers.com\/hu\/produkt\/the-forest-quartet\/#breadcrumb","itemListElement":[{"@type":"ListItem","position":1,"name":"Strona g\u0142\u00f3wna","item":"https:\/\/prismagamers.com\/hu\/prismagamers\/"},{"@type":"ListItem","position":2,"name":"Shop","item":"https:\/\/prismagamers.com\/hu\/shop\/"},{"@type":"ListItem","position":3,"name":"The Forest Quartet"}]},{"@type":"WebSite","@id":"https:\/\/prismagamers.com\/hu\/#website","url":"https:\/\/prismagamers.com\/hu\/","name":"Prismagamers","description":"Sklep z grami PC I Sklep klucze Steam","publisher":{"@id":"https:\/\/prismagamers.com\/hu\/#organization"},"potentialAction":[{"@type":"SearchAction","target":{"@type":"EntryPoint","urlTemplate":"https:\/\/prismagamers.com\/hu\/?s={search_term_string}"},"query-input":{"@type":"PropertyValueSpecification","valueRequired":true,"valueName":"search_term_string"}}],"inLanguage":"hu"},{"@type":"Organization","@id":"https:\/\/prismagamers.com\/hu\/#organization","name":"Prismagamers","url":"https:\/\/prismagamers.com\/hu\/","logo":{"@type":"ImageObject","inLanguage":"hu","@id":"https:\/\/prismagamers.com\/hu\/#\/schema\/logo\/image\/","url":"https:\/\/prismagamers.com\/wp-content\/uploads\/2022\/04\/cropped-logo-Prismagamers-01-scaled-1.jpg","contentUrl":"https:\/\/prismagamers.com\/wp-content\/uploads\/2022\/04\/cropped-logo-Prismagamers-01-scaled-1.jpg","width":512,"height":512,"caption":"Prismagamers"},"image":{"@id":"https:\/\/prismagamers.com\/hu\/#\/schema\/logo\/image\/"},"sameAs":["https:\/\/www.facebook.com\/prismagamers","https:\/\/www.instagram.com\/prismagamers_grycyfrowe\/"],"description":"Prismagamers.com to dynamiczny sklep z grami cyfrowymi, stworzony z my\u015bl\u0105 o entuzjastach gier wideo. Nasza strona oferuje szerok\u0105 gam\u0119 gier komputerowych, w tym najnowsze tytu\u0142y, dobrze znane klasyki oraz gry stworzone przez niezale\u017cne studia Ca\u0142y czas d\u0105\u017cymy do rozszerzenia naszej oferty. Do\u0142\u0105cz do nas i sta\u0144 si\u0119 cz\u0119\u015bci\u0105 naszej rosn\u0105cej spo\u0142eczno\u015bci graczy!","email":"shop@prismagamers.com","telephone":"48795541705","legalName":"East Caravan Maksym \u017bukow","foundingDate":"2012-05-10","vatID":"PL8943038612","taxID":"PL8943038612","numberOfEmployees":{"@type":"QuantitativeValue","minValue":"11","maxValue":"50"}}]}},"_links":{"self":[{"href":"https:\/\/prismagamers.com\/hu\/wp-json\/wp\/v2\/product\/42445","targetHints":{"allow":["GET"]}}],"collection":[{"href":"https:\/\/prismagamers.com\/hu\/wp-json\/wp\/v2\/product"}],"about":[{"href":"https:\/\/prismagamers.com\/hu\/wp-json\/wp\/v2\/types\/product"}],"wp:featuredmedia":[{"embeddable":true,"href":"https:\/\/prismagamers.com\/hu\/wp-json\/wp\/v2\/media\/25213"}],"wp:attachment":[{"href":"https:\/\/prismagamers.com\/hu\/wp-json\/wp\/v2\/media?parent=42445"}],"wp:term":[{"taxonomy":"product_brand","embeddable":true,"href":"https:\/\/prismagamers.com\/hu\/wp-json\/wp\/v2\/product_brand?post=42445"},{"taxonomy":"product_cat","embeddable":true,"href":"https:\/\/prismagamers.com\/hu\/wp-json\/wp\/v2\/product_cat?post=42445"},{"taxonomy":"product_tag","embeddable":true,"href":"https:\/\/prismagamers.com\/hu\/wp-json\/wp\/v2\/product_tag?post=42445"}],"curies":[{"name":"wp","href":"https:\/\/api.w.org\/{rel}","templated":true}]}}