{"id":42453,"date":"2023-06-01T22:21:56","date_gmt":"2023-06-01T20:21:56","guid":{"rendered":"https:\/\/prismagamers.com\/produkt\/blazing-sails\/"},"modified":"2023-06-01T22:21:56","modified_gmt":"2023-06-01T20:21:56","slug":"blazing-sails","status":"publish","type":"product","link":"https:\/\/prismagamers.com\/hu\/produkt\/blazing-sails\/","title":{"rendered":"Blazing Sails"},"content":{"rendered":"<p><strong>Fedezd fel a k\u00fcl\u00f6nb\u00f6z\u0151 j\u00e1t\u00e9km\u00f3dokat!<\/strong><\/p>\n<p>A Kincskeres\u0151 m\u00f3dban neked \u00e9s a leg\u00e9nys\u00e9gednek kincsesl\u00e1d\u00e1k ut\u00e1n kell kutatnod a szigeteken! A kincseket a t\u00e9rk\u00e9p k\u00f6zep\u00e9n tal\u00e1lhat\u00f3 k\u00e9t el\u0151\u0151rs egyik\u00e9n\u00e9l aranyra cser\u00e9lheted. Szerezz t\u00f6bb aranyat, mint az ellens\u00e9geid, hogy nyerj!  <\/p>\n<p>Tengeri csat\u00e1ink egyed\u00fcl\u00e1ll\u00f3 megk\u00f6zel\u00edt\u00e9st k\u00edn\u00e1lnak a m\u0171fajhoz. \u00c9lvezd a sz\u00e1razf\u00f6ldi harcok \u00e9s az epikus tengeri csat\u00e1k dinamikus kever\u00e9k\u00e9t! S\u00fcllyessz el minden m\u00e1s leg\u00e9nys\u00e9get, hogy gy\u0151ztesen ker\u00fclj ki bel\u0151le.  <\/p>\n<p>Belef\u00e1radt\u00e1l a k\u00f6ltekez\u00e9sbe? Semmi gond! Ugorj bele az akci\u00f3ba a vadonat\u00faj Galleon Conquest j\u00e1t\u00e9km\u00f3dban. \u00c9ld \u00e1t a filmhez hasonl\u00f3 fed\u00e9lzeti csat\u00e1kat a Hatalmas Galleonon! Gy\u0151zd le a kal\u00f3zokat, s\u00fcllyessz el m\u00e1s haj\u00f3kat \u00e9s foglalj el z\u00e1szl\u00f3kat a gy\u0151zelem\u00e9rt!    <\/p>\n<p>R\u00e9szben leg\u00e9nys\u00e9g, r\u00e9szben haj\u00f3 Ki gondolta volna, hogy kal\u00f3znak lenni egy\u00fcttm\u0171k\u00f6d\u00e9st ig\u00e9nyel? Nos, igen! A leg\u00e9nys\u00e9g t\u00f6bbi tagj\u00e1val egy\u00fctt kell korm\u00e1nyoznod, jav\u00edtanod \u00e9s ell\u00e1tm\u00e1nyt sz\u00e1ll\u00edtanod a haj\u00f3dra, mik\u00f6zben ostromolod az ellens\u00e9ges leg\u00e9nys\u00e9geket. A kommunik\u00e1ci\u00f3 \u00e9s az egy\u00fcttm\u0171k\u00f6d\u00e9s kulcsfontoss\u00e1g\u00fa a gy\u0151zelem el\u00e9r\u00e9s\u00e9hez!   <\/p>\n<p>V\u00e1lassza ki a haj\u00f3j\u00e1t! A k\u00fcl\u00f6nb\u00f6z\u0151 haj\u00f3t\u00edpusok elt\u00e9r\u0151 j\u00e1t\u00e9kst\u00edlusokat k\u00edn\u00e1lnak a leg\u00e9nys\u00e9ged sz\u00e1m\u00e1ra. A Brigantine egy klasszikus haj\u00f3 &#8211; a haj\u00f3teste j\u00f3l b\u00edrja a strap\u00e1t, \u00e9s komoly t\u0171zer\u0151vel rendelkezik. A dzsunkahaj\u00f3 kisebb, gyorsabb \u00e9s el\u00f6l \u00e1gy\u00faval van felszerelve a mer\u00e9sz front\u00e1lis t\u00e1mad\u00e1sokhoz! A Bombahaj\u00f3 k\u00fcl\u00f6n\u00f6sen nagy t\u00e1vols\u00e1gokra k\u00fcl\u00f6n\u00f6sen er\u0151s az egyedi aknavet\u0151\u00e1gy\u00fanak k\u00f6sz\u00f6nhet\u0151en. A kisebb leg\u00e9nys\u00e9gek sz\u00e1m\u00e1ra a 2 j\u00e1t\u00e9kos sz\u00e1m\u00e1ra k\u00e9sz\u00fclt Sloop. De ne hagyd, hogy a m\u00e9rete megt\u00e9vesszen! A Sloop k\u00f6nnyed\u00e9n megm\u00e9reti mag\u00e1t a nagyobb haj\u00f3kkal 4 j\u00e1t\u00e9kos sz\u00e1m\u00e1ra.       <\/p>\n<p>Szereld fel magad k\u00fcl\u00f6nf\u00e9le legend\u00e1s kal\u00f3zfegyverekkel V\u00e1ltoztasd meg a j\u00e1t\u00e9kst\u00edlusodat a megszerzett fegyverekt\u0151l f\u00fcgg\u0151en. M\u00e1ssz fel egy vitorl\u00e1sra a megb\u00edzhat\u00f3 mesterl\u00f6v\u00e9szeddel, vagy szak\u00edts meg egy ellens\u00e9ges haj\u00f3t a tengeri tolvaj legend\u00e1s kardj\u00e1val! Szeretn\u00e9l valami robban\u00e9konyabbat? Pr\u00f3b\u00e1ld ki a v\u00e1llas \u00e1gy\u00fat vagy a halkil\u00f6v\u0151t. Mindenki tal\u00e1l kedv\u00e9re val\u00f3t!    <\/p>\n<p>K\u00e9sz\u00edtsd el a saj\u00e1t kal\u00f3zodat Nincs egyforma haj\u00f3 vagy kal\u00f3z! Mutasd meg a zs\u00e1km\u00e1nyodat a testreszabhat\u00f3 t\u00e1rgyak sz\u00e9les v\u00e1laszt\u00e9k\u00e1val: ruh\u00e1zat \u00e9s kieg\u00e9sz\u00edt\u0151k &#8211; h\u00edmzett kab\u00e1tok, aranyozott haj\u00f3testek, aranyozott klumpal\u00e1bak &#8211; leny\u0171g\u00f6zni fogsz! <\/p>\n","protected":false},"excerpt":{"rendered":"<p>Harcolj a t\u00fal\u00e9l\u00e9s\u00e9rt a Blazing Sailsben, egy gyors temp\u00f3j\u00fa PvP j\u00e1t\u00e9kban kal\u00f3zokkal! K\u00e9sz\u00edtsd el saj\u00e1t egyedi kal\u00f3zodat \u00e9s haj\u00f3dat. Fogj \u00f6ssze m\u00e1s j\u00e1t\u00e9kosokkal, hogy egy hatalmas haj\u00f3 parancsnoka legy\u00e9l! Fedezd fel a k\u00fcl\u00f6nb\u00f6z\u0151 j\u00e1t\u00e9km\u00f3dokat, p\u00e1ly\u00e1kat, fegyvereket, haj\u00f3t\u00edpusokat \u00e9s m\u00e9g sok m\u00e1st, mik\u00f6zben m\u00e1s leg\u00e9nys\u00e9geket iktatsz ki epikus csat\u00e1kban a sz\u00e1razf\u00f6ld\u00f6n \u00e9s a tengeren!   <\/p>\n<p><img decoding=\"async\" class=\"emoji\" role=\"img\" src=\"https:\/\/s.w.org\/images\/core\/emoji\/14.0.0\/svg\/1f30d.svg\" alt=\"\ud83c\udf0d\">  Glob\u00e1lis<br \/>\n<img decoding=\"async\" class=\"emoji\" role=\"img\" src=\"https:\/\/s.w.org\/images\/core\/emoji\/14.0.0\/svg\/2699.svg\" alt=\"\u2699\ufe0f\">  G\u0151z<br \/>\n<img decoding=\"async\" class=\"emoji\" role=\"img\" src=\"https:\/\/s.w.org\/images\/core\/emoji\/14.0.0\/svg\/1f5dd.svg\" alt=\"\ud83d\udddd\">  Digit\u00e1lis kulcs<\/p>\n","protected":false},"featured_media":25426,"template":"","meta":{"_acf_changed":false,"site-sidebar-layout":"default","site-content-layout":"default","ast-site-content-layout":"default","site-content-style":"default","site-sidebar-style":"default","ast-global-header-display":"","ast-banner-title-visibility":"","ast-main-header-display":"","ast-hfb-above-header-display":"","ast-hfb-below-header-display":"","ast-hfb-mobile-header-display":"","site-post-title":"","ast-breadcrumbs-content":"","ast-featured-img":"","footer-sml-layout":"","ast-disable-related-posts":"","theme-transparent-header-meta":"default","adv-header-id-meta":"","stick-header-meta":"","header-above-stick-meta":"","header-main-stick-meta":"","header-below-stick-meta":"","astra-migrate-meta-layouts":"default","ast-page-background-enabled":"default","ast-page-background-meta":{"desktop":{"background-color":"var(--ast-global-color-4)","background-image":"","background-repeat":"repeat","background-position":"center center","background-size":"auto","background-attachment":"scroll","background-type":"","background-media":"","overlay-type":"","overlay-color":"","overlay-opacity":"","overlay-gradient":""},"tablet":{"background-color":"","background-image":"","background-repeat":"repeat","background-position":"center center","background-size":"auto","background-attachment":"scroll","background-type":"","background-media":"","overlay-type":"","overlay-color":"","overlay-opacity":"","overlay-gradient":""},"mobile":{"background-color":"","background-image":"","background-repeat":"repeat","background-position":"center center","background-size":"auto","background-attachment":"scroll","background-type":"","background-media":"","overlay-type":"","overlay-color":"","overlay-opacity":"","overlay-gradient":""}},"ast-content-background-meta":{"desktop":{"background-color":"var(--ast-global-color-5)","background-image":"","background-repeat":"repeat","background-position":"center center","background-size":"auto","background-attachment":"scroll","background-type":"","background-media":"","overlay-type":"","overlay-color":"","overlay-opacity":"","overlay-gradient":""},"tablet":{"background-color":"var(--ast-global-color-5)","background-image":"","background-repeat":"repeat","background-position":"center center","background-size":"auto","background-attachment":"scroll","background-type":"","background-media":"","overlay-type":"","overlay-color":"","overlay-opacity":"","overlay-gradient":""},"mobile":{"background-color":"var(--ast-global-color-5)","background-image":"","background-repeat":"repeat","background-position":"center center","background-size":"auto","background-attachment":"scroll","background-type":"","background-media":"","overlay-type":"","overlay-color":"","overlay-opacity":"","overlay-gradient":""}}},"product_brand":[],"product_cat":[371,394,365,463,396,367],"product_tag":[370],"class_list":{"0":"post-42453","1":"product","2":"type-product","3":"status-publish","4":"has-post-thumbnail","6":"product_cat-akcio-jatekok","7":"product_cat-digitalis-jatekok","8":"product_cat-goz","9":"product_cat-iceberg-interactive-hu","10":"product_cat-lovoldozos-jatekok-a-steamen","11":"product_cat-pc-jatekok","12":"product_tag-pid-tel","13":"desktop-align-left","14":"tablet-align-left","15":"mobile-align-left","17":"first","18":"instock","19":"shipping-taxable","20":"purchasable","21":"product-type-simple"},"acf":[],"yoast_head":"<!-- This site is optimized with the Yoast SEO Premium plugin v27.4 (Yoast SEO v27.4) - https:\/\/yoast.com\/product\/yoast-seo-premium-wordpress\/ -->\n<title>Blazing Sails - Prismagamers.com<\/title>\n<meta name=\"description\" content=\"Harcolj a t\u00fal\u00e9l\u00e9s\u00e9rt a Blazing Sailsben, egy gyors temp\u00f3j\u00fa PvP j\u00e1t\u00e9kban kal\u00f3zokkal! K\u00e9sz\u00edtsd el saj\u00e1t egyedi kal\u00f3zodat \u00e9s haj\u00f3dat. Fogj \u00f6ssze m\u00e1s j\u00e1t\u00e9kosokkal, hogy egy hatalmas haj\u00f3 parancsnoka legy\u00e9l! Fedezd fel a k\u00fcl\u00f6nb\u00f6z\u0151 j\u00e1t\u00e9km\u00f3dokat, p\u00e1ly\u00e1kat, fegyvereket, haj\u00f3t\u00edpusokat \u00e9s m\u00e9g sok m\u00e1st, mik\u00f6zben m\u00e1s leg\u00e9nys\u00e9geket iktatsz ki epikus csat\u00e1kban a sz\u00e1razf\u00f6ld\u00f6n \u00e9s a tengeren!    Glob\u00e1lis  G\u0151z  Digit\u00e1lis kulcs\" \/>\n<meta name=\"robots\" content=\"index, follow, max-snippet:-1, max-image-preview:large, max-video-preview:-1\" \/>\n<link rel=\"canonical\" href=\"https:\/\/prismagamers.com\/hu\/produkt\/blazing-sails\/\" \/>\n<meta property=\"og:locale\" content=\"hu_HU\" \/>\n<meta property=\"og:type\" content=\"article\" \/>\n<meta property=\"og:title\" content=\"Blazing Sails\" \/>\n<meta property=\"og:description\" content=\"Harcolj a t\u00fal\u00e9l\u00e9s\u00e9rt a Blazing Sailsben, egy gyors temp\u00f3j\u00fa PvP j\u00e1t\u00e9kban kal\u00f3zokkal! K\u00e9sz\u00edtsd el saj\u00e1t egyedi kal\u00f3zodat \u00e9s haj\u00f3dat. Fogj \u00f6ssze m\u00e1s j\u00e1t\u00e9kosokkal, hogy egy hatalmas haj\u00f3 parancsnoka legy\u00e9l! Fedezd fel a k\u00fcl\u00f6nb\u00f6z\u0151 j\u00e1t\u00e9km\u00f3dokat, p\u00e1ly\u00e1kat, fegyvereket, haj\u00f3t\u00edpusokat \u00e9s m\u00e9g sok m\u00e1st, mik\u00f6zben m\u00e1s leg\u00e9nys\u00e9geket iktatsz ki epikus csat\u00e1kban a sz\u00e1razf\u00f6ld\u00f6n \u00e9s a tengeren!    Glob\u00e1lis  G\u0151z  Digit\u00e1lis kulcs\" \/>\n<meta property=\"og:url\" content=\"https:\/\/prismagamers.com\/hu\/produkt\/blazing-sails\/\" \/>\n<meta property=\"og:site_name\" content=\"Prismagamers.com\" \/>\n<meta property=\"article:publisher\" content=\"https:\/\/www.facebook.com\/prismagamers\" \/>\n<meta property=\"og:image\" content=\"https:\/\/prismagamers.com\/wp-content\/uploads\/2023\/06\/Blazing-Sails-1-e1727182809756.jpg\" \/>\n\t<meta property=\"og:image:width\" content=\"300\" \/>\n\t<meta property=\"og:image:height\" content=\"450\" \/>\n\t<meta property=\"og:image:type\" content=\"image\/jpeg\" \/>\n<meta name=\"twitter:card\" content=\"summary_large_image\" \/>\n<meta name=\"twitter:label1\" content=\"Becs\u00fclt olvas\u00e1si id\u0151\" \/>\n\t<meta name=\"twitter:data1\" content=\"3 perc\" \/>\n<script type=\"application\/ld+json\" class=\"yoast-schema-graph\">{\"@context\":\"https:\\\/\\\/schema.org\",\"@graph\":[{\"@type\":\"WebPage\",\"@id\":\"https:\\\/\\\/prismagamers.com\\\/hu\\\/produkt\\\/blazing-sails\\\/\",\"url\":\"https:\\\/\\\/prismagamers.com\\\/hu\\\/produkt\\\/blazing-sails\\\/\",\"name\":\"Blazing Sails - Prismagamers.com\",\"isPartOf\":{\"@id\":\"https:\\\/\\\/prismagamers.com\\\/hu\\\/#website\"},\"primaryImageOfPage\":{\"@id\":\"https:\\\/\\\/prismagamers.com\\\/hu\\\/produkt\\\/blazing-sails\\\/#primaryimage\"},\"image\":{\"@id\":\"https:\\\/\\\/prismagamers.com\\\/hu\\\/produkt\\\/blazing-sails\\\/#primaryimage\"},\"thumbnailUrl\":\"https:\\\/\\\/prismagamers.com\\\/wp-content\\\/uploads\\\/2023\\\/06\\\/Blazing-Sails-1-e1727182809756.jpg\",\"datePublished\":\"2023-06-01T20:21:56+00:00\",\"description\":\"Harcolj a t\u00fal\u00e9l\u00e9s\u00e9rt a Blazing Sailsben, egy gyors temp\u00f3j\u00fa PvP j\u00e1t\u00e9kban kal\u00f3zokkal! K\u00e9sz\u00edtsd el saj\u00e1t egyedi kal\u00f3zodat \u00e9s haj\u00f3dat. Fogj \u00f6ssze m\u00e1s j\u00e1t\u00e9kosokkal, hogy egy hatalmas haj\u00f3 parancsnoka legy\u00e9l! Fedezd fel a k\u00fcl\u00f6nb\u00f6z\u0151 j\u00e1t\u00e9km\u00f3dokat, p\u00e1ly\u00e1kat, fegyvereket, haj\u00f3t\u00edpusokat \u00e9s m\u00e9g sok m\u00e1st, mik\u00f6zben m\u00e1s leg\u00e9nys\u00e9geket iktatsz ki epikus csat\u00e1kban a sz\u00e1razf\u00f6ld\u00f6n \u00e9s a tengeren! Glob\u00e1lis G\u0151z Digit\u00e1lis kulcs\",\"breadcrumb\":{\"@id\":\"https:\\\/\\\/prismagamers.com\\\/hu\\\/produkt\\\/blazing-sails\\\/#breadcrumb\"},\"inLanguage\":\"hu\",\"potentialAction\":[{\"@type\":\"ReadAction\",\"target\":[\"https:\\\/\\\/prismagamers.com\\\/hu\\\/produkt\\\/blazing-sails\\\/\"]}]},{\"@type\":\"ImageObject\",\"inLanguage\":\"hu\",\"@id\":\"https:\\\/\\\/prismagamers.com\\\/hu\\\/produkt\\\/blazing-sails\\\/#primaryimage\",\"url\":\"https:\\\/\\\/prismagamers.com\\\/wp-content\\\/uploads\\\/2023\\\/06\\\/Blazing-Sails-1-e1727182809756.jpg\",\"contentUrl\":\"https:\\\/\\\/prismagamers.com\\\/wp-content\\\/uploads\\\/2023\\\/06\\\/Blazing-Sails-1-e1727182809756.jpg\",\"width\":300,\"height\":450},{\"@type\":\"BreadcrumbList\",\"@id\":\"https:\\\/\\\/prismagamers.com\\\/hu\\\/produkt\\\/blazing-sails\\\/#breadcrumb\",\"itemListElement\":[{\"@type\":\"ListItem\",\"position\":1,\"name\":\"Strona g\u0142\u00f3wna\",\"item\":\"https:\\\/\\\/prismagamers.com\\\/hu\\\/prismagamers\\\/\"},{\"@type\":\"ListItem\",\"position\":2,\"name\":\"Shop\",\"item\":\"https:\\\/\\\/prismagamers.com\\\/hu\\\/shop\\\/\"},{\"@type\":\"ListItem\",\"position\":3,\"name\":\"Blazing Sails\"}]},{\"@type\":\"WebSite\",\"@id\":\"https:\\\/\\\/prismagamers.com\\\/hu\\\/#website\",\"url\":\"https:\\\/\\\/prismagamers.com\\\/hu\\\/\",\"name\":\"Prismagamers\",\"description\":\"Sklep z grami PC I Sklep klucze Steam\",\"publisher\":{\"@id\":\"https:\\\/\\\/prismagamers.com\\\/hu\\\/#organization\"},\"potentialAction\":[{\"@type\":\"SearchAction\",\"target\":{\"@type\":\"EntryPoint\",\"urlTemplate\":\"https:\\\/\\\/prismagamers.com\\\/hu\\\/?s={search_term_string}\"},\"query-input\":{\"@type\":\"PropertyValueSpecification\",\"valueRequired\":true,\"valueName\":\"search_term_string\"}}],\"inLanguage\":\"hu\"},{\"@type\":\"Organization\",\"@id\":\"https:\\\/\\\/prismagamers.com\\\/hu\\\/#organization\",\"name\":\"Prismagamers\",\"url\":\"https:\\\/\\\/prismagamers.com\\\/hu\\\/\",\"logo\":{\"@type\":\"ImageObject\",\"inLanguage\":\"hu\",\"@id\":\"https:\\\/\\\/prismagamers.com\\\/hu\\\/#\\\/schema\\\/logo\\\/image\\\/\",\"url\":\"https:\\\/\\\/prismagamers.com\\\/wp-content\\\/uploads\\\/2022\\\/04\\\/cropped-logo-Prismagamers-01-scaled-1.jpg\",\"contentUrl\":\"https:\\\/\\\/prismagamers.com\\\/wp-content\\\/uploads\\\/2022\\\/04\\\/cropped-logo-Prismagamers-01-scaled-1.jpg\",\"width\":512,\"height\":512,\"caption\":\"Prismagamers\"},\"image\":{\"@id\":\"https:\\\/\\\/prismagamers.com\\\/hu\\\/#\\\/schema\\\/logo\\\/image\\\/\"},\"sameAs\":[\"https:\\\/\\\/www.facebook.com\\\/prismagamers\",\"https:\\\/\\\/www.instagram.com\\\/prismagamers_grycyfrowe\\\/\"],\"description\":\"Prismagamers.com to dynamiczny sklep z grami cyfrowymi, stworzony z my\u015bl\u0105 o entuzjastach gier wideo. Nasza strona oferuje szerok\u0105 gam\u0119 gier komputerowych, w tym najnowsze tytu\u0142y, dobrze znane klasyki oraz gry stworzone przez niezale\u017cne studia Ca\u0142y czas d\u0105\u017cymy do rozszerzenia naszej oferty. Do\u0142\u0105cz do nas i sta\u0144 si\u0119 cz\u0119\u015bci\u0105 naszej rosn\u0105cej spo\u0142eczno\u015bci graczy!\",\"email\":\"shop@prismagamers.com\",\"telephone\":\"48795541705\",\"legalName\":\"East Caravan Maksym \u017bukow\",\"foundingDate\":\"2012-05-10\",\"vatID\":\"PL8943038612\",\"taxID\":\"PL8943038612\",\"numberOfEmployees\":{\"@type\":\"QuantitativeValue\",\"minValue\":\"11\",\"maxValue\":\"50\"}}]}<\/script>\n<!-- \/ Yoast SEO Premium plugin. -->","yoast_head_json":{"title":"Blazing Sails - Prismagamers.com","description":"Harcolj a t\u00fal\u00e9l\u00e9s\u00e9rt a Blazing Sailsben, egy gyors temp\u00f3j\u00fa PvP j\u00e1t\u00e9kban kal\u00f3zokkal! K\u00e9sz\u00edtsd el saj\u00e1t egyedi kal\u00f3zodat \u00e9s haj\u00f3dat. Fogj \u00f6ssze m\u00e1s j\u00e1t\u00e9kosokkal, hogy egy hatalmas haj\u00f3 parancsnoka legy\u00e9l! Fedezd fel a k\u00fcl\u00f6nb\u00f6z\u0151 j\u00e1t\u00e9km\u00f3dokat, p\u00e1ly\u00e1kat, fegyvereket, haj\u00f3t\u00edpusokat \u00e9s m\u00e9g sok m\u00e1st, mik\u00f6zben m\u00e1s leg\u00e9nys\u00e9geket iktatsz ki epikus csat\u00e1kban a sz\u00e1razf\u00f6ld\u00f6n \u00e9s a tengeren!    Glob\u00e1lis  G\u0151z  Digit\u00e1lis kulcs","robots":{"index":"index","follow":"follow","max-snippet":"max-snippet:-1","max-image-preview":"max-image-preview:large","max-video-preview":"max-video-preview:-1"},"canonical":"https:\/\/prismagamers.com\/hu\/produkt\/blazing-sails\/","og_locale":"hu_HU","og_type":"article","og_title":"Blazing Sails","og_description":"Harcolj a t\u00fal\u00e9l\u00e9s\u00e9rt a Blazing Sailsben, egy gyors temp\u00f3j\u00fa PvP j\u00e1t\u00e9kban kal\u00f3zokkal! K\u00e9sz\u00edtsd el saj\u00e1t egyedi kal\u00f3zodat \u00e9s haj\u00f3dat. Fogj \u00f6ssze m\u00e1s j\u00e1t\u00e9kosokkal, hogy egy hatalmas haj\u00f3 parancsnoka legy\u00e9l! Fedezd fel a k\u00fcl\u00f6nb\u00f6z\u0151 j\u00e1t\u00e9km\u00f3dokat, p\u00e1ly\u00e1kat, fegyvereket, haj\u00f3t\u00edpusokat \u00e9s m\u00e9g sok m\u00e1st, mik\u00f6zben m\u00e1s leg\u00e9nys\u00e9geket iktatsz ki epikus csat\u00e1kban a sz\u00e1razf\u00f6ld\u00f6n \u00e9s a tengeren!    Glob\u00e1lis  G\u0151z  Digit\u00e1lis kulcs","og_url":"https:\/\/prismagamers.com\/hu\/produkt\/blazing-sails\/","og_site_name":"Prismagamers.com","article_publisher":"https:\/\/www.facebook.com\/prismagamers","og_image":[{"width":300,"height":450,"url":"https:\/\/prismagamers.com\/wp-content\/uploads\/2023\/06\/Blazing-Sails-1-e1727182809756.jpg","type":"image\/jpeg"}],"twitter_card":"summary_large_image","twitter_misc":{"Becs\u00fclt olvas\u00e1si id\u0151":"3 perc"},"schema":{"@context":"https:\/\/schema.org","@graph":[{"@type":"WebPage","@id":"https:\/\/prismagamers.com\/hu\/produkt\/blazing-sails\/","url":"https:\/\/prismagamers.com\/hu\/produkt\/blazing-sails\/","name":"Blazing Sails - Prismagamers.com","isPartOf":{"@id":"https:\/\/prismagamers.com\/hu\/#website"},"primaryImageOfPage":{"@id":"https:\/\/prismagamers.com\/hu\/produkt\/blazing-sails\/#primaryimage"},"image":{"@id":"https:\/\/prismagamers.com\/hu\/produkt\/blazing-sails\/#primaryimage"},"thumbnailUrl":"https:\/\/prismagamers.com\/wp-content\/uploads\/2023\/06\/Blazing-Sails-1-e1727182809756.jpg","datePublished":"2023-06-01T20:21:56+00:00","description":"Harcolj a t\u00fal\u00e9l\u00e9s\u00e9rt a Blazing Sailsben, egy gyors temp\u00f3j\u00fa PvP j\u00e1t\u00e9kban kal\u00f3zokkal! K\u00e9sz\u00edtsd el saj\u00e1t egyedi kal\u00f3zodat \u00e9s haj\u00f3dat. Fogj \u00f6ssze m\u00e1s j\u00e1t\u00e9kosokkal, hogy egy hatalmas haj\u00f3 parancsnoka legy\u00e9l! Fedezd fel a k\u00fcl\u00f6nb\u00f6z\u0151 j\u00e1t\u00e9km\u00f3dokat, p\u00e1ly\u00e1kat, fegyvereket, haj\u00f3t\u00edpusokat \u00e9s m\u00e9g sok m\u00e1st, mik\u00f6zben m\u00e1s leg\u00e9nys\u00e9geket iktatsz ki epikus csat\u00e1kban a sz\u00e1razf\u00f6ld\u00f6n \u00e9s a tengeren! Glob\u00e1lis G\u0151z Digit\u00e1lis kulcs","breadcrumb":{"@id":"https:\/\/prismagamers.com\/hu\/produkt\/blazing-sails\/#breadcrumb"},"inLanguage":"hu","potentialAction":[{"@type":"ReadAction","target":["https:\/\/prismagamers.com\/hu\/produkt\/blazing-sails\/"]}]},{"@type":"ImageObject","inLanguage":"hu","@id":"https:\/\/prismagamers.com\/hu\/produkt\/blazing-sails\/#primaryimage","url":"https:\/\/prismagamers.com\/wp-content\/uploads\/2023\/06\/Blazing-Sails-1-e1727182809756.jpg","contentUrl":"https:\/\/prismagamers.com\/wp-content\/uploads\/2023\/06\/Blazing-Sails-1-e1727182809756.jpg","width":300,"height":450},{"@type":"BreadcrumbList","@id":"https:\/\/prismagamers.com\/hu\/produkt\/blazing-sails\/#breadcrumb","itemListElement":[{"@type":"ListItem","position":1,"name":"Strona g\u0142\u00f3wna","item":"https:\/\/prismagamers.com\/hu\/prismagamers\/"},{"@type":"ListItem","position":2,"name":"Shop","item":"https:\/\/prismagamers.com\/hu\/shop\/"},{"@type":"ListItem","position":3,"name":"Blazing Sails"}]},{"@type":"WebSite","@id":"https:\/\/prismagamers.com\/hu\/#website","url":"https:\/\/prismagamers.com\/hu\/","name":"Prismagamers","description":"Sklep z grami PC I Sklep klucze Steam","publisher":{"@id":"https:\/\/prismagamers.com\/hu\/#organization"},"potentialAction":[{"@type":"SearchAction","target":{"@type":"EntryPoint","urlTemplate":"https:\/\/prismagamers.com\/hu\/?s={search_term_string}"},"query-input":{"@type":"PropertyValueSpecification","valueRequired":true,"valueName":"search_term_string"}}],"inLanguage":"hu"},{"@type":"Organization","@id":"https:\/\/prismagamers.com\/hu\/#organization","name":"Prismagamers","url":"https:\/\/prismagamers.com\/hu\/","logo":{"@type":"ImageObject","inLanguage":"hu","@id":"https:\/\/prismagamers.com\/hu\/#\/schema\/logo\/image\/","url":"https:\/\/prismagamers.com\/wp-content\/uploads\/2022\/04\/cropped-logo-Prismagamers-01-scaled-1.jpg","contentUrl":"https:\/\/prismagamers.com\/wp-content\/uploads\/2022\/04\/cropped-logo-Prismagamers-01-scaled-1.jpg","width":512,"height":512,"caption":"Prismagamers"},"image":{"@id":"https:\/\/prismagamers.com\/hu\/#\/schema\/logo\/image\/"},"sameAs":["https:\/\/www.facebook.com\/prismagamers","https:\/\/www.instagram.com\/prismagamers_grycyfrowe\/"],"description":"Prismagamers.com to dynamiczny sklep z grami cyfrowymi, stworzony z my\u015bl\u0105 o entuzjastach gier wideo. Nasza strona oferuje szerok\u0105 gam\u0119 gier komputerowych, w tym najnowsze tytu\u0142y, dobrze znane klasyki oraz gry stworzone przez niezale\u017cne studia Ca\u0142y czas d\u0105\u017cymy do rozszerzenia naszej oferty. Do\u0142\u0105cz do nas i sta\u0144 si\u0119 cz\u0119\u015bci\u0105 naszej rosn\u0105cej spo\u0142eczno\u015bci graczy!","email":"shop@prismagamers.com","telephone":"48795541705","legalName":"East Caravan Maksym \u017bukow","foundingDate":"2012-05-10","vatID":"PL8943038612","taxID":"PL8943038612","numberOfEmployees":{"@type":"QuantitativeValue","minValue":"11","maxValue":"50"}}]}},"_links":{"self":[{"href":"https:\/\/prismagamers.com\/hu\/wp-json\/wp\/v2\/product\/42453","targetHints":{"allow":["GET"]}}],"collection":[{"href":"https:\/\/prismagamers.com\/hu\/wp-json\/wp\/v2\/product"}],"about":[{"href":"https:\/\/prismagamers.com\/hu\/wp-json\/wp\/v2\/types\/product"}],"wp:featuredmedia":[{"embeddable":true,"href":"https:\/\/prismagamers.com\/hu\/wp-json\/wp\/v2\/media\/25426"}],"wp:attachment":[{"href":"https:\/\/prismagamers.com\/hu\/wp-json\/wp\/v2\/media?parent=42453"}],"wp:term":[{"taxonomy":"product_brand","embeddable":true,"href":"https:\/\/prismagamers.com\/hu\/wp-json\/wp\/v2\/product_brand?post=42453"},{"taxonomy":"product_cat","embeddable":true,"href":"https:\/\/prismagamers.com\/hu\/wp-json\/wp\/v2\/product_cat?post=42453"},{"taxonomy":"product_tag","embeddable":true,"href":"https:\/\/prismagamers.com\/hu\/wp-json\/wp\/v2\/product_tag?post=42453"}],"curies":[{"name":"wp","href":"https:\/\/api.w.org\/{rel}","templated":true}]}}