{"id":42460,"date":"2023-05-29T18:44:32","date_gmt":"2023-05-29T16:44:32","guid":{"rendered":"https:\/\/prismagamers.com\/produkt\/fairy-fencer-f-refrain-chord\/"},"modified":"2023-05-29T18:44:32","modified_gmt":"2023-05-29T16:44:32","slug":"fairy-fencer-f-refrain-chord","status":"publish","type":"product","link":"https:\/\/prismagamers.com\/hu\/produkt\/fairy-fencer-f-refrain-chord\/","title":{"rendered":"Fairy Fencer f Refrain Chord"},"content":{"rendered":"<h2 data-start=\"273\" data-end=\"340\">Return of the Goddess &#8211; Taktikai RPG t\u00fcnd\u00e9rekkel, v\u00edv\u00f3kkal \u00e9s m\u00fazs\u00e1kkal<\/h2>\n<p data-start=\"342\" data-end=\"501\">R\u00e9ges-r\u00e9gen az emberek tud\u00e1st kaptak az Istenn\u0151t\u0151l, \u00e9s a civiliz\u00e1ci\u00f3 vir\u00e1gzott.<br data-start=\"412\" data-end=\"415\">Az \u00e9gig \u00e9r\u0151 tornyokat \u00e9p\u00edtettek, \u00e9s olyan er\u0151s fegyvereket alkottak, amelyek m\u00e9g az isteneket is k\u00e9pesek voltak \u00e1tsz\u00farni.<\/p>\n<p data-start=\"503\" data-end=\"606\">Ez a nagyszer\u0171 civiliz\u00e1ci\u00f3 azonban elpusztult az Istenn\u0151 \u00e9s a Gonosz Isten k\u00f6z\u00f6tti er\u0151szakos konfliktus ut\u00e1n.<\/p>\n<p data-start=\"608\" data-end=\"641\">\u00c9vsz\u00e1zadok teltek el az\u00f3ta&#8230;.<\/p>\n<h3 data-start=\"643\" data-end=\"685\">Ismerd meg Fangot &#8211; Fiatal kardmester<\/h3>\n<p data-start=\"687\" data-end=\"888\">T\u00f6rt\u00e9net\u00fcnk egy <strong data-start=\"744\" data-end=\"752\">Fang<\/strong> nev\u0171 fiatalemberrel kezd\u0151dik, aki <strong data-start=\"767\" data-end=\"779\">V\u00edv\u00f3<\/strong> lett &#8211; egy olyan harcos, aki k\u00e9pes egy k\u00fcl\u00f6nleges fegyverrel b\u00e1nni, amelyet egy <strong data-start=\"860\" data-end=\"885\">Fury nev\u0171 t\u00fcnd\u00e9r<\/strong> lakott.<\/p>\n<p data-start=\"890\" data-end=\"1001\">Fang t\u00e1rsaival egy\u00fctt \u00fatnak indul, hogy megtal\u00e1lja a <strong data-start=\"954\" data-end=\"964\">f\u00fari\u00e1kat<\/strong> \u00e9s visszahozza <strong data-start=\"987\" data-end=\"998\">az Istenn\u0151t<\/strong> az \u00e9letbe.<\/p>\n<p data-start=\"1003\" data-end=\"1243\">Kalandjai sor\u00e1n tal\u00e1lkozik egy n\u0151vel, aki \u00e9nek\u00e9vel k\u00e9pes megmenteni az embereket, egy m\u00e1sik pedig a <strong data-start=\"1100\" data-end=\"1151\">zen\u00e9vel k\u00e9pes engedelmess\u00e9gre k\u00e9nyszer\u00edteni az embereket<\/strong>.<br data-start=\"1152\" data-end=\"1155\">Ezeknek a <strong data-start=\"1200\" data-end=\"1209\">M\u00fazs\u00e1knak<\/strong> nevezett n\u0151knek a titokzatos erej\u00e9nek k\u00f6sz\u00f6nhet\u0151en Fang sorsa kezd alakot \u00f6lteni&#8230;..<\/p>\n<hr data-start=\"1245\" data-end=\"1248\">\n<h3 data-start=\"1250\" data-end=\"1278\">A j\u00e1t\u00e9k f\u0151bb jellemz\u0151i:<\/h3>\n<p data-start=\"1280\" data-end=\"1632\"><strong data-start=\"1280\" data-end=\"1330\">Egy taktikai RPG \u00faj k\u00f6nt\u00f6sben &#8211; FFF Tactics?!<\/strong><br data-start=\"1330\" data-end=\"1333\">Haszn\u00e1ld ki a terepet \u00e9s a csatat\u00e9ren tal\u00e1lhat\u00f3 t\u00e1rgyakat, p\u00e9ld\u00e1ul szikl\u00e1kat, l\u00e1d\u00e1kat vagy magas f\u00fcvet, hogy el\u0151nyre tegy\u00e9l szert. A strat\u00e9giai poz\u00edcion\u00e1l\u00e1s n\u00f6velheti a kit\u00e9r\u00e9st vagy lelass\u00edthatja az ellens\u00e9g mozg\u00e1s\u00e1t. Az <strong data-start=\"1554\" data-end=\"1574\">Avalanche Attack<\/strong> \u00e9s a <strong data-start=\"1577\" data-end=\"1588\">Fairize<\/strong> mechanika is visszat\u00e9r, m\u00e9lyebb\u00e9 t\u00e9ve a taktikai j\u00e1t\u00e9kmenetet.  <\/p>\n<p data-start=\"1634\" data-end=\"1913\"><strong data-start=\"1634\" data-end=\"1672\">T\u00fcnd\u00e9rek, v\u00edv\u00f3k, f\u00fari\u00e1k&#8230; \u00e9s m\u00fazs\u00e1k!<\/strong><br data-start=\"1672\" data-end=\"1675\">\u00daj karakterek &#8211; <strong data-start=\"1691\" data-end=\"1700\">m\u00fazs\u00e1k<\/strong> &#8211; \u00faj harci mechanik\u00e1kat vezetnek be. Haszn\u00e1ld \u00e9nek\u00fck erej\u00e9t a sz\u00f6vets\u00e9gesek t\u00e1mogat\u00e1s\u00e1ra, vagy kombin\u00e1ld a ter\u00fcleti hat\u00e1sokat l\u00e1tv\u00e1nyos er\u0151s\u00edt\u00e9sekhez. Figyelmeztetlek &#8211; a hat\u00f3t\u00e1vols\u00e1gon bel\u00fcli ellenfelek is haszn\u00e1lhatj\u00e1k \u0151ket!  <\/p>\n<p data-start=\"1915\" data-end=\"2242\"><strong data-start=\"1915\" data-end=\"1951\">Rejtett t\u00fcnd\u00e9rek, helysz\u00ednek \u00e9s kincsek<\/strong><br data-start=\"1951\" data-end=\"1954\">Fedezd fel az \u00faj <strong data-start=\"1976\" data-end=\"1993\">vil\u00e1gform\u00e1l\u00f3<\/strong> mechanik\u00e1t. A <strong data-start=\"2002\" data-end=\"2022\">Location Shaping<\/strong> seg\u00edts\u00e9g\u00e9vel az \u00f6sszegy\u0171jt\u00f6tt F\u00fari\u00e1kat a t\u00e9rk\u00e9p k\u00fcl\u00f6nb\u00f6z\u0151 ter\u00fcletein haszn\u00e1lhatod, \u00edgy rejtett t\u00e1rgyakat, helysz\u00edneket \u00e9s ak\u00e1r \u00faj <strong data-start=\"2134\" data-end=\"2145\">T\u00fcnd\u00e9reket<\/strong> is feloldhatsz. Futtass l\u00e1ncot, hogy t\u00f6bb helysz\u00ednt aktiv\u00e1lj an\u00e9lk\u00fcl, hogy a korl\u00e1tozott Helymeghat\u00e1roz\u00f3 energi\u00e1dat elhaszn\u00e1ln\u00e1d!  <\/p>\n<p data-start=\"2244\" data-end=\"2476\"><strong data-start=\"2244\" data-end=\"2269\">Egy t\u00f6bbr\u00e9teg\u0171 t\u00f6rt\u00e9net<\/strong><br data-start=\"2269\" data-end=\"2272\">K\u00f6vesd Fang \u00e9s bar\u00e1tai kalandjait a k\u00fcl\u00f6nb\u00f6z\u0151 cselekm\u00e9nysz\u00e1lakon kereszt\u00fcl, mik\u00f6zben F\u00fari\u00e1kat keresnek, \u00e9s visszahozz\u00e1k az Istenn\u0151t az \u00e9letbe. Harm\u00f3ni\u00e1t vagy k\u00e1oszt tal\u00e1lnak, amikor az eg\u00e9sz vil\u00e1g sorsa a kez\u00fckben van? <\/p>\n","protected":false},"excerpt":{"rendered":"<p data-start=\"108\" data-end=\"488\">Vedd \u00e1t Fang, a fiatal v\u00edv\u00f3 szerep\u00e9t, aki t\u00e1rsaival egy\u00fctt epikus utaz\u00e1sra indul, hogy megtal\u00e1lja <strong data-start=\"207\" data-end=\"217\">a f\u00fari\u00e1kat<\/strong> \u00e9s visszahozza <strong data-start=\"240\" data-end=\"251\">az istenn\u0151t<\/strong> az \u00e9letbe. Haszn\u00e1ld a csatat\u00e9r taktikai k\u00e9pess\u00e9geit, a <strong data-start=\"302\" data-end=\"313\">T\u00fcnd\u00e9rek<\/strong> erej\u00e9t \u00e9s a <strong data-start=\"322\" data-end=\"331\">M\u00fazs\u00e1k<\/strong> \u00e9nek\u00e9t, hogy t\u00e1mogasd sz\u00f6vets\u00e9geseidet \u00e9s legy\u0151zd ellenfeleidet. Fedezz fel rejtett helysz\u00edneket, kincseket \u00e9s egy mag\u00e1val ragad\u00f3, t\u00f6bb sz\u00e1lon fut\u00f3 t\u00f6rt\u00e9netet ebben a modern <strong data-start=\"470\" data-end=\"485\">fantasy RPG-ben<\/strong>!  <\/p>\n<p><img decoding=\"async\" class=\"emoji\" role=\"img\" draggable=\"false\" src=\"https:\/\/s.w.org\/images\/core\/emoji\/14.0.0\/svg\/1f30d.svg\" alt=\"\ud83c\udf0d\">  Glob\u00e1lis<br \/>\n<img decoding=\"async\" class=\"emoji\" role=\"img\" draggable=\"false\" src=\"https:\/\/s.w.org\/images\/core\/emoji\/14.0.0\/svg\/2699.svg\" alt=\"\u2699\ufe0f\">  G\u0151z<br \/>\n<img decoding=\"async\" class=\"emoji\" role=\"img\" draggable=\"false\" src=\"https:\/\/s.w.org\/images\/core\/emoji\/14.0.0\/svg\/1f5dd.svg\" alt=\"\ud83d\udddd\">  Digit\u00e1lis kulcs<\/p>\n","protected":false},"featured_media":25401,"template":"","meta":{"_acf_changed":false,"site-sidebar-layout":"default","site-content-layout":"default","ast-site-content-layout":"default","site-content-style":"default","site-sidebar-style":"default","ast-global-header-display":"","ast-banner-title-visibility":"","ast-main-header-display":"","ast-hfb-above-header-display":"","ast-hfb-below-header-display":"","ast-hfb-mobile-header-display":"","site-post-title":"","ast-breadcrumbs-content":"","ast-featured-img":"","footer-sml-layout":"","ast-disable-related-posts":"","theme-transparent-header-meta":"default","adv-header-id-meta":"","stick-header-meta":"","header-above-stick-meta":"","header-main-stick-meta":"","header-below-stick-meta":"","astra-migrate-meta-layouts":"default","ast-page-background-enabled":"default","ast-page-background-meta":{"desktop":{"background-color":"var(--ast-global-color-4)","background-image":"","background-repeat":"repeat","background-position":"center center","background-size":"auto","background-attachment":"scroll","background-type":"","background-media":"","overlay-type":"","overlay-color":"","overlay-opacity":"","overlay-gradient":""},"tablet":{"background-color":"","background-image":"","background-repeat":"repeat","background-position":"center center","background-size":"auto","background-attachment":"scroll","background-type":"","background-media":"","overlay-type":"","overlay-color":"","overlay-opacity":"","overlay-gradient":""},"mobile":{"background-color":"","background-image":"","background-repeat":"repeat","background-position":"center center","background-size":"auto","background-attachment":"scroll","background-type":"","background-media":"","overlay-type":"","overlay-color":"","overlay-opacity":"","overlay-gradient":""}},"ast-content-background-meta":{"desktop":{"background-color":"var(--ast-global-color-5)","background-image":"","background-repeat":"repeat","background-position":"center center","background-size":"auto","background-attachment":"scroll","background-type":"","background-media":"","overlay-type":"","overlay-color":"","overlay-opacity":"","overlay-gradient":""},"tablet":{"background-color":"var(--ast-global-color-5)","background-image":"","background-repeat":"repeat","background-position":"center center","background-size":"auto","background-attachment":"scroll","background-type":"","background-media":"","overlay-type":"","overlay-color":"","overlay-opacity":"","overlay-gradient":""},"mobile":{"background-color":"var(--ast-global-color-5)","background-image":"","background-repeat":"repeat","background-position":"center center","background-size":"auto","background-attachment":"scroll","background-type":"","background-media":"","overlay-type":"","overlay-color":"","overlay-opacity":"","overlay-gradient":""}}},"product_brand":[],"product_cat":[394,365,378,364,386],"product_tag":[],"class_list":{"0":"post-42460","1":"product","2":"type-product","3":"status-publish","4":"has-post-thumbnail","6":"product_cat-digitalis-jatekok","7":"product_cat-goz","8":"product_cat-minden-digitalis-jatek","9":"product_cat-rpg-k","10":"product_cat-strategiai-jatekok","11":"desktop-align-left","12":"tablet-align-left","13":"mobile-align-left","15":"first","16":"instock","17":"shipping-taxable","18":"purchasable","19":"product-type-simple"},"acf":[],"yoast_head":"<!-- This site is optimized with the Yoast SEO Premium plugin v27.4 (Yoast SEO v27.4) - https:\/\/yoast.com\/product\/yoast-seo-premium-wordpress\/ -->\n<title>Fairy Fencer f Refrain Chord - Prismagamers.com<\/title>\n<meta name=\"description\" content=\"Vedd \u00e1t Fang, a fiatal v\u00edv\u00f3 szerep\u00e9t, aki t\u00e1rsaival egy\u00fctt epikus utaz\u00e1sra indul, hogy megtal\u00e1lja a f\u00fari\u00e1kat \u00e9s visszahozza az istenn\u0151t az \u00e9letbe. Haszn\u00e1ld a csatat\u00e9r taktikai k\u00e9pess\u00e9geit, a T\u00fcnd\u00e9rek erej\u00e9t \u00e9s a M\u00fazs\u00e1k \u00e9nek\u00e9t, hogy t\u00e1mogasd sz\u00f6vets\u00e9geseidet \u00e9s legy\u0151zd ellenfeleidet. Fedezz fel rejtett helysz\u00edneket, kincseket \u00e9s egy mag\u00e1val ragad\u00f3, t\u00f6bb sz\u00e1lon fut\u00f3 t\u00f6rt\u00e9netet ebben a modern fantasy RPG-ben!   Glob\u00e1lis  G\u0151z  Digit\u00e1lis kulcs\" \/>\n<meta name=\"robots\" content=\"index, follow, max-snippet:-1, max-image-preview:large, max-video-preview:-1\" \/>\n<link rel=\"canonical\" href=\"https:\/\/prismagamers.com\/hu\/produkt\/fairy-fencer-f-refrain-chord\/\" \/>\n<meta property=\"og:locale\" content=\"hu_HU\" \/>\n<meta property=\"og:type\" content=\"article\" \/>\n<meta property=\"og:title\" content=\"Fairy Fencer f Refrain Chord\" \/>\n<meta property=\"og:description\" content=\"Vedd \u00e1t Fang, a fiatal v\u00edv\u00f3 szerep\u00e9t, aki t\u00e1rsaival egy\u00fctt epikus utaz\u00e1sra indul, hogy megtal\u00e1lja a f\u00fari\u00e1kat \u00e9s visszahozza az istenn\u0151t az \u00e9letbe. Haszn\u00e1ld a csatat\u00e9r taktikai k\u00e9pess\u00e9geit, a T\u00fcnd\u00e9rek erej\u00e9t \u00e9s a M\u00fazs\u00e1k \u00e9nek\u00e9t, hogy t\u00e1mogasd sz\u00f6vets\u00e9geseidet \u00e9s legy\u0151zd ellenfeleidet. Fedezz fel rejtett helysz\u00edneket, kincseket \u00e9s egy mag\u00e1val ragad\u00f3, t\u00f6bb sz\u00e1lon fut\u00f3 t\u00f6rt\u00e9netet ebben a modern fantasy RPG-ben!   Glob\u00e1lis  G\u0151z  Digit\u00e1lis kulcs\" \/>\n<meta property=\"og:url\" content=\"https:\/\/prismagamers.com\/hu\/produkt\/fairy-fencer-f-refrain-chord\/\" \/>\n<meta property=\"og:site_name\" content=\"Prismagamers.com\" \/>\n<meta property=\"article:publisher\" content=\"https:\/\/www.facebook.com\/prismagamers\" \/>\n<meta property=\"og:image\" content=\"https:\/\/prismagamers.com\/wp-content\/uploads\/2023\/05\/Fairy-Fencer-F-Refrain-Chord.jpg\" \/>\n\t<meta property=\"og:image:width\" content=\"600\" \/>\n\t<meta property=\"og:image:height\" content=\"900\" \/>\n\t<meta property=\"og:image:type\" content=\"image\/jpeg\" \/>\n<meta name=\"twitter:card\" content=\"summary_large_image\" \/>\n<meta name=\"twitter:label1\" content=\"Becs\u00fclt olvas\u00e1si id\u0151\" \/>\n\t<meta name=\"twitter:data1\" content=\"2 perc\" \/>\n<script type=\"application\/ld+json\" class=\"yoast-schema-graph\">{\"@context\":\"https:\\\/\\\/schema.org\",\"@graph\":[{\"@type\":\"WebPage\",\"@id\":\"https:\\\/\\\/prismagamers.com\\\/hu\\\/produkt\\\/fairy-fencer-f-refrain-chord\\\/\",\"url\":\"https:\\\/\\\/prismagamers.com\\\/hu\\\/produkt\\\/fairy-fencer-f-refrain-chord\\\/\",\"name\":\"Fairy Fencer f Refrain Chord - Prismagamers.com\",\"isPartOf\":{\"@id\":\"https:\\\/\\\/prismagamers.com\\\/hu\\\/#website\"},\"primaryImageOfPage\":{\"@id\":\"https:\\\/\\\/prismagamers.com\\\/hu\\\/produkt\\\/fairy-fencer-f-refrain-chord\\\/#primaryimage\"},\"image\":{\"@id\":\"https:\\\/\\\/prismagamers.com\\\/hu\\\/produkt\\\/fairy-fencer-f-refrain-chord\\\/#primaryimage\"},\"thumbnailUrl\":\"https:\\\/\\\/prismagamers.com\\\/wp-content\\\/uploads\\\/2023\\\/05\\\/Fairy-Fencer-F-Refrain-Chord.jpg\",\"datePublished\":\"2023-05-29T16:44:32+00:00\",\"description\":\"Vedd \u00e1t Fang, a fiatal v\u00edv\u00f3 szerep\u00e9t, aki t\u00e1rsaival egy\u00fctt epikus utaz\u00e1sra indul, hogy megtal\u00e1lja a f\u00fari\u00e1kat \u00e9s visszahozza az istenn\u0151t az \u00e9letbe. Haszn\u00e1ld a csatat\u00e9r taktikai k\u00e9pess\u00e9geit, a T\u00fcnd\u00e9rek erej\u00e9t \u00e9s a M\u00fazs\u00e1k \u00e9nek\u00e9t, hogy t\u00e1mogasd sz\u00f6vets\u00e9geseidet \u00e9s legy\u0151zd ellenfeleidet. Fedezz fel rejtett helysz\u00edneket, kincseket \u00e9s egy mag\u00e1val ragad\u00f3, t\u00f6bb sz\u00e1lon fut\u00f3 t\u00f6rt\u00e9netet ebben a modern fantasy RPG-ben! Glob\u00e1lis G\u0151z Digit\u00e1lis kulcs\",\"breadcrumb\":{\"@id\":\"https:\\\/\\\/prismagamers.com\\\/hu\\\/produkt\\\/fairy-fencer-f-refrain-chord\\\/#breadcrumb\"},\"inLanguage\":\"hu\",\"potentialAction\":[{\"@type\":\"ReadAction\",\"target\":[\"https:\\\/\\\/prismagamers.com\\\/hu\\\/produkt\\\/fairy-fencer-f-refrain-chord\\\/\"]}]},{\"@type\":\"ImageObject\",\"inLanguage\":\"hu\",\"@id\":\"https:\\\/\\\/prismagamers.com\\\/hu\\\/produkt\\\/fairy-fencer-f-refrain-chord\\\/#primaryimage\",\"url\":\"https:\\\/\\\/prismagamers.com\\\/wp-content\\\/uploads\\\/2023\\\/05\\\/Fairy-Fencer-F-Refrain-Chord.jpg\",\"contentUrl\":\"https:\\\/\\\/prismagamers.com\\\/wp-content\\\/uploads\\\/2023\\\/05\\\/Fairy-Fencer-F-Refrain-Chord.jpg\",\"width\":600,\"height\":900},{\"@type\":\"BreadcrumbList\",\"@id\":\"https:\\\/\\\/prismagamers.com\\\/hu\\\/produkt\\\/fairy-fencer-f-refrain-chord\\\/#breadcrumb\",\"itemListElement\":[{\"@type\":\"ListItem\",\"position\":1,\"name\":\"Strona g\u0142\u00f3wna\",\"item\":\"https:\\\/\\\/prismagamers.com\\\/hu\\\/prismagamers\\\/\"},{\"@type\":\"ListItem\",\"position\":2,\"name\":\"Shop\",\"item\":\"https:\\\/\\\/prismagamers.com\\\/hu\\\/shop\\\/\"},{\"@type\":\"ListItem\",\"position\":3,\"name\":\"Fairy Fencer f Refrain Chord\"}]},{\"@type\":\"WebSite\",\"@id\":\"https:\\\/\\\/prismagamers.com\\\/hu\\\/#website\",\"url\":\"https:\\\/\\\/prismagamers.com\\\/hu\\\/\",\"name\":\"Prismagamers\",\"description\":\"Sklep z grami PC I Sklep klucze Steam\",\"publisher\":{\"@id\":\"https:\\\/\\\/prismagamers.com\\\/hu\\\/#organization\"},\"potentialAction\":[{\"@type\":\"SearchAction\",\"target\":{\"@type\":\"EntryPoint\",\"urlTemplate\":\"https:\\\/\\\/prismagamers.com\\\/hu\\\/?s={search_term_string}\"},\"query-input\":{\"@type\":\"PropertyValueSpecification\",\"valueRequired\":true,\"valueName\":\"search_term_string\"}}],\"inLanguage\":\"hu\"},{\"@type\":\"Organization\",\"@id\":\"https:\\\/\\\/prismagamers.com\\\/hu\\\/#organization\",\"name\":\"Prismagamers\",\"url\":\"https:\\\/\\\/prismagamers.com\\\/hu\\\/\",\"logo\":{\"@type\":\"ImageObject\",\"inLanguage\":\"hu\",\"@id\":\"https:\\\/\\\/prismagamers.com\\\/hu\\\/#\\\/schema\\\/logo\\\/image\\\/\",\"url\":\"https:\\\/\\\/prismagamers.com\\\/wp-content\\\/uploads\\\/2022\\\/04\\\/cropped-logo-Prismagamers-01-scaled-1.jpg\",\"contentUrl\":\"https:\\\/\\\/prismagamers.com\\\/wp-content\\\/uploads\\\/2022\\\/04\\\/cropped-logo-Prismagamers-01-scaled-1.jpg\",\"width\":512,\"height\":512,\"caption\":\"Prismagamers\"},\"image\":{\"@id\":\"https:\\\/\\\/prismagamers.com\\\/hu\\\/#\\\/schema\\\/logo\\\/image\\\/\"},\"sameAs\":[\"https:\\\/\\\/www.facebook.com\\\/prismagamers\",\"https:\\\/\\\/www.instagram.com\\\/prismagamers_grycyfrowe\\\/\"],\"description\":\"Prismagamers.com to dynamiczny sklep z grami cyfrowymi, stworzony z my\u015bl\u0105 o entuzjastach gier wideo. Nasza strona oferuje szerok\u0105 gam\u0119 gier komputerowych, w tym najnowsze tytu\u0142y, dobrze znane klasyki oraz gry stworzone przez niezale\u017cne studia Ca\u0142y czas d\u0105\u017cymy do rozszerzenia naszej oferty. Do\u0142\u0105cz do nas i sta\u0144 si\u0119 cz\u0119\u015bci\u0105 naszej rosn\u0105cej spo\u0142eczno\u015bci graczy!\",\"email\":\"shop@prismagamers.com\",\"telephone\":\"48795541705\",\"legalName\":\"East Caravan Maksym \u017bukow\",\"foundingDate\":\"2012-05-10\",\"vatID\":\"PL8943038612\",\"taxID\":\"PL8943038612\",\"numberOfEmployees\":{\"@type\":\"QuantitativeValue\",\"minValue\":\"11\",\"maxValue\":\"50\"}}]}<\/script>\n<!-- \/ Yoast SEO Premium plugin. -->","yoast_head_json":{"title":"Fairy Fencer f Refrain Chord - Prismagamers.com","description":"Vedd \u00e1t Fang, a fiatal v\u00edv\u00f3 szerep\u00e9t, aki t\u00e1rsaival egy\u00fctt epikus utaz\u00e1sra indul, hogy megtal\u00e1lja a f\u00fari\u00e1kat \u00e9s visszahozza az istenn\u0151t az \u00e9letbe. Haszn\u00e1ld a csatat\u00e9r taktikai k\u00e9pess\u00e9geit, a T\u00fcnd\u00e9rek erej\u00e9t \u00e9s a M\u00fazs\u00e1k \u00e9nek\u00e9t, hogy t\u00e1mogasd sz\u00f6vets\u00e9geseidet \u00e9s legy\u0151zd ellenfeleidet. Fedezz fel rejtett helysz\u00edneket, kincseket \u00e9s egy mag\u00e1val ragad\u00f3, t\u00f6bb sz\u00e1lon fut\u00f3 t\u00f6rt\u00e9netet ebben a modern fantasy RPG-ben!   Glob\u00e1lis  G\u0151z  Digit\u00e1lis kulcs","robots":{"index":"index","follow":"follow","max-snippet":"max-snippet:-1","max-image-preview":"max-image-preview:large","max-video-preview":"max-video-preview:-1"},"canonical":"https:\/\/prismagamers.com\/hu\/produkt\/fairy-fencer-f-refrain-chord\/","og_locale":"hu_HU","og_type":"article","og_title":"Fairy Fencer f Refrain Chord","og_description":"Vedd \u00e1t Fang, a fiatal v\u00edv\u00f3 szerep\u00e9t, aki t\u00e1rsaival egy\u00fctt epikus utaz\u00e1sra indul, hogy megtal\u00e1lja a f\u00fari\u00e1kat \u00e9s visszahozza az istenn\u0151t az \u00e9letbe. Haszn\u00e1ld a csatat\u00e9r taktikai k\u00e9pess\u00e9geit, a T\u00fcnd\u00e9rek erej\u00e9t \u00e9s a M\u00fazs\u00e1k \u00e9nek\u00e9t, hogy t\u00e1mogasd sz\u00f6vets\u00e9geseidet \u00e9s legy\u0151zd ellenfeleidet. Fedezz fel rejtett helysz\u00edneket, kincseket \u00e9s egy mag\u00e1val ragad\u00f3, t\u00f6bb sz\u00e1lon fut\u00f3 t\u00f6rt\u00e9netet ebben a modern fantasy RPG-ben!   Glob\u00e1lis  G\u0151z  Digit\u00e1lis kulcs","og_url":"https:\/\/prismagamers.com\/hu\/produkt\/fairy-fencer-f-refrain-chord\/","og_site_name":"Prismagamers.com","article_publisher":"https:\/\/www.facebook.com\/prismagamers","og_image":[{"width":600,"height":900,"url":"https:\/\/prismagamers.com\/wp-content\/uploads\/2023\/05\/Fairy-Fencer-F-Refrain-Chord.jpg","type":"image\/jpeg"}],"twitter_card":"summary_large_image","twitter_misc":{"Becs\u00fclt olvas\u00e1si id\u0151":"2 perc"},"schema":{"@context":"https:\/\/schema.org","@graph":[{"@type":"WebPage","@id":"https:\/\/prismagamers.com\/hu\/produkt\/fairy-fencer-f-refrain-chord\/","url":"https:\/\/prismagamers.com\/hu\/produkt\/fairy-fencer-f-refrain-chord\/","name":"Fairy Fencer f Refrain Chord - Prismagamers.com","isPartOf":{"@id":"https:\/\/prismagamers.com\/hu\/#website"},"primaryImageOfPage":{"@id":"https:\/\/prismagamers.com\/hu\/produkt\/fairy-fencer-f-refrain-chord\/#primaryimage"},"image":{"@id":"https:\/\/prismagamers.com\/hu\/produkt\/fairy-fencer-f-refrain-chord\/#primaryimage"},"thumbnailUrl":"https:\/\/prismagamers.com\/wp-content\/uploads\/2023\/05\/Fairy-Fencer-F-Refrain-Chord.jpg","datePublished":"2023-05-29T16:44:32+00:00","description":"Vedd \u00e1t Fang, a fiatal v\u00edv\u00f3 szerep\u00e9t, aki t\u00e1rsaival egy\u00fctt epikus utaz\u00e1sra indul, hogy megtal\u00e1lja a f\u00fari\u00e1kat \u00e9s visszahozza az istenn\u0151t az \u00e9letbe. Haszn\u00e1ld a csatat\u00e9r taktikai k\u00e9pess\u00e9geit, a T\u00fcnd\u00e9rek erej\u00e9t \u00e9s a M\u00fazs\u00e1k \u00e9nek\u00e9t, hogy t\u00e1mogasd sz\u00f6vets\u00e9geseidet \u00e9s legy\u0151zd ellenfeleidet. Fedezz fel rejtett helysz\u00edneket, kincseket \u00e9s egy mag\u00e1val ragad\u00f3, t\u00f6bb sz\u00e1lon fut\u00f3 t\u00f6rt\u00e9netet ebben a modern fantasy RPG-ben! Glob\u00e1lis G\u0151z Digit\u00e1lis kulcs","breadcrumb":{"@id":"https:\/\/prismagamers.com\/hu\/produkt\/fairy-fencer-f-refrain-chord\/#breadcrumb"},"inLanguage":"hu","potentialAction":[{"@type":"ReadAction","target":["https:\/\/prismagamers.com\/hu\/produkt\/fairy-fencer-f-refrain-chord\/"]}]},{"@type":"ImageObject","inLanguage":"hu","@id":"https:\/\/prismagamers.com\/hu\/produkt\/fairy-fencer-f-refrain-chord\/#primaryimage","url":"https:\/\/prismagamers.com\/wp-content\/uploads\/2023\/05\/Fairy-Fencer-F-Refrain-Chord.jpg","contentUrl":"https:\/\/prismagamers.com\/wp-content\/uploads\/2023\/05\/Fairy-Fencer-F-Refrain-Chord.jpg","width":600,"height":900},{"@type":"BreadcrumbList","@id":"https:\/\/prismagamers.com\/hu\/produkt\/fairy-fencer-f-refrain-chord\/#breadcrumb","itemListElement":[{"@type":"ListItem","position":1,"name":"Strona g\u0142\u00f3wna","item":"https:\/\/prismagamers.com\/hu\/prismagamers\/"},{"@type":"ListItem","position":2,"name":"Shop","item":"https:\/\/prismagamers.com\/hu\/shop\/"},{"@type":"ListItem","position":3,"name":"Fairy Fencer f Refrain Chord"}]},{"@type":"WebSite","@id":"https:\/\/prismagamers.com\/hu\/#website","url":"https:\/\/prismagamers.com\/hu\/","name":"Prismagamers","description":"Sklep z grami PC I Sklep klucze Steam","publisher":{"@id":"https:\/\/prismagamers.com\/hu\/#organization"},"potentialAction":[{"@type":"SearchAction","target":{"@type":"EntryPoint","urlTemplate":"https:\/\/prismagamers.com\/hu\/?s={search_term_string}"},"query-input":{"@type":"PropertyValueSpecification","valueRequired":true,"valueName":"search_term_string"}}],"inLanguage":"hu"},{"@type":"Organization","@id":"https:\/\/prismagamers.com\/hu\/#organization","name":"Prismagamers","url":"https:\/\/prismagamers.com\/hu\/","logo":{"@type":"ImageObject","inLanguage":"hu","@id":"https:\/\/prismagamers.com\/hu\/#\/schema\/logo\/image\/","url":"https:\/\/prismagamers.com\/wp-content\/uploads\/2022\/04\/cropped-logo-Prismagamers-01-scaled-1.jpg","contentUrl":"https:\/\/prismagamers.com\/wp-content\/uploads\/2022\/04\/cropped-logo-Prismagamers-01-scaled-1.jpg","width":512,"height":512,"caption":"Prismagamers"},"image":{"@id":"https:\/\/prismagamers.com\/hu\/#\/schema\/logo\/image\/"},"sameAs":["https:\/\/www.facebook.com\/prismagamers","https:\/\/www.instagram.com\/prismagamers_grycyfrowe\/"],"description":"Prismagamers.com to dynamiczny sklep z grami cyfrowymi, stworzony z my\u015bl\u0105 o entuzjastach gier wideo. Nasza strona oferuje szerok\u0105 gam\u0119 gier komputerowych, w tym najnowsze tytu\u0142y, dobrze znane klasyki oraz gry stworzone przez niezale\u017cne studia Ca\u0142y czas d\u0105\u017cymy do rozszerzenia naszej oferty. Do\u0142\u0105cz do nas i sta\u0144 si\u0119 cz\u0119\u015bci\u0105 naszej rosn\u0105cej spo\u0142eczno\u015bci graczy!","email":"shop@prismagamers.com","telephone":"48795541705","legalName":"East Caravan Maksym \u017bukow","foundingDate":"2012-05-10","vatID":"PL8943038612","taxID":"PL8943038612","numberOfEmployees":{"@type":"QuantitativeValue","minValue":"11","maxValue":"50"}}]}},"_links":{"self":[{"href":"https:\/\/prismagamers.com\/hu\/wp-json\/wp\/v2\/product\/42460","targetHints":{"allow":["GET"]}}],"collection":[{"href":"https:\/\/prismagamers.com\/hu\/wp-json\/wp\/v2\/product"}],"about":[{"href":"https:\/\/prismagamers.com\/hu\/wp-json\/wp\/v2\/types\/product"}],"wp:featuredmedia":[{"embeddable":true,"href":"https:\/\/prismagamers.com\/hu\/wp-json\/wp\/v2\/media\/25401"}],"wp:attachment":[{"href":"https:\/\/prismagamers.com\/hu\/wp-json\/wp\/v2\/media?parent=42460"}],"wp:term":[{"taxonomy":"product_brand","embeddable":true,"href":"https:\/\/prismagamers.com\/hu\/wp-json\/wp\/v2\/product_brand?post=42460"},{"taxonomy":"product_cat","embeddable":true,"href":"https:\/\/prismagamers.com\/hu\/wp-json\/wp\/v2\/product_cat?post=42460"},{"taxonomy":"product_tag","embeddable":true,"href":"https:\/\/prismagamers.com\/hu\/wp-json\/wp\/v2\/product_tag?post=42460"}],"curies":[{"name":"wp","href":"https:\/\/api.w.org\/{rel}","templated":true}]}}