{"id":42461,"date":"2023-05-30T09:52:20","date_gmt":"2023-05-30T07:52:20","guid":{"rendered":"https:\/\/prismagamers.com\/produkt\/everdream-valley\/"},"modified":"2026-01-02T00:36:14","modified_gmt":"2026-01-01T23:36:14","slug":"everdream-valley","status":"publish","type":"product","link":"https:\/\/prismagamers.com\/hu\/produkt\/everdream-valley\/","title":{"rendered":"Everdream Valley"},"content":{"rendered":"<p>V\u00e9ge az iskol\u00e1nak &#8211; itt az ideje a vak\u00e1ci\u00f3nak! A nagysz\u00fcleiddel t\u00f6lt\u00f6d \u0151ket az Everdream Valleyben, az \u0151 egyed\u00fcl\u00e1ll\u00f3 farmjukon. Vadvil\u00e1g, kalandok \u00e9s egy csipetnyi var\u00e1zslat minden nap. L\u00e9pj vissza az id\u0151ben egy gondtalan gyermekkorba, amikor a munka, a h\u00e1zimunka vagy a t\u00e1rsas kapcsolatok nem szerepeltek a priorit\u00e1sok list\u00e1j\u00e1n.   <\/p>\n<p>Egy farm tele \u00e9lettel \u00e9s b\u00e1jjal<\/p>\n<p>Ennek a farmnak sz\u00fcks\u00e9ge van a gondoskod\u00e1sodra. Rengeteg termeszthet\u0151 gy\u00fcm\u00f6lcs \u00e9s z\u00f6lds\u00e9g, valamint gazdag \u00e1llatgy\u0171jtem\u00e9ny. V\u00e9dd \u00e9s \u00e1pold a n\u00f6v\u00e9nyeket, gondozd az \u00e1llatokat, \u00e9s gy\u0171jts nyersanyagokat a farmod jav\u00edt\u00e1s\u00e1hoz \u00e9s b\u0151v\u00edt\u00e9s\u00e9hez. Fedezd fel a ny\u00edlt vil\u00e1got \u00e9s a k\u00f6r\u00fcl\u00f6tted l\u00e9v\u0151 f\u00f6ldeket, hogy felfedezd a var\u00e1zslatos \u00e9jszakai \u00e1lmok ok\u00e1t.   <\/p>\n<p>\u00c9p\u00edts egy \u00e1llati paradicsomot<\/p>\n<p>Kev\u00e9s ember zavarja Everdream Valley lak\u00f3it, \u00edgy az \u00e1llatok boldogok itt. Tehenek, diszn\u00f3k, csirk\u00e9k, kacs\u00e1k, alpak\u00e1k, lovak, juhok, m\u00e9hek, vaddiszn\u00f3k, szark\u00e1k, h\u00f3dok, b\u00f6l\u00e9nyek, lib\u00e1k, szarvasok, b\u00e9k\u00e1k, bogarak, pillang\u00f3k, szitak\u00f6t\u0151k, farkasok, egerek, csig\u00e1k, halak \u00e9s m\u00e9g sok m\u00e1s. Ezek mindegyike egyedi hat\u00e1ssal van a gazdas\u00e1godra.  <\/p>\n<p>Legjobb bolyhos bar\u00e1tok<\/p>\n<p>Mindig legyen melletted egy kutya. V\u00e1lassz 10 fajta k\u00f6z\u00fcl, \u00e9s k\u00e9pezd ki kedvencedet, hogy seg\u00edtsen neked legeltet\u00e9sben, \u00e1llatok \u0151rz\u00e9s\u00e9ben, kincskeres\u00e9sben \u00e9s egy\u00e9b tev\u00e9kenys\u00e9gekben. Macsk\u00e1t szeretn\u00e9l? Semmi gond! Gy\u0151zd meg, \u00e9s tal\u00e1n cser\u00e9be megtesz neked valamit. Mindent egybevetve, ez csak rajta m\u00falik.     <\/p>\n<p>\u00c9jjel var\u00e1zslat sz\u00fcletik<\/p>\n<p>\u00c9jszaka a v\u00f6lgy var\u00e1zsa k\u00eds\u00e9rti \u00e1lmaidat, amelyekben k\u00fcl\u00f6nb\u00f6z\u0151 \u00e1llatok szerep\u00e9t \u00f6lt\u00f6d magadra, \u00e9s k\u00fcl\u00f6nb\u00f6z\u0151 minij\u00e1t\u00e9kokban veszel r\u00e9szt a farmon. Mindegyik k\u00fcl\u00f6nleges jutalmakat k\u00edn\u00e1l, vagy hat\u00e1ssal van a farmod m\u00e1snapi \u00e9let\u00e9re. <\/p>\n<p>Kalandos homokoz\u00f3<\/p>\n<p>A v\u00f6lgyben t\u00f6lt\u00f6tt ny\u00e1ri id\u0151 nem csak a farm gondoz\u00e1s\u00e1r\u00f3l sz\u00f3l &#8211; sok m\u00e1s tev\u00e9kenys\u00e9g is van! \u00c9jszak\u00e1kat t\u00f6lthetsz s\u00e1torban, fah\u00e1zat \u00e9p\u00edthetsz, rovarokat foghatsz \u00e9s gy\u0171jthetsz, horg\u00e1szhatsz, \u00faj ruh\u00e1kat szerezhetsz, f\u0151zhetsz, f\u00e9nyk\u00e9pezhetsz, b\u00fatorokat \u00e9p\u00edthetsz vagy kincseket kereshetsz. Minden egyes kaland\u00e9rt cser\u00e9be kapsz valamit, \u00edgy a farmod m\u00e9g jobban felvir\u00e1gozhat.  <\/p>\n","protected":false},"excerpt":{"rendered":"<p>Egy farmer kalandja egy csipetnyi var\u00e1zslattal. Napk\u00f6zben gondoskodsz a farmr\u00f3l &#8211; termeszted a n\u00f6v\u00e9nyeket \u00e9s az \u00e1llatokat, jav\u00edtod \u00e9s b\u0151v\u00edted a gazdas\u00e1got. \u00c9jszaka pedig a farm \u00e1llati lak\u00f3inak szerep\u00e9t \u00f6lt\u00f6d magadra var\u00e1zslatos \u00e1lmaidban.  <\/p>\n<p><img decoding=\"async\" class=\"emoji\" role=\"img\" draggable=\"false\" src=\"https:\/\/s.w.org\/images\/core\/emoji\/14.0.0\/svg\/1f30d.svg\" alt=\"\ud83c\udf0d\">  Glob\u00e1lis<br \/>\n<img decoding=\"async\" class=\"emoji\" role=\"img\" draggable=\"false\" src=\"https:\/\/s.w.org\/images\/core\/emoji\/14.0.0\/svg\/2699.svg\" alt=\"\u2699\ufe0f\">  G\u0151z<br \/>\n<img decoding=\"async\" class=\"emoji\" role=\"img\" draggable=\"false\" src=\"https:\/\/s.w.org\/images\/core\/emoji\/14.0.0\/svg\/1f5dd.svg\" alt=\"\ud83d\udddd\">  Digit\u00e1lis kulcs<\/p>\n","protected":false},"featured_media":25406,"template":"","meta":{"_acf_changed":false,"site-sidebar-layout":"default","site-content-layout":"default","ast-site-content-layout":"default","site-content-style":"default","site-sidebar-style":"default","ast-global-header-display":"","ast-banner-title-visibility":"","ast-main-header-display":"","ast-hfb-above-header-display":"","ast-hfb-below-header-display":"","ast-hfb-mobile-header-display":"","site-post-title":"","ast-breadcrumbs-content":"","ast-featured-img":"","footer-sml-layout":"","ast-disable-related-posts":"","theme-transparent-header-meta":"default","adv-header-id-meta":"","stick-header-meta":"","header-above-stick-meta":"","header-main-stick-meta":"","header-below-stick-meta":"","astra-migrate-meta-layouts":"default","ast-page-background-enabled":"default","ast-page-background-meta":{"desktop":{"background-color":"var(--ast-global-color-4)","background-image":"","background-repeat":"repeat","background-position":"center center","background-size":"auto","background-attachment":"scroll","background-type":"","background-media":"","overlay-type":"","overlay-color":"","overlay-opacity":"","overlay-gradient":""},"tablet":{"background-color":"","background-image":"","background-repeat":"repeat","background-position":"center center","background-size":"auto","background-attachment":"scroll","background-type":"","background-media":"","overlay-type":"","overlay-color":"","overlay-opacity":"","overlay-gradient":""},"mobile":{"background-color":"","background-image":"","background-repeat":"repeat","background-position":"center center","background-size":"auto","background-attachment":"scroll","background-type":"","background-media":"","overlay-type":"","overlay-color":"","overlay-opacity":"","overlay-gradient":""}},"ast-content-background-meta":{"desktop":{"background-color":"var(--ast-global-color-5)","background-image":"","background-repeat":"repeat","background-position":"center center","background-size":"auto","background-attachment":"scroll","background-type":"","background-media":"","overlay-type":"","overlay-color":"","overlay-opacity":"","overlay-gradient":""},"tablet":{"background-color":"var(--ast-global-color-5)","background-image":"","background-repeat":"repeat","background-position":"center center","background-size":"auto","background-attachment":"scroll","background-type":"","background-media":"","overlay-type":"","overlay-color":"","overlay-opacity":"","overlay-gradient":""},"mobile":{"background-color":"var(--ast-global-color-5)","background-image":"","background-repeat":"repeat","background-position":"center center","background-size":"auto","background-attachment":"scroll","background-type":"","background-media":"","overlay-type":"","overlay-color":"","overlay-opacity":"","overlay-gradient":""}}},"product_brand":[],"product_cat":[394,395,365,372,378,367],"product_tag":[],"class_list":{"0":"post-42461","1":"product","2":"type-product","3":"status-publish","4":"has-post-thumbnail","6":"product_cat-digitalis-jatekok","7":"product_cat-elmondhatatlan-tortenetek","8":"product_cat-goz","9":"product_cat-jatekok-szimulatorok","10":"product_cat-minden-digitalis-jatek","11":"product_cat-pc-jatekok","12":"desktop-align-left","13":"tablet-align-left","14":"mobile-align-left","16":"first","17":"instock","18":"shipping-taxable","19":"purchasable","20":"product-type-simple"},"acf":[],"yoast_head":"<!-- This site is optimized with the Yoast SEO Premium plugin v27.4 (Yoast SEO v27.4) - https:\/\/yoast.com\/product\/yoast-seo-premium-wordpress\/ -->\n<title>Everdream Valley - Prismagamers.com<\/title>\n<meta name=\"description\" content=\"Egy farmer kalandja egy csipetnyi var\u00e1zslattal. Napk\u00f6zben gondoskodsz a farmr\u00f3l - termeszted a n\u00f6v\u00e9nyeket \u00e9s az \u00e1llatokat, jav\u00edtod \u00e9s b\u0151v\u00edted a gazdas\u00e1got. \u00c9jszaka pedig a farm \u00e1llati lak\u00f3inak szerep\u00e9t \u00f6lt\u00f6d magadra var\u00e1zslatos \u00e1lmaidban.   Glob\u00e1lis  G\u0151z  Digit\u00e1lis kulcs\" \/>\n<meta name=\"robots\" content=\"index, follow, max-snippet:-1, max-image-preview:large, max-video-preview:-1\" \/>\n<link rel=\"canonical\" href=\"https:\/\/prismagamers.com\/hu\/produkt\/everdream-valley\/\" \/>\n<meta property=\"og:locale\" content=\"hu_HU\" \/>\n<meta property=\"og:type\" content=\"article\" \/>\n<meta property=\"og:title\" content=\"Everdream Valley\" \/>\n<meta property=\"og:description\" content=\"Egy farmer kalandja egy csipetnyi var\u00e1zslattal. Napk\u00f6zben gondoskodsz a farmr\u00f3l - termeszted a n\u00f6v\u00e9nyeket \u00e9s az \u00e1llatokat, jav\u00edtod \u00e9s b\u0151v\u00edted a gazdas\u00e1got. \u00c9jszaka pedig a farm \u00e1llati lak\u00f3inak szerep\u00e9t \u00f6lt\u00f6d magadra var\u00e1zslatos \u00e1lmaidban.   Glob\u00e1lis  G\u0151z  Digit\u00e1lis kulcs\" \/>\n<meta property=\"og:url\" content=\"https:\/\/prismagamers.com\/hu\/produkt\/everdream-valley\/\" \/>\n<meta property=\"og:site_name\" content=\"Prismagamers.com\" \/>\n<meta property=\"article:publisher\" content=\"https:\/\/www.facebook.com\/prismagamers\" \/>\n<meta property=\"article:modified_time\" content=\"2026-01-01T23:36:14+00:00\" \/>\n<meta property=\"og:image\" content=\"https:\/\/prismagamers.com\/wp-content\/uploads\/2023\/05\/Everdream-Valley-1.png\" \/>\n\t<meta property=\"og:image:width\" content=\"600\" \/>\n\t<meta property=\"og:image:height\" content=\"900\" \/>\n\t<meta property=\"og:image:type\" content=\"image\/png\" \/>\n<meta name=\"twitter:card\" content=\"summary_large_image\" \/>\n<meta name=\"twitter:label1\" content=\"Becs\u00fclt olvas\u00e1si id\u0151\" \/>\n\t<meta name=\"twitter:data1\" content=\"2 perc\" \/>\n<script type=\"application\/ld+json\" class=\"yoast-schema-graph\">{\"@context\":\"https:\\\/\\\/schema.org\",\"@graph\":[{\"@type\":\"WebPage\",\"@id\":\"https:\\\/\\\/prismagamers.com\\\/hu\\\/produkt\\\/everdream-valley\\\/\",\"url\":\"https:\\\/\\\/prismagamers.com\\\/hu\\\/produkt\\\/everdream-valley\\\/\",\"name\":\"Everdream Valley - Prismagamers.com\",\"isPartOf\":{\"@id\":\"https:\\\/\\\/prismagamers.com\\\/hu\\\/#website\"},\"primaryImageOfPage\":{\"@id\":\"https:\\\/\\\/prismagamers.com\\\/hu\\\/produkt\\\/everdream-valley\\\/#primaryimage\"},\"image\":{\"@id\":\"https:\\\/\\\/prismagamers.com\\\/hu\\\/produkt\\\/everdream-valley\\\/#primaryimage\"},\"thumbnailUrl\":\"https:\\\/\\\/prismagamers.com\\\/wp-content\\\/uploads\\\/2023\\\/05\\\/Everdream-Valley-1.png\",\"datePublished\":\"2023-05-30T07:52:20+00:00\",\"dateModified\":\"2026-01-01T23:36:14+00:00\",\"description\":\"Egy farmer kalandja egy csipetnyi var\u00e1zslattal. Napk\u00f6zben gondoskodsz a farmr\u00f3l - termeszted a n\u00f6v\u00e9nyeket \u00e9s az \u00e1llatokat, jav\u00edtod \u00e9s b\u0151v\u00edted a gazdas\u00e1got. \u00c9jszaka pedig a farm \u00e1llati lak\u00f3inak szerep\u00e9t \u00f6lt\u00f6d magadra var\u00e1zslatos \u00e1lmaidban. Glob\u00e1lis G\u0151z Digit\u00e1lis kulcs\",\"breadcrumb\":{\"@id\":\"https:\\\/\\\/prismagamers.com\\\/hu\\\/produkt\\\/everdream-valley\\\/#breadcrumb\"},\"inLanguage\":\"hu\",\"potentialAction\":[{\"@type\":\"ReadAction\",\"target\":[\"https:\\\/\\\/prismagamers.com\\\/hu\\\/produkt\\\/everdream-valley\\\/\"]}]},{\"@type\":\"ImageObject\",\"inLanguage\":\"hu\",\"@id\":\"https:\\\/\\\/prismagamers.com\\\/hu\\\/produkt\\\/everdream-valley\\\/#primaryimage\",\"url\":\"https:\\\/\\\/prismagamers.com\\\/wp-content\\\/uploads\\\/2023\\\/05\\\/Everdream-Valley-1.png\",\"contentUrl\":\"https:\\\/\\\/prismagamers.com\\\/wp-content\\\/uploads\\\/2023\\\/05\\\/Everdream-Valley-1.png\",\"width\":600,\"height\":900},{\"@type\":\"BreadcrumbList\",\"@id\":\"https:\\\/\\\/prismagamers.com\\\/hu\\\/produkt\\\/everdream-valley\\\/#breadcrumb\",\"itemListElement\":[{\"@type\":\"ListItem\",\"position\":1,\"name\":\"Strona g\u0142\u00f3wna\",\"item\":\"https:\\\/\\\/prismagamers.com\\\/hu\\\/prismagamers\\\/\"},{\"@type\":\"ListItem\",\"position\":2,\"name\":\"Shop\",\"item\":\"https:\\\/\\\/prismagamers.com\\\/hu\\\/shop\\\/\"},{\"@type\":\"ListItem\",\"position\":3,\"name\":\"Everdream Valley\"}]},{\"@type\":\"WebSite\",\"@id\":\"https:\\\/\\\/prismagamers.com\\\/hu\\\/#website\",\"url\":\"https:\\\/\\\/prismagamers.com\\\/hu\\\/\",\"name\":\"Prismagamers\",\"description\":\"Sklep z grami PC I Sklep klucze Steam\",\"publisher\":{\"@id\":\"https:\\\/\\\/prismagamers.com\\\/hu\\\/#organization\"},\"potentialAction\":[{\"@type\":\"SearchAction\",\"target\":{\"@type\":\"EntryPoint\",\"urlTemplate\":\"https:\\\/\\\/prismagamers.com\\\/hu\\\/?s={search_term_string}\"},\"query-input\":{\"@type\":\"PropertyValueSpecification\",\"valueRequired\":true,\"valueName\":\"search_term_string\"}}],\"inLanguage\":\"hu\"},{\"@type\":\"Organization\",\"@id\":\"https:\\\/\\\/prismagamers.com\\\/hu\\\/#organization\",\"name\":\"Prismagamers\",\"url\":\"https:\\\/\\\/prismagamers.com\\\/hu\\\/\",\"logo\":{\"@type\":\"ImageObject\",\"inLanguage\":\"hu\",\"@id\":\"https:\\\/\\\/prismagamers.com\\\/hu\\\/#\\\/schema\\\/logo\\\/image\\\/\",\"url\":\"https:\\\/\\\/prismagamers.com\\\/wp-content\\\/uploads\\\/2022\\\/04\\\/cropped-logo-Prismagamers-01-scaled-1.jpg\",\"contentUrl\":\"https:\\\/\\\/prismagamers.com\\\/wp-content\\\/uploads\\\/2022\\\/04\\\/cropped-logo-Prismagamers-01-scaled-1.jpg\",\"width\":512,\"height\":512,\"caption\":\"Prismagamers\"},\"image\":{\"@id\":\"https:\\\/\\\/prismagamers.com\\\/hu\\\/#\\\/schema\\\/logo\\\/image\\\/\"},\"sameAs\":[\"https:\\\/\\\/www.facebook.com\\\/prismagamers\",\"https:\\\/\\\/www.instagram.com\\\/prismagamers_grycyfrowe\\\/\"],\"description\":\"Prismagamers.com to dynamiczny sklep z grami cyfrowymi, stworzony z my\u015bl\u0105 o entuzjastach gier wideo. Nasza strona oferuje szerok\u0105 gam\u0119 gier komputerowych, w tym najnowsze tytu\u0142y, dobrze znane klasyki oraz gry stworzone przez niezale\u017cne studia Ca\u0142y czas d\u0105\u017cymy do rozszerzenia naszej oferty. Do\u0142\u0105cz do nas i sta\u0144 si\u0119 cz\u0119\u015bci\u0105 naszej rosn\u0105cej spo\u0142eczno\u015bci graczy!\",\"email\":\"shop@prismagamers.com\",\"telephone\":\"48795541705\",\"legalName\":\"East Caravan Maksym \u017bukow\",\"foundingDate\":\"2012-05-10\",\"vatID\":\"PL8943038612\",\"taxID\":\"PL8943038612\",\"numberOfEmployees\":{\"@type\":\"QuantitativeValue\",\"minValue\":\"11\",\"maxValue\":\"50\"}}]}<\/script>\n<!-- \/ Yoast SEO Premium plugin. -->","yoast_head_json":{"title":"Everdream Valley - Prismagamers.com","description":"Egy farmer kalandja egy csipetnyi var\u00e1zslattal. Napk\u00f6zben gondoskodsz a farmr\u00f3l - termeszted a n\u00f6v\u00e9nyeket \u00e9s az \u00e1llatokat, jav\u00edtod \u00e9s b\u0151v\u00edted a gazdas\u00e1got. \u00c9jszaka pedig a farm \u00e1llati lak\u00f3inak szerep\u00e9t \u00f6lt\u00f6d magadra var\u00e1zslatos \u00e1lmaidban.   Glob\u00e1lis  G\u0151z  Digit\u00e1lis kulcs","robots":{"index":"index","follow":"follow","max-snippet":"max-snippet:-1","max-image-preview":"max-image-preview:large","max-video-preview":"max-video-preview:-1"},"canonical":"https:\/\/prismagamers.com\/hu\/produkt\/everdream-valley\/","og_locale":"hu_HU","og_type":"article","og_title":"Everdream Valley","og_description":"Egy farmer kalandja egy csipetnyi var\u00e1zslattal. Napk\u00f6zben gondoskodsz a farmr\u00f3l - termeszted a n\u00f6v\u00e9nyeket \u00e9s az \u00e1llatokat, jav\u00edtod \u00e9s b\u0151v\u00edted a gazdas\u00e1got. \u00c9jszaka pedig a farm \u00e1llati lak\u00f3inak szerep\u00e9t \u00f6lt\u00f6d magadra var\u00e1zslatos \u00e1lmaidban.   Glob\u00e1lis  G\u0151z  Digit\u00e1lis kulcs","og_url":"https:\/\/prismagamers.com\/hu\/produkt\/everdream-valley\/","og_site_name":"Prismagamers.com","article_publisher":"https:\/\/www.facebook.com\/prismagamers","article_modified_time":"2026-01-01T23:36:14+00:00","og_image":[{"width":600,"height":900,"url":"https:\/\/prismagamers.com\/wp-content\/uploads\/2023\/05\/Everdream-Valley-1.png","type":"image\/png"}],"twitter_card":"summary_large_image","twitter_misc":{"Becs\u00fclt olvas\u00e1si id\u0151":"2 perc"},"schema":{"@context":"https:\/\/schema.org","@graph":[{"@type":"WebPage","@id":"https:\/\/prismagamers.com\/hu\/produkt\/everdream-valley\/","url":"https:\/\/prismagamers.com\/hu\/produkt\/everdream-valley\/","name":"Everdream Valley - Prismagamers.com","isPartOf":{"@id":"https:\/\/prismagamers.com\/hu\/#website"},"primaryImageOfPage":{"@id":"https:\/\/prismagamers.com\/hu\/produkt\/everdream-valley\/#primaryimage"},"image":{"@id":"https:\/\/prismagamers.com\/hu\/produkt\/everdream-valley\/#primaryimage"},"thumbnailUrl":"https:\/\/prismagamers.com\/wp-content\/uploads\/2023\/05\/Everdream-Valley-1.png","datePublished":"2023-05-30T07:52:20+00:00","dateModified":"2026-01-01T23:36:14+00:00","description":"Egy farmer kalandja egy csipetnyi var\u00e1zslattal. Napk\u00f6zben gondoskodsz a farmr\u00f3l - termeszted a n\u00f6v\u00e9nyeket \u00e9s az \u00e1llatokat, jav\u00edtod \u00e9s b\u0151v\u00edted a gazdas\u00e1got. \u00c9jszaka pedig a farm \u00e1llati lak\u00f3inak szerep\u00e9t \u00f6lt\u00f6d magadra var\u00e1zslatos \u00e1lmaidban. Glob\u00e1lis G\u0151z Digit\u00e1lis kulcs","breadcrumb":{"@id":"https:\/\/prismagamers.com\/hu\/produkt\/everdream-valley\/#breadcrumb"},"inLanguage":"hu","potentialAction":[{"@type":"ReadAction","target":["https:\/\/prismagamers.com\/hu\/produkt\/everdream-valley\/"]}]},{"@type":"ImageObject","inLanguage":"hu","@id":"https:\/\/prismagamers.com\/hu\/produkt\/everdream-valley\/#primaryimage","url":"https:\/\/prismagamers.com\/wp-content\/uploads\/2023\/05\/Everdream-Valley-1.png","contentUrl":"https:\/\/prismagamers.com\/wp-content\/uploads\/2023\/05\/Everdream-Valley-1.png","width":600,"height":900},{"@type":"BreadcrumbList","@id":"https:\/\/prismagamers.com\/hu\/produkt\/everdream-valley\/#breadcrumb","itemListElement":[{"@type":"ListItem","position":1,"name":"Strona g\u0142\u00f3wna","item":"https:\/\/prismagamers.com\/hu\/prismagamers\/"},{"@type":"ListItem","position":2,"name":"Shop","item":"https:\/\/prismagamers.com\/hu\/shop\/"},{"@type":"ListItem","position":3,"name":"Everdream Valley"}]},{"@type":"WebSite","@id":"https:\/\/prismagamers.com\/hu\/#website","url":"https:\/\/prismagamers.com\/hu\/","name":"Prismagamers","description":"Sklep z grami PC I Sklep klucze Steam","publisher":{"@id":"https:\/\/prismagamers.com\/hu\/#organization"},"potentialAction":[{"@type":"SearchAction","target":{"@type":"EntryPoint","urlTemplate":"https:\/\/prismagamers.com\/hu\/?s={search_term_string}"},"query-input":{"@type":"PropertyValueSpecification","valueRequired":true,"valueName":"search_term_string"}}],"inLanguage":"hu"},{"@type":"Organization","@id":"https:\/\/prismagamers.com\/hu\/#organization","name":"Prismagamers","url":"https:\/\/prismagamers.com\/hu\/","logo":{"@type":"ImageObject","inLanguage":"hu","@id":"https:\/\/prismagamers.com\/hu\/#\/schema\/logo\/image\/","url":"https:\/\/prismagamers.com\/wp-content\/uploads\/2022\/04\/cropped-logo-Prismagamers-01-scaled-1.jpg","contentUrl":"https:\/\/prismagamers.com\/wp-content\/uploads\/2022\/04\/cropped-logo-Prismagamers-01-scaled-1.jpg","width":512,"height":512,"caption":"Prismagamers"},"image":{"@id":"https:\/\/prismagamers.com\/hu\/#\/schema\/logo\/image\/"},"sameAs":["https:\/\/www.facebook.com\/prismagamers","https:\/\/www.instagram.com\/prismagamers_grycyfrowe\/"],"description":"Prismagamers.com to dynamiczny sklep z grami cyfrowymi, stworzony z my\u015bl\u0105 o entuzjastach gier wideo. Nasza strona oferuje szerok\u0105 gam\u0119 gier komputerowych, w tym najnowsze tytu\u0142y, dobrze znane klasyki oraz gry stworzone przez niezale\u017cne studia Ca\u0142y czas d\u0105\u017cymy do rozszerzenia naszej oferty. Do\u0142\u0105cz do nas i sta\u0144 si\u0119 cz\u0119\u015bci\u0105 naszej rosn\u0105cej spo\u0142eczno\u015bci graczy!","email":"shop@prismagamers.com","telephone":"48795541705","legalName":"East Caravan Maksym \u017bukow","foundingDate":"2012-05-10","vatID":"PL8943038612","taxID":"PL8943038612","numberOfEmployees":{"@type":"QuantitativeValue","minValue":"11","maxValue":"50"}}]}},"_links":{"self":[{"href":"https:\/\/prismagamers.com\/hu\/wp-json\/wp\/v2\/product\/42461","targetHints":{"allow":["GET"]}}],"collection":[{"href":"https:\/\/prismagamers.com\/hu\/wp-json\/wp\/v2\/product"}],"about":[{"href":"https:\/\/prismagamers.com\/hu\/wp-json\/wp\/v2\/types\/product"}],"wp:featuredmedia":[{"embeddable":true,"href":"https:\/\/prismagamers.com\/hu\/wp-json\/wp\/v2\/media\/25406"}],"wp:attachment":[{"href":"https:\/\/prismagamers.com\/hu\/wp-json\/wp\/v2\/media?parent=42461"}],"wp:term":[{"taxonomy":"product_brand","embeddable":true,"href":"https:\/\/prismagamers.com\/hu\/wp-json\/wp\/v2\/product_brand?post=42461"},{"taxonomy":"product_cat","embeddable":true,"href":"https:\/\/prismagamers.com\/hu\/wp-json\/wp\/v2\/product_cat?post=42461"},{"taxonomy":"product_tag","embeddable":true,"href":"https:\/\/prismagamers.com\/hu\/wp-json\/wp\/v2\/product_tag?post=42461"}],"curies":[{"name":"wp","href":"https:\/\/api.w.org\/{rel}","templated":true}]}}