{"id":42462,"date":"2023-05-31T19:02:01","date_gmt":"2023-05-31T17:02:01","guid":{"rendered":"https:\/\/prismagamers.com\/produkt\/king-of-retail\/"},"modified":"2026-04-18T01:51:59","modified_gmt":"2026-04-17T23:51:59","slug":"king-of-retail","status":"publish","type":"product","link":"https:\/\/prismagamers.com\/hu\/produkt\/king-of-retail\/","title":{"rendered":"King of Retail"},"content":{"rendered":"<p>Mindig is arr\u00f3l \u00e1lmodott, hogy saj\u00e1t v\u00e1llalkoz\u00e1st ind\u00edt? A King of Retailben minden lehets\u00e9ges! <\/p>\n<p>Tervezze meg a bolt t\u00e9m\u00e1j\u00e1t \u00e9s a bolt kialak\u00edt\u00e1s\u00e1t, majd ind\u00edtsa el saj\u00e1t v\u00e1llalkoz\u00e1s\u00e1t. A bolt a te birodalmad, \u00e9s ha j\u00f3l ir\u00e1ny\u00edtod, tal\u00e1n nagyobb v\u00e1llalatt\u00e1 b\u0151v\u00fclhetsz! Ha valami rosszul s\u00fcl el&#8230;. nos, akkor hib\u00e1ztasd a gazdas\u00e1got.  <\/p>\n<p><strong>Gazdagodj meg a magad m\u00f3dj\u00e1n<\/strong><\/p>\n<p><img decoding=\"async\" class=\"aligncenter\" src=\"https:\/\/cdn.akamai.steamstatic.com\/steam\/apps\/968250\/extras\/Stores-final.gif?t=1688132274\"><\/p>\n<p>Ez a te boltod, \u00e9s azt \u00e1rulsz, amit csak akarsz! Szeretn\u00e9l egy olyan boltot \u00fczemeltetni, ahol csak csirk\u00e9ket \u00e1rulnak? Csin\u00e1ld! Az elektronik\u00e1t\u00f3l a friss \u00e9lelmiszerekig mindent? Mi\u00e9rt ne! Tervezd meg \u00e9s szabd testre a boltodat, \u00e9s val\u00f3s\u00edtsd meg \u00e1lmaidat egy olyan egyedi birodalom m\u0171k\u00f6dtet\u00e9s\u00e9r\u0151l, amely csak a ti\u00e9d.     <\/p>\n<p>&nbsp;<\/p>\n<p><strong>Hozzon l\u00e9tre \u00fcgyf\u00e9lkapcsolatokat, ne csak elad\u00e1sokat.<\/strong><\/p>\n<p><img decoding=\"async\" class=\"aligncenter\" src=\"https:\/\/cdn.akamai.steamstatic.com\/steam\/apps\/968250\/extras\/Sales-final.gif?t=1688132274\"><\/p>\n<p>A titok az, hogy az embereknek az \u00d6n\u00f6k hely\u00e9t kell v\u00e1lasztaniuk, hogy elk\u00f6lts\u00e9k nehezen megkeresett p\u00e9nz\u00fcket. Mit\u0151l lesz az \u00d6n \u00fczlete a legjobb? \u00d6nnek vannak a legjobb polcfelt\u00f6lt\u0151i a v\u00e1rosban, vagy a legmeggy\u0151z\u0151bb elad\u00f3k? Tal\u00e1n csak j\u00f3l c\u00e9lzott online hirdet\u00e9sei vannak. Sz\u00e1mos m\u00f3dja van annak, hogy az \u00d6n \u00fczlete kiemelkedjen a t\u00f6bbi k\u00f6z\u00fcl!    <\/p>\n<p>Figyeljen oda a v\u00e1s\u00e1rl\u00f3ira! Tanulm\u00e1nyozza a viselked\u00e9s\u00fcket, \u00e9s tal\u00e1lja ki, mi k\u00e9szteti \u0151ket arra, hogy el\u0151vegy\u00e9k a p\u00e9nzt\u00e1rc\u00e1jukat. Azt\u00e1n csin\u00e1ljon t\u00f6bbet bel\u0151le!  <\/p>\n<p>&nbsp;<\/p>\n<p><strong>Tegye az alkalmazottakat a m\u00e1rka nagyk\u00f6veteiv\u00e9.<\/strong><\/p>\n<p><img decoding=\"async\" class=\"aligncenter\" src=\"https:\/\/cdn.akamai.steamstatic.com\/steam\/apps\/968250\/extras\/Negotiations-final.gif?t=1688132274\"><\/p>\n<p>Adjon m\u00e1rk\u00e1j\u00e1nak emberi jelleget azzal, hogy embereket vesz fel &#8211; a megfelel\u0151 embereket! V\u00e9gezzen interj\u00fakat a potenci\u00e1lis alkalmazottakkal, hogy megtal\u00e1lja a k\u00e9szs\u00e9gek \u00e9s a v\u00e1llalati kult\u00far\u00e1hoz legjobban illeszked\u0151 szem\u00e9lyeket. T\u00e1rgyaljon a fizet\u00e9sekr\u0151l, kezelje a munkaid\u0151-beoszt\u00e1st, \u00e9s k\u00e9pezze ki az alkalmazottakat, hogy egy\u00fctt fejl\u0151dhessenek \u00d6nnel.  <\/p>\n<p><strong>Ne k\u00e9nyelmesedj el.<\/strong><\/p>\n<p><img decoding=\"async\" class=\"aligncenter\" src=\"https:\/\/cdn.akamai.steamstatic.com\/steam\/apps\/968250\/extras\/Creating-a-poster-final.gif?t=1688132274\"><br \/>\nMi\u00e9rt \u00e9rn\u00e9 be egyetlen \u00fczlettel, ha egy eg\u00e9sz l\u00e1ncot is \u00fczemeltethet? Fektessen p\u00e9nzt a rekl\u00e1mba, hogy t\u00f6bb v\u00e1s\u00e1rl\u00f3t vonzzon; v\u00e1ltoztassa meg az \u00fczlet bels\u0151 kialak\u00edt\u00e1s\u00e1t; \u00e9s folyamatosan optimaliz\u00e1lja a v\u00e1laszt\u00e9kot \u00e9s az \u00e1rakat a nyeres\u00e9g maximaliz\u00e1l\u00e1sa \u00e9rdek\u00e9ben. Ha mindez kifizet\u0151dik, akkor ak\u00e1r tov\u00e1bbi \u00fczletek l\u00e9trehoz\u00e1s\u00e1val is b\u0151v\u00edtheti v\u00e1llalkoz\u00e1s\u00e1t a v\u00e1ros k\u00fcl\u00f6nb\u00f6z\u0151 r\u00e9szein!  <\/p>\n<p>&nbsp;<\/p>\n<p><strong>Az \u00d6n c\u00e9ge az \u00d6n kiterjeszt\u00e9se.<\/strong><\/p>\n<p><img decoding=\"async\" class=\"aligncenter\" src=\"https:\/\/cdn.akamai.steamstatic.com\/steam\/apps\/968250\/extras\/Store-expansion-final.gif?t=1688132274\"><\/p>\n<div class=\"flex-1 overflow-hidden\">\n<div class=\"react-scroll-to-bottom--css-gqhtw-79elbk h-full\">\n<div class=\"react-scroll-to-bottom--css-gqhtw-1n7m0yu\">\n<div class=\"flex flex-col text-sm gizmo:pb-9 dark:bg-gray-800 gizmo:dark:bg-transparent\">\n<div class=\"group final-completion w-full text-token-text-primary border-b border-black\/10 gizmo:border-0 dark:border-gray-900\/50 gizmo:dark:border-0 bg-gray-50 gizmo:bg-transparent dark:bg-[#444654] gizmo:dark:bg-transparent\" data-testid=\"conversation-turn-79\">\n<div class=\"p-4 gizmo:py-2 justify-center text-base md:gap-6 md:py-6 m-auto\">\n<div class=\"flex flex-1 gap-4 text-base mx-auto md:gap-6 gizmo:gap-3 gizmo:md:px-5 gizmo:lg:px-1 gizmo:xl:px-5 md:max-w-2xl lg:max-w-[38rem] gizmo:md:max-w-3xl gizmo:lg:max-w-[40rem] gizmo:xl:max-w-[48rem] xl:max-w-3xl }\">\n<div class=\"relative flex w-[calc(100%-50px)] flex-col gizmo:w-full lg:w-[calc(100%-115px)] agent-turn\">\n<div class=\"flex-col gap-1 md:gap-3\">\n<div class=\"flex flex-grow flex-col gap-3 max-w-full\">\n<div class=\"min-h-[20px] flex flex-col items-start gap-3 whitespace-pre-wrap break-words overflow-x-auto\">\n<div class=\"markdown prose w-full break-words dark:prose-invert light\">\n<p>Ez a te \u00fczleted, \u00e9s \u00fagy kezeled, ahogy j\u00f3nak l\u00e1tod. Minden apr\u00f3 r\u00e9szletre kiterjed\u0151 mikro-ellen\u0151rz\u00e9st v\u00e9gezhet, \u00e9s folyamatosan m\u00f3dos\u00edthatja az optim\u00e1lis nyeres\u00e9g \u00e9rdek\u00e9ben, vagy egyszer\u0171en csak figyelheti a t\u00f6k\u00e9letes alkot\u00e1s \u00e1radat\u00e1t. Te vagy a saj\u00e1t f\u0151n\u00f6k\u00f6d, \u00e9s ir\u00e1ny\u00edthatod a saj\u00e1t j\u00e1t\u00e9kodat &#8211; l\u00e9gy kir\u00e1ly.  <\/p>\n<p>Nyisson fel \u00faj \u00e9p\u00fcleteket \u00e9s b\u00f3nuszokat az \u00c9letf\u00e1n szerzett h\u00edrn\u00e9vpontok elk\u00f6lt\u00e9s\u00e9vel. Fedezd fel a s\u00f6rf\u0151z\u00e9s m\u0171v\u00e9szet\u00e9t, \u00e9s \u00e9p\u00edts egy kocsm\u00e1t, ahol a helyiek megpihenhetnek. Fektess be a kecsketeny\u00e9szt\u00e9sbe, hogy gyapj\u00fat gy\u0171jts \u00e9s sz\u0151j anyagot a jobb ruh\u00e1khoz. A jobb meg\u00e9lhet\u00e9si lehet\u0151s\u00e9gek \u00e9s er\u0151forr\u00e1sok megteremt\u00e9s\u00e9vel a vikingek eg\u00e9szs\u00e9gesebbek \u00e9s boldogabbak lesznek, telep\u00fcl\u00e9setek pedig kivir\u00e1gzik!   <\/p>\n<\/div>\n<\/div>\n<\/div>\n<div class=\"flex justify-between empty:hidden gizmo:justify-start gizmo:gap-3 lg:block gizmo:lg:flex\">\n<div class=\"text-gray-400 flex self-end lg:self-center justify-center gizmo:lg:justify-start mt-2 gizmo:mt-0 visible lg:gap-1 lg:absolute lg:top-0 lg:translate-x-full lg:right-0 lg:mt-0 lg:pl-2 gap-2 md:gap-3\"><\/div>\n<\/div>\n<\/div>\n<\/div>\n<\/div>\n<\/div>\n<\/div>\n<\/div>\n<\/div>\n<\/div>\n<\/div>\n","protected":false},"excerpt":{"rendered":"<p>A bolt a te kir\u00e1lys\u00e1god! Fejleszd szer\u00e9ny butikodat vir\u00e1gz\u00f3 v\u00e1llalkoz\u00e1ss\u00e1: vedd fel a megfelel\u0151 szem\u00e9lyzetet, dekor\u00e1ld a kirakatokat \u00e9s vonzd be a v\u00e1s\u00e1rl\u00f3kat. M\u00e9g a leg\u0151r\u00fcltebb \u00f6tletek is nyeres\u00e9gesek lehetnek. Mi\u00e9rt ne ind\u00edthatn\u00e1l olyan \u00fczletet, amely csak feh\u00e9r p\u00f3l\u00f3kat \u00e9s ketchupot \u00e1rul? Sz\u00e1m\u00edt\u00f3g\u00e9peket \u00e9s babot? A te szab\u00e1lyaid, a te szab\u00e1lyaid!     <\/p>\n<p>&nbsp;<\/p>\n<p><img decoding=\"async\" class=\"emoji\" role=\"img\" draggable=\"false\" src=\"https:\/\/s.w.org\/images\/core\/emoji\/14.0.0\/svg\/1f30d.svg\" alt=\"\ud83c\udf0d\">  Glob\u00e1lis<br \/>\n<img decoding=\"async\" class=\"emoji\" role=\"img\" draggable=\"false\" src=\"https:\/\/s.w.org\/images\/core\/emoji\/14.0.0\/svg\/2699.svg\" alt=\"\u2699\ufe0f\">  G\u0151z<br \/>\n<img decoding=\"async\" class=\"emoji\" role=\"img\" draggable=\"false\" src=\"https:\/\/s.w.org\/images\/core\/emoji\/14.0.0\/svg\/1f5dd.svg\" alt=\"\ud83d\udddd\">  Digit\u00e1lis kulcs<\/p>\n","protected":false},"featured_media":25413,"template":"","meta":{"_acf_changed":false,"site-sidebar-layout":"default","site-content-layout":"default","ast-site-content-layout":"default","site-content-style":"default","site-sidebar-style":"default","ast-global-header-display":"","ast-banner-title-visibility":"","ast-main-header-display":"","ast-hfb-above-header-display":"","ast-hfb-below-header-display":"","ast-hfb-mobile-header-display":"","site-post-title":"","ast-breadcrumbs-content":"","ast-featured-img":"","footer-sml-layout":"","ast-disable-related-posts":"","theme-transparent-header-meta":"default","adv-header-id-meta":"","stick-header-meta":"","header-above-stick-meta":"","header-main-stick-meta":"","header-below-stick-meta":"","astra-migrate-meta-layouts":"default","ast-page-background-enabled":"default","ast-page-background-meta":{"desktop":{"background-color":"var(--ast-global-color-4)","background-image":"","background-repeat":"repeat","background-position":"center center","background-size":"auto","background-attachment":"scroll","background-type":"","background-media":"","overlay-type":"","overlay-color":"","overlay-opacity":"","overlay-gradient":""},"tablet":{"background-color":"","background-image":"","background-repeat":"repeat","background-position":"center center","background-size":"auto","background-attachment":"scroll","background-type":"","background-media":"","overlay-type":"","overlay-color":"","overlay-opacity":"","overlay-gradient":""},"mobile":{"background-color":"","background-image":"","background-repeat":"repeat","background-position":"center center","background-size":"auto","background-attachment":"scroll","background-type":"","background-media":"","overlay-type":"","overlay-color":"","overlay-opacity":"","overlay-gradient":""}},"ast-content-background-meta":{"desktop":{"background-color":"var(--ast-global-color-5)","background-image":"","background-repeat":"repeat","background-position":"center center","background-size":"auto","background-attachment":"scroll","background-type":"","background-media":"","overlay-type":"","overlay-color":"","overlay-opacity":"","overlay-gradient":""},"tablet":{"background-color":"var(--ast-global-color-5)","background-image":"","background-repeat":"repeat","background-position":"center center","background-size":"auto","background-attachment":"scroll","background-type":"","background-media":"","overlay-type":"","overlay-color":"","overlay-opacity":"","overlay-gradient":""},"mobile":{"background-color":"var(--ast-global-color-5)","background-image":"","background-repeat":"repeat","background-position":"center center","background-size":"auto","background-attachment":"scroll","background-type":"","background-media":"","overlay-type":"","overlay-color":"","overlay-opacity":"","overlay-gradient":""}}},"product_brand":[],"product_cat":[394,365,463,392,372,378],"product_tag":[],"class_list":{"0":"post-42462","1":"product","2":"type-product","3":"status-publish","4":"has-post-thumbnail","6":"product_cat-digitalis-jatekok","7":"product_cat-goz","8":"product_cat-iceberg-interactive-hu","9":"product_cat-india","10":"product_cat-jatekok-szimulatorok","11":"product_cat-minden-digitalis-jatek","12":"desktop-align-left","13":"tablet-align-left","14":"mobile-align-left","16":"first","17":"instock","18":"virtual","19":"purchasable","20":"product-type-simple"},"acf":[],"yoast_head":"<!-- This site is optimized with the Yoast SEO Premium plugin v27.4 (Yoast SEO v27.4) - https:\/\/yoast.com\/product\/yoast-seo-premium-wordpress\/ -->\n<title>King of Retail - Prismagamers.com<\/title>\n<meta name=\"description\" content=\"A bolt a te kir\u00e1lys\u00e1god! Fejleszd szer\u00e9ny butikodat vir\u00e1gz\u00f3 v\u00e1llalkoz\u00e1ss\u00e1: vedd fel a megfelel\u0151 szem\u00e9lyzetet, dekor\u00e1ld a kirakatokat \u00e9s vonzd be a v\u00e1s\u00e1rl\u00f3kat. M\u00e9g a leg\u0151r\u00fcltebb \u00f6tletek is nyeres\u00e9gesek lehetnek. Mi\u00e9rt ne ind\u00edthatn\u00e1l olyan \u00fczletet, amely csak feh\u00e9r p\u00f3l\u00f3kat \u00e9s ketchupot \u00e1rul? Sz\u00e1m\u00edt\u00f3g\u00e9peket \u00e9s babot? A te szab\u00e1lyaid, a te szab\u00e1lyaid!    &nbsp;  Glob\u00e1lis  G\u0151z  Digit\u00e1lis kulcs\" \/>\n<meta name=\"robots\" content=\"index, follow, max-snippet:-1, max-image-preview:large, max-video-preview:-1\" \/>\n<link rel=\"canonical\" href=\"https:\/\/prismagamers.com\/hu\/produkt\/king-of-retail\/\" \/>\n<meta property=\"og:locale\" content=\"hu_HU\" \/>\n<meta property=\"og:type\" content=\"article\" \/>\n<meta property=\"og:title\" content=\"King of Retail\" \/>\n<meta property=\"og:description\" content=\"A bolt a te kir\u00e1lys\u00e1god! Fejleszd szer\u00e9ny butikodat vir\u00e1gz\u00f3 v\u00e1llalkoz\u00e1ss\u00e1: vedd fel a megfelel\u0151 szem\u00e9lyzetet, dekor\u00e1ld a kirakatokat \u00e9s vonzd be a v\u00e1s\u00e1rl\u00f3kat. M\u00e9g a leg\u0151r\u00fcltebb \u00f6tletek is nyeres\u00e9gesek lehetnek. Mi\u00e9rt ne ind\u00edthatn\u00e1l olyan \u00fczletet, amely csak feh\u00e9r p\u00f3l\u00f3kat \u00e9s ketchupot \u00e1rul? Sz\u00e1m\u00edt\u00f3g\u00e9peket \u00e9s babot? A te szab\u00e1lyaid, a te szab\u00e1lyaid!    &nbsp;  Glob\u00e1lis  G\u0151z  Digit\u00e1lis kulcs\" \/>\n<meta property=\"og:url\" content=\"https:\/\/prismagamers.com\/hu\/produkt\/king-of-retail\/\" \/>\n<meta property=\"og:site_name\" content=\"Prismagamers.com\" \/>\n<meta property=\"article:publisher\" content=\"https:\/\/www.facebook.com\/prismagamers\" \/>\n<meta property=\"article:modified_time\" content=\"2026-04-17T23:51:59+00:00\" \/>\n<meta property=\"og:image\" content=\"https:\/\/prismagamers.com\/wp-content\/uploads\/2023\/05\/King-of-Retail.jpg\" \/>\n\t<meta property=\"og:image:width\" content=\"600\" \/>\n\t<meta property=\"og:image:height\" content=\"900\" \/>\n\t<meta property=\"og:image:type\" content=\"image\/jpeg\" \/>\n<meta name=\"twitter:card\" content=\"summary_large_image\" \/>\n<meta name=\"twitter:label1\" content=\"Becs\u00fclt olvas\u00e1si id\u0151\" \/>\n\t<meta name=\"twitter:data1\" content=\"3 perc\" \/>\n<script type=\"application\/ld+json\" class=\"yoast-schema-graph\">{\"@context\":\"https:\\\/\\\/schema.org\",\"@graph\":[{\"@type\":\"WebPage\",\"@id\":\"https:\\\/\\\/prismagamers.com\\\/hu\\\/produkt\\\/king-of-retail\\\/\",\"url\":\"https:\\\/\\\/prismagamers.com\\\/hu\\\/produkt\\\/king-of-retail\\\/\",\"name\":\"King of Retail - Prismagamers.com\",\"isPartOf\":{\"@id\":\"https:\\\/\\\/prismagamers.com\\\/hu\\\/#website\"},\"primaryImageOfPage\":{\"@id\":\"https:\\\/\\\/prismagamers.com\\\/hu\\\/produkt\\\/king-of-retail\\\/#primaryimage\"},\"image\":{\"@id\":\"https:\\\/\\\/prismagamers.com\\\/hu\\\/produkt\\\/king-of-retail\\\/#primaryimage\"},\"thumbnailUrl\":\"https:\\\/\\\/prismagamers.com\\\/wp-content\\\/uploads\\\/2023\\\/05\\\/King-of-Retail.jpg\",\"datePublished\":\"2023-05-31T17:02:01+00:00\",\"dateModified\":\"2026-04-17T23:51:59+00:00\",\"description\":\"A bolt a te kir\u00e1lys\u00e1god! Fejleszd szer\u00e9ny butikodat vir\u00e1gz\u00f3 v\u00e1llalkoz\u00e1ss\u00e1: vedd fel a megfelel\u0151 szem\u00e9lyzetet, dekor\u00e1ld a kirakatokat \u00e9s vonzd be a v\u00e1s\u00e1rl\u00f3kat. M\u00e9g a leg\u0151r\u00fcltebb \u00f6tletek is nyeres\u00e9gesek lehetnek. Mi\u00e9rt ne ind\u00edthatn\u00e1l olyan \u00fczletet, amely csak feh\u00e9r p\u00f3l\u00f3kat \u00e9s ketchupot \u00e1rul? Sz\u00e1m\u00edt\u00f3g\u00e9peket \u00e9s babot? A te szab\u00e1lyaid, a te szab\u00e1lyaid! &nbsp; Glob\u00e1lis G\u0151z Digit\u00e1lis kulcs\",\"breadcrumb\":{\"@id\":\"https:\\\/\\\/prismagamers.com\\\/hu\\\/produkt\\\/king-of-retail\\\/#breadcrumb\"},\"inLanguage\":\"hu\",\"potentialAction\":[{\"@type\":\"ReadAction\",\"target\":[\"https:\\\/\\\/prismagamers.com\\\/hu\\\/produkt\\\/king-of-retail\\\/\"]}]},{\"@type\":\"ImageObject\",\"inLanguage\":\"hu\",\"@id\":\"https:\\\/\\\/prismagamers.com\\\/hu\\\/produkt\\\/king-of-retail\\\/#primaryimage\",\"url\":\"https:\\\/\\\/prismagamers.com\\\/wp-content\\\/uploads\\\/2023\\\/05\\\/King-of-Retail.jpg\",\"contentUrl\":\"https:\\\/\\\/prismagamers.com\\\/wp-content\\\/uploads\\\/2023\\\/05\\\/King-of-Retail.jpg\",\"width\":600,\"height\":900},{\"@type\":\"BreadcrumbList\",\"@id\":\"https:\\\/\\\/prismagamers.com\\\/hu\\\/produkt\\\/king-of-retail\\\/#breadcrumb\",\"itemListElement\":[{\"@type\":\"ListItem\",\"position\":1,\"name\":\"Strona g\u0142\u00f3wna\",\"item\":\"https:\\\/\\\/prismagamers.com\\\/hu\\\/prismagamers\\\/\"},{\"@type\":\"ListItem\",\"position\":2,\"name\":\"Shop\",\"item\":\"https:\\\/\\\/prismagamers.com\\\/hu\\\/shop\\\/\"},{\"@type\":\"ListItem\",\"position\":3,\"name\":\"King of Retail\"}]},{\"@type\":\"WebSite\",\"@id\":\"https:\\\/\\\/prismagamers.com\\\/hu\\\/#website\",\"url\":\"https:\\\/\\\/prismagamers.com\\\/hu\\\/\",\"name\":\"Prismagamers\",\"description\":\"Sklep z grami PC I Sklep klucze Steam\",\"publisher\":{\"@id\":\"https:\\\/\\\/prismagamers.com\\\/hu\\\/#organization\"},\"potentialAction\":[{\"@type\":\"SearchAction\",\"target\":{\"@type\":\"EntryPoint\",\"urlTemplate\":\"https:\\\/\\\/prismagamers.com\\\/hu\\\/?s={search_term_string}\"},\"query-input\":{\"@type\":\"PropertyValueSpecification\",\"valueRequired\":true,\"valueName\":\"search_term_string\"}}],\"inLanguage\":\"hu\"},{\"@type\":\"Organization\",\"@id\":\"https:\\\/\\\/prismagamers.com\\\/hu\\\/#organization\",\"name\":\"Prismagamers\",\"url\":\"https:\\\/\\\/prismagamers.com\\\/hu\\\/\",\"logo\":{\"@type\":\"ImageObject\",\"inLanguage\":\"hu\",\"@id\":\"https:\\\/\\\/prismagamers.com\\\/hu\\\/#\\\/schema\\\/logo\\\/image\\\/\",\"url\":\"https:\\\/\\\/prismagamers.com\\\/wp-content\\\/uploads\\\/2022\\\/04\\\/cropped-logo-Prismagamers-01-scaled-1.jpg\",\"contentUrl\":\"https:\\\/\\\/prismagamers.com\\\/wp-content\\\/uploads\\\/2022\\\/04\\\/cropped-logo-Prismagamers-01-scaled-1.jpg\",\"width\":512,\"height\":512,\"caption\":\"Prismagamers\"},\"image\":{\"@id\":\"https:\\\/\\\/prismagamers.com\\\/hu\\\/#\\\/schema\\\/logo\\\/image\\\/\"},\"sameAs\":[\"https:\\\/\\\/www.facebook.com\\\/prismagamers\",\"https:\\\/\\\/www.instagram.com\\\/prismagamers_grycyfrowe\\\/\"],\"description\":\"Prismagamers.com to dynamiczny sklep z grami cyfrowymi, stworzony z my\u015bl\u0105 o entuzjastach gier wideo. Nasza strona oferuje szerok\u0105 gam\u0119 gier komputerowych, w tym najnowsze tytu\u0142y, dobrze znane klasyki oraz gry stworzone przez niezale\u017cne studia Ca\u0142y czas d\u0105\u017cymy do rozszerzenia naszej oferty. Do\u0142\u0105cz do nas i sta\u0144 si\u0119 cz\u0119\u015bci\u0105 naszej rosn\u0105cej spo\u0142eczno\u015bci graczy!\",\"email\":\"shop@prismagamers.com\",\"telephone\":\"48795541705\",\"legalName\":\"East Caravan Maksym \u017bukow\",\"foundingDate\":\"2012-05-10\",\"vatID\":\"PL8943038612\",\"taxID\":\"PL8943038612\",\"numberOfEmployees\":{\"@type\":\"QuantitativeValue\",\"minValue\":\"11\",\"maxValue\":\"50\"}}]}<\/script>\n<!-- \/ Yoast SEO Premium plugin. -->","yoast_head_json":{"title":"King of Retail - Prismagamers.com","description":"A bolt a te kir\u00e1lys\u00e1god! Fejleszd szer\u00e9ny butikodat vir\u00e1gz\u00f3 v\u00e1llalkoz\u00e1ss\u00e1: vedd fel a megfelel\u0151 szem\u00e9lyzetet, dekor\u00e1ld a kirakatokat \u00e9s vonzd be a v\u00e1s\u00e1rl\u00f3kat. M\u00e9g a leg\u0151r\u00fcltebb \u00f6tletek is nyeres\u00e9gesek lehetnek. Mi\u00e9rt ne ind\u00edthatn\u00e1l olyan \u00fczletet, amely csak feh\u00e9r p\u00f3l\u00f3kat \u00e9s ketchupot \u00e1rul? Sz\u00e1m\u00edt\u00f3g\u00e9peket \u00e9s babot? A te szab\u00e1lyaid, a te szab\u00e1lyaid!    &nbsp;  Glob\u00e1lis  G\u0151z  Digit\u00e1lis kulcs","robots":{"index":"index","follow":"follow","max-snippet":"max-snippet:-1","max-image-preview":"max-image-preview:large","max-video-preview":"max-video-preview:-1"},"canonical":"https:\/\/prismagamers.com\/hu\/produkt\/king-of-retail\/","og_locale":"hu_HU","og_type":"article","og_title":"King of Retail","og_description":"A bolt a te kir\u00e1lys\u00e1god! Fejleszd szer\u00e9ny butikodat vir\u00e1gz\u00f3 v\u00e1llalkoz\u00e1ss\u00e1: vedd fel a megfelel\u0151 szem\u00e9lyzetet, dekor\u00e1ld a kirakatokat \u00e9s vonzd be a v\u00e1s\u00e1rl\u00f3kat. M\u00e9g a leg\u0151r\u00fcltebb \u00f6tletek is nyeres\u00e9gesek lehetnek. Mi\u00e9rt ne ind\u00edthatn\u00e1l olyan \u00fczletet, amely csak feh\u00e9r p\u00f3l\u00f3kat \u00e9s ketchupot \u00e1rul? Sz\u00e1m\u00edt\u00f3g\u00e9peket \u00e9s babot? A te szab\u00e1lyaid, a te szab\u00e1lyaid!    &nbsp;  Glob\u00e1lis  G\u0151z  Digit\u00e1lis kulcs","og_url":"https:\/\/prismagamers.com\/hu\/produkt\/king-of-retail\/","og_site_name":"Prismagamers.com","article_publisher":"https:\/\/www.facebook.com\/prismagamers","article_modified_time":"2026-04-17T23:51:59+00:00","og_image":[{"width":600,"height":900,"url":"https:\/\/prismagamers.com\/wp-content\/uploads\/2023\/05\/King-of-Retail.jpg","type":"image\/jpeg"}],"twitter_card":"summary_large_image","twitter_misc":{"Becs\u00fclt olvas\u00e1si id\u0151":"3 perc"},"schema":{"@context":"https:\/\/schema.org","@graph":[{"@type":"WebPage","@id":"https:\/\/prismagamers.com\/hu\/produkt\/king-of-retail\/","url":"https:\/\/prismagamers.com\/hu\/produkt\/king-of-retail\/","name":"King of Retail - Prismagamers.com","isPartOf":{"@id":"https:\/\/prismagamers.com\/hu\/#website"},"primaryImageOfPage":{"@id":"https:\/\/prismagamers.com\/hu\/produkt\/king-of-retail\/#primaryimage"},"image":{"@id":"https:\/\/prismagamers.com\/hu\/produkt\/king-of-retail\/#primaryimage"},"thumbnailUrl":"https:\/\/prismagamers.com\/wp-content\/uploads\/2023\/05\/King-of-Retail.jpg","datePublished":"2023-05-31T17:02:01+00:00","dateModified":"2026-04-17T23:51:59+00:00","description":"A bolt a te kir\u00e1lys\u00e1god! Fejleszd szer\u00e9ny butikodat vir\u00e1gz\u00f3 v\u00e1llalkoz\u00e1ss\u00e1: vedd fel a megfelel\u0151 szem\u00e9lyzetet, dekor\u00e1ld a kirakatokat \u00e9s vonzd be a v\u00e1s\u00e1rl\u00f3kat. M\u00e9g a leg\u0151r\u00fcltebb \u00f6tletek is nyeres\u00e9gesek lehetnek. Mi\u00e9rt ne ind\u00edthatn\u00e1l olyan \u00fczletet, amely csak feh\u00e9r p\u00f3l\u00f3kat \u00e9s ketchupot \u00e1rul? Sz\u00e1m\u00edt\u00f3g\u00e9peket \u00e9s babot? A te szab\u00e1lyaid, a te szab\u00e1lyaid! &nbsp; Glob\u00e1lis G\u0151z Digit\u00e1lis kulcs","breadcrumb":{"@id":"https:\/\/prismagamers.com\/hu\/produkt\/king-of-retail\/#breadcrumb"},"inLanguage":"hu","potentialAction":[{"@type":"ReadAction","target":["https:\/\/prismagamers.com\/hu\/produkt\/king-of-retail\/"]}]},{"@type":"ImageObject","inLanguage":"hu","@id":"https:\/\/prismagamers.com\/hu\/produkt\/king-of-retail\/#primaryimage","url":"https:\/\/prismagamers.com\/wp-content\/uploads\/2023\/05\/King-of-Retail.jpg","contentUrl":"https:\/\/prismagamers.com\/wp-content\/uploads\/2023\/05\/King-of-Retail.jpg","width":600,"height":900},{"@type":"BreadcrumbList","@id":"https:\/\/prismagamers.com\/hu\/produkt\/king-of-retail\/#breadcrumb","itemListElement":[{"@type":"ListItem","position":1,"name":"Strona g\u0142\u00f3wna","item":"https:\/\/prismagamers.com\/hu\/prismagamers\/"},{"@type":"ListItem","position":2,"name":"Shop","item":"https:\/\/prismagamers.com\/hu\/shop\/"},{"@type":"ListItem","position":3,"name":"King of Retail"}]},{"@type":"WebSite","@id":"https:\/\/prismagamers.com\/hu\/#website","url":"https:\/\/prismagamers.com\/hu\/","name":"Prismagamers","description":"Sklep z grami PC I Sklep klucze Steam","publisher":{"@id":"https:\/\/prismagamers.com\/hu\/#organization"},"potentialAction":[{"@type":"SearchAction","target":{"@type":"EntryPoint","urlTemplate":"https:\/\/prismagamers.com\/hu\/?s={search_term_string}"},"query-input":{"@type":"PropertyValueSpecification","valueRequired":true,"valueName":"search_term_string"}}],"inLanguage":"hu"},{"@type":"Organization","@id":"https:\/\/prismagamers.com\/hu\/#organization","name":"Prismagamers","url":"https:\/\/prismagamers.com\/hu\/","logo":{"@type":"ImageObject","inLanguage":"hu","@id":"https:\/\/prismagamers.com\/hu\/#\/schema\/logo\/image\/","url":"https:\/\/prismagamers.com\/wp-content\/uploads\/2022\/04\/cropped-logo-Prismagamers-01-scaled-1.jpg","contentUrl":"https:\/\/prismagamers.com\/wp-content\/uploads\/2022\/04\/cropped-logo-Prismagamers-01-scaled-1.jpg","width":512,"height":512,"caption":"Prismagamers"},"image":{"@id":"https:\/\/prismagamers.com\/hu\/#\/schema\/logo\/image\/"},"sameAs":["https:\/\/www.facebook.com\/prismagamers","https:\/\/www.instagram.com\/prismagamers_grycyfrowe\/"],"description":"Prismagamers.com to dynamiczny sklep z grami cyfrowymi, stworzony z my\u015bl\u0105 o entuzjastach gier wideo. Nasza strona oferuje szerok\u0105 gam\u0119 gier komputerowych, w tym najnowsze tytu\u0142y, dobrze znane klasyki oraz gry stworzone przez niezale\u017cne studia Ca\u0142y czas d\u0105\u017cymy do rozszerzenia naszej oferty. Do\u0142\u0105cz do nas i sta\u0144 si\u0119 cz\u0119\u015bci\u0105 naszej rosn\u0105cej spo\u0142eczno\u015bci graczy!","email":"shop@prismagamers.com","telephone":"48795541705","legalName":"East Caravan Maksym \u017bukow","foundingDate":"2012-05-10","vatID":"PL8943038612","taxID":"PL8943038612","numberOfEmployees":{"@type":"QuantitativeValue","minValue":"11","maxValue":"50"}}]}},"_links":{"self":[{"href":"https:\/\/prismagamers.com\/hu\/wp-json\/wp\/v2\/product\/42462","targetHints":{"allow":["GET"]}}],"collection":[{"href":"https:\/\/prismagamers.com\/hu\/wp-json\/wp\/v2\/product"}],"about":[{"href":"https:\/\/prismagamers.com\/hu\/wp-json\/wp\/v2\/types\/product"}],"wp:featuredmedia":[{"embeddable":true,"href":"https:\/\/prismagamers.com\/hu\/wp-json\/wp\/v2\/media\/25413"}],"wp:attachment":[{"href":"https:\/\/prismagamers.com\/hu\/wp-json\/wp\/v2\/media?parent=42462"}],"wp:term":[{"taxonomy":"product_brand","embeddable":true,"href":"https:\/\/prismagamers.com\/hu\/wp-json\/wp\/v2\/product_brand?post=42462"},{"taxonomy":"product_cat","embeddable":true,"href":"https:\/\/prismagamers.com\/hu\/wp-json\/wp\/v2\/product_cat?post=42462"},{"taxonomy":"product_tag","embeddable":true,"href":"https:\/\/prismagamers.com\/hu\/wp-json\/wp\/v2\/product_tag?post=42462"}],"curies":[{"name":"wp","href":"https:\/\/api.w.org\/{rel}","templated":true}]}}