{"id":42471,"date":"2023-03-29T23:22:33","date_gmt":"2023-03-29T21:22:33","guid":{"rendered":"https:\/\/prismagamers.com\/produkt\/spirit-of-the-island-2\/"},"modified":"2023-03-29T23:22:33","modified_gmt":"2023-03-29T21:22:33","slug":"spirit-of-the-island-2","status":"publish","type":"product","link":"https:\/\/prismagamers.com\/hu\/produkt\/spirit-of-the-island-2\/","title":{"rendered":"Spirit of the Island"},"content":{"rendered":"<p>Sz\u00fcl\u0151f\u00f6ldj\u00e9n \u00e9vsz\u00e1zados hagyom\u00e1ny, hogy a feln\u0151ttkorba l\u00e9pve exped\u00edci\u00f3t tesz az ismeretlenbe. Kalandotok egy tr\u00f3pusi szigetcsoport t\u00e1voli sziget\u00e9n kezd\u0151dik. Valaha vir\u00e1gz\u00f3 turista k\u00f6zpont volt, de m\u00e1r alig maradt eml\u00e9k azokb\u00f3l az id\u0151kb\u0151l. Neked kell ezt az eml\u00e9ket \u00faj val\u00f3s\u00e1gg\u00e1 v\u00e1ltoztatnod! Ismerd meg a szigetcsoportot \u00e9s lak\u00f3it, \u00e9s seg\u00edts nekik vissza\u00e1ll\u00edtani a hely r\u00e9gi f\u00e9ny\u00e9t&#8230; \u00c9s egy\u00fattal n\u00e9zz szembe a saj\u00e1t felt\u00e9rk\u00e9pezetlen m\u00faltad rejt\u00e9lyeivel!     <\/p>\n<h2 class=\"bb_tag\"><strong>BE KELL RENDEZKEDNED<\/strong><\/h2>\n<p>A tr\u00f3pusi \u00e9let nem kis teljes\u00edtm\u00e9ny, \u00fagyhogy ragadj\u00e1tok meg a szersz\u00e1mokat, \u00e9s l\u00e1ssatok munk\u00e1hoz! A kezd\u00e9shez megtanulhatod, hogyan keress \u00e9lelmet, hogyan biztos\u00edtsd az alv\u00f3helyet, \u00e9s szerezd meg a sz\u00fcks\u00e9ges er\u0151forr\u00e1sokat, hogy meg\u00e9p\u00edthesd a farmodat, \u00e9s komolyan nekiv\u00e1gj a tr\u00f3pusi exped\u00edci\u00f3nak. Nincs id\u0151 v\u00e1rni! L\u00e1ss munk\u00e1hoz!   <\/p>\n<h2 class=\"bb_tag\"><strong>RENGETEG TEV\u00c9KENYS\u00c9G<\/strong><\/h2>\n<p>A Spirit of the Islandben nem fogsz panaszkodni az unalomra! B\u00e1rmit is csin\u00e1lsz, tapasztalatot gy\u0171jtesz, \u00faj k\u00e9szs\u00e9geket tanulsz, recepteket oldasz fel, \u00e9s lassan egyre jobban elsaj\u00e1t\u00edtod az egyes tev\u00e9kenys\u00e9geket. Lassan minden k\u00f6nnyebb\u00e9 v\u00e1lik.  <\/p>\n<p>A Spirit of the Islandben 10 k\u00e9pess\u00e9get fejleszthetsz, p\u00e9ld\u00e1ul gazd\u00e1lkod\u00e1st, b\u00e1ny\u00e1szatot, gy\u00e1rt\u00e1st, t\u00e1rsadalmi tev\u00e9kenys\u00e9geket vagy ak\u00e1r hal\u00e1szatot, ami egy k\u00fcl\u00f6n minij\u00e1t\u00e9k. Vajon siker\u00fcl mindent elsaj\u00e1t\u00edtanod? <\/p>\n<h2 class=\"bb_tag\"><strong>UTAZ\u00c1S A TURISTAPARADICSOMBA<\/strong><\/h2>\n<p>Tegye a sziget\u00e9t nemcsak egy b\u00e1jos sarokk\u00e1, hanem egy vonz\u00f3 turistaparadicsomm\u00e1 is, amely tele van exkluz\u00edv \u00fczletekkel \u00e9s elk\u00e9peszt\u0151 sz\u00f3rakoz\u00e1si lehet\u0151s\u00e9gekkel. A t\u00f6bb turista nagyobb nyeres\u00e9get jelent, amib\u0151l finansz\u00edrozhatod a t\u00e1voli szigetekre tett kir\u00e1ndul\u00e1saidat.<br \/>\nDe hogyan j\u00f6ssz ki mindenkivel? Mit \u00e1rulj a boltokban? B\u00edzz a k\u00e9pess\u00e9geidben! Adj el helyi term\u00e9keket, mutasd be a helyi kincseket a m\u00fazeumokban, \u00e9s mes\u00e9lj az exped\u00edci\u00f3id sor\u00e1n megismert titkokr\u00f3l. N\u00e9h\u00e1ny turista m\u00e9g egyszer\u0171 fadeszk\u00e1kat is sz\u00edvesen vesz, \u00fagyhogy ne f\u00e9lj improviz\u00e1lni!     <\/p>\n<h2 class=\"bb_tag\"><strong>\u00c9LETRE SZ\u00d3L\u00d3 NYARAL\u00c1S<\/strong><\/h2>\n<p>A turist\u00e1knak annyira megtetszhet a sziget, hogy \u00fagy d\u00f6ntenek, hogy egy \u00e9letre itt \u00e9lnek, \u00e9s a helyi k\u00f6z\u00f6ss\u00e9g r\u00e9sz\u00e9v\u00e9 v\u00e1lnak. Ez a legfontosabb dolog, mert ezek az emberek dolgozhatnak neked, \u00e9s p\u00e9ld\u00e1ul \u00e1rulhatnak a boltokban, \u00e9s gondoskodhatnak a szigetr\u0151l. Teh\u00e1t pr\u00f3b\u00e1ld meg el\u00e9rni, hogy elmondhass\u00e1k magukr\u00f3l, hogy ez volt &#8222;\u00e9let\u00fck nyaral\u00e1sa&#8221;.  <\/p>\n<h2 class=\"bb_tag\"><strong>KETTEN EGY\u00dcTT JOBBAK<\/strong><\/h2>\n<p>A Spirit of the Island egyik f\u0151 jellemz\u0151je, hogy k\u00e9t j\u00e1t\u00e9kos is j\u00e1tszhat, \u00e9s egy\u00fctt teljes\u00edthetik a feladatokat! Mindk\u00e9t j\u00e1t\u00e9kos az online j\u00e1t\u00e9km\u00f3dban az 1 j\u00e1t\u00e9kos j\u00e1t\u00e9k \u00f6sszes funkci\u00f3j\u00e1val rendelkezik (ez mag\u00e1ban foglalja a k\u00fcldet\u00e9seket is), \u00e9s felfedezheti a saj\u00e1t t\u00f6rt\u00e9net\u00e9t. A SOTI-ban megoszthatj\u00e1tok az er\u0151forr\u00e1sokat, vagyis a k\u00e9szletetek egy r\u00e9sz\u00e9t \u00e1tvihetitek a 2 j\u00e1t\u00e9kos j\u00e1t\u00e9kba! Teh\u00e1t h\u00edvjatok meg valakit j\u00e1tszani, \u00e9s kalandozzatok egy\u00fctt! \u00c9p\u00edtsetek egy farmot, \u00fcltessetek el valamit, f\u0151zzetek vacsor\u00e1t, \u00e1ll\u00edtsatok fel egy boltot, \u00e9s \u00e1rulj\u00e1tok a port\u00e9k\u00e1tokat a turist\u00e1knak. Fedezz\u00e9tek fel egy\u00fctt a szigetvil\u00e1g zugait \u00e9s fedezz\u00e9tek fel titkait.     <\/p>\n<h2 class=\"bb_tag\"><strong>\u00d3RI\u00c1SI TR\u00d3PUSI SZIGETCSOPORT<\/strong><\/h2>\n<p>A Spirit of the Island 14 egyedi \u00e9s \u00e9rdekes szigetet tartalmaz, amelyek mindegyike m\u00e1s-m\u00e1s \u00e1llatvil\u00e1ggal rendelkezik, \u00e9s k\u00fcl\u00f6nb\u00f6z\u0151 titkokat \u00e9s vesz\u00e9lyeket rejt. Senki sem eml\u00e9kszik m\u00e1r arra, hogy ki vagy mi lakja ezeket a szigeteket, de a titokzatos barlangok cs\u00e1b\u00edtj\u00e1k a legmer\u00e9szebb felfedez\u0151ket&#8230;. Vajon milyen titkokat rejthetnek? Ha hajland\u00f3 vagy megismerni a titkaikat, tal\u00e1n m\u00e9g a legnagyobbat is megfejtheted &#8211; a m\u00faltaddal kapcsolatosat.   <\/p>\n<h2 class=\"bb_tag\"><strong>HELYI K\u00d6Z\u00d6SS\u00c9G<\/strong><\/h2>\n<p>A szigetvil\u00e1g hemzseg az \u00e9lett\u0151l! T\u00f6bb mint 14 csod\u00e1latos karakter, k\u00fcl\u00f6nb\u00f6z\u0151 tulajdons\u00e1gokkal \u00e9s furcsas\u00e1gokkal. Igen, lehet romantik\u00e1zni! A karaktert\u0151l f\u00fcgg\u0151en randizhatsz valakivel, vagy megk\u00e9rheted a kez\u00e9t, \u00e9s tarthatsz egy pazar esk\u00fcv\u0151t!   <\/p>\n<h2 class=\"bb_tag\"><strong>ANNYI MINDEN T\u00d6RT\u00c9NIK.<\/strong><\/h2>\n<p>A Spirit of the Island egyik szenz\u00e1ci\u00f3s jellemz\u0151je az <strong>esem\u00e9nyek,<\/strong>azaz a j\u00e1t\u00e9kban az \u00e9v sor\u00e1n (4 h\u00f3nap) ism\u00e9tl\u0151d\u0151 esem\u00e9nyek. Ezek az NPC sz\u00fclet\u00e9snapokt\u00f3l kezdve az Ocean Day-en &#8211; a vizek sz\u00fclet\u00e9s\u00e9nek hagyom\u00e1nyos \u00fcnnep\u00e9n &#8211; \u00e1t eg\u00e9szen a j\u00e1t\u00e9kosok saj\u00e1t, nem mindennapi esem\u00e9nyeiig terjednek. Mindig t\u00f6rt\u00e9nik valami extra, ez\u00e9rt \u00e9rdemes szemmel tartani a napt\u00e1rat.  <\/p>\n","protected":false},"excerpt":{"rendered":"<p>A Spirit of the Island egy kooperat\u00edv RPG \u00e9s szimul\u00e1ci\u00f3 az \u00e9letr\u0151l egy tr\u00f3pusi szigeten. \u00c9p\u00edts farmokat, nevelj \u00e1llatokat, gondozd a term\u00e9st, k\u00e9sz\u00edts t\u00e1rgyakat, f\u0151zz, gy\u0171jts nyersanyagokat, hozz l\u00e9tre boltokat \u00e9s m\u00fazeumokat, \u00e9s \u00f6szt\u00f6n\u00f6zz mindenkit, hogy l\u00e1togasson el a szigetre, amely turistak\u00f6zpontt\u00e1 v\u00e1lik. <\/p>\n<p><img decoding=\"async\" class=\"emoji\" role=\"img\" draggable=\"false\" src=\"https:\/\/s.w.org\/images\/core\/emoji\/14.0.0\/svg\/1f30d.svg\" alt=\"\ud83c\udf0d\">  Glob\u00e1lis<br \/>\n<img decoding=\"async\" class=\"emoji\" role=\"img\" draggable=\"false\" src=\"https:\/\/s.w.org\/images\/core\/emoji\/14.0.0\/svg\/2699.svg\" alt=\"\u2699\ufe0f\">  G\u0151z<br \/>\n<img decoding=\"async\" class=\"emoji\" role=\"img\" draggable=\"false\" src=\"https:\/\/s.w.org\/images\/core\/emoji\/14.0.0\/svg\/1f5dd.svg\" alt=\"\ud83d\udddd\">  Digit\u00e1lis kulcs<\/p>\n","protected":false},"featured_media":25100,"template":"","meta":{"_acf_changed":false,"site-sidebar-layout":"default","site-content-layout":"default","ast-site-content-layout":"default","site-content-style":"default","site-sidebar-style":"default","ast-global-header-display":"","ast-banner-title-visibility":"","ast-main-header-display":"","ast-hfb-above-header-display":"","ast-hfb-below-header-display":"","ast-hfb-mobile-header-display":"","site-post-title":"","ast-breadcrumbs-content":"","ast-featured-img":"","footer-sml-layout":"","ast-disable-related-posts":"","theme-transparent-header-meta":"default","adv-header-id-meta":"","stick-header-meta":"","header-above-stick-meta":"","header-main-stick-meta":"","header-below-stick-meta":"","astra-migrate-meta-layouts":"default","ast-page-background-enabled":"default","ast-page-background-meta":{"desktop":{"background-color":"var(--ast-global-color-4)","background-image":"","background-repeat":"repeat","background-position":"center center","background-size":"auto","background-attachment":"scroll","background-type":"","background-media":"","overlay-type":"","overlay-color":"","overlay-opacity":"","overlay-gradient":""},"tablet":{"background-color":"","background-image":"","background-repeat":"repeat","background-position":"center center","background-size":"auto","background-attachment":"scroll","background-type":"","background-media":"","overlay-type":"","overlay-color":"","overlay-opacity":"","overlay-gradient":""},"mobile":{"background-color":"","background-image":"","background-repeat":"repeat","background-position":"center center","background-size":"auto","background-attachment":"scroll","background-type":"","background-media":"","overlay-type":"","overlay-color":"","overlay-opacity":"","overlay-gradient":""}},"ast-content-background-meta":{"desktop":{"background-color":"var(--ast-global-color-5)","background-image":"","background-repeat":"repeat","background-position":"center center","background-size":"auto","background-attachment":"scroll","background-type":"","background-media":"","overlay-type":"","overlay-color":"","overlay-opacity":"","overlay-gradient":""},"tablet":{"background-color":"var(--ast-global-color-5)","background-image":"","background-repeat":"repeat","background-position":"center center","background-size":"auto","background-attachment":"scroll","background-type":"","background-media":"","overlay-type":"","overlay-color":"","overlay-opacity":"","overlay-gradient":""},"mobile":{"background-color":"var(--ast-global-color-5)","background-image":"","background-repeat":"repeat","background-position":"center center","background-size":"auto","background-attachment":"scroll","background-type":"","background-media":"","overlay-type":"","overlay-color":"","overlay-opacity":"","overlay-gradient":""}}},"product_brand":[],"product_cat":[436,394,365,392,363,378,367,364],"product_tag":[],"class_list":{"0":"post-42471","1":"product","2":"type-product","3":"status-publish","4":"has-post-thumbnail","6":"product_cat-020-games","7":"product_cat-digitalis-jatekok","8":"product_cat-goz","9":"product_cat-india","10":"product_cat-kaland-jatekok","11":"product_cat-minden-digitalis-jatek","12":"product_cat-pc-jatekok","13":"product_cat-rpg-k","14":"desktop-align-left","15":"tablet-align-left","16":"mobile-align-left","18":"first","19":"instock","20":"shipping-taxable","21":"purchasable","22":"product-type-simple"},"acf":[],"yoast_head":"<!-- This site is optimized with the Yoast SEO Premium plugin v27.4 (Yoast SEO v27.4) - https:\/\/yoast.com\/product\/yoast-seo-premium-wordpress\/ -->\n<title>Spirit of the Island - Prismagamers.com<\/title>\n<meta name=\"description\" content=\"A Spirit of the Island egy kooperat\u00edv RPG \u00e9s szimul\u00e1ci\u00f3 az \u00e9letr\u0151l egy tr\u00f3pusi szigeten. \u00c9p\u00edts farmokat, nevelj \u00e1llatokat, gondozd a term\u00e9st, k\u00e9sz\u00edts t\u00e1rgyakat, f\u0151zz, gy\u0171jts nyersanyagokat, hozz l\u00e9tre boltokat \u00e9s m\u00fazeumokat, \u00e9s \u00f6szt\u00f6n\u00f6zz mindenkit, hogy l\u00e1togasson el a szigetre, amely turistak\u00f6zpontt\u00e1 v\u00e1lik.   Glob\u00e1lis  G\u0151z  Digit\u00e1lis kulcs\" \/>\n<meta name=\"robots\" content=\"index, follow, max-snippet:-1, max-image-preview:large, max-video-preview:-1\" \/>\n<link rel=\"canonical\" href=\"https:\/\/prismagamers.com\/hu\/produkt\/spirit-of-the-island-2\/\" \/>\n<meta property=\"og:locale\" content=\"hu_HU\" \/>\n<meta property=\"og:type\" content=\"article\" \/>\n<meta property=\"og:title\" content=\"Spirit of the Island\" \/>\n<meta property=\"og:description\" content=\"A Spirit of the Island egy kooperat\u00edv RPG \u00e9s szimul\u00e1ci\u00f3 az \u00e9letr\u0151l egy tr\u00f3pusi szigeten. \u00c9p\u00edts farmokat, nevelj \u00e1llatokat, gondozd a term\u00e9st, k\u00e9sz\u00edts t\u00e1rgyakat, f\u0151zz, gy\u0171jts nyersanyagokat, hozz l\u00e9tre boltokat \u00e9s m\u00fazeumokat, \u00e9s \u00f6szt\u00f6n\u00f6zz mindenkit, hogy l\u00e1togasson el a szigetre, amely turistak\u00f6zpontt\u00e1 v\u00e1lik.   Glob\u00e1lis  G\u0151z  Digit\u00e1lis kulcs\" \/>\n<meta property=\"og:url\" content=\"https:\/\/prismagamers.com\/hu\/produkt\/spirit-of-the-island-2\/\" \/>\n<meta property=\"og:site_name\" content=\"Prismagamers.com\" \/>\n<meta property=\"article:publisher\" content=\"https:\/\/www.facebook.com\/prismagamers\" \/>\n<meta property=\"og:image\" content=\"https:\/\/prismagamers.com\/wp-content\/uploads\/2023\/03\/Spirit-of-the-Island.jpeg\" \/>\n\t<meta property=\"og:image:width\" content=\"350\" \/>\n\t<meta property=\"og:image:height\" content=\"526\" \/>\n\t<meta property=\"og:image:type\" content=\"image\/jpeg\" \/>\n<meta name=\"twitter:card\" content=\"summary_large_image\" \/>\n<meta name=\"twitter:label1\" content=\"Becs\u00fclt olvas\u00e1si id\u0151\" \/>\n\t<meta name=\"twitter:data1\" content=\"4 perc\" \/>\n<script type=\"application\/ld+json\" class=\"yoast-schema-graph\">{\"@context\":\"https:\\\/\\\/schema.org\",\"@graph\":[{\"@type\":\"WebPage\",\"@id\":\"https:\\\/\\\/prismagamers.com\\\/hu\\\/produkt\\\/spirit-of-the-island-2\\\/\",\"url\":\"https:\\\/\\\/prismagamers.com\\\/hu\\\/produkt\\\/spirit-of-the-island-2\\\/\",\"name\":\"Spirit of the Island - Prismagamers.com\",\"isPartOf\":{\"@id\":\"https:\\\/\\\/prismagamers.com\\\/hu\\\/#website\"},\"primaryImageOfPage\":{\"@id\":\"https:\\\/\\\/prismagamers.com\\\/hu\\\/produkt\\\/spirit-of-the-island-2\\\/#primaryimage\"},\"image\":{\"@id\":\"https:\\\/\\\/prismagamers.com\\\/hu\\\/produkt\\\/spirit-of-the-island-2\\\/#primaryimage\"},\"thumbnailUrl\":\"https:\\\/\\\/prismagamers.com\\\/wp-content\\\/uploads\\\/2023\\\/03\\\/Spirit-of-the-Island.jpeg\",\"datePublished\":\"2023-03-29T21:22:33+00:00\",\"description\":\"A Spirit of the Island egy kooperat\u00edv RPG \u00e9s szimul\u00e1ci\u00f3 az \u00e9letr\u0151l egy tr\u00f3pusi szigeten. \u00c9p\u00edts farmokat, nevelj \u00e1llatokat, gondozd a term\u00e9st, k\u00e9sz\u00edts t\u00e1rgyakat, f\u0151zz, gy\u0171jts nyersanyagokat, hozz l\u00e9tre boltokat \u00e9s m\u00fazeumokat, \u00e9s \u00f6szt\u00f6n\u00f6zz mindenkit, hogy l\u00e1togasson el a szigetre, amely turistak\u00f6zpontt\u00e1 v\u00e1lik. Glob\u00e1lis G\u0151z Digit\u00e1lis kulcs\",\"breadcrumb\":{\"@id\":\"https:\\\/\\\/prismagamers.com\\\/hu\\\/produkt\\\/spirit-of-the-island-2\\\/#breadcrumb\"},\"inLanguage\":\"hu\",\"potentialAction\":[{\"@type\":\"ReadAction\",\"target\":[\"https:\\\/\\\/prismagamers.com\\\/hu\\\/produkt\\\/spirit-of-the-island-2\\\/\"]}]},{\"@type\":\"ImageObject\",\"inLanguage\":\"hu\",\"@id\":\"https:\\\/\\\/prismagamers.com\\\/hu\\\/produkt\\\/spirit-of-the-island-2\\\/#primaryimage\",\"url\":\"https:\\\/\\\/prismagamers.com\\\/wp-content\\\/uploads\\\/2023\\\/03\\\/Spirit-of-the-Island.jpeg\",\"contentUrl\":\"https:\\\/\\\/prismagamers.com\\\/wp-content\\\/uploads\\\/2023\\\/03\\\/Spirit-of-the-Island.jpeg\",\"width\":350,\"height\":526},{\"@type\":\"BreadcrumbList\",\"@id\":\"https:\\\/\\\/prismagamers.com\\\/hu\\\/produkt\\\/spirit-of-the-island-2\\\/#breadcrumb\",\"itemListElement\":[{\"@type\":\"ListItem\",\"position\":1,\"name\":\"Strona g\u0142\u00f3wna\",\"item\":\"https:\\\/\\\/prismagamers.com\\\/hu\\\/prismagamers\\\/\"},{\"@type\":\"ListItem\",\"position\":2,\"name\":\"Shop\",\"item\":\"https:\\\/\\\/prismagamers.com\\\/hu\\\/shop\\\/\"},{\"@type\":\"ListItem\",\"position\":3,\"name\":\"Spirit of the Island\"}]},{\"@type\":\"WebSite\",\"@id\":\"https:\\\/\\\/prismagamers.com\\\/hu\\\/#website\",\"url\":\"https:\\\/\\\/prismagamers.com\\\/hu\\\/\",\"name\":\"Prismagamers\",\"description\":\"Sklep z grami PC I Sklep klucze Steam\",\"publisher\":{\"@id\":\"https:\\\/\\\/prismagamers.com\\\/hu\\\/#organization\"},\"potentialAction\":[{\"@type\":\"SearchAction\",\"target\":{\"@type\":\"EntryPoint\",\"urlTemplate\":\"https:\\\/\\\/prismagamers.com\\\/hu\\\/?s={search_term_string}\"},\"query-input\":{\"@type\":\"PropertyValueSpecification\",\"valueRequired\":true,\"valueName\":\"search_term_string\"}}],\"inLanguage\":\"hu\"},{\"@type\":\"Organization\",\"@id\":\"https:\\\/\\\/prismagamers.com\\\/hu\\\/#organization\",\"name\":\"Prismagamers\",\"url\":\"https:\\\/\\\/prismagamers.com\\\/hu\\\/\",\"logo\":{\"@type\":\"ImageObject\",\"inLanguage\":\"hu\",\"@id\":\"https:\\\/\\\/prismagamers.com\\\/hu\\\/#\\\/schema\\\/logo\\\/image\\\/\",\"url\":\"https:\\\/\\\/prismagamers.com\\\/wp-content\\\/uploads\\\/2022\\\/04\\\/cropped-logo-Prismagamers-01-scaled-1.jpg\",\"contentUrl\":\"https:\\\/\\\/prismagamers.com\\\/wp-content\\\/uploads\\\/2022\\\/04\\\/cropped-logo-Prismagamers-01-scaled-1.jpg\",\"width\":512,\"height\":512,\"caption\":\"Prismagamers\"},\"image\":{\"@id\":\"https:\\\/\\\/prismagamers.com\\\/hu\\\/#\\\/schema\\\/logo\\\/image\\\/\"},\"sameAs\":[\"https:\\\/\\\/www.facebook.com\\\/prismagamers\",\"https:\\\/\\\/www.instagram.com\\\/prismagamers_grycyfrowe\\\/\"],\"description\":\"Prismagamers.com to dynamiczny sklep z grami cyfrowymi, stworzony z my\u015bl\u0105 o entuzjastach gier wideo. Nasza strona oferuje szerok\u0105 gam\u0119 gier komputerowych, w tym najnowsze tytu\u0142y, dobrze znane klasyki oraz gry stworzone przez niezale\u017cne studia Ca\u0142y czas d\u0105\u017cymy do rozszerzenia naszej oferty. Do\u0142\u0105cz do nas i sta\u0144 si\u0119 cz\u0119\u015bci\u0105 naszej rosn\u0105cej spo\u0142eczno\u015bci graczy!\",\"email\":\"shop@prismagamers.com\",\"telephone\":\"48795541705\",\"legalName\":\"East Caravan Maksym \u017bukow\",\"foundingDate\":\"2012-05-10\",\"vatID\":\"PL8943038612\",\"taxID\":\"PL8943038612\",\"numberOfEmployees\":{\"@type\":\"QuantitativeValue\",\"minValue\":\"11\",\"maxValue\":\"50\"}}]}<\/script>\n<!-- \/ Yoast SEO Premium plugin. -->","yoast_head_json":{"title":"Spirit of the Island - Prismagamers.com","description":"A Spirit of the Island egy kooperat\u00edv RPG \u00e9s szimul\u00e1ci\u00f3 az \u00e9letr\u0151l egy tr\u00f3pusi szigeten. \u00c9p\u00edts farmokat, nevelj \u00e1llatokat, gondozd a term\u00e9st, k\u00e9sz\u00edts t\u00e1rgyakat, f\u0151zz, gy\u0171jts nyersanyagokat, hozz l\u00e9tre boltokat \u00e9s m\u00fazeumokat, \u00e9s \u00f6szt\u00f6n\u00f6zz mindenkit, hogy l\u00e1togasson el a szigetre, amely turistak\u00f6zpontt\u00e1 v\u00e1lik.   Glob\u00e1lis  G\u0151z  Digit\u00e1lis kulcs","robots":{"index":"index","follow":"follow","max-snippet":"max-snippet:-1","max-image-preview":"max-image-preview:large","max-video-preview":"max-video-preview:-1"},"canonical":"https:\/\/prismagamers.com\/hu\/produkt\/spirit-of-the-island-2\/","og_locale":"hu_HU","og_type":"article","og_title":"Spirit of the Island","og_description":"A Spirit of the Island egy kooperat\u00edv RPG \u00e9s szimul\u00e1ci\u00f3 az \u00e9letr\u0151l egy tr\u00f3pusi szigeten. \u00c9p\u00edts farmokat, nevelj \u00e1llatokat, gondozd a term\u00e9st, k\u00e9sz\u00edts t\u00e1rgyakat, f\u0151zz, gy\u0171jts nyersanyagokat, hozz l\u00e9tre boltokat \u00e9s m\u00fazeumokat, \u00e9s \u00f6szt\u00f6n\u00f6zz mindenkit, hogy l\u00e1togasson el a szigetre, amely turistak\u00f6zpontt\u00e1 v\u00e1lik.   Glob\u00e1lis  G\u0151z  Digit\u00e1lis kulcs","og_url":"https:\/\/prismagamers.com\/hu\/produkt\/spirit-of-the-island-2\/","og_site_name":"Prismagamers.com","article_publisher":"https:\/\/www.facebook.com\/prismagamers","og_image":[{"width":350,"height":526,"url":"https:\/\/prismagamers.com\/wp-content\/uploads\/2023\/03\/Spirit-of-the-Island.jpeg","type":"image\/jpeg"}],"twitter_card":"summary_large_image","twitter_misc":{"Becs\u00fclt olvas\u00e1si id\u0151":"4 perc"},"schema":{"@context":"https:\/\/schema.org","@graph":[{"@type":"WebPage","@id":"https:\/\/prismagamers.com\/hu\/produkt\/spirit-of-the-island-2\/","url":"https:\/\/prismagamers.com\/hu\/produkt\/spirit-of-the-island-2\/","name":"Spirit of the Island - Prismagamers.com","isPartOf":{"@id":"https:\/\/prismagamers.com\/hu\/#website"},"primaryImageOfPage":{"@id":"https:\/\/prismagamers.com\/hu\/produkt\/spirit-of-the-island-2\/#primaryimage"},"image":{"@id":"https:\/\/prismagamers.com\/hu\/produkt\/spirit-of-the-island-2\/#primaryimage"},"thumbnailUrl":"https:\/\/prismagamers.com\/wp-content\/uploads\/2023\/03\/Spirit-of-the-Island.jpeg","datePublished":"2023-03-29T21:22:33+00:00","description":"A Spirit of the Island egy kooperat\u00edv RPG \u00e9s szimul\u00e1ci\u00f3 az \u00e9letr\u0151l egy tr\u00f3pusi szigeten. \u00c9p\u00edts farmokat, nevelj \u00e1llatokat, gondozd a term\u00e9st, k\u00e9sz\u00edts t\u00e1rgyakat, f\u0151zz, gy\u0171jts nyersanyagokat, hozz l\u00e9tre boltokat \u00e9s m\u00fazeumokat, \u00e9s \u00f6szt\u00f6n\u00f6zz mindenkit, hogy l\u00e1togasson el a szigetre, amely turistak\u00f6zpontt\u00e1 v\u00e1lik. Glob\u00e1lis G\u0151z Digit\u00e1lis kulcs","breadcrumb":{"@id":"https:\/\/prismagamers.com\/hu\/produkt\/spirit-of-the-island-2\/#breadcrumb"},"inLanguage":"hu","potentialAction":[{"@type":"ReadAction","target":["https:\/\/prismagamers.com\/hu\/produkt\/spirit-of-the-island-2\/"]}]},{"@type":"ImageObject","inLanguage":"hu","@id":"https:\/\/prismagamers.com\/hu\/produkt\/spirit-of-the-island-2\/#primaryimage","url":"https:\/\/prismagamers.com\/wp-content\/uploads\/2023\/03\/Spirit-of-the-Island.jpeg","contentUrl":"https:\/\/prismagamers.com\/wp-content\/uploads\/2023\/03\/Spirit-of-the-Island.jpeg","width":350,"height":526},{"@type":"BreadcrumbList","@id":"https:\/\/prismagamers.com\/hu\/produkt\/spirit-of-the-island-2\/#breadcrumb","itemListElement":[{"@type":"ListItem","position":1,"name":"Strona g\u0142\u00f3wna","item":"https:\/\/prismagamers.com\/hu\/prismagamers\/"},{"@type":"ListItem","position":2,"name":"Shop","item":"https:\/\/prismagamers.com\/hu\/shop\/"},{"@type":"ListItem","position":3,"name":"Spirit of the Island"}]},{"@type":"WebSite","@id":"https:\/\/prismagamers.com\/hu\/#website","url":"https:\/\/prismagamers.com\/hu\/","name":"Prismagamers","description":"Sklep z grami PC I Sklep klucze Steam","publisher":{"@id":"https:\/\/prismagamers.com\/hu\/#organization"},"potentialAction":[{"@type":"SearchAction","target":{"@type":"EntryPoint","urlTemplate":"https:\/\/prismagamers.com\/hu\/?s={search_term_string}"},"query-input":{"@type":"PropertyValueSpecification","valueRequired":true,"valueName":"search_term_string"}}],"inLanguage":"hu"},{"@type":"Organization","@id":"https:\/\/prismagamers.com\/hu\/#organization","name":"Prismagamers","url":"https:\/\/prismagamers.com\/hu\/","logo":{"@type":"ImageObject","inLanguage":"hu","@id":"https:\/\/prismagamers.com\/hu\/#\/schema\/logo\/image\/","url":"https:\/\/prismagamers.com\/wp-content\/uploads\/2022\/04\/cropped-logo-Prismagamers-01-scaled-1.jpg","contentUrl":"https:\/\/prismagamers.com\/wp-content\/uploads\/2022\/04\/cropped-logo-Prismagamers-01-scaled-1.jpg","width":512,"height":512,"caption":"Prismagamers"},"image":{"@id":"https:\/\/prismagamers.com\/hu\/#\/schema\/logo\/image\/"},"sameAs":["https:\/\/www.facebook.com\/prismagamers","https:\/\/www.instagram.com\/prismagamers_grycyfrowe\/"],"description":"Prismagamers.com to dynamiczny sklep z grami cyfrowymi, stworzony z my\u015bl\u0105 o entuzjastach gier wideo. Nasza strona oferuje szerok\u0105 gam\u0119 gier komputerowych, w tym najnowsze tytu\u0142y, dobrze znane klasyki oraz gry stworzone przez niezale\u017cne studia Ca\u0142y czas d\u0105\u017cymy do rozszerzenia naszej oferty. Do\u0142\u0105cz do nas i sta\u0144 si\u0119 cz\u0119\u015bci\u0105 naszej rosn\u0105cej spo\u0142eczno\u015bci graczy!","email":"shop@prismagamers.com","telephone":"48795541705","legalName":"East Caravan Maksym \u017bukow","foundingDate":"2012-05-10","vatID":"PL8943038612","taxID":"PL8943038612","numberOfEmployees":{"@type":"QuantitativeValue","minValue":"11","maxValue":"50"}}]}},"_links":{"self":[{"href":"https:\/\/prismagamers.com\/hu\/wp-json\/wp\/v2\/product\/42471","targetHints":{"allow":["GET"]}}],"collection":[{"href":"https:\/\/prismagamers.com\/hu\/wp-json\/wp\/v2\/product"}],"about":[{"href":"https:\/\/prismagamers.com\/hu\/wp-json\/wp\/v2\/types\/product"}],"wp:featuredmedia":[{"embeddable":true,"href":"https:\/\/prismagamers.com\/hu\/wp-json\/wp\/v2\/media\/25100"}],"wp:attachment":[{"href":"https:\/\/prismagamers.com\/hu\/wp-json\/wp\/v2\/media?parent=42471"}],"wp:term":[{"taxonomy":"product_brand","embeddable":true,"href":"https:\/\/prismagamers.com\/hu\/wp-json\/wp\/v2\/product_brand?post=42471"},{"taxonomy":"product_cat","embeddable":true,"href":"https:\/\/prismagamers.com\/hu\/wp-json\/wp\/v2\/product_cat?post=42471"},{"taxonomy":"product_tag","embeddable":true,"href":"https:\/\/prismagamers.com\/hu\/wp-json\/wp\/v2\/product_tag?post=42471"}],"curies":[{"name":"wp","href":"https:\/\/api.w.org\/{rel}","templated":true}]}}