{"id":42472,"date":"2023-03-29T10:27:56","date_gmt":"2023-03-29T08:27:56","guid":{"rendered":"https:\/\/prismagamers.com\/produkt\/re-volt\/"},"modified":"2023-03-29T10:27:56","modified_gmt":"2023-03-29T08:27:56","slug":"re-volt","status":"publish","type":"product","link":"https:\/\/prismagamers.com\/hu\/produkt\/re-volt\/","title":{"rendered":"Re-Volt"},"content":{"rendered":"<h2 data-start=\"138\" data-end=\"199\">Re-Volt &#8211; \u0150r\u00fclt t\u00e1vir\u00e1ny\u00edt\u00f3s aut\u00f3versenyz\u00e9s<\/h2>\n<p data-start=\"201\" data-end=\"360\">Az \u00e9vek sor\u00e1n a <strong data-start=\"212\" data-end=\"224\">Toy-Volt<\/strong> a vil\u00e1g minden t\u00e1j\u00e1n k\u00e9sz\u00edtett j\u00e1t\u00e9kokat \u00e9s j\u00e1t\u00e9kokat a gyermekek sz\u00e1m\u00e1ra. A v\u00e1llalat m\u00e1r r\u00f6viddel az els\u0151 term\u00e9kek megjelen\u00e9se ut\u00e1n a piac cs\u00facs\u00e1ra jutott. <\/p>\n<p data-start=\"362\" data-end=\"574\">A j\u00e1t\u00e9koknak azonban saj\u00e1t akaratuk lett! Kiszabadulva a polcokr\u00f3l, ahol csapd\u00e1ba estek, bel\u00e9pnek a val\u00f3 vil\u00e1gba, k\u00e1oszt okoznak \u00e9s \u00e9lvezik \u00fajonnan szerzett szabads\u00e1gukat&#8230; <strong data-start=\"540\" data-end=\"556\">A Toy-Volt R\/C<\/strong> aut\u00f3k fell\u00e1zadtak! <\/p>\n<p data-start=\"576\" data-end=\"941\">A <strong data-start=\"578\" data-end=\"589\">Re-Voltban<\/strong> <strong data-start=\"617\" data-end=\"654\">28 t\u00e1vir\u00e1ny\u00edt\u00e1s\u00fa aut\u00f3<\/strong> egyik\u00e9t vezetheted szokatlan helysz\u00edneken tal\u00e1lhat\u00f3 \u0151r\u00fclt versenyp\u00e1ly\u00e1kon. Mivel a j\u00e1rm\u0171vek val\u00f3di R\/C modellek m\u00e9ret\u00e9vel megegyez\u0151 m\u00e9ret\u0171ek, minden gigantikuss\u00e1 v\u00e1lik k\u00f6r\u00fcl\u00f6tted &#8211; a szeg\u00e9lyk\u00f6vek falakk\u00e1, a j\u00e1t\u00e9kok akad\u00e1lyokk\u00e1 alakulnak, \u00e9s a p\u00e1lya minden r\u00e9sz\u00e9vel megbirk\u00f3zhatsz, \u00e1thajthatsz rajta vagy \u00e1thaladhatsz rajta. <\/p>\n<p data-start=\"943\" data-end=\"1108\">A j\u00e1t\u00e9kban <strong data-start=\"956\" data-end=\"976\">13 k\u00fcl\u00f6nb\u00f6z\u0151 p\u00e1lya<\/strong> tal\u00e1lhat\u00f3 n\u00e9gy kup\u00e1ra osztva, k\u00f6zt\u00fck m\u00fazeumokban, szupermarketekben \u00e9s m\u00e9g a saj\u00e1t k\u00f6rny\u00e9kedre eml\u00e9keztet\u0151 helysz\u00edneken is rendeznek versenyeket.<\/p>\n","protected":false},"excerpt":{"rendered":"<p data-start=\"83\" data-end=\"456\">Pattanj a <strong data-start=\"114\" data-end=\"151\">28 t\u00e1vir\u00e1ny\u00edt\u00e1s\u00fa aut\u00f3<\/strong> egyik\u00e9nek vol\u00e1nja m\u00f6g\u00e9, \u00e9s sz\u00e1guldj az \u00f3ri\u00e1si akad\u00e1lyokkal teli \u0151r\u00fclt p\u00e1ly\u00e1kon &#8211; a j\u00e1t\u00e9kokt\u00f3l a fal m\u00e9ret\u0171 j\u00e1rdaszeg\u00e9lyekig! \u00c9lj \u00e1t izgalmas versenyeket m\u00fazeumokban, szupermarketekben \u00e9s olyan v\u00e1rosr\u00e9szekben, amelyek ak\u00e1r a saj\u00e1t k\u00f6rny\u00e9kedre is hasonl\u00edthatnak. A <strong data-start=\"377\" data-end=\"388\">Re-Volt<\/strong> \u0151r\u00fclt, dinamikus R\/C versenyz\u00e9s az adrenalin \u00e9s a sz\u00f3rakoz\u00e1s rajong\u00f3inak! <\/p>\n<p><img decoding=\"async\" class=\"emoji\" role=\"img\" draggable=\"false\" src=\"https:\/\/s.w.org\/images\/core\/emoji\/14.0.0\/svg\/1f30d.svg\" alt=\"\ud83c\udf0d\">  Glob\u00e1lis<br \/>\n<img decoding=\"async\" class=\"emoji\" role=\"img\" draggable=\"false\" src=\"https:\/\/s.w.org\/images\/core\/emoji\/14.0.0\/svg\/2699.svg\" alt=\"\u2699\ufe0f\">  G\u0151z<br \/>\n<img decoding=\"async\" class=\"emoji\" role=\"img\" draggable=\"false\" src=\"https:\/\/s.w.org\/images\/core\/emoji\/14.0.0\/svg\/1f5dd.svg\" alt=\"\ud83d\udddd\">  Digit\u00e1lis kulcs<\/p>\n","protected":false},"featured_media":25093,"template":"","meta":{"_acf_changed":false,"site-sidebar-layout":"default","site-content-layout":"default","ast-site-content-layout":"default","site-content-style":"default","site-sidebar-style":"default","ast-global-header-display":"","ast-banner-title-visibility":"","ast-main-header-display":"","ast-hfb-above-header-display":"","ast-hfb-below-header-display":"","ast-hfb-mobile-header-display":"","site-post-title":"","ast-breadcrumbs-content":"","ast-featured-img":"","footer-sml-layout":"","ast-disable-related-posts":"","theme-transparent-header-meta":"default","adv-header-id-meta":"","stick-header-meta":"","header-above-stick-meta":"","header-main-stick-meta":"","header-below-stick-meta":"","astra-migrate-meta-layouts":"default","ast-page-background-enabled":"default","ast-page-background-meta":{"desktop":{"background-color":"var(--ast-global-color-4)","background-image":"","background-repeat":"repeat","background-position":"center center","background-size":"auto","background-attachment":"scroll","background-type":"","background-media":"","overlay-type":"","overlay-color":"","overlay-opacity":"","overlay-gradient":""},"tablet":{"background-color":"","background-image":"","background-repeat":"repeat","background-position":"center center","background-size":"auto","background-attachment":"scroll","background-type":"","background-media":"","overlay-type":"","overlay-color":"","overlay-opacity":"","overlay-gradient":""},"mobile":{"background-color":"","background-image":"","background-repeat":"repeat","background-position":"center center","background-size":"auto","background-attachment":"scroll","background-type":"","background-media":"","overlay-type":"","overlay-color":"","overlay-opacity":"","overlay-gradient":""}},"ast-content-background-meta":{"desktop":{"background-color":"var(--ast-global-color-5)","background-image":"","background-repeat":"repeat","background-position":"center center","background-size":"auto","background-attachment":"scroll","background-type":"","background-media":"","overlay-type":"","overlay-color":"","overlay-opacity":"","overlay-gradient":""},"tablet":{"background-color":"var(--ast-global-color-5)","background-image":"","background-repeat":"repeat","background-position":"center center","background-size":"auto","background-attachment":"scroll","background-type":"","background-media":"","overlay-type":"","overlay-color":"","overlay-opacity":"","overlay-gradient":""},"mobile":{"background-color":"var(--ast-global-color-5)","background-image":"","background-repeat":"repeat","background-position":"center center","background-size":"auto","background-attachment":"scroll","background-type":"","background-media":"","overlay-type":"","overlay-color":"","overlay-opacity":"","overlay-gradient":""}}},"product_brand":[],"product_cat":[394,365,378,367,417],"product_tag":[],"class_list":{"0":"post-42472","1":"product","2":"type-product","3":"status-publish","4":"has-post-thumbnail","6":"product_cat-digitalis-jatekok","7":"product_cat-goz","8":"product_cat-minden-digitalis-jatek","9":"product_cat-pc-jatekok","10":"product_cat-versenyzos-jatekok","11":"desktop-align-left","12":"tablet-align-left","13":"mobile-align-left","15":"first","16":"instock","17":"shipping-taxable","18":"purchasable","19":"product-type-simple"},"acf":[],"yoast_head":"<!-- This site is optimized with the Yoast SEO Premium plugin v27.5 (Yoast SEO v27.5) - https:\/\/yoast.com\/product\/yoast-seo-premium-wordpress\/ -->\n<title>Re-Volt - Prismagamers.com<\/title>\n<meta name=\"description\" content=\"Pattanj a 28 t\u00e1vir\u00e1ny\u00edt\u00e1s\u00fa aut\u00f3 egyik\u00e9nek vol\u00e1nja m\u00f6g\u00e9, \u00e9s sz\u00e1guldj az \u00f3ri\u00e1si akad\u00e1lyokkal teli \u0151r\u00fclt p\u00e1ly\u00e1kon - a j\u00e1t\u00e9kokt\u00f3l a fal m\u00e9ret\u0171 j\u00e1rdaszeg\u00e9lyekig! \u00c9lj \u00e1t izgalmas versenyeket m\u00fazeumokban, szupermarketekben \u00e9s olyan v\u00e1rosr\u00e9szekben, amelyek ak\u00e1r a saj\u00e1t k\u00f6rny\u00e9kedre is hasonl\u00edthatnak. A Re-Volt \u0151r\u00fclt, dinamikus R\/C versenyz\u00e9s az adrenalin \u00e9s a sz\u00f3rakoz\u00e1s rajong\u00f3inak!  Glob\u00e1lis  G\u0151z  Digit\u00e1lis kulcs\" \/>\n<meta name=\"robots\" content=\"index, follow, max-snippet:-1, max-image-preview:large, max-video-preview:-1\" \/>\n<link rel=\"canonical\" href=\"https:\/\/prismagamers.com\/hu\/produkt\/re-volt\/\" \/>\n<meta property=\"og:locale\" content=\"hu_HU\" \/>\n<meta property=\"og:type\" content=\"article\" \/>\n<meta property=\"og:title\" content=\"Re-Volt\" \/>\n<meta property=\"og:description\" content=\"Pattanj a 28 t\u00e1vir\u00e1ny\u00edt\u00e1s\u00fa aut\u00f3 egyik\u00e9nek vol\u00e1nja m\u00f6g\u00e9, \u00e9s sz\u00e1guldj az \u00f3ri\u00e1si akad\u00e1lyokkal teli \u0151r\u00fclt p\u00e1ly\u00e1kon - a j\u00e1t\u00e9kokt\u00f3l a fal m\u00e9ret\u0171 j\u00e1rdaszeg\u00e9lyekig! \u00c9lj \u00e1t izgalmas versenyeket m\u00fazeumokban, szupermarketekben \u00e9s olyan v\u00e1rosr\u00e9szekben, amelyek ak\u00e1r a saj\u00e1t k\u00f6rny\u00e9kedre is hasonl\u00edthatnak. A Re-Volt \u0151r\u00fclt, dinamikus R\/C versenyz\u00e9s az adrenalin \u00e9s a sz\u00f3rakoz\u00e1s rajong\u00f3inak!  Glob\u00e1lis  G\u0151z  Digit\u00e1lis kulcs\" \/>\n<meta property=\"og:url\" content=\"https:\/\/prismagamers.com\/hu\/produkt\/re-volt\/\" \/>\n<meta property=\"og:site_name\" content=\"Prismagamers.com\" \/>\n<meta property=\"article:publisher\" content=\"https:\/\/www.facebook.com\/prismagamers\" \/>\n<meta property=\"og:image\" content=\"https:\/\/prismagamers.com\/wp-content\/uploads\/2023\/03\/Re-Volt-1.webp\" \/>\n\t<meta property=\"og:image:width\" content=\"350\" \/>\n\t<meta property=\"og:image:height\" content=\"493\" \/>\n\t<meta property=\"og:image:type\" content=\"image\/webp\" \/>\n<meta name=\"twitter:card\" content=\"summary_large_image\" \/>\n<meta name=\"twitter:label1\" content=\"Becs\u00fclt olvas\u00e1si id\u0151\" \/>\n\t<meta name=\"twitter:data1\" content=\"1 perc\" \/>\n<script type=\"application\/ld+json\" class=\"yoast-schema-graph\">{\"@context\":\"https:\\\/\\\/schema.org\",\"@graph\":[{\"@type\":\"WebPage\",\"@id\":\"https:\\\/\\\/prismagamers.com\\\/hu\\\/produkt\\\/re-volt\\\/\",\"url\":\"https:\\\/\\\/prismagamers.com\\\/hu\\\/produkt\\\/re-volt\\\/\",\"name\":\"Re-Volt - Prismagamers.com\",\"isPartOf\":{\"@id\":\"https:\\\/\\\/prismagamers.com\\\/hu\\\/#website\"},\"primaryImageOfPage\":{\"@id\":\"https:\\\/\\\/prismagamers.com\\\/hu\\\/produkt\\\/re-volt\\\/#primaryimage\"},\"image\":{\"@id\":\"https:\\\/\\\/prismagamers.com\\\/hu\\\/produkt\\\/re-volt\\\/#primaryimage\"},\"thumbnailUrl\":\"https:\\\/\\\/prismagamers.com\\\/wp-content\\\/uploads\\\/2023\\\/03\\\/Re-Volt-1.webp\",\"datePublished\":\"2023-03-29T08:27:56+00:00\",\"description\":\"Pattanj a 28 t\u00e1vir\u00e1ny\u00edt\u00e1s\u00fa aut\u00f3 egyik\u00e9nek vol\u00e1nja m\u00f6g\u00e9, \u00e9s sz\u00e1guldj az \u00f3ri\u00e1si akad\u00e1lyokkal teli \u0151r\u00fclt p\u00e1ly\u00e1kon - a j\u00e1t\u00e9kokt\u00f3l a fal m\u00e9ret\u0171 j\u00e1rdaszeg\u00e9lyekig! \u00c9lj \u00e1t izgalmas versenyeket m\u00fazeumokban, szupermarketekben \u00e9s olyan v\u00e1rosr\u00e9szekben, amelyek ak\u00e1r a saj\u00e1t k\u00f6rny\u00e9kedre is hasonl\u00edthatnak. A Re-Volt \u0151r\u00fclt, dinamikus R\\\/C versenyz\u00e9s az adrenalin \u00e9s a sz\u00f3rakoz\u00e1s rajong\u00f3inak! Glob\u00e1lis G\u0151z Digit\u00e1lis kulcs\",\"breadcrumb\":{\"@id\":\"https:\\\/\\\/prismagamers.com\\\/hu\\\/produkt\\\/re-volt\\\/#breadcrumb\"},\"inLanguage\":\"hu\",\"potentialAction\":[{\"@type\":\"ReadAction\",\"target\":[\"https:\\\/\\\/prismagamers.com\\\/hu\\\/produkt\\\/re-volt\\\/\"]}]},{\"@type\":\"ImageObject\",\"inLanguage\":\"hu\",\"@id\":\"https:\\\/\\\/prismagamers.com\\\/hu\\\/produkt\\\/re-volt\\\/#primaryimage\",\"url\":\"https:\\\/\\\/prismagamers.com\\\/wp-content\\\/uploads\\\/2023\\\/03\\\/Re-Volt-1.webp\",\"contentUrl\":\"https:\\\/\\\/prismagamers.com\\\/wp-content\\\/uploads\\\/2023\\\/03\\\/Re-Volt-1.webp\",\"width\":350,\"height\":493},{\"@type\":\"BreadcrumbList\",\"@id\":\"https:\\\/\\\/prismagamers.com\\\/hu\\\/produkt\\\/re-volt\\\/#breadcrumb\",\"itemListElement\":[{\"@type\":\"ListItem\",\"position\":1,\"name\":\"Strona g\u0142\u00f3wna\",\"item\":\"https:\\\/\\\/prismagamers.com\\\/hu\\\/prismagamers\\\/\"},{\"@type\":\"ListItem\",\"position\":2,\"name\":\"Shop\",\"item\":\"https:\\\/\\\/prismagamers.com\\\/hu\\\/shop\\\/\"},{\"@type\":\"ListItem\",\"position\":3,\"name\":\"Re-Volt\"}]},{\"@type\":\"WebSite\",\"@id\":\"https:\\\/\\\/prismagamers.com\\\/hu\\\/#website\",\"url\":\"https:\\\/\\\/prismagamers.com\\\/hu\\\/\",\"name\":\"Prismagamers\",\"description\":\"Sklep z grami PC I Sklep klucze Steam\",\"publisher\":{\"@id\":\"https:\\\/\\\/prismagamers.com\\\/hu\\\/#organization\"},\"potentialAction\":[{\"@type\":\"SearchAction\",\"target\":{\"@type\":\"EntryPoint\",\"urlTemplate\":\"https:\\\/\\\/prismagamers.com\\\/hu\\\/?s={search_term_string}\"},\"query-input\":{\"@type\":\"PropertyValueSpecification\",\"valueRequired\":true,\"valueName\":\"search_term_string\"}}],\"inLanguage\":\"hu\"},{\"@type\":\"Organization\",\"@id\":\"https:\\\/\\\/prismagamers.com\\\/hu\\\/#organization\",\"name\":\"Prismagamers\",\"url\":\"https:\\\/\\\/prismagamers.com\\\/hu\\\/\",\"logo\":{\"@type\":\"ImageObject\",\"inLanguage\":\"hu\",\"@id\":\"https:\\\/\\\/prismagamers.com\\\/hu\\\/#\\\/schema\\\/logo\\\/image\\\/\",\"url\":\"https:\\\/\\\/prismagamers.com\\\/wp-content\\\/uploads\\\/2022\\\/04\\\/cropped-logo-Prismagamers-01-scaled-1.jpg\",\"contentUrl\":\"https:\\\/\\\/prismagamers.com\\\/wp-content\\\/uploads\\\/2022\\\/04\\\/cropped-logo-Prismagamers-01-scaled-1.jpg\",\"width\":512,\"height\":512,\"caption\":\"Prismagamers\"},\"image\":{\"@id\":\"https:\\\/\\\/prismagamers.com\\\/hu\\\/#\\\/schema\\\/logo\\\/image\\\/\"},\"sameAs\":[\"https:\\\/\\\/www.facebook.com\\\/prismagamers\",\"https:\\\/\\\/www.instagram.com\\\/prismagamers_grycyfrowe\\\/\"],\"description\":\"Prismagamers.com to dynamiczny sklep z grami cyfrowymi, stworzony z my\u015bl\u0105 o entuzjastach gier wideo. Nasza strona oferuje szerok\u0105 gam\u0119 gier komputerowych, w tym najnowsze tytu\u0142y, dobrze znane klasyki oraz gry stworzone przez niezale\u017cne studia Ca\u0142y czas d\u0105\u017cymy do rozszerzenia naszej oferty. Do\u0142\u0105cz do nas i sta\u0144 si\u0119 cz\u0119\u015bci\u0105 naszej rosn\u0105cej spo\u0142eczno\u015bci graczy!\",\"email\":\"shop@prismagamers.com\",\"telephone\":\"48795541705\",\"legalName\":\"East Caravan Maksym \u017bukow\",\"foundingDate\":\"2012-05-10\",\"vatID\":\"PL8943038612\",\"taxID\":\"PL8943038612\",\"numberOfEmployees\":{\"@type\":\"QuantitativeValue\",\"minValue\":\"11\",\"maxValue\":\"50\"}}]}<\/script>\n<!-- \/ Yoast SEO Premium plugin. -->","yoast_head_json":{"title":"Re-Volt - Prismagamers.com","description":"Pattanj a 28 t\u00e1vir\u00e1ny\u00edt\u00e1s\u00fa aut\u00f3 egyik\u00e9nek vol\u00e1nja m\u00f6g\u00e9, \u00e9s sz\u00e1guldj az \u00f3ri\u00e1si akad\u00e1lyokkal teli \u0151r\u00fclt p\u00e1ly\u00e1kon - a j\u00e1t\u00e9kokt\u00f3l a fal m\u00e9ret\u0171 j\u00e1rdaszeg\u00e9lyekig! \u00c9lj \u00e1t izgalmas versenyeket m\u00fazeumokban, szupermarketekben \u00e9s olyan v\u00e1rosr\u00e9szekben, amelyek ak\u00e1r a saj\u00e1t k\u00f6rny\u00e9kedre is hasonl\u00edthatnak. A Re-Volt \u0151r\u00fclt, dinamikus R\/C versenyz\u00e9s az adrenalin \u00e9s a sz\u00f3rakoz\u00e1s rajong\u00f3inak!  Glob\u00e1lis  G\u0151z  Digit\u00e1lis kulcs","robots":{"index":"index","follow":"follow","max-snippet":"max-snippet:-1","max-image-preview":"max-image-preview:large","max-video-preview":"max-video-preview:-1"},"canonical":"https:\/\/prismagamers.com\/hu\/produkt\/re-volt\/","og_locale":"hu_HU","og_type":"article","og_title":"Re-Volt","og_description":"Pattanj a 28 t\u00e1vir\u00e1ny\u00edt\u00e1s\u00fa aut\u00f3 egyik\u00e9nek vol\u00e1nja m\u00f6g\u00e9, \u00e9s sz\u00e1guldj az \u00f3ri\u00e1si akad\u00e1lyokkal teli \u0151r\u00fclt p\u00e1ly\u00e1kon - a j\u00e1t\u00e9kokt\u00f3l a fal m\u00e9ret\u0171 j\u00e1rdaszeg\u00e9lyekig! \u00c9lj \u00e1t izgalmas versenyeket m\u00fazeumokban, szupermarketekben \u00e9s olyan v\u00e1rosr\u00e9szekben, amelyek ak\u00e1r a saj\u00e1t k\u00f6rny\u00e9kedre is hasonl\u00edthatnak. A Re-Volt \u0151r\u00fclt, dinamikus R\/C versenyz\u00e9s az adrenalin \u00e9s a sz\u00f3rakoz\u00e1s rajong\u00f3inak!  Glob\u00e1lis  G\u0151z  Digit\u00e1lis kulcs","og_url":"https:\/\/prismagamers.com\/hu\/produkt\/re-volt\/","og_site_name":"Prismagamers.com","article_publisher":"https:\/\/www.facebook.com\/prismagamers","og_image":[{"width":350,"height":493,"url":"https:\/\/prismagamers.com\/wp-content\/uploads\/2023\/03\/Re-Volt-1.webp","type":"image\/webp"}],"twitter_card":"summary_large_image","twitter_misc":{"Becs\u00fclt olvas\u00e1si id\u0151":"1 perc"},"schema":{"@context":"https:\/\/schema.org","@graph":[{"@type":"WebPage","@id":"https:\/\/prismagamers.com\/hu\/produkt\/re-volt\/","url":"https:\/\/prismagamers.com\/hu\/produkt\/re-volt\/","name":"Re-Volt - Prismagamers.com","isPartOf":{"@id":"https:\/\/prismagamers.com\/hu\/#website"},"primaryImageOfPage":{"@id":"https:\/\/prismagamers.com\/hu\/produkt\/re-volt\/#primaryimage"},"image":{"@id":"https:\/\/prismagamers.com\/hu\/produkt\/re-volt\/#primaryimage"},"thumbnailUrl":"https:\/\/prismagamers.com\/wp-content\/uploads\/2023\/03\/Re-Volt-1.webp","datePublished":"2023-03-29T08:27:56+00:00","description":"Pattanj a 28 t\u00e1vir\u00e1ny\u00edt\u00e1s\u00fa aut\u00f3 egyik\u00e9nek vol\u00e1nja m\u00f6g\u00e9, \u00e9s sz\u00e1guldj az \u00f3ri\u00e1si akad\u00e1lyokkal teli \u0151r\u00fclt p\u00e1ly\u00e1kon - a j\u00e1t\u00e9kokt\u00f3l a fal m\u00e9ret\u0171 j\u00e1rdaszeg\u00e9lyekig! \u00c9lj \u00e1t izgalmas versenyeket m\u00fazeumokban, szupermarketekben \u00e9s olyan v\u00e1rosr\u00e9szekben, amelyek ak\u00e1r a saj\u00e1t k\u00f6rny\u00e9kedre is hasonl\u00edthatnak. A Re-Volt \u0151r\u00fclt, dinamikus R\/C versenyz\u00e9s az adrenalin \u00e9s a sz\u00f3rakoz\u00e1s rajong\u00f3inak! Glob\u00e1lis G\u0151z Digit\u00e1lis kulcs","breadcrumb":{"@id":"https:\/\/prismagamers.com\/hu\/produkt\/re-volt\/#breadcrumb"},"inLanguage":"hu","potentialAction":[{"@type":"ReadAction","target":["https:\/\/prismagamers.com\/hu\/produkt\/re-volt\/"]}]},{"@type":"ImageObject","inLanguage":"hu","@id":"https:\/\/prismagamers.com\/hu\/produkt\/re-volt\/#primaryimage","url":"https:\/\/prismagamers.com\/wp-content\/uploads\/2023\/03\/Re-Volt-1.webp","contentUrl":"https:\/\/prismagamers.com\/wp-content\/uploads\/2023\/03\/Re-Volt-1.webp","width":350,"height":493},{"@type":"BreadcrumbList","@id":"https:\/\/prismagamers.com\/hu\/produkt\/re-volt\/#breadcrumb","itemListElement":[{"@type":"ListItem","position":1,"name":"Strona g\u0142\u00f3wna","item":"https:\/\/prismagamers.com\/hu\/prismagamers\/"},{"@type":"ListItem","position":2,"name":"Shop","item":"https:\/\/prismagamers.com\/hu\/shop\/"},{"@type":"ListItem","position":3,"name":"Re-Volt"}]},{"@type":"WebSite","@id":"https:\/\/prismagamers.com\/hu\/#website","url":"https:\/\/prismagamers.com\/hu\/","name":"Prismagamers","description":"Sklep z grami PC I Sklep klucze Steam","publisher":{"@id":"https:\/\/prismagamers.com\/hu\/#organization"},"potentialAction":[{"@type":"SearchAction","target":{"@type":"EntryPoint","urlTemplate":"https:\/\/prismagamers.com\/hu\/?s={search_term_string}"},"query-input":{"@type":"PropertyValueSpecification","valueRequired":true,"valueName":"search_term_string"}}],"inLanguage":"hu"},{"@type":"Organization","@id":"https:\/\/prismagamers.com\/hu\/#organization","name":"Prismagamers","url":"https:\/\/prismagamers.com\/hu\/","logo":{"@type":"ImageObject","inLanguage":"hu","@id":"https:\/\/prismagamers.com\/hu\/#\/schema\/logo\/image\/","url":"https:\/\/prismagamers.com\/wp-content\/uploads\/2022\/04\/cropped-logo-Prismagamers-01-scaled-1.jpg","contentUrl":"https:\/\/prismagamers.com\/wp-content\/uploads\/2022\/04\/cropped-logo-Prismagamers-01-scaled-1.jpg","width":512,"height":512,"caption":"Prismagamers"},"image":{"@id":"https:\/\/prismagamers.com\/hu\/#\/schema\/logo\/image\/"},"sameAs":["https:\/\/www.facebook.com\/prismagamers","https:\/\/www.instagram.com\/prismagamers_grycyfrowe\/"],"description":"Prismagamers.com to dynamiczny sklep z grami cyfrowymi, stworzony z my\u015bl\u0105 o entuzjastach gier wideo. Nasza strona oferuje szerok\u0105 gam\u0119 gier komputerowych, w tym najnowsze tytu\u0142y, dobrze znane klasyki oraz gry stworzone przez niezale\u017cne studia Ca\u0142y czas d\u0105\u017cymy do rozszerzenia naszej oferty. Do\u0142\u0105cz do nas i sta\u0144 si\u0119 cz\u0119\u015bci\u0105 naszej rosn\u0105cej spo\u0142eczno\u015bci graczy!","email":"shop@prismagamers.com","telephone":"48795541705","legalName":"East Caravan Maksym \u017bukow","foundingDate":"2012-05-10","vatID":"PL8943038612","taxID":"PL8943038612","numberOfEmployees":{"@type":"QuantitativeValue","minValue":"11","maxValue":"50"}}]}},"_links":{"self":[{"href":"https:\/\/prismagamers.com\/hu\/wp-json\/wp\/v2\/product\/42472","targetHints":{"allow":["GET"]}}],"collection":[{"href":"https:\/\/prismagamers.com\/hu\/wp-json\/wp\/v2\/product"}],"about":[{"href":"https:\/\/prismagamers.com\/hu\/wp-json\/wp\/v2\/types\/product"}],"wp:featuredmedia":[{"embeddable":true,"href":"https:\/\/prismagamers.com\/hu\/wp-json\/wp\/v2\/media\/25093"}],"wp:attachment":[{"href":"https:\/\/prismagamers.com\/hu\/wp-json\/wp\/v2\/media?parent=42472"}],"wp:term":[{"taxonomy":"product_brand","embeddable":true,"href":"https:\/\/prismagamers.com\/hu\/wp-json\/wp\/v2\/product_brand?post=42472"},{"taxonomy":"product_cat","embeddable":true,"href":"https:\/\/prismagamers.com\/hu\/wp-json\/wp\/v2\/product_cat?post=42472"},{"taxonomy":"product_tag","embeddable":true,"href":"https:\/\/prismagamers.com\/hu\/wp-json\/wp\/v2\/product_tag?post=42472"}],"curies":[{"name":"wp","href":"https:\/\/api.w.org\/{rel}","templated":true}]}}