{"id":42473,"date":"2023-03-29T10:22:06","date_gmt":"2023-03-29T08:22:06","guid":{"rendered":"https:\/\/prismagamers.com\/produkt\/river-city-super-sports-challenge-all-stars-special\/"},"modified":"2023-03-29T10:22:06","modified_gmt":"2023-03-29T08:22:06","slug":"river-city-super-sports-challenge-all-stars-special","status":"publish","type":"product","link":"https:\/\/prismagamers.com\/hu\/produkt\/river-city-super-sports-challenge-all-stars-special\/","title":{"rendered":"River City Super Sports Challenge All Stars Special"},"content":{"rendered":"<h2 data-start=\"150\" data-end=\"223\">River City Sports Challenge &#8211; \u0150r\u00fclt k\u00fczdelem n\u00e9gy sport\u00e1gban!<\/h2>\n<p data-start=\"225\" data-end=\"500\">\u00dcdv\u00f6z\u00f6lj\u00fck a <strong data-start=\"233\" data-end=\"264\">River City Sports Challenge-en<\/strong>! A szab\u00e1ly egyszer\u0171: legy\u00e9l <strong data-start=\"293\" data-end=\"317\">#1 4 versenysz\u00e1mban<\/strong>, b\u00e1rmi \u00e1ron! H\u00e9tk\u00f6znapinak hangzik? Semmi sem \u00e1ll t\u00e1volabb az igazs\u00e1gt\u00f3l! \u00dcthetsz, r\u00faghatsz, s\u0151t, haszn\u00e1lhatsz fakardot, s\u00falyz\u00f3t vagy bomb\u00e1t &#8211; ezen a versenyen <strong data-start=\"470\" data-end=\"497\">minden megengedett<\/strong>.   <\/p>\n<p data-start=\"502\" data-end=\"697\">Ez nem egy k\u00f6z\u00f6ns\u00e9ges atl\u00e9tikai verseny a n\u00e9gy versenysz\u00e1mban el\u00e9rt legmagasabb pontsz\u00e1m\u00e9rt. Minden versenysz\u00e1mban megzavarhatod a t\u00f6bbi versenyz\u0151t a k\u00f6r\u00fcl\u00f6tted l\u00e9v\u0151 <strong data-start=\"661\" data-end=\"681\">fegyverek \u00e9s eszk\u00f6z\u00f6k<\/strong> haszn\u00e1lat\u00e1val! <\/p>\n<h3 data-start=\"699\" data-end=\"729\">A j\u00e1t\u00e9k f\u0151bb jellemz\u0151i:<\/h3>\n<p data-start=\"731\" data-end=\"899\"><strong data-start=\"731\" data-end=\"770\">River City Selection &#8211; Single Mode!<\/strong><br data-start=\"770\" data-end=\"773\">Vegy\u00e9l r\u00e9szt a <strong data-start=\"804\" data-end=\"831\">River City Super Sports<\/strong> <strong data-start=\"731\" data-end=\"770\">tagv\u00e1laszt\u00e1son<\/strong>, \u00e9s \u00e9ld \u00e1t a fiatalos \u0151r\u00fcletet <strong data-start=\"867\" data-end=\"896\">Kuni\u00f3val \u00e9s bar\u00e1taival<\/strong>!<\/p>\n<p data-start=\"901\" data-end=\"1054\"><strong data-start=\"901\" data-end=\"923\">Online<\/strong> verseny<br data-start=\"923\" data-end=\"926\">Csatlakozz az izgalmas online versenyhez, \u00e9s mutasd meg k\u00e9pess\u00e9geidet az orsz\u00e1gos <strong data-start=\"1004\" data-end=\"1028\">Athletic Combat Meet-en<\/strong>. Ki lesz a bajnok? <\/p>\n<p data-start=\"1056\" data-end=\"1215\"><strong data-start=\"1056\" data-end=\"1099\">Karakter- \u00e9s ar\u00e9nak\u00e9sz\u00edt\u00e9si m\u00f3d [Create]!<\/strong><br data-start=\"1099\" data-end=\"1102\">Hozzon l\u00e9tre saj\u00e1t j\u00e1t\u00e9kosokat \u00e9s sz\u00ednpadokat! \u00c9p\u00edts egy eredeti csapatot, \u00e9s vegy\u00e9l r\u00e9szt \u0151r\u00fclt sportversenyeken. <\/p>\n<p data-start=\"1217\" data-end=\"1255\"><strong data-start=\"1217\" data-end=\"1253\">El\u00e9rhet\u0151 programok \u00e9s versenyek:<\/strong><\/p>\n<ul data-start=\"1256\" data-end=\"1682\">\n<li data-start=\"1256\" data-end=\"1352\">\n<p data-start=\"1258\" data-end=\"1352\"><strong data-start=\"1258\" data-end=\"1285\">Yumemicho Cross Country<\/strong> &#8211; Fuss \u00e1t h\u00e1zakon, h\u00e1ztet\u0151k\u00f6n \u00e9s m\u00e9g csatorn\u00e1kon is, hogy c\u00e9lba \u00e9rj!<\/p>\n<\/li>\n<li data-start=\"1353\" data-end=\"1431\">\n<p data-start=\"1355\" data-end=\"1431\"><strong data-start=\"1355\" data-end=\"1373\">Akad\u00e1ly v\u00e1lt\u00f3<\/strong> &#8211; Gy\u0151zd le az akad\u00e1lyokkal teli p\u00e1ly\u00e1kat \u00e9s \u00e9rj c\u00e9lba!<\/p>\n<\/li>\n<li data-start=\"1432\" data-end=\"1532\">\n<p data-start=\"1434\" data-end=\"1532\"><strong data-start=\"1434\" data-end=\"1450\">Camphor Ball<\/strong> &#8211; Dolgozzatok egy\u00fctt TAG-TEAM-k\u00e9nt, m\u00e1sszatok fel a r\u00fadra \u00e9s \u00fcss\u00e9tek a CAMHOR BALL-t!<\/p>\n<\/li>\n<li data-start=\"1533\" data-end=\"1682\">\n<p data-start=\"1535\" data-end=\"1682\"><strong data-start=\"1535\" data-end=\"1551\">Battle Royal<\/strong> &#8211; V\u00e9letlenszer\u0171 csat\u00e1k m\u00e1s harcosok ellen! Csak egy lesz bajnok, \u00e9s ha elhagyod az ar\u00e9n\u00e1t, akkor K.O. leszel, f\u00fcggetlen\u00fcl az eg\u00e9szs\u00e9gi \u00e1llapotodt\u00f3l! <\/p>\n<\/li>\n<\/ul>\n","protected":false},"excerpt":{"rendered":"<p data-start=\"118\" data-end=\"479\">Vesd bele magad a <strong data-start=\"151\" data-end=\"182\">River City Sports Challenge<\/strong> \u0151r\u00fclt verseny\u00e9be, ahol n\u00e9gy extr\u00e9m versenyen verheted, r\u00faghatod, r\u00faghatod \u00e9s haszn\u00e1lhatod az \u00f6sszes rendelkez\u00e9sre \u00e1ll\u00f3 eszk\u00f6zt \u00e9s fegyvert! \u00c9lj \u00e1t izgalmas versenyeket, akad\u00e1lyokat \u00e9s <strong data-start=\"343\" data-end=\"359\">Battle Royal<\/strong> csat\u00e1kat Kuni\u00f3val \u00e9s bar\u00e1taival. K\u00e9sz\u00edts saj\u00e1t karaktereket \u00e9s ar\u00e9n\u00e1kat, versenyezz online, \u00e9s l\u00e9gy a <strong data-start=\"455\" data-end=\"476\">River City Sports<\/strong> bajnoka!  <\/p>\n<p><img decoding=\"async\" class=\"emoji\" role=\"img\" draggable=\"false\" src=\"https:\/\/s.w.org\/images\/core\/emoji\/14.0.0\/svg\/1f30d.svg\" alt=\"\ud83c\udf0d\">  Glob\u00e1lis<br \/>\n<img decoding=\"async\" class=\"emoji\" role=\"img\" draggable=\"false\" src=\"https:\/\/s.w.org\/images\/core\/emoji\/14.0.0\/svg\/2699.svg\" alt=\"\u2699\ufe0f\">  G\u0151z<br \/>\n<img decoding=\"async\" class=\"emoji\" role=\"img\" draggable=\"false\" src=\"https:\/\/s.w.org\/images\/core\/emoji\/14.0.0\/svg\/1f5dd.svg\" alt=\"\ud83d\udddd\">  Digit\u00e1lis kulcs<\/p>\n","protected":false},"featured_media":25083,"template":"","meta":{"_acf_changed":false,"site-sidebar-layout":"default","site-content-layout":"default","ast-site-content-layout":"default","site-content-style":"default","site-sidebar-style":"default","ast-global-header-display":"","ast-banner-title-visibility":"","ast-main-header-display":"","ast-hfb-above-header-display":"","ast-hfb-below-header-display":"","ast-hfb-mobile-header-display":"","site-post-title":"","ast-breadcrumbs-content":"","ast-featured-img":"","footer-sml-layout":"","ast-disable-related-posts":"","theme-transparent-header-meta":"default","adv-header-id-meta":"","stick-header-meta":"","header-above-stick-meta":"","header-main-stick-meta":"","header-below-stick-meta":"","astra-migrate-meta-layouts":"default","ast-page-background-enabled":"default","ast-page-background-meta":{"desktop":{"background-color":"var(--ast-global-color-4)","background-image":"","background-repeat":"repeat","background-position":"center center","background-size":"auto","background-attachment":"scroll","background-type":"","background-media":"","overlay-type":"","overlay-color":"","overlay-opacity":"","overlay-gradient":""},"tablet":{"background-color":"","background-image":"","background-repeat":"repeat","background-position":"center center","background-size":"auto","background-attachment":"scroll","background-type":"","background-media":"","overlay-type":"","overlay-color":"","overlay-opacity":"","overlay-gradient":""},"mobile":{"background-color":"","background-image":"","background-repeat":"repeat","background-position":"center center","background-size":"auto","background-attachment":"scroll","background-type":"","background-media":"","overlay-type":"","overlay-color":"","overlay-opacity":"","overlay-gradient":""}},"ast-content-background-meta":{"desktop":{"background-color":"var(--ast-global-color-5)","background-image":"","background-repeat":"repeat","background-position":"center center","background-size":"auto","background-attachment":"scroll","background-type":"","background-media":"","overlay-type":"","overlay-color":"","overlay-opacity":"","overlay-gradient":""},"tablet":{"background-color":"var(--ast-global-color-5)","background-image":"","background-repeat":"repeat","background-position":"center center","background-size":"auto","background-attachment":"scroll","background-type":"","background-media":"","overlay-type":"","overlay-color":"","overlay-opacity":"","overlay-gradient":""},"mobile":{"background-color":"var(--ast-global-color-5)","background-image":"","background-repeat":"repeat","background-position":"center center","background-size":"auto","background-attachment":"scroll","background-type":"","background-media":"","overlay-type":"","overlay-color":"","overlay-opacity":"","overlay-gradient":""}}},"product_brand":[],"product_cat":[371,394,365,363,378,376],"product_tag":[],"class_list":{"0":"post-42473","1":"product","2":"type-product","3":"status-publish","4":"has-post-thumbnail","6":"product_cat-akcio-jatekok","7":"product_cat-digitalis-jatekok","8":"product_cat-goz","9":"product_cat-kaland-jatekok","10":"product_cat-minden-digitalis-jatek","11":"product_cat-sport-jatekok","12":"desktop-align-left","13":"tablet-align-left","14":"mobile-align-left","16":"first","17":"instock","18":"shipping-taxable","19":"purchasable","20":"product-type-simple"},"acf":[],"yoast_head":"<!-- This site is optimized with the Yoast SEO Premium plugin v27.4 (Yoast SEO v27.4) - https:\/\/yoast.com\/product\/yoast-seo-premium-wordpress\/ -->\n<title>River City Super Sports Challenge All Stars Special - Prismagamers.com<\/title>\n<meta name=\"description\" content=\"Vesd bele magad a River City Sports Challenge \u0151r\u00fclt verseny\u00e9be, ahol n\u00e9gy extr\u00e9m versenyen verheted, r\u00faghatod, r\u00faghatod \u00e9s haszn\u00e1lhatod az \u00f6sszes rendelkez\u00e9sre \u00e1ll\u00f3 eszk\u00f6zt \u00e9s fegyvert! \u00c9lj \u00e1t izgalmas versenyeket, akad\u00e1lyokat \u00e9s Battle Royal csat\u00e1kat Kuni\u00f3val \u00e9s bar\u00e1taival. K\u00e9sz\u00edts saj\u00e1t karaktereket \u00e9s ar\u00e9n\u00e1kat, versenyezz online, \u00e9s l\u00e9gy a River City Sports bajnoka!   Glob\u00e1lis  G\u0151z  Digit\u00e1lis kulcs\" \/>\n<meta name=\"robots\" content=\"index, follow, max-snippet:-1, max-image-preview:large, max-video-preview:-1\" \/>\n<link rel=\"canonical\" href=\"https:\/\/prismagamers.com\/hu\/produkt\/river-city-super-sports-challenge-all-stars-special\/\" \/>\n<meta property=\"og:locale\" content=\"hu_HU\" \/>\n<meta property=\"og:type\" content=\"article\" \/>\n<meta property=\"og:title\" content=\"River City Super Sports Challenge All Stars Special\" \/>\n<meta property=\"og:description\" content=\"Vesd bele magad a River City Sports Challenge \u0151r\u00fclt verseny\u00e9be, ahol n\u00e9gy extr\u00e9m versenyen verheted, r\u00faghatod, r\u00faghatod \u00e9s haszn\u00e1lhatod az \u00f6sszes rendelkez\u00e9sre \u00e1ll\u00f3 eszk\u00f6zt \u00e9s fegyvert! \u00c9lj \u00e1t izgalmas versenyeket, akad\u00e1lyokat \u00e9s Battle Royal csat\u00e1kat Kuni\u00f3val \u00e9s bar\u00e1taival. K\u00e9sz\u00edts saj\u00e1t karaktereket \u00e9s ar\u00e9n\u00e1kat, versenyezz online, \u00e9s l\u00e9gy a River City Sports bajnoka!   Glob\u00e1lis  G\u0151z  Digit\u00e1lis kulcs\" \/>\n<meta property=\"og:url\" content=\"https:\/\/prismagamers.com\/hu\/produkt\/river-city-super-sports-challenge-all-stars-special\/\" \/>\n<meta property=\"og:site_name\" content=\"Prismagamers.com\" \/>\n<meta property=\"article:publisher\" content=\"https:\/\/www.facebook.com\/prismagamers\" \/>\n<meta property=\"og:image\" content=\"https:\/\/prismagamers.com\/wp-content\/uploads\/2023\/03\/River-City-Super-Sports-Challenge_5.jpeg\" \/>\n\t<meta property=\"og:image:width\" content=\"350\" \/>\n\t<meta property=\"og:image:height\" content=\"491\" \/>\n\t<meta property=\"og:image:type\" content=\"image\/jpeg\" \/>\n<meta name=\"twitter:card\" content=\"summary_large_image\" \/>\n<meta name=\"twitter:label1\" content=\"Becs\u00fclt olvas\u00e1si id\u0151\" \/>\n\t<meta name=\"twitter:data1\" content=\"2 perc\" \/>\n<script type=\"application\/ld+json\" class=\"yoast-schema-graph\">{\"@context\":\"https:\\\/\\\/schema.org\",\"@graph\":[{\"@type\":\"WebPage\",\"@id\":\"https:\\\/\\\/prismagamers.com\\\/hu\\\/produkt\\\/river-city-super-sports-challenge-all-stars-special\\\/\",\"url\":\"https:\\\/\\\/prismagamers.com\\\/hu\\\/produkt\\\/river-city-super-sports-challenge-all-stars-special\\\/\",\"name\":\"River City Super Sports Challenge All Stars Special - Prismagamers.com\",\"isPartOf\":{\"@id\":\"https:\\\/\\\/prismagamers.com\\\/hu\\\/#website\"},\"primaryImageOfPage\":{\"@id\":\"https:\\\/\\\/prismagamers.com\\\/hu\\\/produkt\\\/river-city-super-sports-challenge-all-stars-special\\\/#primaryimage\"},\"image\":{\"@id\":\"https:\\\/\\\/prismagamers.com\\\/hu\\\/produkt\\\/river-city-super-sports-challenge-all-stars-special\\\/#primaryimage\"},\"thumbnailUrl\":\"https:\\\/\\\/prismagamers.com\\\/wp-content\\\/uploads\\\/2023\\\/03\\\/River-City-Super-Sports-Challenge_5.jpeg\",\"datePublished\":\"2023-03-29T08:22:06+00:00\",\"description\":\"Vesd bele magad a River City Sports Challenge \u0151r\u00fclt verseny\u00e9be, ahol n\u00e9gy extr\u00e9m versenyen verheted, r\u00faghatod, r\u00faghatod \u00e9s haszn\u00e1lhatod az \u00f6sszes rendelkez\u00e9sre \u00e1ll\u00f3 eszk\u00f6zt \u00e9s fegyvert! \u00c9lj \u00e1t izgalmas versenyeket, akad\u00e1lyokat \u00e9s Battle Royal csat\u00e1kat Kuni\u00f3val \u00e9s bar\u00e1taival. K\u00e9sz\u00edts saj\u00e1t karaktereket \u00e9s ar\u00e9n\u00e1kat, versenyezz online, \u00e9s l\u00e9gy a River City Sports bajnoka! Glob\u00e1lis G\u0151z Digit\u00e1lis kulcs\",\"breadcrumb\":{\"@id\":\"https:\\\/\\\/prismagamers.com\\\/hu\\\/produkt\\\/river-city-super-sports-challenge-all-stars-special\\\/#breadcrumb\"},\"inLanguage\":\"hu\",\"potentialAction\":[{\"@type\":\"ReadAction\",\"target\":[\"https:\\\/\\\/prismagamers.com\\\/hu\\\/produkt\\\/river-city-super-sports-challenge-all-stars-special\\\/\"]}]},{\"@type\":\"ImageObject\",\"inLanguage\":\"hu\",\"@id\":\"https:\\\/\\\/prismagamers.com\\\/hu\\\/produkt\\\/river-city-super-sports-challenge-all-stars-special\\\/#primaryimage\",\"url\":\"https:\\\/\\\/prismagamers.com\\\/wp-content\\\/uploads\\\/2023\\\/03\\\/River-City-Super-Sports-Challenge_5.jpeg\",\"contentUrl\":\"https:\\\/\\\/prismagamers.com\\\/wp-content\\\/uploads\\\/2023\\\/03\\\/River-City-Super-Sports-Challenge_5.jpeg\",\"width\":350,\"height\":491},{\"@type\":\"BreadcrumbList\",\"@id\":\"https:\\\/\\\/prismagamers.com\\\/hu\\\/produkt\\\/river-city-super-sports-challenge-all-stars-special\\\/#breadcrumb\",\"itemListElement\":[{\"@type\":\"ListItem\",\"position\":1,\"name\":\"Strona g\u0142\u00f3wna\",\"item\":\"https:\\\/\\\/prismagamers.com\\\/hu\\\/prismagamers\\\/\"},{\"@type\":\"ListItem\",\"position\":2,\"name\":\"Shop\",\"item\":\"https:\\\/\\\/prismagamers.com\\\/hu\\\/shop\\\/\"},{\"@type\":\"ListItem\",\"position\":3,\"name\":\"River City Super Sports Challenge All Stars Special\"}]},{\"@type\":\"WebSite\",\"@id\":\"https:\\\/\\\/prismagamers.com\\\/hu\\\/#website\",\"url\":\"https:\\\/\\\/prismagamers.com\\\/hu\\\/\",\"name\":\"Prismagamers\",\"description\":\"Sklep z grami PC I Sklep klucze Steam\",\"publisher\":{\"@id\":\"https:\\\/\\\/prismagamers.com\\\/hu\\\/#organization\"},\"potentialAction\":[{\"@type\":\"SearchAction\",\"target\":{\"@type\":\"EntryPoint\",\"urlTemplate\":\"https:\\\/\\\/prismagamers.com\\\/hu\\\/?s={search_term_string}\"},\"query-input\":{\"@type\":\"PropertyValueSpecification\",\"valueRequired\":true,\"valueName\":\"search_term_string\"}}],\"inLanguage\":\"hu\"},{\"@type\":\"Organization\",\"@id\":\"https:\\\/\\\/prismagamers.com\\\/hu\\\/#organization\",\"name\":\"Prismagamers\",\"url\":\"https:\\\/\\\/prismagamers.com\\\/hu\\\/\",\"logo\":{\"@type\":\"ImageObject\",\"inLanguage\":\"hu\",\"@id\":\"https:\\\/\\\/prismagamers.com\\\/hu\\\/#\\\/schema\\\/logo\\\/image\\\/\",\"url\":\"https:\\\/\\\/prismagamers.com\\\/wp-content\\\/uploads\\\/2022\\\/04\\\/cropped-logo-Prismagamers-01-scaled-1.jpg\",\"contentUrl\":\"https:\\\/\\\/prismagamers.com\\\/wp-content\\\/uploads\\\/2022\\\/04\\\/cropped-logo-Prismagamers-01-scaled-1.jpg\",\"width\":512,\"height\":512,\"caption\":\"Prismagamers\"},\"image\":{\"@id\":\"https:\\\/\\\/prismagamers.com\\\/hu\\\/#\\\/schema\\\/logo\\\/image\\\/\"},\"sameAs\":[\"https:\\\/\\\/www.facebook.com\\\/prismagamers\",\"https:\\\/\\\/www.instagram.com\\\/prismagamers_grycyfrowe\\\/\"],\"description\":\"Prismagamers.com to dynamiczny sklep z grami cyfrowymi, stworzony z my\u015bl\u0105 o entuzjastach gier wideo. Nasza strona oferuje szerok\u0105 gam\u0119 gier komputerowych, w tym najnowsze tytu\u0142y, dobrze znane klasyki oraz gry stworzone przez niezale\u017cne studia Ca\u0142y czas d\u0105\u017cymy do rozszerzenia naszej oferty. Do\u0142\u0105cz do nas i sta\u0144 si\u0119 cz\u0119\u015bci\u0105 naszej rosn\u0105cej spo\u0142eczno\u015bci graczy!\",\"email\":\"shop@prismagamers.com\",\"telephone\":\"48795541705\",\"legalName\":\"East Caravan Maksym \u017bukow\",\"foundingDate\":\"2012-05-10\",\"vatID\":\"PL8943038612\",\"taxID\":\"PL8943038612\",\"numberOfEmployees\":{\"@type\":\"QuantitativeValue\",\"minValue\":\"11\",\"maxValue\":\"50\"}}]}<\/script>\n<!-- \/ Yoast SEO Premium plugin. -->","yoast_head_json":{"title":"River City Super Sports Challenge All Stars Special - Prismagamers.com","description":"Vesd bele magad a River City Sports Challenge \u0151r\u00fclt verseny\u00e9be, ahol n\u00e9gy extr\u00e9m versenyen verheted, r\u00faghatod, r\u00faghatod \u00e9s haszn\u00e1lhatod az \u00f6sszes rendelkez\u00e9sre \u00e1ll\u00f3 eszk\u00f6zt \u00e9s fegyvert! \u00c9lj \u00e1t izgalmas versenyeket, akad\u00e1lyokat \u00e9s Battle Royal csat\u00e1kat Kuni\u00f3val \u00e9s bar\u00e1taival. K\u00e9sz\u00edts saj\u00e1t karaktereket \u00e9s ar\u00e9n\u00e1kat, versenyezz online, \u00e9s l\u00e9gy a River City Sports bajnoka!   Glob\u00e1lis  G\u0151z  Digit\u00e1lis kulcs","robots":{"index":"index","follow":"follow","max-snippet":"max-snippet:-1","max-image-preview":"max-image-preview:large","max-video-preview":"max-video-preview:-1"},"canonical":"https:\/\/prismagamers.com\/hu\/produkt\/river-city-super-sports-challenge-all-stars-special\/","og_locale":"hu_HU","og_type":"article","og_title":"River City Super Sports Challenge All Stars Special","og_description":"Vesd bele magad a River City Sports Challenge \u0151r\u00fclt verseny\u00e9be, ahol n\u00e9gy extr\u00e9m versenyen verheted, r\u00faghatod, r\u00faghatod \u00e9s haszn\u00e1lhatod az \u00f6sszes rendelkez\u00e9sre \u00e1ll\u00f3 eszk\u00f6zt \u00e9s fegyvert! \u00c9lj \u00e1t izgalmas versenyeket, akad\u00e1lyokat \u00e9s Battle Royal csat\u00e1kat Kuni\u00f3val \u00e9s bar\u00e1taival. K\u00e9sz\u00edts saj\u00e1t karaktereket \u00e9s ar\u00e9n\u00e1kat, versenyezz online, \u00e9s l\u00e9gy a River City Sports bajnoka!   Glob\u00e1lis  G\u0151z  Digit\u00e1lis kulcs","og_url":"https:\/\/prismagamers.com\/hu\/produkt\/river-city-super-sports-challenge-all-stars-special\/","og_site_name":"Prismagamers.com","article_publisher":"https:\/\/www.facebook.com\/prismagamers","og_image":[{"width":350,"height":491,"url":"https:\/\/prismagamers.com\/wp-content\/uploads\/2023\/03\/River-City-Super-Sports-Challenge_5.jpeg","type":"image\/jpeg"}],"twitter_card":"summary_large_image","twitter_misc":{"Becs\u00fclt olvas\u00e1si id\u0151":"2 perc"},"schema":{"@context":"https:\/\/schema.org","@graph":[{"@type":"WebPage","@id":"https:\/\/prismagamers.com\/hu\/produkt\/river-city-super-sports-challenge-all-stars-special\/","url":"https:\/\/prismagamers.com\/hu\/produkt\/river-city-super-sports-challenge-all-stars-special\/","name":"River City Super Sports Challenge All Stars Special - Prismagamers.com","isPartOf":{"@id":"https:\/\/prismagamers.com\/hu\/#website"},"primaryImageOfPage":{"@id":"https:\/\/prismagamers.com\/hu\/produkt\/river-city-super-sports-challenge-all-stars-special\/#primaryimage"},"image":{"@id":"https:\/\/prismagamers.com\/hu\/produkt\/river-city-super-sports-challenge-all-stars-special\/#primaryimage"},"thumbnailUrl":"https:\/\/prismagamers.com\/wp-content\/uploads\/2023\/03\/River-City-Super-Sports-Challenge_5.jpeg","datePublished":"2023-03-29T08:22:06+00:00","description":"Vesd bele magad a River City Sports Challenge \u0151r\u00fclt verseny\u00e9be, ahol n\u00e9gy extr\u00e9m versenyen verheted, r\u00faghatod, r\u00faghatod \u00e9s haszn\u00e1lhatod az \u00f6sszes rendelkez\u00e9sre \u00e1ll\u00f3 eszk\u00f6zt \u00e9s fegyvert! \u00c9lj \u00e1t izgalmas versenyeket, akad\u00e1lyokat \u00e9s Battle Royal csat\u00e1kat Kuni\u00f3val \u00e9s bar\u00e1taival. K\u00e9sz\u00edts saj\u00e1t karaktereket \u00e9s ar\u00e9n\u00e1kat, versenyezz online, \u00e9s l\u00e9gy a River City Sports bajnoka! Glob\u00e1lis G\u0151z Digit\u00e1lis kulcs","breadcrumb":{"@id":"https:\/\/prismagamers.com\/hu\/produkt\/river-city-super-sports-challenge-all-stars-special\/#breadcrumb"},"inLanguage":"hu","potentialAction":[{"@type":"ReadAction","target":["https:\/\/prismagamers.com\/hu\/produkt\/river-city-super-sports-challenge-all-stars-special\/"]}]},{"@type":"ImageObject","inLanguage":"hu","@id":"https:\/\/prismagamers.com\/hu\/produkt\/river-city-super-sports-challenge-all-stars-special\/#primaryimage","url":"https:\/\/prismagamers.com\/wp-content\/uploads\/2023\/03\/River-City-Super-Sports-Challenge_5.jpeg","contentUrl":"https:\/\/prismagamers.com\/wp-content\/uploads\/2023\/03\/River-City-Super-Sports-Challenge_5.jpeg","width":350,"height":491},{"@type":"BreadcrumbList","@id":"https:\/\/prismagamers.com\/hu\/produkt\/river-city-super-sports-challenge-all-stars-special\/#breadcrumb","itemListElement":[{"@type":"ListItem","position":1,"name":"Strona g\u0142\u00f3wna","item":"https:\/\/prismagamers.com\/hu\/prismagamers\/"},{"@type":"ListItem","position":2,"name":"Shop","item":"https:\/\/prismagamers.com\/hu\/shop\/"},{"@type":"ListItem","position":3,"name":"River City Super Sports Challenge All Stars Special"}]},{"@type":"WebSite","@id":"https:\/\/prismagamers.com\/hu\/#website","url":"https:\/\/prismagamers.com\/hu\/","name":"Prismagamers","description":"Sklep z grami PC I Sklep klucze Steam","publisher":{"@id":"https:\/\/prismagamers.com\/hu\/#organization"},"potentialAction":[{"@type":"SearchAction","target":{"@type":"EntryPoint","urlTemplate":"https:\/\/prismagamers.com\/hu\/?s={search_term_string}"},"query-input":{"@type":"PropertyValueSpecification","valueRequired":true,"valueName":"search_term_string"}}],"inLanguage":"hu"},{"@type":"Organization","@id":"https:\/\/prismagamers.com\/hu\/#organization","name":"Prismagamers","url":"https:\/\/prismagamers.com\/hu\/","logo":{"@type":"ImageObject","inLanguage":"hu","@id":"https:\/\/prismagamers.com\/hu\/#\/schema\/logo\/image\/","url":"https:\/\/prismagamers.com\/wp-content\/uploads\/2022\/04\/cropped-logo-Prismagamers-01-scaled-1.jpg","contentUrl":"https:\/\/prismagamers.com\/wp-content\/uploads\/2022\/04\/cropped-logo-Prismagamers-01-scaled-1.jpg","width":512,"height":512,"caption":"Prismagamers"},"image":{"@id":"https:\/\/prismagamers.com\/hu\/#\/schema\/logo\/image\/"},"sameAs":["https:\/\/www.facebook.com\/prismagamers","https:\/\/www.instagram.com\/prismagamers_grycyfrowe\/"],"description":"Prismagamers.com to dynamiczny sklep z grami cyfrowymi, stworzony z my\u015bl\u0105 o entuzjastach gier wideo. Nasza strona oferuje szerok\u0105 gam\u0119 gier komputerowych, w tym najnowsze tytu\u0142y, dobrze znane klasyki oraz gry stworzone przez niezale\u017cne studia Ca\u0142y czas d\u0105\u017cymy do rozszerzenia naszej oferty. Do\u0142\u0105cz do nas i sta\u0144 si\u0119 cz\u0119\u015bci\u0105 naszej rosn\u0105cej spo\u0142eczno\u015bci graczy!","email":"shop@prismagamers.com","telephone":"48795541705","legalName":"East Caravan Maksym \u017bukow","foundingDate":"2012-05-10","vatID":"PL8943038612","taxID":"PL8943038612","numberOfEmployees":{"@type":"QuantitativeValue","minValue":"11","maxValue":"50"}}]}},"_links":{"self":[{"href":"https:\/\/prismagamers.com\/hu\/wp-json\/wp\/v2\/product\/42473","targetHints":{"allow":["GET"]}}],"collection":[{"href":"https:\/\/prismagamers.com\/hu\/wp-json\/wp\/v2\/product"}],"about":[{"href":"https:\/\/prismagamers.com\/hu\/wp-json\/wp\/v2\/types\/product"}],"wp:featuredmedia":[{"embeddable":true,"href":"https:\/\/prismagamers.com\/hu\/wp-json\/wp\/v2\/media\/25083"}],"wp:attachment":[{"href":"https:\/\/prismagamers.com\/hu\/wp-json\/wp\/v2\/media?parent=42473"}],"wp:term":[{"taxonomy":"product_brand","embeddable":true,"href":"https:\/\/prismagamers.com\/hu\/wp-json\/wp\/v2\/product_brand?post=42473"},{"taxonomy":"product_cat","embeddable":true,"href":"https:\/\/prismagamers.com\/hu\/wp-json\/wp\/v2\/product_cat?post=42473"},{"taxonomy":"product_tag","embeddable":true,"href":"https:\/\/prismagamers.com\/hu\/wp-json\/wp\/v2\/product_tag?post=42473"}],"curies":[{"name":"wp","href":"https:\/\/api.w.org\/{rel}","templated":true}]}}