{"id":42474,"date":"2023-03-29T10:15:29","date_gmt":"2023-03-29T08:15:29","guid":{"rendered":"https:\/\/prismagamers.com\/produkt\/hell-let-loose\/"},"modified":"2023-03-29T10:15:29","modified_gmt":"2023-03-29T08:15:29","slug":"hell-let-loose","status":"publish","type":"product","link":"https:\/\/prismagamers.com\/hu\/produkt\/hell-let-loose\/","title":{"rendered":"Hell Let Loose"},"content":{"rendered":"<p>Harcolj a nyugati front f\u0151bb csat\u00e1iban (Carentan, Omaha Beach, Foy stb.). A harci cselekm\u00e9nyek egy teljesen \u00faj sk\u00e1l\u00e1ja &#8211; puszt\u00edt\u00f3 tankok uralkodnak a csatat\u00e9ren, az ut\u00e1np\u00f3tl\u00e1si vonalaknak folyamatosan el kell l\u00e1tniuk a harcol\u00f3kat, \u00e9s te egy hatalmas hadig\u00e9pezet fogaskereke vagy. A Hell Let Loose a h\u00e1bor\u00fas k\u00e1osz kell\u0151s k\u00f6zep\u00e9be dob, a zseni\u00e1lisan kital\u00e1lt, \u00e1ltalad ir\u00e1ny\u00edthat\u00f3 j\u00e1rm\u0171vekkel egy\u00fctt. A frontvonal folyamatosan v\u00e1ltozik, a csata menet\u00e9t pedig olyan szab\u00e1lyok szab\u00e1lyozz\u00e1k, amelyek k\u00fcl\u00f6n\u00f6s hangs\u00falyt fektetnek az egys\u00e9gekre.   <\/p>\n<p>Legal\u00e1bb kilenc g\u00f6rgethet\u0151, val\u00f3s fot\u00f3kon \u00e9s m\u0171holdas adatokon alapul\u00f3 t\u00e9rk\u00e9p visz el a nagy szektorokra osztott csatat\u00e9rre, amelyet meg kell h\u00f3d\u00edtanod. Ez\u00e1ltal a j\u00e1t\u00e9k folyamatosan v\u00e1ltozik. K\u00e9t, egyenk\u00e9nt 50 j\u00e1t\u00e9kosb\u00f3l \u00e1ll\u00f3 alakulat k\u00fczd a hal\u00e1lig erd\u0151kben, v\u00e1rosokban, mez\u0151k\u00f6n \u00e9s hidakon. Ha egy szektort elfoglalsz, az a csapatod sz\u00e1m\u00e1ra h\u00e1rom er\u0151forr\u00e1s egyik\u00e9t biztos\u00edtja, ami n\u00f6veli a sz\u00f3rakoz\u00e1st \u00e9s befoly\u00e1solja a csapatod gy\u0151zelemhez vezet\u0151 \u00fatj\u00e1t.   <\/p>\n<h2 class=\"bb_tag\"><strong>A hadvisel\u00e9s fens\u00e9ges sz\u00edntere<\/strong><\/h2>\n<p>Menj bele egy 50 vs 50 t\u00f6bbj\u00e1t\u00e9kos csat\u00e1ba egy hatalmas t\u00e9rk\u00e9pen. V\u00e1lassz 14 oszt\u00e1ly k\u00f6z\u00fcl, p\u00e9ld\u00e1ul gyalogs\u00e1gi, felder\u00edt\u0151 vagy p\u00e1nc\u00e9los egys\u00e9get. Az egys\u00e9gek k\u00fcl\u00f6nb\u00f6z\u0151 fegyverekkel, j\u00e1rm\u0171vekkel \u00e9s felszerel\u00e9sekkel rendelkeznek. J\u00e1tssz tisztk\u00e9nt, felder\u00edt\u0151k\u00e9nt, g\u00e9ppusk\u00e1sk\u00e9nt, orvosk\u00e9nt, m\u00e9rn\u00f6kk\u00e9nt, tankparancsnokk\u00e9nt \u00e9s m\u00e9g sok m\u00e1sk\u00e9nt. Tapasztald meg a m\u00e1sodik vil\u00e1gh\u00e1bor\u00fas harc minden aspektus\u00e1t.    <\/p>\n<h2 class=\"bb_tag\"><strong>Vad j\u00e1t\u00e9kmenet<\/strong><\/h2>\n<p>Legal\u00e1bb kilenc h\u00edres m\u00e1sodik vil\u00e1gh\u00e1bor\u00fas csatat\u00e9r, mint p\u00e9ld\u00e1ul az Omaha Beach, Carentan \u00e9s Foy, alkotja a Hell Let Loose sz\u00edv\u00e9t. A t\u00f6rt\u00e9nelmi j\u00e1rm\u0171vek, fegyverek \u00e9s egyenruh\u00e1k apr\u00f3l\u00e9kos r\u00e9szletess\u00e9ggel vannak \u00e1br\u00e1zolva, a harcok pedig olyan kegyetlenek \u00e9s v\u00e9resek, mint amilyenek akkoriban voltak. A hadvisel\u00e9s val\u00f3di csataterek nagym\u00e9ret\u0171, m\u00e9retar\u00e1nyosan karbantartott t\u00e9rk\u00e9pein zajlik, amelyeket arch\u00edv l\u00e9gi felv\u00e9telek \u00e9s m\u0171holdas adatok seg\u00edts\u00e9g\u00e9vel reproduk\u00e1lnak. A kiv\u00e1l\u00f3 r\u00e9szletess\u00e9gr\u0151l az Unreal Engine 4 gondoskodik.   <\/p>\n<h2 class=\"bb_tag\"><strong>Harcoljunk egy\u00fctt \u00e9s gy\u0151zz\u00fcnk egy\u00fctt<\/strong><\/h2>\n<p>A Hell Let Loose nem a gyilkol\u00e1sr\u00f3l \u00e9s a hal\u00e1lr\u00f3l sz\u00f3l &#8211; az egy\u00fcttm\u0171k\u00f6d\u00e9s, \u00e9s ez\u00e9rt a kommunik\u00e1ci\u00f3 a legfontosabb. A j\u00e1t\u00e9kosok egy\u00fctt cselekszenek, engedelmeskednek a tisztek \u00e9s saj\u00e1t parancsnokaik utas\u00edt\u00e1sainak, hogy teljes\u00edts\u00e9k a strat\u00e9gi\u00e1t \u00e9s gy\u0151zz\u00e9k le az ellens\u00e9get. A Hell Let Loose egy olyan j\u00e1t\u00e9k, ahol az egy\u00fcttm\u0171k\u00f6d\u00e9s \u00e9s a kommunik\u00e1ci\u00f3 nemcsak a gy\u0151zelemhez, hanem a t\u00fal\u00e9l\u00e9shez is sz\u00fcks\u00e9ges.  <\/p>\n<h2 class=\"bb_tag\"><strong>Szokatlan k\u00f6rnyezet<\/strong><\/h2>\n<p>K\u00fczdj a gy\u0151zelem\u00e9rt az ellens\u00e9ges vonalak \u00e1tt\u00f6r\u00e9s\u00e9vel egy nagy, v\u00e1ltoz\u00f3 csatat\u00e9ren. A j\u00e1t\u00e9k magasabb szintjein a csapatoknak nagyszab\u00e1s\u00fa taktikai d\u00f6nt\u00e9seket kell hozniuk, p\u00e9ld\u00e1ul arr\u00f3l, hogy t\u00e1madjanak vagy v\u00e9dekezzenek. Kezeld az er\u0151forr\u00e1sokat \u00e9s a k\u00e9szleteket, hogy t\u00e1mogat\u00e1st \u00e9s \u00faj j\u00e1rm\u0171veket h\u00edvj, bomb\u00e1zd a terepet, er\u0151s\u00edtsd meg a fontos pontokat \u00e9s oldalba szor\u00edtsd az ellens\u00e9get. A megfelel\u0151 strat\u00e9gia a siker kulcsa.   <\/p>\n<h2 class=\"bb_tag\"><strong>F\u0151bb jellemz\u0151k:<\/strong><\/h2>\n<p>&#8211; Er\u0151teljes 50&#215;50 multiplayer csat\u00e1k.- K\u00e9t k\u00fcl\u00f6nb\u00f6z\u0151 j\u00e1t\u00e9km\u00f3d &#8211; t\u00e1mad\u00f3 \u00e9s hadvisel\u00e9s.<br \/>\n&#8211; 9 p\u00e1lya a kezd\u00e9shez (a sz\u00e1m folyamatosan n\u00f6vekszik) &#8211; partrasz\u00e1ll\u00e1s az Omaha Beachen, csata Carentan\u00e9rt \u00e9s Foy fagyos erdeiben a 400-as domb megm\u00e1sz\u00e1s\u00e1hoz.<br \/>\n&#8211; Egyetlen csata sem n\u00e9z ki egyform\u00e1n &#8211; minden egyes t\u00e9rk\u00e9pen 99 pontkombin\u00e1ci\u00f3 nyerhet\u0151, ami ezernyi lehet\u0151s\u00e9get ad a cselekv\u00e9s fejleszt\u00e9s\u00e9re.<br \/>\n&#8211; V\u00e1laszd ki a 14 oszt\u00e1ly k\u00f6z\u00fcl egyet vagy t\u00f6bbet, \u00e9s ir\u00e1ny\u00edtsd a j\u00e1t\u00e9kot:<br \/>\ntiszt, orvos, g\u00e9ppusk\u00e1s, parancsnok, leg\u00e9nys\u00e9gi tag, mesterl\u00f6v\u00e9sz \u00e9s m\u00e9g sok m\u00e1s.<br \/>\n&#8211; Folyamatos friss\u00edt\u00e9sek, bele\u00e9rtve a t\u00e9rk\u00e9peket, fegyvereket, funkci\u00f3kat \u00e9s jav\u00edt\u00e1sokat.<br \/>\n&#8211; A val\u00f3s\u00e1gh\u0171 ballisztika \u00e9s a visszar\u00fag\u00e1s \u00e9rdekes \u00e9s kih\u00edv\u00e1st jelent\u0151 l\u00f6v\u00e9seket tesz lehet\u0151v\u00e9.<br \/>\n&#8211; R\u00f6vidt\u00e1v\u00fa besz\u00e9lget\u00e9s, parancsnoki csatorn\u00e1k \u00e9s egys\u00e9gek.<br \/>\n&#8211; Kegyetlen harc &#8211; bar\u00e1tok \u00e9s ellens\u00e9gek neh\u00e9zfegyverekkel sz\u00f3rakoztatnak.<br \/>\n&#8211; Folyamatos fejl\u0151d\u00e9s &#8211; mutasd meg a tapasztalati szintedet azzal, hogy \u00faj egyenruh\u00e1kat, felszerel\u00e9seket \u00e9s egy\u00e9b lehet\u0151s\u00e9geket oldasz fel, ahogy a karaktereddel a k\u00f6vetkez\u0151 oszt\u00e1lyokban haladsz el\u0151re.<br \/>\n&#8211; Ir\u00e1ny\u00edtsd a II. vil\u00e1gh\u00e1bor\u00fas j\u00e1rm\u0171vek hatalmas v\u00e1laszt\u00e9k\u00e1t &#8211; tigrisek, shermanek, stuartok, pum\u00e1k \u00e9s m\u00e9g sok m\u00e1s j\u00e1rm\u0171. Folyamatosan \u00faj j\u00e1rm\u0171vek ker\u00fclnek bevezet\u00e9sre.<br \/>\n&#8211; Bomb\u00e1zza \u00e9s rombolja le az ellens\u00e9get neh\u00e9zfegyverekkel, p\u00e9ld\u00e1ul p\u00e1nc\u00e9lt\u00f6r\u0151 \u00e1gy\u00fakkal \u00e9s t\u00fcz\u00e9rs\u00e9ggel.<br \/>\n&#8211; Hozzon l\u00e9tre er\u0151d\u00edtm\u00e9nyeket a mez\u0151n, hogy megtartsa a poz\u00edci\u00f3t.<br \/>\n&#8211; Dolgozzatok egy\u00fctt, hogy \u00e1tt\u00f6rjetek az ellens\u00e9ges vonalakon, \u00e9s a gy\u0151zelem fel\u00e9 haladjatok.<br \/>\n&#8211; J\u00e1tssz parancsnokk\u00e9nt, \u00e9s vezesd gy\u0151zelemre csapatodat, k\u00fcl\u00f6nb\u00f6z\u0151 k\u00e9pess\u00e9gek seg\u00edts\u00e9g\u00e9vel tervezd meg csapataid mozg\u00e1s\u00e1t a taktikai t\u00e9rk\u00e9pen.<\/p>\n","protected":false},"excerpt":{"rendered":"<p>A Hell Let Loose egy \u00e1d\u00e1z FPS l\u00f6v\u00f6ld\u00f6z\u0151s j\u00e1t\u00e9k, amely a m\u00e1sodik vil\u00e1gh\u00e1bor\u00fa val\u00f3s\u00e1g\u00e1ban j\u00e1tsz\u00f3dik. A hihetetlen csat\u00e1kban 100 j\u00e1t\u00e9kos vesz r\u00e9szt, akik egyenk\u00e9nt gyalogs\u00e1got, tankokat \u00e9s t\u00fcz\u00e9rs\u00e9get ir\u00e1ny\u00edtanak. A frontvonal folyamatosan v\u00e1ltozik, \u00e9s az eg\u00e9sz az RTS j\u00e1t\u00e9kokb\u00f3l ismert m\u00f3don er\u0151forr\u00e1s-alap\u00fa.  <\/p>\n<p><img decoding=\"async\" class=\"emoji\" role=\"img\" draggable=\"false\" src=\"https:\/\/s.w.org\/images\/core\/emoji\/14.0.0\/svg\/1f30d.svg\" alt=\"\ud83c\udf0d\">  Glob\u00e1lis<br \/>\n<img decoding=\"async\" class=\"emoji\" role=\"img\" draggable=\"false\" src=\"https:\/\/s.w.org\/images\/core\/emoji\/14.0.0\/svg\/2699.svg\" alt=\"\u2699\ufe0f\">  G\u0151z<br \/>\n<img decoding=\"async\" class=\"emoji\" role=\"img\" draggable=\"false\" src=\"https:\/\/s.w.org\/images\/core\/emoji\/14.0.0\/svg\/1f5dd.svg\" alt=\"\ud83d\udddd\">  Digit\u00e1lis kulcs<\/p>\n","protected":false},"featured_media":25078,"template":"","meta":{"_acf_changed":false,"site-sidebar-layout":"default","site-content-layout":"default","ast-site-content-layout":"default","site-content-style":"default","site-sidebar-style":"default","ast-global-header-display":"","ast-banner-title-visibility":"","ast-main-header-display":"","ast-hfb-above-header-display":"","ast-hfb-below-header-display":"","ast-hfb-mobile-header-display":"","site-post-title":"","ast-breadcrumbs-content":"","ast-featured-img":"","footer-sml-layout":"","ast-disable-related-posts":"","theme-transparent-header-meta":"default","adv-header-id-meta":"","stick-header-meta":"","header-above-stick-meta":"","header-main-stick-meta":"","header-below-stick-meta":"","astra-migrate-meta-layouts":"default","ast-page-background-enabled":"default","ast-page-background-meta":{"desktop":{"background-color":"var(--ast-global-color-4)","background-image":"","background-repeat":"repeat","background-position":"center center","background-size":"auto","background-attachment":"scroll","background-type":"","background-media":"","overlay-type":"","overlay-color":"","overlay-opacity":"","overlay-gradient":""},"tablet":{"background-color":"","background-image":"","background-repeat":"repeat","background-position":"center center","background-size":"auto","background-attachment":"scroll","background-type":"","background-media":"","overlay-type":"","overlay-color":"","overlay-opacity":"","overlay-gradient":""},"mobile":{"background-color":"","background-image":"","background-repeat":"repeat","background-position":"center center","background-size":"auto","background-attachment":"scroll","background-type":"","background-media":"","overlay-type":"","overlay-color":"","overlay-opacity":"","overlay-gradient":""}},"ast-content-background-meta":{"desktop":{"background-color":"var(--ast-global-color-5)","background-image":"","background-repeat":"repeat","background-position":"center center","background-size":"auto","background-attachment":"scroll","background-type":"","background-media":"","overlay-type":"","overlay-color":"","overlay-opacity":"","overlay-gradient":""},"tablet":{"background-color":"var(--ast-global-color-5)","background-image":"","background-repeat":"repeat","background-position":"center center","background-size":"auto","background-attachment":"scroll","background-type":"","background-media":"","overlay-type":"","overlay-color":"","overlay-opacity":"","overlay-gradient":""},"mobile":{"background-color":"var(--ast-global-color-5)","background-image":"","background-repeat":"repeat","background-position":"center center","background-size":"auto","background-attachment":"scroll","background-type":"","background-media":"","overlay-type":"","overlay-color":"","overlay-opacity":"","overlay-gradient":""}}},"product_brand":[],"product_cat":[371,394,430,365,396,378,367],"product_tag":[],"class_list":{"0":"post-42474","1":"product","2":"type-product","3":"status-publish","4":"has-post-thumbnail","6":"product_cat-akcio-jatekok","7":"product_cat-digitalis-jatekok","8":"product_cat-fps-tps","9":"product_cat-goz","10":"product_cat-lovoldozos-jatekok-a-steamen","11":"product_cat-minden-digitalis-jatek","12":"product_cat-pc-jatekok","13":"desktop-align-left","14":"tablet-align-left","15":"mobile-align-left","17":"first","18":"instock","19":"shipping-taxable","20":"purchasable","21":"product-type-simple"},"acf":[],"yoast_head":"<!-- This site is optimized with the Yoast SEO Premium plugin v27.5 (Yoast SEO v27.5) - https:\/\/yoast.com\/product\/yoast-seo-premium-wordpress\/ -->\n<title>Hell Let Loose - Prismagamers.com<\/title>\n<meta name=\"description\" content=\"A Hell Let Loose egy \u00e1d\u00e1z FPS l\u00f6v\u00f6ld\u00f6z\u0151s j\u00e1t\u00e9k, amely a m\u00e1sodik vil\u00e1gh\u00e1bor\u00fa val\u00f3s\u00e1g\u00e1ban j\u00e1tsz\u00f3dik. A hihetetlen csat\u00e1kban 100 j\u00e1t\u00e9kos vesz r\u00e9szt, akik egyenk\u00e9nt gyalogs\u00e1got, tankokat \u00e9s t\u00fcz\u00e9rs\u00e9get ir\u00e1ny\u00edtanak. A frontvonal folyamatosan v\u00e1ltozik, \u00e9s az eg\u00e9sz az RTS j\u00e1t\u00e9kokb\u00f3l ismert m\u00f3don er\u0151forr\u00e1s-alap\u00fa.   Glob\u00e1lis  G\u0151z  Digit\u00e1lis kulcs\" \/>\n<meta name=\"robots\" content=\"index, follow, max-snippet:-1, max-image-preview:large, max-video-preview:-1\" \/>\n<link rel=\"canonical\" href=\"https:\/\/prismagamers.com\/hu\/produkt\/hell-let-loose\/\" \/>\n<meta property=\"og:locale\" content=\"hu_HU\" \/>\n<meta property=\"og:type\" content=\"article\" \/>\n<meta property=\"og:title\" content=\"Hell Let Loose\" \/>\n<meta property=\"og:description\" content=\"A Hell Let Loose egy \u00e1d\u00e1z FPS l\u00f6v\u00f6ld\u00f6z\u0151s j\u00e1t\u00e9k, amely a m\u00e1sodik vil\u00e1gh\u00e1bor\u00fa val\u00f3s\u00e1g\u00e1ban j\u00e1tsz\u00f3dik. A hihetetlen csat\u00e1kban 100 j\u00e1t\u00e9kos vesz r\u00e9szt, akik egyenk\u00e9nt gyalogs\u00e1got, tankokat \u00e9s t\u00fcz\u00e9rs\u00e9get ir\u00e1ny\u00edtanak. A frontvonal folyamatosan v\u00e1ltozik, \u00e9s az eg\u00e9sz az RTS j\u00e1t\u00e9kokb\u00f3l ismert m\u00f3don er\u0151forr\u00e1s-alap\u00fa.   Glob\u00e1lis  G\u0151z  Digit\u00e1lis kulcs\" \/>\n<meta property=\"og:url\" content=\"https:\/\/prismagamers.com\/hu\/produkt\/hell-let-loose\/\" \/>\n<meta property=\"og:site_name\" content=\"Prismagamers.com\" \/>\n<meta property=\"article:publisher\" content=\"https:\/\/www.facebook.com\/prismagamers\" \/>\n<meta property=\"og:image\" content=\"https:\/\/prismagamers.com\/wp-content\/uploads\/2023\/03\/hell.jpeg\" \/>\n\t<meta property=\"og:image:width\" content=\"350\" \/>\n\t<meta property=\"og:image:height\" content=\"491\" \/>\n\t<meta property=\"og:image:type\" content=\"image\/jpeg\" \/>\n<meta name=\"twitter:card\" content=\"summary_large_image\" \/>\n<meta name=\"twitter:label1\" content=\"Becs\u00fclt olvas\u00e1si id\u0151\" \/>\n\t<meta name=\"twitter:data1\" content=\"5 perc\" \/>\n<script type=\"application\/ld+json\" class=\"yoast-schema-graph\">{\"@context\":\"https:\\\/\\\/schema.org\",\"@graph\":[{\"@type\":\"WebPage\",\"@id\":\"https:\\\/\\\/prismagamers.com\\\/hu\\\/produkt\\\/hell-let-loose\\\/\",\"url\":\"https:\\\/\\\/prismagamers.com\\\/hu\\\/produkt\\\/hell-let-loose\\\/\",\"name\":\"Hell Let Loose - Prismagamers.com\",\"isPartOf\":{\"@id\":\"https:\\\/\\\/prismagamers.com\\\/hu\\\/#website\"},\"primaryImageOfPage\":{\"@id\":\"https:\\\/\\\/prismagamers.com\\\/hu\\\/produkt\\\/hell-let-loose\\\/#primaryimage\"},\"image\":{\"@id\":\"https:\\\/\\\/prismagamers.com\\\/hu\\\/produkt\\\/hell-let-loose\\\/#primaryimage\"},\"thumbnailUrl\":\"https:\\\/\\\/prismagamers.com\\\/wp-content\\\/uploads\\\/2023\\\/03\\\/hell.jpeg\",\"datePublished\":\"2023-03-29T08:15:29+00:00\",\"description\":\"A Hell Let Loose egy \u00e1d\u00e1z FPS l\u00f6v\u00f6ld\u00f6z\u0151s j\u00e1t\u00e9k, amely a m\u00e1sodik vil\u00e1gh\u00e1bor\u00fa val\u00f3s\u00e1g\u00e1ban j\u00e1tsz\u00f3dik. A hihetetlen csat\u00e1kban 100 j\u00e1t\u00e9kos vesz r\u00e9szt, akik egyenk\u00e9nt gyalogs\u00e1got, tankokat \u00e9s t\u00fcz\u00e9rs\u00e9get ir\u00e1ny\u00edtanak. A frontvonal folyamatosan v\u00e1ltozik, \u00e9s az eg\u00e9sz az RTS j\u00e1t\u00e9kokb\u00f3l ismert m\u00f3don er\u0151forr\u00e1s-alap\u00fa. Glob\u00e1lis G\u0151z Digit\u00e1lis kulcs\",\"breadcrumb\":{\"@id\":\"https:\\\/\\\/prismagamers.com\\\/hu\\\/produkt\\\/hell-let-loose\\\/#breadcrumb\"},\"inLanguage\":\"hu\",\"potentialAction\":[{\"@type\":\"ReadAction\",\"target\":[\"https:\\\/\\\/prismagamers.com\\\/hu\\\/produkt\\\/hell-let-loose\\\/\"]}]},{\"@type\":\"ImageObject\",\"inLanguage\":\"hu\",\"@id\":\"https:\\\/\\\/prismagamers.com\\\/hu\\\/produkt\\\/hell-let-loose\\\/#primaryimage\",\"url\":\"https:\\\/\\\/prismagamers.com\\\/wp-content\\\/uploads\\\/2023\\\/03\\\/hell.jpeg\",\"contentUrl\":\"https:\\\/\\\/prismagamers.com\\\/wp-content\\\/uploads\\\/2023\\\/03\\\/hell.jpeg\",\"width\":350,\"height\":491},{\"@type\":\"BreadcrumbList\",\"@id\":\"https:\\\/\\\/prismagamers.com\\\/hu\\\/produkt\\\/hell-let-loose\\\/#breadcrumb\",\"itemListElement\":[{\"@type\":\"ListItem\",\"position\":1,\"name\":\"Strona g\u0142\u00f3wna\",\"item\":\"https:\\\/\\\/prismagamers.com\\\/hu\\\/prismagamers\\\/\"},{\"@type\":\"ListItem\",\"position\":2,\"name\":\"Shop\",\"item\":\"https:\\\/\\\/prismagamers.com\\\/hu\\\/shop\\\/\"},{\"@type\":\"ListItem\",\"position\":3,\"name\":\"Hell Let Loose\"}]},{\"@type\":\"WebSite\",\"@id\":\"https:\\\/\\\/prismagamers.com\\\/hu\\\/#website\",\"url\":\"https:\\\/\\\/prismagamers.com\\\/hu\\\/\",\"name\":\"Prismagamers\",\"description\":\"Sklep z grami PC I Sklep klucze Steam\",\"publisher\":{\"@id\":\"https:\\\/\\\/prismagamers.com\\\/hu\\\/#organization\"},\"potentialAction\":[{\"@type\":\"SearchAction\",\"target\":{\"@type\":\"EntryPoint\",\"urlTemplate\":\"https:\\\/\\\/prismagamers.com\\\/hu\\\/?s={search_term_string}\"},\"query-input\":{\"@type\":\"PropertyValueSpecification\",\"valueRequired\":true,\"valueName\":\"search_term_string\"}}],\"inLanguage\":\"hu\"},{\"@type\":\"Organization\",\"@id\":\"https:\\\/\\\/prismagamers.com\\\/hu\\\/#organization\",\"name\":\"Prismagamers\",\"url\":\"https:\\\/\\\/prismagamers.com\\\/hu\\\/\",\"logo\":{\"@type\":\"ImageObject\",\"inLanguage\":\"hu\",\"@id\":\"https:\\\/\\\/prismagamers.com\\\/hu\\\/#\\\/schema\\\/logo\\\/image\\\/\",\"url\":\"https:\\\/\\\/prismagamers.com\\\/wp-content\\\/uploads\\\/2022\\\/04\\\/cropped-logo-Prismagamers-01-scaled-1.jpg\",\"contentUrl\":\"https:\\\/\\\/prismagamers.com\\\/wp-content\\\/uploads\\\/2022\\\/04\\\/cropped-logo-Prismagamers-01-scaled-1.jpg\",\"width\":512,\"height\":512,\"caption\":\"Prismagamers\"},\"image\":{\"@id\":\"https:\\\/\\\/prismagamers.com\\\/hu\\\/#\\\/schema\\\/logo\\\/image\\\/\"},\"sameAs\":[\"https:\\\/\\\/www.facebook.com\\\/prismagamers\",\"https:\\\/\\\/www.instagram.com\\\/prismagamers_grycyfrowe\\\/\"],\"description\":\"Prismagamers.com to dynamiczny sklep z grami cyfrowymi, stworzony z my\u015bl\u0105 o entuzjastach gier wideo. Nasza strona oferuje szerok\u0105 gam\u0119 gier komputerowych, w tym najnowsze tytu\u0142y, dobrze znane klasyki oraz gry stworzone przez niezale\u017cne studia Ca\u0142y czas d\u0105\u017cymy do rozszerzenia naszej oferty. Do\u0142\u0105cz do nas i sta\u0144 si\u0119 cz\u0119\u015bci\u0105 naszej rosn\u0105cej spo\u0142eczno\u015bci graczy!\",\"email\":\"shop@prismagamers.com\",\"telephone\":\"48795541705\",\"legalName\":\"East Caravan Maksym \u017bukow\",\"foundingDate\":\"2012-05-10\",\"vatID\":\"PL8943038612\",\"taxID\":\"PL8943038612\",\"numberOfEmployees\":{\"@type\":\"QuantitativeValue\",\"minValue\":\"11\",\"maxValue\":\"50\"}}]}<\/script>\n<!-- \/ Yoast SEO Premium plugin. -->","yoast_head_json":{"title":"Hell Let Loose - Prismagamers.com","description":"A Hell Let Loose egy \u00e1d\u00e1z FPS l\u00f6v\u00f6ld\u00f6z\u0151s j\u00e1t\u00e9k, amely a m\u00e1sodik vil\u00e1gh\u00e1bor\u00fa val\u00f3s\u00e1g\u00e1ban j\u00e1tsz\u00f3dik. A hihetetlen csat\u00e1kban 100 j\u00e1t\u00e9kos vesz r\u00e9szt, akik egyenk\u00e9nt gyalogs\u00e1got, tankokat \u00e9s t\u00fcz\u00e9rs\u00e9get ir\u00e1ny\u00edtanak. A frontvonal folyamatosan v\u00e1ltozik, \u00e9s az eg\u00e9sz az RTS j\u00e1t\u00e9kokb\u00f3l ismert m\u00f3don er\u0151forr\u00e1s-alap\u00fa.   Glob\u00e1lis  G\u0151z  Digit\u00e1lis kulcs","robots":{"index":"index","follow":"follow","max-snippet":"max-snippet:-1","max-image-preview":"max-image-preview:large","max-video-preview":"max-video-preview:-1"},"canonical":"https:\/\/prismagamers.com\/hu\/produkt\/hell-let-loose\/","og_locale":"hu_HU","og_type":"article","og_title":"Hell Let Loose","og_description":"A Hell Let Loose egy \u00e1d\u00e1z FPS l\u00f6v\u00f6ld\u00f6z\u0151s j\u00e1t\u00e9k, amely a m\u00e1sodik vil\u00e1gh\u00e1bor\u00fa val\u00f3s\u00e1g\u00e1ban j\u00e1tsz\u00f3dik. A hihetetlen csat\u00e1kban 100 j\u00e1t\u00e9kos vesz r\u00e9szt, akik egyenk\u00e9nt gyalogs\u00e1got, tankokat \u00e9s t\u00fcz\u00e9rs\u00e9get ir\u00e1ny\u00edtanak. A frontvonal folyamatosan v\u00e1ltozik, \u00e9s az eg\u00e9sz az RTS j\u00e1t\u00e9kokb\u00f3l ismert m\u00f3don er\u0151forr\u00e1s-alap\u00fa.   Glob\u00e1lis  G\u0151z  Digit\u00e1lis kulcs","og_url":"https:\/\/prismagamers.com\/hu\/produkt\/hell-let-loose\/","og_site_name":"Prismagamers.com","article_publisher":"https:\/\/www.facebook.com\/prismagamers","og_image":[{"width":350,"height":491,"url":"https:\/\/prismagamers.com\/wp-content\/uploads\/2023\/03\/hell.jpeg","type":"image\/jpeg"}],"twitter_card":"summary_large_image","twitter_misc":{"Becs\u00fclt olvas\u00e1si id\u0151":"5 perc"},"schema":{"@context":"https:\/\/schema.org","@graph":[{"@type":"WebPage","@id":"https:\/\/prismagamers.com\/hu\/produkt\/hell-let-loose\/","url":"https:\/\/prismagamers.com\/hu\/produkt\/hell-let-loose\/","name":"Hell Let Loose - Prismagamers.com","isPartOf":{"@id":"https:\/\/prismagamers.com\/hu\/#website"},"primaryImageOfPage":{"@id":"https:\/\/prismagamers.com\/hu\/produkt\/hell-let-loose\/#primaryimage"},"image":{"@id":"https:\/\/prismagamers.com\/hu\/produkt\/hell-let-loose\/#primaryimage"},"thumbnailUrl":"https:\/\/prismagamers.com\/wp-content\/uploads\/2023\/03\/hell.jpeg","datePublished":"2023-03-29T08:15:29+00:00","description":"A Hell Let Loose egy \u00e1d\u00e1z FPS l\u00f6v\u00f6ld\u00f6z\u0151s j\u00e1t\u00e9k, amely a m\u00e1sodik vil\u00e1gh\u00e1bor\u00fa val\u00f3s\u00e1g\u00e1ban j\u00e1tsz\u00f3dik. A hihetetlen csat\u00e1kban 100 j\u00e1t\u00e9kos vesz r\u00e9szt, akik egyenk\u00e9nt gyalogs\u00e1got, tankokat \u00e9s t\u00fcz\u00e9rs\u00e9get ir\u00e1ny\u00edtanak. A frontvonal folyamatosan v\u00e1ltozik, \u00e9s az eg\u00e9sz az RTS j\u00e1t\u00e9kokb\u00f3l ismert m\u00f3don er\u0151forr\u00e1s-alap\u00fa. Glob\u00e1lis G\u0151z Digit\u00e1lis kulcs","breadcrumb":{"@id":"https:\/\/prismagamers.com\/hu\/produkt\/hell-let-loose\/#breadcrumb"},"inLanguage":"hu","potentialAction":[{"@type":"ReadAction","target":["https:\/\/prismagamers.com\/hu\/produkt\/hell-let-loose\/"]}]},{"@type":"ImageObject","inLanguage":"hu","@id":"https:\/\/prismagamers.com\/hu\/produkt\/hell-let-loose\/#primaryimage","url":"https:\/\/prismagamers.com\/wp-content\/uploads\/2023\/03\/hell.jpeg","contentUrl":"https:\/\/prismagamers.com\/wp-content\/uploads\/2023\/03\/hell.jpeg","width":350,"height":491},{"@type":"BreadcrumbList","@id":"https:\/\/prismagamers.com\/hu\/produkt\/hell-let-loose\/#breadcrumb","itemListElement":[{"@type":"ListItem","position":1,"name":"Strona g\u0142\u00f3wna","item":"https:\/\/prismagamers.com\/hu\/prismagamers\/"},{"@type":"ListItem","position":2,"name":"Shop","item":"https:\/\/prismagamers.com\/hu\/shop\/"},{"@type":"ListItem","position":3,"name":"Hell Let Loose"}]},{"@type":"WebSite","@id":"https:\/\/prismagamers.com\/hu\/#website","url":"https:\/\/prismagamers.com\/hu\/","name":"Prismagamers","description":"Sklep z grami PC I Sklep klucze Steam","publisher":{"@id":"https:\/\/prismagamers.com\/hu\/#organization"},"potentialAction":[{"@type":"SearchAction","target":{"@type":"EntryPoint","urlTemplate":"https:\/\/prismagamers.com\/hu\/?s={search_term_string}"},"query-input":{"@type":"PropertyValueSpecification","valueRequired":true,"valueName":"search_term_string"}}],"inLanguage":"hu"},{"@type":"Organization","@id":"https:\/\/prismagamers.com\/hu\/#organization","name":"Prismagamers","url":"https:\/\/prismagamers.com\/hu\/","logo":{"@type":"ImageObject","inLanguage":"hu","@id":"https:\/\/prismagamers.com\/hu\/#\/schema\/logo\/image\/","url":"https:\/\/prismagamers.com\/wp-content\/uploads\/2022\/04\/cropped-logo-Prismagamers-01-scaled-1.jpg","contentUrl":"https:\/\/prismagamers.com\/wp-content\/uploads\/2022\/04\/cropped-logo-Prismagamers-01-scaled-1.jpg","width":512,"height":512,"caption":"Prismagamers"},"image":{"@id":"https:\/\/prismagamers.com\/hu\/#\/schema\/logo\/image\/"},"sameAs":["https:\/\/www.facebook.com\/prismagamers","https:\/\/www.instagram.com\/prismagamers_grycyfrowe\/"],"description":"Prismagamers.com to dynamiczny sklep z grami cyfrowymi, stworzony z my\u015bl\u0105 o entuzjastach gier wideo. Nasza strona oferuje szerok\u0105 gam\u0119 gier komputerowych, w tym najnowsze tytu\u0142y, dobrze znane klasyki oraz gry stworzone przez niezale\u017cne studia Ca\u0142y czas d\u0105\u017cymy do rozszerzenia naszej oferty. Do\u0142\u0105cz do nas i sta\u0144 si\u0119 cz\u0119\u015bci\u0105 naszej rosn\u0105cej spo\u0142eczno\u015bci graczy!","email":"shop@prismagamers.com","telephone":"48795541705","legalName":"East Caravan Maksym \u017bukow","foundingDate":"2012-05-10","vatID":"PL8943038612","taxID":"PL8943038612","numberOfEmployees":{"@type":"QuantitativeValue","minValue":"11","maxValue":"50"}}]}},"_links":{"self":[{"href":"https:\/\/prismagamers.com\/hu\/wp-json\/wp\/v2\/product\/42474","targetHints":{"allow":["GET"]}}],"collection":[{"href":"https:\/\/prismagamers.com\/hu\/wp-json\/wp\/v2\/product"}],"about":[{"href":"https:\/\/prismagamers.com\/hu\/wp-json\/wp\/v2\/types\/product"}],"wp:featuredmedia":[{"embeddable":true,"href":"https:\/\/prismagamers.com\/hu\/wp-json\/wp\/v2\/media\/25078"}],"wp:attachment":[{"href":"https:\/\/prismagamers.com\/hu\/wp-json\/wp\/v2\/media?parent=42474"}],"wp:term":[{"taxonomy":"product_brand","embeddable":true,"href":"https:\/\/prismagamers.com\/hu\/wp-json\/wp\/v2\/product_brand?post=42474"},{"taxonomy":"product_cat","embeddable":true,"href":"https:\/\/prismagamers.com\/hu\/wp-json\/wp\/v2\/product_cat?post=42474"},{"taxonomy":"product_tag","embeddable":true,"href":"https:\/\/prismagamers.com\/hu\/wp-json\/wp\/v2\/product_tag?post=42474"}],"curies":[{"name":"wp","href":"https:\/\/api.w.org\/{rel}","templated":true}]}}