{"id":42475,"date":"2023-03-29T09:53:52","date_gmt":"2023-03-29T07:53:52","guid":{"rendered":"https:\/\/prismagamers.com\/produkt\/pathfinder-wrath-of-the-righteous-commander-pack\/"},"modified":"2023-03-29T09:53:52","modified_gmt":"2023-03-29T07:53:52","slug":"pathfinder-wrath-of-the-righteous-commander-pack","status":"publish","type":"product","link":"https:\/\/prismagamers.com\/hu\/produkt\/pathfinder-wrath-of-the-righteous-commander-pack\/","title":{"rendered":"Pathfinder Wrath of the Righteous : Commander Pack"},"content":{"rendered":"<h2 data-start=\"137\" data-end=\"204\">Pathfinder: Az igazak haragja &#8211; Digit\u00e1lis extr\u00e1k k\u00e9szlet<\/h2>\n<p data-start=\"206\" data-end=\"312\">Fedezd fel a <strong data-start=\"227\" data-end=\"241\">Pathfinder<\/strong> vil\u00e1g\u00e1nak sz\u00e9ps\u00e9g\u00e9t ebben a digit\u00e1lis extr\u00e1kb\u00f3l \u00e1ll\u00f3 egyed\u00fcl\u00e1ll\u00f3 k\u00e9szletben! A csomagban megtal\u00e1lod: a k\u00f6vetkez\u0151k: <\/p>\n<h3 data-start=\"314\" data-end=\"340\">Artbook (192 oldal)<\/h3>\n<p data-start=\"341\" data-end=\"475\">Fedezd fel a <strong data-start=\"402\" data-end=\"416\">Pathfinder-univerzum<\/strong> leny\u0171g\u00f6z\u0151 m\u0171v\u00e9szeti alkot\u00e1sait \u00e9s m\u0171v\u00e9szeti projektjeit, amelyeket tehets\u00e9ges m\u0171v\u00e9szek \u00e9s tervez\u0151k k\u00e9sz\u00edtettek.<\/p>\n<h3 data-start=\"477\" data-end=\"514\">Digit\u00e1lis filmzene (OST)<\/h3>\n<p data-start=\"515\" data-end=\"658\">\u00c9ld \u00fajra az epikus zen\u00e9t a legmagasabb <strong data-start=\"592\" data-end=\"606\">FLAC \u00e9s MP3<\/strong> min\u0151s\u00e9gben, tapasztalt alkot\u00f3csapat \u00e1ltal kompon\u00e1lt hangs\u00e1vval.<\/p>\n<h3 data-start=\"660\" data-end=\"678\">Digit\u00e1lis t\u00e9rk\u00e9p<\/h3>\n<p data-start=\"679\" data-end=\"817\">A Pathfinder: Wrath of the Righteous gy\u00f6ny\u00f6r\u0171 vil\u00e1gt\u00e9rk\u00e9pe &#8211; ide\u00e1lis dekor\u00e1ci\u00f3k\u00e9nt vagy a j\u00e1t\u00e9k fantasztikus vil\u00e1g\u00e1ban val\u00f3 kalandoz\u00e1shoz.<\/p>\n<h3 data-start=\"819\" data-end=\"843\">J\u00e1t\u00e9kban l\u00e9v\u0151 t\u00e1rgyak:<\/h3>\n<ul data-start=\"844\" data-end=\"1355\">\n<li data-start=\"844\" data-end=\"954\">\n<p data-start=\"846\" data-end=\"954\"><strong data-start=\"846\" data-end=\"871\">Magnificent Plume Hat<\/strong> &#8211; egy eleg\u00e1ns kalap, amely n\u00f6veli a maxim\u00e1lis HP-t \u00e9s st\u00edlusosabb\u00e1 teszi a karakteredet.<\/p>\n<\/li>\n<li data-start=\"955\" data-end=\"1084\">\n<p data-start=\"957\" data-end=\"1084\"><strong data-start=\"957\" data-end=\"981\">Ratcatcher&#8217;s Goggles<\/strong> &#8211; ezzel a szem\u00fcveggel a legkisebb l\u00e9nyek sem menek\u00fclnek a t\u00e1mad\u00e1said el\u0151l; b\u00f3nusz a sebz\u00e9shez a rajok ellen.<\/p>\n<\/li>\n<li data-start=\"1085\" data-end=\"1222\">\n<p data-start=\"1087\" data-end=\"1222\"><strong data-start=\"1087\" data-end=\"1116\">Dashing Cavalier&#8217;s<\/strong> Gloves &#8211; mesteri keszty\u0171 lovas \u00e9s f\u00f6ldi harcra; b\u00f3nusz a mor\u00e1lra lovas \u00e9s k\u00f6z\u00f6s t\u00e1mad\u00e1sokn\u00e1l.<\/p>\n<\/li>\n<li data-start=\"1223\" data-end=\"1355\">\n<p data-start=\"1225\" data-end=\"1355\"><strong data-start=\"1225\" data-end=\"1257\">Igazs\u00e1gos \u00f6rd\u00f6g\u0171z\u0151 karperec<\/strong> &#8211; v\u00e1lj a d\u00e9monok \u00e1tkaiv\u00e1! N\u00f6veli a mor\u00e1lt, amikor sebz\u00e9st okozol a m\u00e9lys\u00e9gb\u0151l \u00e9rkez\u0151 l\u00e9nyeknek. <\/p>\n<\/li>\n<\/ul>\n<p data-start=\"1357\" data-end=\"1500\"><strong data-start=\"1357\" data-end=\"1371\">K\u00f6vetelm\u00e9nyek:<\/strong> A <strong data-start=\"1440\" data-end=\"1497\">Pathfinder: Wrath of the Righteous &#8211; Enhanced Edition<\/strong> alapverzi\u00f3ja sz\u00fcks\u00e9ges a tartalom haszn\u00e1lat\u00e1hoz.<\/p>\n","protected":false},"excerpt":{"rendered":"<p data-start=\"137\" data-end=\"483\">Fedezd fel a <strong data-start=\"150\" data-end=\"188\">Pathfinder: Wrath of the Righteous<\/strong> vil\u00e1g\u00e1t egy exkluz\u00edv digit\u00e1lis kieg\u00e9sz\u00edt\u0151 csomaggal! Tartalmaz <strong data-start=\"246\" data-end=\"272\">egy 192 oldalas m\u0171v\u00e9szeti k\u00f6nyvet<\/strong>, digit\u00e1lis t\u00e9rk\u00e9pet, epikus hangs\u00e1vot \u00e9s egyedi <strong data-start=\"327\" data-end=\"348\">j\u00e1t\u00e9kbeli t\u00e1rgyakat<\/strong>, amelyekkel fejlesztheted karakteredet \u00e9s st\u00edlusodat. Fejtsd ki a kalandot, fedezd fel a vil\u00e1got \u00e9s n\u00f6veld a hatalmadat ebben a fantasztikus RPG-ben!  <\/p>\n<p><img decoding=\"async\" class=\"emoji\" role=\"img\" draggable=\"false\" src=\"https:\/\/s.w.org\/images\/core\/emoji\/14.0.0\/svg\/1f30d.svg\" alt=\"\ud83c\udf0d\">  Glob\u00e1lis<br \/>\n<img decoding=\"async\" class=\"emoji\" role=\"img\" draggable=\"false\" src=\"https:\/\/s.w.org\/images\/core\/emoji\/14.0.0\/svg\/2699.svg\" alt=\"\u2699\ufe0f\">  G\u0151z<br \/>\n<img decoding=\"async\" class=\"emoji\" role=\"img\" draggable=\"false\" src=\"https:\/\/s.w.org\/images\/core\/emoji\/14.0.0\/svg\/1f5dd.svg\" alt=\"\ud83d\udddd\">  Digit\u00e1lis kulcs<\/p>\n","protected":false},"featured_media":25069,"template":"","meta":{"_acf_changed":false,"site-sidebar-layout":"default","site-content-layout":"default","ast-site-content-layout":"default","site-content-style":"default","site-sidebar-style":"default","ast-global-header-display":"","ast-banner-title-visibility":"","ast-main-header-display":"","ast-hfb-above-header-display":"","ast-hfb-below-header-display":"","ast-hfb-mobile-header-display":"","site-post-title":"","ast-breadcrumbs-content":"","ast-featured-img":"","footer-sml-layout":"","ast-disable-related-posts":"","theme-transparent-header-meta":"default","adv-header-id-meta":"","stick-header-meta":"","header-above-stick-meta":"","header-main-stick-meta":"","header-below-stick-meta":"","astra-migrate-meta-layouts":"default","ast-page-background-enabled":"default","ast-page-background-meta":{"desktop":{"background-color":"var(--ast-global-color-4)","background-image":"","background-repeat":"repeat","background-position":"center center","background-size":"auto","background-attachment":"scroll","background-type":"","background-media":"","overlay-type":"","overlay-color":"","overlay-opacity":"","overlay-gradient":""},"tablet":{"background-color":"","background-image":"","background-repeat":"repeat","background-position":"center center","background-size":"auto","background-attachment":"scroll","background-type":"","background-media":"","overlay-type":"","overlay-color":"","overlay-opacity":"","overlay-gradient":""},"mobile":{"background-color":"","background-image":"","background-repeat":"repeat","background-position":"center center","background-size":"auto","background-attachment":"scroll","background-type":"","background-media":"","overlay-type":"","overlay-color":"","overlay-opacity":"","overlay-gradient":""}},"ast-content-background-meta":{"desktop":{"background-color":"var(--ast-global-color-5)","background-image":"","background-repeat":"repeat","background-position":"center center","background-size":"auto","background-attachment":"scroll","background-type":"","background-media":"","overlay-type":"","overlay-color":"","overlay-opacity":"","overlay-gradient":""},"tablet":{"background-color":"var(--ast-global-color-5)","background-image":"","background-repeat":"repeat","background-position":"center center","background-size":"auto","background-attachment":"scroll","background-type":"","background-media":"","overlay-type":"","overlay-color":"","overlay-opacity":"","overlay-gradient":""},"mobile":{"background-color":"var(--ast-global-color-5)","background-image":"","background-repeat":"repeat","background-position":"center center","background-size":"auto","background-attachment":"scroll","background-type":"","background-media":"","overlay-type":"","overlay-color":"","overlay-opacity":"","overlay-gradient":""}}},"product_brand":[],"product_cat":[394,368,367],"product_tag":[],"class_list":{"0":"post-42475","1":"product","2":"type-product","3":"status-publish","4":"has-post-thumbnail","6":"product_cat-digitalis-jatekok","7":"product_cat-dlc-hu","8":"product_cat-pc-jatekok","9":"desktop-align-left","10":"tablet-align-left","11":"mobile-align-left","13":"first","14":"instock","15":"shipping-taxable","16":"purchasable","17":"product-type-simple"},"acf":[],"yoast_head":"<!-- This site is optimized with the Yoast SEO Premium plugin v27.4 (Yoast SEO v27.4) - https:\/\/yoast.com\/product\/yoast-seo-premium-wordpress\/ -->\n<title>Pathfinder Wrath of the Righteous : Commander Pack - Prismagamers.com<\/title>\n<meta name=\"description\" content=\"Fedezd fel a Pathfinder: Wrath of the Righteous vil\u00e1g\u00e1t egy exkluz\u00edv digit\u00e1lis kieg\u00e9sz\u00edt\u0151 csomaggal! Tartalmaz egy 192 oldalas m\u0171v\u00e9szeti k\u00f6nyvet, digit\u00e1lis t\u00e9rk\u00e9pet, epikus hangs\u00e1vot \u00e9s egyedi j\u00e1t\u00e9kbeli t\u00e1rgyakat, amelyekkel fejlesztheted karakteredet \u00e9s st\u00edlusodat. Fejtsd ki a kalandot, fedezd fel a vil\u00e1got \u00e9s n\u00f6veld a hatalmadat ebben a fantasztikus RPG-ben!   Glob\u00e1lis  G\u0151z  Digit\u00e1lis kulcs\" \/>\n<meta name=\"robots\" content=\"index, follow, max-snippet:-1, max-image-preview:large, max-video-preview:-1\" \/>\n<link rel=\"canonical\" href=\"https:\/\/prismagamers.com\/hu\/produkt\/pathfinder-wrath-of-the-righteous-commander-pack\/\" \/>\n<meta property=\"og:locale\" content=\"hu_HU\" \/>\n<meta property=\"og:type\" content=\"article\" \/>\n<meta property=\"og:title\" content=\"Pathfinder Wrath of the Righteous : Commander Pack\" \/>\n<meta property=\"og:description\" content=\"Fedezd fel a Pathfinder: Wrath of the Righteous vil\u00e1g\u00e1t egy exkluz\u00edv digit\u00e1lis kieg\u00e9sz\u00edt\u0151 csomaggal! Tartalmaz egy 192 oldalas m\u0171v\u00e9szeti k\u00f6nyvet, digit\u00e1lis t\u00e9rk\u00e9pet, epikus hangs\u00e1vot \u00e9s egyedi j\u00e1t\u00e9kbeli t\u00e1rgyakat, amelyekkel fejlesztheted karakteredet \u00e9s st\u00edlusodat. Fejtsd ki a kalandot, fedezd fel a vil\u00e1got \u00e9s n\u00f6veld a hatalmadat ebben a fantasztikus RPG-ben!   Glob\u00e1lis  G\u0151z  Digit\u00e1lis kulcs\" \/>\n<meta property=\"og:url\" content=\"https:\/\/prismagamers.com\/hu\/produkt\/pathfinder-wrath-of-the-righteous-commander-pack\/\" \/>\n<meta property=\"og:site_name\" content=\"Prismagamers.com\" \/>\n<meta property=\"article:publisher\" content=\"https:\/\/www.facebook.com\/prismagamers\" \/>\n<meta property=\"og:image\" content=\"https:\/\/prismagamers.com\/wp-content\/uploads\/2023\/03\/Pathfinder_-Wrath-of-the-Righteous_Commander-Pack.jpeg\" \/>\n\t<meta property=\"og:image:width\" content=\"350\" \/>\n\t<meta property=\"og:image:height\" content=\"488\" \/>\n\t<meta property=\"og:image:type\" content=\"image\/jpeg\" \/>\n<meta name=\"twitter:card\" content=\"summary_large_image\" \/>\n<meta name=\"twitter:label1\" content=\"Becs\u00fclt olvas\u00e1si id\u0151\" \/>\n\t<meta name=\"twitter:data1\" content=\"1 perc\" \/>\n<script type=\"application\/ld+json\" class=\"yoast-schema-graph\">{\"@context\":\"https:\\\/\\\/schema.org\",\"@graph\":[{\"@type\":\"WebPage\",\"@id\":\"https:\\\/\\\/prismagamers.com\\\/hu\\\/produkt\\\/pathfinder-wrath-of-the-righteous-commander-pack\\\/\",\"url\":\"https:\\\/\\\/prismagamers.com\\\/hu\\\/produkt\\\/pathfinder-wrath-of-the-righteous-commander-pack\\\/\",\"name\":\"Pathfinder Wrath of the Righteous : Commander Pack - Prismagamers.com\",\"isPartOf\":{\"@id\":\"https:\\\/\\\/prismagamers.com\\\/hu\\\/#website\"},\"primaryImageOfPage\":{\"@id\":\"https:\\\/\\\/prismagamers.com\\\/hu\\\/produkt\\\/pathfinder-wrath-of-the-righteous-commander-pack\\\/#primaryimage\"},\"image\":{\"@id\":\"https:\\\/\\\/prismagamers.com\\\/hu\\\/produkt\\\/pathfinder-wrath-of-the-righteous-commander-pack\\\/#primaryimage\"},\"thumbnailUrl\":\"https:\\\/\\\/prismagamers.com\\\/wp-content\\\/uploads\\\/2023\\\/03\\\/Pathfinder_-Wrath-of-the-Righteous_Commander-Pack.jpeg\",\"datePublished\":\"2023-03-29T07:53:52+00:00\",\"description\":\"Fedezd fel a Pathfinder: Wrath of the Righteous vil\u00e1g\u00e1t egy exkluz\u00edv digit\u00e1lis kieg\u00e9sz\u00edt\u0151 csomaggal! Tartalmaz egy 192 oldalas m\u0171v\u00e9szeti k\u00f6nyvet, digit\u00e1lis t\u00e9rk\u00e9pet, epikus hangs\u00e1vot \u00e9s egyedi j\u00e1t\u00e9kbeli t\u00e1rgyakat, amelyekkel fejlesztheted karakteredet \u00e9s st\u00edlusodat. Fejtsd ki a kalandot, fedezd fel a vil\u00e1got \u00e9s n\u00f6veld a hatalmadat ebben a fantasztikus RPG-ben! Glob\u00e1lis G\u0151z Digit\u00e1lis kulcs\",\"breadcrumb\":{\"@id\":\"https:\\\/\\\/prismagamers.com\\\/hu\\\/produkt\\\/pathfinder-wrath-of-the-righteous-commander-pack\\\/#breadcrumb\"},\"inLanguage\":\"hu\",\"potentialAction\":[{\"@type\":\"ReadAction\",\"target\":[\"https:\\\/\\\/prismagamers.com\\\/hu\\\/produkt\\\/pathfinder-wrath-of-the-righteous-commander-pack\\\/\"]}]},{\"@type\":\"ImageObject\",\"inLanguage\":\"hu\",\"@id\":\"https:\\\/\\\/prismagamers.com\\\/hu\\\/produkt\\\/pathfinder-wrath-of-the-righteous-commander-pack\\\/#primaryimage\",\"url\":\"https:\\\/\\\/prismagamers.com\\\/wp-content\\\/uploads\\\/2023\\\/03\\\/Pathfinder_-Wrath-of-the-Righteous_Commander-Pack.jpeg\",\"contentUrl\":\"https:\\\/\\\/prismagamers.com\\\/wp-content\\\/uploads\\\/2023\\\/03\\\/Pathfinder_-Wrath-of-the-Righteous_Commander-Pack.jpeg\",\"width\":350,\"height\":488},{\"@type\":\"BreadcrumbList\",\"@id\":\"https:\\\/\\\/prismagamers.com\\\/hu\\\/produkt\\\/pathfinder-wrath-of-the-righteous-commander-pack\\\/#breadcrumb\",\"itemListElement\":[{\"@type\":\"ListItem\",\"position\":1,\"name\":\"Strona g\u0142\u00f3wna\",\"item\":\"https:\\\/\\\/prismagamers.com\\\/hu\\\/prismagamers\\\/\"},{\"@type\":\"ListItem\",\"position\":2,\"name\":\"Shop\",\"item\":\"https:\\\/\\\/prismagamers.com\\\/hu\\\/shop\\\/\"},{\"@type\":\"ListItem\",\"position\":3,\"name\":\"Pathfinder Wrath of the Righteous : Commander Pack\"}]},{\"@type\":\"WebSite\",\"@id\":\"https:\\\/\\\/prismagamers.com\\\/hu\\\/#website\",\"url\":\"https:\\\/\\\/prismagamers.com\\\/hu\\\/\",\"name\":\"Prismagamers\",\"description\":\"Sklep z grami PC I Sklep klucze Steam\",\"publisher\":{\"@id\":\"https:\\\/\\\/prismagamers.com\\\/hu\\\/#organization\"},\"potentialAction\":[{\"@type\":\"SearchAction\",\"target\":{\"@type\":\"EntryPoint\",\"urlTemplate\":\"https:\\\/\\\/prismagamers.com\\\/hu\\\/?s={search_term_string}\"},\"query-input\":{\"@type\":\"PropertyValueSpecification\",\"valueRequired\":true,\"valueName\":\"search_term_string\"}}],\"inLanguage\":\"hu\"},{\"@type\":\"Organization\",\"@id\":\"https:\\\/\\\/prismagamers.com\\\/hu\\\/#organization\",\"name\":\"Prismagamers\",\"url\":\"https:\\\/\\\/prismagamers.com\\\/hu\\\/\",\"logo\":{\"@type\":\"ImageObject\",\"inLanguage\":\"hu\",\"@id\":\"https:\\\/\\\/prismagamers.com\\\/hu\\\/#\\\/schema\\\/logo\\\/image\\\/\",\"url\":\"https:\\\/\\\/prismagamers.com\\\/wp-content\\\/uploads\\\/2022\\\/04\\\/cropped-logo-Prismagamers-01-scaled-1.jpg\",\"contentUrl\":\"https:\\\/\\\/prismagamers.com\\\/wp-content\\\/uploads\\\/2022\\\/04\\\/cropped-logo-Prismagamers-01-scaled-1.jpg\",\"width\":512,\"height\":512,\"caption\":\"Prismagamers\"},\"image\":{\"@id\":\"https:\\\/\\\/prismagamers.com\\\/hu\\\/#\\\/schema\\\/logo\\\/image\\\/\"},\"sameAs\":[\"https:\\\/\\\/www.facebook.com\\\/prismagamers\",\"https:\\\/\\\/www.instagram.com\\\/prismagamers_grycyfrowe\\\/\"],\"description\":\"Prismagamers.com to dynamiczny sklep z grami cyfrowymi, stworzony z my\u015bl\u0105 o entuzjastach gier wideo. Nasza strona oferuje szerok\u0105 gam\u0119 gier komputerowych, w tym najnowsze tytu\u0142y, dobrze znane klasyki oraz gry stworzone przez niezale\u017cne studia Ca\u0142y czas d\u0105\u017cymy do rozszerzenia naszej oferty. Do\u0142\u0105cz do nas i sta\u0144 si\u0119 cz\u0119\u015bci\u0105 naszej rosn\u0105cej spo\u0142eczno\u015bci graczy!\",\"email\":\"shop@prismagamers.com\",\"telephone\":\"48795541705\",\"legalName\":\"East Caravan Maksym \u017bukow\",\"foundingDate\":\"2012-05-10\",\"vatID\":\"PL8943038612\",\"taxID\":\"PL8943038612\",\"numberOfEmployees\":{\"@type\":\"QuantitativeValue\",\"minValue\":\"11\",\"maxValue\":\"50\"}}]}<\/script>\n<!-- \/ Yoast SEO Premium plugin. -->","yoast_head_json":{"title":"Pathfinder Wrath of the Righteous : Commander Pack - Prismagamers.com","description":"Fedezd fel a Pathfinder: Wrath of the Righteous vil\u00e1g\u00e1t egy exkluz\u00edv digit\u00e1lis kieg\u00e9sz\u00edt\u0151 csomaggal! Tartalmaz egy 192 oldalas m\u0171v\u00e9szeti k\u00f6nyvet, digit\u00e1lis t\u00e9rk\u00e9pet, epikus hangs\u00e1vot \u00e9s egyedi j\u00e1t\u00e9kbeli t\u00e1rgyakat, amelyekkel fejlesztheted karakteredet \u00e9s st\u00edlusodat. Fejtsd ki a kalandot, fedezd fel a vil\u00e1got \u00e9s n\u00f6veld a hatalmadat ebben a fantasztikus RPG-ben!   Glob\u00e1lis  G\u0151z  Digit\u00e1lis kulcs","robots":{"index":"index","follow":"follow","max-snippet":"max-snippet:-1","max-image-preview":"max-image-preview:large","max-video-preview":"max-video-preview:-1"},"canonical":"https:\/\/prismagamers.com\/hu\/produkt\/pathfinder-wrath-of-the-righteous-commander-pack\/","og_locale":"hu_HU","og_type":"article","og_title":"Pathfinder Wrath of the Righteous : Commander Pack","og_description":"Fedezd fel a Pathfinder: Wrath of the Righteous vil\u00e1g\u00e1t egy exkluz\u00edv digit\u00e1lis kieg\u00e9sz\u00edt\u0151 csomaggal! Tartalmaz egy 192 oldalas m\u0171v\u00e9szeti k\u00f6nyvet, digit\u00e1lis t\u00e9rk\u00e9pet, epikus hangs\u00e1vot \u00e9s egyedi j\u00e1t\u00e9kbeli t\u00e1rgyakat, amelyekkel fejlesztheted karakteredet \u00e9s st\u00edlusodat. Fejtsd ki a kalandot, fedezd fel a vil\u00e1got \u00e9s n\u00f6veld a hatalmadat ebben a fantasztikus RPG-ben!   Glob\u00e1lis  G\u0151z  Digit\u00e1lis kulcs","og_url":"https:\/\/prismagamers.com\/hu\/produkt\/pathfinder-wrath-of-the-righteous-commander-pack\/","og_site_name":"Prismagamers.com","article_publisher":"https:\/\/www.facebook.com\/prismagamers","og_image":[{"width":350,"height":488,"url":"https:\/\/prismagamers.com\/wp-content\/uploads\/2023\/03\/Pathfinder_-Wrath-of-the-Righteous_Commander-Pack.jpeg","type":"image\/jpeg"}],"twitter_card":"summary_large_image","twitter_misc":{"Becs\u00fclt olvas\u00e1si id\u0151":"1 perc"},"schema":{"@context":"https:\/\/schema.org","@graph":[{"@type":"WebPage","@id":"https:\/\/prismagamers.com\/hu\/produkt\/pathfinder-wrath-of-the-righteous-commander-pack\/","url":"https:\/\/prismagamers.com\/hu\/produkt\/pathfinder-wrath-of-the-righteous-commander-pack\/","name":"Pathfinder Wrath of the Righteous : Commander Pack - Prismagamers.com","isPartOf":{"@id":"https:\/\/prismagamers.com\/hu\/#website"},"primaryImageOfPage":{"@id":"https:\/\/prismagamers.com\/hu\/produkt\/pathfinder-wrath-of-the-righteous-commander-pack\/#primaryimage"},"image":{"@id":"https:\/\/prismagamers.com\/hu\/produkt\/pathfinder-wrath-of-the-righteous-commander-pack\/#primaryimage"},"thumbnailUrl":"https:\/\/prismagamers.com\/wp-content\/uploads\/2023\/03\/Pathfinder_-Wrath-of-the-Righteous_Commander-Pack.jpeg","datePublished":"2023-03-29T07:53:52+00:00","description":"Fedezd fel a Pathfinder: Wrath of the Righteous vil\u00e1g\u00e1t egy exkluz\u00edv digit\u00e1lis kieg\u00e9sz\u00edt\u0151 csomaggal! Tartalmaz egy 192 oldalas m\u0171v\u00e9szeti k\u00f6nyvet, digit\u00e1lis t\u00e9rk\u00e9pet, epikus hangs\u00e1vot \u00e9s egyedi j\u00e1t\u00e9kbeli t\u00e1rgyakat, amelyekkel fejlesztheted karakteredet \u00e9s st\u00edlusodat. Fejtsd ki a kalandot, fedezd fel a vil\u00e1got \u00e9s n\u00f6veld a hatalmadat ebben a fantasztikus RPG-ben! Glob\u00e1lis G\u0151z Digit\u00e1lis kulcs","breadcrumb":{"@id":"https:\/\/prismagamers.com\/hu\/produkt\/pathfinder-wrath-of-the-righteous-commander-pack\/#breadcrumb"},"inLanguage":"hu","potentialAction":[{"@type":"ReadAction","target":["https:\/\/prismagamers.com\/hu\/produkt\/pathfinder-wrath-of-the-righteous-commander-pack\/"]}]},{"@type":"ImageObject","inLanguage":"hu","@id":"https:\/\/prismagamers.com\/hu\/produkt\/pathfinder-wrath-of-the-righteous-commander-pack\/#primaryimage","url":"https:\/\/prismagamers.com\/wp-content\/uploads\/2023\/03\/Pathfinder_-Wrath-of-the-Righteous_Commander-Pack.jpeg","contentUrl":"https:\/\/prismagamers.com\/wp-content\/uploads\/2023\/03\/Pathfinder_-Wrath-of-the-Righteous_Commander-Pack.jpeg","width":350,"height":488},{"@type":"BreadcrumbList","@id":"https:\/\/prismagamers.com\/hu\/produkt\/pathfinder-wrath-of-the-righteous-commander-pack\/#breadcrumb","itemListElement":[{"@type":"ListItem","position":1,"name":"Strona g\u0142\u00f3wna","item":"https:\/\/prismagamers.com\/hu\/prismagamers\/"},{"@type":"ListItem","position":2,"name":"Shop","item":"https:\/\/prismagamers.com\/hu\/shop\/"},{"@type":"ListItem","position":3,"name":"Pathfinder Wrath of the Righteous : Commander Pack"}]},{"@type":"WebSite","@id":"https:\/\/prismagamers.com\/hu\/#website","url":"https:\/\/prismagamers.com\/hu\/","name":"Prismagamers","description":"Sklep z grami PC I Sklep klucze Steam","publisher":{"@id":"https:\/\/prismagamers.com\/hu\/#organization"},"potentialAction":[{"@type":"SearchAction","target":{"@type":"EntryPoint","urlTemplate":"https:\/\/prismagamers.com\/hu\/?s={search_term_string}"},"query-input":{"@type":"PropertyValueSpecification","valueRequired":true,"valueName":"search_term_string"}}],"inLanguage":"hu"},{"@type":"Organization","@id":"https:\/\/prismagamers.com\/hu\/#organization","name":"Prismagamers","url":"https:\/\/prismagamers.com\/hu\/","logo":{"@type":"ImageObject","inLanguage":"hu","@id":"https:\/\/prismagamers.com\/hu\/#\/schema\/logo\/image\/","url":"https:\/\/prismagamers.com\/wp-content\/uploads\/2022\/04\/cropped-logo-Prismagamers-01-scaled-1.jpg","contentUrl":"https:\/\/prismagamers.com\/wp-content\/uploads\/2022\/04\/cropped-logo-Prismagamers-01-scaled-1.jpg","width":512,"height":512,"caption":"Prismagamers"},"image":{"@id":"https:\/\/prismagamers.com\/hu\/#\/schema\/logo\/image\/"},"sameAs":["https:\/\/www.facebook.com\/prismagamers","https:\/\/www.instagram.com\/prismagamers_grycyfrowe\/"],"description":"Prismagamers.com to dynamiczny sklep z grami cyfrowymi, stworzony z my\u015bl\u0105 o entuzjastach gier wideo. Nasza strona oferuje szerok\u0105 gam\u0119 gier komputerowych, w tym najnowsze tytu\u0142y, dobrze znane klasyki oraz gry stworzone przez niezale\u017cne studia Ca\u0142y czas d\u0105\u017cymy do rozszerzenia naszej oferty. Do\u0142\u0105cz do nas i sta\u0144 si\u0119 cz\u0119\u015bci\u0105 naszej rosn\u0105cej spo\u0142eczno\u015bci graczy!","email":"shop@prismagamers.com","telephone":"48795541705","legalName":"East Caravan Maksym \u017bukow","foundingDate":"2012-05-10","vatID":"PL8943038612","taxID":"PL8943038612","numberOfEmployees":{"@type":"QuantitativeValue","minValue":"11","maxValue":"50"}}]}},"_links":{"self":[{"href":"https:\/\/prismagamers.com\/hu\/wp-json\/wp\/v2\/product\/42475","targetHints":{"allow":["GET"]}}],"collection":[{"href":"https:\/\/prismagamers.com\/hu\/wp-json\/wp\/v2\/product"}],"about":[{"href":"https:\/\/prismagamers.com\/hu\/wp-json\/wp\/v2\/types\/product"}],"wp:featuredmedia":[{"embeddable":true,"href":"https:\/\/prismagamers.com\/hu\/wp-json\/wp\/v2\/media\/25069"}],"wp:attachment":[{"href":"https:\/\/prismagamers.com\/hu\/wp-json\/wp\/v2\/media?parent=42475"}],"wp:term":[{"taxonomy":"product_brand","embeddable":true,"href":"https:\/\/prismagamers.com\/hu\/wp-json\/wp\/v2\/product_brand?post=42475"},{"taxonomy":"product_cat","embeddable":true,"href":"https:\/\/prismagamers.com\/hu\/wp-json\/wp\/v2\/product_cat?post=42475"},{"taxonomy":"product_tag","embeddable":true,"href":"https:\/\/prismagamers.com\/hu\/wp-json\/wp\/v2\/product_tag?post=42475"}],"curies":[{"name":"wp","href":"https:\/\/api.w.org\/{rel}","templated":true}]}}