{"id":42476,"date":"2022-07-04T16:58:08","date_gmt":"2022-07-04T14:58:08","guid":{"rendered":"https:\/\/prismagamers.com\/produkt\/paw-patrol-on-a-roll\/"},"modified":"2022-07-04T16:58:08","modified_gmt":"2022-07-04T14:58:08","slug":"paw-patrol-on-a-roll","status":"publish","type":"product","link":"https:\/\/prismagamers.com\/hu\/produkt\/paw-patrol-on-a-roll\/","title":{"rendered":"Paw Patrol on a Roll"},"content":{"rendered":"<p>A pszi \u0151rj\u00e1rat akci\u00f3ba l\u00e9p! Nincs olyan probl\u00e9ma, amit ne tudn\u00e1nk megoldani! A PSI j\u00e1r\u0151r k\u00e9szen \u00e1ll 16 izgalmas ment\u0151akci\u00f3ra, hogy megmentse a Kalandok \u00d6bl\u00e9t, de sz\u00fcks\u00e9g\u00fck van a seg\u00edts\u00e9gedre! Seg\u00edts minden egyes kutyusnak, hogy egyedi k\u00e9pess\u00e9geiket haszn\u00e1lva megments\u00e9k bar\u00e1taikat \u00e9s biztons\u00e1gban tarts\u00e1k az \u00d6bl\u00f6t. Fedezd fel a Kaland-\u00f6b\u00f6l nyolc nagyszer\u0171 helysz\u00edn\u00e9t, mint p\u00e9ld\u00e1ul: Yumi gazda farmj\u00e1t, Jake hegy\u00e9t, egy sivatagi kanyont \u00e9s az \u00d6b\u00f6l viz\u00e9t! K\u00e9sz\u00fclj fel arra, hogy j\u00f3l fogod \u00e9rezni magad a Kuty\u00e1s \u0150rj\u00e1rat \u00f6sszes kuty\u00e1j\u00e1nak t\u00e1rsas\u00e1g\u00e1ban, mik\u00f6zben j\u00e1tszod ezt a kirak\u00f3s j\u00e1t\u00e9kkal teli platformert, amely minden koroszt\u00e1ly sz\u00e1m\u00e1ra t\u00f6k\u00e9letes!     <\/p>\n<p>Tartalmazza:<br \/>\n&#8211; Lehet\u0151s\u00e9g j\u00e1tszani Ryderrel \u00e9s mind a nyolc kuty\u00e1s j\u00e1r\u0151rkuty\u00e1val, bele\u00e9rtve Everestet \u00e9s Tracker-t is!<br \/>\n&#8211; 16 mer\u00e9sz k\u00fcldet\u00e9s a Kaland-\u00f6b\u00f6l 8 helysz\u00edn\u00e9n!<br \/>\n&#8211; K\u00fcl\u00f6nleges kuty\u00e1s k\u00e9pess\u00e9gek, amelyeket minden ment\u0151akci\u00f3ban haszn\u00e1lhatsz!<br \/>\n&#8211; Lehet\u0151s\u00e9g k\u00e9t kuty\u00e1val j\u00e1tszani minden k\u00fcldet\u00e9s sor\u00e1n!<\/p>\n<div class=\"URplpg\"><strong>Nyelvek<\/strong>:<\/div>\n<ul>\n<li style=\"list-style-type: none;\">\n<ul class=\"r1iAKt\">\n<li>Holland<\/li>\n<li>Angol<\/li>\n<li>Francia<\/li>\n<li>N\u00e9met<\/li>\n<li>Olasz<\/li>\n<li>Lengyel<\/li>\n<li>Portug\u00e1l &#8211; Braz\u00edlia<\/li>\n<li>Spanyol &#8211; Spanyolorsz\u00e1g<\/li>\n<\/ul>\n<\/li>\n<\/ul>\n<div class=\"URplpg\"><strong>M\u0171k\u00f6dik:<\/strong><\/div>\n<ul>\n<li style=\"list-style-type: none;\">\n<ul class=\"r1iAKt\">\n<li>Windows<\/li>\n<\/ul>\n<\/li>\n<\/ul>\n","protected":false},"excerpt":{"rendered":"<p>A pszi \u0151rj\u00e1rat akci\u00f3ba l\u00e9p! Nincs olyan probl\u00e9ma, amit ne tudn\u00e1nk megoldani! A PSI j\u00e1r\u0151r k\u00e9szen \u00e1ll 16 izgalmas ment\u0151akci\u00f3ra, hogy megmentse a Kalandok \u00d6bl\u00e9t, de sz\u00fcks\u00e9g\u00fck van a seg\u00edts\u00e9gedre! Seg\u00edts az egyes kuty\u00e1knak, hogy egyedi k\u00e9pess\u00e9geiket haszn\u00e1lva megments\u00e9k bar\u00e1taikat \u00e9s biztons\u00e1gban tarts\u00e1k az \u00d6bl\u00f6t!   <\/p>\n<p>\ud83c\udf0d Glob\u00e1lis<br \/>\n\u2699\ufe0f Steam<br \/>\n\ud83d\udddd Digit\u00e1lis kulcs<\/p>\n","protected":false},"featured_media":24947,"template":"","meta":{"_acf_changed":false,"site-sidebar-layout":"default","site-content-layout":"default","ast-site-content-layout":"default","site-content-style":"default","site-sidebar-style":"default","ast-global-header-display":"","ast-banner-title-visibility":"","ast-main-header-display":"","ast-hfb-above-header-display":"","ast-hfb-below-header-display":"","ast-hfb-mobile-header-display":"","site-post-title":"","ast-breadcrumbs-content":"","ast-featured-img":"","footer-sml-layout":"","ast-disable-related-posts":"","theme-transparent-header-meta":"default","adv-header-id-meta":"","stick-header-meta":"","header-above-stick-meta":"","header-main-stick-meta":"","header-below-stick-meta":"","astra-migrate-meta-layouts":"default","ast-page-background-enabled":"default","ast-page-background-meta":{"desktop":{"background-color":"var(--ast-global-color-4)","background-image":"","background-repeat":"repeat","background-position":"center center","background-size":"auto","background-attachment":"scroll","background-type":"","background-media":"","overlay-type":"","overlay-color":"","overlay-opacity":"","overlay-gradient":""},"tablet":{"background-color":"","background-image":"","background-repeat":"repeat","background-position":"center center","background-size":"auto","background-attachment":"scroll","background-type":"","background-media":"","overlay-type":"","overlay-color":"","overlay-opacity":"","overlay-gradient":""},"mobile":{"background-color":"","background-image":"","background-repeat":"repeat","background-position":"center center","background-size":"auto","background-attachment":"scroll","background-type":"","background-media":"","overlay-type":"","overlay-color":"","overlay-opacity":"","overlay-gradient":""}},"ast-content-background-meta":{"desktop":{"background-color":"var(--ast-global-color-5)","background-image":"","background-repeat":"repeat","background-position":"center center","background-size":"auto","background-attachment":"scroll","background-type":"","background-media":"","overlay-type":"","overlay-color":"","overlay-opacity":"","overlay-gradient":""},"tablet":{"background-color":"var(--ast-global-color-5)","background-image":"","background-repeat":"repeat","background-position":"center center","background-size":"auto","background-attachment":"scroll","background-type":"","background-media":"","overlay-type":"","overlay-color":"","overlay-opacity":"","overlay-gradient":""},"mobile":{"background-color":"var(--ast-global-color-5)","background-image":"","background-repeat":"repeat","background-position":"center center","background-size":"auto","background-attachment":"scroll","background-type":"","background-media":"","overlay-type":"","overlay-color":"","overlay-opacity":"","overlay-gradient":""}}},"product_brand":[],"product_cat":[371,394,365,363,378,367],"product_tag":[],"class_list":{"0":"post-42476","1":"product","2":"type-product","3":"status-publish","4":"has-post-thumbnail","6":"product_cat-akcio-jatekok","7":"product_cat-digitalis-jatekok","8":"product_cat-goz","9":"product_cat-kaland-jatekok","10":"product_cat-minden-digitalis-jatek","11":"product_cat-pc-jatekok","12":"desktop-align-left","13":"tablet-align-left","14":"mobile-align-left","16":"first","17":"instock","18":"shipping-taxable","19":"purchasable","20":"product-type-simple"},"acf":[],"yoast_head":"<!-- This site is optimized with the Yoast SEO Premium plugin v27.4 (Yoast SEO v27.4) - https:\/\/yoast.com\/product\/yoast-seo-premium-wordpress\/ -->\n<title>Paw Patrol on a Roll - Prismagamers.com<\/title>\n<meta name=\"description\" content=\"A pszi \u0151rj\u00e1rat akci\u00f3ba l\u00e9p! Nincs olyan probl\u00e9ma, amit ne tudn\u00e1nk megoldani! A PSI j\u00e1r\u0151r k\u00e9szen \u00e1ll 16 izgalmas ment\u0151akci\u00f3ra, hogy megmentse a Kalandok \u00d6bl\u00e9t, de sz\u00fcks\u00e9g\u00fck van a seg\u00edts\u00e9gedre! Seg\u00edts az egyes kuty\u00e1knak, hogy egyedi k\u00e9pess\u00e9geiket haszn\u00e1lva megments\u00e9k bar\u00e1taikat \u00e9s biztons\u00e1gban tarts\u00e1k az \u00d6bl\u00f6t!   \ud83c\udf0d Glob\u00e1lis \u2699\ufe0f Steam \ud83d\udddd Digit\u00e1lis kulcs\" \/>\n<meta name=\"robots\" content=\"index, follow, max-snippet:-1, max-image-preview:large, max-video-preview:-1\" \/>\n<link rel=\"canonical\" href=\"https:\/\/prismagamers.com\/hu\/produkt\/paw-patrol-on-a-roll\/\" \/>\n<meta property=\"og:locale\" content=\"hu_HU\" \/>\n<meta property=\"og:type\" content=\"article\" \/>\n<meta property=\"og:title\" content=\"Paw Patrol on a Roll\" \/>\n<meta property=\"og:description\" content=\"A pszi \u0151rj\u00e1rat akci\u00f3ba l\u00e9p! Nincs olyan probl\u00e9ma, amit ne tudn\u00e1nk megoldani! A PSI j\u00e1r\u0151r k\u00e9szen \u00e1ll 16 izgalmas ment\u0151akci\u00f3ra, hogy megmentse a Kalandok \u00d6bl\u00e9t, de sz\u00fcks\u00e9g\u00fck van a seg\u00edts\u00e9gedre! Seg\u00edts az egyes kuty\u00e1knak, hogy egyedi k\u00e9pess\u00e9geiket haszn\u00e1lva megments\u00e9k bar\u00e1taikat \u00e9s biztons\u00e1gban tarts\u00e1k az \u00d6bl\u00f6t!   \ud83c\udf0d Glob\u00e1lis \u2699\ufe0f Steam \ud83d\udddd Digit\u00e1lis kulcs\" \/>\n<meta property=\"og:url\" content=\"https:\/\/prismagamers.com\/hu\/produkt\/paw-patrol-on-a-roll\/\" \/>\n<meta property=\"og:site_name\" content=\"Prismagamers.com\" \/>\n<meta property=\"article:publisher\" content=\"https:\/\/www.facebook.com\/prismagamers\" \/>\n<meta property=\"og:image\" content=\"https:\/\/prismagamers.com\/wp-content\/uploads\/2022\/07\/PAW-Patrol-On-A-Roll.jpg\" \/>\n\t<meta property=\"og:image:width\" content=\"350\" \/>\n\t<meta property=\"og:image:height\" content=\"411\" \/>\n\t<meta property=\"og:image:type\" content=\"image\/jpeg\" \/>\n<meta name=\"twitter:card\" content=\"summary_large_image\" \/>\n<meta name=\"twitter:label1\" content=\"Becs\u00fclt olvas\u00e1si id\u0151\" \/>\n\t<meta name=\"twitter:data1\" content=\"1 perc\" \/>\n<script type=\"application\/ld+json\" class=\"yoast-schema-graph\">{\"@context\":\"https:\\\/\\\/schema.org\",\"@graph\":[{\"@type\":\"WebPage\",\"@id\":\"https:\\\/\\\/prismagamers.com\\\/hu\\\/produkt\\\/paw-patrol-on-a-roll\\\/\",\"url\":\"https:\\\/\\\/prismagamers.com\\\/hu\\\/produkt\\\/paw-patrol-on-a-roll\\\/\",\"name\":\"Paw Patrol on a Roll - Prismagamers.com\",\"isPartOf\":{\"@id\":\"https:\\\/\\\/prismagamers.com\\\/hu\\\/#website\"},\"primaryImageOfPage\":{\"@id\":\"https:\\\/\\\/prismagamers.com\\\/hu\\\/produkt\\\/paw-patrol-on-a-roll\\\/#primaryimage\"},\"image\":{\"@id\":\"https:\\\/\\\/prismagamers.com\\\/hu\\\/produkt\\\/paw-patrol-on-a-roll\\\/#primaryimage\"},\"thumbnailUrl\":\"https:\\\/\\\/prismagamers.com\\\/wp-content\\\/uploads\\\/2022\\\/07\\\/PAW-Patrol-On-A-Roll.jpg\",\"datePublished\":\"2022-07-04T14:58:08+00:00\",\"description\":\"A pszi \u0151rj\u00e1rat akci\u00f3ba l\u00e9p! Nincs olyan probl\u00e9ma, amit ne tudn\u00e1nk megoldani! A PSI j\u00e1r\u0151r k\u00e9szen \u00e1ll 16 izgalmas ment\u0151akci\u00f3ra, hogy megmentse a Kalandok \u00d6bl\u00e9t, de sz\u00fcks\u00e9g\u00fck van a seg\u00edts\u00e9gedre! Seg\u00edts az egyes kuty\u00e1knak, hogy egyedi k\u00e9pess\u00e9geiket haszn\u00e1lva megments\u00e9k bar\u00e1taikat \u00e9s biztons\u00e1gban tarts\u00e1k az \u00d6bl\u00f6t! \ud83c\udf0d Glob\u00e1lis \u2699\ufe0f Steam \ud83d\udddd Digit\u00e1lis kulcs\",\"breadcrumb\":{\"@id\":\"https:\\\/\\\/prismagamers.com\\\/hu\\\/produkt\\\/paw-patrol-on-a-roll\\\/#breadcrumb\"},\"inLanguage\":\"hu\",\"potentialAction\":[{\"@type\":\"ReadAction\",\"target\":[\"https:\\\/\\\/prismagamers.com\\\/hu\\\/produkt\\\/paw-patrol-on-a-roll\\\/\"]}]},{\"@type\":\"ImageObject\",\"inLanguage\":\"hu\",\"@id\":\"https:\\\/\\\/prismagamers.com\\\/hu\\\/produkt\\\/paw-patrol-on-a-roll\\\/#primaryimage\",\"url\":\"https:\\\/\\\/prismagamers.com\\\/wp-content\\\/uploads\\\/2022\\\/07\\\/PAW-Patrol-On-A-Roll.jpg\",\"contentUrl\":\"https:\\\/\\\/prismagamers.com\\\/wp-content\\\/uploads\\\/2022\\\/07\\\/PAW-Patrol-On-A-Roll.jpg\",\"width\":350,\"height\":411},{\"@type\":\"BreadcrumbList\",\"@id\":\"https:\\\/\\\/prismagamers.com\\\/hu\\\/produkt\\\/paw-patrol-on-a-roll\\\/#breadcrumb\",\"itemListElement\":[{\"@type\":\"ListItem\",\"position\":1,\"name\":\"Strona g\u0142\u00f3wna\",\"item\":\"https:\\\/\\\/prismagamers.com\\\/hu\\\/prismagamers\\\/\"},{\"@type\":\"ListItem\",\"position\":2,\"name\":\"Shop\",\"item\":\"https:\\\/\\\/prismagamers.com\\\/hu\\\/shop\\\/\"},{\"@type\":\"ListItem\",\"position\":3,\"name\":\"Paw Patrol on a Roll\"}]},{\"@type\":\"WebSite\",\"@id\":\"https:\\\/\\\/prismagamers.com\\\/hu\\\/#website\",\"url\":\"https:\\\/\\\/prismagamers.com\\\/hu\\\/\",\"name\":\"Prismagamers\",\"description\":\"Sklep z grami PC I Sklep klucze Steam\",\"publisher\":{\"@id\":\"https:\\\/\\\/prismagamers.com\\\/hu\\\/#organization\"},\"potentialAction\":[{\"@type\":\"SearchAction\",\"target\":{\"@type\":\"EntryPoint\",\"urlTemplate\":\"https:\\\/\\\/prismagamers.com\\\/hu\\\/?s={search_term_string}\"},\"query-input\":{\"@type\":\"PropertyValueSpecification\",\"valueRequired\":true,\"valueName\":\"search_term_string\"}}],\"inLanguage\":\"hu\"},{\"@type\":\"Organization\",\"@id\":\"https:\\\/\\\/prismagamers.com\\\/hu\\\/#organization\",\"name\":\"Prismagamers\",\"url\":\"https:\\\/\\\/prismagamers.com\\\/hu\\\/\",\"logo\":{\"@type\":\"ImageObject\",\"inLanguage\":\"hu\",\"@id\":\"https:\\\/\\\/prismagamers.com\\\/hu\\\/#\\\/schema\\\/logo\\\/image\\\/\",\"url\":\"https:\\\/\\\/prismagamers.com\\\/wp-content\\\/uploads\\\/2022\\\/04\\\/cropped-logo-Prismagamers-01-scaled-1.jpg\",\"contentUrl\":\"https:\\\/\\\/prismagamers.com\\\/wp-content\\\/uploads\\\/2022\\\/04\\\/cropped-logo-Prismagamers-01-scaled-1.jpg\",\"width\":512,\"height\":512,\"caption\":\"Prismagamers\"},\"image\":{\"@id\":\"https:\\\/\\\/prismagamers.com\\\/hu\\\/#\\\/schema\\\/logo\\\/image\\\/\"},\"sameAs\":[\"https:\\\/\\\/www.facebook.com\\\/prismagamers\",\"https:\\\/\\\/www.instagram.com\\\/prismagamers_grycyfrowe\\\/\"],\"description\":\"Prismagamers.com to dynamiczny sklep z grami cyfrowymi, stworzony z my\u015bl\u0105 o entuzjastach gier wideo. Nasza strona oferuje szerok\u0105 gam\u0119 gier komputerowych, w tym najnowsze tytu\u0142y, dobrze znane klasyki oraz gry stworzone przez niezale\u017cne studia Ca\u0142y czas d\u0105\u017cymy do rozszerzenia naszej oferty. Do\u0142\u0105cz do nas i sta\u0144 si\u0119 cz\u0119\u015bci\u0105 naszej rosn\u0105cej spo\u0142eczno\u015bci graczy!\",\"email\":\"shop@prismagamers.com\",\"telephone\":\"48795541705\",\"legalName\":\"East Caravan Maksym \u017bukow\",\"foundingDate\":\"2012-05-10\",\"vatID\":\"PL8943038612\",\"taxID\":\"PL8943038612\",\"numberOfEmployees\":{\"@type\":\"QuantitativeValue\",\"minValue\":\"11\",\"maxValue\":\"50\"}}]}<\/script>\n<!-- \/ Yoast SEO Premium plugin. -->","yoast_head_json":{"title":"Paw Patrol on a Roll - Prismagamers.com","description":"A pszi \u0151rj\u00e1rat akci\u00f3ba l\u00e9p! Nincs olyan probl\u00e9ma, amit ne tudn\u00e1nk megoldani! A PSI j\u00e1r\u0151r k\u00e9szen \u00e1ll 16 izgalmas ment\u0151akci\u00f3ra, hogy megmentse a Kalandok \u00d6bl\u00e9t, de sz\u00fcks\u00e9g\u00fck van a seg\u00edts\u00e9gedre! Seg\u00edts az egyes kuty\u00e1knak, hogy egyedi k\u00e9pess\u00e9geiket haszn\u00e1lva megments\u00e9k bar\u00e1taikat \u00e9s biztons\u00e1gban tarts\u00e1k az \u00d6bl\u00f6t!   \ud83c\udf0d Glob\u00e1lis \u2699\ufe0f Steam \ud83d\udddd Digit\u00e1lis kulcs","robots":{"index":"index","follow":"follow","max-snippet":"max-snippet:-1","max-image-preview":"max-image-preview:large","max-video-preview":"max-video-preview:-1"},"canonical":"https:\/\/prismagamers.com\/hu\/produkt\/paw-patrol-on-a-roll\/","og_locale":"hu_HU","og_type":"article","og_title":"Paw Patrol on a Roll","og_description":"A pszi \u0151rj\u00e1rat akci\u00f3ba l\u00e9p! Nincs olyan probl\u00e9ma, amit ne tudn\u00e1nk megoldani! A PSI j\u00e1r\u0151r k\u00e9szen \u00e1ll 16 izgalmas ment\u0151akci\u00f3ra, hogy megmentse a Kalandok \u00d6bl\u00e9t, de sz\u00fcks\u00e9g\u00fck van a seg\u00edts\u00e9gedre! Seg\u00edts az egyes kuty\u00e1knak, hogy egyedi k\u00e9pess\u00e9geiket haszn\u00e1lva megments\u00e9k bar\u00e1taikat \u00e9s biztons\u00e1gban tarts\u00e1k az \u00d6bl\u00f6t!   \ud83c\udf0d Glob\u00e1lis \u2699\ufe0f Steam \ud83d\udddd Digit\u00e1lis kulcs","og_url":"https:\/\/prismagamers.com\/hu\/produkt\/paw-patrol-on-a-roll\/","og_site_name":"Prismagamers.com","article_publisher":"https:\/\/www.facebook.com\/prismagamers","og_image":[{"width":350,"height":411,"url":"https:\/\/prismagamers.com\/wp-content\/uploads\/2022\/07\/PAW-Patrol-On-A-Roll.jpg","type":"image\/jpeg"}],"twitter_card":"summary_large_image","twitter_misc":{"Becs\u00fclt olvas\u00e1si id\u0151":"1 perc"},"schema":{"@context":"https:\/\/schema.org","@graph":[{"@type":"WebPage","@id":"https:\/\/prismagamers.com\/hu\/produkt\/paw-patrol-on-a-roll\/","url":"https:\/\/prismagamers.com\/hu\/produkt\/paw-patrol-on-a-roll\/","name":"Paw Patrol on a Roll - Prismagamers.com","isPartOf":{"@id":"https:\/\/prismagamers.com\/hu\/#website"},"primaryImageOfPage":{"@id":"https:\/\/prismagamers.com\/hu\/produkt\/paw-patrol-on-a-roll\/#primaryimage"},"image":{"@id":"https:\/\/prismagamers.com\/hu\/produkt\/paw-patrol-on-a-roll\/#primaryimage"},"thumbnailUrl":"https:\/\/prismagamers.com\/wp-content\/uploads\/2022\/07\/PAW-Patrol-On-A-Roll.jpg","datePublished":"2022-07-04T14:58:08+00:00","description":"A pszi \u0151rj\u00e1rat akci\u00f3ba l\u00e9p! Nincs olyan probl\u00e9ma, amit ne tudn\u00e1nk megoldani! A PSI j\u00e1r\u0151r k\u00e9szen \u00e1ll 16 izgalmas ment\u0151akci\u00f3ra, hogy megmentse a Kalandok \u00d6bl\u00e9t, de sz\u00fcks\u00e9g\u00fck van a seg\u00edts\u00e9gedre! Seg\u00edts az egyes kuty\u00e1knak, hogy egyedi k\u00e9pess\u00e9geiket haszn\u00e1lva megments\u00e9k bar\u00e1taikat \u00e9s biztons\u00e1gban tarts\u00e1k az \u00d6bl\u00f6t! \ud83c\udf0d Glob\u00e1lis \u2699\ufe0f Steam \ud83d\udddd Digit\u00e1lis kulcs","breadcrumb":{"@id":"https:\/\/prismagamers.com\/hu\/produkt\/paw-patrol-on-a-roll\/#breadcrumb"},"inLanguage":"hu","potentialAction":[{"@type":"ReadAction","target":["https:\/\/prismagamers.com\/hu\/produkt\/paw-patrol-on-a-roll\/"]}]},{"@type":"ImageObject","inLanguage":"hu","@id":"https:\/\/prismagamers.com\/hu\/produkt\/paw-patrol-on-a-roll\/#primaryimage","url":"https:\/\/prismagamers.com\/wp-content\/uploads\/2022\/07\/PAW-Patrol-On-A-Roll.jpg","contentUrl":"https:\/\/prismagamers.com\/wp-content\/uploads\/2022\/07\/PAW-Patrol-On-A-Roll.jpg","width":350,"height":411},{"@type":"BreadcrumbList","@id":"https:\/\/prismagamers.com\/hu\/produkt\/paw-patrol-on-a-roll\/#breadcrumb","itemListElement":[{"@type":"ListItem","position":1,"name":"Strona g\u0142\u00f3wna","item":"https:\/\/prismagamers.com\/hu\/prismagamers\/"},{"@type":"ListItem","position":2,"name":"Shop","item":"https:\/\/prismagamers.com\/hu\/shop\/"},{"@type":"ListItem","position":3,"name":"Paw Patrol on a Roll"}]},{"@type":"WebSite","@id":"https:\/\/prismagamers.com\/hu\/#website","url":"https:\/\/prismagamers.com\/hu\/","name":"Prismagamers","description":"Sklep z grami PC I Sklep klucze Steam","publisher":{"@id":"https:\/\/prismagamers.com\/hu\/#organization"},"potentialAction":[{"@type":"SearchAction","target":{"@type":"EntryPoint","urlTemplate":"https:\/\/prismagamers.com\/hu\/?s={search_term_string}"},"query-input":{"@type":"PropertyValueSpecification","valueRequired":true,"valueName":"search_term_string"}}],"inLanguage":"hu"},{"@type":"Organization","@id":"https:\/\/prismagamers.com\/hu\/#organization","name":"Prismagamers","url":"https:\/\/prismagamers.com\/hu\/","logo":{"@type":"ImageObject","inLanguage":"hu","@id":"https:\/\/prismagamers.com\/hu\/#\/schema\/logo\/image\/","url":"https:\/\/prismagamers.com\/wp-content\/uploads\/2022\/04\/cropped-logo-Prismagamers-01-scaled-1.jpg","contentUrl":"https:\/\/prismagamers.com\/wp-content\/uploads\/2022\/04\/cropped-logo-Prismagamers-01-scaled-1.jpg","width":512,"height":512,"caption":"Prismagamers"},"image":{"@id":"https:\/\/prismagamers.com\/hu\/#\/schema\/logo\/image\/"},"sameAs":["https:\/\/www.facebook.com\/prismagamers","https:\/\/www.instagram.com\/prismagamers_grycyfrowe\/"],"description":"Prismagamers.com to dynamiczny sklep z grami cyfrowymi, stworzony z my\u015bl\u0105 o entuzjastach gier wideo. Nasza strona oferuje szerok\u0105 gam\u0119 gier komputerowych, w tym najnowsze tytu\u0142y, dobrze znane klasyki oraz gry stworzone przez niezale\u017cne studia Ca\u0142y czas d\u0105\u017cymy do rozszerzenia naszej oferty. Do\u0142\u0105cz do nas i sta\u0144 si\u0119 cz\u0119\u015bci\u0105 naszej rosn\u0105cej spo\u0142eczno\u015bci graczy!","email":"shop@prismagamers.com","telephone":"48795541705","legalName":"East Caravan Maksym \u017bukow","foundingDate":"2012-05-10","vatID":"PL8943038612","taxID":"PL8943038612","numberOfEmployees":{"@type":"QuantitativeValue","minValue":"11","maxValue":"50"}}]}},"_links":{"self":[{"href":"https:\/\/prismagamers.com\/hu\/wp-json\/wp\/v2\/product\/42476","targetHints":{"allow":["GET"]}}],"collection":[{"href":"https:\/\/prismagamers.com\/hu\/wp-json\/wp\/v2\/product"}],"about":[{"href":"https:\/\/prismagamers.com\/hu\/wp-json\/wp\/v2\/types\/product"}],"wp:featuredmedia":[{"embeddable":true,"href":"https:\/\/prismagamers.com\/hu\/wp-json\/wp\/v2\/media\/24947"}],"wp:attachment":[{"href":"https:\/\/prismagamers.com\/hu\/wp-json\/wp\/v2\/media?parent=42476"}],"wp:term":[{"taxonomy":"product_brand","embeddable":true,"href":"https:\/\/prismagamers.com\/hu\/wp-json\/wp\/v2\/product_brand?post=42476"},{"taxonomy":"product_cat","embeddable":true,"href":"https:\/\/prismagamers.com\/hu\/wp-json\/wp\/v2\/product_cat?post=42476"},{"taxonomy":"product_tag","embeddable":true,"href":"https:\/\/prismagamers.com\/hu\/wp-json\/wp\/v2\/product_tag?post=42476"}],"curies":[{"name":"wp","href":"https:\/\/api.w.org\/{rel}","templated":true}]}}