{"id":42482,"date":"2023-03-16T22:46:08","date_gmt":"2023-03-16T21:46:08","guid":{"rendered":"https:\/\/prismagamers.com\/produkt\/strategic-command-american-civil-war\/"},"modified":"2023-03-16T22:46:08","modified_gmt":"2023-03-16T21:46:08","slug":"strategic-command-american-civil-war","status":"publish","type":"product","link":"https:\/\/prismagamers.com\/hu\/produkt\/strategic-command-american-civil-war\/","title":{"rendered":"Strategic Command: American Civil War"},"content":{"rendered":"<h2 data-start=\"104\" data-end=\"181\">Strat\u00e9giai parancsnoks\u00e1g: Amerikai polg\u00e1rh\u00e1bor\u00fa &#8211; Parancsnoks\u00e1g a polg\u00e1rh\u00e1bor\u00faban<\/h2>\n<p data-start=\"183\" data-end=\"456\">A <strong data-start=\"216\" data-end=\"237\">Strategic Command<\/strong> sorozat t\u00f6rt\u00e9net\u00e9ben most el\u0151sz\u00f6r az <strong data-start=\"269\" data-end=\"303\">amerikai polg\u00e1rh\u00e1bor\u00fa<\/strong> csatater\u00e9re k\u00f6lt\u00f6zhetsz. Vezess egy hadsereget, ir\u00e1ny\u00edtsd a termel\u00e9st, a kutat\u00e1st \u00e9s a diplom\u00e1ciai politik\u00e1t az <strong data-start=\"378\" data-end=\"403\">Uni\u00f3 vagy a Konf\u00f6der\u00e1ci\u00f3<\/strong> sz\u00e1m\u00e1ra egy innov\u00e1ci\u00f3val \u00e9s dr\u00e1mai \u00f6sszecsap\u00e1sokkal teli korban. <\/p>\n<h3 data-start=\"458\" data-end=\"479\">\u00daj csatat\u00e9r<\/h3>\n<p data-start=\"480\" data-end=\"707\">A j\u00e1t\u00e9k <strong data-start=\"492\" data-end=\"542\">egy hatalmas, 66 000 mez\u0151b\u0151l \u00e1ll\u00f3 t\u00e9rk\u00e9pet<\/strong> tartalmaz, amely eg\u00e9sz \u00c9szak-Amerik\u00e1t lefedi &#8211; Kanad\u00e1t\u00f3l \u00e9s \u00daj-Mexik\u00f3t\u00f3l a Karib-tengerig, 15 km\/9 m\u00e9rf\u00f6ldes m\u00e9retar\u00e1nyban. Ez a <strong data-start=\"683\" data-end=\"704\">Strategic Command<\/strong> sorozat t\u00f6rt\u00e9net\u00e9nek legnagyobb hatsz\u00f6gletes t\u00e9rk\u00e9pe! <\/p>\n<h3 data-start=\"709\" data-end=\"727\">Parancsold a hadsereget<\/h3>\n<p data-start=\"728\" data-end=\"1077\">1861 elej\u00e9n kev\u00e9s hivat\u00e1sos katona \u00e1ll k\u00e9szen a harcra, \u00edgy a hadsereg fel\u00e9p\u00edt\u00e9se legal\u00e1bb olyan fontos lesz, mint a csat\u00e1k megv\u00edv\u00e1sa. \u00d6nk\u00e9ntesek ezrei jelentkeznek szolg\u00e1latra, \u00e9s az \u00d6n feladata lesz, hogy <strong data-start=\"961\" data-end=\"991\">dand\u00e1rokba, hadoszt\u00e1lyokba \u00e9s hadtestekbe<\/strong> szervezze \u0151ket. A katon\u00e1k sz\u00e1m\u00e1ra \u00faj fegyvereket \u00e9s harci k\u00e9szs\u00e9geket is fel kell kutatni.  <\/p>\n<h3 data-start=\"1079\" data-end=\"1104\">A j\u00e1t\u00e9k f\u0151bb jellemz\u0151i:<\/h3>\n<ul data-start=\"1105\" data-end=\"1436\">\n<li data-start=\"1105\" data-end=\"1436\">\n<p data-start=\"1107\" data-end=\"1189\"><strong data-start=\"1107\" data-end=\"1121\">6 kamp\u00e1ny<\/strong>, amely a polg\u00e1rh\u00e1bor\u00fat az els\u0151 l\u00f6v\u00e9st\u0151l az utols\u00f3ig lefedi:<\/p>\n<ul data-start=\"1192\" data-end=\"1436\">\n<li data-start=\"1192\" data-end=\"1214\">\n<p data-start=\"1194\" data-end=\"1214\">1861 K\u00e9k \u00e9s sz\u00fcrke<\/p>\n<\/li>\n<li data-start=\"1217\" data-end=\"1248\">\n<p data-start=\"1219\" data-end=\"1248\">1861 Manassas-t\u00f3l Appomattoxig<\/p>\n<\/li>\n<li data-start=\"1251\" data-end=\"1279\">\n<p data-start=\"1253\" data-end=\"1279\">1862 Scott nagy k\u00edgy\u00f3ja<\/p>\n<\/li>\n<li data-start=\"1282\" data-end=\"1380\">\n<p data-start=\"1284\" data-end=\"1380\">1862 Trent h\u00e1bor\u00fa (Alternat\u00edv t\u00f6rt\u00e9nelem: mi lett volna, ha Nagy-Britannia elismeri a Konf\u00f6der\u00e1ci\u00f3t?)<\/p>\n<\/li>\n<li data-start=\"1383\" data-end=\"1407\">\n<p data-start=\"1385\" data-end=\"1407\">1863 Lee \u00e9szakra lovagol<\/p>\n<\/li>\n<li data-start=\"1410\" data-end=\"1436\">\n<p data-start=\"1412\" data-end=\"1436\">1864 Make Georgia Howl<\/p>\n<\/li>\n<\/ul>\n<\/li>\n<\/ul>\n","protected":false},"excerpt":{"rendered":"<p data-start=\"113\" data-end=\"483\">Vedd \u00e1t az <strong data-start=\"139\" data-end=\"164\">Uni\u00f3 vagy a Konf\u00f6der\u00e1ci\u00f3<\/strong> hadsereg\u00e9nek parancsnoks\u00e1g\u00e1t az amerikai polg\u00e1rh\u00e1bor\u00fa alatt! Ir\u00e1ny\u00edtsd a toborz\u00e1st, a kutat\u00e1st, a termel\u00e9st \u00e9s a diplom\u00e1ciai politik\u00e1t, mik\u00f6zben a katon\u00e1kat csat\u00e1ba vezeted <strong data-start=\"307\" data-end=\"334\">egy hatalmas,<\/strong> eg\u00e9sz \u00c9szak-Amerik\u00e1t lefed\u0151 <strong data-start=\"307\" data-end=\"334\">, hatsz\u00f6gletes t\u00e9rk\u00e9pen<\/strong>. \u00c9lj \u00e1t 6 epikus kamp\u00e1nyt az els\u0151 l\u00f6v\u00e9st\u0151l a v\u00e9gs\u0151 csat\u00e1ig ebben a mag\u00e1val ragad\u00f3 strat\u00e9giai j\u00e1t\u00e9kban!  <\/p>\n<p><img decoding=\"async\" class=\"emoji\" role=\"img\" draggable=\"false\" src=\"https:\/\/s.w.org\/images\/core\/emoji\/14.0.0\/svg\/1f30d.svg\" alt=\"\ud83c\udf0d\">  Glob\u00e1lis<br \/>\n<img decoding=\"async\" class=\"emoji\" role=\"img\" draggable=\"false\" src=\"https:\/\/s.w.org\/images\/core\/emoji\/14.0.0\/svg\/2699.svg\" alt=\"\u2699\ufe0f\">  G\u0151z<br \/>\n<img decoding=\"async\" class=\"emoji\" role=\"img\" draggable=\"false\" src=\"https:\/\/s.w.org\/images\/core\/emoji\/14.0.0\/svg\/1f5dd.svg\" alt=\"\ud83d\udddd\">  Digit\u00e1lis kulcs<\/p>\n","protected":false},"featured_media":25059,"template":"","meta":{"_acf_changed":false,"site-sidebar-layout":"default","site-content-layout":"default","ast-site-content-layout":"default","site-content-style":"default","site-sidebar-style":"default","ast-global-header-display":"","ast-banner-title-visibility":"","ast-main-header-display":"","ast-hfb-above-header-display":"","ast-hfb-below-header-display":"","ast-hfb-mobile-header-display":"","site-post-title":"","ast-breadcrumbs-content":"","ast-featured-img":"","footer-sml-layout":"","ast-disable-related-posts":"","theme-transparent-header-meta":"default","adv-header-id-meta":"","stick-header-meta":"","header-above-stick-meta":"","header-main-stick-meta":"","header-below-stick-meta":"","astra-migrate-meta-layouts":"default","ast-page-background-enabled":"default","ast-page-background-meta":{"desktop":{"background-color":"var(--ast-global-color-4)","background-image":"","background-repeat":"repeat","background-position":"center center","background-size":"auto","background-attachment":"scroll","background-type":"","background-media":"","overlay-type":"","overlay-color":"","overlay-opacity":"","overlay-gradient":""},"tablet":{"background-color":"","background-image":"","background-repeat":"repeat","background-position":"center center","background-size":"auto","background-attachment":"scroll","background-type":"","background-media":"","overlay-type":"","overlay-color":"","overlay-opacity":"","overlay-gradient":""},"mobile":{"background-color":"","background-image":"","background-repeat":"repeat","background-position":"center center","background-size":"auto","background-attachment":"scroll","background-type":"","background-media":"","overlay-type":"","overlay-color":"","overlay-opacity":"","overlay-gradient":""}},"ast-content-background-meta":{"desktop":{"background-color":"var(--ast-global-color-5)","background-image":"","background-repeat":"repeat","background-position":"center center","background-size":"auto","background-attachment":"scroll","background-type":"","background-media":"","overlay-type":"","overlay-color":"","overlay-opacity":"","overlay-gradient":""},"tablet":{"background-color":"var(--ast-global-color-5)","background-image":"","background-repeat":"repeat","background-position":"center center","background-size":"auto","background-attachment":"scroll","background-type":"","background-media":"","overlay-type":"","overlay-color":"","overlay-opacity":"","overlay-gradient":""},"mobile":{"background-color":"var(--ast-global-color-5)","background-image":"","background-repeat":"repeat","background-position":"center center","background-size":"auto","background-attachment":"scroll","background-type":"","background-media":"","overlay-type":"","overlay-color":"","overlay-opacity":"","overlay-gradient":""}}},"product_brand":[],"product_cat":[394,365,378,367,386],"product_tag":[],"class_list":{"0":"post-42482","1":"product","2":"type-product","3":"status-publish","4":"has-post-thumbnail","6":"product_cat-digitalis-jatekok","7":"product_cat-goz","8":"product_cat-minden-digitalis-jatek","9":"product_cat-pc-jatekok","10":"product_cat-strategiai-jatekok","11":"desktop-align-left","12":"tablet-align-left","13":"mobile-align-left","15":"first","16":"instock","17":"shipping-taxable","18":"purchasable","19":"product-type-simple"},"acf":[],"yoast_head":"<!-- This site is optimized with the Yoast SEO Premium plugin v27.5 (Yoast SEO v27.5) - https:\/\/yoast.com\/product\/yoast-seo-premium-wordpress\/ -->\n<title>Strategic Command: American Civil War - Prismagamers.com<\/title>\n<meta name=\"description\" content=\"Vedd \u00e1t az Uni\u00f3 vagy a Konf\u00f6der\u00e1ci\u00f3 hadsereg\u00e9nek parancsnoks\u00e1g\u00e1t az amerikai polg\u00e1rh\u00e1bor\u00fa alatt! Ir\u00e1ny\u00edtsd a toborz\u00e1st, a kutat\u00e1st, a termel\u00e9st \u00e9s a diplom\u00e1ciai politik\u00e1t, mik\u00f6zben a katon\u00e1kat csat\u00e1ba vezeted egy hatalmas, eg\u00e9sz \u00c9szak-Amerik\u00e1t lefed\u0151 , hatsz\u00f6gletes t\u00e9rk\u00e9pen. \u00c9lj \u00e1t 6 epikus kamp\u00e1nyt az els\u0151 l\u00f6v\u00e9st\u0151l a v\u00e9gs\u0151 csat\u00e1ig ebben a mag\u00e1val ragad\u00f3 strat\u00e9giai j\u00e1t\u00e9kban!   Glob\u00e1lis  G\u0151z  Digit\u00e1lis kulcs\" \/>\n<meta name=\"robots\" content=\"index, follow, max-snippet:-1, max-image-preview:large, max-video-preview:-1\" \/>\n<link rel=\"canonical\" href=\"https:\/\/prismagamers.com\/hu\/produkt\/strategic-command-american-civil-war\/\" \/>\n<meta property=\"og:locale\" content=\"hu_HU\" \/>\n<meta property=\"og:type\" content=\"article\" \/>\n<meta property=\"og:title\" content=\"Strategic Command: American Civil War\" \/>\n<meta property=\"og:description\" content=\"Vedd \u00e1t az Uni\u00f3 vagy a Konf\u00f6der\u00e1ci\u00f3 hadsereg\u00e9nek parancsnoks\u00e1g\u00e1t az amerikai polg\u00e1rh\u00e1bor\u00fa alatt! Ir\u00e1ny\u00edtsd a toborz\u00e1st, a kutat\u00e1st, a termel\u00e9st \u00e9s a diplom\u00e1ciai politik\u00e1t, mik\u00f6zben a katon\u00e1kat csat\u00e1ba vezeted egy hatalmas, eg\u00e9sz \u00c9szak-Amerik\u00e1t lefed\u0151 , hatsz\u00f6gletes t\u00e9rk\u00e9pen. \u00c9lj \u00e1t 6 epikus kamp\u00e1nyt az els\u0151 l\u00f6v\u00e9st\u0151l a v\u00e9gs\u0151 csat\u00e1ig ebben a mag\u00e1val ragad\u00f3 strat\u00e9giai j\u00e1t\u00e9kban!   Glob\u00e1lis  G\u0151z  Digit\u00e1lis kulcs\" \/>\n<meta property=\"og:url\" content=\"https:\/\/prismagamers.com\/hu\/produkt\/strategic-command-american-civil-war\/\" \/>\n<meta property=\"og:site_name\" content=\"Prismagamers.com\" \/>\n<meta property=\"article:publisher\" content=\"https:\/\/www.facebook.com\/prismagamers\" \/>\n<meta property=\"og:image\" content=\"https:\/\/prismagamers.com\/wp-content\/uploads\/2023\/03\/Strategic-Command-American-Civil-War.jpg\" \/>\n\t<meta property=\"og:image:width\" content=\"350\" \/>\n\t<meta property=\"og:image:height\" content=\"496\" \/>\n\t<meta property=\"og:image:type\" content=\"image\/jpeg\" \/>\n<meta name=\"twitter:card\" content=\"summary_large_image\" \/>\n<meta name=\"twitter:label1\" content=\"Becs\u00fclt olvas\u00e1si id\u0151\" \/>\n\t<meta name=\"twitter:data1\" content=\"1 perc\" \/>\n<script type=\"application\/ld+json\" class=\"yoast-schema-graph\">{\"@context\":\"https:\\\/\\\/schema.org\",\"@graph\":[{\"@type\":\"WebPage\",\"@id\":\"https:\\\/\\\/prismagamers.com\\\/hu\\\/produkt\\\/strategic-command-american-civil-war\\\/\",\"url\":\"https:\\\/\\\/prismagamers.com\\\/hu\\\/produkt\\\/strategic-command-american-civil-war\\\/\",\"name\":\"Strategic Command: American Civil War - Prismagamers.com\",\"isPartOf\":{\"@id\":\"https:\\\/\\\/prismagamers.com\\\/hu\\\/#website\"},\"primaryImageOfPage\":{\"@id\":\"https:\\\/\\\/prismagamers.com\\\/hu\\\/produkt\\\/strategic-command-american-civil-war\\\/#primaryimage\"},\"image\":{\"@id\":\"https:\\\/\\\/prismagamers.com\\\/hu\\\/produkt\\\/strategic-command-american-civil-war\\\/#primaryimage\"},\"thumbnailUrl\":\"https:\\\/\\\/prismagamers.com\\\/wp-content\\\/uploads\\\/2023\\\/03\\\/Strategic-Command-American-Civil-War.jpg\",\"datePublished\":\"2023-03-16T21:46:08+00:00\",\"description\":\"Vedd \u00e1t az Uni\u00f3 vagy a Konf\u00f6der\u00e1ci\u00f3 hadsereg\u00e9nek parancsnoks\u00e1g\u00e1t az amerikai polg\u00e1rh\u00e1bor\u00fa alatt! Ir\u00e1ny\u00edtsd a toborz\u00e1st, a kutat\u00e1st, a termel\u00e9st \u00e9s a diplom\u00e1ciai politik\u00e1t, mik\u00f6zben a katon\u00e1kat csat\u00e1ba vezeted egy hatalmas, eg\u00e9sz \u00c9szak-Amerik\u00e1t lefed\u0151 , hatsz\u00f6gletes t\u00e9rk\u00e9pen. \u00c9lj \u00e1t 6 epikus kamp\u00e1nyt az els\u0151 l\u00f6v\u00e9st\u0151l a v\u00e9gs\u0151 csat\u00e1ig ebben a mag\u00e1val ragad\u00f3 strat\u00e9giai j\u00e1t\u00e9kban! Glob\u00e1lis G\u0151z Digit\u00e1lis kulcs\",\"breadcrumb\":{\"@id\":\"https:\\\/\\\/prismagamers.com\\\/hu\\\/produkt\\\/strategic-command-american-civil-war\\\/#breadcrumb\"},\"inLanguage\":\"hu\",\"potentialAction\":[{\"@type\":\"ReadAction\",\"target\":[\"https:\\\/\\\/prismagamers.com\\\/hu\\\/produkt\\\/strategic-command-american-civil-war\\\/\"]}]},{\"@type\":\"ImageObject\",\"inLanguage\":\"hu\",\"@id\":\"https:\\\/\\\/prismagamers.com\\\/hu\\\/produkt\\\/strategic-command-american-civil-war\\\/#primaryimage\",\"url\":\"https:\\\/\\\/prismagamers.com\\\/wp-content\\\/uploads\\\/2023\\\/03\\\/Strategic-Command-American-Civil-War.jpg\",\"contentUrl\":\"https:\\\/\\\/prismagamers.com\\\/wp-content\\\/uploads\\\/2023\\\/03\\\/Strategic-Command-American-Civil-War.jpg\",\"width\":350,\"height\":496},{\"@type\":\"BreadcrumbList\",\"@id\":\"https:\\\/\\\/prismagamers.com\\\/hu\\\/produkt\\\/strategic-command-american-civil-war\\\/#breadcrumb\",\"itemListElement\":[{\"@type\":\"ListItem\",\"position\":1,\"name\":\"Strona g\u0142\u00f3wna\",\"item\":\"https:\\\/\\\/prismagamers.com\\\/hu\\\/prismagamers\\\/\"},{\"@type\":\"ListItem\",\"position\":2,\"name\":\"Shop\",\"item\":\"https:\\\/\\\/prismagamers.com\\\/hu\\\/shop\\\/\"},{\"@type\":\"ListItem\",\"position\":3,\"name\":\"Strategic Command: American Civil War\"}]},{\"@type\":\"WebSite\",\"@id\":\"https:\\\/\\\/prismagamers.com\\\/hu\\\/#website\",\"url\":\"https:\\\/\\\/prismagamers.com\\\/hu\\\/\",\"name\":\"Prismagamers\",\"description\":\"Sklep z grami PC I Sklep klucze Steam\",\"publisher\":{\"@id\":\"https:\\\/\\\/prismagamers.com\\\/hu\\\/#organization\"},\"potentialAction\":[{\"@type\":\"SearchAction\",\"target\":{\"@type\":\"EntryPoint\",\"urlTemplate\":\"https:\\\/\\\/prismagamers.com\\\/hu\\\/?s={search_term_string}\"},\"query-input\":{\"@type\":\"PropertyValueSpecification\",\"valueRequired\":true,\"valueName\":\"search_term_string\"}}],\"inLanguage\":\"hu\"},{\"@type\":\"Organization\",\"@id\":\"https:\\\/\\\/prismagamers.com\\\/hu\\\/#organization\",\"name\":\"Prismagamers\",\"url\":\"https:\\\/\\\/prismagamers.com\\\/hu\\\/\",\"logo\":{\"@type\":\"ImageObject\",\"inLanguage\":\"hu\",\"@id\":\"https:\\\/\\\/prismagamers.com\\\/hu\\\/#\\\/schema\\\/logo\\\/image\\\/\",\"url\":\"https:\\\/\\\/prismagamers.com\\\/wp-content\\\/uploads\\\/2022\\\/04\\\/cropped-logo-Prismagamers-01-scaled-1.jpg\",\"contentUrl\":\"https:\\\/\\\/prismagamers.com\\\/wp-content\\\/uploads\\\/2022\\\/04\\\/cropped-logo-Prismagamers-01-scaled-1.jpg\",\"width\":512,\"height\":512,\"caption\":\"Prismagamers\"},\"image\":{\"@id\":\"https:\\\/\\\/prismagamers.com\\\/hu\\\/#\\\/schema\\\/logo\\\/image\\\/\"},\"sameAs\":[\"https:\\\/\\\/www.facebook.com\\\/prismagamers\",\"https:\\\/\\\/www.instagram.com\\\/prismagamers_grycyfrowe\\\/\"],\"description\":\"Prismagamers.com to dynamiczny sklep z grami cyfrowymi, stworzony z my\u015bl\u0105 o entuzjastach gier wideo. Nasza strona oferuje szerok\u0105 gam\u0119 gier komputerowych, w tym najnowsze tytu\u0142y, dobrze znane klasyki oraz gry stworzone przez niezale\u017cne studia Ca\u0142y czas d\u0105\u017cymy do rozszerzenia naszej oferty. Do\u0142\u0105cz do nas i sta\u0144 si\u0119 cz\u0119\u015bci\u0105 naszej rosn\u0105cej spo\u0142eczno\u015bci graczy!\",\"email\":\"shop@prismagamers.com\",\"telephone\":\"48795541705\",\"legalName\":\"East Caravan Maksym \u017bukow\",\"foundingDate\":\"2012-05-10\",\"vatID\":\"PL8943038612\",\"taxID\":\"PL8943038612\",\"numberOfEmployees\":{\"@type\":\"QuantitativeValue\",\"minValue\":\"11\",\"maxValue\":\"50\"}}]}<\/script>\n<!-- \/ Yoast SEO Premium plugin. -->","yoast_head_json":{"title":"Strategic Command: American Civil War - Prismagamers.com","description":"Vedd \u00e1t az Uni\u00f3 vagy a Konf\u00f6der\u00e1ci\u00f3 hadsereg\u00e9nek parancsnoks\u00e1g\u00e1t az amerikai polg\u00e1rh\u00e1bor\u00fa alatt! Ir\u00e1ny\u00edtsd a toborz\u00e1st, a kutat\u00e1st, a termel\u00e9st \u00e9s a diplom\u00e1ciai politik\u00e1t, mik\u00f6zben a katon\u00e1kat csat\u00e1ba vezeted egy hatalmas, eg\u00e9sz \u00c9szak-Amerik\u00e1t lefed\u0151 , hatsz\u00f6gletes t\u00e9rk\u00e9pen. \u00c9lj \u00e1t 6 epikus kamp\u00e1nyt az els\u0151 l\u00f6v\u00e9st\u0151l a v\u00e9gs\u0151 csat\u00e1ig ebben a mag\u00e1val ragad\u00f3 strat\u00e9giai j\u00e1t\u00e9kban!   Glob\u00e1lis  G\u0151z  Digit\u00e1lis kulcs","robots":{"index":"index","follow":"follow","max-snippet":"max-snippet:-1","max-image-preview":"max-image-preview:large","max-video-preview":"max-video-preview:-1"},"canonical":"https:\/\/prismagamers.com\/hu\/produkt\/strategic-command-american-civil-war\/","og_locale":"hu_HU","og_type":"article","og_title":"Strategic Command: American Civil War","og_description":"Vedd \u00e1t az Uni\u00f3 vagy a Konf\u00f6der\u00e1ci\u00f3 hadsereg\u00e9nek parancsnoks\u00e1g\u00e1t az amerikai polg\u00e1rh\u00e1bor\u00fa alatt! Ir\u00e1ny\u00edtsd a toborz\u00e1st, a kutat\u00e1st, a termel\u00e9st \u00e9s a diplom\u00e1ciai politik\u00e1t, mik\u00f6zben a katon\u00e1kat csat\u00e1ba vezeted egy hatalmas, eg\u00e9sz \u00c9szak-Amerik\u00e1t lefed\u0151 , hatsz\u00f6gletes t\u00e9rk\u00e9pen. \u00c9lj \u00e1t 6 epikus kamp\u00e1nyt az els\u0151 l\u00f6v\u00e9st\u0151l a v\u00e9gs\u0151 csat\u00e1ig ebben a mag\u00e1val ragad\u00f3 strat\u00e9giai j\u00e1t\u00e9kban!   Glob\u00e1lis  G\u0151z  Digit\u00e1lis kulcs","og_url":"https:\/\/prismagamers.com\/hu\/produkt\/strategic-command-american-civil-war\/","og_site_name":"Prismagamers.com","article_publisher":"https:\/\/www.facebook.com\/prismagamers","og_image":[{"width":350,"height":496,"url":"https:\/\/prismagamers.com\/wp-content\/uploads\/2023\/03\/Strategic-Command-American-Civil-War.jpg","type":"image\/jpeg"}],"twitter_card":"summary_large_image","twitter_misc":{"Becs\u00fclt olvas\u00e1si id\u0151":"1 perc"},"schema":{"@context":"https:\/\/schema.org","@graph":[{"@type":"WebPage","@id":"https:\/\/prismagamers.com\/hu\/produkt\/strategic-command-american-civil-war\/","url":"https:\/\/prismagamers.com\/hu\/produkt\/strategic-command-american-civil-war\/","name":"Strategic Command: American Civil War - Prismagamers.com","isPartOf":{"@id":"https:\/\/prismagamers.com\/hu\/#website"},"primaryImageOfPage":{"@id":"https:\/\/prismagamers.com\/hu\/produkt\/strategic-command-american-civil-war\/#primaryimage"},"image":{"@id":"https:\/\/prismagamers.com\/hu\/produkt\/strategic-command-american-civil-war\/#primaryimage"},"thumbnailUrl":"https:\/\/prismagamers.com\/wp-content\/uploads\/2023\/03\/Strategic-Command-American-Civil-War.jpg","datePublished":"2023-03-16T21:46:08+00:00","description":"Vedd \u00e1t az Uni\u00f3 vagy a Konf\u00f6der\u00e1ci\u00f3 hadsereg\u00e9nek parancsnoks\u00e1g\u00e1t az amerikai polg\u00e1rh\u00e1bor\u00fa alatt! Ir\u00e1ny\u00edtsd a toborz\u00e1st, a kutat\u00e1st, a termel\u00e9st \u00e9s a diplom\u00e1ciai politik\u00e1t, mik\u00f6zben a katon\u00e1kat csat\u00e1ba vezeted egy hatalmas, eg\u00e9sz \u00c9szak-Amerik\u00e1t lefed\u0151 , hatsz\u00f6gletes t\u00e9rk\u00e9pen. \u00c9lj \u00e1t 6 epikus kamp\u00e1nyt az els\u0151 l\u00f6v\u00e9st\u0151l a v\u00e9gs\u0151 csat\u00e1ig ebben a mag\u00e1val ragad\u00f3 strat\u00e9giai j\u00e1t\u00e9kban! Glob\u00e1lis G\u0151z Digit\u00e1lis kulcs","breadcrumb":{"@id":"https:\/\/prismagamers.com\/hu\/produkt\/strategic-command-american-civil-war\/#breadcrumb"},"inLanguage":"hu","potentialAction":[{"@type":"ReadAction","target":["https:\/\/prismagamers.com\/hu\/produkt\/strategic-command-american-civil-war\/"]}]},{"@type":"ImageObject","inLanguage":"hu","@id":"https:\/\/prismagamers.com\/hu\/produkt\/strategic-command-american-civil-war\/#primaryimage","url":"https:\/\/prismagamers.com\/wp-content\/uploads\/2023\/03\/Strategic-Command-American-Civil-War.jpg","contentUrl":"https:\/\/prismagamers.com\/wp-content\/uploads\/2023\/03\/Strategic-Command-American-Civil-War.jpg","width":350,"height":496},{"@type":"BreadcrumbList","@id":"https:\/\/prismagamers.com\/hu\/produkt\/strategic-command-american-civil-war\/#breadcrumb","itemListElement":[{"@type":"ListItem","position":1,"name":"Strona g\u0142\u00f3wna","item":"https:\/\/prismagamers.com\/hu\/prismagamers\/"},{"@type":"ListItem","position":2,"name":"Shop","item":"https:\/\/prismagamers.com\/hu\/shop\/"},{"@type":"ListItem","position":3,"name":"Strategic Command: American Civil War"}]},{"@type":"WebSite","@id":"https:\/\/prismagamers.com\/hu\/#website","url":"https:\/\/prismagamers.com\/hu\/","name":"Prismagamers","description":"Sklep z grami PC I Sklep klucze Steam","publisher":{"@id":"https:\/\/prismagamers.com\/hu\/#organization"},"potentialAction":[{"@type":"SearchAction","target":{"@type":"EntryPoint","urlTemplate":"https:\/\/prismagamers.com\/hu\/?s={search_term_string}"},"query-input":{"@type":"PropertyValueSpecification","valueRequired":true,"valueName":"search_term_string"}}],"inLanguage":"hu"},{"@type":"Organization","@id":"https:\/\/prismagamers.com\/hu\/#organization","name":"Prismagamers","url":"https:\/\/prismagamers.com\/hu\/","logo":{"@type":"ImageObject","inLanguage":"hu","@id":"https:\/\/prismagamers.com\/hu\/#\/schema\/logo\/image\/","url":"https:\/\/prismagamers.com\/wp-content\/uploads\/2022\/04\/cropped-logo-Prismagamers-01-scaled-1.jpg","contentUrl":"https:\/\/prismagamers.com\/wp-content\/uploads\/2022\/04\/cropped-logo-Prismagamers-01-scaled-1.jpg","width":512,"height":512,"caption":"Prismagamers"},"image":{"@id":"https:\/\/prismagamers.com\/hu\/#\/schema\/logo\/image\/"},"sameAs":["https:\/\/www.facebook.com\/prismagamers","https:\/\/www.instagram.com\/prismagamers_grycyfrowe\/"],"description":"Prismagamers.com to dynamiczny sklep z grami cyfrowymi, stworzony z my\u015bl\u0105 o entuzjastach gier wideo. Nasza strona oferuje szerok\u0105 gam\u0119 gier komputerowych, w tym najnowsze tytu\u0142y, dobrze znane klasyki oraz gry stworzone przez niezale\u017cne studia Ca\u0142y czas d\u0105\u017cymy do rozszerzenia naszej oferty. Do\u0142\u0105cz do nas i sta\u0144 si\u0119 cz\u0119\u015bci\u0105 naszej rosn\u0105cej spo\u0142eczno\u015bci graczy!","email":"shop@prismagamers.com","telephone":"48795541705","legalName":"East Caravan Maksym \u017bukow","foundingDate":"2012-05-10","vatID":"PL8943038612","taxID":"PL8943038612","numberOfEmployees":{"@type":"QuantitativeValue","minValue":"11","maxValue":"50"}}]}},"_links":{"self":[{"href":"https:\/\/prismagamers.com\/hu\/wp-json\/wp\/v2\/product\/42482","targetHints":{"allow":["GET"]}}],"collection":[{"href":"https:\/\/prismagamers.com\/hu\/wp-json\/wp\/v2\/product"}],"about":[{"href":"https:\/\/prismagamers.com\/hu\/wp-json\/wp\/v2\/types\/product"}],"wp:featuredmedia":[{"embeddable":true,"href":"https:\/\/prismagamers.com\/hu\/wp-json\/wp\/v2\/media\/25059"}],"wp:attachment":[{"href":"https:\/\/prismagamers.com\/hu\/wp-json\/wp\/v2\/media?parent=42482"}],"wp:term":[{"taxonomy":"product_brand","embeddable":true,"href":"https:\/\/prismagamers.com\/hu\/wp-json\/wp\/v2\/product_brand?post=42482"},{"taxonomy":"product_cat","embeddable":true,"href":"https:\/\/prismagamers.com\/hu\/wp-json\/wp\/v2\/product_cat?post=42482"},{"taxonomy":"product_tag","embeddable":true,"href":"https:\/\/prismagamers.com\/hu\/wp-json\/wp\/v2\/product_tag?post=42482"}],"curies":[{"name":"wp","href":"https:\/\/api.w.org\/{rel}","templated":true}]}}