{"id":42483,"date":"2022-07-02T23:36:40","date_gmt":"2022-07-02T21:36:40","guid":{"rendered":"https:\/\/prismagamers.com\/produkt\/monster-monpiece\/"},"modified":"2025-12-19T23:00:09","modified_gmt":"2025-12-19T22:00:09","slug":"monster-monpiece","status":"publish","type":"product","link":"https:\/\/prismagamers.com\/hu\/produkt\/monster-monpiece\/","title":{"rendered":"Monster Monpiece"},"content":{"rendered":"<p>Isten kalap\u00e1csa k\u00e9tszer is lecsapott, megb\u00fcntetve Yafaniel vil\u00e1g\u00e1t a pit&#8230;.. Yafaniel vil\u00e1g\u00e1ban az emberek \u00e9s egy szokatlan faj, a &#8222;sz\u00f6rnyl\u00e1nyok&#8221; \u00e9lnek egym\u00e1s mellett. May Esperio, egy kunaguwai akad\u00e9miai di\u00e1k kem\u00e9nyen edz, hogy legjobb bar\u00e1tn\u0151ivel, Elz\u00e1val \u00e9s Karennel egy\u00fctt a sz\u00f6rnyl\u00e1nyok &#8222;mester\u00e9v\u00e9&#8221; v\u00e1ljon. Miut\u00e1n azonban tal\u00e1lkozott egy titokzatos idegennel, Elza &#8222;elveszett&#8221; &#8211; ez a kifejez\u00e9s egy k\u00fcl\u00f6n\u00f6s betegs\u00e9g \u00e1ldozataira vonatkozik, amely az embereket \u00e9s a sz\u00f6rnyl\u00e1nyokat egyar\u00e1nt s\u00fajtja. Elza \u00e9s az \u0151t szolg\u00e1l\u00f3 sz\u00f6rnyl\u00e1nyok elkezdt\u00e9k ellopni a M\u00e1gikus Negyedeket, amelyeket Yafaniel minden egyes f\u0151 v\u00e1ros\u00e1ban \u0151riznek. May \u00fagy d\u00f6nt, hogy beutazza a vil\u00e1got, \u00e9s Elza nyom\u00e1ba ered, hogy megpr\u00f3b\u00e1lja meggy\u00f3gy\u00edtani. May azonban tudja, hogy ha nem siker\u00fcl megmentenie Elz\u00e1t, az eg\u00e9sz vil\u00e1g elpusztulhat!      <\/p>\n<p><strong>Jellemz\u0151k:<\/strong><\/p>\n<ul class=\"featureList features-list\">\n<li>\u00c9rkezz a j\u00e1t\u00e9k k\u00fcl\u00f6nb\u00f6z\u0151 pontjaira, hogy esem\u00e9nyeket ind\u00edts, p\u00e9nzt, \u00faj Park k\u00e1rty\u00e1t, Rub P-t, t\u00e1rgyat vagy k\u00e1rtyacsat\u00e1t kezdem\u00e9nyezz.<\/li>\n<li>N\u00e9gy k\u00fcl\u00f6nb\u00f6z\u0151 t\u00edpus\u00fa Monster Girl kombin\u00e1lhat\u00f3: k\u00f6zelharci, t\u00e1vols\u00e1gi, gy\u00f3gy\u00edt\u00f3 \u00e9s puffer.<\/li>\n<li>Amikor az egys\u00e9gedet a csatat\u00e9rre h\u00edvod, h\u00e1romdimenzi\u00f3s chibi figur\u00e1kk\u00e1 v\u00e1lnak.<\/li>\n<li>Rendezd a k\u00e1rtyapaklidat az akad\u00e9mi\u00e1n, ahol hozz\u00e1f\u00e9rhetsz a bolthoz, a k\u00e1rtyatorn\u00e1hoz, a h\u00e1l\u00f3zati m\u00f3dhoz \u00e9s a m\u00fazeumhoz is.<\/li>\n<li>N\u00f6veld a Monster Girl statisztik\u00e1it a &#8222;First Crush Rub&#8221; m\u00f3ddal, amelyben m\u00e1gikus er\u0151t k\u00fcldhetsz egy k\u00e1rty\u00e1ra, ha megd\u00f6rzs\u00f6l\u00f6d, meg\u00e9rinted vagy megcs\u00edped azt.<\/li>\n<\/ul>\n<div class=\"URplpg\"><strong>Nyelvek:<\/strong><\/div>\n<ul>\n<li style=\"list-style-type: none;\">\n<ul class=\"r1iAKt\">\n<li>Angol<\/li>\n<li>Jap\u00e1n<\/li>\n<\/ul>\n<\/li>\n<\/ul>\n<div class=\"URplpg\"><strong>M\u0171k\u00f6dik:<\/strong><\/div>\n<ul>\n<li style=\"list-style-type: none;\">\n<ul class=\"r1iAKt\">\n<li>Windows<\/li>\n<\/ul>\n<\/li>\n<\/ul>\n","protected":false},"excerpt":{"rendered":"<p>Egy virtu\u00e1lis k\u00e1rtyaj\u00e1t\u00e9k, amelyben mitikus sz\u00f6rnyek \u00e9s \u00e1llatok, p\u00e9ld\u00e1ul egyszarv\u00faak \u00e9s minotauruszok, fiatal l\u00e1nyok \u00e9s n\u0151k form\u00e1j\u00e1ban, ellenfelek ellen j\u00e1tszanak.<\/p>\n<p>\ud83c\udf0d Global<br \/>\n\u2699\ufe0f Steam<br \/>\n\ud83d\udddd Digit\u00e1lis kulcs.<\/p>\n","protected":false},"featured_media":24866,"template":"","meta":{"_acf_changed":false,"site-sidebar-layout":"default","site-content-layout":"default","ast-site-content-layout":"default","site-content-style":"default","site-sidebar-style":"default","ast-global-header-display":"","ast-banner-title-visibility":"","ast-main-header-display":"","ast-hfb-above-header-display":"","ast-hfb-below-header-display":"","ast-hfb-mobile-header-display":"","site-post-title":"","ast-breadcrumbs-content":"","ast-featured-img":"","footer-sml-layout":"","ast-disable-related-posts":"","theme-transparent-header-meta":"default","adv-header-id-meta":"","stick-header-meta":"","header-above-stick-meta":"","header-main-stick-meta":"","header-below-stick-meta":"","astra-migrate-meta-layouts":"default","ast-page-background-enabled":"default","ast-page-background-meta":{"desktop":{"background-color":"var(--ast-global-color-4)","background-image":"","background-repeat":"repeat","background-position":"center center","background-size":"auto","background-attachment":"scroll","background-type":"","background-media":"","overlay-type":"","overlay-color":"","overlay-opacity":"","overlay-gradient":""},"tablet":{"background-color":"","background-image":"","background-repeat":"repeat","background-position":"center center","background-size":"auto","background-attachment":"scroll","background-type":"","background-media":"","overlay-type":"","overlay-color":"","overlay-opacity":"","overlay-gradient":""},"mobile":{"background-color":"","background-image":"","background-repeat":"repeat","background-position":"center center","background-size":"auto","background-attachment":"scroll","background-type":"","background-media":"","overlay-type":"","overlay-color":"","overlay-opacity":"","overlay-gradient":""}},"ast-content-background-meta":{"desktop":{"background-color":"var(--ast-global-color-5)","background-image":"","background-repeat":"repeat","background-position":"center center","background-size":"auto","background-attachment":"scroll","background-type":"","background-media":"","overlay-type":"","overlay-color":"","overlay-opacity":"","overlay-gradient":""},"tablet":{"background-color":"var(--ast-global-color-5)","background-image":"","background-repeat":"repeat","background-position":"center center","background-size":"auto","background-attachment":"scroll","background-type":"","background-media":"","overlay-type":"","overlay-color":"","overlay-opacity":"","overlay-gradient":""},"mobile":{"background-color":"var(--ast-global-color-5)","background-image":"","background-repeat":"repeat","background-position":"center center","background-size":"auto","background-attachment":"scroll","background-type":"","background-media":"","overlay-type":"","overlay-color":"","overlay-opacity":"","overlay-gradient":""}}},"product_brand":[],"product_cat":[369,394,365,464,378,386],"product_tag":[370],"class_list":{"0":"post-42483","1":"product","2":"type-product","3":"status-publish","4":"has-post-thumbnail","6":"product_cat-csarnokok","7":"product_cat-digitalis-jatekok","8":"product_cat-goz","9":"product_cat-idea-factory-international-hu","10":"product_cat-minden-digitalis-jatek","11":"product_cat-strategiai-jatekok","12":"product_tag-pid-tel","13":"desktop-align-left","14":"tablet-align-left","15":"mobile-align-left","17":"first","18":"instock","19":"virtual","20":"purchasable","21":"product-type-simple"},"acf":[],"yoast_head":"<!-- This site is optimized with the Yoast SEO Premium plugin v27.4 (Yoast SEO v27.4) - https:\/\/yoast.com\/product\/yoast-seo-premium-wordpress\/ -->\n<title>Monster Monpiece - Prismagamers.com<\/title>\n<meta name=\"description\" content=\"Egy virtu\u00e1lis k\u00e1rtyaj\u00e1t\u00e9k, amelyben mitikus sz\u00f6rnyek \u00e9s \u00e1llatok, p\u00e9ld\u00e1ul egyszarv\u00faak \u00e9s minotauruszok, fiatal l\u00e1nyok \u00e9s n\u0151k form\u00e1j\u00e1ban, ellenfelek ellen j\u00e1tszanak. \ud83c\udf0d Global \u2699\ufe0f Steam \ud83d\udddd Digit\u00e1lis kulcs.\" \/>\n<meta name=\"robots\" content=\"index, follow, max-snippet:-1, max-image-preview:large, max-video-preview:-1\" \/>\n<link rel=\"canonical\" href=\"https:\/\/prismagamers.com\/hu\/produkt\/monster-monpiece\/\" \/>\n<meta property=\"og:locale\" content=\"hu_HU\" \/>\n<meta property=\"og:type\" content=\"article\" \/>\n<meta property=\"og:title\" content=\"Monster Monpiece\" \/>\n<meta property=\"og:description\" content=\"Egy virtu\u00e1lis k\u00e1rtyaj\u00e1t\u00e9k, amelyben mitikus sz\u00f6rnyek \u00e9s \u00e1llatok, p\u00e9ld\u00e1ul egyszarv\u00faak \u00e9s minotauruszok, fiatal l\u00e1nyok \u00e9s n\u0151k form\u00e1j\u00e1ban, ellenfelek ellen j\u00e1tszanak. \ud83c\udf0d Global \u2699\ufe0f Steam \ud83d\udddd Digit\u00e1lis kulcs.\" \/>\n<meta property=\"og:url\" content=\"https:\/\/prismagamers.com\/hu\/produkt\/monster-monpiece\/\" \/>\n<meta property=\"og:site_name\" content=\"Prismagamers.com\" \/>\n<meta property=\"article:publisher\" content=\"https:\/\/www.facebook.com\/prismagamers\" \/>\n<meta property=\"article:modified_time\" content=\"2025-12-19T22:00:09+00:00\" \/>\n<meta property=\"og:image\" content=\"https:\/\/prismagamers.com\/wp-content\/uploads\/2022\/07\/Monster-Monpiece-e1727183594984.jpeg\" \/>\n\t<meta property=\"og:image:width\" content=\"321\" \/>\n\t<meta property=\"og:image:height\" content=\"450\" \/>\n\t<meta property=\"og:image:type\" content=\"image\/jpeg\" \/>\n<meta name=\"twitter:card\" content=\"summary_large_image\" \/>\n<meta name=\"twitter:label1\" content=\"Becs\u00fclt olvas\u00e1si id\u0151\" \/>\n\t<meta name=\"twitter:data1\" content=\"2 perc\" \/>\n<script type=\"application\/ld+json\" class=\"yoast-schema-graph\">{\"@context\":\"https:\\\/\\\/schema.org\",\"@graph\":[{\"@type\":\"WebPage\",\"@id\":\"https:\\\/\\\/prismagamers.com\\\/hu\\\/produkt\\\/monster-monpiece\\\/\",\"url\":\"https:\\\/\\\/prismagamers.com\\\/hu\\\/produkt\\\/monster-monpiece\\\/\",\"name\":\"Monster Monpiece - Prismagamers.com\",\"isPartOf\":{\"@id\":\"https:\\\/\\\/prismagamers.com\\\/hu\\\/#website\"},\"primaryImageOfPage\":{\"@id\":\"https:\\\/\\\/prismagamers.com\\\/hu\\\/produkt\\\/monster-monpiece\\\/#primaryimage\"},\"image\":{\"@id\":\"https:\\\/\\\/prismagamers.com\\\/hu\\\/produkt\\\/monster-monpiece\\\/#primaryimage\"},\"thumbnailUrl\":\"https:\\\/\\\/prismagamers.com\\\/wp-content\\\/uploads\\\/2022\\\/07\\\/Monster-Monpiece-e1727183594984.jpeg\",\"datePublished\":\"2022-07-02T21:36:40+00:00\",\"dateModified\":\"2025-12-19T22:00:09+00:00\",\"description\":\"Egy virtu\u00e1lis k\u00e1rtyaj\u00e1t\u00e9k, amelyben mitikus sz\u00f6rnyek \u00e9s \u00e1llatok, p\u00e9ld\u00e1ul egyszarv\u00faak \u00e9s minotauruszok, fiatal l\u00e1nyok \u00e9s n\u0151k form\u00e1j\u00e1ban, ellenfelek ellen j\u00e1tszanak. \ud83c\udf0d Global \u2699\ufe0f Steam \ud83d\udddd Digit\u00e1lis kulcs.\",\"breadcrumb\":{\"@id\":\"https:\\\/\\\/prismagamers.com\\\/hu\\\/produkt\\\/monster-monpiece\\\/#breadcrumb\"},\"inLanguage\":\"hu\",\"potentialAction\":[{\"@type\":\"ReadAction\",\"target\":[\"https:\\\/\\\/prismagamers.com\\\/hu\\\/produkt\\\/monster-monpiece\\\/\"]}]},{\"@type\":\"ImageObject\",\"inLanguage\":\"hu\",\"@id\":\"https:\\\/\\\/prismagamers.com\\\/hu\\\/produkt\\\/monster-monpiece\\\/#primaryimage\",\"url\":\"https:\\\/\\\/prismagamers.com\\\/wp-content\\\/uploads\\\/2022\\\/07\\\/Monster-Monpiece-e1727183594984.jpeg\",\"contentUrl\":\"https:\\\/\\\/prismagamers.com\\\/wp-content\\\/uploads\\\/2022\\\/07\\\/Monster-Monpiece-e1727183594984.jpeg\",\"width\":321,\"height\":450},{\"@type\":\"BreadcrumbList\",\"@id\":\"https:\\\/\\\/prismagamers.com\\\/hu\\\/produkt\\\/monster-monpiece\\\/#breadcrumb\",\"itemListElement\":[{\"@type\":\"ListItem\",\"position\":1,\"name\":\"Strona g\u0142\u00f3wna\",\"item\":\"https:\\\/\\\/prismagamers.com\\\/hu\\\/prismagamers\\\/\"},{\"@type\":\"ListItem\",\"position\":2,\"name\":\"Shop\",\"item\":\"https:\\\/\\\/prismagamers.com\\\/hu\\\/shop\\\/\"},{\"@type\":\"ListItem\",\"position\":3,\"name\":\"Monster Monpiece\"}]},{\"@type\":\"WebSite\",\"@id\":\"https:\\\/\\\/prismagamers.com\\\/hu\\\/#website\",\"url\":\"https:\\\/\\\/prismagamers.com\\\/hu\\\/\",\"name\":\"Prismagamers\",\"description\":\"Sklep z grami PC I Sklep klucze Steam\",\"publisher\":{\"@id\":\"https:\\\/\\\/prismagamers.com\\\/hu\\\/#organization\"},\"potentialAction\":[{\"@type\":\"SearchAction\",\"target\":{\"@type\":\"EntryPoint\",\"urlTemplate\":\"https:\\\/\\\/prismagamers.com\\\/hu\\\/?s={search_term_string}\"},\"query-input\":{\"@type\":\"PropertyValueSpecification\",\"valueRequired\":true,\"valueName\":\"search_term_string\"}}],\"inLanguage\":\"hu\"},{\"@type\":\"Organization\",\"@id\":\"https:\\\/\\\/prismagamers.com\\\/hu\\\/#organization\",\"name\":\"Prismagamers\",\"url\":\"https:\\\/\\\/prismagamers.com\\\/hu\\\/\",\"logo\":{\"@type\":\"ImageObject\",\"inLanguage\":\"hu\",\"@id\":\"https:\\\/\\\/prismagamers.com\\\/hu\\\/#\\\/schema\\\/logo\\\/image\\\/\",\"url\":\"https:\\\/\\\/prismagamers.com\\\/wp-content\\\/uploads\\\/2022\\\/04\\\/cropped-logo-Prismagamers-01-scaled-1.jpg\",\"contentUrl\":\"https:\\\/\\\/prismagamers.com\\\/wp-content\\\/uploads\\\/2022\\\/04\\\/cropped-logo-Prismagamers-01-scaled-1.jpg\",\"width\":512,\"height\":512,\"caption\":\"Prismagamers\"},\"image\":{\"@id\":\"https:\\\/\\\/prismagamers.com\\\/hu\\\/#\\\/schema\\\/logo\\\/image\\\/\"},\"sameAs\":[\"https:\\\/\\\/www.facebook.com\\\/prismagamers\",\"https:\\\/\\\/www.instagram.com\\\/prismagamers_grycyfrowe\\\/\"],\"description\":\"Prismagamers.com to dynamiczny sklep z grami cyfrowymi, stworzony z my\u015bl\u0105 o entuzjastach gier wideo. Nasza strona oferuje szerok\u0105 gam\u0119 gier komputerowych, w tym najnowsze tytu\u0142y, dobrze znane klasyki oraz gry stworzone przez niezale\u017cne studia Ca\u0142y czas d\u0105\u017cymy do rozszerzenia naszej oferty. Do\u0142\u0105cz do nas i sta\u0144 si\u0119 cz\u0119\u015bci\u0105 naszej rosn\u0105cej spo\u0142eczno\u015bci graczy!\",\"email\":\"shop@prismagamers.com\",\"telephone\":\"48795541705\",\"legalName\":\"East Caravan Maksym \u017bukow\",\"foundingDate\":\"2012-05-10\",\"vatID\":\"PL8943038612\",\"taxID\":\"PL8943038612\",\"numberOfEmployees\":{\"@type\":\"QuantitativeValue\",\"minValue\":\"11\",\"maxValue\":\"50\"}}]}<\/script>\n<!-- \/ Yoast SEO Premium plugin. -->","yoast_head_json":{"title":"Monster Monpiece - Prismagamers.com","description":"Egy virtu\u00e1lis k\u00e1rtyaj\u00e1t\u00e9k, amelyben mitikus sz\u00f6rnyek \u00e9s \u00e1llatok, p\u00e9ld\u00e1ul egyszarv\u00faak \u00e9s minotauruszok, fiatal l\u00e1nyok \u00e9s n\u0151k form\u00e1j\u00e1ban, ellenfelek ellen j\u00e1tszanak. \ud83c\udf0d Global \u2699\ufe0f Steam \ud83d\udddd Digit\u00e1lis kulcs.","robots":{"index":"index","follow":"follow","max-snippet":"max-snippet:-1","max-image-preview":"max-image-preview:large","max-video-preview":"max-video-preview:-1"},"canonical":"https:\/\/prismagamers.com\/hu\/produkt\/monster-monpiece\/","og_locale":"hu_HU","og_type":"article","og_title":"Monster Monpiece","og_description":"Egy virtu\u00e1lis k\u00e1rtyaj\u00e1t\u00e9k, amelyben mitikus sz\u00f6rnyek \u00e9s \u00e1llatok, p\u00e9ld\u00e1ul egyszarv\u00faak \u00e9s minotauruszok, fiatal l\u00e1nyok \u00e9s n\u0151k form\u00e1j\u00e1ban, ellenfelek ellen j\u00e1tszanak. \ud83c\udf0d Global \u2699\ufe0f Steam \ud83d\udddd Digit\u00e1lis kulcs.","og_url":"https:\/\/prismagamers.com\/hu\/produkt\/monster-monpiece\/","og_site_name":"Prismagamers.com","article_publisher":"https:\/\/www.facebook.com\/prismagamers","article_modified_time":"2025-12-19T22:00:09+00:00","og_image":[{"width":321,"height":450,"url":"https:\/\/prismagamers.com\/wp-content\/uploads\/2022\/07\/Monster-Monpiece-e1727183594984.jpeg","type":"image\/jpeg"}],"twitter_card":"summary_large_image","twitter_misc":{"Becs\u00fclt olvas\u00e1si id\u0151":"2 perc"},"schema":{"@context":"https:\/\/schema.org","@graph":[{"@type":"WebPage","@id":"https:\/\/prismagamers.com\/hu\/produkt\/monster-monpiece\/","url":"https:\/\/prismagamers.com\/hu\/produkt\/monster-monpiece\/","name":"Monster Monpiece - Prismagamers.com","isPartOf":{"@id":"https:\/\/prismagamers.com\/hu\/#website"},"primaryImageOfPage":{"@id":"https:\/\/prismagamers.com\/hu\/produkt\/monster-monpiece\/#primaryimage"},"image":{"@id":"https:\/\/prismagamers.com\/hu\/produkt\/monster-monpiece\/#primaryimage"},"thumbnailUrl":"https:\/\/prismagamers.com\/wp-content\/uploads\/2022\/07\/Monster-Monpiece-e1727183594984.jpeg","datePublished":"2022-07-02T21:36:40+00:00","dateModified":"2025-12-19T22:00:09+00:00","description":"Egy virtu\u00e1lis k\u00e1rtyaj\u00e1t\u00e9k, amelyben mitikus sz\u00f6rnyek \u00e9s \u00e1llatok, p\u00e9ld\u00e1ul egyszarv\u00faak \u00e9s minotauruszok, fiatal l\u00e1nyok \u00e9s n\u0151k form\u00e1j\u00e1ban, ellenfelek ellen j\u00e1tszanak. \ud83c\udf0d Global \u2699\ufe0f Steam \ud83d\udddd Digit\u00e1lis kulcs.","breadcrumb":{"@id":"https:\/\/prismagamers.com\/hu\/produkt\/monster-monpiece\/#breadcrumb"},"inLanguage":"hu","potentialAction":[{"@type":"ReadAction","target":["https:\/\/prismagamers.com\/hu\/produkt\/monster-monpiece\/"]}]},{"@type":"ImageObject","inLanguage":"hu","@id":"https:\/\/prismagamers.com\/hu\/produkt\/monster-monpiece\/#primaryimage","url":"https:\/\/prismagamers.com\/wp-content\/uploads\/2022\/07\/Monster-Monpiece-e1727183594984.jpeg","contentUrl":"https:\/\/prismagamers.com\/wp-content\/uploads\/2022\/07\/Monster-Monpiece-e1727183594984.jpeg","width":321,"height":450},{"@type":"BreadcrumbList","@id":"https:\/\/prismagamers.com\/hu\/produkt\/monster-monpiece\/#breadcrumb","itemListElement":[{"@type":"ListItem","position":1,"name":"Strona g\u0142\u00f3wna","item":"https:\/\/prismagamers.com\/hu\/prismagamers\/"},{"@type":"ListItem","position":2,"name":"Shop","item":"https:\/\/prismagamers.com\/hu\/shop\/"},{"@type":"ListItem","position":3,"name":"Monster Monpiece"}]},{"@type":"WebSite","@id":"https:\/\/prismagamers.com\/hu\/#website","url":"https:\/\/prismagamers.com\/hu\/","name":"Prismagamers","description":"Sklep z grami PC I Sklep klucze Steam","publisher":{"@id":"https:\/\/prismagamers.com\/hu\/#organization"},"potentialAction":[{"@type":"SearchAction","target":{"@type":"EntryPoint","urlTemplate":"https:\/\/prismagamers.com\/hu\/?s={search_term_string}"},"query-input":{"@type":"PropertyValueSpecification","valueRequired":true,"valueName":"search_term_string"}}],"inLanguage":"hu"},{"@type":"Organization","@id":"https:\/\/prismagamers.com\/hu\/#organization","name":"Prismagamers","url":"https:\/\/prismagamers.com\/hu\/","logo":{"@type":"ImageObject","inLanguage":"hu","@id":"https:\/\/prismagamers.com\/hu\/#\/schema\/logo\/image\/","url":"https:\/\/prismagamers.com\/wp-content\/uploads\/2022\/04\/cropped-logo-Prismagamers-01-scaled-1.jpg","contentUrl":"https:\/\/prismagamers.com\/wp-content\/uploads\/2022\/04\/cropped-logo-Prismagamers-01-scaled-1.jpg","width":512,"height":512,"caption":"Prismagamers"},"image":{"@id":"https:\/\/prismagamers.com\/hu\/#\/schema\/logo\/image\/"},"sameAs":["https:\/\/www.facebook.com\/prismagamers","https:\/\/www.instagram.com\/prismagamers_grycyfrowe\/"],"description":"Prismagamers.com to dynamiczny sklep z grami cyfrowymi, stworzony z my\u015bl\u0105 o entuzjastach gier wideo. Nasza strona oferuje szerok\u0105 gam\u0119 gier komputerowych, w tym najnowsze tytu\u0142y, dobrze znane klasyki oraz gry stworzone przez niezale\u017cne studia Ca\u0142y czas d\u0105\u017cymy do rozszerzenia naszej oferty. Do\u0142\u0105cz do nas i sta\u0144 si\u0119 cz\u0119\u015bci\u0105 naszej rosn\u0105cej spo\u0142eczno\u015bci graczy!","email":"shop@prismagamers.com","telephone":"48795541705","legalName":"East Caravan Maksym \u017bukow","foundingDate":"2012-05-10","vatID":"PL8943038612","taxID":"PL8943038612","numberOfEmployees":{"@type":"QuantitativeValue","minValue":"11","maxValue":"50"}}]}},"_links":{"self":[{"href":"https:\/\/prismagamers.com\/hu\/wp-json\/wp\/v2\/product\/42483","targetHints":{"allow":["GET"]}}],"collection":[{"href":"https:\/\/prismagamers.com\/hu\/wp-json\/wp\/v2\/product"}],"about":[{"href":"https:\/\/prismagamers.com\/hu\/wp-json\/wp\/v2\/types\/product"}],"wp:featuredmedia":[{"embeddable":true,"href":"https:\/\/prismagamers.com\/hu\/wp-json\/wp\/v2\/media\/24866"}],"wp:attachment":[{"href":"https:\/\/prismagamers.com\/hu\/wp-json\/wp\/v2\/media?parent=42483"}],"wp:term":[{"taxonomy":"product_brand","embeddable":true,"href":"https:\/\/prismagamers.com\/hu\/wp-json\/wp\/v2\/product_brand?post=42483"},{"taxonomy":"product_cat","embeddable":true,"href":"https:\/\/prismagamers.com\/hu\/wp-json\/wp\/v2\/product_cat?post=42483"},{"taxonomy":"product_tag","embeddable":true,"href":"https:\/\/prismagamers.com\/hu\/wp-json\/wp\/v2\/product_tag?post=42483"}],"curies":[{"name":"wp","href":"https:\/\/api.w.org\/{rel}","templated":true}]}}