{"id":42484,"date":"2022-06-30T00:52:27","date_gmt":"2022-06-29T22:52:27","guid":{"rendered":"https:\/\/prismagamers.com\/produkt\/model-builder\/"},"modified":"2022-06-30T00:52:27","modified_gmt":"2022-06-29T22:52:27","slug":"model-builder","status":"publish","type":"product","link":"https:\/\/prismagamers.com\/hu\/produkt\/model-builder\/","title":{"rendered":"Model Builder"},"content":{"rendered":"<h5 class=\"bb_tag\">KEZDJE EL AZ \u00c9P\u00cdTKEZ\u00c9ST. LEGYEN KREAT\u00cdV. <\/h5>\n<p>Csatlakozz a szimul\u00e1ci\u00f3s j\u00e1t\u00e9kok leg\u00fajabb trendjeihez, szabad\u00edtsd fel kreativit\u00e1sodat \u00e9s hozz l\u00e9tre <strong>leny\u0171g\u00f6z\u0151 megjelen\u00e9s\u0171 modelleket<\/strong>.<\/p>\n<p>V\u00e1gd ki, rakd \u00f6ssze, fesd le, majd alak\u00edtsd \u00e1t a modelljeidet! \u00c9p\u00edts rep\u00fcl\u0151g\u00e9peket, tankokat, haj\u00f3kat, figur\u00e1kat \u00e9s m\u00e9g sok m\u00e1st. Add el az alkot\u00e1saidat nyeres\u00e9g\u00e9rt, hogy b\u0151v\u00edtsd az eszk\u00f6zt\u00e1radat. K\u00e9sz\u00edts leny\u0171g\u00f6z\u0151 \u00e9s epikus m\u00e9retar\u00e1ny\u00fa modelleket, hogy a vil\u00e1g is l\u00e1thassa \u0151ket.   <\/p>\n<p>Indulj el egy leny\u0171g\u00f6z\u0151 utaz\u00e1sra Stan nagyapa nyomdokain \u00e9s eredm\u00e9nyei nyom\u00e1n, mik\u00f6zben felfedezed a m\u00falt rejt\u00e9lyeit, feladatokat \u00e9s versenyeket v\u00e1llalsz, \u00e9s modellk\u00e9sz\u00edt\u0151 mesterr\u00e9 v\u00e1lsz.<\/p>\n<p><strong>Rengeteg mindenb\u0151l v\u00e1laszthatsz<\/strong>, amit \u00f6ssze tudsz rakni&#8230; \u00e9s ha v\u00e9gezt\u00e9l, m\u00e9g sokkal t\u00f6bbet is feloldhatsz. T\u00f6bb tucatnyi \u00f3r\u00e1nyi sz\u00f3rakoz\u00e1sra \u00e9s m\u00e9g sok m\u00e1sra sz\u00e1m\u00edthatsz a megjelen\u00e9s ut\u00e1ni friss\u00edt\u00e9sekben. <\/p>\n<p>V\u00e1lassza ki a modellt, amit l\u00e9tre szeretne hozni, \u00e9rezze az el\u00e9gedetts\u00e9get a modell <strong>r\u00e9szeinek kiv\u00e1g\u00e1s\u00e1val<\/strong>, l\u00e9p\u00e9sr\u0151l l\u00e9p\u00e9sre \u00e9p\u00edtse fel a modellt \u00e9s alkalmazza, hogy k\u00e9szen \u00e1lljon a fest\u00e9sre.<\/p>\n<p><strong>Szersz\u00e1mok<\/strong> sz\u00e9les <strong>v\u00e1laszt\u00e9ka<\/strong> \u00e1ll a rendelkez\u00e9sedre &#8211; minden, amire sz\u00fcks\u00e9ged van a leny\u0171g\u00f6z\u0151 modellek \u00f6ssze\u00e1ll\u00edt\u00e1s\u00e1hoz \u00e9s ragyog\u00f3v\u00e1 t\u00e9tel\u00e9hez.Nyisd fel az \u00faj eszk\u00f6z\u00f6ket, amelyek seg\u00edtenek a prec\u00edzi\u00f3s munk\u00e1ban \u00e9s a befejez\u0151 sim\u00edt\u00e1sokn\u00e1l. R\u00f6vid id\u0151n bel\u00fcl profinak fogod \u00e9rezni magad.<\/p>\n<p><strong>Itt az ideje kreat\u00edvnak lenni!<\/strong>  Mehetsz a komoly \u00fatvonalon, \u00e9s ragaszkodhatsz az ir\u00e1nyelvekhez, vagy a saj\u00e1todd\u00e1 teheted a modellt, \u00e9s feldobhatod. Rengeteg fest\u00e9k k\u00f6z\u00fcl v\u00e1laszthatsz, haszn\u00e1ld az airbrush eszk\u00f6zt, vagy vidd fel finom r\u00e9szletekkel, \u00e9s eg\u00e9sz\u00edtsd ki leny\u0171g\u00f6z\u0151 matric\u00e1kkal. A kreativit\u00e1sod a hat\u00e1r.  <\/p>\n<p>Ha a modelled k\u00e9szen \u00e1ll, a munka nem \u00e1ll meg itt! A <strong>PhotoBooth m\u00f3dban<\/strong> be\u00e1ll\u00edthatod a jelenetet <strong>, \u00e9s k\u00fcl\u00f6nb\u00f6z\u0151 h\u00e1ttereken rendezheted el a modelljeidet<\/strong>, men\u0151 effekteket adhatsz hozz\u00e1, \u00e9s m\u00e9g jobban n\u00e9zhetnek ki! Oszd meg munk\u00e1dat k\u00f6zvetlen\u00fcl a j\u00e1t\u00e9kb\u00f3l a k\u00f6z\u00f6ss\u00e9gi m\u00e9dia csatorn\u00e1idon, \u00e9s mutasd meg m\u00e1soknak.  <\/p>\n<div class=\"URplpg\"><strong>Nyelvek:<\/strong><\/div>\n<ul>\n<li style=\"list-style-type: none;\">\n<ul class=\"r1iAKt\">\n<li>Angol<\/li>\n<\/ul>\n<\/li>\n<\/ul>\n<div class=\"URplpg\"><strong>M\u0171k\u00f6dik:<\/strong><\/div>\n<ul>\n<li style=\"list-style-type: none;\">\n<ul class=\"r1iAKt\">\n<li>Windows<\/li>\n<\/ul>\n<\/li>\n<\/ul>\n","protected":false},"excerpt":{"rendered":"<p>Csatlakozz a szimul\u00e1ci\u00f3s j\u00e1t\u00e9kok leg\u00fajabb trendjeihez, engedd szabadj\u00e1ra kreativit\u00e1sodat \u00e9s k\u00e9sz\u00edts elk\u00e9peszt\u0151en sz\u00e9p modelleket.<\/p>\n<p>\ud83c\udf0d Global<br \/>\n\u2699\ufe0f Steam<br \/>\n\ud83d\udddd Digit\u00e1lis kulcs.<\/p>\n","protected":false},"featured_media":24846,"template":"","meta":{"_acf_changed":false,"site-sidebar-layout":"default","site-content-layout":"default","ast-site-content-layout":"default","site-content-style":"default","site-sidebar-style":"default","ast-global-header-display":"","ast-banner-title-visibility":"","ast-main-header-display":"","ast-hfb-above-header-display":"","ast-hfb-below-header-display":"","ast-hfb-mobile-header-display":"","site-post-title":"","ast-breadcrumbs-content":"","ast-featured-img":"","footer-sml-layout":"","ast-disable-related-posts":"","theme-transparent-header-meta":"default","adv-header-id-meta":"","stick-header-meta":"","header-above-stick-meta":"","header-main-stick-meta":"","header-below-stick-meta":"","astra-migrate-meta-layouts":"default","ast-page-background-enabled":"default","ast-page-background-meta":{"desktop":{"background-color":"var(--ast-global-color-4)","background-image":"","background-repeat":"repeat","background-position":"center center","background-size":"auto","background-attachment":"scroll","background-type":"","background-media":"","overlay-type":"","overlay-color":"","overlay-opacity":"","overlay-gradient":""},"tablet":{"background-color":"","background-image":"","background-repeat":"repeat","background-position":"center center","background-size":"auto","background-attachment":"scroll","background-type":"","background-media":"","overlay-type":"","overlay-color":"","overlay-opacity":"","overlay-gradient":""},"mobile":{"background-color":"","background-image":"","background-repeat":"repeat","background-position":"center center","background-size":"auto","background-attachment":"scroll","background-type":"","background-media":"","overlay-type":"","overlay-color":"","overlay-opacity":"","overlay-gradient":""}},"ast-content-background-meta":{"desktop":{"background-color":"var(--ast-global-color-5)","background-image":"","background-repeat":"repeat","background-position":"center center","background-size":"auto","background-attachment":"scroll","background-type":"","background-media":"","overlay-type":"","overlay-color":"","overlay-opacity":"","overlay-gradient":""},"tablet":{"background-color":"var(--ast-global-color-5)","background-image":"","background-repeat":"repeat","background-position":"center center","background-size":"auto","background-attachment":"scroll","background-type":"","background-media":"","overlay-type":"","overlay-color":"","overlay-opacity":"","overlay-gradient":""},"mobile":{"background-color":"var(--ast-global-color-5)","background-image":"","background-repeat":"repeat","background-position":"center center","background-size":"auto","background-attachment":"scroll","background-type":"","background-media":"","overlay-type":"","overlay-color":"","overlay-opacity":"","overlay-gradient":""}}},"product_brand":[],"product_cat":[394,365,372,378,367],"product_tag":[],"class_list":{"0":"post-42484","1":"product","2":"type-product","3":"status-publish","4":"has-post-thumbnail","6":"product_cat-digitalis-jatekok","7":"product_cat-goz","8":"product_cat-jatekok-szimulatorok","9":"product_cat-minden-digitalis-jatek","10":"product_cat-pc-jatekok","11":"desktop-align-left","12":"tablet-align-left","13":"mobile-align-left","15":"first","16":"instock","17":"shipping-taxable","18":"purchasable","19":"product-type-simple"},"acf":[],"yoast_head":"<!-- This site is optimized with the Yoast SEO Premium plugin v27.4 (Yoast SEO v27.4) - https:\/\/yoast.com\/product\/yoast-seo-premium-wordpress\/ -->\n<title>Model Builder - Prismagamers.com<\/title>\n<meta name=\"description\" content=\"Csatlakozz a szimul\u00e1ci\u00f3s j\u00e1t\u00e9kok leg\u00fajabb trendjeihez, engedd szabadj\u00e1ra kreativit\u00e1sodat \u00e9s k\u00e9sz\u00edts elk\u00e9peszt\u0151en sz\u00e9p modelleket. \ud83c\udf0d Global \u2699\ufe0f Steam \ud83d\udddd Digit\u00e1lis kulcs.\" \/>\n<meta name=\"robots\" content=\"index, follow, max-snippet:-1, max-image-preview:large, max-video-preview:-1\" \/>\n<link rel=\"canonical\" href=\"https:\/\/prismagamers.com\/hu\/produkt\/model-builder\/\" \/>\n<meta property=\"og:locale\" content=\"hu_HU\" \/>\n<meta property=\"og:type\" content=\"article\" \/>\n<meta property=\"og:title\" content=\"Model Builder\" \/>\n<meta property=\"og:description\" content=\"Csatlakozz a szimul\u00e1ci\u00f3s j\u00e1t\u00e9kok leg\u00fajabb trendjeihez, engedd szabadj\u00e1ra kreativit\u00e1sodat \u00e9s k\u00e9sz\u00edts elk\u00e9peszt\u0151en sz\u00e9p modelleket. \ud83c\udf0d Global \u2699\ufe0f Steam \ud83d\udddd Digit\u00e1lis kulcs.\" \/>\n<meta property=\"og:url\" content=\"https:\/\/prismagamers.com\/hu\/produkt\/model-builder\/\" \/>\n<meta property=\"og:site_name\" content=\"Prismagamers.com\" \/>\n<meta property=\"article:publisher\" content=\"https:\/\/www.facebook.com\/prismagamers\" \/>\n<meta property=\"og:image\" content=\"https:\/\/prismagamers.com\/wp-content\/uploads\/2022\/06\/Model-Builder.webp\" \/>\n\t<meta property=\"og:image:width\" content=\"600\" \/>\n\t<meta property=\"og:image:height\" content=\"800\" \/>\n\t<meta property=\"og:image:type\" content=\"image\/webp\" \/>\n<meta name=\"twitter:card\" content=\"summary_large_image\" \/>\n<meta name=\"twitter:label1\" content=\"Becs\u00fclt olvas\u00e1si id\u0151\" \/>\n\t<meta name=\"twitter:data1\" content=\"2 perc\" \/>\n<script type=\"application\/ld+json\" class=\"yoast-schema-graph\">{\"@context\":\"https:\\\/\\\/schema.org\",\"@graph\":[{\"@type\":\"WebPage\",\"@id\":\"https:\\\/\\\/prismagamers.com\\\/hu\\\/produkt\\\/model-builder\\\/\",\"url\":\"https:\\\/\\\/prismagamers.com\\\/hu\\\/produkt\\\/model-builder\\\/\",\"name\":\"Model Builder - Prismagamers.com\",\"isPartOf\":{\"@id\":\"https:\\\/\\\/prismagamers.com\\\/hu\\\/#website\"},\"primaryImageOfPage\":{\"@id\":\"https:\\\/\\\/prismagamers.com\\\/hu\\\/produkt\\\/model-builder\\\/#primaryimage\"},\"image\":{\"@id\":\"https:\\\/\\\/prismagamers.com\\\/hu\\\/produkt\\\/model-builder\\\/#primaryimage\"},\"thumbnailUrl\":\"https:\\\/\\\/prismagamers.com\\\/wp-content\\\/uploads\\\/2022\\\/06\\\/Model-Builder.webp\",\"datePublished\":\"2022-06-29T22:52:27+00:00\",\"description\":\"Csatlakozz a szimul\u00e1ci\u00f3s j\u00e1t\u00e9kok leg\u00fajabb trendjeihez, engedd szabadj\u00e1ra kreativit\u00e1sodat \u00e9s k\u00e9sz\u00edts elk\u00e9peszt\u0151en sz\u00e9p modelleket. \ud83c\udf0d Global \u2699\ufe0f Steam \ud83d\udddd Digit\u00e1lis kulcs.\",\"breadcrumb\":{\"@id\":\"https:\\\/\\\/prismagamers.com\\\/hu\\\/produkt\\\/model-builder\\\/#breadcrumb\"},\"inLanguage\":\"hu\",\"potentialAction\":[{\"@type\":\"ReadAction\",\"target\":[\"https:\\\/\\\/prismagamers.com\\\/hu\\\/produkt\\\/model-builder\\\/\"]}]},{\"@type\":\"ImageObject\",\"inLanguage\":\"hu\",\"@id\":\"https:\\\/\\\/prismagamers.com\\\/hu\\\/produkt\\\/model-builder\\\/#primaryimage\",\"url\":\"https:\\\/\\\/prismagamers.com\\\/wp-content\\\/uploads\\\/2022\\\/06\\\/Model-Builder.webp\",\"contentUrl\":\"https:\\\/\\\/prismagamers.com\\\/wp-content\\\/uploads\\\/2022\\\/06\\\/Model-Builder.webp\",\"width\":600,\"height\":800},{\"@type\":\"BreadcrumbList\",\"@id\":\"https:\\\/\\\/prismagamers.com\\\/hu\\\/produkt\\\/model-builder\\\/#breadcrumb\",\"itemListElement\":[{\"@type\":\"ListItem\",\"position\":1,\"name\":\"Strona g\u0142\u00f3wna\",\"item\":\"https:\\\/\\\/prismagamers.com\\\/hu\\\/prismagamers\\\/\"},{\"@type\":\"ListItem\",\"position\":2,\"name\":\"Shop\",\"item\":\"https:\\\/\\\/prismagamers.com\\\/hu\\\/shop\\\/\"},{\"@type\":\"ListItem\",\"position\":3,\"name\":\"Model Builder\"}]},{\"@type\":\"WebSite\",\"@id\":\"https:\\\/\\\/prismagamers.com\\\/hu\\\/#website\",\"url\":\"https:\\\/\\\/prismagamers.com\\\/hu\\\/\",\"name\":\"Prismagamers\",\"description\":\"Sklep z grami PC I Sklep klucze Steam\",\"publisher\":{\"@id\":\"https:\\\/\\\/prismagamers.com\\\/hu\\\/#organization\"},\"potentialAction\":[{\"@type\":\"SearchAction\",\"target\":{\"@type\":\"EntryPoint\",\"urlTemplate\":\"https:\\\/\\\/prismagamers.com\\\/hu\\\/?s={search_term_string}\"},\"query-input\":{\"@type\":\"PropertyValueSpecification\",\"valueRequired\":true,\"valueName\":\"search_term_string\"}}],\"inLanguage\":\"hu\"},{\"@type\":\"Organization\",\"@id\":\"https:\\\/\\\/prismagamers.com\\\/hu\\\/#organization\",\"name\":\"Prismagamers\",\"url\":\"https:\\\/\\\/prismagamers.com\\\/hu\\\/\",\"logo\":{\"@type\":\"ImageObject\",\"inLanguage\":\"hu\",\"@id\":\"https:\\\/\\\/prismagamers.com\\\/hu\\\/#\\\/schema\\\/logo\\\/image\\\/\",\"url\":\"https:\\\/\\\/prismagamers.com\\\/wp-content\\\/uploads\\\/2022\\\/04\\\/cropped-logo-Prismagamers-01-scaled-1.jpg\",\"contentUrl\":\"https:\\\/\\\/prismagamers.com\\\/wp-content\\\/uploads\\\/2022\\\/04\\\/cropped-logo-Prismagamers-01-scaled-1.jpg\",\"width\":512,\"height\":512,\"caption\":\"Prismagamers\"},\"image\":{\"@id\":\"https:\\\/\\\/prismagamers.com\\\/hu\\\/#\\\/schema\\\/logo\\\/image\\\/\"},\"sameAs\":[\"https:\\\/\\\/www.facebook.com\\\/prismagamers\",\"https:\\\/\\\/www.instagram.com\\\/prismagamers_grycyfrowe\\\/\"],\"description\":\"Prismagamers.com to dynamiczny sklep z grami cyfrowymi, stworzony z my\u015bl\u0105 o entuzjastach gier wideo. Nasza strona oferuje szerok\u0105 gam\u0119 gier komputerowych, w tym najnowsze tytu\u0142y, dobrze znane klasyki oraz gry stworzone przez niezale\u017cne studia Ca\u0142y czas d\u0105\u017cymy do rozszerzenia naszej oferty. Do\u0142\u0105cz do nas i sta\u0144 si\u0119 cz\u0119\u015bci\u0105 naszej rosn\u0105cej spo\u0142eczno\u015bci graczy!\",\"email\":\"shop@prismagamers.com\",\"telephone\":\"48795541705\",\"legalName\":\"East Caravan Maksym \u017bukow\",\"foundingDate\":\"2012-05-10\",\"vatID\":\"PL8943038612\",\"taxID\":\"PL8943038612\",\"numberOfEmployees\":{\"@type\":\"QuantitativeValue\",\"minValue\":\"11\",\"maxValue\":\"50\"}}]}<\/script>\n<!-- \/ Yoast SEO Premium plugin. -->","yoast_head_json":{"title":"Model Builder - Prismagamers.com","description":"Csatlakozz a szimul\u00e1ci\u00f3s j\u00e1t\u00e9kok leg\u00fajabb trendjeihez, engedd szabadj\u00e1ra kreativit\u00e1sodat \u00e9s k\u00e9sz\u00edts elk\u00e9peszt\u0151en sz\u00e9p modelleket. \ud83c\udf0d Global \u2699\ufe0f Steam \ud83d\udddd Digit\u00e1lis kulcs.","robots":{"index":"index","follow":"follow","max-snippet":"max-snippet:-1","max-image-preview":"max-image-preview:large","max-video-preview":"max-video-preview:-1"},"canonical":"https:\/\/prismagamers.com\/hu\/produkt\/model-builder\/","og_locale":"hu_HU","og_type":"article","og_title":"Model Builder","og_description":"Csatlakozz a szimul\u00e1ci\u00f3s j\u00e1t\u00e9kok leg\u00fajabb trendjeihez, engedd szabadj\u00e1ra kreativit\u00e1sodat \u00e9s k\u00e9sz\u00edts elk\u00e9peszt\u0151en sz\u00e9p modelleket. \ud83c\udf0d Global \u2699\ufe0f Steam \ud83d\udddd Digit\u00e1lis kulcs.","og_url":"https:\/\/prismagamers.com\/hu\/produkt\/model-builder\/","og_site_name":"Prismagamers.com","article_publisher":"https:\/\/www.facebook.com\/prismagamers","og_image":[{"width":600,"height":800,"url":"https:\/\/prismagamers.com\/wp-content\/uploads\/2022\/06\/Model-Builder.webp","type":"image\/webp"}],"twitter_card":"summary_large_image","twitter_misc":{"Becs\u00fclt olvas\u00e1si id\u0151":"2 perc"},"schema":{"@context":"https:\/\/schema.org","@graph":[{"@type":"WebPage","@id":"https:\/\/prismagamers.com\/hu\/produkt\/model-builder\/","url":"https:\/\/prismagamers.com\/hu\/produkt\/model-builder\/","name":"Model Builder - Prismagamers.com","isPartOf":{"@id":"https:\/\/prismagamers.com\/hu\/#website"},"primaryImageOfPage":{"@id":"https:\/\/prismagamers.com\/hu\/produkt\/model-builder\/#primaryimage"},"image":{"@id":"https:\/\/prismagamers.com\/hu\/produkt\/model-builder\/#primaryimage"},"thumbnailUrl":"https:\/\/prismagamers.com\/wp-content\/uploads\/2022\/06\/Model-Builder.webp","datePublished":"2022-06-29T22:52:27+00:00","description":"Csatlakozz a szimul\u00e1ci\u00f3s j\u00e1t\u00e9kok leg\u00fajabb trendjeihez, engedd szabadj\u00e1ra kreativit\u00e1sodat \u00e9s k\u00e9sz\u00edts elk\u00e9peszt\u0151en sz\u00e9p modelleket. \ud83c\udf0d Global \u2699\ufe0f Steam \ud83d\udddd Digit\u00e1lis kulcs.","breadcrumb":{"@id":"https:\/\/prismagamers.com\/hu\/produkt\/model-builder\/#breadcrumb"},"inLanguage":"hu","potentialAction":[{"@type":"ReadAction","target":["https:\/\/prismagamers.com\/hu\/produkt\/model-builder\/"]}]},{"@type":"ImageObject","inLanguage":"hu","@id":"https:\/\/prismagamers.com\/hu\/produkt\/model-builder\/#primaryimage","url":"https:\/\/prismagamers.com\/wp-content\/uploads\/2022\/06\/Model-Builder.webp","contentUrl":"https:\/\/prismagamers.com\/wp-content\/uploads\/2022\/06\/Model-Builder.webp","width":600,"height":800},{"@type":"BreadcrumbList","@id":"https:\/\/prismagamers.com\/hu\/produkt\/model-builder\/#breadcrumb","itemListElement":[{"@type":"ListItem","position":1,"name":"Strona g\u0142\u00f3wna","item":"https:\/\/prismagamers.com\/hu\/prismagamers\/"},{"@type":"ListItem","position":2,"name":"Shop","item":"https:\/\/prismagamers.com\/hu\/shop\/"},{"@type":"ListItem","position":3,"name":"Model Builder"}]},{"@type":"WebSite","@id":"https:\/\/prismagamers.com\/hu\/#website","url":"https:\/\/prismagamers.com\/hu\/","name":"Prismagamers","description":"Sklep z grami PC I Sklep klucze Steam","publisher":{"@id":"https:\/\/prismagamers.com\/hu\/#organization"},"potentialAction":[{"@type":"SearchAction","target":{"@type":"EntryPoint","urlTemplate":"https:\/\/prismagamers.com\/hu\/?s={search_term_string}"},"query-input":{"@type":"PropertyValueSpecification","valueRequired":true,"valueName":"search_term_string"}}],"inLanguage":"hu"},{"@type":"Organization","@id":"https:\/\/prismagamers.com\/hu\/#organization","name":"Prismagamers","url":"https:\/\/prismagamers.com\/hu\/","logo":{"@type":"ImageObject","inLanguage":"hu","@id":"https:\/\/prismagamers.com\/hu\/#\/schema\/logo\/image\/","url":"https:\/\/prismagamers.com\/wp-content\/uploads\/2022\/04\/cropped-logo-Prismagamers-01-scaled-1.jpg","contentUrl":"https:\/\/prismagamers.com\/wp-content\/uploads\/2022\/04\/cropped-logo-Prismagamers-01-scaled-1.jpg","width":512,"height":512,"caption":"Prismagamers"},"image":{"@id":"https:\/\/prismagamers.com\/hu\/#\/schema\/logo\/image\/"},"sameAs":["https:\/\/www.facebook.com\/prismagamers","https:\/\/www.instagram.com\/prismagamers_grycyfrowe\/"],"description":"Prismagamers.com to dynamiczny sklep z grami cyfrowymi, stworzony z my\u015bl\u0105 o entuzjastach gier wideo. Nasza strona oferuje szerok\u0105 gam\u0119 gier komputerowych, w tym najnowsze tytu\u0142y, dobrze znane klasyki oraz gry stworzone przez niezale\u017cne studia Ca\u0142y czas d\u0105\u017cymy do rozszerzenia naszej oferty. Do\u0142\u0105cz do nas i sta\u0144 si\u0119 cz\u0119\u015bci\u0105 naszej rosn\u0105cej spo\u0142eczno\u015bci graczy!","email":"shop@prismagamers.com","telephone":"48795541705","legalName":"East Caravan Maksym \u017bukow","foundingDate":"2012-05-10","vatID":"PL8943038612","taxID":"PL8943038612","numberOfEmployees":{"@type":"QuantitativeValue","minValue":"11","maxValue":"50"}}]}},"_links":{"self":[{"href":"https:\/\/prismagamers.com\/hu\/wp-json\/wp\/v2\/product\/42484","targetHints":{"allow":["GET"]}}],"collection":[{"href":"https:\/\/prismagamers.com\/hu\/wp-json\/wp\/v2\/product"}],"about":[{"href":"https:\/\/prismagamers.com\/hu\/wp-json\/wp\/v2\/types\/product"}],"wp:featuredmedia":[{"embeddable":true,"href":"https:\/\/prismagamers.com\/hu\/wp-json\/wp\/v2\/media\/24846"}],"wp:attachment":[{"href":"https:\/\/prismagamers.com\/hu\/wp-json\/wp\/v2\/media?parent=42484"}],"wp:term":[{"taxonomy":"product_brand","embeddable":true,"href":"https:\/\/prismagamers.com\/hu\/wp-json\/wp\/v2\/product_brand?post=42484"},{"taxonomy":"product_cat","embeddable":true,"href":"https:\/\/prismagamers.com\/hu\/wp-json\/wp\/v2\/product_cat?post=42484"},{"taxonomy":"product_tag","embeddable":true,"href":"https:\/\/prismagamers.com\/hu\/wp-json\/wp\/v2\/product_tag?post=42484"}],"curies":[{"name":"wp","href":"https:\/\/api.w.org\/{rel}","templated":true}]}}