{"id":42485,"date":"2022-06-29T23:46:14","date_gmt":"2022-06-29T21:46:14","guid":{"rendered":"https:\/\/prismagamers.com\/produkt\/metamorphosis\/"},"modified":"2022-06-29T23:46:14","modified_gmt":"2022-06-29T21:46:14","slug":"metamorphosis","status":"publish","type":"product","link":"https:\/\/prismagamers.com\/hu\/produkt\/metamorphosis\/","title":{"rendered":"Metamorphosis"},"content":{"rendered":"<p>Egy reggel arra \u00e9bredsz, hogy el\u00e9g k\u00e9nyelmetlen\u00fcl \u00e1talakult\u00e1l egy apr\u00f3 bog\u00e1rr\u00e1, mik\u00f6zben bar\u00e1todat, J\u00f3zsefet ismeretlen okokb\u00f3l letart\u00f3ztatj\u00e1k.<\/p>\n<p>Ahhoz, hogy megmentsd \u00e9s megtal\u00e1ld a keresett v\u00e1laszokat, el kell indulnod egy olyan vil\u00e1gba, amely hozz\u00e1d hasonl\u00f3an eltorzult \u00e9s ismeretlenn\u00e9 v\u00e1lt.<\/p>\n<p>Az egykor h\u00e9tk\u00f6znapi lakhelyeknek t\u0171n\u0151 \u00e9p\u00fcletek m\u00e1ra kiterjedt akad\u00e1lyp\u00e1ly\u00e1v\u00e1 v\u00e1ltak, \u00e9s neked most a civiliz\u00e1ci\u00f3 r\u00e9seiben tal\u00e1lhat\u00f3 mocskos zugokban kell utat t\u00f6rn\u00f6d magadnak.<\/p>\n<p>Haszn\u00e1ld az eszed, hogy kider\u00edtsd az igazs\u00e1got, \u00e9s visszaszerezd az \u00e9letet, amit valaha ismert\u00e9l.<\/p>\n<p><strong>Jellemz\u0151k<\/strong><\/p>\n<ul class=\"bb_ul features-list\">\n<li>A hiba els\u0151 szem\u00e9ly\u0171 perspekt\u00edv\u00e1ja &#8211; fedezd fel a vil\u00e1got teljesen \u00faj m\u00f3don<\/li>\n<li>Kih\u00edv\u00e1st jelent\u0151 k\u00f6rnyezeti rejtv\u00e9nyek &#8211; parkour, falm\u00e1sz\u00e1s, nyomok keres\u00e9se \u00e9s akad\u00e1lyok lek\u00fczd\u00e9se.<\/li>\n<li>Egyedi mozg\u00e1smechanika &#8211; hozd ki a legt\u00f6bbet a kis testb\u0151l \u00e9s a ragad\u00f3s v\u00e9gtagokb\u00f3l<\/li>\n<li>Egy Kafka k\u00e9pzelete \u00e1ltal ihletett t\u00f6rt\u00e9net &#8211; tal\u00e1lkozz k\u00fcl\u00f6nc karakterekkel egy k\u00e9zzel festett vil\u00e1gban, sz\u00fcrre\u00e1lis t\u00e1jakon kereszt\u00fcl utazva a torony fel\u00e9.<\/li>\n<\/ul>\n<div class=\"URplpg\"><strong>Nyelvek<\/strong>:<\/div>\n<ul>\n<li style=\"list-style-type: none;\">\n<ul class=\"r1iAKt\">\n<li>Angol<\/li>\n<\/ul>\n<\/li>\n<\/ul>\n<div class=\"URplpg\"><strong>M\u0171k\u00f6dik:<\/strong><\/div>\n<ul>\n<li style=\"list-style-type: none;\">\n<ul class=\"r1iAKt\">\n<li>Windows<\/li>\n<\/ul>\n<\/li>\n<\/ul>\n","protected":false},"excerpt":{"rendered":"<p>Lengyel FPP kalandj\u00e1t\u00e9k platform elemekkel, Franz Kafka Az \u00e1tv\u00e1ltoz\u00e1s c\u00edm\u0171 novell\u00e1ja alapj\u00e1n. A j\u00e1t\u00e9kosok egy olyan ember szerep\u00e9be b\u00fajnak, aki \u00e9rthetetlen m\u00f3don rovarr\u00e1 v\u00e1ltozott. <\/p>\n<p>\ud83c\udf0d Glob\u00e1lis<br \/>\n\u2699\ufe0f Steam<br \/>\n\ud83d\udddd Digit\u00e1lis kulcs<\/p>\n","protected":false},"featured_media":24836,"template":"","meta":{"_acf_changed":false,"site-sidebar-layout":"default","site-content-layout":"default","ast-site-content-layout":"default","site-content-style":"default","site-sidebar-style":"default","ast-global-header-display":"","ast-banner-title-visibility":"","ast-main-header-display":"","ast-hfb-above-header-display":"","ast-hfb-below-header-display":"","ast-hfb-mobile-header-display":"","site-post-title":"","ast-breadcrumbs-content":"","ast-featured-img":"","footer-sml-layout":"","ast-disable-related-posts":"","theme-transparent-header-meta":"default","adv-header-id-meta":"","stick-header-meta":"","header-above-stick-meta":"","header-main-stick-meta":"","header-below-stick-meta":"","astra-migrate-meta-layouts":"default","ast-page-background-enabled":"default","ast-page-background-meta":{"desktop":{"background-color":"var(--ast-global-color-4)","background-image":"","background-repeat":"repeat","background-position":"center center","background-size":"auto","background-attachment":"scroll","background-type":"","background-media":"","overlay-type":"","overlay-color":"","overlay-opacity":"","overlay-gradient":""},"tablet":{"background-color":"","background-image":"","background-repeat":"repeat","background-position":"center center","background-size":"auto","background-attachment":"scroll","background-type":"","background-media":"","overlay-type":"","overlay-color":"","overlay-opacity":"","overlay-gradient":""},"mobile":{"background-color":"","background-image":"","background-repeat":"repeat","background-position":"center center","background-size":"auto","background-attachment":"scroll","background-type":"","background-media":"","overlay-type":"","overlay-color":"","overlay-opacity":"","overlay-gradient":""}},"ast-content-background-meta":{"desktop":{"background-color":"var(--ast-global-color-5)","background-image":"","background-repeat":"repeat","background-position":"center center","background-size":"auto","background-attachment":"scroll","background-type":"","background-media":"","overlay-type":"","overlay-color":"","overlay-opacity":"","overlay-gradient":""},"tablet":{"background-color":"var(--ast-global-color-5)","background-image":"","background-repeat":"repeat","background-position":"center center","background-size":"auto","background-attachment":"scroll","background-type":"","background-media":"","overlay-type":"","overlay-color":"","overlay-opacity":"","overlay-gradient":""},"mobile":{"background-color":"var(--ast-global-color-5)","background-image":"","background-repeat":"repeat","background-position":"center center","background-size":"auto","background-attachment":"scroll","background-type":"","background-media":"","overlay-type":"","overlay-color":"","overlay-opacity":"","overlay-gradient":""}}},"product_brand":[],"product_cat":[371,394,365,392,363,378,367],"product_tag":[],"class_list":{"0":"post-42485","1":"product","2":"type-product","3":"status-publish","4":"has-post-thumbnail","6":"product_cat-akcio-jatekok","7":"product_cat-digitalis-jatekok","8":"product_cat-goz","9":"product_cat-india","10":"product_cat-kaland-jatekok","11":"product_cat-minden-digitalis-jatek","12":"product_cat-pc-jatekok","13":"desktop-align-left","14":"tablet-align-left","15":"mobile-align-left","17":"first","18":"instock","19":"shipping-taxable","20":"purchasable","21":"product-type-simple"},"acf":[],"yoast_head":"<!-- This site is optimized with the Yoast SEO Premium plugin v27.4 (Yoast SEO v27.4) - https:\/\/yoast.com\/product\/yoast-seo-premium-wordpress\/ -->\n<title>Metamorphosis - Prismagamers.com<\/title>\n<meta name=\"description\" content=\"Lengyel FPP kalandj\u00e1t\u00e9k platform elemekkel, Franz Kafka Az \u00e1tv\u00e1ltoz\u00e1s c\u00edm\u0171 novell\u00e1ja alapj\u00e1n. A j\u00e1t\u00e9kosok egy olyan ember szerep\u00e9be b\u00fajnak, aki \u00e9rthetetlen m\u00f3don rovarr\u00e1 v\u00e1ltozott.  \ud83c\udf0d Glob\u00e1lis \u2699\ufe0f Steam \ud83d\udddd Digit\u00e1lis kulcs\" \/>\n<meta name=\"robots\" content=\"index, follow, max-snippet:-1, max-image-preview:large, max-video-preview:-1\" \/>\n<link rel=\"canonical\" href=\"https:\/\/prismagamers.com\/hu\/produkt\/metamorphosis\/\" \/>\n<meta property=\"og:locale\" content=\"hu_HU\" \/>\n<meta property=\"og:type\" content=\"article\" \/>\n<meta property=\"og:title\" content=\"Metamorphosis\" \/>\n<meta property=\"og:description\" content=\"Lengyel FPP kalandj\u00e1t\u00e9k platform elemekkel, Franz Kafka Az \u00e1tv\u00e1ltoz\u00e1s c\u00edm\u0171 novell\u00e1ja alapj\u00e1n. A j\u00e1t\u00e9kosok egy olyan ember szerep\u00e9be b\u00fajnak, aki \u00e9rthetetlen m\u00f3don rovarr\u00e1 v\u00e1ltozott.  \ud83c\udf0d Glob\u00e1lis \u2699\ufe0f Steam \ud83d\udddd Digit\u00e1lis kulcs\" \/>\n<meta property=\"og:url\" content=\"https:\/\/prismagamers.com\/hu\/produkt\/metamorphosis\/\" \/>\n<meta property=\"og:site_name\" content=\"Prismagamers.com\" \/>\n<meta property=\"article:publisher\" content=\"https:\/\/www.facebook.com\/prismagamers\" \/>\n<meta property=\"og:image\" content=\"https:\/\/prismagamers.com\/wp-content\/uploads\/2022\/06\/Metamorphosis.jpeg\" \/>\n\t<meta property=\"og:image:width\" content=\"350\" \/>\n\t<meta property=\"og:image:height\" content=\"507\" \/>\n\t<meta property=\"og:image:type\" content=\"image\/jpeg\" \/>\n<meta name=\"twitter:card\" content=\"summary_large_image\" \/>\n<meta name=\"twitter:label1\" content=\"Becs\u00fclt olvas\u00e1si id\u0151\" \/>\n\t<meta name=\"twitter:data1\" content=\"1 perc\" \/>\n<script type=\"application\/ld+json\" class=\"yoast-schema-graph\">{\"@context\":\"https:\\\/\\\/schema.org\",\"@graph\":[{\"@type\":\"WebPage\",\"@id\":\"https:\\\/\\\/prismagamers.com\\\/hu\\\/produkt\\\/metamorphosis\\\/\",\"url\":\"https:\\\/\\\/prismagamers.com\\\/hu\\\/produkt\\\/metamorphosis\\\/\",\"name\":\"Metamorphosis - Prismagamers.com\",\"isPartOf\":{\"@id\":\"https:\\\/\\\/prismagamers.com\\\/hu\\\/#website\"},\"primaryImageOfPage\":{\"@id\":\"https:\\\/\\\/prismagamers.com\\\/hu\\\/produkt\\\/metamorphosis\\\/#primaryimage\"},\"image\":{\"@id\":\"https:\\\/\\\/prismagamers.com\\\/hu\\\/produkt\\\/metamorphosis\\\/#primaryimage\"},\"thumbnailUrl\":\"https:\\\/\\\/prismagamers.com\\\/wp-content\\\/uploads\\\/2022\\\/06\\\/Metamorphosis.jpeg\",\"datePublished\":\"2022-06-29T21:46:14+00:00\",\"description\":\"Lengyel FPP kalandj\u00e1t\u00e9k platform elemekkel, Franz Kafka Az \u00e1tv\u00e1ltoz\u00e1s c\u00edm\u0171 novell\u00e1ja alapj\u00e1n. A j\u00e1t\u00e9kosok egy olyan ember szerep\u00e9be b\u00fajnak, aki \u00e9rthetetlen m\u00f3don rovarr\u00e1 v\u00e1ltozott. \ud83c\udf0d Glob\u00e1lis \u2699\ufe0f Steam \ud83d\udddd Digit\u00e1lis kulcs\",\"breadcrumb\":{\"@id\":\"https:\\\/\\\/prismagamers.com\\\/hu\\\/produkt\\\/metamorphosis\\\/#breadcrumb\"},\"inLanguage\":\"hu\",\"potentialAction\":[{\"@type\":\"ReadAction\",\"target\":[\"https:\\\/\\\/prismagamers.com\\\/hu\\\/produkt\\\/metamorphosis\\\/\"]}]},{\"@type\":\"ImageObject\",\"inLanguage\":\"hu\",\"@id\":\"https:\\\/\\\/prismagamers.com\\\/hu\\\/produkt\\\/metamorphosis\\\/#primaryimage\",\"url\":\"https:\\\/\\\/prismagamers.com\\\/wp-content\\\/uploads\\\/2022\\\/06\\\/Metamorphosis.jpeg\",\"contentUrl\":\"https:\\\/\\\/prismagamers.com\\\/wp-content\\\/uploads\\\/2022\\\/06\\\/Metamorphosis.jpeg\",\"width\":350,\"height\":507},{\"@type\":\"BreadcrumbList\",\"@id\":\"https:\\\/\\\/prismagamers.com\\\/hu\\\/produkt\\\/metamorphosis\\\/#breadcrumb\",\"itemListElement\":[{\"@type\":\"ListItem\",\"position\":1,\"name\":\"Strona g\u0142\u00f3wna\",\"item\":\"https:\\\/\\\/prismagamers.com\\\/hu\\\/prismagamers\\\/\"},{\"@type\":\"ListItem\",\"position\":2,\"name\":\"Shop\",\"item\":\"https:\\\/\\\/prismagamers.com\\\/hu\\\/shop\\\/\"},{\"@type\":\"ListItem\",\"position\":3,\"name\":\"Metamorphosis\"}]},{\"@type\":\"WebSite\",\"@id\":\"https:\\\/\\\/prismagamers.com\\\/hu\\\/#website\",\"url\":\"https:\\\/\\\/prismagamers.com\\\/hu\\\/\",\"name\":\"Prismagamers\",\"description\":\"Sklep z grami PC I Sklep klucze Steam\",\"publisher\":{\"@id\":\"https:\\\/\\\/prismagamers.com\\\/hu\\\/#organization\"},\"potentialAction\":[{\"@type\":\"SearchAction\",\"target\":{\"@type\":\"EntryPoint\",\"urlTemplate\":\"https:\\\/\\\/prismagamers.com\\\/hu\\\/?s={search_term_string}\"},\"query-input\":{\"@type\":\"PropertyValueSpecification\",\"valueRequired\":true,\"valueName\":\"search_term_string\"}}],\"inLanguage\":\"hu\"},{\"@type\":\"Organization\",\"@id\":\"https:\\\/\\\/prismagamers.com\\\/hu\\\/#organization\",\"name\":\"Prismagamers\",\"url\":\"https:\\\/\\\/prismagamers.com\\\/hu\\\/\",\"logo\":{\"@type\":\"ImageObject\",\"inLanguage\":\"hu\",\"@id\":\"https:\\\/\\\/prismagamers.com\\\/hu\\\/#\\\/schema\\\/logo\\\/image\\\/\",\"url\":\"https:\\\/\\\/prismagamers.com\\\/wp-content\\\/uploads\\\/2022\\\/04\\\/cropped-logo-Prismagamers-01-scaled-1.jpg\",\"contentUrl\":\"https:\\\/\\\/prismagamers.com\\\/wp-content\\\/uploads\\\/2022\\\/04\\\/cropped-logo-Prismagamers-01-scaled-1.jpg\",\"width\":512,\"height\":512,\"caption\":\"Prismagamers\"},\"image\":{\"@id\":\"https:\\\/\\\/prismagamers.com\\\/hu\\\/#\\\/schema\\\/logo\\\/image\\\/\"},\"sameAs\":[\"https:\\\/\\\/www.facebook.com\\\/prismagamers\",\"https:\\\/\\\/www.instagram.com\\\/prismagamers_grycyfrowe\\\/\"],\"description\":\"Prismagamers.com to dynamiczny sklep z grami cyfrowymi, stworzony z my\u015bl\u0105 o entuzjastach gier wideo. Nasza strona oferuje szerok\u0105 gam\u0119 gier komputerowych, w tym najnowsze tytu\u0142y, dobrze znane klasyki oraz gry stworzone przez niezale\u017cne studia Ca\u0142y czas d\u0105\u017cymy do rozszerzenia naszej oferty. Do\u0142\u0105cz do nas i sta\u0144 si\u0119 cz\u0119\u015bci\u0105 naszej rosn\u0105cej spo\u0142eczno\u015bci graczy!\",\"email\":\"shop@prismagamers.com\",\"telephone\":\"48795541705\",\"legalName\":\"East Caravan Maksym \u017bukow\",\"foundingDate\":\"2012-05-10\",\"vatID\":\"PL8943038612\",\"taxID\":\"PL8943038612\",\"numberOfEmployees\":{\"@type\":\"QuantitativeValue\",\"minValue\":\"11\",\"maxValue\":\"50\"}}]}<\/script>\n<!-- \/ Yoast SEO Premium plugin. -->","yoast_head_json":{"title":"Metamorphosis - Prismagamers.com","description":"Lengyel FPP kalandj\u00e1t\u00e9k platform elemekkel, Franz Kafka Az \u00e1tv\u00e1ltoz\u00e1s c\u00edm\u0171 novell\u00e1ja alapj\u00e1n. A j\u00e1t\u00e9kosok egy olyan ember szerep\u00e9be b\u00fajnak, aki \u00e9rthetetlen m\u00f3don rovarr\u00e1 v\u00e1ltozott.  \ud83c\udf0d Glob\u00e1lis \u2699\ufe0f Steam \ud83d\udddd Digit\u00e1lis kulcs","robots":{"index":"index","follow":"follow","max-snippet":"max-snippet:-1","max-image-preview":"max-image-preview:large","max-video-preview":"max-video-preview:-1"},"canonical":"https:\/\/prismagamers.com\/hu\/produkt\/metamorphosis\/","og_locale":"hu_HU","og_type":"article","og_title":"Metamorphosis","og_description":"Lengyel FPP kalandj\u00e1t\u00e9k platform elemekkel, Franz Kafka Az \u00e1tv\u00e1ltoz\u00e1s c\u00edm\u0171 novell\u00e1ja alapj\u00e1n. A j\u00e1t\u00e9kosok egy olyan ember szerep\u00e9be b\u00fajnak, aki \u00e9rthetetlen m\u00f3don rovarr\u00e1 v\u00e1ltozott.  \ud83c\udf0d Glob\u00e1lis \u2699\ufe0f Steam \ud83d\udddd Digit\u00e1lis kulcs","og_url":"https:\/\/prismagamers.com\/hu\/produkt\/metamorphosis\/","og_site_name":"Prismagamers.com","article_publisher":"https:\/\/www.facebook.com\/prismagamers","og_image":[{"width":350,"height":507,"url":"https:\/\/prismagamers.com\/wp-content\/uploads\/2022\/06\/Metamorphosis.jpeg","type":"image\/jpeg"}],"twitter_card":"summary_large_image","twitter_misc":{"Becs\u00fclt olvas\u00e1si id\u0151":"1 perc"},"schema":{"@context":"https:\/\/schema.org","@graph":[{"@type":"WebPage","@id":"https:\/\/prismagamers.com\/hu\/produkt\/metamorphosis\/","url":"https:\/\/prismagamers.com\/hu\/produkt\/metamorphosis\/","name":"Metamorphosis - Prismagamers.com","isPartOf":{"@id":"https:\/\/prismagamers.com\/hu\/#website"},"primaryImageOfPage":{"@id":"https:\/\/prismagamers.com\/hu\/produkt\/metamorphosis\/#primaryimage"},"image":{"@id":"https:\/\/prismagamers.com\/hu\/produkt\/metamorphosis\/#primaryimage"},"thumbnailUrl":"https:\/\/prismagamers.com\/wp-content\/uploads\/2022\/06\/Metamorphosis.jpeg","datePublished":"2022-06-29T21:46:14+00:00","description":"Lengyel FPP kalandj\u00e1t\u00e9k platform elemekkel, Franz Kafka Az \u00e1tv\u00e1ltoz\u00e1s c\u00edm\u0171 novell\u00e1ja alapj\u00e1n. A j\u00e1t\u00e9kosok egy olyan ember szerep\u00e9be b\u00fajnak, aki \u00e9rthetetlen m\u00f3don rovarr\u00e1 v\u00e1ltozott. \ud83c\udf0d Glob\u00e1lis \u2699\ufe0f Steam \ud83d\udddd Digit\u00e1lis kulcs","breadcrumb":{"@id":"https:\/\/prismagamers.com\/hu\/produkt\/metamorphosis\/#breadcrumb"},"inLanguage":"hu","potentialAction":[{"@type":"ReadAction","target":["https:\/\/prismagamers.com\/hu\/produkt\/metamorphosis\/"]}]},{"@type":"ImageObject","inLanguage":"hu","@id":"https:\/\/prismagamers.com\/hu\/produkt\/metamorphosis\/#primaryimage","url":"https:\/\/prismagamers.com\/wp-content\/uploads\/2022\/06\/Metamorphosis.jpeg","contentUrl":"https:\/\/prismagamers.com\/wp-content\/uploads\/2022\/06\/Metamorphosis.jpeg","width":350,"height":507},{"@type":"BreadcrumbList","@id":"https:\/\/prismagamers.com\/hu\/produkt\/metamorphosis\/#breadcrumb","itemListElement":[{"@type":"ListItem","position":1,"name":"Strona g\u0142\u00f3wna","item":"https:\/\/prismagamers.com\/hu\/prismagamers\/"},{"@type":"ListItem","position":2,"name":"Shop","item":"https:\/\/prismagamers.com\/hu\/shop\/"},{"@type":"ListItem","position":3,"name":"Metamorphosis"}]},{"@type":"WebSite","@id":"https:\/\/prismagamers.com\/hu\/#website","url":"https:\/\/prismagamers.com\/hu\/","name":"Prismagamers","description":"Sklep z grami PC I Sklep klucze Steam","publisher":{"@id":"https:\/\/prismagamers.com\/hu\/#organization"},"potentialAction":[{"@type":"SearchAction","target":{"@type":"EntryPoint","urlTemplate":"https:\/\/prismagamers.com\/hu\/?s={search_term_string}"},"query-input":{"@type":"PropertyValueSpecification","valueRequired":true,"valueName":"search_term_string"}}],"inLanguage":"hu"},{"@type":"Organization","@id":"https:\/\/prismagamers.com\/hu\/#organization","name":"Prismagamers","url":"https:\/\/prismagamers.com\/hu\/","logo":{"@type":"ImageObject","inLanguage":"hu","@id":"https:\/\/prismagamers.com\/hu\/#\/schema\/logo\/image\/","url":"https:\/\/prismagamers.com\/wp-content\/uploads\/2022\/04\/cropped-logo-Prismagamers-01-scaled-1.jpg","contentUrl":"https:\/\/prismagamers.com\/wp-content\/uploads\/2022\/04\/cropped-logo-Prismagamers-01-scaled-1.jpg","width":512,"height":512,"caption":"Prismagamers"},"image":{"@id":"https:\/\/prismagamers.com\/hu\/#\/schema\/logo\/image\/"},"sameAs":["https:\/\/www.facebook.com\/prismagamers","https:\/\/www.instagram.com\/prismagamers_grycyfrowe\/"],"description":"Prismagamers.com to dynamiczny sklep z grami cyfrowymi, stworzony z my\u015bl\u0105 o entuzjastach gier wideo. Nasza strona oferuje szerok\u0105 gam\u0119 gier komputerowych, w tym najnowsze tytu\u0142y, dobrze znane klasyki oraz gry stworzone przez niezale\u017cne studia Ca\u0142y czas d\u0105\u017cymy do rozszerzenia naszej oferty. Do\u0142\u0105cz do nas i sta\u0144 si\u0119 cz\u0119\u015bci\u0105 naszej rosn\u0105cej spo\u0142eczno\u015bci graczy!","email":"shop@prismagamers.com","telephone":"48795541705","legalName":"East Caravan Maksym \u017bukow","foundingDate":"2012-05-10","vatID":"PL8943038612","taxID":"PL8943038612","numberOfEmployees":{"@type":"QuantitativeValue","minValue":"11","maxValue":"50"}}]}},"_links":{"self":[{"href":"https:\/\/prismagamers.com\/hu\/wp-json\/wp\/v2\/product\/42485","targetHints":{"allow":["GET"]}}],"collection":[{"href":"https:\/\/prismagamers.com\/hu\/wp-json\/wp\/v2\/product"}],"about":[{"href":"https:\/\/prismagamers.com\/hu\/wp-json\/wp\/v2\/types\/product"}],"wp:featuredmedia":[{"embeddable":true,"href":"https:\/\/prismagamers.com\/hu\/wp-json\/wp\/v2\/media\/24836"}],"wp:attachment":[{"href":"https:\/\/prismagamers.com\/hu\/wp-json\/wp\/v2\/media?parent=42485"}],"wp:term":[{"taxonomy":"product_brand","embeddable":true,"href":"https:\/\/prismagamers.com\/hu\/wp-json\/wp\/v2\/product_brand?post=42485"},{"taxonomy":"product_cat","embeddable":true,"href":"https:\/\/prismagamers.com\/hu\/wp-json\/wp\/v2\/product_cat?post=42485"},{"taxonomy":"product_tag","embeddable":true,"href":"https:\/\/prismagamers.com\/hu\/wp-json\/wp\/v2\/product_tag?post=42485"}],"curies":[{"name":"wp","href":"https:\/\/api.w.org\/{rel}","templated":true}]}}