{"id":42486,"date":"2022-06-29T23:38:10","date_gmt":"2022-06-29T21:38:10","guid":{"rendered":"https:\/\/prismagamers.com\/produkt\/megadimension-neptunia-viir\/"},"modified":"2026-03-05T00:00:54","modified_gmt":"2026-03-04T23:00:54","slug":"megadimension-neptunia-viir","status":"publish","type":"product","link":"https:\/\/prismagamers.com\/hu\/produkt\/megadimension-neptunia-viir\/","title":{"rendered":"Megadimension Neptunia VIIR"},"content":{"rendered":"<p><strong>A HTC Vive \u00e9s az Oculus Rift kompatibilis, de a j\u00e1t\u00e9khoz nem sz\u00fcks\u00e9ges VR-szem\u00fcveg.<\/strong><\/p>\n<p>Ez a tov\u00e1bbfejlesztett v\u00e1ltozata a <strong><em>Megadimension Neptunia\u2122 VII<\/em><\/strong> 2016-b\u00f3l egy \u00faj motornak k\u00f6sz\u00f6nhet\u0151en sim\u00e1bb grafik\u00e1t, tov\u00e1bbfejlesztett harcrendszert \u00e9s vadonat\u00faj VR-\u00e9lm\u00e9nyt k\u00edn\u00e1l. Most az \u0151 \u00e9s a te dimenzi\u00f3ik \u00f6sszekapcsol\u00f3dnak! Tal\u00e1lkozz n\u00e9gyszemk\u00f6zt az egyes Gamindustri istenn\u0151kkel, hallgasd meg a besz\u00e9lget\u00e9seiket, \u00e9s figyeld, hogyan reag\u00e1lnak r\u00e1d az istenn\u0151k!  <\/p>\n<p>A Megadimension Neptunia VIIR j\u00e1t\u00e9kban fordul\u00f3alap\u00fa csat\u00e1k v\u00e1rnak r\u00e1d, er\u0151s ellens\u00e9gekkel, puszt\u00edt\u00f3 csapatt\u00e1mad\u00e1sokkal \u00e9s egy\u00e9ni komb\u00f3kkal! Ha v\u00e9ge a csat\u00e1nak, haszn\u00e1ld a VR-t, hogy bej\u00e1rd a dimenzi\u00f3kat, \u00e9s tal\u00e1lkozz szemt\u0151l szembe kedvenc karaktereiddel! R\u00e1ad\u00e1sul h\u00edvd ki bar\u00e1taidat az online dimenzi\u00f3 rangsor kih\u00edv\u00e1sban, \u00e9s n\u00e9zd meg, ki ker\u00fcl a ranglista \u00e9l\u00e9re!  <\/p>\n<p><strong>Jellemz\u0151k:<\/strong><\/p>\n<ul class=\"features-list\">\n<li>Haszn\u00e1ld a k\u00fcl\u00f6nleges VR m\u00f3dot, hogy szem\u00e9lyre szabd a szob\u00e1dat, \u00e9s tal\u00e1lkozz egy az egyben a Neptunia sorozat szerepl\u0151ivel! A PlayStation\u00aeVR headset fokozhatja az \u00e9lm\u00e9nyt, de nem sz\u00fcks\u00e9ges hozz\u00e1. <\/li>\n<li>A fordul\u00f3alap\u00fa csat\u00e1kban a j\u00e1t\u00e9kosok v\u00e1laszthatj\u00e1k ki a fut\u00f3 t\u00e1mad\u00e1sok kombin\u00e1ci\u00f3it, haszn\u00e1lhatj\u00e1k a k\u00e1pr\u00e1zatos specializ\u00e1ci\u00f3kat, \u00e9s m\u00e9g a csapattagokat is elhelyezhetik, hogy puszt\u00edt\u00f3 csapatt\u00e1mad\u00e1sokat hajtsanak v\u00e9gre!<\/li>\n<li>A karakterek k\u00e9t szint\u0171 \u00e1talakul\u00e1st kapnak a taktika egy \u00fajabb r\u00e9teg\u00e9\u00e9rt \u00e9s m\u00e9g er\u0151sebb t\u00e1mad\u00e1sok\u00e9rt!<\/li>\n<li>Cs\u00e1b\u00edt\u00f3 vil\u00e1gokat, gy\u00f6ny\u00f6r\u0171 t\u00e1jakat \u00e9s \u0151r\u00fclt p\u00e1rbesz\u00e9deket \u00e9lhetsz \u00e1t a vadonat\u00faj j\u00e1t\u00e9kmotornak k\u00f6sz\u00f6nhet\u0151en, amely jobb \u00e9s sim\u00e1bb grafik\u00e1t biztos\u00edt!<\/li>\n<\/ul>\n<div class=\"URplpg\"><strong>Nyelvek:<\/strong><\/div>\n<ul>\n<li style=\"list-style-type: none;\">\n<ul class=\"r1iAKt\">\n<li>Angol<\/li>\n<li>Jap\u00e1n<\/li>\n<\/ul>\n<\/li>\n<\/ul>\n<div class=\"URplpg\"><strong>M\u0171k\u00f6dik:<\/strong><\/div>\n<ul>\n<li style=\"list-style-type: none;\">\n<ul class=\"r1iAKt\">\n<li>Windows<\/li>\n<\/ul>\n<\/li>\n<\/ul>\n","protected":false},"excerpt":{"rendered":"<p>A 2016-os Megadimension Neptunia\u2122 VII tov\u00e1bbfejlesztett v\u00e1ltozata sim\u00e1bb grafik\u00e1t k\u00edn\u00e1l \u00faj motorral, tov\u00e1bbfejlesztett harcrendszerrel \u00e9s vadonat\u00faj VR-\u00e9lm\u00e9nnyel. Most az \u0151 \u00e9s a te dimenzi\u00f3ik \u00f6sszekapcsol\u00f3dnak! Tal\u00e1lkozz n\u00e9gyszemk\u00f6zt az egyes Gamindustri istenn\u0151kkel, hallgasd meg a besz\u00e9lget\u00e9seiket, \u00e9s figyeld, hogyan reag\u00e1lnak r\u00e1d az istenn\u0151k!  <\/p>\n<p>\ud83c\udf0d Glob\u00e1lis<br \/>\n\u2699\ufe0f Steam<br \/>\n\ud83d\udddd Digit\u00e1lis kulcs<\/p>\n","protected":false},"featured_media":24831,"template":"","meta":{"_acf_changed":false,"site-sidebar-layout":"default","site-content-layout":"default","ast-site-content-layout":"default","site-content-style":"default","site-sidebar-style":"default","ast-global-header-display":"","ast-banner-title-visibility":"","ast-main-header-display":"","ast-hfb-above-header-display":"","ast-hfb-below-header-display":"","ast-hfb-mobile-header-display":"","site-post-title":"","ast-breadcrumbs-content":"","ast-featured-img":"","footer-sml-layout":"","ast-disable-related-posts":"","theme-transparent-header-meta":"default","adv-header-id-meta":"","stick-header-meta":"","header-above-stick-meta":"","header-main-stick-meta":"","header-below-stick-meta":"","astra-migrate-meta-layouts":"default","ast-page-background-enabled":"default","ast-page-background-meta":{"desktop":{"background-color":"var(--ast-global-color-4)","background-image":"","background-repeat":"repeat","background-position":"center center","background-size":"auto","background-attachment":"scroll","background-type":"","background-media":"","overlay-type":"","overlay-color":"","overlay-opacity":"","overlay-gradient":""},"tablet":{"background-color":"","background-image":"","background-repeat":"repeat","background-position":"center center","background-size":"auto","background-attachment":"scroll","background-type":"","background-media":"","overlay-type":"","overlay-color":"","overlay-opacity":"","overlay-gradient":""},"mobile":{"background-color":"","background-image":"","background-repeat":"repeat","background-position":"center center","background-size":"auto","background-attachment":"scroll","background-type":"","background-media":"","overlay-type":"","overlay-color":"","overlay-opacity":"","overlay-gradient":""}},"ast-content-background-meta":{"desktop":{"background-color":"var(--ast-global-color-5)","background-image":"","background-repeat":"repeat","background-position":"center center","background-size":"auto","background-attachment":"scroll","background-type":"","background-media":"","overlay-type":"","overlay-color":"","overlay-opacity":"","overlay-gradient":""},"tablet":{"background-color":"var(--ast-global-color-5)","background-image":"","background-repeat":"repeat","background-position":"center center","background-size":"auto","background-attachment":"scroll","background-type":"","background-media":"","overlay-type":"","overlay-color":"","overlay-opacity":"","overlay-gradient":""},"mobile":{"background-color":"var(--ast-global-color-5)","background-image":"","background-repeat":"repeat","background-position":"center center","background-size":"auto","background-attachment":"scroll","background-type":"","background-media":"","overlay-type":"","overlay-color":"","overlay-opacity":"","overlay-gradient":""}}},"product_brand":[],"product_cat":[371,369,394,365,464,378,364,386],"product_tag":[370],"class_list":{"0":"post-42486","1":"product","2":"type-product","3":"status-publish","4":"has-post-thumbnail","6":"product_cat-akcio-jatekok","7":"product_cat-csarnokok","8":"product_cat-digitalis-jatekok","9":"product_cat-goz","10":"product_cat-idea-factory-international-hu","11":"product_cat-minden-digitalis-jatek","12":"product_cat-rpg-k","13":"product_cat-strategiai-jatekok","14":"product_tag-pid-tel","15":"desktop-align-left","16":"tablet-align-left","17":"mobile-align-left","19":"first","20":"instock","21":"virtual","22":"purchasable","23":"product-type-simple"},"acf":[],"yoast_head":"<!-- This site is optimized with the Yoast SEO Premium plugin v27.4 (Yoast SEO v27.4) - https:\/\/yoast.com\/product\/yoast-seo-premium-wordpress\/ -->\n<title>Megadimension Neptunia VIIR - Prismagamers.com<\/title>\n<meta name=\"description\" content=\"A 2016-os Megadimension Neptunia\u2122 VII tov\u00e1bbfejlesztett v\u00e1ltozata sim\u00e1bb grafik\u00e1t k\u00edn\u00e1l \u00faj motorral, tov\u00e1bbfejlesztett harcrendszerrel \u00e9s vadonat\u00faj VR-\u00e9lm\u00e9nnyel. Most az \u0151 \u00e9s a te dimenzi\u00f3ik \u00f6sszekapcsol\u00f3dnak! Tal\u00e1lkozz n\u00e9gyszemk\u00f6zt az egyes Gamindustri istenn\u0151kkel, hallgasd meg a besz\u00e9lget\u00e9seiket, \u00e9s figyeld, hogyan reag\u00e1lnak r\u00e1d az istenn\u0151k!  \ud83c\udf0d Glob\u00e1lis \u2699\ufe0f Steam \ud83d\udddd Digit\u00e1lis kulcs\" \/>\n<meta name=\"robots\" content=\"index, follow, max-snippet:-1, max-image-preview:large, max-video-preview:-1\" \/>\n<link rel=\"canonical\" href=\"https:\/\/prismagamers.com\/hu\/produkt\/megadimension-neptunia-viir\/\" \/>\n<meta property=\"og:locale\" content=\"hu_HU\" \/>\n<meta property=\"og:type\" content=\"article\" \/>\n<meta property=\"og:title\" content=\"Megadimension Neptunia VIIR\" \/>\n<meta property=\"og:description\" content=\"A 2016-os Megadimension Neptunia\u2122 VII tov\u00e1bbfejlesztett v\u00e1ltozata sim\u00e1bb grafik\u00e1t k\u00edn\u00e1l \u00faj motorral, tov\u00e1bbfejlesztett harcrendszerrel \u00e9s vadonat\u00faj VR-\u00e9lm\u00e9nnyel. Most az \u0151 \u00e9s a te dimenzi\u00f3ik \u00f6sszekapcsol\u00f3dnak! Tal\u00e1lkozz n\u00e9gyszemk\u00f6zt az egyes Gamindustri istenn\u0151kkel, hallgasd meg a besz\u00e9lget\u00e9seiket, \u00e9s figyeld, hogyan reag\u00e1lnak r\u00e1d az istenn\u0151k!  \ud83c\udf0d Glob\u00e1lis \u2699\ufe0f Steam \ud83d\udddd Digit\u00e1lis kulcs\" \/>\n<meta property=\"og:url\" content=\"https:\/\/prismagamers.com\/hu\/produkt\/megadimension-neptunia-viir\/\" \/>\n<meta property=\"og:site_name\" content=\"Prismagamers.com\" \/>\n<meta property=\"article:publisher\" content=\"https:\/\/www.facebook.com\/prismagamers\" \/>\n<meta property=\"article:modified_time\" content=\"2026-03-04T23:00:54+00:00\" \/>\n<meta property=\"og:image\" content=\"https:\/\/prismagamers.com\/wp-content\/uploads\/2022\/06\/Megadimension-Neptunia-VIIR-VR-e1727183644296.jpeg\" \/>\n\t<meta property=\"og:image:width\" content=\"311\" \/>\n\t<meta property=\"og:image:height\" content=\"450\" \/>\n\t<meta property=\"og:image:type\" content=\"image\/jpeg\" \/>\n<meta name=\"twitter:card\" content=\"summary_large_image\" \/>\n<meta name=\"twitter:label1\" content=\"Becs\u00fclt olvas\u00e1si id\u0151\" \/>\n\t<meta name=\"twitter:data1\" content=\"2 perc\" \/>\n<script type=\"application\/ld+json\" class=\"yoast-schema-graph\">{\"@context\":\"https:\\\/\\\/schema.org\",\"@graph\":[{\"@type\":\"WebPage\",\"@id\":\"https:\\\/\\\/prismagamers.com\\\/hu\\\/produkt\\\/megadimension-neptunia-viir\\\/\",\"url\":\"https:\\\/\\\/prismagamers.com\\\/hu\\\/produkt\\\/megadimension-neptunia-viir\\\/\",\"name\":\"Megadimension Neptunia VIIR - Prismagamers.com\",\"isPartOf\":{\"@id\":\"https:\\\/\\\/prismagamers.com\\\/hu\\\/#website\"},\"primaryImageOfPage\":{\"@id\":\"https:\\\/\\\/prismagamers.com\\\/hu\\\/produkt\\\/megadimension-neptunia-viir\\\/#primaryimage\"},\"image\":{\"@id\":\"https:\\\/\\\/prismagamers.com\\\/hu\\\/produkt\\\/megadimension-neptunia-viir\\\/#primaryimage\"},\"thumbnailUrl\":\"https:\\\/\\\/prismagamers.com\\\/wp-content\\\/uploads\\\/2022\\\/06\\\/Megadimension-Neptunia-VIIR-VR-e1727183644296.jpeg\",\"datePublished\":\"2022-06-29T21:38:10+00:00\",\"dateModified\":\"2026-03-04T23:00:54+00:00\",\"description\":\"A 2016-os Megadimension Neptunia\u2122 VII tov\u00e1bbfejlesztett v\u00e1ltozata sim\u00e1bb grafik\u00e1t k\u00edn\u00e1l \u00faj motorral, tov\u00e1bbfejlesztett harcrendszerrel \u00e9s vadonat\u00faj VR-\u00e9lm\u00e9nnyel. Most az \u0151 \u00e9s a te dimenzi\u00f3ik \u00f6sszekapcsol\u00f3dnak! Tal\u00e1lkozz n\u00e9gyszemk\u00f6zt az egyes Gamindustri istenn\u0151kkel, hallgasd meg a besz\u00e9lget\u00e9seiket, \u00e9s figyeld, hogyan reag\u00e1lnak r\u00e1d az istenn\u0151k! \ud83c\udf0d Glob\u00e1lis \u2699\ufe0f Steam \ud83d\udddd Digit\u00e1lis kulcs\",\"breadcrumb\":{\"@id\":\"https:\\\/\\\/prismagamers.com\\\/hu\\\/produkt\\\/megadimension-neptunia-viir\\\/#breadcrumb\"},\"inLanguage\":\"hu\",\"potentialAction\":[{\"@type\":\"ReadAction\",\"target\":[\"https:\\\/\\\/prismagamers.com\\\/hu\\\/produkt\\\/megadimension-neptunia-viir\\\/\"]}]},{\"@type\":\"ImageObject\",\"inLanguage\":\"hu\",\"@id\":\"https:\\\/\\\/prismagamers.com\\\/hu\\\/produkt\\\/megadimension-neptunia-viir\\\/#primaryimage\",\"url\":\"https:\\\/\\\/prismagamers.com\\\/wp-content\\\/uploads\\\/2022\\\/06\\\/Megadimension-Neptunia-VIIR-VR-e1727183644296.jpeg\",\"contentUrl\":\"https:\\\/\\\/prismagamers.com\\\/wp-content\\\/uploads\\\/2022\\\/06\\\/Megadimension-Neptunia-VIIR-VR-e1727183644296.jpeg\",\"width\":311,\"height\":450},{\"@type\":\"BreadcrumbList\",\"@id\":\"https:\\\/\\\/prismagamers.com\\\/hu\\\/produkt\\\/megadimension-neptunia-viir\\\/#breadcrumb\",\"itemListElement\":[{\"@type\":\"ListItem\",\"position\":1,\"name\":\"Strona g\u0142\u00f3wna\",\"item\":\"https:\\\/\\\/prismagamers.com\\\/hu\\\/prismagamers\\\/\"},{\"@type\":\"ListItem\",\"position\":2,\"name\":\"Shop\",\"item\":\"https:\\\/\\\/prismagamers.com\\\/hu\\\/shop\\\/\"},{\"@type\":\"ListItem\",\"position\":3,\"name\":\"Megadimension Neptunia VIIR\"}]},{\"@type\":\"WebSite\",\"@id\":\"https:\\\/\\\/prismagamers.com\\\/hu\\\/#website\",\"url\":\"https:\\\/\\\/prismagamers.com\\\/hu\\\/\",\"name\":\"Prismagamers\",\"description\":\"Sklep z grami PC I Sklep klucze Steam\",\"publisher\":{\"@id\":\"https:\\\/\\\/prismagamers.com\\\/hu\\\/#organization\"},\"potentialAction\":[{\"@type\":\"SearchAction\",\"target\":{\"@type\":\"EntryPoint\",\"urlTemplate\":\"https:\\\/\\\/prismagamers.com\\\/hu\\\/?s={search_term_string}\"},\"query-input\":{\"@type\":\"PropertyValueSpecification\",\"valueRequired\":true,\"valueName\":\"search_term_string\"}}],\"inLanguage\":\"hu\"},{\"@type\":\"Organization\",\"@id\":\"https:\\\/\\\/prismagamers.com\\\/hu\\\/#organization\",\"name\":\"Prismagamers\",\"url\":\"https:\\\/\\\/prismagamers.com\\\/hu\\\/\",\"logo\":{\"@type\":\"ImageObject\",\"inLanguage\":\"hu\",\"@id\":\"https:\\\/\\\/prismagamers.com\\\/hu\\\/#\\\/schema\\\/logo\\\/image\\\/\",\"url\":\"https:\\\/\\\/prismagamers.com\\\/wp-content\\\/uploads\\\/2022\\\/04\\\/cropped-logo-Prismagamers-01-scaled-1.jpg\",\"contentUrl\":\"https:\\\/\\\/prismagamers.com\\\/wp-content\\\/uploads\\\/2022\\\/04\\\/cropped-logo-Prismagamers-01-scaled-1.jpg\",\"width\":512,\"height\":512,\"caption\":\"Prismagamers\"},\"image\":{\"@id\":\"https:\\\/\\\/prismagamers.com\\\/hu\\\/#\\\/schema\\\/logo\\\/image\\\/\"},\"sameAs\":[\"https:\\\/\\\/www.facebook.com\\\/prismagamers\",\"https:\\\/\\\/www.instagram.com\\\/prismagamers_grycyfrowe\\\/\"],\"description\":\"Prismagamers.com to dynamiczny sklep z grami cyfrowymi, stworzony z my\u015bl\u0105 o entuzjastach gier wideo. Nasza strona oferuje szerok\u0105 gam\u0119 gier komputerowych, w tym najnowsze tytu\u0142y, dobrze znane klasyki oraz gry stworzone przez niezale\u017cne studia Ca\u0142y czas d\u0105\u017cymy do rozszerzenia naszej oferty. Do\u0142\u0105cz do nas i sta\u0144 si\u0119 cz\u0119\u015bci\u0105 naszej rosn\u0105cej spo\u0142eczno\u015bci graczy!\",\"email\":\"shop@prismagamers.com\",\"telephone\":\"48795541705\",\"legalName\":\"East Caravan Maksym \u017bukow\",\"foundingDate\":\"2012-05-10\",\"vatID\":\"PL8943038612\",\"taxID\":\"PL8943038612\",\"numberOfEmployees\":{\"@type\":\"QuantitativeValue\",\"minValue\":\"11\",\"maxValue\":\"50\"}}]}<\/script>\n<!-- \/ Yoast SEO Premium plugin. -->","yoast_head_json":{"title":"Megadimension Neptunia VIIR - Prismagamers.com","description":"A 2016-os Megadimension Neptunia\u2122 VII tov\u00e1bbfejlesztett v\u00e1ltozata sim\u00e1bb grafik\u00e1t k\u00edn\u00e1l \u00faj motorral, tov\u00e1bbfejlesztett harcrendszerrel \u00e9s vadonat\u00faj VR-\u00e9lm\u00e9nnyel. Most az \u0151 \u00e9s a te dimenzi\u00f3ik \u00f6sszekapcsol\u00f3dnak! Tal\u00e1lkozz n\u00e9gyszemk\u00f6zt az egyes Gamindustri istenn\u0151kkel, hallgasd meg a besz\u00e9lget\u00e9seiket, \u00e9s figyeld, hogyan reag\u00e1lnak r\u00e1d az istenn\u0151k!  \ud83c\udf0d Glob\u00e1lis \u2699\ufe0f Steam \ud83d\udddd Digit\u00e1lis kulcs","robots":{"index":"index","follow":"follow","max-snippet":"max-snippet:-1","max-image-preview":"max-image-preview:large","max-video-preview":"max-video-preview:-1"},"canonical":"https:\/\/prismagamers.com\/hu\/produkt\/megadimension-neptunia-viir\/","og_locale":"hu_HU","og_type":"article","og_title":"Megadimension Neptunia VIIR","og_description":"A 2016-os Megadimension Neptunia\u2122 VII tov\u00e1bbfejlesztett v\u00e1ltozata sim\u00e1bb grafik\u00e1t k\u00edn\u00e1l \u00faj motorral, tov\u00e1bbfejlesztett harcrendszerrel \u00e9s vadonat\u00faj VR-\u00e9lm\u00e9nnyel. Most az \u0151 \u00e9s a te dimenzi\u00f3ik \u00f6sszekapcsol\u00f3dnak! Tal\u00e1lkozz n\u00e9gyszemk\u00f6zt az egyes Gamindustri istenn\u0151kkel, hallgasd meg a besz\u00e9lget\u00e9seiket, \u00e9s figyeld, hogyan reag\u00e1lnak r\u00e1d az istenn\u0151k!  \ud83c\udf0d Glob\u00e1lis \u2699\ufe0f Steam \ud83d\udddd Digit\u00e1lis kulcs","og_url":"https:\/\/prismagamers.com\/hu\/produkt\/megadimension-neptunia-viir\/","og_site_name":"Prismagamers.com","article_publisher":"https:\/\/www.facebook.com\/prismagamers","article_modified_time":"2026-03-04T23:00:54+00:00","og_image":[{"width":311,"height":450,"url":"https:\/\/prismagamers.com\/wp-content\/uploads\/2022\/06\/Megadimension-Neptunia-VIIR-VR-e1727183644296.jpeg","type":"image\/jpeg"}],"twitter_card":"summary_large_image","twitter_misc":{"Becs\u00fclt olvas\u00e1si id\u0151":"2 perc"},"schema":{"@context":"https:\/\/schema.org","@graph":[{"@type":"WebPage","@id":"https:\/\/prismagamers.com\/hu\/produkt\/megadimension-neptunia-viir\/","url":"https:\/\/prismagamers.com\/hu\/produkt\/megadimension-neptunia-viir\/","name":"Megadimension Neptunia VIIR - Prismagamers.com","isPartOf":{"@id":"https:\/\/prismagamers.com\/hu\/#website"},"primaryImageOfPage":{"@id":"https:\/\/prismagamers.com\/hu\/produkt\/megadimension-neptunia-viir\/#primaryimage"},"image":{"@id":"https:\/\/prismagamers.com\/hu\/produkt\/megadimension-neptunia-viir\/#primaryimage"},"thumbnailUrl":"https:\/\/prismagamers.com\/wp-content\/uploads\/2022\/06\/Megadimension-Neptunia-VIIR-VR-e1727183644296.jpeg","datePublished":"2022-06-29T21:38:10+00:00","dateModified":"2026-03-04T23:00:54+00:00","description":"A 2016-os Megadimension Neptunia\u2122 VII tov\u00e1bbfejlesztett v\u00e1ltozata sim\u00e1bb grafik\u00e1t k\u00edn\u00e1l \u00faj motorral, tov\u00e1bbfejlesztett harcrendszerrel \u00e9s vadonat\u00faj VR-\u00e9lm\u00e9nnyel. Most az \u0151 \u00e9s a te dimenzi\u00f3ik \u00f6sszekapcsol\u00f3dnak! Tal\u00e1lkozz n\u00e9gyszemk\u00f6zt az egyes Gamindustri istenn\u0151kkel, hallgasd meg a besz\u00e9lget\u00e9seiket, \u00e9s figyeld, hogyan reag\u00e1lnak r\u00e1d az istenn\u0151k! \ud83c\udf0d Glob\u00e1lis \u2699\ufe0f Steam \ud83d\udddd Digit\u00e1lis kulcs","breadcrumb":{"@id":"https:\/\/prismagamers.com\/hu\/produkt\/megadimension-neptunia-viir\/#breadcrumb"},"inLanguage":"hu","potentialAction":[{"@type":"ReadAction","target":["https:\/\/prismagamers.com\/hu\/produkt\/megadimension-neptunia-viir\/"]}]},{"@type":"ImageObject","inLanguage":"hu","@id":"https:\/\/prismagamers.com\/hu\/produkt\/megadimension-neptunia-viir\/#primaryimage","url":"https:\/\/prismagamers.com\/wp-content\/uploads\/2022\/06\/Megadimension-Neptunia-VIIR-VR-e1727183644296.jpeg","contentUrl":"https:\/\/prismagamers.com\/wp-content\/uploads\/2022\/06\/Megadimension-Neptunia-VIIR-VR-e1727183644296.jpeg","width":311,"height":450},{"@type":"BreadcrumbList","@id":"https:\/\/prismagamers.com\/hu\/produkt\/megadimension-neptunia-viir\/#breadcrumb","itemListElement":[{"@type":"ListItem","position":1,"name":"Strona g\u0142\u00f3wna","item":"https:\/\/prismagamers.com\/hu\/prismagamers\/"},{"@type":"ListItem","position":2,"name":"Shop","item":"https:\/\/prismagamers.com\/hu\/shop\/"},{"@type":"ListItem","position":3,"name":"Megadimension Neptunia VIIR"}]},{"@type":"WebSite","@id":"https:\/\/prismagamers.com\/hu\/#website","url":"https:\/\/prismagamers.com\/hu\/","name":"Prismagamers","description":"Sklep z grami PC I Sklep klucze Steam","publisher":{"@id":"https:\/\/prismagamers.com\/hu\/#organization"},"potentialAction":[{"@type":"SearchAction","target":{"@type":"EntryPoint","urlTemplate":"https:\/\/prismagamers.com\/hu\/?s={search_term_string}"},"query-input":{"@type":"PropertyValueSpecification","valueRequired":true,"valueName":"search_term_string"}}],"inLanguage":"hu"},{"@type":"Organization","@id":"https:\/\/prismagamers.com\/hu\/#organization","name":"Prismagamers","url":"https:\/\/prismagamers.com\/hu\/","logo":{"@type":"ImageObject","inLanguage":"hu","@id":"https:\/\/prismagamers.com\/hu\/#\/schema\/logo\/image\/","url":"https:\/\/prismagamers.com\/wp-content\/uploads\/2022\/04\/cropped-logo-Prismagamers-01-scaled-1.jpg","contentUrl":"https:\/\/prismagamers.com\/wp-content\/uploads\/2022\/04\/cropped-logo-Prismagamers-01-scaled-1.jpg","width":512,"height":512,"caption":"Prismagamers"},"image":{"@id":"https:\/\/prismagamers.com\/hu\/#\/schema\/logo\/image\/"},"sameAs":["https:\/\/www.facebook.com\/prismagamers","https:\/\/www.instagram.com\/prismagamers_grycyfrowe\/"],"description":"Prismagamers.com to dynamiczny sklep z grami cyfrowymi, stworzony z my\u015bl\u0105 o entuzjastach gier wideo. Nasza strona oferuje szerok\u0105 gam\u0119 gier komputerowych, w tym najnowsze tytu\u0142y, dobrze znane klasyki oraz gry stworzone przez niezale\u017cne studia Ca\u0142y czas d\u0105\u017cymy do rozszerzenia naszej oferty. Do\u0142\u0105cz do nas i sta\u0144 si\u0119 cz\u0119\u015bci\u0105 naszej rosn\u0105cej spo\u0142eczno\u015bci graczy!","email":"shop@prismagamers.com","telephone":"48795541705","legalName":"East Caravan Maksym \u017bukow","foundingDate":"2012-05-10","vatID":"PL8943038612","taxID":"PL8943038612","numberOfEmployees":{"@type":"QuantitativeValue","minValue":"11","maxValue":"50"}}]}},"_links":{"self":[{"href":"https:\/\/prismagamers.com\/hu\/wp-json\/wp\/v2\/product\/42486","targetHints":{"allow":["GET"]}}],"collection":[{"href":"https:\/\/prismagamers.com\/hu\/wp-json\/wp\/v2\/product"}],"about":[{"href":"https:\/\/prismagamers.com\/hu\/wp-json\/wp\/v2\/types\/product"}],"wp:featuredmedia":[{"embeddable":true,"href":"https:\/\/prismagamers.com\/hu\/wp-json\/wp\/v2\/media\/24831"}],"wp:attachment":[{"href":"https:\/\/prismagamers.com\/hu\/wp-json\/wp\/v2\/media?parent=42486"}],"wp:term":[{"taxonomy":"product_brand","embeddable":true,"href":"https:\/\/prismagamers.com\/hu\/wp-json\/wp\/v2\/product_brand?post=42486"},{"taxonomy":"product_cat","embeddable":true,"href":"https:\/\/prismagamers.com\/hu\/wp-json\/wp\/v2\/product_cat?post=42486"},{"taxonomy":"product_tag","embeddable":true,"href":"https:\/\/prismagamers.com\/hu\/wp-json\/wp\/v2\/product_tag?post=42486"}],"curies":[{"name":"wp","href":"https:\/\/api.w.org\/{rel}","templated":true}]}}